{"id":8038,"date":"2021-07-05T18:18:53","date_gmt":"2023-07-28T17:52:52","guid":{"rendered":"https:\/\/www.sempertea.eu\/verde-te-organico-i-tubo-de-ensayo\/"},"modified":"2024-01-22T13:35:09","modified_gmt":"2024-01-22T12:35:09","slug":"best-organic-green-tea-for-weight-loss","status":"publish","type":"product","link":"https:\/\/www.sempertea.eu\/en\/best-organic-green-tea-for-weight-loss\/","title":{"rendered":"GREEN organic tea I loose leaf tea in glass tube"},"content":{"rendered":"<h2>Green tea can assist in weight loss due to several reasons:<\/h2>\n<p>1. Boosts Metabolism: Green tea contains catechins, such as EGCG (epigallocatechin gallate), which can increase the body&#8217;s metabolism. A higher metabolic rate helps burn calories more efficiently, leading to potential weight loss.<\/p>\n<p>2. Thermogenic Effect: Green tea has a thermogenic effect, meaning it can increase body heat and energy expenditure. This effect contributes to the burning of fat and calories.<\/p>\n<p>3. Appetite Suppression: Some studies suggest that green tea can help reduce appetite and food cravings, which may lead to decreased calorie intake and support weight loss efforts.<\/p>\n<p>4. Fat Oxidation: Green tea may enhance fat oxidation, encouraging the body to use stored fat as a source of energy during physical activities.<\/p>\n<p>5. Blood Sugar Regulation: Green tea can help regulate blood sugar levels, preventing spikes and crashes that can lead to overeating and weight gain.<\/p>\n<p>While green tea can be a helpful addition to a healthy diet and active lifestyle, it&#8217;s essential to remember that weight loss is a complex process influenced by various factors. Incorporating green tea into a balanced approach to diet and exercise may contribute to your weight loss journey.<\/p>\n","protected":false},"excerpt":{"rendered":"<p><strong>Pure, delicate and aromatic<\/strong><\/p>\n<p>Beautiful glass test tubes filled with Green organic loose leaf tea. A modern, stylish and sustainable way to present tea. Each glass tube makes approximately 6-8 cups. Beautiful and original as a corporate gift or wedding detail.<\/p>\n","protected":false},"featured_media":4101,"comment_status":"open","ping_status":"closed","template":"","meta":[],"product_brand":[],"product_cat":[163,154,189,155,195,165,160,161,162],"product_tag":[],"class_list":{"0":"post-8038","1":"product","2":"type-product","3":"status-publish","4":"has-post-thumbnail","6":"product_cat-product-brochure-of-tea","7":"product_cat-unique-exclusive-tea-collections","8":"product_cat-whole-leaf-tea-in-glass-jar-tubes-organic","9":"product_cat-types-of-tea-packaging","10":"product_cat-buy-tea-gift-for-tea-lover-organic-glass-tube","11":"product_cat-buy-green-tea-online-at-best-prices-high-quality","12":"product_cat-teas-and-tisanes-organic-buy-online","13":"product_cat-exclusive-tea-line","14":"product_cat-todos-en","16":"first","17":"instock","18":"shipping-taxable","19":"purchasable","20":"product-type-simple"},"yoast_head":"<!-- This site is optimized with the Yoast SEO Premium plugin v27.3 (Yoast SEO v27.4) - https:\/\/yoast.com\/product\/yoast-seo-premium-wordpress\/ -->\n<title>Sip &amp; Slim: Unleash Power of the best Organic Green Tea for Weight Loss<\/title>\n<meta name=\"description\" content=\"Uncover the best organic green tea for weight loss. Revitalize your body and mind with our premium selection. Shop now for a healthier you!\" \/>\n<meta name=\"robots\" content=\"index, follow, max-snippet:-1, max-image-preview:large, max-video-preview:-1\" \/>\n<link rel=\"canonical\" href=\"https:\/\/www.sempertea.eu\/comprar-tubo-de-ensayo-rellenos-de-te-verde\/\" \/>\n<meta property=\"og:locale\" content=\"en_US\" \/>\n<meta property=\"og:type\" content=\"article\" \/>\n<meta property=\"og:title\" content=\"GREEN organic tea I loose leaf tea in glass tube\" \/>\n<meta property=\"og:description\" content=\"Uncover the best organic green tea for weight loss. Revitalize your body and mind with our premium selection. Shop now for a healthier you!\" \/>\n<meta property=\"og:url\" content=\"https:\/\/www.sempertea.eu\/comprar-tubo-de-ensayo-rellenos-de-te-verde\/\" \/>\n<meta property=\"og:site_name\" content=\"Semper Tea | Mayorista y fabricante de T\u00e9s e Infusiones para hoteles, restaurantes y bares\" \/>\n<meta property=\"article:modified_time\" content=\"2024-01-22T12:35:09+00:00\" \/>\n<meta property=\"og:image\" content=\"https:\/\/www.sempertea.eu\/wp-content\/uploads\/2021\/07\/comprar-tubo-de-ensayo-rellenos-de-te-verde-semper-tea.jpg\" \/>\n<meta name=\"twitter:card\" content=\"summary_large_image\" \/>\n<meta name=\"twitter:image\" content=\"https:\/\/www.sempertea.eu\/wp-content\/uploads\/2021\/07\/comprar-tubo-de-ensayo-rellenos-de-te-verde-semper-tea.jpg\" \/>\n<meta name=\"twitter:label1\" content=\"Est. reading time\" \/>\n\t<meta name=\"twitter:data1\" content=\"1 minute\" \/>\n<script type=\"application\/ld+json\" class=\"yoast-schema-graph\">{\"@context\":\"https:\\\/\\\/schema.org\",\"@graph\":[{\"@type\":\"WebPage\",\"@id\":\"https:\\\/\\\/www.sempertea.eu\\\/comprar-tubo-de-ensayo-rellenos-de-te-verde\\\/\",\"url\":\"https:\\\/\\\/www.sempertea.eu\\\/comprar-tubo-de-ensayo-rellenos-de-te-verde\\\/\",\"name\":\"Sip & Slim: Unleash Power of the best Organic Green Tea for Weight Loss\",\"isPartOf\":{\"@id\":\"https:\\\/\\\/www.sempertea.eu\\\/#website\"},\"primaryImageOfPage\":{\"@id\":\"https:\\\/\\\/www.sempertea.eu\\\/comprar-tubo-de-ensayo-rellenos-de-te-verde\\\/#primaryimage\"},\"image\":{\"@id\":\"https:\\\/\\\/www.sempertea.eu\\\/comprar-tubo-de-ensayo-rellenos-de-te-verde\\\/#primaryimage\"},\"thumbnailUrl\":\"https:\\\/\\\/www.sempertea.eu\\\/wp-content\\\/uploads\\\/2021\\\/07\\\/comprar-tubo-de-ensayo-rellenos-de-te-verde-semper-tea.jpg\",\"datePublished\":\"2023-07-28T17:52:52+00:00\",\"dateModified\":\"2024-01-22T12:35:09+00:00\",\"description\":\"Uncover the best organic green tea for weight loss. Revitalize your body and mind with our premium selection. Shop now for a healthier you!\",\"breadcrumb\":{\"@id\":\"https:\\\/\\\/www.sempertea.eu\\\/comprar-tubo-de-ensayo-rellenos-de-te-verde\\\/#breadcrumb\"},\"inLanguage\":\"en-US\",\"potentialAction\":[{\"@type\":\"ReadAction\",\"target\":[\"https:\\\/\\\/www.sempertea.eu\\\/comprar-tubo-de-ensayo-rellenos-de-te-verde\\\/\"]}]},{\"@type\":\"ImageObject\",\"inLanguage\":\"en-US\",\"@id\":\"https:\\\/\\\/www.sempertea.eu\\\/comprar-tubo-de-ensayo-rellenos-de-te-verde\\\/#primaryimage\",\"url\":\"https:\\\/\\\/www.sempertea.eu\\\/wp-content\\\/uploads\\\/2021\\\/07\\\/comprar-tubo-de-ensayo-rellenos-de-te-verde-semper-tea.jpg\",\"contentUrl\":\"https:\\\/\\\/www.sempertea.eu\\\/wp-content\\\/uploads\\\/2021\\\/07\\\/comprar-tubo-de-ensayo-rellenos-de-te-verde-semper-tea.jpg\",\"width\":1000,\"height\":1000,\"caption\":\"Presentamos un formato moderno y con estilo que llama la atenci\u00f3n. T\u00e9 verde org\u00e1nico en tubo de ensayo en cristal de alta calidad con tap\u00f3n de corcho. Capacidad para 6 hasta 8 dosis de t\u00e9.\"},{\"@type\":\"BreadcrumbList\",\"@id\":\"https:\\\/\\\/www.sempertea.eu\\\/comprar-tubo-de-ensayo-rellenos-de-te-verde\\\/#breadcrumb\",\"itemListElement\":[{\"@type\":\"ListItem\",\"position\":1,\"name\":\"Portada\",\"item\":\"https:\\\/\\\/www.sempertea.eu\\\/en\\\/\"},{\"@type\":\"ListItem\",\"position\":2,\"name\":\"Shop\",\"item\":\"https:\\\/\\\/www.sempertea.eu\\\/en\\\/shop\\\/\"},{\"@type\":\"ListItem\",\"position\":3,\"name\":\"GREEN organic tea I loose leaf tea in glass tube\"}]},{\"@type\":\"WebSite\",\"@id\":\"https:\\\/\\\/www.sempertea.eu\\\/#website\",\"url\":\"https:\\\/\\\/www.sempertea.eu\\\/\",\"name\":\"Semper Tea | Mayorista y fabricante de T\u00e9s e Infusiones para hoteles, restaurantes y bares\",\"description\":\"T\u00e9s e infusiones para hosteler\u00eda, hoteler\u00eda y comercio\",\"potentialAction\":[{\"@type\":\"SearchAction\",\"target\":{\"@type\":\"EntryPoint\",\"urlTemplate\":\"https:\\\/\\\/www.sempertea.eu\\\/?s={search_term_string}\"},\"query-input\":{\"@type\":\"PropertyValueSpecification\",\"valueRequired\":true,\"valueName\":\"search_term_string\"}}],\"inLanguage\":\"en-US\"}]}<\/script>\n<!-- \/ Yoast SEO Premium plugin. -->","yoast_head_json":{"title":"Sip & Slim: Unleash Power of the best Organic Green Tea for Weight Loss","description":"Uncover the best organic green tea for weight loss. Revitalize your body and mind with our premium selection. Shop now for a healthier you!","robots":{"index":"index","follow":"follow","max-snippet":"max-snippet:-1","max-image-preview":"max-image-preview:large","max-video-preview":"max-video-preview:-1"},"canonical":"https:\/\/www.sempertea.eu\/comprar-tubo-de-ensayo-rellenos-de-te-verde\/","og_locale":"en_US","og_type":"article","og_title":"GREEN organic tea I loose leaf tea in glass tube","og_description":"Uncover the best organic green tea for weight loss. Revitalize your body and mind with our premium selection. Shop now for a healthier you!","og_url":"https:\/\/www.sempertea.eu\/comprar-tubo-de-ensayo-rellenos-de-te-verde\/","og_site_name":"Semper Tea | Mayorista y fabricante de T\u00e9s e Infusiones para hoteles, restaurantes y bares","article_modified_time":"2024-01-22T12:35:09+00:00","og_image":[{"url":"https:\/\/www.sempertea.eu\/wp-content\/uploads\/2021\/07\/comprar-tubo-de-ensayo-rellenos-de-te-verde-semper-tea.jpg","type":"","width":"","height":""}],"twitter_card":"summary_large_image","twitter_image":"https:\/\/www.sempertea.eu\/wp-content\/uploads\/2021\/07\/comprar-tubo-de-ensayo-rellenos-de-te-verde-semper-tea.jpg","twitter_misc":{"Est. reading time":"1 minute"},"schema":{"@context":"https:\/\/schema.org","@graph":[{"@type":"WebPage","@id":"https:\/\/www.sempertea.eu\/comprar-tubo-de-ensayo-rellenos-de-te-verde\/","url":"https:\/\/www.sempertea.eu\/comprar-tubo-de-ensayo-rellenos-de-te-verde\/","name":"Sip & Slim: Unleash Power of the best Organic Green Tea for Weight Loss","isPartOf":{"@id":"https:\/\/www.sempertea.eu\/#website"},"primaryImageOfPage":{"@id":"https:\/\/www.sempertea.eu\/comprar-tubo-de-ensayo-rellenos-de-te-verde\/#primaryimage"},"image":{"@id":"https:\/\/www.sempertea.eu\/comprar-tubo-de-ensayo-rellenos-de-te-verde\/#primaryimage"},"thumbnailUrl":"https:\/\/www.sempertea.eu\/wp-content\/uploads\/2021\/07\/comprar-tubo-de-ensayo-rellenos-de-te-verde-semper-tea.jpg","datePublished":"2023-07-28T17:52:52+00:00","dateModified":"2024-01-22T12:35:09+00:00","description":"Uncover the best organic green tea for weight loss. Revitalize your body and mind with our premium selection. Shop now for a healthier you!","breadcrumb":{"@id":"https:\/\/www.sempertea.eu\/comprar-tubo-de-ensayo-rellenos-de-te-verde\/#breadcrumb"},"inLanguage":"en-US","potentialAction":[{"@type":"ReadAction","target":["https:\/\/www.sempertea.eu\/comprar-tubo-de-ensayo-rellenos-de-te-verde\/"]}]},{"@type":"ImageObject","inLanguage":"en-US","@id":"https:\/\/www.sempertea.eu\/comprar-tubo-de-ensayo-rellenos-de-te-verde\/#primaryimage","url":"https:\/\/www.sempertea.eu\/wp-content\/uploads\/2021\/07\/comprar-tubo-de-ensayo-rellenos-de-te-verde-semper-tea.jpg","contentUrl":"https:\/\/www.sempertea.eu\/wp-content\/uploads\/2021\/07\/comprar-tubo-de-ensayo-rellenos-de-te-verde-semper-tea.jpg","width":1000,"height":1000,"caption":"Presentamos un formato moderno y con estilo que llama la atenci\u00f3n. T\u00e9 verde org\u00e1nico en tubo de ensayo en cristal de alta calidad con tap\u00f3n de corcho. Capacidad para 6 hasta 8 dosis de t\u00e9."},{"@type":"BreadcrumbList","@id":"https:\/\/www.sempertea.eu\/comprar-tubo-de-ensayo-rellenos-de-te-verde\/#breadcrumb","itemListElement":[{"@type":"ListItem","position":1,"name":"Portada","item":"https:\/\/www.sempertea.eu\/en\/"},{"@type":"ListItem","position":2,"name":"Shop","item":"https:\/\/www.sempertea.eu\/en\/shop\/"},{"@type":"ListItem","position":3,"name":"GREEN organic tea I loose leaf tea in glass tube"}]},{"@type":"WebSite","@id":"https:\/\/www.sempertea.eu\/#website","url":"https:\/\/www.sempertea.eu\/","name":"Semper Tea | Mayorista y fabricante de T\u00e9s e Infusiones para hoteles, restaurantes y bares","description":"T\u00e9s e infusiones para hosteler\u00eda, hoteler\u00eda y comercio","potentialAction":[{"@type":"SearchAction","target":{"@type":"EntryPoint","urlTemplate":"https:\/\/www.sempertea.eu\/?s={search_term_string}"},"query-input":{"@type":"PropertyValueSpecification","valueRequired":true,"valueName":"search_term_string"}}],"inLanguage":"en-US"}]}},"_links":{"self":[{"href":"https:\/\/www.sempertea.eu\/en\/wp-json\/wp\/v2\/product\/8038","targetHints":{"allow":["GET"]}}],"collection":[{"href":"https:\/\/www.sempertea.eu\/en\/wp-json\/wp\/v2\/product"}],"about":[{"href":"https:\/\/www.sempertea.eu\/en\/wp-json\/wp\/v2\/types\/product"}],"replies":[{"embeddable":true,"href":"https:\/\/www.sempertea.eu\/en\/wp-json\/wp\/v2\/comments?post=8038"}],"wp:featuredmedia":[{"embeddable":true,"href":"https:\/\/www.sempertea.eu\/en\/wp-json\/wp\/v2\/media\/4101"}],"wp:attachment":[{"href":"https:\/\/www.sempertea.eu\/en\/wp-json\/wp\/v2\/media?parent=8038"}],"wp:term":[{"taxonomy":"product_brand","embeddable":true,"href":"https:\/\/www.sempertea.eu\/en\/wp-json\/wp\/v2\/product_brand?post=8038"},{"taxonomy":"product_cat","embeddable":true,"href":"https:\/\/www.sempertea.eu\/en\/wp-json\/wp\/v2\/product_cat?post=8038"},{"taxonomy":"product_tag","embeddable":true,"href":"https:\/\/www.sempertea.eu\/en\/wp-json\/wp\/v2\/product_tag?post=8038"}],"curies":[{"name":"wp","href":"https:\/\/api.w.org\/{rel}","templated":true}]}}