{"id":8030,"date":"2021-07-06T16:04:47","date_gmt":"2023-07-28T16:22:04","guid":{"rendered":"https:\/\/www.sempertea.eu\/rooibos-organic-tea-i-loose-leaf-tea-in-glass-tube\/"},"modified":"2024-01-23T10:08:18","modified_gmt":"2024-01-23T09:08:18","slug":"aspalathus-linearis-the-best-rooibos-tea-organic","status":"publish","type":"product","link":"https:\/\/www.sempertea.eu\/en\/aspalathus-linearis-the-best-rooibos-tea-organic\/","title":{"rendered":"ROOIBOS organic tea I loose leaf tea in glass tube"},"content":{"rendered":"<h2>Rooibos &#8211; pure, natural and full of goodness<\/h2>\n<p>Rooibos tea is one of the most popular teas, especially for those looking for an alternative to caffeine.<\/p>\n<p>It is not really a tea since it does not come from this plant. It is a tisane that does not have caffeine, nor theine, which means it does not contain any stimulant substance.<\/p>\n<p>Explore the natural taste and numerous benefits of Rooibos (Aspalathus linearis), presented in convenient organic test tubes.<\/p>\n<p>Our products are carefully chosen and crafted with <strong>natural ingredients<\/strong>.<\/p>\n<h2>Organic rooibos delights in glass tubes<\/h2>\n<p>Our organic tea varieties in glass tubes are a total delight. Surprise a loved one with this original tea gift or give it as a wedding favour, corporate gift or present. These beautiful glass tubes can be personalised\u00a0for an absolutely unique gift.<\/p>\n<p>Discover all the <a href=\"https:\/\/www.sempertea.eu\/en\/buy-tea-gift-for-tea-lover-organic-glass-tube\/\">varieties available in our online shop<\/a>.<\/p>\n","protected":false},"excerpt":{"rendered":"<p><strong>Earthy, nutty and full of aroma<\/strong><\/p>\n<p>A delightful cup of tea with a distinctive, sweet, and slightly nutty flavour. Pure and natural without caffeine. Loose leaf tea in a glass tube, containing 6 to 8 servings, making it a wonderful and unique gift for guests or clients.<\/p>\n<p>&nbsp;<\/p>\n","protected":false},"featured_media":4129,"comment_status":"open","ping_status":"closed","template":"","meta":[],"product_brand":[],"product_cat":[163,154,189,155,195,160,164,161,162],"product_tag":[],"class_list":{"0":"post-8030","1":"product","2":"type-product","3":"status-publish","4":"has-post-thumbnail","6":"product_cat-product-brochure-of-tea","7":"product_cat-unique-exclusive-tea-collections","8":"product_cat-whole-leaf-tea-in-glass-jar-tubes-organic","9":"product_cat-types-of-tea-packaging","10":"product_cat-buy-tea-gift-for-tea-lover-organic-glass-tube","11":"product_cat-teas-and-tisanes-organic-buy-online","12":"product_cat-rooibos-south-africa-caffeine-free-organic","13":"product_cat-exclusive-tea-line","14":"product_cat-todos-en","16":"first","17":"instock","18":"shipping-taxable","19":"purchasable","20":"product-type-simple"},"yoast_head":"<!-- This site is optimized with the Yoast SEO Premium plugin v27.3 (Yoast SEO v27.3) - https:\/\/yoast.com\/product\/yoast-seo-premium-wordpress\/ -->\n<title>Aspalathus linearis | Discover the BEST Rooibos Tea ORGANIC<\/title>\n<meta name=\"description\" content=\"Experience the finest Rooibos tea latin name Aspalathus linearis. Delight in its natural goodness. Health benefits for a truly soothing tea experience.\" \/>\n<meta name=\"robots\" content=\"index, follow, max-snippet:-1, max-image-preview:large, max-video-preview:-1\" \/>\n<link rel=\"canonical\" href=\"https:\/\/www.sempertea.eu\/en\/aspalathus-linearis-the-best-rooibos-tea-organic\/\" \/>\n<meta property=\"og:locale\" content=\"en_US\" \/>\n<meta property=\"og:type\" content=\"article\" \/>\n<meta property=\"og:title\" content=\"ROOIBOS organic tea I loose leaf tea in glass tube\" \/>\n<meta property=\"og:description\" content=\"Experience the finest Rooibos tea latin name Aspalathus linearis. Delight in its natural goodness. Health benefits for a truly soothing tea experience.\" \/>\n<meta property=\"og:url\" content=\"https:\/\/www.sempertea.eu\/en\/aspalathus-linearis-the-best-rooibos-tea-organic\/\" \/>\n<meta property=\"og:site_name\" content=\"Semper Tea | Mayorista y fabricante de T\u00e9s e Infusiones para hoteles, restaurantes y bares\" \/>\n<meta property=\"article:modified_time\" content=\"2024-01-23T09:08:18+00:00\" \/>\n<meta property=\"og:image\" content=\"https:\/\/www.sempertea.eu\/wp-content\/uploads\/2021\/07\/rooibos-natural-bio-te-rojo-sudafricano-te-organico-semper-tea.jpg\" \/>\n<meta name=\"twitter:card\" content=\"summary_large_image\" \/>\n<meta name=\"twitter:image\" content=\"https:\/\/www.sempertea.eu\/wp-content\/uploads\/2021\/07\/te-rooibos-en-tubo-de-cristal-semper-tea.jpg\" \/>\n<meta name=\"twitter:label1\" content=\"Est. reading time\" \/>\n\t<meta name=\"twitter:data1\" content=\"1 minute\" \/>\n<script type=\"application\/ld+json\" class=\"yoast-schema-graph\">{\"@context\":\"https:\\\/\\\/schema.org\",\"@graph\":[{\"@type\":\"WebPage\",\"@id\":\"https:\\\/\\\/www.sempertea.eu\\\/en\\\/aspalathus-linearis-the-best-rooibos-tea-organic\\\/\",\"url\":\"https:\\\/\\\/www.sempertea.eu\\\/en\\\/aspalathus-linearis-the-best-rooibos-tea-organic\\\/\",\"name\":\"Aspalathus linearis | Discover the BEST Rooibos Tea ORGANIC\",\"isPartOf\":{\"@id\":\"https:\\\/\\\/www.sempertea.eu\\\/#website\"},\"primaryImageOfPage\":{\"@id\":\"https:\\\/\\\/www.sempertea.eu\\\/en\\\/aspalathus-linearis-the-best-rooibos-tea-organic\\\/#primaryimage\"},\"image\":{\"@id\":\"https:\\\/\\\/www.sempertea.eu\\\/en\\\/aspalathus-linearis-the-best-rooibos-tea-organic\\\/#primaryimage\"},\"thumbnailUrl\":\"https:\\\/\\\/www.sempertea.eu\\\/wp-content\\\/uploads\\\/2021\\\/07\\\/rooibos-natural-bio-te-rojo-organico-sudafricano-semper-tea.jpg\",\"datePublished\":\"2023-07-28T16:22:04+00:00\",\"dateModified\":\"2024-01-23T09:08:18+00:00\",\"description\":\"Experience the finest Rooibos tea latin name Aspalathus linearis. Delight in its natural goodness. Health benefits for a truly soothing tea experience.\",\"breadcrumb\":{\"@id\":\"https:\\\/\\\/www.sempertea.eu\\\/en\\\/aspalathus-linearis-the-best-rooibos-tea-organic\\\/#breadcrumb\"},\"inLanguage\":\"en-US\",\"potentialAction\":[{\"@type\":\"ReadAction\",\"target\":[\"https:\\\/\\\/www.sempertea.eu\\\/en\\\/aspalathus-linearis-the-best-rooibos-tea-organic\\\/\"]}]},{\"@type\":\"ImageObject\",\"inLanguage\":\"en-US\",\"@id\":\"https:\\\/\\\/www.sempertea.eu\\\/en\\\/aspalathus-linearis-the-best-rooibos-tea-organic\\\/#primaryimage\",\"url\":\"https:\\\/\\\/www.sempertea.eu\\\/wp-content\\\/uploads\\\/2021\\\/07\\\/rooibos-natural-bio-te-rojo-organico-sudafricano-semper-tea.jpg\",\"contentUrl\":\"https:\\\/\\\/www.sempertea.eu\\\/wp-content\\\/uploads\\\/2021\\\/07\\\/rooibos-natural-bio-te-rojo-organico-sudafricano-semper-tea.jpg\",\"width\":1000,\"height\":1000,\"caption\":\"Rooibos NATURAL en tubo de ensayo BIO | T\u00e9 rojo org\u00e1nico sudafricano\"},{\"@type\":\"BreadcrumbList\",\"@id\":\"https:\\\/\\\/www.sempertea.eu\\\/en\\\/aspalathus-linearis-the-best-rooibos-tea-organic\\\/#breadcrumb\",\"itemListElement\":[{\"@type\":\"ListItem\",\"position\":1,\"name\":\"Portada\",\"item\":\"https:\\\/\\\/www.sempertea.eu\\\/en\\\/\"},{\"@type\":\"ListItem\",\"position\":2,\"name\":\"Shop\",\"item\":\"https:\\\/\\\/www.sempertea.eu\\\/en\\\/shop\\\/\"},{\"@type\":\"ListItem\",\"position\":3,\"name\":\"ROOIBOS organic tea I loose leaf tea in glass tube\"}]},{\"@type\":\"WebSite\",\"@id\":\"https:\\\/\\\/www.sempertea.eu\\\/#website\",\"url\":\"https:\\\/\\\/www.sempertea.eu\\\/\",\"name\":\"Semper Tea | Mayorista y fabricante de T\u00e9s e Infusiones para hoteles, restaurantes y bares\",\"description\":\"T\u00e9s e infusiones para hosteler\u00eda, hoteler\u00eda y comercio\",\"potentialAction\":[{\"@type\":\"SearchAction\",\"target\":{\"@type\":\"EntryPoint\",\"urlTemplate\":\"https:\\\/\\\/www.sempertea.eu\\\/?s={search_term_string}\"},\"query-input\":{\"@type\":\"PropertyValueSpecification\",\"valueRequired\":true,\"valueName\":\"search_term_string\"}}],\"inLanguage\":\"en-US\"}]}<\/script>\n<!-- \/ Yoast SEO Premium plugin. -->","yoast_head_json":{"title":"Aspalathus linearis | Discover the BEST Rooibos Tea ORGANIC","description":"Experience the finest Rooibos tea latin name Aspalathus linearis. Delight in its natural goodness. Health benefits for a truly soothing tea experience.","robots":{"index":"index","follow":"follow","max-snippet":"max-snippet:-1","max-image-preview":"max-image-preview:large","max-video-preview":"max-video-preview:-1"},"canonical":"https:\/\/www.sempertea.eu\/en\/aspalathus-linearis-the-best-rooibos-tea-organic\/","og_locale":"en_US","og_type":"article","og_title":"ROOIBOS organic tea I loose leaf tea in glass tube","og_description":"Experience the finest Rooibos tea latin name Aspalathus linearis. Delight in its natural goodness. Health benefits for a truly soothing tea experience.","og_url":"https:\/\/www.sempertea.eu\/en\/aspalathus-linearis-the-best-rooibos-tea-organic\/","og_site_name":"Semper Tea | Mayorista y fabricante de T\u00e9s e Infusiones para hoteles, restaurantes y bares","article_modified_time":"2024-01-23T09:08:18+00:00","og_image":[{"url":"https:\/\/www.sempertea.eu\/wp-content\/uploads\/2021\/07\/rooibos-natural-bio-te-rojo-sudafricano-te-organico-semper-tea.jpg","type":"","width":"","height":""}],"twitter_card":"summary_large_image","twitter_image":"https:\/\/www.sempertea.eu\/wp-content\/uploads\/2021\/07\/te-rooibos-en-tubo-de-cristal-semper-tea.jpg","twitter_misc":{"Est. reading time":"1 minute"},"schema":{"@context":"https:\/\/schema.org","@graph":[{"@type":"WebPage","@id":"https:\/\/www.sempertea.eu\/en\/aspalathus-linearis-the-best-rooibos-tea-organic\/","url":"https:\/\/www.sempertea.eu\/en\/aspalathus-linearis-the-best-rooibos-tea-organic\/","name":"Aspalathus linearis | Discover the BEST Rooibos Tea ORGANIC","isPartOf":{"@id":"https:\/\/www.sempertea.eu\/#website"},"primaryImageOfPage":{"@id":"https:\/\/www.sempertea.eu\/en\/aspalathus-linearis-the-best-rooibos-tea-organic\/#primaryimage"},"image":{"@id":"https:\/\/www.sempertea.eu\/en\/aspalathus-linearis-the-best-rooibos-tea-organic\/#primaryimage"},"thumbnailUrl":"https:\/\/www.sempertea.eu\/wp-content\/uploads\/2021\/07\/rooibos-natural-bio-te-rojo-organico-sudafricano-semper-tea.jpg","datePublished":"2023-07-28T16:22:04+00:00","dateModified":"2024-01-23T09:08:18+00:00","description":"Experience the finest Rooibos tea latin name Aspalathus linearis. Delight in its natural goodness. Health benefits for a truly soothing tea experience.","breadcrumb":{"@id":"https:\/\/www.sempertea.eu\/en\/aspalathus-linearis-the-best-rooibos-tea-organic\/#breadcrumb"},"inLanguage":"en-US","potentialAction":[{"@type":"ReadAction","target":["https:\/\/www.sempertea.eu\/en\/aspalathus-linearis-the-best-rooibos-tea-organic\/"]}]},{"@type":"ImageObject","inLanguage":"en-US","@id":"https:\/\/www.sempertea.eu\/en\/aspalathus-linearis-the-best-rooibos-tea-organic\/#primaryimage","url":"https:\/\/www.sempertea.eu\/wp-content\/uploads\/2021\/07\/rooibos-natural-bio-te-rojo-organico-sudafricano-semper-tea.jpg","contentUrl":"https:\/\/www.sempertea.eu\/wp-content\/uploads\/2021\/07\/rooibos-natural-bio-te-rojo-organico-sudafricano-semper-tea.jpg","width":1000,"height":1000,"caption":"Rooibos NATURAL en tubo de ensayo BIO | T\u00e9 rojo org\u00e1nico sudafricano"},{"@type":"BreadcrumbList","@id":"https:\/\/www.sempertea.eu\/en\/aspalathus-linearis-the-best-rooibos-tea-organic\/#breadcrumb","itemListElement":[{"@type":"ListItem","position":1,"name":"Portada","item":"https:\/\/www.sempertea.eu\/en\/"},{"@type":"ListItem","position":2,"name":"Shop","item":"https:\/\/www.sempertea.eu\/en\/shop\/"},{"@type":"ListItem","position":3,"name":"ROOIBOS organic tea I loose leaf tea in glass tube"}]},{"@type":"WebSite","@id":"https:\/\/www.sempertea.eu\/#website","url":"https:\/\/www.sempertea.eu\/","name":"Semper Tea | Mayorista y fabricante de T\u00e9s e Infusiones para hoteles, restaurantes y bares","description":"T\u00e9s e infusiones para hosteler\u00eda, hoteler\u00eda y comercio","potentialAction":[{"@type":"SearchAction","target":{"@type":"EntryPoint","urlTemplate":"https:\/\/www.sempertea.eu\/?s={search_term_string}"},"query-input":{"@type":"PropertyValueSpecification","valueRequired":true,"valueName":"search_term_string"}}],"inLanguage":"en-US"}]}},"_links":{"self":[{"href":"https:\/\/www.sempertea.eu\/en\/wp-json\/wp\/v2\/product\/8030","targetHints":{"allow":["GET"]}}],"collection":[{"href":"https:\/\/www.sempertea.eu\/en\/wp-json\/wp\/v2\/product"}],"about":[{"href":"https:\/\/www.sempertea.eu\/en\/wp-json\/wp\/v2\/types\/product"}],"replies":[{"embeddable":true,"href":"https:\/\/www.sempertea.eu\/en\/wp-json\/wp\/v2\/comments?post=8030"}],"wp:featuredmedia":[{"embeddable":true,"href":"https:\/\/www.sempertea.eu\/en\/wp-json\/wp\/v2\/media\/4129"}],"wp:attachment":[{"href":"https:\/\/www.sempertea.eu\/en\/wp-json\/wp\/v2\/media?parent=8030"}],"wp:term":[{"taxonomy":"product_brand","embeddable":true,"href":"https:\/\/www.sempertea.eu\/en\/wp-json\/wp\/v2\/product_brand?post=8030"},{"taxonomy":"product_cat","embeddable":true,"href":"https:\/\/www.sempertea.eu\/en\/wp-json\/wp\/v2\/product_cat?post=8030"},{"taxonomy":"product_tag","embeddable":true,"href":"https:\/\/www.sempertea.eu\/en\/wp-json\/wp\/v2\/product_tag?post=8030"}],"curies":[{"name":"wp","href":"https:\/\/api.w.org\/{rel}","templated":true}]}}