{"id":8024,"date":"2021-08-04T12:07:21","date_gmt":"2023-07-28T11:10:25","guid":{"rendered":"https:\/\/www.sempertea.eu\/pu-erh-lemon-vanilla-organic-tea-i-loose-leaf-tea-in-glass-tube\/"},"modified":"2023-07-28T12:20:01","modified_gmt":"2023-07-28T11:20:01","slug":"buy-pu-erh-tea","status":"publish","type":"product","link":"https:\/\/www.sempertea.eu\/en\/buy-pu-erh-tea\/","title":{"rendered":"PU-ERH LEMON VANILLA organic tea I loose leaf tea in glass tube"},"content":{"rendered":"<h2>Explore the authentic fermentation of Pu-erh Tea<\/h2>\n<p>Unlike black tea, Pu-erh tea is the only truly fermented tea. Through the activity of microorganisms, it undergoes a unique fermentation process, transforming the tea leaves&#8217; components.<\/p>\n<p>The result? Tannins and bitterness soften into milder polyphenols, creating a highly fermented Pu-erh with a gentle, slightly sweet taste and minimal astringency.<\/p>\n<p>Fermented by Penicillium, Aspergillus, and Streptomyces, these microbes also produce valuable antibiotics crucial for our health.<\/p>\n<p>Dive into the world of authentic Pu-erh tea, embracing its exceptional health and taste benefits.<\/p>\n<p>Experience the delightful blend of Vanilla Lemon Pu-erh Red Tea, offering a harmonious fusion of intense and refreshing flavors &#8211; buy now and awaken your senses!<\/p>\n","protected":false},"excerpt":{"rendered":"<p><strong>Earthy with a hint of sweet and refined vanilla<\/strong><\/p>\n<p>A highly fermented Pu-Erh tea has a much milder and slightly sweeter taste, than a black tea. A perfect and refined mix, highly appreciated by our customers. A deliciously flavoured blend of loose leaf Pu-Erh for those palates who like to enjoy simply the best cup. Beautiful and original as a corporate gift or wedding detail.<\/p>\n","protected":false},"featured_media":4231,"comment_status":"open","ping_status":"closed","template":"","meta":[],"product_brand":[],"product_cat":[163,154,189,155,195,160,166,161,162],"product_tag":[],"class_list":{"0":"post-8024","1":"product","2":"type-product","3":"status-publish","4":"has-post-thumbnail","6":"product_cat-product-brochure-of-tea","7":"product_cat-unique-exclusive-tea-collections","8":"product_cat-whole-leaf-tea-in-glass-jar-tubes-organic","9":"product_cat-types-of-tea-packaging","10":"product_cat-buy-tea-gift-for-tea-lover-organic-glass-tube","11":"product_cat-teas-and-tisanes-organic-buy-online","12":"product_cat-buy-organic-pu-erh-tea-online","13":"product_cat-exclusive-tea-line","14":"product_cat-todos-en","16":"first","17":"instock","18":"shipping-taxable","19":"purchasable","20":"product-type-simple"},"yoast_head":"<!-- This site is optimized with the Yoast SEO Premium plugin v27.3 (Yoast SEO v27.4) - https:\/\/yoast.com\/product\/yoast-seo-premium-wordpress\/ -->\n<title>Buy PU ERH Tea Lemon Vanilla in an Elegant Glass Tube<\/title>\n<meta name=\"description\" content=\"Discover the ideal birthday gifts: Delectable Pu Erh Red Tea in sophisticated test tubes. Buy Pu Erh Tea online today.\" \/>\n<meta name=\"robots\" content=\"index, follow, max-snippet:-1, max-image-preview:large, max-video-preview:-1\" \/>\n<link rel=\"canonical\" href=\"https:\/\/www.sempertea.eu\/comprar-te-rojo-pu-erh\/\" \/>\n<meta property=\"og:locale\" content=\"en_US\" \/>\n<meta property=\"og:type\" content=\"article\" \/>\n<meta property=\"og:title\" content=\"PU-ERH LEMON VANILLA organic tea I loose leaf tea in glass tube\" \/>\n<meta property=\"og:description\" content=\"Discover the ideal birthday gifts: Delectable Pu Erh Red Tea in sophisticated test tubes. Buy Pu Erh Tea online today.\" \/>\n<meta property=\"og:url\" content=\"https:\/\/www.sempertea.eu\/comprar-te-rojo-pu-erh\/\" \/>\n<meta property=\"og:site_name\" content=\"Semper Tea | Mayorista y fabricante de T\u00e9s e Infusiones para hoteles, restaurantes y bares\" \/>\n<meta property=\"article:modified_time\" content=\"2023-07-28T11:20:01+00:00\" \/>\n<meta property=\"og:image\" content=\"https:\/\/www.sempertea.eu\/wp-content\/uploads\/2021\/08\/el-mejor-te-rojo-ecologico-semper-tea.jpg\" \/>\n<meta name=\"twitter:card\" content=\"summary_large_image\" \/>\n<meta name=\"twitter:image\" content=\"https:\/\/www.sempertea.eu\/wp-content\/uploads\/2021\/08\/comprar-te-rojo-pu-erh-bio-semper-tea.jpg\" \/>\n<meta name=\"twitter:label1\" content=\"Est. reading time\" \/>\n\t<meta name=\"twitter:data1\" content=\"1 minute\" \/>\n<script type=\"application\/ld+json\" class=\"yoast-schema-graph\">{\"@context\":\"https:\\\/\\\/schema.org\",\"@graph\":[{\"@type\":\"WebPage\",\"@id\":\"https:\\\/\\\/www.sempertea.eu\\\/comprar-te-rojo-pu-erh\\\/\",\"url\":\"https:\\\/\\\/www.sempertea.eu\\\/comprar-te-rojo-pu-erh\\\/\",\"name\":\"Buy PU ERH Tea Lemon Vanilla in an Elegant Glass Tube\",\"isPartOf\":{\"@id\":\"https:\\\/\\\/www.sempertea.eu\\\/#website\"},\"primaryImageOfPage\":{\"@id\":\"https:\\\/\\\/www.sempertea.eu\\\/comprar-te-rojo-pu-erh\\\/#primaryimage\"},\"image\":{\"@id\":\"https:\\\/\\\/www.sempertea.eu\\\/comprar-te-rojo-pu-erh\\\/#primaryimage\"},\"thumbnailUrl\":\"https:\\\/\\\/www.sempertea.eu\\\/wp-content\\\/uploads\\\/2021\\\/08\\\/comprar-te-rojo-pu-erh-semper-tea.jpg\",\"datePublished\":\"2023-07-28T11:10:25+00:00\",\"dateModified\":\"2023-07-28T11:20:01+00:00\",\"description\":\"Discover the ideal birthday gifts: Delectable Pu Erh Red Tea in sophisticated test tubes. Buy Pu Erh Tea online today.\",\"breadcrumb\":{\"@id\":\"https:\\\/\\\/www.sempertea.eu\\\/comprar-te-rojo-pu-erh\\\/#breadcrumb\"},\"inLanguage\":\"en-US\",\"potentialAction\":[{\"@type\":\"ReadAction\",\"target\":[\"https:\\\/\\\/www.sempertea.eu\\\/comprar-te-rojo-pu-erh\\\/\"]}]},{\"@type\":\"ImageObject\",\"inLanguage\":\"en-US\",\"@id\":\"https:\\\/\\\/www.sempertea.eu\\\/comprar-te-rojo-pu-erh\\\/#primaryimage\",\"url\":\"https:\\\/\\\/www.sempertea.eu\\\/wp-content\\\/uploads\\\/2021\\\/08\\\/comprar-te-rojo-pu-erh-semper-tea.jpg\",\"contentUrl\":\"https:\\\/\\\/www.sempertea.eu\\\/wp-content\\\/uploads\\\/2021\\\/08\\\/comprar-te-rojo-pu-erh-semper-tea.jpg\",\"width\":1000,\"height\":1000,\"caption\":\"Comprar T\u00e9 rojo Pu Erh Lim\u00f3n Vainilla | Tienda de t\u00e9 Online\"},{\"@type\":\"BreadcrumbList\",\"@id\":\"https:\\\/\\\/www.sempertea.eu\\\/comprar-te-rojo-pu-erh\\\/#breadcrumb\",\"itemListElement\":[{\"@type\":\"ListItem\",\"position\":1,\"name\":\"Portada\",\"item\":\"https:\\\/\\\/www.sempertea.eu\\\/en\\\/\"},{\"@type\":\"ListItem\",\"position\":2,\"name\":\"Shop\",\"item\":\"https:\\\/\\\/www.sempertea.eu\\\/en\\\/shop\\\/\"},{\"@type\":\"ListItem\",\"position\":3,\"name\":\"PU-ERH LEMON VANILLA organic tea I loose leaf tea in glass tube\"}]},{\"@type\":\"WebSite\",\"@id\":\"https:\\\/\\\/www.sempertea.eu\\\/#website\",\"url\":\"https:\\\/\\\/www.sempertea.eu\\\/\",\"name\":\"Semper Tea | Mayorista y fabricante de T\u00e9s e Infusiones para hoteles, restaurantes y bares\",\"description\":\"T\u00e9s e infusiones para hosteler\u00eda, hoteler\u00eda y comercio\",\"potentialAction\":[{\"@type\":\"SearchAction\",\"target\":{\"@type\":\"EntryPoint\",\"urlTemplate\":\"https:\\\/\\\/www.sempertea.eu\\\/?s={search_term_string}\"},\"query-input\":{\"@type\":\"PropertyValueSpecification\",\"valueRequired\":true,\"valueName\":\"search_term_string\"}}],\"inLanguage\":\"en-US\"}]}<\/script>\n<!-- \/ Yoast SEO Premium plugin. -->","yoast_head_json":{"title":"Buy PU ERH Tea Lemon Vanilla in an Elegant Glass Tube","description":"Discover the ideal birthday gifts: Delectable Pu Erh Red Tea in sophisticated test tubes. Buy Pu Erh Tea online today.","robots":{"index":"index","follow":"follow","max-snippet":"max-snippet:-1","max-image-preview":"max-image-preview:large","max-video-preview":"max-video-preview:-1"},"canonical":"https:\/\/www.sempertea.eu\/comprar-te-rojo-pu-erh\/","og_locale":"en_US","og_type":"article","og_title":"PU-ERH LEMON VANILLA organic tea I loose leaf tea in glass tube","og_description":"Discover the ideal birthday gifts: Delectable Pu Erh Red Tea in sophisticated test tubes. Buy Pu Erh Tea online today.","og_url":"https:\/\/www.sempertea.eu\/comprar-te-rojo-pu-erh\/","og_site_name":"Semper Tea | Mayorista y fabricante de T\u00e9s e Infusiones para hoteles, restaurantes y bares","article_modified_time":"2023-07-28T11:20:01+00:00","og_image":[{"url":"https:\/\/www.sempertea.eu\/wp-content\/uploads\/2021\/08\/el-mejor-te-rojo-ecologico-semper-tea.jpg","type":"","width":"","height":""}],"twitter_card":"summary_large_image","twitter_image":"https:\/\/www.sempertea.eu\/wp-content\/uploads\/2021\/08\/comprar-te-rojo-pu-erh-bio-semper-tea.jpg","twitter_misc":{"Est. reading time":"1 minute"},"schema":{"@context":"https:\/\/schema.org","@graph":[{"@type":"WebPage","@id":"https:\/\/www.sempertea.eu\/comprar-te-rojo-pu-erh\/","url":"https:\/\/www.sempertea.eu\/comprar-te-rojo-pu-erh\/","name":"Buy PU ERH Tea Lemon Vanilla in an Elegant Glass Tube","isPartOf":{"@id":"https:\/\/www.sempertea.eu\/#website"},"primaryImageOfPage":{"@id":"https:\/\/www.sempertea.eu\/comprar-te-rojo-pu-erh\/#primaryimage"},"image":{"@id":"https:\/\/www.sempertea.eu\/comprar-te-rojo-pu-erh\/#primaryimage"},"thumbnailUrl":"https:\/\/www.sempertea.eu\/wp-content\/uploads\/2021\/08\/comprar-te-rojo-pu-erh-semper-tea.jpg","datePublished":"2023-07-28T11:10:25+00:00","dateModified":"2023-07-28T11:20:01+00:00","description":"Discover the ideal birthday gifts: Delectable Pu Erh Red Tea in sophisticated test tubes. Buy Pu Erh Tea online today.","breadcrumb":{"@id":"https:\/\/www.sempertea.eu\/comprar-te-rojo-pu-erh\/#breadcrumb"},"inLanguage":"en-US","potentialAction":[{"@type":"ReadAction","target":["https:\/\/www.sempertea.eu\/comprar-te-rojo-pu-erh\/"]}]},{"@type":"ImageObject","inLanguage":"en-US","@id":"https:\/\/www.sempertea.eu\/comprar-te-rojo-pu-erh\/#primaryimage","url":"https:\/\/www.sempertea.eu\/wp-content\/uploads\/2021\/08\/comprar-te-rojo-pu-erh-semper-tea.jpg","contentUrl":"https:\/\/www.sempertea.eu\/wp-content\/uploads\/2021\/08\/comprar-te-rojo-pu-erh-semper-tea.jpg","width":1000,"height":1000,"caption":"Comprar T\u00e9 rojo Pu Erh Lim\u00f3n Vainilla | Tienda de t\u00e9 Online"},{"@type":"BreadcrumbList","@id":"https:\/\/www.sempertea.eu\/comprar-te-rojo-pu-erh\/#breadcrumb","itemListElement":[{"@type":"ListItem","position":1,"name":"Portada","item":"https:\/\/www.sempertea.eu\/en\/"},{"@type":"ListItem","position":2,"name":"Shop","item":"https:\/\/www.sempertea.eu\/en\/shop\/"},{"@type":"ListItem","position":3,"name":"PU-ERH LEMON VANILLA organic tea I loose leaf tea in glass tube"}]},{"@type":"WebSite","@id":"https:\/\/www.sempertea.eu\/#website","url":"https:\/\/www.sempertea.eu\/","name":"Semper Tea | Mayorista y fabricante de T\u00e9s e Infusiones para hoteles, restaurantes y bares","description":"T\u00e9s e infusiones para hosteler\u00eda, hoteler\u00eda y comercio","potentialAction":[{"@type":"SearchAction","target":{"@type":"EntryPoint","urlTemplate":"https:\/\/www.sempertea.eu\/?s={search_term_string}"},"query-input":{"@type":"PropertyValueSpecification","valueRequired":true,"valueName":"search_term_string"}}],"inLanguage":"en-US"}]}},"_links":{"self":[{"href":"https:\/\/www.sempertea.eu\/en\/wp-json\/wp\/v2\/product\/8024","targetHints":{"allow":["GET"]}}],"collection":[{"href":"https:\/\/www.sempertea.eu\/en\/wp-json\/wp\/v2\/product"}],"about":[{"href":"https:\/\/www.sempertea.eu\/en\/wp-json\/wp\/v2\/types\/product"}],"replies":[{"embeddable":true,"href":"https:\/\/www.sempertea.eu\/en\/wp-json\/wp\/v2\/comments?post=8024"}],"wp:featuredmedia":[{"embeddable":true,"href":"https:\/\/www.sempertea.eu\/en\/wp-json\/wp\/v2\/media\/4231"}],"wp:attachment":[{"href":"https:\/\/www.sempertea.eu\/en\/wp-json\/wp\/v2\/media?parent=8024"}],"wp:term":[{"taxonomy":"product_brand","embeddable":true,"href":"https:\/\/www.sempertea.eu\/en\/wp-json\/wp\/v2\/product_brand?post=8024"},{"taxonomy":"product_cat","embeddable":true,"href":"https:\/\/www.sempertea.eu\/en\/wp-json\/wp\/v2\/product_cat?post=8024"},{"taxonomy":"product_tag","embeddable":true,"href":"https:\/\/www.sempertea.eu\/en\/wp-json\/wp\/v2\/product_tag?post=8024"}],"curies":[{"name":"wp","href":"https:\/\/api.w.org\/{rel}","templated":true}]}}