{"id":8020,"date":"2021-07-29T11:57:01","date_gmt":"2021-07-29T10:57:01","guid":{"rendered":"https:\/\/www.sempertea.eu\/pasion-fruit-organic-tea-i-loose-leaf-tea-in-glass-tube\/"},"modified":"2024-01-22T14:07:56","modified_gmt":"2024-01-22T13:07:56","slug":"fruit-tea-in-glass-tube-unique-wedding-favors","status":"publish","type":"product","link":"https:\/\/www.sempertea.eu\/en\/fruit-tea-in-glass-tube-unique-wedding-favors\/","title":{"rendered":"PASI\u00d3N FRUIT organic tea I loose leaf tea in glass tube"},"content":{"rendered":"<h2>Thoughtful gift for special events<\/h2>\n<p>Make your special day even more memorable with unique and thoughtful gifts! Our fruit tea glass tubes, can be personalised and make for a beautiful gift. Natural organic ingredients originally presented in glass test tubes.<\/p>\n<h3>Add a personal touch to your wedding celebration<\/h3>\n<p>There are lots of reasons why you should give out wedding favours\u2014they serve as thank you gifts to your guests and provide a tangible memory of your celebration. Our tea glass tubes are just ideal. You can personalise them and add your own touch.<\/p>\n<p><strong>Fruit tea &#8211; purely refreshing<\/strong><\/p>\n<p>Natural and organic ingredients presented in a beautiful glass tube: hibiscus, rosehip, apple pieces and strawberry. A cocktail of vitamins and goodness for our health!<\/p>\n<p>This fruit tea blend has a delicious flavour and makes us want to enjoy it throughout the whole year, whether hot for those icy winter days or prepared cold with ice to cool off during summer.<\/p>\n<p>A great idea is to add sliced fruit pieces to this beautiful tea blend, such as lemon slices, blueberries, strawberries&#8230; the ones that are in season and you like the most. A glorious refreshing beverage.<\/p>\n","protected":false},"excerpt":{"rendered":"<p><strong>A fruity blend of colour and aroma \u2013 caffeine free<\/strong><\/p>\n<p>A deeply fruity and refreshing tea, deliciously blended with natural and organic ingredients: hibiscus, rosehip, apple pieces and strawberry. Naturally free of caffeine and with many vitamins and substances beneficial to your health. The glass tube contains 15gr of tea leaves, which makes approximately 5-7 cups. Beautiful and original as a corporate gift or wedding detail.<\/p>\n","protected":false},"featured_media":4179,"comment_status":"open","ping_status":"closed","template":"","meta":[],"product_brand":[],"product_cat":[163,154,189,155,198,195,160,161,162],"product_tag":[],"class_list":{"0":"post-8020","1":"product","2":"type-product","3":"status-publish","4":"has-post-thumbnail","6":"product_cat-product-brochure-of-tea","7":"product_cat-unique-exclusive-tea-collections","8":"product_cat-whole-leaf-tea-in-glass-jar-tubes-organic","9":"product_cat-types-of-tea-packaging","10":"product_cat-fruit-teas-organic-tea-shop-certified-quality","11":"product_cat-buy-tea-gift-for-tea-lover-organic-glass-tube","12":"product_cat-teas-and-tisanes-organic-buy-online","13":"product_cat-exclusive-tea-line","14":"product_cat-todos-en","16":"first","17":"instock","18":"shipping-taxable","19":"purchasable","20":"product-type-simple"},"yoast_head":"<!-- This site is optimized with the Yoast SEO Premium plugin v27.3 (Yoast SEO v27.3) - https:\/\/yoast.com\/product\/yoast-seo-premium-wordpress\/ -->\n<title>Fruit Tea in a Glass Tube for Your Special Day | Wedding Favors<\/title>\n<meta name=\"description\" content=\"Surprise your guests with fruit tea in elegant glass tubes on your special day. Explore unique wedding favors that leave a lasting impression.\" \/>\n<meta name=\"robots\" content=\"index, follow, max-snippet:-1, max-image-preview:large, max-video-preview:-1\" \/>\n<link rel=\"canonical\" href=\"https:\/\/www.sempertea.eu\/tubo-de-cristal-relleno-de-te-detalles-de-boda\/\" \/>\n<meta property=\"og:locale\" content=\"en_US\" \/>\n<meta property=\"og:type\" content=\"article\" \/>\n<meta property=\"og:title\" content=\"PASI\u00d3N FRUIT organic tea I loose leaf tea in glass tube\" \/>\n<meta property=\"og:description\" content=\"Surprise your guests with fruit tea in elegant glass tubes on your special day. Explore unique wedding favors that leave a lasting impression.\" \/>\n<meta property=\"og:url\" content=\"https:\/\/www.sempertea.eu\/tubo-de-cristal-relleno-de-te-detalles-de-boda\/\" \/>\n<meta property=\"og:site_name\" content=\"Semper Tea | Mayorista y fabricante de T\u00e9s e Infusiones para hoteles, restaurantes y bares\" \/>\n<meta property=\"article:modified_time\" content=\"2024-01-22T13:07:56+00:00\" \/>\n<meta property=\"og:image\" content=\"https:\/\/www.sempertea.eu\/wp-content\/uploads\/2021\/07\/comprar-tubo-de-ensayo-rellenos-de-te-verde-semper-tea.jpg\" \/>\n<meta name=\"twitter:card\" content=\"summary_large_image\" \/>\n<meta name=\"twitter:image\" content=\"https:\/\/www.sempertea.eu\/wp-content\/uploads\/2021\/07\/comprar-tubo-de-ensayo-rellenos-de-te-verde-semper-tea.jpg\" \/>\n<meta name=\"twitter:label1\" content=\"Est. reading time\" \/>\n\t<meta name=\"twitter:data1\" content=\"1 minute\" \/>\n<script type=\"application\/ld+json\" class=\"yoast-schema-graph\">{\"@context\":\"https:\\\/\\\/schema.org\",\"@graph\":[{\"@type\":\"WebPage\",\"@id\":\"https:\\\/\\\/www.sempertea.eu\\\/tubo-de-cristal-relleno-de-te-detalles-de-boda\\\/\",\"url\":\"https:\\\/\\\/www.sempertea.eu\\\/tubo-de-cristal-relleno-de-te-detalles-de-boda\\\/\",\"name\":\"Fruit Tea in a Glass Tube for Your Special Day | Wedding Favors\",\"isPartOf\":{\"@id\":\"https:\\\/\\\/www.sempertea.eu\\\/#website\"},\"primaryImageOfPage\":{\"@id\":\"https:\\\/\\\/www.sempertea.eu\\\/tubo-de-cristal-relleno-de-te-detalles-de-boda\\\/#primaryimage\"},\"image\":{\"@id\":\"https:\\\/\\\/www.sempertea.eu\\\/tubo-de-cristal-relleno-de-te-detalles-de-boda\\\/#primaryimage\"},\"thumbnailUrl\":\"https:\\\/\\\/www.sempertea.eu\\\/wp-content\\\/uploads\\\/2021\\\/07\\\/tubo-de-cristal-relleno-de-te-como-detalles-de-boda-semper-tea.jpg\",\"datePublished\":\"2021-07-29T10:57:01+00:00\",\"dateModified\":\"2024-01-22T13:07:56+00:00\",\"description\":\"Surprise your guests with fruit tea in elegant glass tubes on your special day. Explore unique wedding favors that leave a lasting impression.\",\"breadcrumb\":{\"@id\":\"https:\\\/\\\/www.sempertea.eu\\\/tubo-de-cristal-relleno-de-te-detalles-de-boda\\\/#breadcrumb\"},\"inLanguage\":\"en-US\",\"potentialAction\":[{\"@type\":\"ReadAction\",\"target\":[\"https:\\\/\\\/www.sempertea.eu\\\/tubo-de-cristal-relleno-de-te-detalles-de-boda\\\/\"]}]},{\"@type\":\"ImageObject\",\"inLanguage\":\"en-US\",\"@id\":\"https:\\\/\\\/www.sempertea.eu\\\/tubo-de-cristal-relleno-de-te-detalles-de-boda\\\/#primaryimage\",\"url\":\"https:\\\/\\\/www.sempertea.eu\\\/wp-content\\\/uploads\\\/2021\\\/07\\\/tubo-de-cristal-relleno-de-te-como-detalles-de-boda-semper-tea.jpg\",\"contentUrl\":\"https:\\\/\\\/www.sempertea.eu\\\/wp-content\\\/uploads\\\/2021\\\/07\\\/tubo-de-cristal-relleno-de-te-como-detalles-de-boda-semper-tea.jpg\",\"width\":1000,\"height\":1000,\"caption\":\"Detalles de boda original\"},{\"@type\":\"BreadcrumbList\",\"@id\":\"https:\\\/\\\/www.sempertea.eu\\\/tubo-de-cristal-relleno-de-te-detalles-de-boda\\\/#breadcrumb\",\"itemListElement\":[{\"@type\":\"ListItem\",\"position\":1,\"name\":\"Portada\",\"item\":\"https:\\\/\\\/www.sempertea.eu\\\/en\\\/\"},{\"@type\":\"ListItem\",\"position\":2,\"name\":\"Shop\",\"item\":\"https:\\\/\\\/www.sempertea.eu\\\/en\\\/shop\\\/\"},{\"@type\":\"ListItem\",\"position\":3,\"name\":\"PASI\u00d3N FRUIT organic tea I loose leaf tea in glass tube\"}]},{\"@type\":\"WebSite\",\"@id\":\"https:\\\/\\\/www.sempertea.eu\\\/#website\",\"url\":\"https:\\\/\\\/www.sempertea.eu\\\/\",\"name\":\"Semper Tea | Mayorista y fabricante de T\u00e9s e Infusiones para hoteles, restaurantes y bares\",\"description\":\"T\u00e9s e infusiones para hosteler\u00eda, hoteler\u00eda y comercio\",\"potentialAction\":[{\"@type\":\"SearchAction\",\"target\":{\"@type\":\"EntryPoint\",\"urlTemplate\":\"https:\\\/\\\/www.sempertea.eu\\\/?s={search_term_string}\"},\"query-input\":{\"@type\":\"PropertyValueSpecification\",\"valueRequired\":true,\"valueName\":\"search_term_string\"}}],\"inLanguage\":\"en-US\"}]}<\/script>\n<!-- \/ Yoast SEO Premium plugin. -->","yoast_head_json":{"title":"Fruit Tea in a Glass Tube for Your Special Day | Wedding Favors","description":"Surprise your guests with fruit tea in elegant glass tubes on your special day. Explore unique wedding favors that leave a lasting impression.","robots":{"index":"index","follow":"follow","max-snippet":"max-snippet:-1","max-image-preview":"max-image-preview:large","max-video-preview":"max-video-preview:-1"},"canonical":"https:\/\/www.sempertea.eu\/tubo-de-cristal-relleno-de-te-detalles-de-boda\/","og_locale":"en_US","og_type":"article","og_title":"PASI\u00d3N FRUIT organic tea I loose leaf tea in glass tube","og_description":"Surprise your guests with fruit tea in elegant glass tubes on your special day. Explore unique wedding favors that leave a lasting impression.","og_url":"https:\/\/www.sempertea.eu\/tubo-de-cristal-relleno-de-te-detalles-de-boda\/","og_site_name":"Semper Tea | Mayorista y fabricante de T\u00e9s e Infusiones para hoteles, restaurantes y bares","article_modified_time":"2024-01-22T13:07:56+00:00","og_image":[{"url":"https:\/\/www.sempertea.eu\/wp-content\/uploads\/2021\/07\/comprar-tubo-de-ensayo-rellenos-de-te-verde-semper-tea.jpg","type":"","width":"","height":""}],"twitter_card":"summary_large_image","twitter_image":"https:\/\/www.sempertea.eu\/wp-content\/uploads\/2021\/07\/comprar-tubo-de-ensayo-rellenos-de-te-verde-semper-tea.jpg","twitter_misc":{"Est. reading time":"1 minute"},"schema":{"@context":"https:\/\/schema.org","@graph":[{"@type":"WebPage","@id":"https:\/\/www.sempertea.eu\/tubo-de-cristal-relleno-de-te-detalles-de-boda\/","url":"https:\/\/www.sempertea.eu\/tubo-de-cristal-relleno-de-te-detalles-de-boda\/","name":"Fruit Tea in a Glass Tube for Your Special Day | Wedding Favors","isPartOf":{"@id":"https:\/\/www.sempertea.eu\/#website"},"primaryImageOfPage":{"@id":"https:\/\/www.sempertea.eu\/tubo-de-cristal-relleno-de-te-detalles-de-boda\/#primaryimage"},"image":{"@id":"https:\/\/www.sempertea.eu\/tubo-de-cristal-relleno-de-te-detalles-de-boda\/#primaryimage"},"thumbnailUrl":"https:\/\/www.sempertea.eu\/wp-content\/uploads\/2021\/07\/tubo-de-cristal-relleno-de-te-como-detalles-de-boda-semper-tea.jpg","datePublished":"2021-07-29T10:57:01+00:00","dateModified":"2024-01-22T13:07:56+00:00","description":"Surprise your guests with fruit tea in elegant glass tubes on your special day. Explore unique wedding favors that leave a lasting impression.","breadcrumb":{"@id":"https:\/\/www.sempertea.eu\/tubo-de-cristal-relleno-de-te-detalles-de-boda\/#breadcrumb"},"inLanguage":"en-US","potentialAction":[{"@type":"ReadAction","target":["https:\/\/www.sempertea.eu\/tubo-de-cristal-relleno-de-te-detalles-de-boda\/"]}]},{"@type":"ImageObject","inLanguage":"en-US","@id":"https:\/\/www.sempertea.eu\/tubo-de-cristal-relleno-de-te-detalles-de-boda\/#primaryimage","url":"https:\/\/www.sempertea.eu\/wp-content\/uploads\/2021\/07\/tubo-de-cristal-relleno-de-te-como-detalles-de-boda-semper-tea.jpg","contentUrl":"https:\/\/www.sempertea.eu\/wp-content\/uploads\/2021\/07\/tubo-de-cristal-relleno-de-te-como-detalles-de-boda-semper-tea.jpg","width":1000,"height":1000,"caption":"Detalles de boda original"},{"@type":"BreadcrumbList","@id":"https:\/\/www.sempertea.eu\/tubo-de-cristal-relleno-de-te-detalles-de-boda\/#breadcrumb","itemListElement":[{"@type":"ListItem","position":1,"name":"Portada","item":"https:\/\/www.sempertea.eu\/en\/"},{"@type":"ListItem","position":2,"name":"Shop","item":"https:\/\/www.sempertea.eu\/en\/shop\/"},{"@type":"ListItem","position":3,"name":"PASI\u00d3N FRUIT organic tea I loose leaf tea in glass tube"}]},{"@type":"WebSite","@id":"https:\/\/www.sempertea.eu\/#website","url":"https:\/\/www.sempertea.eu\/","name":"Semper Tea | Mayorista y fabricante de T\u00e9s e Infusiones para hoteles, restaurantes y bares","description":"T\u00e9s e infusiones para hosteler\u00eda, hoteler\u00eda y comercio","potentialAction":[{"@type":"SearchAction","target":{"@type":"EntryPoint","urlTemplate":"https:\/\/www.sempertea.eu\/?s={search_term_string}"},"query-input":{"@type":"PropertyValueSpecification","valueRequired":true,"valueName":"search_term_string"}}],"inLanguage":"en-US"}]}},"_links":{"self":[{"href":"https:\/\/www.sempertea.eu\/en\/wp-json\/wp\/v2\/product\/8020","targetHints":{"allow":["GET"]}}],"collection":[{"href":"https:\/\/www.sempertea.eu\/en\/wp-json\/wp\/v2\/product"}],"about":[{"href":"https:\/\/www.sempertea.eu\/en\/wp-json\/wp\/v2\/types\/product"}],"replies":[{"embeddable":true,"href":"https:\/\/www.sempertea.eu\/en\/wp-json\/wp\/v2\/comments?post=8020"}],"wp:featuredmedia":[{"embeddable":true,"href":"https:\/\/www.sempertea.eu\/en\/wp-json\/wp\/v2\/media\/4179"}],"wp:attachment":[{"href":"https:\/\/www.sempertea.eu\/en\/wp-json\/wp\/v2\/media?parent=8020"}],"wp:term":[{"taxonomy":"product_brand","embeddable":true,"href":"https:\/\/www.sempertea.eu\/en\/wp-json\/wp\/v2\/product_brand?post=8020"},{"taxonomy":"product_cat","embeddable":true,"href":"https:\/\/www.sempertea.eu\/en\/wp-json\/wp\/v2\/product_cat?post=8020"},{"taxonomy":"product_tag","embeddable":true,"href":"https:\/\/www.sempertea.eu\/en\/wp-json\/wp\/v2\/product_tag?post=8020"}],"curies":[{"name":"wp","href":"https:\/\/api.w.org\/{rel}","templated":true}]}}