{"id":8010,"date":"2021-04-30T12:14:46","date_gmt":"2023-07-27T20:51:48","guid":{"rendered":"https:\/\/www.sempertea.eu\/english-breakfast-te-organico-i-tubo-de-ensayo\/"},"modified":"2024-01-22T13:26:25","modified_gmt":"2024-01-22T12:26:25","slug":"tea-gifts-for-events-communions-christening-wedding-baby-shower","status":"publish","type":"product","link":"https:\/\/www.sempertea.eu\/en\/tea-gifts-for-events-communions-christening-wedding-baby-shower\/","title":{"rendered":"ENGLISH BREAKFAST organic tea I loose leaf tea in glass tube"},"content":{"rendered":"<h2>English Breakfast Tea in lovely glass test tube<\/h2>\n<p>Our delightful tea gifts are ideal to surprise guests at special occasions like communions, baptisms, and weddings. Amaze your loved ones with this high-quality tea, beautifully presented with an elegant touch.<\/p>\n<p>Carefully chosen, our English Breakfast tea blend promises a journey of flavours with every sip, creating moments of pure bliss.<\/p>\n<h4><strong>Personalised tea gifts for memorable events<\/strong><\/h4>\n<p>Are you searching for a distinctive, personalised gift for your guests? Our tea glass test tube is the ideal choice. Make your event truly special with these personalise tea gifts, leaving cherished memories for all attendees. Ideal present for events, communions, christenings, weddings, and baby showers.<\/p>\n<p>&nbsp;<\/p>\n","protected":false},"excerpt":{"rendered":"<p><strong>Full-bodied, bold and strong<\/strong><\/p>\n<p>Lovely glass test tubes filled with English Breakfast, a boldly flavoured blend of black loose leaf teas. A cup of intense, bold flavours. A favourite for the real tea lover. Each glass tube makes approximately 5-7 cups. Beautiful and original as a corporate gift or wedding detail.<\/p>\n","protected":false},"featured_media":4025,"comment_status":"open","ping_status":"closed","template":"","meta":[],"product_brand":[],"product_cat":[163,167,154,189,155,195,160,161,162],"product_tag":[],"class_list":{"0":"post-8010","1":"product","2":"type-product","3":"status-publish","4":"has-post-thumbnail","6":"product_cat-product-brochure-of-tea","7":"product_cat-buy-online-organic-black-tea","8":"product_cat-unique-exclusive-tea-collections","9":"product_cat-whole-leaf-tea-in-glass-jar-tubes-organic","10":"product_cat-types-of-tea-packaging","11":"product_cat-buy-tea-gift-for-tea-lover-organic-glass-tube","12":"product_cat-teas-and-tisanes-organic-buy-online","13":"product_cat-exclusive-tea-line","14":"product_cat-todos-en","16":"first","17":"instock","18":"shipping-taxable","19":"purchasable","20":"product-type-simple"},"yoast_head":"<!-- This site is optimized with the Yoast SEO Premium plugin v27.3 (Yoast SEO v27.4) - https:\/\/yoast.com\/product\/yoast-seo-premium-wordpress\/ -->\n<title>English Breakfast Tea in a Test Tube: Discover Delightful Tea Gifts<\/title>\n<meta name=\"description\" content=\"English Breakfast Tea in a stylish test tube. Discover delicious gifts with tea for events, communions, christenings, weddings, baby shower.\" \/>\n<meta name=\"robots\" content=\"index, follow, max-snippet:-1, max-image-preview:large, max-video-preview:-1\" \/>\n<link rel=\"canonical\" href=\"https:\/\/www.sempertea.eu\/en\/tea-gifts-for-events-communions-christening-wedding-baby-shower\/\" \/>\n<meta property=\"og:locale\" content=\"en_US\" \/>\n<meta property=\"og:type\" content=\"article\" \/>\n<meta property=\"og:title\" content=\"ENGLISH BREAKFAST organic tea I loose leaf tea in glass tube\" \/>\n<meta property=\"og:description\" content=\"English Breakfast Tea in a stylish test tube. Discover delicious gifts with tea for events, communions, christenings, weddings, baby shower.\" \/>\n<meta property=\"og:url\" content=\"https:\/\/www.sempertea.eu\/en\/tea-gifts-for-events-communions-christening-wedding-baby-shower\/\" \/>\n<meta property=\"og:site_name\" content=\"Semper Tea | Mayorista y fabricante de T\u00e9s e Infusiones para hoteles, restaurantes y bares\" \/>\n<meta property=\"article:modified_time\" content=\"2024-01-22T12:26:25+00:00\" \/>\n<meta property=\"og:image\" content=\"https:\/\/www.sempertea.eu\/wp-content\/uploads\/2021\/04\/english-breakfast-tubo-de-cristal-regalos-con-te-semper-tea.jpg\" \/>\n<meta name=\"twitter:card\" content=\"summary_large_image\" \/>\n<meta name=\"twitter:image\" content=\"https:\/\/www.sempertea.eu\/wp-content\/uploads\/2021\/04\/english-breakfast-tubo-de-cristal-regalos-con-te-semper-tea.jpg\" \/>\n<meta name=\"twitter:label1\" content=\"Est. reading time\" \/>\n\t<meta name=\"twitter:data1\" content=\"1 minute\" \/>\n<script type=\"application\/ld+json\" class=\"yoast-schema-graph\">{\"@context\":\"https:\\\/\\\/schema.org\",\"@graph\":[{\"@type\":\"WebPage\",\"@id\":\"https:\\\/\\\/www.sempertea.eu\\\/en\\\/tea-gifts-for-events-communions-christening-wedding-baby-shower\\\/\",\"url\":\"https:\\\/\\\/www.sempertea.eu\\\/en\\\/tea-gifts-for-events-communions-christening-wedding-baby-shower\\\/\",\"name\":\"English Breakfast Tea in a Test Tube: Discover Delightful Tea Gifts\",\"isPartOf\":{\"@id\":\"https:\\\/\\\/www.sempertea.eu\\\/#website\"},\"primaryImageOfPage\":{\"@id\":\"https:\\\/\\\/www.sempertea.eu\\\/en\\\/tea-gifts-for-events-communions-christening-wedding-baby-shower\\\/#primaryimage\"},\"image\":{\"@id\":\"https:\\\/\\\/www.sempertea.eu\\\/en\\\/tea-gifts-for-events-communions-christening-wedding-baby-shower\\\/#primaryimage\"},\"thumbnailUrl\":\"https:\\\/\\\/www.sempertea.eu\\\/wp-content\\\/uploads\\\/2021\\\/04\\\/te-english-breakfast-tubo-ensayo-regalos-con-te-semper-tea.jpg\",\"datePublished\":\"2023-07-27T20:51:48+00:00\",\"dateModified\":\"2024-01-22T12:26:25+00:00\",\"description\":\"English Breakfast Tea in a stylish test tube. Discover delicious gifts with tea for events, communions, christenings, weddings, baby shower.\",\"breadcrumb\":{\"@id\":\"https:\\\/\\\/www.sempertea.eu\\\/en\\\/tea-gifts-for-events-communions-christening-wedding-baby-shower\\\/#breadcrumb\"},\"inLanguage\":\"en-US\",\"potentialAction\":[{\"@type\":\"ReadAction\",\"target\":[\"https:\\\/\\\/www.sempertea.eu\\\/en\\\/tea-gifts-for-events-communions-christening-wedding-baby-shower\\\/\"]}]},{\"@type\":\"ImageObject\",\"inLanguage\":\"en-US\",\"@id\":\"https:\\\/\\\/www.sempertea.eu\\\/en\\\/tea-gifts-for-events-communions-christening-wedding-baby-shower\\\/#primaryimage\",\"url\":\"https:\\\/\\\/www.sempertea.eu\\\/wp-content\\\/uploads\\\/2021\\\/04\\\/te-english-breakfast-tubo-ensayo-regalos-con-te-semper-tea.jpg\",\"contentUrl\":\"https:\\\/\\\/www.sempertea.eu\\\/wp-content\\\/uploads\\\/2021\\\/04\\\/te-english-breakfast-tubo-ensayo-regalos-con-te-semper-tea.jpg\",\"width\":1000,\"height\":1000,\"caption\":\"T\u00e9 English Breakfast en tubo de ensayo | Regalos con t\u00e9\"},{\"@type\":\"BreadcrumbList\",\"@id\":\"https:\\\/\\\/www.sempertea.eu\\\/en\\\/tea-gifts-for-events-communions-christening-wedding-baby-shower\\\/#breadcrumb\",\"itemListElement\":[{\"@type\":\"ListItem\",\"position\":1,\"name\":\"Portada\",\"item\":\"https:\\\/\\\/www.sempertea.eu\\\/en\\\/\"},{\"@type\":\"ListItem\",\"position\":2,\"name\":\"Shop\",\"item\":\"https:\\\/\\\/www.sempertea.eu\\\/en\\\/shop\\\/\"},{\"@type\":\"ListItem\",\"position\":3,\"name\":\"ENGLISH BREAKFAST organic tea I loose leaf tea in glass tube\"}]},{\"@type\":\"WebSite\",\"@id\":\"https:\\\/\\\/www.sempertea.eu\\\/#website\",\"url\":\"https:\\\/\\\/www.sempertea.eu\\\/\",\"name\":\"Semper Tea | Mayorista y fabricante de T\u00e9s e Infusiones para hoteles, restaurantes y bares\",\"description\":\"T\u00e9s e infusiones para hosteler\u00eda, hoteler\u00eda y comercio\",\"potentialAction\":[{\"@type\":\"SearchAction\",\"target\":{\"@type\":\"EntryPoint\",\"urlTemplate\":\"https:\\\/\\\/www.sempertea.eu\\\/?s={search_term_string}\"},\"query-input\":{\"@type\":\"PropertyValueSpecification\",\"valueRequired\":true,\"valueName\":\"search_term_string\"}}],\"inLanguage\":\"en-US\"}]}<\/script>\n<!-- \/ Yoast SEO Premium plugin. -->","yoast_head_json":{"title":"English Breakfast Tea in a Test Tube: Discover Delightful Tea Gifts","description":"English Breakfast Tea in a stylish test tube. Discover delicious gifts with tea for events, communions, christenings, weddings, baby shower.","robots":{"index":"index","follow":"follow","max-snippet":"max-snippet:-1","max-image-preview":"max-image-preview:large","max-video-preview":"max-video-preview:-1"},"canonical":"https:\/\/www.sempertea.eu\/en\/tea-gifts-for-events-communions-christening-wedding-baby-shower\/","og_locale":"en_US","og_type":"article","og_title":"ENGLISH BREAKFAST organic tea I loose leaf tea in glass tube","og_description":"English Breakfast Tea in a stylish test tube. Discover delicious gifts with tea for events, communions, christenings, weddings, baby shower.","og_url":"https:\/\/www.sempertea.eu\/en\/tea-gifts-for-events-communions-christening-wedding-baby-shower\/","og_site_name":"Semper Tea | Mayorista y fabricante de T\u00e9s e Infusiones para hoteles, restaurantes y bares","article_modified_time":"2024-01-22T12:26:25+00:00","og_image":[{"url":"https:\/\/www.sempertea.eu\/wp-content\/uploads\/2021\/04\/english-breakfast-tubo-de-cristal-regalos-con-te-semper-tea.jpg","type":"","width":"","height":""}],"twitter_card":"summary_large_image","twitter_image":"https:\/\/www.sempertea.eu\/wp-content\/uploads\/2021\/04\/english-breakfast-tubo-de-cristal-regalos-con-te-semper-tea.jpg","twitter_misc":{"Est. reading time":"1 minute"},"schema":{"@context":"https:\/\/schema.org","@graph":[{"@type":"WebPage","@id":"https:\/\/www.sempertea.eu\/en\/tea-gifts-for-events-communions-christening-wedding-baby-shower\/","url":"https:\/\/www.sempertea.eu\/en\/tea-gifts-for-events-communions-christening-wedding-baby-shower\/","name":"English Breakfast Tea in a Test Tube: Discover Delightful Tea Gifts","isPartOf":{"@id":"https:\/\/www.sempertea.eu\/#website"},"primaryImageOfPage":{"@id":"https:\/\/www.sempertea.eu\/en\/tea-gifts-for-events-communions-christening-wedding-baby-shower\/#primaryimage"},"image":{"@id":"https:\/\/www.sempertea.eu\/en\/tea-gifts-for-events-communions-christening-wedding-baby-shower\/#primaryimage"},"thumbnailUrl":"https:\/\/www.sempertea.eu\/wp-content\/uploads\/2021\/04\/te-english-breakfast-tubo-ensayo-regalos-con-te-semper-tea.jpg","datePublished":"2023-07-27T20:51:48+00:00","dateModified":"2024-01-22T12:26:25+00:00","description":"English Breakfast Tea in a stylish test tube. Discover delicious gifts with tea for events, communions, christenings, weddings, baby shower.","breadcrumb":{"@id":"https:\/\/www.sempertea.eu\/en\/tea-gifts-for-events-communions-christening-wedding-baby-shower\/#breadcrumb"},"inLanguage":"en-US","potentialAction":[{"@type":"ReadAction","target":["https:\/\/www.sempertea.eu\/en\/tea-gifts-for-events-communions-christening-wedding-baby-shower\/"]}]},{"@type":"ImageObject","inLanguage":"en-US","@id":"https:\/\/www.sempertea.eu\/en\/tea-gifts-for-events-communions-christening-wedding-baby-shower\/#primaryimage","url":"https:\/\/www.sempertea.eu\/wp-content\/uploads\/2021\/04\/te-english-breakfast-tubo-ensayo-regalos-con-te-semper-tea.jpg","contentUrl":"https:\/\/www.sempertea.eu\/wp-content\/uploads\/2021\/04\/te-english-breakfast-tubo-ensayo-regalos-con-te-semper-tea.jpg","width":1000,"height":1000,"caption":"T\u00e9 English Breakfast en tubo de ensayo | Regalos con t\u00e9"},{"@type":"BreadcrumbList","@id":"https:\/\/www.sempertea.eu\/en\/tea-gifts-for-events-communions-christening-wedding-baby-shower\/#breadcrumb","itemListElement":[{"@type":"ListItem","position":1,"name":"Portada","item":"https:\/\/www.sempertea.eu\/en\/"},{"@type":"ListItem","position":2,"name":"Shop","item":"https:\/\/www.sempertea.eu\/en\/shop\/"},{"@type":"ListItem","position":3,"name":"ENGLISH BREAKFAST organic tea I loose leaf tea in glass tube"}]},{"@type":"WebSite","@id":"https:\/\/www.sempertea.eu\/#website","url":"https:\/\/www.sempertea.eu\/","name":"Semper Tea | Mayorista y fabricante de T\u00e9s e Infusiones para hoteles, restaurantes y bares","description":"T\u00e9s e infusiones para hosteler\u00eda, hoteler\u00eda y comercio","potentialAction":[{"@type":"SearchAction","target":{"@type":"EntryPoint","urlTemplate":"https:\/\/www.sempertea.eu\/?s={search_term_string}"},"query-input":{"@type":"PropertyValueSpecification","valueRequired":true,"valueName":"search_term_string"}}],"inLanguage":"en-US"}]}},"_links":{"self":[{"href":"https:\/\/www.sempertea.eu\/en\/wp-json\/wp\/v2\/product\/8010","targetHints":{"allow":["GET"]}}],"collection":[{"href":"https:\/\/www.sempertea.eu\/en\/wp-json\/wp\/v2\/product"}],"about":[{"href":"https:\/\/www.sempertea.eu\/en\/wp-json\/wp\/v2\/types\/product"}],"replies":[{"embeddable":true,"href":"https:\/\/www.sempertea.eu\/en\/wp-json\/wp\/v2\/comments?post=8010"}],"wp:featuredmedia":[{"embeddable":true,"href":"https:\/\/www.sempertea.eu\/en\/wp-json\/wp\/v2\/media\/4025"}],"wp:attachment":[{"href":"https:\/\/www.sempertea.eu\/en\/wp-json\/wp\/v2\/media?parent=8010"}],"wp:term":[{"taxonomy":"product_brand","embeddable":true,"href":"https:\/\/www.sempertea.eu\/en\/wp-json\/wp\/v2\/product_brand?post=8010"},{"taxonomy":"product_cat","embeddable":true,"href":"https:\/\/www.sempertea.eu\/en\/wp-json\/wp\/v2\/product_cat?post=8010"},{"taxonomy":"product_tag","embeddable":true,"href":"https:\/\/www.sempertea.eu\/en\/wp-json\/wp\/v2\/product_tag?post=8010"}],"curies":[{"name":"wp","href":"https:\/\/api.w.org\/{rel}","templated":true}]}}