{"id":8005,"date":"2021-08-03T17:54:46","date_gmt":"2023-07-27T17:54:34","guid":{"rendered":"https:\/\/www.sempertea.eu\/earl-grey-crema-te-organico-i-tubo-de-ensayo\/"},"modified":"2024-01-22T13:14:40","modified_gmt":"2024-01-22T12:14:40","slug":"small-gifts-with-style-filled-with-flavoured-black-tea-in-glass-tube","status":"publish","type":"product","link":"https:\/\/www.sempertea.eu\/en\/small-gifts-with-style-filled-with-flavoured-black-tea-in-glass-tube\/","title":{"rendered":"EARL GREY CREMA organic tea I loose leaf tea in glass tube"},"content":{"rendered":"<h2>Flavoured Black Tea in Glass Tube: A Stylish Small Gift for Tea Enthusiasts<\/h2>\n<p>This tea presentation makes for an elegant and stylish small gift that would surely delight any tea enthusiast. Whether it&#8217;s a friend, family member, colleague, or a special someone, anyone would appreciate the charm of this thoughtful present.<\/p>\n<h3>A thoughtful present<\/h3>\n<p>These lovely glass tube tea sets offer a true tea-drinking experience, perfect for relaxing on your own or sharing it with loved ones at afternoon tea.<\/p>\n<p>Small gifts with style are perfect for various celebrations like birthdays, anniversaries, or as a token of appreciation during holidays and special events. They also serve as delightful party favours or thank-you gestures for guests at weddings or corporate events.<\/p>\n<h4><strong>Indulging in a special tea moment<\/strong><\/h4>\n<p>These tea glass tubes make an ideal treat for oneself\u2014a self-care indulgence that promises moments of relaxation and tranquility. The elegant presentation of the gift adds an extra touch of sophistication, making it a true expression of taste and refinement.<\/p>\n<p>Whenever you want to show someone you care, choose small gifts with style. Like flavoured black tea in a glass tube. Embrace the art of gifting with these original tea tubes that leave a lasting impression and warm the hearts of those who receive them.<\/p>\n","protected":false},"excerpt":{"rendered":"<p><strong>Intense and bold delicately scented<br \/>\n<\/strong><\/p>\n<p>Distinctive for its intense and elegant flavour, this bold blend of black tea is delicately scented with the citrus hint of bergamot. Beautifull presented in glass test tubes, filled with organic loose leaf tea. Each glass tube makes approximately 6-8 cups. Ideal as a corporate gift or wedding detail.<\/p>\n","protected":false},"featured_media":4223,"comment_status":"open","ping_status":"closed","template":"","meta":[],"product_brand":[],"product_cat":[163,167,154,189,155,195,160,161,162],"product_tag":[],"class_list":{"0":"post-8005","1":"product","2":"type-product","3":"status-publish","4":"has-post-thumbnail","6":"product_cat-product-brochure-of-tea","7":"product_cat-buy-online-organic-black-tea","8":"product_cat-unique-exclusive-tea-collections","9":"product_cat-whole-leaf-tea-in-glass-jar-tubes-organic","10":"product_cat-types-of-tea-packaging","11":"product_cat-buy-tea-gift-for-tea-lover-organic-glass-tube","12":"product_cat-teas-and-tisanes-organic-buy-online","13":"product_cat-exclusive-tea-line","14":"product_cat-todos-en","16":"first","17":"instock","18":"shipping-taxable","19":"purchasable","20":"product-type-simple"},"yoast_head":"<!-- This site is optimized with the Yoast SEO Premium plugin v27.3 (Yoast SEO v27.4) - https:\/\/yoast.com\/product\/yoast-seo-premium-wordpress\/ -->\n<title>Small gifts with style filled with Flavoured black tea in glass tube<\/title>\n<meta name=\"description\" content=\"Discover small gifts with style: classic Earl Grey infused with a touch of bergamot. Unique popular flavoured black tea in charming glass tube\" \/>\n<meta name=\"robots\" content=\"index, follow, max-snippet:-1, max-image-preview:large, max-video-preview:-1\" \/>\n<link rel=\"canonical\" href=\"https:\/\/www.sempertea.eu\/en\/small-gifts-with-style-filled-with-flavoured-black-tea-in-glass-tube\/\" \/>\n<meta property=\"og:locale\" content=\"en_US\" \/>\n<meta property=\"og:type\" content=\"article\" \/>\n<meta property=\"og:title\" content=\"EARL GREY CREMA organic tea I loose leaf tea in glass tube\" \/>\n<meta property=\"og:description\" content=\"Discover small gifts with style: classic Earl Grey infused with a touch of bergamot. Unique popular flavoured black tea in charming glass tube\" \/>\n<meta property=\"og:url\" content=\"https:\/\/www.sempertea.eu\/en\/small-gifts-with-style-filled-with-flavoured-black-tea-in-glass-tube\/\" \/>\n<meta property=\"og:site_name\" content=\"Semper Tea | Mayorista y fabricante de T\u00e9s e Infusiones para hoteles, restaurantes y bares\" \/>\n<meta property=\"article:modified_time\" content=\"2024-01-22T12:14:40+00:00\" \/>\n<meta property=\"og:image\" content=\"https:\/\/www.sempertea.eu\/wp-content\/uploads\/2021\/08\/el-mejor-earl-grey-ecologico-semper-tea.jpg\" \/>\n<meta name=\"twitter:card\" content=\"summary_large_image\" \/>\n<meta name=\"twitter:image\" content=\"https:\/\/www.sempertea.eu\/wp-content\/uploads\/2021\/08\/el-mejor-earl-grey-ecologico-semper-tea.jpg\" \/>\n<meta name=\"twitter:label1\" content=\"Est. reading time\" \/>\n\t<meta name=\"twitter:data1\" content=\"1 minute\" \/>\n<script type=\"application\/ld+json\" class=\"yoast-schema-graph\">{\"@context\":\"https:\\\/\\\/schema.org\",\"@graph\":[{\"@type\":\"WebPage\",\"@id\":\"https:\\\/\\\/www.sempertea.eu\\\/en\\\/small-gifts-with-style-filled-with-flavoured-black-tea-in-glass-tube\\\/\",\"url\":\"https:\\\/\\\/www.sempertea.eu\\\/en\\\/small-gifts-with-style-filled-with-flavoured-black-tea-in-glass-tube\\\/\",\"name\":\"Small gifts with style filled with Flavoured black tea in glass tube\",\"isPartOf\":{\"@id\":\"https:\\\/\\\/www.sempertea.eu\\\/#website\"},\"primaryImageOfPage\":{\"@id\":\"https:\\\/\\\/www.sempertea.eu\\\/en\\\/small-gifts-with-style-filled-with-flavoured-black-tea-in-glass-tube\\\/#primaryimage\"},\"image\":{\"@id\":\"https:\\\/\\\/www.sempertea.eu\\\/en\\\/small-gifts-with-style-filled-with-flavoured-black-tea-in-glass-tube\\\/#primaryimage\"},\"thumbnailUrl\":\"https:\\\/\\\/www.sempertea.eu\\\/wp-content\\\/uploads\\\/2021\\\/08\\\/te-earl-grey-tubo-de-cristal-organico-semper-tea.jpg\",\"datePublished\":\"2023-07-27T17:54:34+00:00\",\"dateModified\":\"2024-01-22T12:14:40+00:00\",\"description\":\"Discover small gifts with style: classic Earl Grey infused with a touch of bergamot. Unique popular flavoured black tea in charming glass tube\",\"breadcrumb\":{\"@id\":\"https:\\\/\\\/www.sempertea.eu\\\/en\\\/small-gifts-with-style-filled-with-flavoured-black-tea-in-glass-tube\\\/#breadcrumb\"},\"inLanguage\":\"en-US\",\"potentialAction\":[{\"@type\":\"ReadAction\",\"target\":[\"https:\\\/\\\/www.sempertea.eu\\\/en\\\/small-gifts-with-style-filled-with-flavoured-black-tea-in-glass-tube\\\/\"]}]},{\"@type\":\"ImageObject\",\"inLanguage\":\"en-US\",\"@id\":\"https:\\\/\\\/www.sempertea.eu\\\/en\\\/small-gifts-with-style-filled-with-flavoured-black-tea-in-glass-tube\\\/#primaryimage\",\"url\":\"https:\\\/\\\/www.sempertea.eu\\\/wp-content\\\/uploads\\\/2021\\\/08\\\/te-earl-grey-tubo-de-cristal-organico-semper-tea.jpg\",\"contentUrl\":\"https:\\\/\\\/www.sempertea.eu\\\/wp-content\\\/uploads\\\/2021\\\/08\\\/te-earl-grey-tubo-de-cristal-organico-semper-tea.jpg\",\"width\":1000,\"height\":1000,\"caption\":\"T\u00e9 Regalo | Earl Grey Crema | T\u00e9 negro aromatizado en tubo de cristal\"},{\"@type\":\"BreadcrumbList\",\"@id\":\"https:\\\/\\\/www.sempertea.eu\\\/en\\\/small-gifts-with-style-filled-with-flavoured-black-tea-in-glass-tube\\\/#breadcrumb\",\"itemListElement\":[{\"@type\":\"ListItem\",\"position\":1,\"name\":\"Portada\",\"item\":\"https:\\\/\\\/www.sempertea.eu\\\/en\\\/\"},{\"@type\":\"ListItem\",\"position\":2,\"name\":\"Shop\",\"item\":\"https:\\\/\\\/www.sempertea.eu\\\/en\\\/shop\\\/\"},{\"@type\":\"ListItem\",\"position\":3,\"name\":\"EARL GREY CREMA organic tea I loose leaf tea in glass tube\"}]},{\"@type\":\"WebSite\",\"@id\":\"https:\\\/\\\/www.sempertea.eu\\\/#website\",\"url\":\"https:\\\/\\\/www.sempertea.eu\\\/\",\"name\":\"Semper Tea | Mayorista y fabricante de T\u00e9s e Infusiones para hoteles, restaurantes y bares\",\"description\":\"T\u00e9s e infusiones para hosteler\u00eda, hoteler\u00eda y comercio\",\"potentialAction\":[{\"@type\":\"SearchAction\",\"target\":{\"@type\":\"EntryPoint\",\"urlTemplate\":\"https:\\\/\\\/www.sempertea.eu\\\/?s={search_term_string}\"},\"query-input\":{\"@type\":\"PropertyValueSpecification\",\"valueRequired\":true,\"valueName\":\"search_term_string\"}}],\"inLanguage\":\"en-US\"}]}<\/script>\n<!-- \/ Yoast SEO Premium plugin. -->","yoast_head_json":{"title":"Small gifts with style filled with Flavoured black tea in glass tube","description":"Discover small gifts with style: classic Earl Grey infused with a touch of bergamot. Unique popular flavoured black tea in charming glass tube","robots":{"index":"index","follow":"follow","max-snippet":"max-snippet:-1","max-image-preview":"max-image-preview:large","max-video-preview":"max-video-preview:-1"},"canonical":"https:\/\/www.sempertea.eu\/en\/small-gifts-with-style-filled-with-flavoured-black-tea-in-glass-tube\/","og_locale":"en_US","og_type":"article","og_title":"EARL GREY CREMA organic tea I loose leaf tea in glass tube","og_description":"Discover small gifts with style: classic Earl Grey infused with a touch of bergamot. Unique popular flavoured black tea in charming glass tube","og_url":"https:\/\/www.sempertea.eu\/en\/small-gifts-with-style-filled-with-flavoured-black-tea-in-glass-tube\/","og_site_name":"Semper Tea | Mayorista y fabricante de T\u00e9s e Infusiones para hoteles, restaurantes y bares","article_modified_time":"2024-01-22T12:14:40+00:00","og_image":[{"url":"https:\/\/www.sempertea.eu\/wp-content\/uploads\/2021\/08\/el-mejor-earl-grey-ecologico-semper-tea.jpg","type":"","width":"","height":""}],"twitter_card":"summary_large_image","twitter_image":"https:\/\/www.sempertea.eu\/wp-content\/uploads\/2021\/08\/el-mejor-earl-grey-ecologico-semper-tea.jpg","twitter_misc":{"Est. reading time":"1 minute"},"schema":{"@context":"https:\/\/schema.org","@graph":[{"@type":"WebPage","@id":"https:\/\/www.sempertea.eu\/en\/small-gifts-with-style-filled-with-flavoured-black-tea-in-glass-tube\/","url":"https:\/\/www.sempertea.eu\/en\/small-gifts-with-style-filled-with-flavoured-black-tea-in-glass-tube\/","name":"Small gifts with style filled with Flavoured black tea in glass tube","isPartOf":{"@id":"https:\/\/www.sempertea.eu\/#website"},"primaryImageOfPage":{"@id":"https:\/\/www.sempertea.eu\/en\/small-gifts-with-style-filled-with-flavoured-black-tea-in-glass-tube\/#primaryimage"},"image":{"@id":"https:\/\/www.sempertea.eu\/en\/small-gifts-with-style-filled-with-flavoured-black-tea-in-glass-tube\/#primaryimage"},"thumbnailUrl":"https:\/\/www.sempertea.eu\/wp-content\/uploads\/2021\/08\/te-earl-grey-tubo-de-cristal-organico-semper-tea.jpg","datePublished":"2023-07-27T17:54:34+00:00","dateModified":"2024-01-22T12:14:40+00:00","description":"Discover small gifts with style: classic Earl Grey infused with a touch of bergamot. Unique popular flavoured black tea in charming glass tube","breadcrumb":{"@id":"https:\/\/www.sempertea.eu\/en\/small-gifts-with-style-filled-with-flavoured-black-tea-in-glass-tube\/#breadcrumb"},"inLanguage":"en-US","potentialAction":[{"@type":"ReadAction","target":["https:\/\/www.sempertea.eu\/en\/small-gifts-with-style-filled-with-flavoured-black-tea-in-glass-tube\/"]}]},{"@type":"ImageObject","inLanguage":"en-US","@id":"https:\/\/www.sempertea.eu\/en\/small-gifts-with-style-filled-with-flavoured-black-tea-in-glass-tube\/#primaryimage","url":"https:\/\/www.sempertea.eu\/wp-content\/uploads\/2021\/08\/te-earl-grey-tubo-de-cristal-organico-semper-tea.jpg","contentUrl":"https:\/\/www.sempertea.eu\/wp-content\/uploads\/2021\/08\/te-earl-grey-tubo-de-cristal-organico-semper-tea.jpg","width":1000,"height":1000,"caption":"T\u00e9 Regalo | Earl Grey Crema | T\u00e9 negro aromatizado en tubo de cristal"},{"@type":"BreadcrumbList","@id":"https:\/\/www.sempertea.eu\/en\/small-gifts-with-style-filled-with-flavoured-black-tea-in-glass-tube\/#breadcrumb","itemListElement":[{"@type":"ListItem","position":1,"name":"Portada","item":"https:\/\/www.sempertea.eu\/en\/"},{"@type":"ListItem","position":2,"name":"Shop","item":"https:\/\/www.sempertea.eu\/en\/shop\/"},{"@type":"ListItem","position":3,"name":"EARL GREY CREMA organic tea I loose leaf tea in glass tube"}]},{"@type":"WebSite","@id":"https:\/\/www.sempertea.eu\/#website","url":"https:\/\/www.sempertea.eu\/","name":"Semper Tea | Mayorista y fabricante de T\u00e9s e Infusiones para hoteles, restaurantes y bares","description":"T\u00e9s e infusiones para hosteler\u00eda, hoteler\u00eda y comercio","potentialAction":[{"@type":"SearchAction","target":{"@type":"EntryPoint","urlTemplate":"https:\/\/www.sempertea.eu\/?s={search_term_string}"},"query-input":{"@type":"PropertyValueSpecification","valueRequired":true,"valueName":"search_term_string"}}],"inLanguage":"en-US"}]}},"_links":{"self":[{"href":"https:\/\/www.sempertea.eu\/en\/wp-json\/wp\/v2\/product\/8005","targetHints":{"allow":["GET"]}}],"collection":[{"href":"https:\/\/www.sempertea.eu\/en\/wp-json\/wp\/v2\/product"}],"about":[{"href":"https:\/\/www.sempertea.eu\/en\/wp-json\/wp\/v2\/types\/product"}],"replies":[{"embeddable":true,"href":"https:\/\/www.sempertea.eu\/en\/wp-json\/wp\/v2\/comments?post=8005"}],"wp:featuredmedia":[{"embeddable":true,"href":"https:\/\/www.sempertea.eu\/en\/wp-json\/wp\/v2\/media\/4223"}],"wp:attachment":[{"href":"https:\/\/www.sempertea.eu\/en\/wp-json\/wp\/v2\/media?parent=8005"}],"wp:term":[{"taxonomy":"product_brand","embeddable":true,"href":"https:\/\/www.sempertea.eu\/en\/wp-json\/wp\/v2\/product_brand?post=8005"},{"taxonomy":"product_cat","embeddable":true,"href":"https:\/\/www.sempertea.eu\/en\/wp-json\/wp\/v2\/product_cat?post=8005"},{"taxonomy":"product_tag","embeddable":true,"href":"https:\/\/www.sempertea.eu\/en\/wp-json\/wp\/v2\/product_tag?post=8005"}],"curies":[{"name":"wp","href":"https:\/\/api.w.org\/{rel}","templated":true}]}}