{"id":7944,"date":"2021-08-05T10:06:31","date_gmt":"2023-07-22T19:10:32","guid":{"rendered":"https:\/\/www.sempertea.eu\/camomile-manzanilla-en-flor-entera-i-a-granel-en-tarro\/"},"modified":"2025-07-09T17:13:47","modified_gmt":"2025-07-09T15:13:47","slug":"golden-camomile-organic-loose-tea-gift","status":"publish","type":"product","link":"https:\/\/www.sempertea.eu\/en\/golden-camomile-organic-loose-tea-gift\/","title":{"rendered":"CAMOMILE BLOOM pure chamomile flower organic | Natural calming herbal tea"},"content":{"rendered":"<h2>Discover the powerhouse flower: Camomile<\/h2>\n<p>Step into the world of traditional folk remedies with our organic camomile tea, brimming with natural goodness and medicinal properties.<\/p>\n<h3>Embrace the possible restorative benefits:<\/h3>\n<ol>\n<li>Experience tranquil nights and reduced stress with its soothing sleep<\/li>\n<li>Boost your immune system with anti-bacterial properties, guarding against winter&#8217;s common cold.<\/li>\n<li>Relish its anti-inflammatory wonders, perfect for skin irritations and soothing eye inflammations.<\/li>\n<\/ol>\n<p>Semper Tea&#8217;s &#8216;Camomile&#8217; are whole and pure flowers, 100% natural. Unleash the therapeutic magic of camomile and enjoy wellness, one sip at a time.<\/p>\n","protected":false},"excerpt":{"rendered":"<p><strong>Pure goodness, caffeine free<\/strong><\/p>\n<p>This organic selection of whole camomile flowers has a particularly delicate aroma with a hint of sweetness. A cup of pure goodness. Enjoy this warming and embracing tea which can help you unwind and relax.<\/p>\n","protected":false},"featured_media":16916,"comment_status":"open","ping_status":"closed","template":"","meta":[],"product_brand":[],"product_cat":[163,154,189,155,194,158,160,161,162],"product_tag":[],"class_list":{"0":"post-7944","1":"product","2":"type-product","3":"status-publish","4":"has-post-thumbnail","6":"product_cat-product-brochure-of-tea","7":"product_cat-unique-exclusive-tea-collections","8":"product_cat-whole-leaf-tea-in-glass-jar-tubes-organic","9":"product_cat-types-of-tea-packaging","10":"product_cat-eco-friendly-sustainable-packaging","11":"product_cat-the-best-herbal-teas-organic-online-shop","12":"product_cat-teas-and-tisanes-organic-buy-online","13":"product_cat-exclusive-tea-line","14":"product_cat-todos-en","16":"first","17":"instock","18":"shipping-taxable","19":"purchasable","20":"product-type-simple"},"yoast_head":"<!-- This site is optimized with the Yoast SEO Premium plugin v27.3 (Yoast SEO v27.4) - https:\/\/yoast.com\/product\/yoast-seo-premium-wordpress\/ -->\n<title>Golden Camomile \u2013 Organic loose chamomile | Tea Gift<\/title>\n<meta name=\"description\" content=\"Organic whole camomile flowers, delicately aromatic with a sweet note, inviting relaxation and savouring the present moment. Just bliss.\" \/>\n<meta name=\"robots\" content=\"index, follow, max-snippet:-1, max-image-preview:large, max-video-preview:-1\" \/>\n<link rel=\"canonical\" href=\"https:\/\/www.sempertea.eu\/en\/golden-camomile-organic-loose-tea-gift\/\" \/>\n<meta property=\"og:locale\" content=\"en_US\" \/>\n<meta property=\"og:type\" content=\"article\" \/>\n<meta property=\"og:title\" content=\"CAMOMILE BLOOM pure chamomile flower organic | Natural calming herbal tea\" \/>\n<meta property=\"og:description\" content=\"Organic whole camomile flowers, delicately aromatic with a sweet note, inviting relaxation and savouring the present moment. Just bliss.\" \/>\n<meta property=\"og:url\" content=\"https:\/\/www.sempertea.eu\/en\/golden-camomile-organic-loose-tea-gift\/\" \/>\n<meta property=\"og:site_name\" content=\"Semper Tea | Mayorista y fabricante de T\u00e9s e Infusiones para hoteles, restaurantes y bares\" \/>\n<meta property=\"article:modified_time\" content=\"2025-07-09T15:13:47+00:00\" \/>\n<meta property=\"og:image\" content=\"https:\/\/www.sempertea.eu\/wp-content\/uploads\/2021\/08\/la-mejor-manzanilla-a-granel-semper-tea.jpg\" \/>\n<meta name=\"twitter:card\" content=\"summary_large_image\" \/>\n<meta name=\"twitter:image\" content=\"https:\/\/www.sempertea.eu\/wp-content\/uploads\/2021\/08\/gama-de-te-con-entrega-urgente-manzanilla-organica-semper-tea.jpg\" \/>\n<meta name=\"twitter:label1\" content=\"Est. reading time\" \/>\n\t<meta name=\"twitter:data1\" content=\"1 minute\" \/>\n<script type=\"application\/ld+json\" class=\"yoast-schema-graph\">{\"@context\":\"https:\\\/\\\/schema.org\",\"@graph\":[{\"@type\":\"WebPage\",\"@id\":\"https:\\\/\\\/www.sempertea.eu\\\/en\\\/golden-camomile-organic-loose-tea-gift\\\/\",\"url\":\"https:\\\/\\\/www.sempertea.eu\\\/en\\\/golden-camomile-organic-loose-tea-gift\\\/\",\"name\":\"Golden Camomile \u2013 Organic loose chamomile | Tea Gift\",\"isPartOf\":{\"@id\":\"https:\\\/\\\/www.sempertea.eu\\\/#website\"},\"primaryImageOfPage\":{\"@id\":\"https:\\\/\\\/www.sempertea.eu\\\/en\\\/golden-camomile-organic-loose-tea-gift\\\/#primaryimage\"},\"image\":{\"@id\":\"https:\\\/\\\/www.sempertea.eu\\\/en\\\/golden-camomile-organic-loose-tea-gift\\\/#primaryimage\"},\"thumbnailUrl\":\"https:\\\/\\\/www.sempertea.eu\\\/wp-content\\\/uploads\\\/2025\\\/07\\\/manzanilla-pura-ecologica-flor-hoja-infusion-detalle-natural-sempertea.jpg\",\"datePublished\":\"2023-07-22T19:10:32+00:00\",\"dateModified\":\"2025-07-09T15:13:47+00:00\",\"description\":\"Organic whole camomile flowers, delicately aromatic with a sweet note, inviting relaxation and savouring the present moment. Just bliss.\",\"breadcrumb\":{\"@id\":\"https:\\\/\\\/www.sempertea.eu\\\/en\\\/golden-camomile-organic-loose-tea-gift\\\/#breadcrumb\"},\"inLanguage\":\"en-US\",\"potentialAction\":[{\"@type\":\"ReadAction\",\"target\":[\"https:\\\/\\\/www.sempertea.eu\\\/en\\\/golden-camomile-organic-loose-tea-gift\\\/\"]}]},{\"@type\":\"ImageObject\",\"inLanguage\":\"en-US\",\"@id\":\"https:\\\/\\\/www.sempertea.eu\\\/en\\\/golden-camomile-organic-loose-tea-gift\\\/#primaryimage\",\"url\":\"https:\\\/\\\/www.sempertea.eu\\\/wp-content\\\/uploads\\\/2025\\\/07\\\/manzanilla-pura-ecologica-flor-hoja-infusion-detalle-natural-sempertea.jpg\",\"contentUrl\":\"https:\\\/\\\/www.sempertea.eu\\\/wp-content\\\/uploads\\\/2025\\\/07\\\/manzanilla-pura-ecologica-flor-hoja-infusion-detalle-natural-sempertea.jpg\",\"width\":1000,\"height\":1000,\"caption\":\"Manzanilla ecol\u00f3gica pura \u2013 Flor entera en tarro de cristal para infusi\u00f3n o detalle natural\"},{\"@type\":\"BreadcrumbList\",\"@id\":\"https:\\\/\\\/www.sempertea.eu\\\/en\\\/golden-camomile-organic-loose-tea-gift\\\/#breadcrumb\",\"itemListElement\":[{\"@type\":\"ListItem\",\"position\":1,\"name\":\"Portada\",\"item\":\"https:\\\/\\\/www.sempertea.eu\\\/en\\\/\"},{\"@type\":\"ListItem\",\"position\":2,\"name\":\"Shop\",\"item\":\"https:\\\/\\\/www.sempertea.eu\\\/en\\\/shop\\\/\"},{\"@type\":\"ListItem\",\"position\":3,\"name\":\"CAMOMILE BLOOM pure chamomile flower organic | Natural calming herbal tea\"}]},{\"@type\":\"WebSite\",\"@id\":\"https:\\\/\\\/www.sempertea.eu\\\/#website\",\"url\":\"https:\\\/\\\/www.sempertea.eu\\\/\",\"name\":\"Semper Tea | Mayorista y fabricante de T\u00e9s e Infusiones para hoteles, restaurantes y bares\",\"description\":\"T\u00e9s e infusiones para hosteler\u00eda, hoteler\u00eda y comercio\",\"potentialAction\":[{\"@type\":\"SearchAction\",\"target\":{\"@type\":\"EntryPoint\",\"urlTemplate\":\"https:\\\/\\\/www.sempertea.eu\\\/?s={search_term_string}\"},\"query-input\":{\"@type\":\"PropertyValueSpecification\",\"valueRequired\":true,\"valueName\":\"search_term_string\"}}],\"inLanguage\":\"en-US\"}]}<\/script>\n<!-- \/ Yoast SEO Premium plugin. -->","yoast_head_json":{"title":"Golden Camomile \u2013 Organic loose chamomile | Tea Gift","description":"Organic whole camomile flowers, delicately aromatic with a sweet note, inviting relaxation and savouring the present moment. Just bliss.","robots":{"index":"index","follow":"follow","max-snippet":"max-snippet:-1","max-image-preview":"max-image-preview:large","max-video-preview":"max-video-preview:-1"},"canonical":"https:\/\/www.sempertea.eu\/en\/golden-camomile-organic-loose-tea-gift\/","og_locale":"en_US","og_type":"article","og_title":"CAMOMILE BLOOM pure chamomile flower organic | Natural calming herbal tea","og_description":"Organic whole camomile flowers, delicately aromatic with a sweet note, inviting relaxation and savouring the present moment. Just bliss.","og_url":"https:\/\/www.sempertea.eu\/en\/golden-camomile-organic-loose-tea-gift\/","og_site_name":"Semper Tea | Mayorista y fabricante de T\u00e9s e Infusiones para hoteles, restaurantes y bares","article_modified_time":"2025-07-09T15:13:47+00:00","og_image":[{"url":"https:\/\/www.sempertea.eu\/wp-content\/uploads\/2021\/08\/la-mejor-manzanilla-a-granel-semper-tea.jpg","type":"","width":"","height":""}],"twitter_card":"summary_large_image","twitter_image":"https:\/\/www.sempertea.eu\/wp-content\/uploads\/2021\/08\/gama-de-te-con-entrega-urgente-manzanilla-organica-semper-tea.jpg","twitter_misc":{"Est. reading time":"1 minute"},"schema":{"@context":"https:\/\/schema.org","@graph":[{"@type":"WebPage","@id":"https:\/\/www.sempertea.eu\/en\/golden-camomile-organic-loose-tea-gift\/","url":"https:\/\/www.sempertea.eu\/en\/golden-camomile-organic-loose-tea-gift\/","name":"Golden Camomile \u2013 Organic loose chamomile | Tea Gift","isPartOf":{"@id":"https:\/\/www.sempertea.eu\/#website"},"primaryImageOfPage":{"@id":"https:\/\/www.sempertea.eu\/en\/golden-camomile-organic-loose-tea-gift\/#primaryimage"},"image":{"@id":"https:\/\/www.sempertea.eu\/en\/golden-camomile-organic-loose-tea-gift\/#primaryimage"},"thumbnailUrl":"https:\/\/www.sempertea.eu\/wp-content\/uploads\/2025\/07\/manzanilla-pura-ecologica-flor-hoja-infusion-detalle-natural-sempertea.jpg","datePublished":"2023-07-22T19:10:32+00:00","dateModified":"2025-07-09T15:13:47+00:00","description":"Organic whole camomile flowers, delicately aromatic with a sweet note, inviting relaxation and savouring the present moment. Just bliss.","breadcrumb":{"@id":"https:\/\/www.sempertea.eu\/en\/golden-camomile-organic-loose-tea-gift\/#breadcrumb"},"inLanguage":"en-US","potentialAction":[{"@type":"ReadAction","target":["https:\/\/www.sempertea.eu\/en\/golden-camomile-organic-loose-tea-gift\/"]}]},{"@type":"ImageObject","inLanguage":"en-US","@id":"https:\/\/www.sempertea.eu\/en\/golden-camomile-organic-loose-tea-gift\/#primaryimage","url":"https:\/\/www.sempertea.eu\/wp-content\/uploads\/2025\/07\/manzanilla-pura-ecologica-flor-hoja-infusion-detalle-natural-sempertea.jpg","contentUrl":"https:\/\/www.sempertea.eu\/wp-content\/uploads\/2025\/07\/manzanilla-pura-ecologica-flor-hoja-infusion-detalle-natural-sempertea.jpg","width":1000,"height":1000,"caption":"Manzanilla ecol\u00f3gica pura \u2013 Flor entera en tarro de cristal para infusi\u00f3n o detalle natural"},{"@type":"BreadcrumbList","@id":"https:\/\/www.sempertea.eu\/en\/golden-camomile-organic-loose-tea-gift\/#breadcrumb","itemListElement":[{"@type":"ListItem","position":1,"name":"Portada","item":"https:\/\/www.sempertea.eu\/en\/"},{"@type":"ListItem","position":2,"name":"Shop","item":"https:\/\/www.sempertea.eu\/en\/shop\/"},{"@type":"ListItem","position":3,"name":"CAMOMILE BLOOM pure chamomile flower organic | Natural calming herbal tea"}]},{"@type":"WebSite","@id":"https:\/\/www.sempertea.eu\/#website","url":"https:\/\/www.sempertea.eu\/","name":"Semper Tea | Mayorista y fabricante de T\u00e9s e Infusiones para hoteles, restaurantes y bares","description":"T\u00e9s e infusiones para hosteler\u00eda, hoteler\u00eda y comercio","potentialAction":[{"@type":"SearchAction","target":{"@type":"EntryPoint","urlTemplate":"https:\/\/www.sempertea.eu\/?s={search_term_string}"},"query-input":{"@type":"PropertyValueSpecification","valueRequired":true,"valueName":"search_term_string"}}],"inLanguage":"en-US"}]}},"_links":{"self":[{"href":"https:\/\/www.sempertea.eu\/en\/wp-json\/wp\/v2\/product\/7944","targetHints":{"allow":["GET"]}}],"collection":[{"href":"https:\/\/www.sempertea.eu\/en\/wp-json\/wp\/v2\/product"}],"about":[{"href":"https:\/\/www.sempertea.eu\/en\/wp-json\/wp\/v2\/types\/product"}],"replies":[{"embeddable":true,"href":"https:\/\/www.sempertea.eu\/en\/wp-json\/wp\/v2\/comments?post=7944"}],"wp:featuredmedia":[{"embeddable":true,"href":"https:\/\/www.sempertea.eu\/en\/wp-json\/wp\/v2\/media\/16916"}],"wp:attachment":[{"href":"https:\/\/www.sempertea.eu\/en\/wp-json\/wp\/v2\/media?parent=7944"}],"wp:term":[{"taxonomy":"product_brand","embeddable":true,"href":"https:\/\/www.sempertea.eu\/en\/wp-json\/wp\/v2\/product_brand?post=7944"},{"taxonomy":"product_cat","embeddable":true,"href":"https:\/\/www.sempertea.eu\/en\/wp-json\/wp\/v2\/product_cat?post=7944"},{"taxonomy":"product_tag","embeddable":true,"href":"https:\/\/www.sempertea.eu\/en\/wp-json\/wp\/v2\/product_tag?post=7944"}],"curies":[{"name":"wp","href":"https:\/\/api.w.org\/{rel}","templated":true}]}}