{"id":6815,"date":"2021-04-30T10:06:05","date_gmt":"2023-02-17T13:05:26","guid":{"rendered":"https:\/\/www.sempertea.eu\/english-breakfast-organic-tea-bags\/"},"modified":"2024-01-18T15:11:19","modified_gmt":"2024-01-18T14:11:19","slug":"english-teabags","status":"publish","type":"product","link":"https:\/\/www.sempertea.eu\/en\/english-teabags\/","title":{"rendered":"ENGLISH BREAKFAST organic in tea bags"},"content":{"rendered":"<h2>Savour the richness English Breakfast Tea<\/h2>\n<p>Experience the delightful essence of <strong>English Breakfast Tea<\/strong>, a timeless classic offered in a convenient tea bags. Our flavourful <strong>Assam black tea<\/strong> will invigorate your senses and ignite your day with passion and boundless energy.<\/p>\n<h3>Caffeine kick with Black Tea<\/h3>\n<p>This rich black tea is known for its full-bodied and intense flavour. With a caffeine kick higher than most teas, it makes for the perfect alternative to coffee. When brewed, its reddish hue entices, and its aromatic and robust taste captivates the palate.<\/p>\n<h4><strong>English Breakfast with milk and sugar\u00a0<\/strong><\/h4>\n<p><strong>English Breakfast teas<\/strong> are a harmonious match with milk and sugar, creating a consistently satisfying and nutritious drink. Dive into a morning ritual like no other and savour every moment with a cup of our <strong>English Breakfast tea<\/strong>.<\/p>\n<p>&nbsp;<\/p>\n","protected":false},"excerpt":{"rendered":"<p><strong>Rich Black Tea full of essence<br \/>\n<\/strong><\/p>\n<p>This English Breakfast is one of our most popular teas, with lots of character and intense flavour. Start the morning with enough energy to embrace the day with this traditional tea. Try it \u00b4white\u00b4 with a bit of milk, like lovers of this classic English tea.<\/p>\n","protected":false},"featured_media":4017,"comment_status":"open","ping_status":"closed","template":"","meta":[],"product_brand":[],"product_cat":[163,167,154,155,160,156,159,161,162],"product_tag":[],"class_list":{"0":"post-6815","1":"product","2":"type-product","3":"status-publish","4":"has-post-thumbnail","6":"product_cat-product-brochure-of-tea","7":"product_cat-buy-online-organic-black-tea","8":"product_cat-unique-exclusive-tea-collections","9":"product_cat-types-of-tea-packaging","10":"product_cat-teas-and-tisanes-organic-buy-online","11":"product_cat-pearl-tea-bag-classic-organic-teas","12":"product_cat-organic-tea-in-classic-tea-bags","13":"product_cat-exclusive-tea-line","14":"product_cat-todos-en","16":"first","17":"instock","18":"shipping-taxable","19":"purchasable","20":"product-type-simple"},"yoast_head":"<!-- This site is optimized with the Yoast SEO Premium plugin v27.3 (Yoast SEO v27.3) - https:\/\/yoast.com\/product\/yoast-seo-premium-wordpress\/ -->\n<title>Buy Organic English Breakfast in 25 TeaBags | Shop Tea Online<\/title>\n<meta name=\"description\" content=\"Enjoy a classic organic English Breakfast with tasty Assam black tea. Start your day with energy. Buy now in teabags!\" \/>\n<meta name=\"robots\" content=\"index, follow, max-snippet:-1, max-image-preview:large, max-video-preview:-1\" \/>\n<link rel=\"canonical\" href=\"https:\/\/www.sempertea.eu\/english-breakfast-te-ingles-eco-en-bolsas-comprar-te-online\/\" \/>\n<meta property=\"og:locale\" content=\"en_US\" \/>\n<meta property=\"og:type\" content=\"article\" \/>\n<meta property=\"og:title\" content=\"ENGLISH BREAKFAST organic in tea bags\" \/>\n<meta property=\"og:description\" content=\"Enjoy a classic organic English Breakfast with tasty Assam black tea. Start your day with energy. Buy now in teabags!\" \/>\n<meta property=\"og:url\" content=\"https:\/\/www.sempertea.eu\/english-breakfast-te-ingles-eco-en-bolsas-comprar-te-online\/\" \/>\n<meta property=\"og:site_name\" content=\"Semper Tea | Mayorista y fabricante de T\u00e9s e Infusiones para hoteles, restaurantes y bares\" \/>\n<meta property=\"article:modified_time\" content=\"2024-01-18T14:11:19+00:00\" \/>\n<meta property=\"og:image\" content=\"https:\/\/www.sempertea.eu\/wp-content\/uploads\/2021\/04\/english-breakfast-te-ingles-ecologico-en-bolsas-comprar-te-online-semper-tea.jpg\" \/>\n<meta name=\"twitter:card\" content=\"summary_large_image\" \/>\n<meta name=\"twitter:image\" content=\"https:\/\/www.sempertea.eu\/wp-content\/uploads\/2021\/04\/te-english-breakfast-te-ingles-marcas-bio-semper-tea.jpg\" \/>\n<meta name=\"twitter:label1\" content=\"Est. reading time\" \/>\n\t<meta name=\"twitter:data1\" content=\"1 minute\" \/>\n<script type=\"application\/ld+json\" class=\"yoast-schema-graph\">{\"@context\":\"https:\\\/\\\/schema.org\",\"@graph\":[{\"@type\":\"WebPage\",\"@id\":\"https:\\\/\\\/www.sempertea.eu\\\/english-breakfast-te-ingles-eco-en-bolsas-comprar-te-online\\\/\",\"url\":\"https:\\\/\\\/www.sempertea.eu\\\/english-breakfast-te-ingles-eco-en-bolsas-comprar-te-online\\\/\",\"name\":\"Buy Organic English Breakfast in 25 TeaBags | Shop Tea Online\",\"isPartOf\":{\"@id\":\"https:\\\/\\\/www.sempertea.eu\\\/#website\"},\"primaryImageOfPage\":{\"@id\":\"https:\\\/\\\/www.sempertea.eu\\\/english-breakfast-te-ingles-eco-en-bolsas-comprar-te-online\\\/#primaryimage\"},\"image\":{\"@id\":\"https:\\\/\\\/www.sempertea.eu\\\/english-breakfast-te-ingles-eco-en-bolsas-comprar-te-online\\\/#primaryimage\"},\"thumbnailUrl\":\"https:\\\/\\\/www.sempertea.eu\\\/wp-content\\\/uploads\\\/2021\\\/04\\\/te-ingles-con-leche-english-breakfast-organico-semper-tea.jpg\",\"datePublished\":\"2023-02-17T13:05:26+00:00\",\"dateModified\":\"2024-01-18T14:11:19+00:00\",\"description\":\"Enjoy a classic organic English Breakfast with tasty Assam black tea. Start your day with energy. Buy now in teabags!\",\"breadcrumb\":{\"@id\":\"https:\\\/\\\/www.sempertea.eu\\\/english-breakfast-te-ingles-eco-en-bolsas-comprar-te-online\\\/#breadcrumb\"},\"inLanguage\":\"en-US\",\"potentialAction\":[{\"@type\":\"ReadAction\",\"target\":[\"https:\\\/\\\/www.sempertea.eu\\\/english-breakfast-te-ingles-eco-en-bolsas-comprar-te-online\\\/\"]}]},{\"@type\":\"ImageObject\",\"inLanguage\":\"en-US\",\"@id\":\"https:\\\/\\\/www.sempertea.eu\\\/english-breakfast-te-ingles-eco-en-bolsas-comprar-te-online\\\/#primaryimage\",\"url\":\"https:\\\/\\\/www.sempertea.eu\\\/wp-content\\\/uploads\\\/2021\\\/04\\\/te-ingles-con-leche-english-breakfast-organico-semper-tea.jpg\",\"contentUrl\":\"https:\\\/\\\/www.sempertea.eu\\\/wp-content\\\/uploads\\\/2021\\\/04\\\/te-ingles-con-leche-english-breakfast-organico-semper-tea.jpg\",\"width\":1500,\"height\":1500,\"caption\":\"te ingles con leche english breakfast organico semper tea\"},{\"@type\":\"BreadcrumbList\",\"@id\":\"https:\\\/\\\/www.sempertea.eu\\\/english-breakfast-te-ingles-eco-en-bolsas-comprar-te-online\\\/#breadcrumb\",\"itemListElement\":[{\"@type\":\"ListItem\",\"position\":1,\"name\":\"Portada\",\"item\":\"https:\\\/\\\/www.sempertea.eu\\\/en\\\/\"},{\"@type\":\"ListItem\",\"position\":2,\"name\":\"Shop\",\"item\":\"https:\\\/\\\/www.sempertea.eu\\\/en\\\/shop\\\/\"},{\"@type\":\"ListItem\",\"position\":3,\"name\":\"ENGLISH BREAKFAST organic in tea bags\"}]},{\"@type\":\"WebSite\",\"@id\":\"https:\\\/\\\/www.sempertea.eu\\\/#website\",\"url\":\"https:\\\/\\\/www.sempertea.eu\\\/\",\"name\":\"Semper Tea | Mayorista y fabricante de T\u00e9s e Infusiones para hoteles, restaurantes y bares\",\"description\":\"T\u00e9s e infusiones para hosteler\u00eda, hoteler\u00eda y comercio\",\"potentialAction\":[{\"@type\":\"SearchAction\",\"target\":{\"@type\":\"EntryPoint\",\"urlTemplate\":\"https:\\\/\\\/www.sempertea.eu\\\/?s={search_term_string}\"},\"query-input\":{\"@type\":\"PropertyValueSpecification\",\"valueRequired\":true,\"valueName\":\"search_term_string\"}}],\"inLanguage\":\"en-US\"}]}<\/script>\n<!-- \/ Yoast SEO Premium plugin. -->","yoast_head_json":{"title":"Buy Organic English Breakfast in 25 TeaBags | Shop Tea Online","description":"Enjoy a classic organic English Breakfast with tasty Assam black tea. Start your day with energy. Buy now in teabags!","robots":{"index":"index","follow":"follow","max-snippet":"max-snippet:-1","max-image-preview":"max-image-preview:large","max-video-preview":"max-video-preview:-1"},"canonical":"https:\/\/www.sempertea.eu\/english-breakfast-te-ingles-eco-en-bolsas-comprar-te-online\/","og_locale":"en_US","og_type":"article","og_title":"ENGLISH BREAKFAST organic in tea bags","og_description":"Enjoy a classic organic English Breakfast with tasty Assam black tea. Start your day with energy. Buy now in teabags!","og_url":"https:\/\/www.sempertea.eu\/english-breakfast-te-ingles-eco-en-bolsas-comprar-te-online\/","og_site_name":"Semper Tea | Mayorista y fabricante de T\u00e9s e Infusiones para hoteles, restaurantes y bares","article_modified_time":"2024-01-18T14:11:19+00:00","og_image":[{"url":"https:\/\/www.sempertea.eu\/wp-content\/uploads\/2021\/04\/english-breakfast-te-ingles-ecologico-en-bolsas-comprar-te-online-semper-tea.jpg","type":"","width":"","height":""}],"twitter_card":"summary_large_image","twitter_image":"https:\/\/www.sempertea.eu\/wp-content\/uploads\/2021\/04\/te-english-breakfast-te-ingles-marcas-bio-semper-tea.jpg","twitter_misc":{"Est. reading time":"1 minute"},"schema":{"@context":"https:\/\/schema.org","@graph":[{"@type":"WebPage","@id":"https:\/\/www.sempertea.eu\/english-breakfast-te-ingles-eco-en-bolsas-comprar-te-online\/","url":"https:\/\/www.sempertea.eu\/english-breakfast-te-ingles-eco-en-bolsas-comprar-te-online\/","name":"Buy Organic English Breakfast in 25 TeaBags | Shop Tea Online","isPartOf":{"@id":"https:\/\/www.sempertea.eu\/#website"},"primaryImageOfPage":{"@id":"https:\/\/www.sempertea.eu\/english-breakfast-te-ingles-eco-en-bolsas-comprar-te-online\/#primaryimage"},"image":{"@id":"https:\/\/www.sempertea.eu\/english-breakfast-te-ingles-eco-en-bolsas-comprar-te-online\/#primaryimage"},"thumbnailUrl":"https:\/\/www.sempertea.eu\/wp-content\/uploads\/2021\/04\/te-ingles-con-leche-english-breakfast-organico-semper-tea.jpg","datePublished":"2023-02-17T13:05:26+00:00","dateModified":"2024-01-18T14:11:19+00:00","description":"Enjoy a classic organic English Breakfast with tasty Assam black tea. Start your day with energy. Buy now in teabags!","breadcrumb":{"@id":"https:\/\/www.sempertea.eu\/english-breakfast-te-ingles-eco-en-bolsas-comprar-te-online\/#breadcrumb"},"inLanguage":"en-US","potentialAction":[{"@type":"ReadAction","target":["https:\/\/www.sempertea.eu\/english-breakfast-te-ingles-eco-en-bolsas-comprar-te-online\/"]}]},{"@type":"ImageObject","inLanguage":"en-US","@id":"https:\/\/www.sempertea.eu\/english-breakfast-te-ingles-eco-en-bolsas-comprar-te-online\/#primaryimage","url":"https:\/\/www.sempertea.eu\/wp-content\/uploads\/2021\/04\/te-ingles-con-leche-english-breakfast-organico-semper-tea.jpg","contentUrl":"https:\/\/www.sempertea.eu\/wp-content\/uploads\/2021\/04\/te-ingles-con-leche-english-breakfast-organico-semper-tea.jpg","width":1500,"height":1500,"caption":"te ingles con leche english breakfast organico semper tea"},{"@type":"BreadcrumbList","@id":"https:\/\/www.sempertea.eu\/english-breakfast-te-ingles-eco-en-bolsas-comprar-te-online\/#breadcrumb","itemListElement":[{"@type":"ListItem","position":1,"name":"Portada","item":"https:\/\/www.sempertea.eu\/en\/"},{"@type":"ListItem","position":2,"name":"Shop","item":"https:\/\/www.sempertea.eu\/en\/shop\/"},{"@type":"ListItem","position":3,"name":"ENGLISH BREAKFAST organic in tea bags"}]},{"@type":"WebSite","@id":"https:\/\/www.sempertea.eu\/#website","url":"https:\/\/www.sempertea.eu\/","name":"Semper Tea | Mayorista y fabricante de T\u00e9s e Infusiones para hoteles, restaurantes y bares","description":"T\u00e9s e infusiones para hosteler\u00eda, hoteler\u00eda y comercio","potentialAction":[{"@type":"SearchAction","target":{"@type":"EntryPoint","urlTemplate":"https:\/\/www.sempertea.eu\/?s={search_term_string}"},"query-input":{"@type":"PropertyValueSpecification","valueRequired":true,"valueName":"search_term_string"}}],"inLanguage":"en-US"}]}},"_links":{"self":[{"href":"https:\/\/www.sempertea.eu\/en\/wp-json\/wp\/v2\/product\/6815","targetHints":{"allow":["GET"]}}],"collection":[{"href":"https:\/\/www.sempertea.eu\/en\/wp-json\/wp\/v2\/product"}],"about":[{"href":"https:\/\/www.sempertea.eu\/en\/wp-json\/wp\/v2\/types\/product"}],"replies":[{"embeddable":true,"href":"https:\/\/www.sempertea.eu\/en\/wp-json\/wp\/v2\/comments?post=6815"}],"wp:featuredmedia":[{"embeddable":true,"href":"https:\/\/www.sempertea.eu\/en\/wp-json\/wp\/v2\/media\/4017"}],"wp:attachment":[{"href":"https:\/\/www.sempertea.eu\/en\/wp-json\/wp\/v2\/media?parent=6815"}],"wp:term":[{"taxonomy":"product_brand","embeddable":true,"href":"https:\/\/www.sempertea.eu\/en\/wp-json\/wp\/v2\/product_brand?post=6815"},{"taxonomy":"product_cat","embeddable":true,"href":"https:\/\/www.sempertea.eu\/en\/wp-json\/wp\/v2\/product_cat?post=6815"},{"taxonomy":"product_tag","embeddable":true,"href":"https:\/\/www.sempertea.eu\/en\/wp-json\/wp\/v2\/product_tag?post=6815"}],"curies":[{"name":"wp","href":"https:\/\/api.w.org\/{rel}","templated":true}]}}