{"id":6814,"date":"2021-04-30T13:13:19","date_gmt":"2023-02-17T12:51:17","guid":{"rendered":"https:\/\/www.sempertea.eu\/earl-grey-organic-tea-bags\/"},"modified":"2024-01-18T15:06:24","modified_gmt":"2024-01-18T14:06:24","slug":"authentic-earl-grey-tea-with-bergamot-teabags-for-sale","status":"publish","type":"product","link":"https:\/\/www.sempertea.eu\/en\/authentic-earl-grey-tea-with-bergamot-teabags-for-sale\/","title":{"rendered":"EARL GREY organic in tea bags"},"content":{"rendered":"<h2>Discover the Magic of Earl Grey Tea<\/h2>\n<p>Welcome to Semper Tea, where the enchanting world of Earl Grey tea awaits. Enjoy he delightful floral notes and fresh, astringent taste of <strong>Earl Grey<\/strong>. Whether you&#8217;re enjoying it for <strong>afternoon tea<\/strong> or at a <strong>Sunday brunch<\/strong>, Earl Grey is the ideal choice.<\/p>\n<p>Renowned worldwide, Earl Grey is a robust <strong>black tea<\/strong> infused with the essence of <strong>bergamot<\/strong>. This Mediterranean <strong>citrus fruit<\/strong> lends a unique floral flavor reminiscent of orange, lemon, lime, and grapefruit, creating an intensely satisfying experience.<\/p>\n<p>This tea line Pearl offers <strong>organic tea leaves<\/strong> in the finest cut, ensuring a pure and natural brew. Conveniently packaged in <strong>classic sachets<\/strong>, our Earl Grey tea guarantees a consistent and enjoyable cup every time.<\/p>\n<p>&nbsp;<\/p>\n","protected":false},"excerpt":{"rendered":"<p><strong>Energising, intense and delicious<\/strong><\/p>\n<p>Enjoy this energising blend of black tea infused with bergamot and lemon, ideal for the black tea enthusiasts. Its intense and natural flavour with a delightful hint of citrus is a delight. The ideal cuppa for the afternoon.<\/p>\n","protected":false},"featured_media":4037,"comment_status":"open","ping_status":"closed","template":"","meta":[],"product_brand":[],"product_cat":[163,167,154,155,160,156,159,161,162],"product_tag":[],"class_list":{"0":"post-6814","1":"product","2":"type-product","3":"status-publish","4":"has-post-thumbnail","6":"product_cat-product-brochure-of-tea","7":"product_cat-buy-online-organic-black-tea","8":"product_cat-unique-exclusive-tea-collections","9":"product_cat-types-of-tea-packaging","10":"product_cat-teas-and-tisanes-organic-buy-online","11":"product_cat-pearl-tea-bag-classic-organic-teas","12":"product_cat-organic-tea-in-classic-tea-bags","13":"product_cat-exclusive-tea-line","14":"product_cat-todos-en","16":"first","17":"instock","18":"shipping-taxable","19":"purchasable","20":"product-type-simple"},"yoast_head":"<!-- This site is optimized with the Yoast SEO Premium plugin v27.3 (Yoast SEO v27.3) - https:\/\/yoast.com\/product\/yoast-seo-premium-wordpress\/ -->\n<title>Authentic Earl Grey Tea with Bergamot buy online | 25 Teabags for Sale<\/title>\n<meta name=\"description\" content=\"Explore Authentic Earl Grey Tea - Organic with Bergamot. 25 Teabags for Sale at Our Tea Shop. Energizing and delightful.\" \/>\n<meta name=\"robots\" content=\"index, follow, max-snippet:-1, max-image-preview:large, max-video-preview:-1\" \/>\n<link rel=\"canonical\" href=\"https:\/\/www.sempertea.eu\/en\/authentic-earl-grey-tea-with-bergamot-teabags-for-sale\/\" \/>\n<meta property=\"og:locale\" content=\"en_US\" \/>\n<meta property=\"og:type\" content=\"article\" \/>\n<meta property=\"og:title\" content=\"EARL GREY organic in tea bags\" \/>\n<meta property=\"og:description\" content=\"Explore Authentic Earl Grey Tea - Organic with Bergamot. 25 Teabags for Sale at Our Tea Shop. Energizing and delightful.\" \/>\n<meta property=\"og:url\" content=\"https:\/\/www.sempertea.eu\/en\/authentic-earl-grey-tea-with-bergamot-teabags-for-sale\/\" \/>\n<meta property=\"og:site_name\" content=\"Semper Tea | Mayorista y fabricante de T\u00e9s e Infusiones para hoteles, restaurantes y bares\" \/>\n<meta property=\"article:modified_time\" content=\"2024-01-18T14:06:24+00:00\" \/>\n<meta property=\"og:image\" content=\"https:\/\/www.sempertea.eu\/wp-content\/uploads\/2021\/04\/english-breakfast-te-ingles-ecologico-en-bolsas-comprar-te-online-semper-tea.jpg\" \/>\n<meta name=\"twitter:card\" content=\"summary_large_image\" \/>\n<meta name=\"twitter:image\" content=\"https:\/\/www.sempertea.eu\/wp-content\/uploads\/2021\/04\/te-english-breakfast-te-ingles-marcas-bio-semper-tea.jpg\" \/>\n<meta name=\"twitter:label1\" content=\"Est. reading time\" \/>\n\t<meta name=\"twitter:data1\" content=\"1 minute\" \/>\n<script type=\"application\/ld+json\" class=\"yoast-schema-graph\">{\"@context\":\"https:\\\/\\\/schema.org\",\"@graph\":[{\"@type\":\"WebPage\",\"@id\":\"https:\\\/\\\/www.sempertea.eu\\\/en\\\/authentic-earl-grey-tea-with-bergamot-teabags-for-sale\\\/\",\"url\":\"https:\\\/\\\/www.sempertea.eu\\\/en\\\/authentic-earl-grey-tea-with-bergamot-teabags-for-sale\\\/\",\"name\":\"Authentic Earl Grey Tea with Bergamot buy online | 25 Teabags for Sale\",\"isPartOf\":{\"@id\":\"https:\\\/\\\/www.sempertea.eu\\\/#website\"},\"primaryImageOfPage\":{\"@id\":\"https:\\\/\\\/www.sempertea.eu\\\/en\\\/authentic-earl-grey-tea-with-bergamot-teabags-for-sale\\\/#primaryimage\"},\"image\":{\"@id\":\"https:\\\/\\\/www.sempertea.eu\\\/en\\\/authentic-earl-grey-tea-with-bergamot-teabags-for-sale\\\/#primaryimage\"},\"thumbnailUrl\":\"https:\\\/\\\/www.sempertea.eu\\\/wp-content\\\/uploads\\\/2021\\\/04\\\/earl-grey-clasico-te-de-bergamota-beneficios-propiedades-semper-tea.jpg\",\"datePublished\":\"2023-02-17T12:51:17+00:00\",\"dateModified\":\"2024-01-18T14:06:24+00:00\",\"description\":\"Explore Authentic Earl Grey Tea - Organic with Bergamot. 25 Teabags for Sale at Our Tea Shop. Energizing and delightful.\",\"breadcrumb\":{\"@id\":\"https:\\\/\\\/www.sempertea.eu\\\/en\\\/authentic-earl-grey-tea-with-bergamot-teabags-for-sale\\\/#breadcrumb\"},\"inLanguage\":\"en-US\",\"potentialAction\":[{\"@type\":\"ReadAction\",\"target\":[\"https:\\\/\\\/www.sempertea.eu\\\/en\\\/authentic-earl-grey-tea-with-bergamot-teabags-for-sale\\\/\"]}]},{\"@type\":\"ImageObject\",\"inLanguage\":\"en-US\",\"@id\":\"https:\\\/\\\/www.sempertea.eu\\\/en\\\/authentic-earl-grey-tea-with-bergamot-teabags-for-sale\\\/#primaryimage\",\"url\":\"https:\\\/\\\/www.sempertea.eu\\\/wp-content\\\/uploads\\\/2021\\\/04\\\/earl-grey-clasico-te-de-bergamota-beneficios-propiedades-semper-tea.jpg\",\"contentUrl\":\"https:\\\/\\\/www.sempertea.eu\\\/wp-content\\\/uploads\\\/2021\\\/04\\\/earl-grey-clasico-te-de-bergamota-beneficios-propiedades-semper-tea.jpg\",\"width\":1500,\"height\":1500,\"caption\":\"earl grey clasico te de bergamota beneficios propiedades semper tea\"},{\"@type\":\"BreadcrumbList\",\"@id\":\"https:\\\/\\\/www.sempertea.eu\\\/en\\\/authentic-earl-grey-tea-with-bergamot-teabags-for-sale\\\/#breadcrumb\",\"itemListElement\":[{\"@type\":\"ListItem\",\"position\":1,\"name\":\"Portada\",\"item\":\"https:\\\/\\\/www.sempertea.eu\\\/en\\\/\"},{\"@type\":\"ListItem\",\"position\":2,\"name\":\"Shop\",\"item\":\"https:\\\/\\\/www.sempertea.eu\\\/en\\\/shop\\\/\"},{\"@type\":\"ListItem\",\"position\":3,\"name\":\"EARL GREY organic in tea bags\"}]},{\"@type\":\"WebSite\",\"@id\":\"https:\\\/\\\/www.sempertea.eu\\\/#website\",\"url\":\"https:\\\/\\\/www.sempertea.eu\\\/\",\"name\":\"Semper Tea | Mayorista y fabricante de T\u00e9s e Infusiones para hoteles, restaurantes y bares\",\"description\":\"T\u00e9s e infusiones para hosteler\u00eda, hoteler\u00eda y comercio\",\"potentialAction\":[{\"@type\":\"SearchAction\",\"target\":{\"@type\":\"EntryPoint\",\"urlTemplate\":\"https:\\\/\\\/www.sempertea.eu\\\/?s={search_term_string}\"},\"query-input\":{\"@type\":\"PropertyValueSpecification\",\"valueRequired\":true,\"valueName\":\"search_term_string\"}}],\"inLanguage\":\"en-US\"}]}<\/script>\n<!-- \/ Yoast SEO Premium plugin. -->","yoast_head_json":{"title":"Authentic Earl Grey Tea with Bergamot buy online | 25 Teabags for Sale","description":"Explore Authentic Earl Grey Tea - Organic with Bergamot. 25 Teabags for Sale at Our Tea Shop. Energizing and delightful.","robots":{"index":"index","follow":"follow","max-snippet":"max-snippet:-1","max-image-preview":"max-image-preview:large","max-video-preview":"max-video-preview:-1"},"canonical":"https:\/\/www.sempertea.eu\/en\/authentic-earl-grey-tea-with-bergamot-teabags-for-sale\/","og_locale":"en_US","og_type":"article","og_title":"EARL GREY organic in tea bags","og_description":"Explore Authentic Earl Grey Tea - Organic with Bergamot. 25 Teabags for Sale at Our Tea Shop. Energizing and delightful.","og_url":"https:\/\/www.sempertea.eu\/en\/authentic-earl-grey-tea-with-bergamot-teabags-for-sale\/","og_site_name":"Semper Tea | Mayorista y fabricante de T\u00e9s e Infusiones para hoteles, restaurantes y bares","article_modified_time":"2024-01-18T14:06:24+00:00","og_image":[{"url":"https:\/\/www.sempertea.eu\/wp-content\/uploads\/2021\/04\/english-breakfast-te-ingles-ecologico-en-bolsas-comprar-te-online-semper-tea.jpg","type":"","width":"","height":""}],"twitter_card":"summary_large_image","twitter_image":"https:\/\/www.sempertea.eu\/wp-content\/uploads\/2021\/04\/te-english-breakfast-te-ingles-marcas-bio-semper-tea.jpg","twitter_misc":{"Est. reading time":"1 minute"},"schema":{"@context":"https:\/\/schema.org","@graph":[{"@type":"WebPage","@id":"https:\/\/www.sempertea.eu\/en\/authentic-earl-grey-tea-with-bergamot-teabags-for-sale\/","url":"https:\/\/www.sempertea.eu\/en\/authentic-earl-grey-tea-with-bergamot-teabags-for-sale\/","name":"Authentic Earl Grey Tea with Bergamot buy online | 25 Teabags for Sale","isPartOf":{"@id":"https:\/\/www.sempertea.eu\/#website"},"primaryImageOfPage":{"@id":"https:\/\/www.sempertea.eu\/en\/authentic-earl-grey-tea-with-bergamot-teabags-for-sale\/#primaryimage"},"image":{"@id":"https:\/\/www.sempertea.eu\/en\/authentic-earl-grey-tea-with-bergamot-teabags-for-sale\/#primaryimage"},"thumbnailUrl":"https:\/\/www.sempertea.eu\/wp-content\/uploads\/2021\/04\/earl-grey-clasico-te-de-bergamota-beneficios-propiedades-semper-tea.jpg","datePublished":"2023-02-17T12:51:17+00:00","dateModified":"2024-01-18T14:06:24+00:00","description":"Explore Authentic Earl Grey Tea - Organic with Bergamot. 25 Teabags for Sale at Our Tea Shop. Energizing and delightful.","breadcrumb":{"@id":"https:\/\/www.sempertea.eu\/en\/authentic-earl-grey-tea-with-bergamot-teabags-for-sale\/#breadcrumb"},"inLanguage":"en-US","potentialAction":[{"@type":"ReadAction","target":["https:\/\/www.sempertea.eu\/en\/authentic-earl-grey-tea-with-bergamot-teabags-for-sale\/"]}]},{"@type":"ImageObject","inLanguage":"en-US","@id":"https:\/\/www.sempertea.eu\/en\/authentic-earl-grey-tea-with-bergamot-teabags-for-sale\/#primaryimage","url":"https:\/\/www.sempertea.eu\/wp-content\/uploads\/2021\/04\/earl-grey-clasico-te-de-bergamota-beneficios-propiedades-semper-tea.jpg","contentUrl":"https:\/\/www.sempertea.eu\/wp-content\/uploads\/2021\/04\/earl-grey-clasico-te-de-bergamota-beneficios-propiedades-semper-tea.jpg","width":1500,"height":1500,"caption":"earl grey clasico te de bergamota beneficios propiedades semper tea"},{"@type":"BreadcrumbList","@id":"https:\/\/www.sempertea.eu\/en\/authentic-earl-grey-tea-with-bergamot-teabags-for-sale\/#breadcrumb","itemListElement":[{"@type":"ListItem","position":1,"name":"Portada","item":"https:\/\/www.sempertea.eu\/en\/"},{"@type":"ListItem","position":2,"name":"Shop","item":"https:\/\/www.sempertea.eu\/en\/shop\/"},{"@type":"ListItem","position":3,"name":"EARL GREY organic in tea bags"}]},{"@type":"WebSite","@id":"https:\/\/www.sempertea.eu\/#website","url":"https:\/\/www.sempertea.eu\/","name":"Semper Tea | Mayorista y fabricante de T\u00e9s e Infusiones para hoteles, restaurantes y bares","description":"T\u00e9s e infusiones para hosteler\u00eda, hoteler\u00eda y comercio","potentialAction":[{"@type":"SearchAction","target":{"@type":"EntryPoint","urlTemplate":"https:\/\/www.sempertea.eu\/?s={search_term_string}"},"query-input":{"@type":"PropertyValueSpecification","valueRequired":true,"valueName":"search_term_string"}}],"inLanguage":"en-US"}]}},"_links":{"self":[{"href":"https:\/\/www.sempertea.eu\/en\/wp-json\/wp\/v2\/product\/6814","targetHints":{"allow":["GET"]}}],"collection":[{"href":"https:\/\/www.sempertea.eu\/en\/wp-json\/wp\/v2\/product"}],"about":[{"href":"https:\/\/www.sempertea.eu\/en\/wp-json\/wp\/v2\/types\/product"}],"replies":[{"embeddable":true,"href":"https:\/\/www.sempertea.eu\/en\/wp-json\/wp\/v2\/comments?post=6814"}],"wp:featuredmedia":[{"embeddable":true,"href":"https:\/\/www.sempertea.eu\/en\/wp-json\/wp\/v2\/media\/4037"}],"wp:attachment":[{"href":"https:\/\/www.sempertea.eu\/en\/wp-json\/wp\/v2\/media?parent=6814"}],"wp:term":[{"taxonomy":"product_brand","embeddable":true,"href":"https:\/\/www.sempertea.eu\/en\/wp-json\/wp\/v2\/product_brand?post=6814"},{"taxonomy":"product_cat","embeddable":true,"href":"https:\/\/www.sempertea.eu\/en\/wp-json\/wp\/v2\/product_cat?post=6814"},{"taxonomy":"product_tag","embeddable":true,"href":"https:\/\/www.sempertea.eu\/en\/wp-json\/wp\/v2\/product_tag?post=6814"}],"curies":[{"name":"wp","href":"https:\/\/api.w.org\/{rel}","templated":true}]}}