{"id":6813,"date":"2021-05-16T16:14:52","date_gmt":"2023-02-17T12:45:34","guid":{"rendered":"https:\/\/www.sempertea.eu\/pu-erh-organic-tea-in-bags\/"},"modified":"2024-01-18T15:38:36","modified_gmt":"2024-01-18T14:38:36","slug":"pu-erh-tea-in-sachet","status":"publish","type":"product","link":"https:\/\/www.sempertea.eu\/en\/pu-erh-tea-in-sachet\/","title":{"rendered":"PU-ERH organic tea in tea bags"},"content":{"rendered":"<h2>Properties of Pu-Erh Tea<\/h2>\n<p>Pu-Erh tea, originating from China, has been known for its <strong>health benefits<\/strong> for thousands of years and has been used as a medicinal remedy for disease prevention and overall well-being. <strong>Pu-erh tea<\/strong>, in particular, offers a unique and satisfying <strong>tea experience<\/strong>.<\/p>\n<p>Incorporating tea into your daily routine is highly recommended. While all teas offer great benefits, Pu-Erh tea, in particular, provides a wide range of advantages.<\/p>\n<h3>Health Benefits of Pu-Erh Tea<\/h3>\n<p>Several studies have shown that regular consumption of this tea can <strong>stimulate digestion<\/strong>, particularly after high-fat meals, and can help<strong>\u00a0regulate cholesterol<\/strong> levels (lowers bad cholesterol and raises good cholesterol).<\/p>\n<h4><strong>It has numerous diuretic properties<\/strong><\/h4>\n<p>Drinking a cup of red Pu-erh tea daily can act as a highly effective diuretic, promoting increased urine production and assisting the body in eliminating fluid retention.<\/p>\n<h4><strong>Can help to lower blood glucose<\/strong><\/h4>\n<p>Its consumption is suitable in case of type II diabetes, as long as it is not in excessive quantities. It can be a great ally to improve the body&#8217;s response to insulin.<\/p>\n<p>Discover the earthy and complex flavours of Pu-erh tea and <strong>buy our organic tea<\/strong> for a truly satisfying experience.<\/p>\n","protected":false},"excerpt":{"rendered":"<p><strong>Earthy, complex and pure<\/strong><\/p>\n<p>Our Pu-erh tea is a slightly stronger and richer tea variety. It is known as the oldest tea in the world and one of the most consumed for its aroma and taste. The long partial fermentation process and its maturity are responsible for its beautiful earthy and intense flavour.<\/p>\n<p>&nbsp;<\/p>\n<p>&nbsp;<\/p>\n","protected":false},"featured_media":4079,"comment_status":"open","ping_status":"closed","template":"","meta":[],"product_brand":[],"product_cat":[163,154,155,160,156,166,159,161,162],"product_tag":[],"class_list":{"0":"post-6813","1":"product","2":"type-product","3":"status-publish","4":"has-post-thumbnail","6":"product_cat-product-brochure-of-tea","7":"product_cat-unique-exclusive-tea-collections","8":"product_cat-types-of-tea-packaging","9":"product_cat-teas-and-tisanes-organic-buy-online","10":"product_cat-pearl-tea-bag-classic-organic-teas","11":"product_cat-buy-organic-pu-erh-tea-online","12":"product_cat-organic-tea-in-classic-tea-bags","13":"product_cat-exclusive-tea-line","14":"product_cat-todos-en","16":"first","17":"instock","18":"shipping-taxable","19":"purchasable","20":"product-type-simple"},"yoast_head":"<!-- This site is optimized with the Yoast SEO Premium plugin v27.3 (Yoast SEO v27.4) - https:\/\/yoast.com\/product\/yoast-seo-premium-wordpress\/ -->\n<title>PU-ERH organic tea in tea bags - Semper Tea | Mayorista y fabricante de T\u00e9s e Infusiones para hoteles, restaurantes y bares<\/title>\n<meta name=\"description\" content=\"Indulge in earthy and complex Pu-erh tea. Explore our premium selection of 25 organic tea sachets for a unique experience.\" \/>\n<meta name=\"robots\" content=\"index, follow, max-snippet:-1, max-image-preview:large, max-video-preview:-1\" \/>\n<link rel=\"canonical\" href=\"https:\/\/www.sempertea.eu\/pu-erh-te-rojo-en-bolsita-clasica\/\" \/>\n<meta property=\"og:locale\" content=\"en_US\" \/>\n<meta property=\"og:type\" content=\"article\" \/>\n<meta property=\"og:title\" content=\"PU-ERH organic tea in tea bags\" \/>\n<meta property=\"og:description\" content=\"Indulge in earthy and complex Pu-erh tea. Explore our premium selection of 25 organic tea sachets for a unique experience.\" \/>\n<meta property=\"og:url\" content=\"https:\/\/www.sempertea.eu\/pu-erh-te-rojo-en-bolsita-clasica\/\" \/>\n<meta property=\"og:site_name\" content=\"Semper Tea | Mayorista y fabricante de T\u00e9s e Infusiones para hoteles, restaurantes y bares\" \/>\n<meta property=\"article:modified_time\" content=\"2024-01-18T14:38:36+00:00\" \/>\n<meta property=\"og:image\" content=\"https:\/\/www.sempertea.eu\/wp-content\/uploads\/2021\/04\/english-breakfast-te-ingles-ecologico-en-bolsas-comprar-te-online-semper-tea.jpg\" \/>\n<meta name=\"twitter:card\" content=\"summary_large_image\" \/>\n<meta name=\"twitter:image\" content=\"https:\/\/www.sempertea.eu\/wp-content\/uploads\/2021\/04\/te-english-breakfast-te-ingles-marcas-bio-semper-tea.jpg\" \/>\n<meta name=\"twitter:label1\" content=\"Est. reading time\" \/>\n\t<meta name=\"twitter:data1\" content=\"1 minute\" \/>\n<script type=\"application\/ld+json\" class=\"yoast-schema-graph\">{\"@context\":\"https:\\\/\\\/schema.org\",\"@graph\":[{\"@type\":\"WebPage\",\"@id\":\"https:\\\/\\\/www.sempertea.eu\\\/pu-erh-te-rojo-en-bolsita-clasica\\\/\",\"url\":\"https:\\\/\\\/www.sempertea.eu\\\/pu-erh-te-rojo-en-bolsita-clasica\\\/\",\"name\":\"PU-ERH organic tea in tea bags - Semper Tea | Mayorista y fabricante de T\u00e9s e Infusiones para hoteles, restaurantes y bares\",\"isPartOf\":{\"@id\":\"https:\\\/\\\/www.sempertea.eu\\\/#website\"},\"primaryImageOfPage\":{\"@id\":\"https:\\\/\\\/www.sempertea.eu\\\/pu-erh-te-rojo-en-bolsita-clasica\\\/#primaryimage\"},\"image\":{\"@id\":\"https:\\\/\\\/www.sempertea.eu\\\/pu-erh-te-rojo-en-bolsita-clasica\\\/#primaryimage\"},\"thumbnailUrl\":\"https:\\\/\\\/www.sempertea.eu\\\/wp-content\\\/uploads\\\/2021\\\/05\\\/pu-erh-te-rojo-semper-tea.jpg\",\"datePublished\":\"2023-02-17T12:45:34+00:00\",\"dateModified\":\"2024-01-18T14:38:36+00:00\",\"description\":\"Indulge in earthy and complex Pu-erh tea. Explore our premium selection of 25 organic tea sachets for a unique experience.\",\"breadcrumb\":{\"@id\":\"https:\\\/\\\/www.sempertea.eu\\\/pu-erh-te-rojo-en-bolsita-clasica\\\/#breadcrumb\"},\"inLanguage\":\"en-US\",\"potentialAction\":[{\"@type\":\"ReadAction\",\"target\":[\"https:\\\/\\\/www.sempertea.eu\\\/pu-erh-te-rojo-en-bolsita-clasica\\\/\"]}]},{\"@type\":\"ImageObject\",\"inLanguage\":\"en-US\",\"@id\":\"https:\\\/\\\/www.sempertea.eu\\\/pu-erh-te-rojo-en-bolsita-clasica\\\/#primaryimage\",\"url\":\"https:\\\/\\\/www.sempertea.eu\\\/wp-content\\\/uploads\\\/2021\\\/05\\\/pu-erh-te-rojo-semper-tea.jpg\",\"contentUrl\":\"https:\\\/\\\/www.sempertea.eu\\\/wp-content\\\/uploads\\\/2021\\\/05\\\/pu-erh-te-rojo-semper-tea.jpg\",\"width\":1500,\"height\":1500,\"caption\":\"te rojo en ayunas semper tea\"},{\"@type\":\"BreadcrumbList\",\"@id\":\"https:\\\/\\\/www.sempertea.eu\\\/pu-erh-te-rojo-en-bolsita-clasica\\\/#breadcrumb\",\"itemListElement\":[{\"@type\":\"ListItem\",\"position\":1,\"name\":\"Portada\",\"item\":\"https:\\\/\\\/www.sempertea.eu\\\/en\\\/\"},{\"@type\":\"ListItem\",\"position\":2,\"name\":\"Shop\",\"item\":\"https:\\\/\\\/www.sempertea.eu\\\/en\\\/shop\\\/\"},{\"@type\":\"ListItem\",\"position\":3,\"name\":\"PU-ERH organic tea in tea bags\"}]},{\"@type\":\"WebSite\",\"@id\":\"https:\\\/\\\/www.sempertea.eu\\\/#website\",\"url\":\"https:\\\/\\\/www.sempertea.eu\\\/\",\"name\":\"Semper Tea | Mayorista y fabricante de T\u00e9s e Infusiones para hoteles, restaurantes y bares\",\"description\":\"T\u00e9s e infusiones para hosteler\u00eda, hoteler\u00eda y comercio\",\"potentialAction\":[{\"@type\":\"SearchAction\",\"target\":{\"@type\":\"EntryPoint\",\"urlTemplate\":\"https:\\\/\\\/www.sempertea.eu\\\/?s={search_term_string}\"},\"query-input\":{\"@type\":\"PropertyValueSpecification\",\"valueRequired\":true,\"valueName\":\"search_term_string\"}}],\"inLanguage\":\"en-US\"}]}<\/script>\n<!-- \/ Yoast SEO Premium plugin. -->","yoast_head_json":{"title":"PU-ERH organic tea in tea bags - Semper Tea | Mayorista y fabricante de T\u00e9s e Infusiones para hoteles, restaurantes y bares","description":"Indulge in earthy and complex Pu-erh tea. Explore our premium selection of 25 organic tea sachets for a unique experience.","robots":{"index":"index","follow":"follow","max-snippet":"max-snippet:-1","max-image-preview":"max-image-preview:large","max-video-preview":"max-video-preview:-1"},"canonical":"https:\/\/www.sempertea.eu\/pu-erh-te-rojo-en-bolsita-clasica\/","og_locale":"en_US","og_type":"article","og_title":"PU-ERH organic tea in tea bags","og_description":"Indulge in earthy and complex Pu-erh tea. Explore our premium selection of 25 organic tea sachets for a unique experience.","og_url":"https:\/\/www.sempertea.eu\/pu-erh-te-rojo-en-bolsita-clasica\/","og_site_name":"Semper Tea | Mayorista y fabricante de T\u00e9s e Infusiones para hoteles, restaurantes y bares","article_modified_time":"2024-01-18T14:38:36+00:00","og_image":[{"url":"https:\/\/www.sempertea.eu\/wp-content\/uploads\/2021\/04\/english-breakfast-te-ingles-ecologico-en-bolsas-comprar-te-online-semper-tea.jpg","type":"","width":"","height":""}],"twitter_card":"summary_large_image","twitter_image":"https:\/\/www.sempertea.eu\/wp-content\/uploads\/2021\/04\/te-english-breakfast-te-ingles-marcas-bio-semper-tea.jpg","twitter_misc":{"Est. reading time":"1 minute"},"schema":{"@context":"https:\/\/schema.org","@graph":[{"@type":"WebPage","@id":"https:\/\/www.sempertea.eu\/pu-erh-te-rojo-en-bolsita-clasica\/","url":"https:\/\/www.sempertea.eu\/pu-erh-te-rojo-en-bolsita-clasica\/","name":"PU-ERH organic tea in tea bags - Semper Tea | Mayorista y fabricante de T\u00e9s e Infusiones para hoteles, restaurantes y bares","isPartOf":{"@id":"https:\/\/www.sempertea.eu\/#website"},"primaryImageOfPage":{"@id":"https:\/\/www.sempertea.eu\/pu-erh-te-rojo-en-bolsita-clasica\/#primaryimage"},"image":{"@id":"https:\/\/www.sempertea.eu\/pu-erh-te-rojo-en-bolsita-clasica\/#primaryimage"},"thumbnailUrl":"https:\/\/www.sempertea.eu\/wp-content\/uploads\/2021\/05\/pu-erh-te-rojo-semper-tea.jpg","datePublished":"2023-02-17T12:45:34+00:00","dateModified":"2024-01-18T14:38:36+00:00","description":"Indulge in earthy and complex Pu-erh tea. Explore our premium selection of 25 organic tea sachets for a unique experience.","breadcrumb":{"@id":"https:\/\/www.sempertea.eu\/pu-erh-te-rojo-en-bolsita-clasica\/#breadcrumb"},"inLanguage":"en-US","potentialAction":[{"@type":"ReadAction","target":["https:\/\/www.sempertea.eu\/pu-erh-te-rojo-en-bolsita-clasica\/"]}]},{"@type":"ImageObject","inLanguage":"en-US","@id":"https:\/\/www.sempertea.eu\/pu-erh-te-rojo-en-bolsita-clasica\/#primaryimage","url":"https:\/\/www.sempertea.eu\/wp-content\/uploads\/2021\/05\/pu-erh-te-rojo-semper-tea.jpg","contentUrl":"https:\/\/www.sempertea.eu\/wp-content\/uploads\/2021\/05\/pu-erh-te-rojo-semper-tea.jpg","width":1500,"height":1500,"caption":"te rojo en ayunas semper tea"},{"@type":"BreadcrumbList","@id":"https:\/\/www.sempertea.eu\/pu-erh-te-rojo-en-bolsita-clasica\/#breadcrumb","itemListElement":[{"@type":"ListItem","position":1,"name":"Portada","item":"https:\/\/www.sempertea.eu\/en\/"},{"@type":"ListItem","position":2,"name":"Shop","item":"https:\/\/www.sempertea.eu\/en\/shop\/"},{"@type":"ListItem","position":3,"name":"PU-ERH organic tea in tea bags"}]},{"@type":"WebSite","@id":"https:\/\/www.sempertea.eu\/#website","url":"https:\/\/www.sempertea.eu\/","name":"Semper Tea | Mayorista y fabricante de T\u00e9s e Infusiones para hoteles, restaurantes y bares","description":"T\u00e9s e infusiones para hosteler\u00eda, hoteler\u00eda y comercio","potentialAction":[{"@type":"SearchAction","target":{"@type":"EntryPoint","urlTemplate":"https:\/\/www.sempertea.eu\/?s={search_term_string}"},"query-input":{"@type":"PropertyValueSpecification","valueRequired":true,"valueName":"search_term_string"}}],"inLanguage":"en-US"}]}},"_links":{"self":[{"href":"https:\/\/www.sempertea.eu\/en\/wp-json\/wp\/v2\/product\/6813","targetHints":{"allow":["GET"]}}],"collection":[{"href":"https:\/\/www.sempertea.eu\/en\/wp-json\/wp\/v2\/product"}],"about":[{"href":"https:\/\/www.sempertea.eu\/en\/wp-json\/wp\/v2\/types\/product"}],"replies":[{"embeddable":true,"href":"https:\/\/www.sempertea.eu\/en\/wp-json\/wp\/v2\/comments?post=6813"}],"wp:featuredmedia":[{"embeddable":true,"href":"https:\/\/www.sempertea.eu\/en\/wp-json\/wp\/v2\/media\/4079"}],"wp:attachment":[{"href":"https:\/\/www.sempertea.eu\/en\/wp-json\/wp\/v2\/media?parent=6813"}],"wp:term":[{"taxonomy":"product_brand","embeddable":true,"href":"https:\/\/www.sempertea.eu\/en\/wp-json\/wp\/v2\/product_brand?post=6813"},{"taxonomy":"product_cat","embeddable":true,"href":"https:\/\/www.sempertea.eu\/en\/wp-json\/wp\/v2\/product_cat?post=6813"},{"taxonomy":"product_tag","embeddable":true,"href":"https:\/\/www.sempertea.eu\/en\/wp-json\/wp\/v2\/product_tag?post=6813"}],"curies":[{"name":"wp","href":"https:\/\/api.w.org\/{rel}","templated":true}]}}