{"id":6811,"date":"2021-07-27T16:43:48","date_gmt":"2023-02-17T12:39:48","guid":{"rendered":"https:\/\/www.sempertea.eu\/mint-organic-mint-tea-in-tea-bag\/"},"modified":"2024-01-18T15:30:55","modified_gmt":"2024-01-18T14:30:55","slug":"buy-organic-mint-tea-in-bags-pouch","status":"publish","type":"product","link":"https:\/\/www.sempertea.eu\/en\/buy-organic-mint-tea-in-bags-pouch\/","title":{"rendered":"MINT organic herbal tea in tea bag"},"content":{"rendered":"<h2>A caffeine free refreshment<\/h2>\n<p>Enjoy the deep, intense flavour of organic Egyptian Mint tea, complemented by its freshness and sweet finish &#8211; a pure delight from nature, without<strong> any artificial additives<\/strong>.<\/p>\n<p><strong>Mint tea<\/strong> is an<strong> infusion<\/strong> made from mint leaves and is consumed like a tea. It is very refreshing and contains no caffeine, making it a delicious after-dinner drink. It can be enjoyed either hot or cold.<\/p>\n<h3>Mint tea in classic tea bag<\/h3>\n<p>Semper Tea&#8217;s thin-cut mint tea is certified organic. It comes from agricultural and processing facilities that are inspected annually by governmental and private bodies in accordance with European regulations. Organic farming guarantees sustainable agriculture, with a focus on soil <strong>health and environmental preservation<\/strong>. Moreover, it provides consumers with the assurance that our product is produced naturally, free from the use of any agricultural chemicals.<\/p>\n<p>Explore our <strong>organic mint teas in our online shop<\/strong> and indulge in natural goodness. Refresh your day with the revitalizing taste of mint without caffeine.<\/p>\n","protected":false},"excerpt":{"rendered":"<p><strong>Pure essence, refreshing and authentic<\/strong><\/p>\n<p>The intense and deep flavour accompanies the freshness of the mint with a sweet finish. Our mint infusion is pure and natural, without artificial additives and without caffeine. Its refreshing taste makes this drink a great option both hot and cold.<\/p>\n<p>&nbsp;<\/p>\n","protected":false},"featured_media":4151,"comment_status":"open","ping_status":"closed","template":"","meta":[],"product_brand":[],"product_cat":[163,154,155,158,160,156,159,161,162],"product_tag":[],"class_list":{"0":"post-6811","1":"product","2":"type-product","3":"status-publish","4":"has-post-thumbnail","6":"product_cat-product-brochure-of-tea","7":"product_cat-unique-exclusive-tea-collections","8":"product_cat-types-of-tea-packaging","9":"product_cat-the-best-herbal-teas-organic-online-shop","10":"product_cat-teas-and-tisanes-organic-buy-online","11":"product_cat-pearl-tea-bag-classic-organic-teas","12":"product_cat-organic-tea-in-classic-tea-bags","13":"product_cat-exclusive-tea-line","14":"product_cat-todos-en","16":"first","17":"instock","18":"shipping-taxable","19":"purchasable","20":"product-type-simple"},"yoast_head":"<!-- This site is optimized with the Yoast SEO Premium plugin v27.3 (Yoast SEO v27.4) - https:\/\/yoast.com\/product\/yoast-seo-premium-wordpress\/ -->\n<title>Buy Organic MINT Tea in a Pouch | Shop Organic Tea Online<\/title>\n<meta name=\"description\" content=\"Refreshing taste of organic mint tea in a convenient pouch. Shop our selection of organic teas online and indulge in natural goodness.\" \/>\n<meta name=\"robots\" content=\"index, follow, max-snippet:-1, max-image-preview:large, max-video-preview:-1\" \/>\n<link rel=\"canonical\" href=\"https:\/\/www.sempertea.eu\/te-de-menta-ecologico-en-bolsa\/\" \/>\n<meta property=\"og:locale\" content=\"en_US\" \/>\n<meta property=\"og:type\" content=\"article\" \/>\n<meta property=\"og:title\" content=\"MINT organic herbal tea in tea bag\" \/>\n<meta property=\"og:description\" content=\"Refreshing taste of organic mint tea in a convenient pouch. Shop our selection of organic teas online and indulge in natural goodness.\" \/>\n<meta property=\"og:url\" content=\"https:\/\/www.sempertea.eu\/te-de-menta-ecologico-en-bolsa\/\" \/>\n<meta property=\"og:site_name\" content=\"Semper Tea | Mayorista y fabricante de T\u00e9s e Infusiones para hoteles, restaurantes y bares\" \/>\n<meta property=\"article:modified_time\" content=\"2024-01-18T14:30:55+00:00\" \/>\n<meta property=\"og:image\" content=\"https:\/\/www.sempertea.eu\/wp-content\/uploads\/2021\/07\/rooibos-en-bolsa-de-te-semper-tea.jpg\" \/>\n<meta name=\"twitter:card\" content=\"summary_large_image\" \/>\n<meta name=\"twitter:image\" content=\"https:\/\/www.sempertea.eu\/wp-content\/uploads\/2021\/07\/rooibos-en-bolsa-de-te-semper-tea.jpg\" \/>\n<meta name=\"twitter:label1\" content=\"Est. reading time\" \/>\n\t<meta name=\"twitter:data1\" content=\"1 minute\" \/>\n<script type=\"application\/ld+json\" class=\"yoast-schema-graph\">{\"@context\":\"https:\\\/\\\/schema.org\",\"@graph\":[{\"@type\":\"WebPage\",\"@id\":\"https:\\\/\\\/www.sempertea.eu\\\/te-de-menta-ecologico-en-bolsa\\\/\",\"url\":\"https:\\\/\\\/www.sempertea.eu\\\/te-de-menta-ecologico-en-bolsa\\\/\",\"name\":\"Buy Organic MINT Tea in a Pouch | Shop Organic Tea Online\",\"isPartOf\":{\"@id\":\"https:\\\/\\\/www.sempertea.eu\\\/#website\"},\"primaryImageOfPage\":{\"@id\":\"https:\\\/\\\/www.sempertea.eu\\\/te-de-menta-ecologico-en-bolsa\\\/#primaryimage\"},\"image\":{\"@id\":\"https:\\\/\\\/www.sempertea.eu\\\/te-de-menta-ecologico-en-bolsa\\\/#primaryimage\"},\"thumbnailUrl\":\"https:\\\/\\\/www.sempertea.eu\\\/wp-content\\\/uploads\\\/2021\\\/07\\\/infusion-menta-bio-comprar-te-online-bolsita-de-te-semper-tea.jpg\",\"datePublished\":\"2023-02-17T12:39:48+00:00\",\"dateModified\":\"2024-01-18T14:30:55+00:00\",\"description\":\"Refreshing taste of organic mint tea in a convenient pouch. Shop our selection of organic teas online and indulge in natural goodness.\",\"breadcrumb\":{\"@id\":\"https:\\\/\\\/www.sempertea.eu\\\/te-de-menta-ecologico-en-bolsa\\\/#breadcrumb\"},\"inLanguage\":\"en-US\",\"potentialAction\":[{\"@type\":\"ReadAction\",\"target\":[\"https:\\\/\\\/www.sempertea.eu\\\/te-de-menta-ecologico-en-bolsa\\\/\"]}]},{\"@type\":\"ImageObject\",\"inLanguage\":\"en-US\",\"@id\":\"https:\\\/\\\/www.sempertea.eu\\\/te-de-menta-ecologico-en-bolsa\\\/#primaryimage\",\"url\":\"https:\\\/\\\/www.sempertea.eu\\\/wp-content\\\/uploads\\\/2021\\\/07\\\/infusion-menta-bio-comprar-te-online-bolsita-de-te-semper-tea.jpg\",\"contentUrl\":\"https:\\\/\\\/www.sempertea.eu\\\/wp-content\\\/uploads\\\/2021\\\/07\\\/infusion-menta-bio-comprar-te-online-bolsita-de-te-semper-tea.jpg\",\"width\":1500,\"height\":1500,\"caption\":\"infusion menta bio comprar te online bolsita de te semper tea\"},{\"@type\":\"BreadcrumbList\",\"@id\":\"https:\\\/\\\/www.sempertea.eu\\\/te-de-menta-ecologico-en-bolsa\\\/#breadcrumb\",\"itemListElement\":[{\"@type\":\"ListItem\",\"position\":1,\"name\":\"Portada\",\"item\":\"https:\\\/\\\/www.sempertea.eu\\\/en\\\/\"},{\"@type\":\"ListItem\",\"position\":2,\"name\":\"Shop\",\"item\":\"https:\\\/\\\/www.sempertea.eu\\\/en\\\/shop\\\/\"},{\"@type\":\"ListItem\",\"position\":3,\"name\":\"MINT organic herbal tea in tea bag\"}]},{\"@type\":\"WebSite\",\"@id\":\"https:\\\/\\\/www.sempertea.eu\\\/#website\",\"url\":\"https:\\\/\\\/www.sempertea.eu\\\/\",\"name\":\"Semper Tea | Mayorista y fabricante de T\u00e9s e Infusiones para hoteles, restaurantes y bares\",\"description\":\"T\u00e9s e infusiones para hosteler\u00eda, hoteler\u00eda y comercio\",\"potentialAction\":[{\"@type\":\"SearchAction\",\"target\":{\"@type\":\"EntryPoint\",\"urlTemplate\":\"https:\\\/\\\/www.sempertea.eu\\\/?s={search_term_string}\"},\"query-input\":{\"@type\":\"PropertyValueSpecification\",\"valueRequired\":true,\"valueName\":\"search_term_string\"}}],\"inLanguage\":\"en-US\"}]}<\/script>\n<!-- \/ Yoast SEO Premium plugin. -->","yoast_head_json":{"title":"Buy Organic MINT Tea in a Pouch | Shop Organic Tea Online","description":"Refreshing taste of organic mint tea in a convenient pouch. Shop our selection of organic teas online and indulge in natural goodness.","robots":{"index":"index","follow":"follow","max-snippet":"max-snippet:-1","max-image-preview":"max-image-preview:large","max-video-preview":"max-video-preview:-1"},"canonical":"https:\/\/www.sempertea.eu\/te-de-menta-ecologico-en-bolsa\/","og_locale":"en_US","og_type":"article","og_title":"MINT organic herbal tea in tea bag","og_description":"Refreshing taste of organic mint tea in a convenient pouch. Shop our selection of organic teas online and indulge in natural goodness.","og_url":"https:\/\/www.sempertea.eu\/te-de-menta-ecologico-en-bolsa\/","og_site_name":"Semper Tea | Mayorista y fabricante de T\u00e9s e Infusiones para hoteles, restaurantes y bares","article_modified_time":"2024-01-18T14:30:55+00:00","og_image":[{"url":"https:\/\/www.sempertea.eu\/wp-content\/uploads\/2021\/07\/rooibos-en-bolsa-de-te-semper-tea.jpg","type":"","width":"","height":""}],"twitter_card":"summary_large_image","twitter_image":"https:\/\/www.sempertea.eu\/wp-content\/uploads\/2021\/07\/rooibos-en-bolsa-de-te-semper-tea.jpg","twitter_misc":{"Est. reading time":"1 minute"},"schema":{"@context":"https:\/\/schema.org","@graph":[{"@type":"WebPage","@id":"https:\/\/www.sempertea.eu\/te-de-menta-ecologico-en-bolsa\/","url":"https:\/\/www.sempertea.eu\/te-de-menta-ecologico-en-bolsa\/","name":"Buy Organic MINT Tea in a Pouch | Shop Organic Tea Online","isPartOf":{"@id":"https:\/\/www.sempertea.eu\/#website"},"primaryImageOfPage":{"@id":"https:\/\/www.sempertea.eu\/te-de-menta-ecologico-en-bolsa\/#primaryimage"},"image":{"@id":"https:\/\/www.sempertea.eu\/te-de-menta-ecologico-en-bolsa\/#primaryimage"},"thumbnailUrl":"https:\/\/www.sempertea.eu\/wp-content\/uploads\/2021\/07\/infusion-menta-bio-comprar-te-online-bolsita-de-te-semper-tea.jpg","datePublished":"2023-02-17T12:39:48+00:00","dateModified":"2024-01-18T14:30:55+00:00","description":"Refreshing taste of organic mint tea in a convenient pouch. Shop our selection of organic teas online and indulge in natural goodness.","breadcrumb":{"@id":"https:\/\/www.sempertea.eu\/te-de-menta-ecologico-en-bolsa\/#breadcrumb"},"inLanguage":"en-US","potentialAction":[{"@type":"ReadAction","target":["https:\/\/www.sempertea.eu\/te-de-menta-ecologico-en-bolsa\/"]}]},{"@type":"ImageObject","inLanguage":"en-US","@id":"https:\/\/www.sempertea.eu\/te-de-menta-ecologico-en-bolsa\/#primaryimage","url":"https:\/\/www.sempertea.eu\/wp-content\/uploads\/2021\/07\/infusion-menta-bio-comprar-te-online-bolsita-de-te-semper-tea.jpg","contentUrl":"https:\/\/www.sempertea.eu\/wp-content\/uploads\/2021\/07\/infusion-menta-bio-comprar-te-online-bolsita-de-te-semper-tea.jpg","width":1500,"height":1500,"caption":"infusion menta bio comprar te online bolsita de te semper tea"},{"@type":"BreadcrumbList","@id":"https:\/\/www.sempertea.eu\/te-de-menta-ecologico-en-bolsa\/#breadcrumb","itemListElement":[{"@type":"ListItem","position":1,"name":"Portada","item":"https:\/\/www.sempertea.eu\/en\/"},{"@type":"ListItem","position":2,"name":"Shop","item":"https:\/\/www.sempertea.eu\/en\/shop\/"},{"@type":"ListItem","position":3,"name":"MINT organic herbal tea in tea bag"}]},{"@type":"WebSite","@id":"https:\/\/www.sempertea.eu\/#website","url":"https:\/\/www.sempertea.eu\/","name":"Semper Tea | Mayorista y fabricante de T\u00e9s e Infusiones para hoteles, restaurantes y bares","description":"T\u00e9s e infusiones para hosteler\u00eda, hoteler\u00eda y comercio","potentialAction":[{"@type":"SearchAction","target":{"@type":"EntryPoint","urlTemplate":"https:\/\/www.sempertea.eu\/?s={search_term_string}"},"query-input":{"@type":"PropertyValueSpecification","valueRequired":true,"valueName":"search_term_string"}}],"inLanguage":"en-US"}]}},"_links":{"self":[{"href":"https:\/\/www.sempertea.eu\/en\/wp-json\/wp\/v2\/product\/6811","targetHints":{"allow":["GET"]}}],"collection":[{"href":"https:\/\/www.sempertea.eu\/en\/wp-json\/wp\/v2\/product"}],"about":[{"href":"https:\/\/www.sempertea.eu\/en\/wp-json\/wp\/v2\/types\/product"}],"replies":[{"embeddable":true,"href":"https:\/\/www.sempertea.eu\/en\/wp-json\/wp\/v2\/comments?post=6811"}],"wp:featuredmedia":[{"embeddable":true,"href":"https:\/\/www.sempertea.eu\/en\/wp-json\/wp\/v2\/media\/4151"}],"wp:attachment":[{"href":"https:\/\/www.sempertea.eu\/en\/wp-json\/wp\/v2\/media?parent=6811"}],"wp:term":[{"taxonomy":"product_brand","embeddable":true,"href":"https:\/\/www.sempertea.eu\/en\/wp-json\/wp\/v2\/product_brand?post=6811"},{"taxonomy":"product_cat","embeddable":true,"href":"https:\/\/www.sempertea.eu\/en\/wp-json\/wp\/v2\/product_cat?post=6811"},{"taxonomy":"product_tag","embeddable":true,"href":"https:\/\/www.sempertea.eu\/en\/wp-json\/wp\/v2\/product_tag?post=6811"}],"curies":[{"name":"wp","href":"https:\/\/api.w.org\/{rel}","templated":true}]}}