{"id":6810,"date":"2021-07-06T13:44:11","date_gmt":"2023-02-17T12:37:14","guid":{"rendered":"https:\/\/www.sempertea.eu\/rooibos-organic-tea-bag\/"},"modified":"2024-01-18T15:46:37","modified_gmt":"2024-01-18T14:46:37","slug":"buy-organic-rooibos-tea-bag-in-envelopes","status":"publish","type":"product","link":"https:\/\/www.sempertea.eu\/en\/buy-organic-rooibos-tea-bag-in-envelopes\/","title":{"rendered":"ROOIBOS organic in tea bag"},"content":{"rendered":"<h2>Delightful Rooibos Tea from South Africa<\/h2>\n<p>The rooibos plant, scientifically known as <strong>Aspalathus linearis<\/strong>, is native to the Cederberg Mountains near Cape Town, <strong>South Africa<\/strong>, where it grows wild. Nowadays, rooibos growers have expanded to other regions in the country to meet the global demand for this unique tea.<\/p>\n<p>Thriving in harsh conditions with acidic soil and extreme temperature fluctuations, the rooibos plant resembles a shrub with its long, thin, <strong>needle-like leaves<\/strong>. During early spring, it blooms with yellow flowers, each producing a legume containing a single seed. In the past, wild rooibos collectors relied on ant hills to retrieve the seeds, but today, farmers gather them by sifting the soil around the plant.<\/p>\n<h3>Buy organic Rooibos in classic tea bags<\/h3>\n<p>Rooibos is harvested and processed in a similar way to the tea plant. The <strong>leaves are hand-picked<\/strong>, sorted, cut, and fermented, resulting in the distinctive reddish color. The more oxidized, the redder, sweeter, and richer the flavour.<\/p>\n<p>Check out our tea online shop and choose amongst different organic Rooibos Tea varieties. Our tea line Pearl offers Rooibos in classic tea bags, in a pack of 25. Explore the natural goodness of rooibos tea and savour its caffeine-free and flavourful characteristics.<\/p>\n","protected":false},"excerpt":{"rendered":"<p><strong>Earthy and raw with a light sweetness \u2013 caffeine free<\/strong><\/p>\n<p>This caffeine free Rooibos tea has a slight sweetness, mild earthy aroma and a unique scent. Originating from the magical South African country, it is tea in its most natural form. An absolute delight.<\/p>\n","protected":false},"featured_media":4119,"comment_status":"open","ping_status":"closed","template":"","meta":[],"product_brand":[],"product_cat":[163,154,155,160,156,164,159,161,162],"product_tag":[],"class_list":{"0":"post-6810","1":"product","2":"type-product","3":"status-publish","4":"has-post-thumbnail","6":"product_cat-product-brochure-of-tea","7":"product_cat-unique-exclusive-tea-collections","8":"product_cat-types-of-tea-packaging","9":"product_cat-teas-and-tisanes-organic-buy-online","10":"product_cat-pearl-tea-bag-classic-organic-teas","11":"product_cat-rooibos-south-africa-caffeine-free-organic","12":"product_cat-organic-tea-in-classic-tea-bags","13":"product_cat-exclusive-tea-line","14":"product_cat-todos-en","16":"first","17":"instock","18":"shipping-taxable","19":"purchasable","20":"product-type-simple"},"yoast_head":"<!-- This site is optimized with the Yoast SEO Premium plugin v27.3 (Yoast SEO v27.4) - https:\/\/yoast.com\/product\/yoast-seo-premium-wordpress\/ -->\n<title>Rooibos Rendezvous | Buy Organic Tea Bag in Envelopes Delivered to your door<\/title>\n<meta name=\"description\" content=\"Light sweetness and mild earthiness of caffeine-free Rooibos tea bag in envelopes. Unique and aromatic, get it delivered to your door.\" \/>\n<meta name=\"robots\" content=\"index, follow, max-snippet:-1, max-image-preview:large, max-video-preview:-1\" \/>\n<link rel=\"canonical\" href=\"https:\/\/www.sempertea.eu\/en\/buy-organic-rooibos-tea-bag-in-envelopes\/\" \/>\n<meta property=\"og:locale\" content=\"en_US\" \/>\n<meta property=\"og:type\" content=\"article\" \/>\n<meta property=\"og:title\" content=\"ROOIBOS organic in tea bag\" \/>\n<meta property=\"og:description\" content=\"Light sweetness and mild earthiness of caffeine-free Rooibos tea bag in envelopes. Unique and aromatic, get it delivered to your door.\" \/>\n<meta property=\"og:url\" content=\"https:\/\/www.sempertea.eu\/en\/buy-organic-rooibos-tea-bag-in-envelopes\/\" \/>\n<meta property=\"og:site_name\" content=\"Semper Tea | Mayorista y fabricante de T\u00e9s e Infusiones para hoteles, restaurantes y bares\" \/>\n<meta property=\"article:modified_time\" content=\"2024-01-18T14:46:37+00:00\" \/>\n<meta property=\"og:image\" content=\"https:\/\/www.sempertea.eu\/wp-content\/uploads\/2021\/07\/rooibos-en-bolsa-de-te-semper-tea.jpg\" \/>\n<meta name=\"twitter:card\" content=\"summary_large_image\" \/>\n<meta name=\"twitter:image\" content=\"https:\/\/www.sempertea.eu\/wp-content\/uploads\/2021\/07\/rooibos-en-bolsa-de-te-semper-tea.jpg\" \/>\n<meta name=\"twitter:label1\" content=\"Est. reading time\" \/>\n\t<meta name=\"twitter:data1\" content=\"1 minute\" \/>\n<script type=\"application\/ld+json\" class=\"yoast-schema-graph\">{\"@context\":\"https:\\\/\\\/schema.org\",\"@graph\":[{\"@type\":\"WebPage\",\"@id\":\"https:\\\/\\\/www.sempertea.eu\\\/en\\\/buy-organic-rooibos-tea-bag-in-envelopes\\\/\",\"url\":\"https:\\\/\\\/www.sempertea.eu\\\/en\\\/buy-organic-rooibos-tea-bag-in-envelopes\\\/\",\"name\":\"Rooibos Rendezvous | Buy Organic Tea Bag in Envelopes Delivered to your door\",\"isPartOf\":{\"@id\":\"https:\\\/\\\/www.sempertea.eu\\\/#website\"},\"primaryImageOfPage\":{\"@id\":\"https:\\\/\\\/www.sempertea.eu\\\/en\\\/buy-organic-rooibos-tea-bag-in-envelopes\\\/#primaryimage\"},\"image\":{\"@id\":\"https:\\\/\\\/www.sempertea.eu\\\/en\\\/buy-organic-rooibos-tea-bag-in-envelopes\\\/#primaryimage\"},\"thumbnailUrl\":\"https:\\\/\\\/www.sempertea.eu\\\/wp-content\\\/uploads\\\/2021\\\/07\\\/rooibos-donde-comprar-en-espana-semper-tea.jpg\",\"datePublished\":\"2023-02-17T12:37:14+00:00\",\"dateModified\":\"2024-01-18T14:46:37+00:00\",\"description\":\"Light sweetness and mild earthiness of caffeine-free Rooibos tea bag in envelopes. Unique and aromatic, get it delivered to your door.\",\"breadcrumb\":{\"@id\":\"https:\\\/\\\/www.sempertea.eu\\\/en\\\/buy-organic-rooibos-tea-bag-in-envelopes\\\/#breadcrumb\"},\"inLanguage\":\"en-US\",\"potentialAction\":[{\"@type\":\"ReadAction\",\"target\":[\"https:\\\/\\\/www.sempertea.eu\\\/en\\\/buy-organic-rooibos-tea-bag-in-envelopes\\\/\"]}]},{\"@type\":\"ImageObject\",\"inLanguage\":\"en-US\",\"@id\":\"https:\\\/\\\/www.sempertea.eu\\\/en\\\/buy-organic-rooibos-tea-bag-in-envelopes\\\/#primaryimage\",\"url\":\"https:\\\/\\\/www.sempertea.eu\\\/wp-content\\\/uploads\\\/2021\\\/07\\\/rooibos-donde-comprar-en-espana-semper-tea.jpg\",\"contentUrl\":\"https:\\\/\\\/www.sempertea.eu\\\/wp-content\\\/uploads\\\/2021\\\/07\\\/rooibos-donde-comprar-en-espana-semper-tea.jpg\",\"width\":1500,\"height\":1500,\"caption\":\"rooibos tea te rooibos donde comprar en espa\u00f1a semper tea\"},{\"@type\":\"BreadcrumbList\",\"@id\":\"https:\\\/\\\/www.sempertea.eu\\\/en\\\/buy-organic-rooibos-tea-bag-in-envelopes\\\/#breadcrumb\",\"itemListElement\":[{\"@type\":\"ListItem\",\"position\":1,\"name\":\"Portada\",\"item\":\"https:\\\/\\\/www.sempertea.eu\\\/en\\\/\"},{\"@type\":\"ListItem\",\"position\":2,\"name\":\"Shop\",\"item\":\"https:\\\/\\\/www.sempertea.eu\\\/en\\\/shop\\\/\"},{\"@type\":\"ListItem\",\"position\":3,\"name\":\"ROOIBOS organic in tea bag\"}]},{\"@type\":\"WebSite\",\"@id\":\"https:\\\/\\\/www.sempertea.eu\\\/#website\",\"url\":\"https:\\\/\\\/www.sempertea.eu\\\/\",\"name\":\"Semper Tea | Mayorista y fabricante de T\u00e9s e Infusiones para hoteles, restaurantes y bares\",\"description\":\"T\u00e9s e infusiones para hosteler\u00eda, hoteler\u00eda y comercio\",\"potentialAction\":[{\"@type\":\"SearchAction\",\"target\":{\"@type\":\"EntryPoint\",\"urlTemplate\":\"https:\\\/\\\/www.sempertea.eu\\\/?s={search_term_string}\"},\"query-input\":{\"@type\":\"PropertyValueSpecification\",\"valueRequired\":true,\"valueName\":\"search_term_string\"}}],\"inLanguage\":\"en-US\"}]}<\/script>\n<!-- \/ Yoast SEO Premium plugin. -->","yoast_head_json":{"title":"Rooibos Rendezvous | Buy Organic Tea Bag in Envelopes Delivered to your door","description":"Light sweetness and mild earthiness of caffeine-free Rooibos tea bag in envelopes. Unique and aromatic, get it delivered to your door.","robots":{"index":"index","follow":"follow","max-snippet":"max-snippet:-1","max-image-preview":"max-image-preview:large","max-video-preview":"max-video-preview:-1"},"canonical":"https:\/\/www.sempertea.eu\/en\/buy-organic-rooibos-tea-bag-in-envelopes\/","og_locale":"en_US","og_type":"article","og_title":"ROOIBOS organic in tea bag","og_description":"Light sweetness and mild earthiness of caffeine-free Rooibos tea bag in envelopes. Unique and aromatic, get it delivered to your door.","og_url":"https:\/\/www.sempertea.eu\/en\/buy-organic-rooibos-tea-bag-in-envelopes\/","og_site_name":"Semper Tea | Mayorista y fabricante de T\u00e9s e Infusiones para hoteles, restaurantes y bares","article_modified_time":"2024-01-18T14:46:37+00:00","og_image":[{"url":"https:\/\/www.sempertea.eu\/wp-content\/uploads\/2021\/07\/rooibos-en-bolsa-de-te-semper-tea.jpg","type":"","width":"","height":""}],"twitter_card":"summary_large_image","twitter_image":"https:\/\/www.sempertea.eu\/wp-content\/uploads\/2021\/07\/rooibos-en-bolsa-de-te-semper-tea.jpg","twitter_misc":{"Est. reading time":"1 minute"},"schema":{"@context":"https:\/\/schema.org","@graph":[{"@type":"WebPage","@id":"https:\/\/www.sempertea.eu\/en\/buy-organic-rooibos-tea-bag-in-envelopes\/","url":"https:\/\/www.sempertea.eu\/en\/buy-organic-rooibos-tea-bag-in-envelopes\/","name":"Rooibos Rendezvous | Buy Organic Tea Bag in Envelopes Delivered to your door","isPartOf":{"@id":"https:\/\/www.sempertea.eu\/#website"},"primaryImageOfPage":{"@id":"https:\/\/www.sempertea.eu\/en\/buy-organic-rooibos-tea-bag-in-envelopes\/#primaryimage"},"image":{"@id":"https:\/\/www.sempertea.eu\/en\/buy-organic-rooibos-tea-bag-in-envelopes\/#primaryimage"},"thumbnailUrl":"https:\/\/www.sempertea.eu\/wp-content\/uploads\/2021\/07\/rooibos-donde-comprar-en-espana-semper-tea.jpg","datePublished":"2023-02-17T12:37:14+00:00","dateModified":"2024-01-18T14:46:37+00:00","description":"Light sweetness and mild earthiness of caffeine-free Rooibos tea bag in envelopes. Unique and aromatic, get it delivered to your door.","breadcrumb":{"@id":"https:\/\/www.sempertea.eu\/en\/buy-organic-rooibos-tea-bag-in-envelopes\/#breadcrumb"},"inLanguage":"en-US","potentialAction":[{"@type":"ReadAction","target":["https:\/\/www.sempertea.eu\/en\/buy-organic-rooibos-tea-bag-in-envelopes\/"]}]},{"@type":"ImageObject","inLanguage":"en-US","@id":"https:\/\/www.sempertea.eu\/en\/buy-organic-rooibos-tea-bag-in-envelopes\/#primaryimage","url":"https:\/\/www.sempertea.eu\/wp-content\/uploads\/2021\/07\/rooibos-donde-comprar-en-espana-semper-tea.jpg","contentUrl":"https:\/\/www.sempertea.eu\/wp-content\/uploads\/2021\/07\/rooibos-donde-comprar-en-espana-semper-tea.jpg","width":1500,"height":1500,"caption":"rooibos tea te rooibos donde comprar en espa\u00f1a semper tea"},{"@type":"BreadcrumbList","@id":"https:\/\/www.sempertea.eu\/en\/buy-organic-rooibos-tea-bag-in-envelopes\/#breadcrumb","itemListElement":[{"@type":"ListItem","position":1,"name":"Portada","item":"https:\/\/www.sempertea.eu\/en\/"},{"@type":"ListItem","position":2,"name":"Shop","item":"https:\/\/www.sempertea.eu\/en\/shop\/"},{"@type":"ListItem","position":3,"name":"ROOIBOS organic in tea bag"}]},{"@type":"WebSite","@id":"https:\/\/www.sempertea.eu\/#website","url":"https:\/\/www.sempertea.eu\/","name":"Semper Tea | Mayorista y fabricante de T\u00e9s e Infusiones para hoteles, restaurantes y bares","description":"T\u00e9s e infusiones para hosteler\u00eda, hoteler\u00eda y comercio","potentialAction":[{"@type":"SearchAction","target":{"@type":"EntryPoint","urlTemplate":"https:\/\/www.sempertea.eu\/?s={search_term_string}"},"query-input":{"@type":"PropertyValueSpecification","valueRequired":true,"valueName":"search_term_string"}}],"inLanguage":"en-US"}]}},"_links":{"self":[{"href":"https:\/\/www.sempertea.eu\/en\/wp-json\/wp\/v2\/product\/6810","targetHints":{"allow":["GET"]}}],"collection":[{"href":"https:\/\/www.sempertea.eu\/en\/wp-json\/wp\/v2\/product"}],"about":[{"href":"https:\/\/www.sempertea.eu\/en\/wp-json\/wp\/v2\/types\/product"}],"replies":[{"embeddable":true,"href":"https:\/\/www.sempertea.eu\/en\/wp-json\/wp\/v2\/comments?post=6810"}],"wp:featuredmedia":[{"embeddable":true,"href":"https:\/\/www.sempertea.eu\/en\/wp-json\/wp\/v2\/media\/4119"}],"wp:attachment":[{"href":"https:\/\/www.sempertea.eu\/en\/wp-json\/wp\/v2\/media?parent=6810"}],"wp:term":[{"taxonomy":"product_brand","embeddable":true,"href":"https:\/\/www.sempertea.eu\/en\/wp-json\/wp\/v2\/product_brand?post=6810"},{"taxonomy":"product_cat","embeddable":true,"href":"https:\/\/www.sempertea.eu\/en\/wp-json\/wp\/v2\/product_cat?post=6810"},{"taxonomy":"product_tag","embeddable":true,"href":"https:\/\/www.sempertea.eu\/en\/wp-json\/wp\/v2\/product_tag?post=6810"}],"curies":[{"name":"wp","href":"https:\/\/api.w.org\/{rel}","templated":true}]}}