{"id":18461,"date":"2025-08-18T18:21:34","date_gmt":"2025-08-18T16:21:34","guid":{"rendered":"https:\/\/www.sempertea.eu\/swirl-of-licorice-organic-infusion-with-mint-apple-herbal-tea-caffeine-free-loose-leaf-refreshing-and-sweet\/"},"modified":"2025-08-18T19:39:34","modified_gmt":"2025-08-18T17:39:34","slug":"organic-licorice-mint-apple-infusion-tea-gift","status":"publish","type":"product","link":"https:\/\/www.sempertea.eu\/en\/organic-licorice-mint-apple-infusion-tea-gift\/","title":{"rendered":"SWIRL OF LICORICE organic infusion with mint &amp; apple | Herbal tea caffeine-free, loose leaf | For tea lovers"},"content":{"rendered":"<h2 data-start=\"84\" data-end=\"136\">Premium Ingredients: Licorice, Mint and Apple | Organic Herbal Tea, Caffeine-Free, Natural and Refreshing<\/h2>\n<p data-start=\"138\" data-end=\"335\">Discover a refreshing and flavorful delight in every sip. The fusion of <strong data-start=\"207\" data-end=\"218\">licorice<\/strong> and<strong data-start=\"224\" data-end=\"233\"> mint <\/strong>with a fruity touch of <strong data-start=\"262\" data-end=\"273\">apple<\/strong> creates an exquisite infusion, naturally sweet and subtly smooth.<\/p>\n<p data-start=\"337\" data-end=\"546\">The unique character of licorice, combined with the freshness of organic mint and the smoothness of apple, creates a modern, natural and organic blend that turns every cup into a special moment.<\/p>\n","protected":false},"excerpt":{"rendered":"<p><strong>Enjoy a refreshing and flavorful herbal delight<\/strong><\/p>\n<p>Enjoy the infusion of <strong>licorice, mint and apple<\/strong> \u2013 a balanced blend, <strong>100% organic,<\/strong> combining the natural sweetness of licorice with the freshness of mint and the fruity touch of apple. <strong>Caffeine-free<\/strong> and with a smooth, refreshing taste, it is perfect for any time of the day. Ideal for those looking for a digestive, aromatic and healthy herbal tea.<\/p>\n","protected":false},"featured_media":16133,"comment_status":"open","ping_status":"closed","template":"","meta":[],"product_brand":[],"product_cat":[378,163,191,154,155,158,160,161,162,218],"product_tag":[],"class_list":{"0":"post-18461","1":"product","2":"type-product","3":"status-publish","4":"has-post-thumbnail","6":"product_cat-organic-bulk-tea","7":"product_cat-product-brochure-of-tea","8":"product_cat-buy-organic-loose-teas-tisanes-in-bulk","9":"product_cat-unique-exclusive-tea-collections","10":"product_cat-types-of-tea-packaging","11":"product_cat-the-best-herbal-teas-organic-online-shop","12":"product_cat-teas-and-tisanes-organic-buy-online","13":"product_cat-exclusive-tea-line","14":"product_cat-todos-en","15":"product_cat-uncategorized-en","17":"first","18":"instock","19":"shipping-taxable","20":"purchasable","21":"product-type-variable"},"yoast_head":"<!-- This site is optimized with the Yoast SEO Premium plugin v27.3 (Yoast SEO v27.3) - https:\/\/yoast.com\/product\/yoast-seo-premium-wordpress\/ -->\n<title>Organic Licorice Mint Infusion | Herbal Tea Caffeine-Free<\/title>\n<meta name=\"description\" content=\"Organic licorice, mint and apple infusion. Caffeine-free, eco-friendly, loose leaf in bag. Refreshing, natural and perfect for any moment.\" \/>\n<meta name=\"robots\" content=\"index, follow, max-snippet:-1, max-image-preview:large, max-video-preview:-1\" \/>\n<link rel=\"canonical\" href=\"https:\/\/www.sempertea.eu\/en\/organic-licorice-mint-apple-infusion-tea-gift\/\" \/>\n<meta property=\"og:locale\" content=\"en_US\" \/>\n<meta property=\"og:type\" content=\"article\" \/>\n<meta property=\"og:title\" content=\"SWIRL OF LICORICE organic infusion with mint &amp; apple | Herbal tea caffeine-free, loose leaf | For tea lovers\" \/>\n<meta property=\"og:description\" content=\"Organic licorice, mint and apple infusion. Caffeine-free, eco-friendly, loose leaf in bag. Refreshing, natural and perfect for any moment.\" \/>\n<meta property=\"og:url\" content=\"https:\/\/www.sempertea.eu\/en\/organic-licorice-mint-apple-infusion-tea-gift\/\" \/>\n<meta property=\"og:site_name\" content=\"Semper Tea | Mayorista y fabricante de T\u00e9s e Infusiones para hoteles, restaurantes y bares\" \/>\n<meta property=\"article:modified_time\" content=\"2025-08-18T17:39:34+00:00\" \/>\n<meta property=\"og:image\" content=\"https:\/\/www.sempertea.eu\/wp-content\/uploads\/2025\/06\/infusion-regaliz-menta-manzana-granel-dulce-refrescante-semper-tea.jpg\" \/>\n\t<meta property=\"og:image:width\" content=\"643\" \/>\n\t<meta property=\"og:image:height\" content=\"643\" \/>\n\t<meta property=\"og:image:type\" content=\"image\/jpeg\" \/>\n<meta name=\"twitter:card\" content=\"summary_large_image\" \/>\n<meta name=\"twitter:image\" content=\"https:\/\/www.sempertea.eu\/wp-content\/uploads\/2022\/11\/infusion-ecologica-regaliz-menta-semper-tea.jpg\" \/>\n<meta name=\"twitter:label1\" content=\"Est. reading time\" \/>\n\t<meta name=\"twitter:data1\" content=\"1 minute\" \/>\n<script type=\"application\/ld+json\" class=\"yoast-schema-graph\">{\"@context\":\"https:\\\/\\\/schema.org\",\"@graph\":[{\"@type\":\"WebPage\",\"@id\":\"https:\\\/\\\/www.sempertea.eu\\\/en\\\/organic-licorice-mint-apple-infusion-tea-gift\\\/\",\"url\":\"https:\\\/\\\/www.sempertea.eu\\\/en\\\/organic-licorice-mint-apple-infusion-tea-gift\\\/\",\"name\":\"Organic Licorice Mint Infusion | Herbal Tea Caffeine-Free\",\"isPartOf\":{\"@id\":\"https:\\\/\\\/www.sempertea.eu\\\/#website\"},\"primaryImageOfPage\":{\"@id\":\"https:\\\/\\\/www.sempertea.eu\\\/en\\\/organic-licorice-mint-apple-infusion-tea-gift\\\/#primaryimage\"},\"image\":{\"@id\":\"https:\\\/\\\/www.sempertea.eu\\\/en\\\/organic-licorice-mint-apple-infusion-tea-gift\\\/#primaryimage\"},\"thumbnailUrl\":\"https:\\\/\\\/www.sempertea.eu\\\/wp-content\\\/uploads\\\/2025\\\/06\\\/infusion-regaliz-menta-manzana-granel-dulce-refrescante-semper-tea.jpg\",\"datePublished\":\"2025-08-18T16:21:34+00:00\",\"dateModified\":\"2025-08-18T17:39:34+00:00\",\"description\":\"Organic licorice, mint and apple infusion. Caffeine-free, eco-friendly, loose leaf in bag. Refreshing, natural and perfect for any moment.\",\"breadcrumb\":{\"@id\":\"https:\\\/\\\/www.sempertea.eu\\\/en\\\/organic-licorice-mint-apple-infusion-tea-gift\\\/#breadcrumb\"},\"inLanguage\":\"en-US\",\"potentialAction\":[{\"@type\":\"ReadAction\",\"target\":[\"https:\\\/\\\/www.sempertea.eu\\\/en\\\/organic-licorice-mint-apple-infusion-tea-gift\\\/\"]}]},{\"@type\":\"ImageObject\",\"inLanguage\":\"en-US\",\"@id\":\"https:\\\/\\\/www.sempertea.eu\\\/en\\\/organic-licorice-mint-apple-infusion-tea-gift\\\/#primaryimage\",\"url\":\"https:\\\/\\\/www.sempertea.eu\\\/wp-content\\\/uploads\\\/2025\\\/06\\\/infusion-regaliz-menta-manzana-granel-dulce-refrescante-semper-tea.jpg\",\"contentUrl\":\"https:\\\/\\\/www.sempertea.eu\\\/wp-content\\\/uploads\\\/2025\\\/06\\\/infusion-regaliz-menta-manzana-granel-dulce-refrescante-semper-tea.jpg\",\"width\":643,\"height\":643,\"caption\":\"infusion regaliz menta manzana granel dulce refrescante semper tea\"},{\"@type\":\"BreadcrumbList\",\"@id\":\"https:\\\/\\\/www.sempertea.eu\\\/en\\\/organic-licorice-mint-apple-infusion-tea-gift\\\/#breadcrumb\",\"itemListElement\":[{\"@type\":\"ListItem\",\"position\":1,\"name\":\"Portada\",\"item\":\"https:\\\/\\\/www.sempertea.eu\\\/en\\\/\"},{\"@type\":\"ListItem\",\"position\":2,\"name\":\"Shop\",\"item\":\"https:\\\/\\\/www.sempertea.eu\\\/en\\\/shop\\\/\"},{\"@type\":\"ListItem\",\"position\":3,\"name\":\"SWIRL OF LICORICE organic infusion with mint &amp; apple | Herbal tea caffeine-free, loose leaf | For tea lovers\"}]},{\"@type\":\"WebSite\",\"@id\":\"https:\\\/\\\/www.sempertea.eu\\\/#website\",\"url\":\"https:\\\/\\\/www.sempertea.eu\\\/\",\"name\":\"Semper Tea | Mayorista y fabricante de T\u00e9s e Infusiones para hoteles, restaurantes y bares\",\"description\":\"T\u00e9s e infusiones para hosteler\u00eda, hoteler\u00eda y comercio\",\"potentialAction\":[{\"@type\":\"SearchAction\",\"target\":{\"@type\":\"EntryPoint\",\"urlTemplate\":\"https:\\\/\\\/www.sempertea.eu\\\/?s={search_term_string}\"},\"query-input\":{\"@type\":\"PropertyValueSpecification\",\"valueRequired\":true,\"valueName\":\"search_term_string\"}}],\"inLanguage\":\"en-US\"}]}<\/script>\n<!-- \/ Yoast SEO Premium plugin. -->","yoast_head_json":{"title":"Organic Licorice Mint Infusion | Herbal Tea Caffeine-Free","description":"Organic licorice, mint and apple infusion. Caffeine-free, eco-friendly, loose leaf in bag. Refreshing, natural and perfect for any moment.","robots":{"index":"index","follow":"follow","max-snippet":"max-snippet:-1","max-image-preview":"max-image-preview:large","max-video-preview":"max-video-preview:-1"},"canonical":"https:\/\/www.sempertea.eu\/en\/organic-licorice-mint-apple-infusion-tea-gift\/","og_locale":"en_US","og_type":"article","og_title":"SWIRL OF LICORICE organic infusion with mint &amp; apple | Herbal tea caffeine-free, loose leaf | For tea lovers","og_description":"Organic licorice, mint and apple infusion. Caffeine-free, eco-friendly, loose leaf in bag. Refreshing, natural and perfect for any moment.","og_url":"https:\/\/www.sempertea.eu\/en\/organic-licorice-mint-apple-infusion-tea-gift\/","og_site_name":"Semper Tea | Mayorista y fabricante de T\u00e9s e Infusiones para hoteles, restaurantes y bares","article_modified_time":"2025-08-18T17:39:34+00:00","og_image":[{"width":643,"height":643,"url":"https:\/\/www.sempertea.eu\/wp-content\/uploads\/2025\/06\/infusion-regaliz-menta-manzana-granel-dulce-refrescante-semper-tea.jpg","type":"image\/jpeg"}],"twitter_card":"summary_large_image","twitter_image":"https:\/\/www.sempertea.eu\/wp-content\/uploads\/2022\/11\/infusion-ecologica-regaliz-menta-semper-tea.jpg","twitter_misc":{"Est. reading time":"1 minute"},"schema":{"@context":"https:\/\/schema.org","@graph":[{"@type":"WebPage","@id":"https:\/\/www.sempertea.eu\/en\/organic-licorice-mint-apple-infusion-tea-gift\/","url":"https:\/\/www.sempertea.eu\/en\/organic-licorice-mint-apple-infusion-tea-gift\/","name":"Organic Licorice Mint Infusion | Herbal Tea Caffeine-Free","isPartOf":{"@id":"https:\/\/www.sempertea.eu\/#website"},"primaryImageOfPage":{"@id":"https:\/\/www.sempertea.eu\/en\/organic-licorice-mint-apple-infusion-tea-gift\/#primaryimage"},"image":{"@id":"https:\/\/www.sempertea.eu\/en\/organic-licorice-mint-apple-infusion-tea-gift\/#primaryimage"},"thumbnailUrl":"https:\/\/www.sempertea.eu\/wp-content\/uploads\/2025\/06\/infusion-regaliz-menta-manzana-granel-dulce-refrescante-semper-tea.jpg","datePublished":"2025-08-18T16:21:34+00:00","dateModified":"2025-08-18T17:39:34+00:00","description":"Organic licorice, mint and apple infusion. Caffeine-free, eco-friendly, loose leaf in bag. Refreshing, natural and perfect for any moment.","breadcrumb":{"@id":"https:\/\/www.sempertea.eu\/en\/organic-licorice-mint-apple-infusion-tea-gift\/#breadcrumb"},"inLanguage":"en-US","potentialAction":[{"@type":"ReadAction","target":["https:\/\/www.sempertea.eu\/en\/organic-licorice-mint-apple-infusion-tea-gift\/"]}]},{"@type":"ImageObject","inLanguage":"en-US","@id":"https:\/\/www.sempertea.eu\/en\/organic-licorice-mint-apple-infusion-tea-gift\/#primaryimage","url":"https:\/\/www.sempertea.eu\/wp-content\/uploads\/2025\/06\/infusion-regaliz-menta-manzana-granel-dulce-refrescante-semper-tea.jpg","contentUrl":"https:\/\/www.sempertea.eu\/wp-content\/uploads\/2025\/06\/infusion-regaliz-menta-manzana-granel-dulce-refrescante-semper-tea.jpg","width":643,"height":643,"caption":"infusion regaliz menta manzana granel dulce refrescante semper tea"},{"@type":"BreadcrumbList","@id":"https:\/\/www.sempertea.eu\/en\/organic-licorice-mint-apple-infusion-tea-gift\/#breadcrumb","itemListElement":[{"@type":"ListItem","position":1,"name":"Portada","item":"https:\/\/www.sempertea.eu\/en\/"},{"@type":"ListItem","position":2,"name":"Shop","item":"https:\/\/www.sempertea.eu\/en\/shop\/"},{"@type":"ListItem","position":3,"name":"SWIRL OF LICORICE organic infusion with mint &amp; apple | Herbal tea caffeine-free, loose leaf | For tea lovers"}]},{"@type":"WebSite","@id":"https:\/\/www.sempertea.eu\/#website","url":"https:\/\/www.sempertea.eu\/","name":"Semper Tea | Mayorista y fabricante de T\u00e9s e Infusiones para hoteles, restaurantes y bares","description":"T\u00e9s e infusiones para hosteler\u00eda, hoteler\u00eda y comercio","potentialAction":[{"@type":"SearchAction","target":{"@type":"EntryPoint","urlTemplate":"https:\/\/www.sempertea.eu\/?s={search_term_string}"},"query-input":{"@type":"PropertyValueSpecification","valueRequired":true,"valueName":"search_term_string"}}],"inLanguage":"en-US"}]}},"_links":{"self":[{"href":"https:\/\/www.sempertea.eu\/en\/wp-json\/wp\/v2\/product\/18461","targetHints":{"allow":["GET"]}}],"collection":[{"href":"https:\/\/www.sempertea.eu\/en\/wp-json\/wp\/v2\/product"}],"about":[{"href":"https:\/\/www.sempertea.eu\/en\/wp-json\/wp\/v2\/types\/product"}],"replies":[{"embeddable":true,"href":"https:\/\/www.sempertea.eu\/en\/wp-json\/wp\/v2\/comments?post=18461"}],"wp:featuredmedia":[{"embeddable":true,"href":"https:\/\/www.sempertea.eu\/en\/wp-json\/wp\/v2\/media\/16133"}],"wp:attachment":[{"href":"https:\/\/www.sempertea.eu\/en\/wp-json\/wp\/v2\/media?parent=18461"}],"wp:term":[{"taxonomy":"product_brand","embeddable":true,"href":"https:\/\/www.sempertea.eu\/en\/wp-json\/wp\/v2\/product_brand?post=18461"},{"taxonomy":"product_cat","embeddable":true,"href":"https:\/\/www.sempertea.eu\/en\/wp-json\/wp\/v2\/product_cat?post=18461"},{"taxonomy":"product_tag","embeddable":true,"href":"https:\/\/www.sempertea.eu\/en\/wp-json\/wp\/v2\/product_tag?post=18461"}],"curies":[{"name":"wp","href":"https:\/\/api.w.org\/{rel}","templated":true}]}}