{"id":18401,"date":"2025-08-16T20:01:33","date_gmt":"2025-08-16T18:01:33","guid":{"rendered":"https:\/\/www.sempertea.eu\/fruit-garden-organic-loose-fruit-tea-hibiscus-rosehip-strawberry-caffeine-free-and-sustainable\/"},"modified":"2025-08-16T20:28:00","modified_gmt":"2025-08-16T18:28:00","slug":"fruit-garden-organic-loose-fruit-tea-hibiscus-rosehip-strawberry-caffeine-free-and-sustainable","status":"publish","type":"product","link":"https:\/\/www.sempertea.eu\/en\/fruit-garden-organic-loose-fruit-tea-hibiscus-rosehip-strawberry-caffeine-free-and-sustainable\/","title":{"rendered":"FRUIT GARDEN organic loose fruit tea | Hibiscus, rosehip &amp; strawberry | Caffeine-free"},"content":{"rendered":"<h2>Premium natural ingredients in every blend<\/h2>\n<p>Semper Tea\u2019s <strong>organic loose fruit teas <\/strong>stand out for their aromatic intensity and vibrant color. Each blend combines high-quality ingredients such as hibiscus, naturally rich in vitamin C, and rosehip, which add freshness and a gentle acidity. The result is a caffeine-free fruit infusion, perfect to enjoy hot on cold days or as a refreshing iced fruit tea in summer.<\/p>\n<h3>Fruit Tea or Fruit Infusion?<\/h3>\n<p>Although it is commonly called fruit tea, it does not contain leaves from the Camellia sinensis plant. This means it is a natural caffeine-free infusion, suitable for any time of the day and ideal for the whole family.<\/p>\n<h4>A healthy and sustainable choice<\/h4>\n<p>At Semper Tea, we create organic bulk fruit infusions, packaged in bags that preserve the aroma and ensure freshness. This is a responsible alternative for the environment and a practical option both for caf\u00e9s, hotels, restaurants (Horeca) and for those seeking premium quality at home or in specialty shops.<\/p>\n<p>Organic bulk fruit teas are recognized as a natural alternative to caffeinated drinks. They provide vitamins, minerals, and antioxidants that support a healthy lifestyle, delivering a delicious and well-balanced experience in every cup.<\/p>\n<h5>Ways to enjoy it<\/h5>\n<p>Hot: an aromatic, fruity cup for moments of calm.<\/p>\n<p>Cold: prepared as bulk iced tea, it is the perfect drink to refresh yourself with a healthy and natural touch.<\/p>\n<p>With Semper Tea, you choose quality, sustainability, and the authentic taste of organic loose fruit tea.<\/p>\n","protected":false},"excerpt":{"rendered":"<p><strong>Fruity and refreshing tea \u2013 Caffeine-free and 100% natural<\/strong><\/p>\n<p>Delicious <strong>blend of organic fruits<\/strong>, crafted with natural ingredients such as <strong>hibiscus, rosehip, apple and strawberry<\/strong>. Its intense and refreshing flavor makes it the ideal choice for any time of the day. <strong>Caffeine-free and rich in vitamins<\/strong>, it is perfect for those seeking a healthy, aromatic drink. Enjoy this fruity organic infusion and its unique taste!<\/p>\n","protected":false},"featured_media":16117,"comment_status":"open","ping_status":"closed","template":"","meta":[],"product_brand":[],"product_cat":[378,163,191,154,155,198,160,161,162,218],"product_tag":[],"class_list":{"0":"post-18401","1":"product","2":"type-product","3":"status-publish","4":"has-post-thumbnail","6":"product_cat-organic-bulk-tea","7":"product_cat-product-brochure-of-tea","8":"product_cat-buy-organic-loose-teas-tisanes-in-bulk","9":"product_cat-unique-exclusive-tea-collections","10":"product_cat-types-of-tea-packaging","11":"product_cat-fruit-teas-organic-tea-shop-certified-quality","12":"product_cat-teas-and-tisanes-organic-buy-online","13":"product_cat-exclusive-tea-line","14":"product_cat-todos-en","15":"product_cat-uncategorized-en","17":"first","18":"instock","19":"shipping-taxable","20":"purchasable","21":"product-type-variable"},"yoast_head":"<!-- This site is optimized with the Yoast SEO Premium plugin v27.3 (Yoast SEO v27.3) - https:\/\/yoast.com\/product\/yoast-seo-premium-wordpress\/ -->\n<title>Buy Organic Loose Fruit Tea | Caffeine-Free Bulk Bags wholesaler<\/title>\n<meta name=\"description\" content=\"Fruit infusions that are as colourful as the ones in your fruit bowl. Premium quality ingredients influence refreshing and fruity blends.\" \/>\n<meta name=\"robots\" content=\"index, follow, max-snippet:-1, max-image-preview:large, max-video-preview:-1\" \/>\n<link rel=\"canonical\" href=\"https:\/\/www.sempertea.eu\/en\/fruit-garden-organic-loose-fruit-tea-hibiscus-rosehip-strawberry-caffeine-free-and-sustainable\/\" \/>\n<meta property=\"og:locale\" content=\"en_US\" \/>\n<meta property=\"og:type\" content=\"article\" \/>\n<meta property=\"og:title\" content=\"FRUIT GARDEN organic loose fruit tea | Hibiscus, rosehip &amp; strawberry | Caffeine-free\" \/>\n<meta property=\"og:description\" content=\"Fruit infusions that are as colourful as the ones in your fruit bowl. Premium quality ingredients influence refreshing and fruity blends.\" \/>\n<meta property=\"og:url\" content=\"https:\/\/www.sempertea.eu\/en\/fruit-garden-organic-loose-fruit-tea-hibiscus-rosehip-strawberry-caffeine-free-and-sustainable\/\" \/>\n<meta property=\"og:site_name\" content=\"Semper Tea | Mayorista y fabricante de T\u00e9s e Infusiones para hoteles, restaurantes y bares\" \/>\n<meta property=\"article:modified_time\" content=\"2025-08-16T18:28:00+00:00\" \/>\n<meta property=\"og:image\" content=\"https:\/\/www.sempertea.eu\/wp-content\/uploads\/2025\/08\/apple-strawberry-fruit-tea-bulk-semper-tea.jpg\" \/>\n\t<meta property=\"og:image:width\" content=\"1352\" \/>\n\t<meta property=\"og:image:height\" content=\"1352\" \/>\n\t<meta property=\"og:image:type\" content=\"image\/jpeg\" \/>\n<meta name=\"twitter:card\" content=\"summary_large_image\" \/>\n<meta name=\"twitter:label1\" content=\"Est. reading time\" \/>\n\t<meta name=\"twitter:data1\" content=\"2 minutes\" \/>\n<script type=\"application\/ld+json\" class=\"yoast-schema-graph\">{\"@context\":\"https:\\\/\\\/schema.org\",\"@graph\":[{\"@type\":\"WebPage\",\"@id\":\"https:\\\/\\\/www.sempertea.eu\\\/en\\\/fruit-garden-organic-loose-fruit-tea-hibiscus-rosehip-strawberry-caffeine-free-and-sustainable\\\/\",\"url\":\"https:\\\/\\\/www.sempertea.eu\\\/en\\\/fruit-garden-organic-loose-fruit-tea-hibiscus-rosehip-strawberry-caffeine-free-and-sustainable\\\/\",\"name\":\"Buy Organic Loose Fruit Tea | Caffeine-Free Bulk Bags wholesaler\",\"isPartOf\":{\"@id\":\"https:\\\/\\\/www.sempertea.eu\\\/#website\"},\"primaryImageOfPage\":{\"@id\":\"https:\\\/\\\/www.sempertea.eu\\\/en\\\/fruit-garden-organic-loose-fruit-tea-hibiscus-rosehip-strawberry-caffeine-free-and-sustainable\\\/#primaryimage\"},\"image\":{\"@id\":\"https:\\\/\\\/www.sempertea.eu\\\/en\\\/fruit-garden-organic-loose-fruit-tea-hibiscus-rosehip-strawberry-caffeine-free-and-sustainable\\\/#primaryimage\"},\"thumbnailUrl\":\"https:\\\/\\\/www.sempertea.eu\\\/wp-content\\\/uploads\\\/2025\\\/06\\\/infusion-hibisco-frutas-rojas-granel-ecologica-profesional-semper-tea.jpg\",\"datePublished\":\"2025-08-16T18:01:33+00:00\",\"dateModified\":\"2025-08-16T18:28:00+00:00\",\"description\":\"Fruit infusions that are as colourful as the ones in your fruit bowl. Premium quality ingredients influence refreshing and fruity blends.\",\"breadcrumb\":{\"@id\":\"https:\\\/\\\/www.sempertea.eu\\\/en\\\/fruit-garden-organic-loose-fruit-tea-hibiscus-rosehip-strawberry-caffeine-free-and-sustainable\\\/#breadcrumb\"},\"inLanguage\":\"en-US\",\"potentialAction\":[{\"@type\":\"ReadAction\",\"target\":[\"https:\\\/\\\/www.sempertea.eu\\\/en\\\/fruit-garden-organic-loose-fruit-tea-hibiscus-rosehip-strawberry-caffeine-free-and-sustainable\\\/\"]}]},{\"@type\":\"ImageObject\",\"inLanguage\":\"en-US\",\"@id\":\"https:\\\/\\\/www.sempertea.eu\\\/en\\\/fruit-garden-organic-loose-fruit-tea-hibiscus-rosehip-strawberry-caffeine-free-and-sustainable\\\/#primaryimage\",\"url\":\"https:\\\/\\\/www.sempertea.eu\\\/wp-content\\\/uploads\\\/2025\\\/06\\\/infusion-hibisco-frutas-rojas-granel-ecologica-profesional-semper-tea.jpg\",\"contentUrl\":\"https:\\\/\\\/www.sempertea.eu\\\/wp-content\\\/uploads\\\/2025\\\/06\\\/infusion-hibisco-frutas-rojas-granel-ecologica-profesional-semper-tea.jpg\",\"width\":750,\"height\":750,\"caption\":\"infusion hibisco frutas rojas granel ecologica profesional semper tea\"},{\"@type\":\"BreadcrumbList\",\"@id\":\"https:\\\/\\\/www.sempertea.eu\\\/en\\\/fruit-garden-organic-loose-fruit-tea-hibiscus-rosehip-strawberry-caffeine-free-and-sustainable\\\/#breadcrumb\",\"itemListElement\":[{\"@type\":\"ListItem\",\"position\":1,\"name\":\"Portada\",\"item\":\"https:\\\/\\\/www.sempertea.eu\\\/en\\\/\"},{\"@type\":\"ListItem\",\"position\":2,\"name\":\"Shop\",\"item\":\"https:\\\/\\\/www.sempertea.eu\\\/en\\\/shop\\\/\"},{\"@type\":\"ListItem\",\"position\":3,\"name\":\"FRUIT GARDEN organic loose fruit tea | Hibiscus, rosehip &amp; strawberry | Caffeine-free\"}]},{\"@type\":\"WebSite\",\"@id\":\"https:\\\/\\\/www.sempertea.eu\\\/#website\",\"url\":\"https:\\\/\\\/www.sempertea.eu\\\/\",\"name\":\"Semper Tea | Mayorista y fabricante de T\u00e9s e Infusiones para hoteles, restaurantes y bares\",\"description\":\"T\u00e9s e infusiones para hosteler\u00eda, hoteler\u00eda y comercio\",\"potentialAction\":[{\"@type\":\"SearchAction\",\"target\":{\"@type\":\"EntryPoint\",\"urlTemplate\":\"https:\\\/\\\/www.sempertea.eu\\\/?s={search_term_string}\"},\"query-input\":{\"@type\":\"PropertyValueSpecification\",\"valueRequired\":true,\"valueName\":\"search_term_string\"}}],\"inLanguage\":\"en-US\"}]}<\/script>\n<!-- \/ Yoast SEO Premium plugin. -->","yoast_head_json":{"title":"Buy Organic Loose Fruit Tea | Caffeine-Free Bulk Bags wholesaler","description":"Fruit infusions that are as colourful as the ones in your fruit bowl. Premium quality ingredients influence refreshing and fruity blends.","robots":{"index":"index","follow":"follow","max-snippet":"max-snippet:-1","max-image-preview":"max-image-preview:large","max-video-preview":"max-video-preview:-1"},"canonical":"https:\/\/www.sempertea.eu\/en\/fruit-garden-organic-loose-fruit-tea-hibiscus-rosehip-strawberry-caffeine-free-and-sustainable\/","og_locale":"en_US","og_type":"article","og_title":"FRUIT GARDEN organic loose fruit tea | Hibiscus, rosehip &amp; strawberry | Caffeine-free","og_description":"Fruit infusions that are as colourful as the ones in your fruit bowl. Premium quality ingredients influence refreshing and fruity blends.","og_url":"https:\/\/www.sempertea.eu\/en\/fruit-garden-organic-loose-fruit-tea-hibiscus-rosehip-strawberry-caffeine-free-and-sustainable\/","og_site_name":"Semper Tea | Mayorista y fabricante de T\u00e9s e Infusiones para hoteles, restaurantes y bares","article_modified_time":"2025-08-16T18:28:00+00:00","og_image":[{"width":1352,"height":1352,"url":"https:\/\/www.sempertea.eu\/wp-content\/uploads\/2025\/08\/apple-strawberry-fruit-tea-bulk-semper-tea.jpg","type":"image\/jpeg"}],"twitter_card":"summary_large_image","twitter_misc":{"Est. reading time":"2 minutes"},"schema":{"@context":"https:\/\/schema.org","@graph":[{"@type":"WebPage","@id":"https:\/\/www.sempertea.eu\/en\/fruit-garden-organic-loose-fruit-tea-hibiscus-rosehip-strawberry-caffeine-free-and-sustainable\/","url":"https:\/\/www.sempertea.eu\/en\/fruit-garden-organic-loose-fruit-tea-hibiscus-rosehip-strawberry-caffeine-free-and-sustainable\/","name":"Buy Organic Loose Fruit Tea | Caffeine-Free Bulk Bags wholesaler","isPartOf":{"@id":"https:\/\/www.sempertea.eu\/#website"},"primaryImageOfPage":{"@id":"https:\/\/www.sempertea.eu\/en\/fruit-garden-organic-loose-fruit-tea-hibiscus-rosehip-strawberry-caffeine-free-and-sustainable\/#primaryimage"},"image":{"@id":"https:\/\/www.sempertea.eu\/en\/fruit-garden-organic-loose-fruit-tea-hibiscus-rosehip-strawberry-caffeine-free-and-sustainable\/#primaryimage"},"thumbnailUrl":"https:\/\/www.sempertea.eu\/wp-content\/uploads\/2025\/06\/infusion-hibisco-frutas-rojas-granel-ecologica-profesional-semper-tea.jpg","datePublished":"2025-08-16T18:01:33+00:00","dateModified":"2025-08-16T18:28:00+00:00","description":"Fruit infusions that are as colourful as the ones in your fruit bowl. Premium quality ingredients influence refreshing and fruity blends.","breadcrumb":{"@id":"https:\/\/www.sempertea.eu\/en\/fruit-garden-organic-loose-fruit-tea-hibiscus-rosehip-strawberry-caffeine-free-and-sustainable\/#breadcrumb"},"inLanguage":"en-US","potentialAction":[{"@type":"ReadAction","target":["https:\/\/www.sempertea.eu\/en\/fruit-garden-organic-loose-fruit-tea-hibiscus-rosehip-strawberry-caffeine-free-and-sustainable\/"]}]},{"@type":"ImageObject","inLanguage":"en-US","@id":"https:\/\/www.sempertea.eu\/en\/fruit-garden-organic-loose-fruit-tea-hibiscus-rosehip-strawberry-caffeine-free-and-sustainable\/#primaryimage","url":"https:\/\/www.sempertea.eu\/wp-content\/uploads\/2025\/06\/infusion-hibisco-frutas-rojas-granel-ecologica-profesional-semper-tea.jpg","contentUrl":"https:\/\/www.sempertea.eu\/wp-content\/uploads\/2025\/06\/infusion-hibisco-frutas-rojas-granel-ecologica-profesional-semper-tea.jpg","width":750,"height":750,"caption":"infusion hibisco frutas rojas granel ecologica profesional semper tea"},{"@type":"BreadcrumbList","@id":"https:\/\/www.sempertea.eu\/en\/fruit-garden-organic-loose-fruit-tea-hibiscus-rosehip-strawberry-caffeine-free-and-sustainable\/#breadcrumb","itemListElement":[{"@type":"ListItem","position":1,"name":"Portada","item":"https:\/\/www.sempertea.eu\/en\/"},{"@type":"ListItem","position":2,"name":"Shop","item":"https:\/\/www.sempertea.eu\/en\/shop\/"},{"@type":"ListItem","position":3,"name":"FRUIT GARDEN organic loose fruit tea | Hibiscus, rosehip &amp; strawberry | Caffeine-free"}]},{"@type":"WebSite","@id":"https:\/\/www.sempertea.eu\/#website","url":"https:\/\/www.sempertea.eu\/","name":"Semper Tea | Mayorista y fabricante de T\u00e9s e Infusiones para hoteles, restaurantes y bares","description":"T\u00e9s e infusiones para hosteler\u00eda, hoteler\u00eda y comercio","potentialAction":[{"@type":"SearchAction","target":{"@type":"EntryPoint","urlTemplate":"https:\/\/www.sempertea.eu\/?s={search_term_string}"},"query-input":{"@type":"PropertyValueSpecification","valueRequired":true,"valueName":"search_term_string"}}],"inLanguage":"en-US"}]}},"_links":{"self":[{"href":"https:\/\/www.sempertea.eu\/en\/wp-json\/wp\/v2\/product\/18401","targetHints":{"allow":["GET"]}}],"collection":[{"href":"https:\/\/www.sempertea.eu\/en\/wp-json\/wp\/v2\/product"}],"about":[{"href":"https:\/\/www.sempertea.eu\/en\/wp-json\/wp\/v2\/types\/product"}],"replies":[{"embeddable":true,"href":"https:\/\/www.sempertea.eu\/en\/wp-json\/wp\/v2\/comments?post=18401"}],"wp:featuredmedia":[{"embeddable":true,"href":"https:\/\/www.sempertea.eu\/en\/wp-json\/wp\/v2\/media\/16117"}],"wp:attachment":[{"href":"https:\/\/www.sempertea.eu\/en\/wp-json\/wp\/v2\/media?parent=18401"}],"wp:term":[{"taxonomy":"product_brand","embeddable":true,"href":"https:\/\/www.sempertea.eu\/en\/wp-json\/wp\/v2\/product_brand?post=18401"},{"taxonomy":"product_cat","embeddable":true,"href":"https:\/\/www.sempertea.eu\/en\/wp-json\/wp\/v2\/product_cat?post=18401"},{"taxonomy":"product_tag","embeddable":true,"href":"https:\/\/www.sempertea.eu\/en\/wp-json\/wp\/v2\/product_tag?post=18401"}],"curies":[{"name":"wp","href":"https:\/\/api.w.org\/{rel}","templated":true}]}}