{"id":18278,"date":"2025-08-12T18:50:26","date_gmt":"2025-08-12T16:50:26","guid":{"rendered":"https:\/\/www.sempertea.eu\/fruit-garden-organic-fruit-herbal-tea-loose-leaf-bulk-in-glass-jar-juicy-aromatic-hot-or-iced\/"},"modified":"2025-08-12T19:36:31","modified_gmt":"2025-08-12T17:36:31","slug":"organic-fruit-herbal-tea-loose-leaf-bulk-hot-iced","status":"publish","type":"product","link":"https:\/\/www.sempertea.eu\/en\/organic-fruit-herbal-tea-loose-leaf-bulk-hot-iced\/","title":{"rendered":"FRUIT GARDEN organic fruit herbal tea, loose leaf bulk in glass jar | Juicy &#038; aromatic, hot or iced"},"content":{"rendered":"<h2>Organic fruit herbal tea, loose leaf bulk in glass jar, caffeine-free, juicy &amp; aromatic, hot or iced, sustainable packaging<\/h2>\n<p>Fruit tea. Fruit Garden is an organic, caffeine-free fruit infusion designed for any moment of the day. A colourful blend of fruit and botanicals delivers a juicy, balanced taste and a naturally vibrant aroma\u2014refreshing without the jitters. Brew it hot for a comforting cup or cold for a bright, summer-ready iced tea. \u00a1Un <strong>c\u00f3ctel de vitaminas<\/strong> y sustancias beneficiosas para la salud!<\/p>\n<p>Su delicioso sabor nos hace querer disfrutarlo durante todo el a\u00f1o, ya sea caliente o prepar\u00e1ndolo en fr\u00edo para los meses de verano.<\/p>\n<p>Disfruta del sabor y aroma de la naturaleza desde el sof\u00e1 de tu casa con infusiones a granel de calidad.<\/p>\n<h3>The loose-leaf bulk glass jar protects freshness, looks great on shelf and makes dosing easy\u2014at home, in gourmet shops or in HORECA service.<\/h3>\n<p>Versatile and crowd-pleasing, <strong>Fruit Garden<\/strong> shines on<strong> gourmet shelves<\/strong>, <a href=\"https:\/\/www.sempertea.eu\/en\/zero-waste-tea-brands-plastic-free-brewing-fruit-tea\/\"><strong>hotel breakfast buffets<\/strong><\/a> and <strong>caf\u00e9 menus<\/strong>. Serve straight or use as a <strong>base for mocktails<\/strong>, <strong>berry lemonades<\/strong> and <strong>sparkling tea spritzers<\/strong>. Its approachable flavour profile appeals across ages and encourages repeat purchases. Every batch is certified organic and checked for freshness\u2014clean, reliable quality you can feel good about serving.<\/p>\n","protected":false},"excerpt":{"rendered":"<p><strong>Flavour &amp; aroma to Love<\/strong><\/p>\n<p>Fruit Garden is an organic, caffeine-free fruit infusion designed for any moment of the day. A colourful blend of fruit and botanicals delivers a juicy, balanced taste and a naturally vibrant aroma\u2014refreshing without the jitters. Brew it hot for a comforting cup or cold for a bright, summer-ready iced tea. The loose-leaf bulk glass jar protects freshness, looks great on shelf and makes dosing easy\u2014at home, in gourmet shops or in HORECA service.<\/p>\n","protected":false},"featured_media":18262,"comment_status":"open","ping_status":"closed","template":"","meta":[],"product_brand":[],"product_cat":[163,154,189,155,198,194,160,161,162,218],"product_tag":[],"class_list":{"0":"post-18278","1":"product","2":"type-product","3":"status-publish","4":"has-post-thumbnail","6":"product_cat-product-brochure-of-tea","7":"product_cat-unique-exclusive-tea-collections","8":"product_cat-whole-leaf-tea-in-glass-jar-tubes-organic","9":"product_cat-types-of-tea-packaging","10":"product_cat-fruit-teas-organic-tea-shop-certified-quality","11":"product_cat-eco-friendly-sustainable-packaging","12":"product_cat-teas-and-tisanes-organic-buy-online","13":"product_cat-exclusive-tea-line","14":"product_cat-todos-en","15":"product_cat-uncategorized-en","17":"first","18":"instock","19":"shipping-taxable","20":"purchasable","21":"product-type-simple"},"yoast_head":"<!-- This site is optimized with the Yoast SEO Premium plugin v27.3 (Yoast SEO v27.3) - https:\/\/yoast.com\/product\/yoast-seo-premium-wordpress\/ -->\n<title>Organic fruit herbal tea | Loose leaf bulk in glass jar, aromatic hot or iced<\/title>\n<meta name=\"description\" content=\"Versatile and crowd-pleasing, Fruit Garden shines on gourmet shelves, hotel breakfast buffets and caf\u00e9 menus. Caffeine-free loose leaf fruit tea bulk\" \/>\n<meta name=\"robots\" content=\"index, follow, max-snippet:-1, max-image-preview:large, max-video-preview:-1\" \/>\n<link rel=\"canonical\" href=\"https:\/\/www.sempertea.eu\/en\/organic-fruit-herbal-tea-loose-leaf-bulk-hot-iced\/\" \/>\n<meta property=\"og:locale\" content=\"en_US\" \/>\n<meta property=\"og:type\" content=\"article\" \/>\n<meta property=\"og:title\" content=\"FRUIT GARDEN organic fruit herbal tea, loose leaf bulk in glass jar | Juicy &amp; aromatic, hot or iced\" \/>\n<meta property=\"og:description\" content=\"Versatile and crowd-pleasing, Fruit Garden shines on gourmet shelves, hotel breakfast buffets and caf\u00e9 menus. Caffeine-free loose leaf fruit tea bulk\" \/>\n<meta property=\"og:url\" content=\"https:\/\/www.sempertea.eu\/en\/organic-fruit-herbal-tea-loose-leaf-bulk-hot-iced\/\" \/>\n<meta property=\"og:site_name\" content=\"Semper Tea | Mayorista y fabricante de T\u00e9s e Infusiones para hoteles, restaurantes y bares\" \/>\n<meta property=\"article:modified_time\" content=\"2025-08-12T17:36:31+00:00\" \/>\n<meta property=\"og:image\" content=\"https:\/\/www.sempertea.eu\/wp-content\/uploads\/2025\/08\/blueberries-hibiscus-rosehip-forest-fruits-bulk-semper-tea.jpg\" \/>\n\t<meta property=\"og:image:width\" content=\"1000\" \/>\n\t<meta property=\"og:image:height\" content=\"1000\" \/>\n\t<meta property=\"og:image:type\" content=\"image\/jpeg\" \/>\n<meta name=\"twitter:card\" content=\"summary_large_image\" \/>\n<meta name=\"twitter:label1\" content=\"Est. reading time\" \/>\n\t<meta name=\"twitter:data1\" content=\"2 minutes\" \/>\n<script type=\"application\/ld+json\" class=\"yoast-schema-graph\">{\"@context\":\"https:\\\/\\\/schema.org\",\"@graph\":[{\"@type\":\"WebPage\",\"@id\":\"https:\\\/\\\/www.sempertea.eu\\\/en\\\/organic-fruit-herbal-tea-loose-leaf-bulk-hot-iced\\\/\",\"url\":\"https:\\\/\\\/www.sempertea.eu\\\/en\\\/organic-fruit-herbal-tea-loose-leaf-bulk-hot-iced\\\/\",\"name\":\"Organic fruit herbal tea | Loose leaf bulk in glass jar, aromatic hot or iced\",\"isPartOf\":{\"@id\":\"https:\\\/\\\/www.sempertea.eu\\\/#website\"},\"primaryImageOfPage\":{\"@id\":\"https:\\\/\\\/www.sempertea.eu\\\/en\\\/organic-fruit-herbal-tea-loose-leaf-bulk-hot-iced\\\/#primaryimage\"},\"image\":{\"@id\":\"https:\\\/\\\/www.sempertea.eu\\\/en\\\/organic-fruit-herbal-tea-loose-leaf-bulk-hot-iced\\\/#primaryimage\"},\"thumbnailUrl\":\"https:\\\/\\\/www.sempertea.eu\\\/wp-content\\\/uploads\\\/2025\\\/08\\\/infusion-de-arandanos-hibisco-escaramujo-frutas-del-bosque-granel-semper-tea.jpg\",\"datePublished\":\"2025-08-12T16:50:26+00:00\",\"dateModified\":\"2025-08-12T17:36:31+00:00\",\"description\":\"Versatile and crowd-pleasing, Fruit Garden shines on gourmet shelves, hotel breakfast buffets and caf\u00e9 menus. Caffeine-free loose leaf fruit tea bulk\",\"breadcrumb\":{\"@id\":\"https:\\\/\\\/www.sempertea.eu\\\/en\\\/organic-fruit-herbal-tea-loose-leaf-bulk-hot-iced\\\/#breadcrumb\"},\"inLanguage\":\"en-US\",\"potentialAction\":[{\"@type\":\"ReadAction\",\"target\":[\"https:\\\/\\\/www.sempertea.eu\\\/en\\\/organic-fruit-herbal-tea-loose-leaf-bulk-hot-iced\\\/\"]}]},{\"@type\":\"ImageObject\",\"inLanguage\":\"en-US\",\"@id\":\"https:\\\/\\\/www.sempertea.eu\\\/en\\\/organic-fruit-herbal-tea-loose-leaf-bulk-hot-iced\\\/#primaryimage\",\"url\":\"https:\\\/\\\/www.sempertea.eu\\\/wp-content\\\/uploads\\\/2025\\\/08\\\/infusion-de-arandanos-hibisco-escaramujo-frutas-del-bosque-granel-semper-tea.jpg\",\"contentUrl\":\"https:\\\/\\\/www.sempertea.eu\\\/wp-content\\\/uploads\\\/2025\\\/08\\\/infusion-de-arandanos-hibisco-escaramujo-frutas-del-bosque-granel-semper-tea.jpg\",\"width\":1000,\"height\":1000,\"caption\":\"Ar\u00e1ndanos con Hibisco \u2014 Infusi\u00f3n de frutas del bosque a granel\"},{\"@type\":\"BreadcrumbList\",\"@id\":\"https:\\\/\\\/www.sempertea.eu\\\/en\\\/organic-fruit-herbal-tea-loose-leaf-bulk-hot-iced\\\/#breadcrumb\",\"itemListElement\":[{\"@type\":\"ListItem\",\"position\":1,\"name\":\"Portada\",\"item\":\"https:\\\/\\\/www.sempertea.eu\\\/en\\\/\"},{\"@type\":\"ListItem\",\"position\":2,\"name\":\"Shop\",\"item\":\"https:\\\/\\\/www.sempertea.eu\\\/en\\\/shop\\\/\"},{\"@type\":\"ListItem\",\"position\":3,\"name\":\"FRUIT GARDEN organic fruit herbal tea, loose leaf bulk in glass jar | Juicy &#038; aromatic, hot or iced\"}]},{\"@type\":\"WebSite\",\"@id\":\"https:\\\/\\\/www.sempertea.eu\\\/#website\",\"url\":\"https:\\\/\\\/www.sempertea.eu\\\/\",\"name\":\"Semper Tea | Mayorista y fabricante de T\u00e9s e Infusiones para hoteles, restaurantes y bares\",\"description\":\"T\u00e9s e infusiones para hosteler\u00eda, hoteler\u00eda y comercio\",\"potentialAction\":[{\"@type\":\"SearchAction\",\"target\":{\"@type\":\"EntryPoint\",\"urlTemplate\":\"https:\\\/\\\/www.sempertea.eu\\\/?s={search_term_string}\"},\"query-input\":{\"@type\":\"PropertyValueSpecification\",\"valueRequired\":true,\"valueName\":\"search_term_string\"}}],\"inLanguage\":\"en-US\"}]}<\/script>\n<!-- \/ Yoast SEO Premium plugin. -->","yoast_head_json":{"title":"Organic fruit herbal tea | Loose leaf bulk in glass jar, aromatic hot or iced","description":"Versatile and crowd-pleasing, Fruit Garden shines on gourmet shelves, hotel breakfast buffets and caf\u00e9 menus. Caffeine-free loose leaf fruit tea bulk","robots":{"index":"index","follow":"follow","max-snippet":"max-snippet:-1","max-image-preview":"max-image-preview:large","max-video-preview":"max-video-preview:-1"},"canonical":"https:\/\/www.sempertea.eu\/en\/organic-fruit-herbal-tea-loose-leaf-bulk-hot-iced\/","og_locale":"en_US","og_type":"article","og_title":"FRUIT GARDEN organic fruit herbal tea, loose leaf bulk in glass jar | Juicy & aromatic, hot or iced","og_description":"Versatile and crowd-pleasing, Fruit Garden shines on gourmet shelves, hotel breakfast buffets and caf\u00e9 menus. Caffeine-free loose leaf fruit tea bulk","og_url":"https:\/\/www.sempertea.eu\/en\/organic-fruit-herbal-tea-loose-leaf-bulk-hot-iced\/","og_site_name":"Semper Tea | Mayorista y fabricante de T\u00e9s e Infusiones para hoteles, restaurantes y bares","article_modified_time":"2025-08-12T17:36:31+00:00","og_image":[{"width":1000,"height":1000,"url":"https:\/\/www.sempertea.eu\/wp-content\/uploads\/2025\/08\/blueberries-hibiscus-rosehip-forest-fruits-bulk-semper-tea.jpg","type":"image\/jpeg"}],"twitter_card":"summary_large_image","twitter_misc":{"Est. reading time":"2 minutes"},"schema":{"@context":"https:\/\/schema.org","@graph":[{"@type":"WebPage","@id":"https:\/\/www.sempertea.eu\/en\/organic-fruit-herbal-tea-loose-leaf-bulk-hot-iced\/","url":"https:\/\/www.sempertea.eu\/en\/organic-fruit-herbal-tea-loose-leaf-bulk-hot-iced\/","name":"Organic fruit herbal tea | Loose leaf bulk in glass jar, aromatic hot or iced","isPartOf":{"@id":"https:\/\/www.sempertea.eu\/#website"},"primaryImageOfPage":{"@id":"https:\/\/www.sempertea.eu\/en\/organic-fruit-herbal-tea-loose-leaf-bulk-hot-iced\/#primaryimage"},"image":{"@id":"https:\/\/www.sempertea.eu\/en\/organic-fruit-herbal-tea-loose-leaf-bulk-hot-iced\/#primaryimage"},"thumbnailUrl":"https:\/\/www.sempertea.eu\/wp-content\/uploads\/2025\/08\/infusion-de-arandanos-hibisco-escaramujo-frutas-del-bosque-granel-semper-tea.jpg","datePublished":"2025-08-12T16:50:26+00:00","dateModified":"2025-08-12T17:36:31+00:00","description":"Versatile and crowd-pleasing, Fruit Garden shines on gourmet shelves, hotel breakfast buffets and caf\u00e9 menus. Caffeine-free loose leaf fruit tea bulk","breadcrumb":{"@id":"https:\/\/www.sempertea.eu\/en\/organic-fruit-herbal-tea-loose-leaf-bulk-hot-iced\/#breadcrumb"},"inLanguage":"en-US","potentialAction":[{"@type":"ReadAction","target":["https:\/\/www.sempertea.eu\/en\/organic-fruit-herbal-tea-loose-leaf-bulk-hot-iced\/"]}]},{"@type":"ImageObject","inLanguage":"en-US","@id":"https:\/\/www.sempertea.eu\/en\/organic-fruit-herbal-tea-loose-leaf-bulk-hot-iced\/#primaryimage","url":"https:\/\/www.sempertea.eu\/wp-content\/uploads\/2025\/08\/infusion-de-arandanos-hibisco-escaramujo-frutas-del-bosque-granel-semper-tea.jpg","contentUrl":"https:\/\/www.sempertea.eu\/wp-content\/uploads\/2025\/08\/infusion-de-arandanos-hibisco-escaramujo-frutas-del-bosque-granel-semper-tea.jpg","width":1000,"height":1000,"caption":"Ar\u00e1ndanos con Hibisco \u2014 Infusi\u00f3n de frutas del bosque a granel"},{"@type":"BreadcrumbList","@id":"https:\/\/www.sempertea.eu\/en\/organic-fruit-herbal-tea-loose-leaf-bulk-hot-iced\/#breadcrumb","itemListElement":[{"@type":"ListItem","position":1,"name":"Portada","item":"https:\/\/www.sempertea.eu\/en\/"},{"@type":"ListItem","position":2,"name":"Shop","item":"https:\/\/www.sempertea.eu\/en\/shop\/"},{"@type":"ListItem","position":3,"name":"FRUIT GARDEN organic fruit herbal tea, loose leaf bulk in glass jar | Juicy &#038; aromatic, hot or iced"}]},{"@type":"WebSite","@id":"https:\/\/www.sempertea.eu\/#website","url":"https:\/\/www.sempertea.eu\/","name":"Semper Tea | Mayorista y fabricante de T\u00e9s e Infusiones para hoteles, restaurantes y bares","description":"T\u00e9s e infusiones para hosteler\u00eda, hoteler\u00eda y comercio","potentialAction":[{"@type":"SearchAction","target":{"@type":"EntryPoint","urlTemplate":"https:\/\/www.sempertea.eu\/?s={search_term_string}"},"query-input":{"@type":"PropertyValueSpecification","valueRequired":true,"valueName":"search_term_string"}}],"inLanguage":"en-US"}]}},"_links":{"self":[{"href":"https:\/\/www.sempertea.eu\/en\/wp-json\/wp\/v2\/product\/18278","targetHints":{"allow":["GET"]}}],"collection":[{"href":"https:\/\/www.sempertea.eu\/en\/wp-json\/wp\/v2\/product"}],"about":[{"href":"https:\/\/www.sempertea.eu\/en\/wp-json\/wp\/v2\/types\/product"}],"replies":[{"embeddable":true,"href":"https:\/\/www.sempertea.eu\/en\/wp-json\/wp\/v2\/comments?post=18278"}],"wp:featuredmedia":[{"embeddable":true,"href":"https:\/\/www.sempertea.eu\/en\/wp-json\/wp\/v2\/media\/18262"}],"wp:attachment":[{"href":"https:\/\/www.sempertea.eu\/en\/wp-json\/wp\/v2\/media?parent=18278"}],"wp:term":[{"taxonomy":"product_brand","embeddable":true,"href":"https:\/\/www.sempertea.eu\/en\/wp-json\/wp\/v2\/product_brand?post=18278"},{"taxonomy":"product_cat","embeddable":true,"href":"https:\/\/www.sempertea.eu\/en\/wp-json\/wp\/v2\/product_cat?post=18278"},{"taxonomy":"product_tag","embeddable":true,"href":"https:\/\/www.sempertea.eu\/en\/wp-json\/wp\/v2\/product_tag?post=18278"}],"curies":[{"name":"wp","href":"https:\/\/api.w.org\/{rel}","templated":true}]}}