{"id":18168,"date":"2025-08-10T13:29:05","date_gmt":"2025-08-10T11:29:05","guid":{"rendered":"https:\/\/www.sempertea.eu\/mint-organic-peppermint-pyramid-tea-bags-compostable-bulk-refill-caffeine-free\/"},"modified":"2025-08-10T13:32:25","modified_gmt":"2025-08-10T11:32:25","slug":"mint-organic-peppermint-pyramid-tea-bags-compostable-bulk-refill-caffeine-free","status":"publish","type":"product","link":"https:\/\/www.sempertea.eu\/en\/mint-organic-peppermint-pyramid-tea-bags-compostable-bulk-refill-caffeine-free\/","title":{"rendered":"MINT organic peppermint pyramid tea bags | Compostable, bulk refill, caffeine-free"},"content":{"rendered":"<h2>Organic Peppermint pyramid tea bags: Digestive benefits &amp; preparation tips<\/h2>\n<p>Refreshing and aromatic, our compostable pyramid peppermint infusion in bulk format (Lava Line) is your anytime reset. Inspired by North African tradition, it\u2019s naturally caffeine-free with intense, long-lasting freshness. Enjoy it hot in winter or as a cold brew in summer. Carefully selected peppermint leaves deliver a clean, vibrant cup that comforts every time.  <\/p>\n<h3>With guaranteed organic certification<\/h3>\n<p>Our commitment to quality and the planet is reflected in our EU-organic certified peppermint tea. Caffeine-free, sustainably sourced, with eco-friendly packaging in compostable pyramid bags and bulk refill options. Let customers enjoy the fresh, pure taste of organic peppermint tea in biodegradable pyramid bags \u2014 caffeine-free, compostable, ideal for caf\u00e9s, hotels and wellness spaces with bulk refill (HORECA) supply.<\/p>\n<p>Our convenient bulk pyramid tea bags let you enjoy this exquisite infusion with ease, anytime. La l\u00ednea de t\u00e9 Lava40 cumple con la normativa UNE EN 13432, asegurando que son biodegradables y compostables. Opt for a sustainable and environmentally friendly choice.  <\/p>\n","protected":false},"excerpt":{"rendered":"<p><strong>Offer the freshness of peppermint tea \u2014 try biodegradable pyramid bags<\/strong><\/p>\n<p>A pure, caffeine-free peppermint tisane crafted solely from selected leaves. Bright, clean and refreshing\u2014ideal to serve and enjoy morning, afternoon or night, hot or iced. <\/p>\n","protected":false},"featured_media":10653,"comment_status":"open","ping_status":"closed","template":"","meta":[],"product_brand":[],"product_cat":[154,155,158,196,160,190,193,161,162,218],"product_tag":[259],"class_list":{"0":"post-18168","1":"product","2":"type-product","3":"status-publish","4":"has-post-thumbnail","6":"product_cat-unique-exclusive-tea-collections","7":"product_cat-types-of-tea-packaging","8":"product_cat-the-best-herbal-teas-organic-online-shop","9":"product_cat-tea-pyramid-bags-bulk-compostable-eco-friendly-tea-brands","10":"product_cat-teas-and-tisanes-organic-buy-online","11":"product_cat-plastic-free-tea-packaging","12":"product_cat-tea-pyramid-biodegradable","13":"product_cat-exclusive-tea-line","14":"product_cat-todos-en","15":"product_cat-uncategorized-en","16":"product_tag-lava40-en","18":"first","19":"instock","20":"shipping-taxable","21":"purchasable","22":"product-type-variable"},"yoast_head":"<!-- This site is optimized with the Yoast SEO Premium plugin v27.3 (Yoast SEO v27.3) - https:\/\/yoast.com\/product\/yoast-seo-premium-wordpress\/ -->\n<title>MINT organic peppermint pyramid tea bags | Compostable, bulk refill, caffeine-free<\/title>\n<meta name=\"description\" content=\"Pure peppermint leaf tisane, naturally caffeine-free. Clean, refreshing taste to serve and enjoy any time of day\u2014delicious hot or iced.\" \/>\n<meta name=\"robots\" content=\"index, follow, max-snippet:-1, max-image-preview:large, max-video-preview:-1\" \/>\n<link rel=\"canonical\" href=\"https:\/\/www.sempertea.eu\/en\/mint-organic-peppermint-pyramid-tea-bags-compostable-bulk-refill-caffeine-free\/\" \/>\n<meta property=\"og:locale\" content=\"en_US\" \/>\n<meta property=\"og:type\" content=\"article\" \/>\n<meta property=\"og:title\" content=\"MINT organic peppermint pyramid tea bags | Compostable, bulk refill, caffeine-free\" \/>\n<meta property=\"og:description\" content=\"Pure peppermint leaf tisane, naturally caffeine-free. Clean, refreshing taste to serve and enjoy any time of day\u2014delicious hot or iced.\" \/>\n<meta property=\"og:url\" content=\"https:\/\/www.sempertea.eu\/en\/mint-organic-peppermint-pyramid-tea-bags-compostable-bulk-refill-caffeine-free\/\" \/>\n<meta property=\"og:site_name\" content=\"Semper Tea | Mayorista y fabricante de T\u00e9s e Infusiones para hoteles, restaurantes y bares\" \/>\n<meta property=\"article:modified_time\" content=\"2025-08-10T11:32:25+00:00\" \/>\n<meta property=\"og:image\" content=\"https:\/\/www.sempertea.eu\/wp-content\/uploads\/2024\/07\/infusion-piramide-al-por-mayor-menta-organic-semper-tea.jpg\" \/>\n\t<meta property=\"og:image:width\" content=\"1000\" \/>\n\t<meta property=\"og:image:height\" content=\"1000\" \/>\n\t<meta property=\"og:image:type\" content=\"image\/jpeg\" \/>\n<meta name=\"twitter:card\" content=\"summary_large_image\" \/>\n<meta name=\"twitter:label1\" content=\"Est. reading time\" \/>\n\t<meta name=\"twitter:data1\" content=\"1 minute\" \/>\n<script type=\"application\/ld+json\" class=\"yoast-schema-graph\">{\"@context\":\"https:\\\/\\\/schema.org\",\"@graph\":[{\"@type\":\"WebPage\",\"@id\":\"https:\\\/\\\/www.sempertea.eu\\\/en\\\/mint-organic-peppermint-pyramid-tea-bags-compostable-bulk-refill-caffeine-free\\\/\",\"url\":\"https:\\\/\\\/www.sempertea.eu\\\/en\\\/mint-organic-peppermint-pyramid-tea-bags-compostable-bulk-refill-caffeine-free\\\/\",\"name\":\"MINT organic peppermint pyramid tea bags | Compostable, bulk refill, caffeine-free\",\"isPartOf\":{\"@id\":\"https:\\\/\\\/www.sempertea.eu\\\/#website\"},\"primaryImageOfPage\":{\"@id\":\"https:\\\/\\\/www.sempertea.eu\\\/en\\\/mint-organic-peppermint-pyramid-tea-bags-compostable-bulk-refill-caffeine-free\\\/#primaryimage\"},\"image\":{\"@id\":\"https:\\\/\\\/www.sempertea.eu\\\/en\\\/mint-organic-peppermint-pyramid-tea-bags-compostable-bulk-refill-caffeine-free\\\/#primaryimage\"},\"thumbnailUrl\":\"https:\\\/\\\/www.sempertea.eu\\\/wp-content\\\/uploads\\\/2024\\\/07\\\/infusion-piramide-al-por-mayor-menta-organic-semper-tea.jpg\",\"datePublished\":\"2025-08-10T11:29:05+00:00\",\"dateModified\":\"2025-08-10T11:32:25+00:00\",\"description\":\"Pure peppermint leaf tisane, naturally caffeine-free. Clean, refreshing taste to serve and enjoy any time of day\u2014delicious hot or iced.\",\"breadcrumb\":{\"@id\":\"https:\\\/\\\/www.sempertea.eu\\\/en\\\/mint-organic-peppermint-pyramid-tea-bags-compostable-bulk-refill-caffeine-free\\\/#breadcrumb\"},\"inLanguage\":\"en-US\",\"potentialAction\":[{\"@type\":\"ReadAction\",\"target\":[\"https:\\\/\\\/www.sempertea.eu\\\/en\\\/mint-organic-peppermint-pyramid-tea-bags-compostable-bulk-refill-caffeine-free\\\/\"]}]},{\"@type\":\"ImageObject\",\"inLanguage\":\"en-US\",\"@id\":\"https:\\\/\\\/www.sempertea.eu\\\/en\\\/mint-organic-peppermint-pyramid-tea-bags-compostable-bulk-refill-caffeine-free\\\/#primaryimage\",\"url\":\"https:\\\/\\\/www.sempertea.eu\\\/wp-content\\\/uploads\\\/2024\\\/07\\\/infusion-piramide-al-por-mayor-menta-organic-semper-tea.jpg\",\"contentUrl\":\"https:\\\/\\\/www.sempertea.eu\\\/wp-content\\\/uploads\\\/2024\\\/07\\\/infusion-piramide-al-por-mayor-menta-organic-semper-tea.jpg\",\"width\":1000,\"height\":1000,\"caption\":\"infusion piramide al por mayor menta organic semper tea\"},{\"@type\":\"BreadcrumbList\",\"@id\":\"https:\\\/\\\/www.sempertea.eu\\\/en\\\/mint-organic-peppermint-pyramid-tea-bags-compostable-bulk-refill-caffeine-free\\\/#breadcrumb\",\"itemListElement\":[{\"@type\":\"ListItem\",\"position\":1,\"name\":\"Portada\",\"item\":\"https:\\\/\\\/www.sempertea.eu\\\/en\\\/\"},{\"@type\":\"ListItem\",\"position\":2,\"name\":\"Shop\",\"item\":\"https:\\\/\\\/www.sempertea.eu\\\/en\\\/shop\\\/\"},{\"@type\":\"ListItem\",\"position\":3,\"name\":\"MINT organic peppermint pyramid tea bags | Compostable, bulk refill, caffeine-free\"}]},{\"@type\":\"WebSite\",\"@id\":\"https:\\\/\\\/www.sempertea.eu\\\/#website\",\"url\":\"https:\\\/\\\/www.sempertea.eu\\\/\",\"name\":\"Semper Tea | Mayorista y fabricante de T\u00e9s e Infusiones para hoteles, restaurantes y bares\",\"description\":\"T\u00e9s e infusiones para hosteler\u00eda, hoteler\u00eda y comercio\",\"potentialAction\":[{\"@type\":\"SearchAction\",\"target\":{\"@type\":\"EntryPoint\",\"urlTemplate\":\"https:\\\/\\\/www.sempertea.eu\\\/?s={search_term_string}\"},\"query-input\":{\"@type\":\"PropertyValueSpecification\",\"valueRequired\":true,\"valueName\":\"search_term_string\"}}],\"inLanguage\":\"en-US\"}]}<\/script>\n<!-- \/ Yoast SEO Premium plugin. -->","yoast_head_json":{"title":"MINT organic peppermint pyramid tea bags | Compostable, bulk refill, caffeine-free","description":"Pure peppermint leaf tisane, naturally caffeine-free. Clean, refreshing taste to serve and enjoy any time of day\u2014delicious hot or iced.","robots":{"index":"index","follow":"follow","max-snippet":"max-snippet:-1","max-image-preview":"max-image-preview:large","max-video-preview":"max-video-preview:-1"},"canonical":"https:\/\/www.sempertea.eu\/en\/mint-organic-peppermint-pyramid-tea-bags-compostable-bulk-refill-caffeine-free\/","og_locale":"en_US","og_type":"article","og_title":"MINT organic peppermint pyramid tea bags | Compostable, bulk refill, caffeine-free","og_description":"Pure peppermint leaf tisane, naturally caffeine-free. Clean, refreshing taste to serve and enjoy any time of day\u2014delicious hot or iced.","og_url":"https:\/\/www.sempertea.eu\/en\/mint-organic-peppermint-pyramid-tea-bags-compostable-bulk-refill-caffeine-free\/","og_site_name":"Semper Tea | Mayorista y fabricante de T\u00e9s e Infusiones para hoteles, restaurantes y bares","article_modified_time":"2025-08-10T11:32:25+00:00","og_image":[{"width":1000,"height":1000,"url":"https:\/\/www.sempertea.eu\/wp-content\/uploads\/2024\/07\/infusion-piramide-al-por-mayor-menta-organic-semper-tea.jpg","type":"image\/jpeg"}],"twitter_card":"summary_large_image","twitter_misc":{"Est. reading time":"1 minute"},"schema":{"@context":"https:\/\/schema.org","@graph":[{"@type":"WebPage","@id":"https:\/\/www.sempertea.eu\/en\/mint-organic-peppermint-pyramid-tea-bags-compostable-bulk-refill-caffeine-free\/","url":"https:\/\/www.sempertea.eu\/en\/mint-organic-peppermint-pyramid-tea-bags-compostable-bulk-refill-caffeine-free\/","name":"MINT organic peppermint pyramid tea bags | Compostable, bulk refill, caffeine-free","isPartOf":{"@id":"https:\/\/www.sempertea.eu\/#website"},"primaryImageOfPage":{"@id":"https:\/\/www.sempertea.eu\/en\/mint-organic-peppermint-pyramid-tea-bags-compostable-bulk-refill-caffeine-free\/#primaryimage"},"image":{"@id":"https:\/\/www.sempertea.eu\/en\/mint-organic-peppermint-pyramid-tea-bags-compostable-bulk-refill-caffeine-free\/#primaryimage"},"thumbnailUrl":"https:\/\/www.sempertea.eu\/wp-content\/uploads\/2024\/07\/infusion-piramide-al-por-mayor-menta-organic-semper-tea.jpg","datePublished":"2025-08-10T11:29:05+00:00","dateModified":"2025-08-10T11:32:25+00:00","description":"Pure peppermint leaf tisane, naturally caffeine-free. Clean, refreshing taste to serve and enjoy any time of day\u2014delicious hot or iced.","breadcrumb":{"@id":"https:\/\/www.sempertea.eu\/en\/mint-organic-peppermint-pyramid-tea-bags-compostable-bulk-refill-caffeine-free\/#breadcrumb"},"inLanguage":"en-US","potentialAction":[{"@type":"ReadAction","target":["https:\/\/www.sempertea.eu\/en\/mint-organic-peppermint-pyramid-tea-bags-compostable-bulk-refill-caffeine-free\/"]}]},{"@type":"ImageObject","inLanguage":"en-US","@id":"https:\/\/www.sempertea.eu\/en\/mint-organic-peppermint-pyramid-tea-bags-compostable-bulk-refill-caffeine-free\/#primaryimage","url":"https:\/\/www.sempertea.eu\/wp-content\/uploads\/2024\/07\/infusion-piramide-al-por-mayor-menta-organic-semper-tea.jpg","contentUrl":"https:\/\/www.sempertea.eu\/wp-content\/uploads\/2024\/07\/infusion-piramide-al-por-mayor-menta-organic-semper-tea.jpg","width":1000,"height":1000,"caption":"infusion piramide al por mayor menta organic semper tea"},{"@type":"BreadcrumbList","@id":"https:\/\/www.sempertea.eu\/en\/mint-organic-peppermint-pyramid-tea-bags-compostable-bulk-refill-caffeine-free\/#breadcrumb","itemListElement":[{"@type":"ListItem","position":1,"name":"Portada","item":"https:\/\/www.sempertea.eu\/en\/"},{"@type":"ListItem","position":2,"name":"Shop","item":"https:\/\/www.sempertea.eu\/en\/shop\/"},{"@type":"ListItem","position":3,"name":"MINT organic peppermint pyramid tea bags | Compostable, bulk refill, caffeine-free"}]},{"@type":"WebSite","@id":"https:\/\/www.sempertea.eu\/#website","url":"https:\/\/www.sempertea.eu\/","name":"Semper Tea | Mayorista y fabricante de T\u00e9s e Infusiones para hoteles, restaurantes y bares","description":"T\u00e9s e infusiones para hosteler\u00eda, hoteler\u00eda y comercio","potentialAction":[{"@type":"SearchAction","target":{"@type":"EntryPoint","urlTemplate":"https:\/\/www.sempertea.eu\/?s={search_term_string}"},"query-input":{"@type":"PropertyValueSpecification","valueRequired":true,"valueName":"search_term_string"}}],"inLanguage":"en-US"}]}},"_links":{"self":[{"href":"https:\/\/www.sempertea.eu\/en\/wp-json\/wp\/v2\/product\/18168","targetHints":{"allow":["GET"]}}],"collection":[{"href":"https:\/\/www.sempertea.eu\/en\/wp-json\/wp\/v2\/product"}],"about":[{"href":"https:\/\/www.sempertea.eu\/en\/wp-json\/wp\/v2\/types\/product"}],"replies":[{"embeddable":true,"href":"https:\/\/www.sempertea.eu\/en\/wp-json\/wp\/v2\/comments?post=18168"}],"wp:featuredmedia":[{"embeddable":true,"href":"https:\/\/www.sempertea.eu\/en\/wp-json\/wp\/v2\/media\/10653"}],"wp:attachment":[{"href":"https:\/\/www.sempertea.eu\/en\/wp-json\/wp\/v2\/media?parent=18168"}],"wp:term":[{"taxonomy":"product_brand","embeddable":true,"href":"https:\/\/www.sempertea.eu\/en\/wp-json\/wp\/v2\/product_brand?post=18168"},{"taxonomy":"product_cat","embeddable":true,"href":"https:\/\/www.sempertea.eu\/en\/wp-json\/wp\/v2\/product_cat?post=18168"},{"taxonomy":"product_tag","embeddable":true,"href":"https:\/\/www.sempertea.eu\/en\/wp-json\/wp\/v2\/product_tag?post=18168"}],"curies":[{"name":"wp","href":"https:\/\/api.w.org\/{rel}","templated":true}]}}