{"id":17013,"date":"2025-07-13T23:47:53","date_gmt":"2025-07-13T22:25:05","guid":{"rendered":"https:\/\/www.sempertea.eu\/earl-grey-noble-organic-black-tea-with-bergamot-premium-loose-tea-aromatic\/"},"modified":"2025-07-14T00:29:42","modified_gmt":"2025-07-13T22:29:42","slug":"earl-grey-noble-organic-black-tea-bergamot-premium-loose-aromatic","status":"publish","type":"product","link":"https:\/\/www.sempertea.eu\/en\/earl-grey-noble-organic-black-tea-bergamot-premium-loose-aromatic\/","title":{"rendered":"EARL GREY NOBLE organic black tea with bergamot | Premium loose tea and aromatic"},"content":{"rendered":"<div class=\"et_pb_module et_pb_post_title et_pb_post_title_0 et_pb_bg_layout_light et_pb_text_align_left\">\n<div class=\"et_pb_title_container\">\n<h2 class=\"entry-title\">Earl Grey \u2013 A classic tea with rich history<\/h2>\n<\/div>\n<\/div>\n<div class=\"et_pb_module et_pb_text et_pb_text_0 et_pb_bg_layout_light et_pb_text_align_left\">\n<div class=\"et_pb_text_inner\">\n<p><strong>Earl Grey<\/strong> is one of the most recognized teas in the world. A bold, full-bodied <strong>black tea infused with essential oils from the peel of bergamot<\/strong>\u2014a Mediterranean citrus fruit that gives this blend its signature aroma and flavor. <a href=\"https:\/\/npgsweb.ars-grin.gov\/gringlobal\/taxonomydetail.aspx?10698\">This unique fruit offers a floral taste<\/a>, reminiscent of a mix between orange and lemon, with hints of lime and grapefruit.<\/p>\n<\/div>\n<\/div>\n<h3>The History of Earl Grey Tea<\/h3>\n<p>Flavored and scented teas trace their origins back to China during the Tang Dynasty (618\u2013907). At that time, tea makers would press fresh leaves to create a concentrated tea, which they then enhanced by mixing in herbs to intensify the aroma. Later on, flowers and spices were added. During the Ming Dynasty (1368\u20131644), blends of jasmine and osmanthus teas emerged, introducing new and refined flavors.<\/p>\n<p>When it comes to the origin of Earl Grey tea, several theories circulate. Most agree that the tea was named after a British nobleman, Sir Charles Grey, who also served as Prime Minister in the 19th century.<\/p>\n<p>One popular legend suggests that Earl Grey once saved the life of a Chinese man who was fond of creating unique tea blends. As a token of gratitude, he gifted Grey a special bergamot-infused black tea blend\u2014thus giving birth to what we now know as Earl Grey, one of the most iconic and beloved classic English teas in the world.<\/p>\n<p>&nbsp;<\/p>\n","protected":false},"excerpt":{"rendered":"<p><strong>Organic Earl Grey \u2013 Bold black tea with bergamot \u2013 Classic &amp; aromatic flavor<\/strong><\/p>\n<p>Robust organic Earl Grey with natural bergamot aroma. Intense, balanced, and full of flavor\u2014perfect for a refined tea break. A must for Earl Grey lovers.<\/p>\n","protected":false},"featured_media":16888,"comment_status":"open","ping_status":"closed","template":"","meta":[],"product_brand":[],"product_cat":[163,167,154,189,194,160,161,162],"product_tag":[291],"class_list":{"0":"post-17013","1":"product","2":"type-product","3":"status-publish","4":"has-post-thumbnail","6":"product_cat-product-brochure-of-tea","7":"product_cat-buy-online-organic-black-tea","8":"product_cat-unique-exclusive-tea-collections","9":"product_cat-whole-leaf-tea-in-glass-jar-tubes-organic","10":"product_cat-eco-friendly-sustainable-packaging","11":"product_cat-teas-and-tisanes-organic-buy-online","12":"product_cat-exclusive-tea-line","13":"product_cat-todos-en","14":"product_tag-leaf-tea-or-whole-flower-tea","16":"first","17":"instock","18":"shipping-taxable","19":"purchasable","20":"product-type-simple"},"yoast_head":"<!-- This site is optimized with the Yoast SEO Premium plugin v27.3 (Yoast SEO v27.4) - https:\/\/yoast.com\/product\/yoast-seo-premium-wordpress\/ -->\n<title>Best organic NOBLE Earl Grey tea online | Gourmet gifts<\/title>\n<meta name=\"description\" content=\"Earl Grey tea, the most iconic teas in the world. Strong, full-bodied organic black tea with natural bergamot flavor. Premium quality for true tea lovers.\" \/>\n<meta name=\"robots\" content=\"index, follow, max-snippet:-1, max-image-preview:large, max-video-preview:-1\" \/>\n<link rel=\"canonical\" href=\"https:\/\/www.sempertea.eu\/en\/earl-grey-noble-organic-black-tea-bergamot-premium-loose-aromatic\/\" \/>\n<meta property=\"og:locale\" content=\"en_US\" \/>\n<meta property=\"og:type\" content=\"article\" \/>\n<meta property=\"og:title\" content=\"EARL GREY NOBLE organic black tea with bergamot | Premium loose tea and aromatic\" \/>\n<meta property=\"og:description\" content=\"Earl Grey tea, the most iconic teas in the world. Strong, full-bodied organic black tea with natural bergamot flavor. Premium quality for true tea lovers.\" \/>\n<meta property=\"og:url\" content=\"https:\/\/www.sempertea.eu\/en\/earl-grey-noble-organic-black-tea-bergamot-premium-loose-aromatic\/\" \/>\n<meta property=\"og:site_name\" content=\"Semper Tea | Mayorista y fabricante de T\u00e9s e Infusiones para hoteles, restaurantes y bares\" \/>\n<meta property=\"article:modified_time\" content=\"2025-07-13T22:29:42+00:00\" \/>\n<meta property=\"og:image\" content=\"https:\/\/www.sempertea.eu\/wp-content\/uploads\/2025\/07\/earl-grey-te-ecologico-tarro-gourmet-regalo-semper-tea-1.jpg\" \/>\n\t<meta property=\"og:image:width\" content=\"1000\" \/>\n\t<meta property=\"og:image:height\" content=\"1000\" \/>\n\t<meta property=\"og:image:type\" content=\"image\/jpeg\" \/>\n<meta name=\"twitter:card\" content=\"summary_large_image\" \/>\n<meta name=\"twitter:label1\" content=\"Est. reading time\" \/>\n\t<meta name=\"twitter:data1\" content=\"2 minutes\" \/>\n<script type=\"application\/ld+json\" class=\"yoast-schema-graph\">{\"@context\":\"https:\\\/\\\/schema.org\",\"@graph\":[{\"@type\":\"WebPage\",\"@id\":\"https:\\\/\\\/www.sempertea.eu\\\/en\\\/earl-grey-noble-organic-black-tea-bergamot-premium-loose-aromatic\\\/\",\"url\":\"https:\\\/\\\/www.sempertea.eu\\\/en\\\/earl-grey-noble-organic-black-tea-bergamot-premium-loose-aromatic\\\/\",\"name\":\"Best organic NOBLE Earl Grey tea online | Gourmet gifts\",\"isPartOf\":{\"@id\":\"https:\\\/\\\/www.sempertea.eu\\\/#website\"},\"primaryImageOfPage\":{\"@id\":\"https:\\\/\\\/www.sempertea.eu\\\/en\\\/earl-grey-noble-organic-black-tea-bergamot-premium-loose-aromatic\\\/#primaryimage\"},\"image\":{\"@id\":\"https:\\\/\\\/www.sempertea.eu\\\/en\\\/earl-grey-noble-organic-black-tea-bergamot-premium-loose-aromatic\\\/#primaryimage\"},\"thumbnailUrl\":\"https:\\\/\\\/www.sempertea.eu\\\/wp-content\\\/uploads\\\/2025\\\/07\\\/earl-grey-te-ecologico-tarro-gourmet-regalo-semper-tea-1.jpg\",\"datePublished\":\"2025-07-13T22:25:05+00:00\",\"dateModified\":\"2025-07-13T22:29:42+00:00\",\"description\":\"Earl Grey tea, the most iconic teas in the world. Strong, full-bodied organic black tea with natural bergamot flavor. Premium quality for true tea lovers.\",\"breadcrumb\":{\"@id\":\"https:\\\/\\\/www.sempertea.eu\\\/en\\\/earl-grey-noble-organic-black-tea-bergamot-premium-loose-aromatic\\\/#breadcrumb\"},\"inLanguage\":\"en-US\",\"potentialAction\":[{\"@type\":\"ReadAction\",\"target\":[\"https:\\\/\\\/www.sempertea.eu\\\/en\\\/earl-grey-noble-organic-black-tea-bergamot-premium-loose-aromatic\\\/\"]}]},{\"@type\":\"ImageObject\",\"inLanguage\":\"en-US\",\"@id\":\"https:\\\/\\\/www.sempertea.eu\\\/en\\\/earl-grey-noble-organic-black-tea-bergamot-premium-loose-aromatic\\\/#primaryimage\",\"url\":\"https:\\\/\\\/www.sempertea.eu\\\/wp-content\\\/uploads\\\/2025\\\/07\\\/earl-grey-te-ecologico-tarro-gourmet-regalo-semper-tea-1.jpg\",\"contentUrl\":\"https:\\\/\\\/www.sempertea.eu\\\/wp-content\\\/uploads\\\/2025\\\/07\\\/earl-grey-te-ecologico-tarro-gourmet-regalo-semper-tea-1.jpg\",\"width\":1000,\"height\":1000,\"caption\":\"T\u00e9 Earl Grey ecol\u00f3gico en hoja suelta \u2013 Tarro de cristal ideal para tiendas gourmet\"},{\"@type\":\"BreadcrumbList\",\"@id\":\"https:\\\/\\\/www.sempertea.eu\\\/en\\\/earl-grey-noble-organic-black-tea-bergamot-premium-loose-aromatic\\\/#breadcrumb\",\"itemListElement\":[{\"@type\":\"ListItem\",\"position\":1,\"name\":\"Portada\",\"item\":\"https:\\\/\\\/www.sempertea.eu\\\/en\\\/\"},{\"@type\":\"ListItem\",\"position\":2,\"name\":\"Shop\",\"item\":\"https:\\\/\\\/www.sempertea.eu\\\/en\\\/shop\\\/\"},{\"@type\":\"ListItem\",\"position\":3,\"name\":\"EARL GREY NOBLE organic black tea with bergamot | Premium loose tea and aromatic\"}]},{\"@type\":\"WebSite\",\"@id\":\"https:\\\/\\\/www.sempertea.eu\\\/#website\",\"url\":\"https:\\\/\\\/www.sempertea.eu\\\/\",\"name\":\"Semper Tea | Mayorista y fabricante de T\u00e9s e Infusiones para hoteles, restaurantes y bares\",\"description\":\"T\u00e9s e infusiones para hosteler\u00eda, hoteler\u00eda y comercio\",\"potentialAction\":[{\"@type\":\"SearchAction\",\"target\":{\"@type\":\"EntryPoint\",\"urlTemplate\":\"https:\\\/\\\/www.sempertea.eu\\\/?s={search_term_string}\"},\"query-input\":{\"@type\":\"PropertyValueSpecification\",\"valueRequired\":true,\"valueName\":\"search_term_string\"}}],\"inLanguage\":\"en-US\"}]}<\/script>\n<!-- \/ Yoast SEO Premium plugin. -->","yoast_head_json":{"title":"Best organic NOBLE Earl Grey tea online | Gourmet gifts","description":"Earl Grey tea, the most iconic teas in the world. Strong, full-bodied organic black tea with natural bergamot flavor. Premium quality for true tea lovers.","robots":{"index":"index","follow":"follow","max-snippet":"max-snippet:-1","max-image-preview":"max-image-preview:large","max-video-preview":"max-video-preview:-1"},"canonical":"https:\/\/www.sempertea.eu\/en\/earl-grey-noble-organic-black-tea-bergamot-premium-loose-aromatic\/","og_locale":"en_US","og_type":"article","og_title":"EARL GREY NOBLE organic black tea with bergamot | Premium loose tea and aromatic","og_description":"Earl Grey tea, the most iconic teas in the world. Strong, full-bodied organic black tea with natural bergamot flavor. Premium quality for true tea lovers.","og_url":"https:\/\/www.sempertea.eu\/en\/earl-grey-noble-organic-black-tea-bergamot-premium-loose-aromatic\/","og_site_name":"Semper Tea | Mayorista y fabricante de T\u00e9s e Infusiones para hoteles, restaurantes y bares","article_modified_time":"2025-07-13T22:29:42+00:00","og_image":[{"width":1000,"height":1000,"url":"https:\/\/www.sempertea.eu\/wp-content\/uploads\/2025\/07\/earl-grey-te-ecologico-tarro-gourmet-regalo-semper-tea-1.jpg","type":"image\/jpeg"}],"twitter_card":"summary_large_image","twitter_misc":{"Est. reading time":"2 minutes"},"schema":{"@context":"https:\/\/schema.org","@graph":[{"@type":"WebPage","@id":"https:\/\/www.sempertea.eu\/en\/earl-grey-noble-organic-black-tea-bergamot-premium-loose-aromatic\/","url":"https:\/\/www.sempertea.eu\/en\/earl-grey-noble-organic-black-tea-bergamot-premium-loose-aromatic\/","name":"Best organic NOBLE Earl Grey tea online | Gourmet gifts","isPartOf":{"@id":"https:\/\/www.sempertea.eu\/#website"},"primaryImageOfPage":{"@id":"https:\/\/www.sempertea.eu\/en\/earl-grey-noble-organic-black-tea-bergamot-premium-loose-aromatic\/#primaryimage"},"image":{"@id":"https:\/\/www.sempertea.eu\/en\/earl-grey-noble-organic-black-tea-bergamot-premium-loose-aromatic\/#primaryimage"},"thumbnailUrl":"https:\/\/www.sempertea.eu\/wp-content\/uploads\/2025\/07\/earl-grey-te-ecologico-tarro-gourmet-regalo-semper-tea-1.jpg","datePublished":"2025-07-13T22:25:05+00:00","dateModified":"2025-07-13T22:29:42+00:00","description":"Earl Grey tea, the most iconic teas in the world. Strong, full-bodied organic black tea with natural bergamot flavor. Premium quality for true tea lovers.","breadcrumb":{"@id":"https:\/\/www.sempertea.eu\/en\/earl-grey-noble-organic-black-tea-bergamot-premium-loose-aromatic\/#breadcrumb"},"inLanguage":"en-US","potentialAction":[{"@type":"ReadAction","target":["https:\/\/www.sempertea.eu\/en\/earl-grey-noble-organic-black-tea-bergamot-premium-loose-aromatic\/"]}]},{"@type":"ImageObject","inLanguage":"en-US","@id":"https:\/\/www.sempertea.eu\/en\/earl-grey-noble-organic-black-tea-bergamot-premium-loose-aromatic\/#primaryimage","url":"https:\/\/www.sempertea.eu\/wp-content\/uploads\/2025\/07\/earl-grey-te-ecologico-tarro-gourmet-regalo-semper-tea-1.jpg","contentUrl":"https:\/\/www.sempertea.eu\/wp-content\/uploads\/2025\/07\/earl-grey-te-ecologico-tarro-gourmet-regalo-semper-tea-1.jpg","width":1000,"height":1000,"caption":"T\u00e9 Earl Grey ecol\u00f3gico en hoja suelta \u2013 Tarro de cristal ideal para tiendas gourmet"},{"@type":"BreadcrumbList","@id":"https:\/\/www.sempertea.eu\/en\/earl-grey-noble-organic-black-tea-bergamot-premium-loose-aromatic\/#breadcrumb","itemListElement":[{"@type":"ListItem","position":1,"name":"Portada","item":"https:\/\/www.sempertea.eu\/en\/"},{"@type":"ListItem","position":2,"name":"Shop","item":"https:\/\/www.sempertea.eu\/en\/shop\/"},{"@type":"ListItem","position":3,"name":"EARL GREY NOBLE organic black tea with bergamot | Premium loose tea and aromatic"}]},{"@type":"WebSite","@id":"https:\/\/www.sempertea.eu\/#website","url":"https:\/\/www.sempertea.eu\/","name":"Semper Tea | Mayorista y fabricante de T\u00e9s e Infusiones para hoteles, restaurantes y bares","description":"T\u00e9s e infusiones para hosteler\u00eda, hoteler\u00eda y comercio","potentialAction":[{"@type":"SearchAction","target":{"@type":"EntryPoint","urlTemplate":"https:\/\/www.sempertea.eu\/?s={search_term_string}"},"query-input":{"@type":"PropertyValueSpecification","valueRequired":true,"valueName":"search_term_string"}}],"inLanguage":"en-US"}]}},"_links":{"self":[{"href":"https:\/\/www.sempertea.eu\/en\/wp-json\/wp\/v2\/product\/17013","targetHints":{"allow":["GET"]}}],"collection":[{"href":"https:\/\/www.sempertea.eu\/en\/wp-json\/wp\/v2\/product"}],"about":[{"href":"https:\/\/www.sempertea.eu\/en\/wp-json\/wp\/v2\/types\/product"}],"replies":[{"embeddable":true,"href":"https:\/\/www.sempertea.eu\/en\/wp-json\/wp\/v2\/comments?post=17013"}],"wp:featuredmedia":[{"embeddable":true,"href":"https:\/\/www.sempertea.eu\/en\/wp-json\/wp\/v2\/media\/16888"}],"wp:attachment":[{"href":"https:\/\/www.sempertea.eu\/en\/wp-json\/wp\/v2\/media?parent=17013"}],"wp:term":[{"taxonomy":"product_brand","embeddable":true,"href":"https:\/\/www.sempertea.eu\/en\/wp-json\/wp\/v2\/product_brand?post=17013"},{"taxonomy":"product_cat","embeddable":true,"href":"https:\/\/www.sempertea.eu\/en\/wp-json\/wp\/v2\/product_cat?post=17013"},{"taxonomy":"product_tag","embeddable":true,"href":"https:\/\/www.sempertea.eu\/en\/wp-json\/wp\/v2\/product_tag?post=17013"}],"curies":[{"name":"wp","href":"https:\/\/api.w.org\/{rel}","templated":true}]}}