{"id":15462,"date":"2025-05-12T16:56:58","date_gmt":"2025-05-12T14:56:58","guid":{"rendered":"https:\/\/www.sempertea.eu\/jasmine-green-tea-with-jasmine-i-bulk-in-bag\/"},"modified":"2025-07-18T19:48:13","modified_gmt":"2025-07-18T17:48:13","slug":"organic-jasmine-green-tea-loose-leaf-bulk-supply-hotels-cafes","status":"publish","type":"product","link":"https:\/\/www.sempertea.eu\/en\/organic-jasmine-green-tea-loose-leaf-bulk-supply-hotels-cafes\/","title":{"rendered":"JASMINE green tea with jasmine I Bulk in bag"},"content":{"rendered":"<h2>Organic loose leaf Jasmine Green Tea \u2013 Gourmet quality, zero waste<\/h2>\n<p><strong>Semper Tea\u2019s organic jasmine green tea<\/strong> is a refined blend of loose leaf green tea and real jasmine flowers, naturally infused through a traditional steaming process. This method allows the delicate floral notes to bind gently with the tea, delivering a jasmine infusion that is smooth, fragrant, and rich in subtle nuances.<\/p>\n<p>This tea is crafted for both home use and <strong>professional bulk tea buyers<\/strong>, such as <strong>hotels, caf\u00e9s, spas<\/strong>, and <strong>wellness centers<\/strong>. It\u2019s the perfect choice for businesses looking to offer a <strong>healthy, aromatic, and eco-friendly beverage<\/strong>\u2014ideal for breakfast service, tea menus, or wellness corners.<br \/>\nIf you&#8217;re a <strong>wholesale herbal tea supplier<\/strong>, this product stands out as a <strong>versatile, elegant<\/strong>, and <strong>sustainably aligned<\/strong> solution that meets current eco-conscious demand.<\/p>\n<p>We offer <strong>tea delivery services<\/strong> for both individual customers and professional clients.<\/p>\n<p><strong>Buying loose leaf green tea in bulk<\/strong> has never been so easy\u2014or so environmentally conscious. If you&#8217;re searching for a tea that combines <strong>premium quality, visual appeal<\/strong>, and <strong>sustainability<\/strong>, this is your perfect match.<\/p>\n","protected":false},"excerpt":{"rendered":"<p><strong>Jasmine Green Tea \u2013 China Jasmine Chun Hao Superior Quin | Loose Leaf &amp; Pyramid Bags<\/strong><\/p>\n<p>A delicate blend of organic green tea and fresh jasmine flowers, traditionally scented. Light, floral, and smooth \u2014 ideal for a relaxing break or a refreshing infusion.<\/p>\n<p><strong>Origin<\/strong>: China<br \/>\n<strong>Aroma:<\/strong> Floral, elegant, lingering<br \/>\n<strong>Ideal temperature<\/strong>: 85\u00b0C<br \/>\n<strong>Brew time:<\/strong> 3 minutes<br \/>\n<strong>Perfect for<\/strong>: Enjoying on its own, hot or cold<br \/>\n<strong>Format<\/strong>: bulk<\/p>\n<p><strong>Enjoy the authentic jasmine tea experience all year round.<\/strong><\/p>\n","protected":false},"featured_media":16157,"comment_status":"open","ping_status":"closed","template":"","meta":[],"product_brand":[],"product_cat":[378,163,191,154,155,165,160,161,162,218],"product_tag":[291],"class_list":{"0":"post-15462","1":"product","2":"type-product","3":"status-publish","4":"has-post-thumbnail","6":"product_cat-organic-bulk-tea","7":"product_cat-product-brochure-of-tea","8":"product_cat-buy-organic-loose-teas-tisanes-in-bulk","9":"product_cat-unique-exclusive-tea-collections","10":"product_cat-types-of-tea-packaging","11":"product_cat-buy-green-tea-online-at-best-prices-high-quality","12":"product_cat-teas-and-tisanes-organic-buy-online","13":"product_cat-exclusive-tea-line","14":"product_cat-todos-en","15":"product_cat-uncategorized-en","16":"product_tag-leaf-tea-or-whole-flower-tea","18":"first","19":"instock","20":"shipping-taxable","21":"purchasable","22":"product-type-variable"},"yoast_head":"<!-- This site is optimized with the Yoast SEO Premium plugin v27.3 (Yoast SEO v27.4) - https:\/\/yoast.com\/product\/yoast-seo-premium-wordpress\/ -->\n<title>Organic Jasmine Green Tea Loose Leaf | Bulk Supply Hotels Caf\u00e9s<\/title>\n<meta name=\"description\" content=\"100% organic green tea with jasmine and no flavourings. Buy in bulk and enjoy a pure, natural and sustainable infusion. Delivery to your home.\" \/>\n<meta name=\"robots\" content=\"index, follow, max-snippet:-1, max-image-preview:large, max-video-preview:-1\" \/>\n<link rel=\"canonical\" href=\"https:\/\/www.sempertea.eu\/en\/organic-jasmine-green-tea-loose-leaf-bulk-supply-hotels-cafes\/\" \/>\n<meta property=\"og:locale\" content=\"en_US\" \/>\n<meta property=\"og:type\" content=\"article\" \/>\n<meta property=\"og:title\" content=\"JASMINE green tea with jasmine I Bulk in bag\" \/>\n<meta property=\"og:description\" content=\"100% organic green tea with jasmine and no flavourings. Buy in bulk and enjoy a pure, natural and sustainable infusion. Delivery to your home.\" \/>\n<meta property=\"og:url\" content=\"https:\/\/www.sempertea.eu\/en\/organic-jasmine-green-tea-loose-leaf-bulk-supply-hotels-cafes\/\" \/>\n<meta property=\"og:site_name\" content=\"Semper Tea | Mayorista y fabricante de T\u00e9s e Infusiones para hoteles, restaurantes y bares\" \/>\n<meta property=\"article:modified_time\" content=\"2025-07-18T17:48:13+00:00\" \/>\n<meta property=\"og:image\" content=\"https:\/\/www.sempertea.eu\/wp-content\/uploads\/2025\/06\/te-verde-jazmin-granel-floral-suave-gourmet-semper-tea.jpg\" \/>\n\t<meta property=\"og:image:width\" content=\"595\" \/>\n\t<meta property=\"og:image:height\" content=\"595\" \/>\n\t<meta property=\"og:image:type\" content=\"image\/jpeg\" \/>\n<meta name=\"twitter:card\" content=\"summary_large_image\" \/>\n<meta name=\"twitter:label1\" content=\"Est. reading time\" \/>\n\t<meta name=\"twitter:data1\" content=\"2 minutes\" \/>\n<script type=\"application\/ld+json\" class=\"yoast-schema-graph\">{\"@context\":\"https:\\\/\\\/schema.org\",\"@graph\":[{\"@type\":\"WebPage\",\"@id\":\"https:\\\/\\\/www.sempertea.eu\\\/en\\\/organic-jasmine-green-tea-loose-leaf-bulk-supply-hotels-cafes\\\/\",\"url\":\"https:\\\/\\\/www.sempertea.eu\\\/en\\\/organic-jasmine-green-tea-loose-leaf-bulk-supply-hotels-cafes\\\/\",\"name\":\"Organic Jasmine Green Tea Loose Leaf | Bulk Supply Hotels Caf\u00e9s\",\"isPartOf\":{\"@id\":\"https:\\\/\\\/www.sempertea.eu\\\/#website\"},\"primaryImageOfPage\":{\"@id\":\"https:\\\/\\\/www.sempertea.eu\\\/en\\\/organic-jasmine-green-tea-loose-leaf-bulk-supply-hotels-cafes\\\/#primaryimage\"},\"image\":{\"@id\":\"https:\\\/\\\/www.sempertea.eu\\\/en\\\/organic-jasmine-green-tea-loose-leaf-bulk-supply-hotels-cafes\\\/#primaryimage\"},\"thumbnailUrl\":\"https:\\\/\\\/www.sempertea.eu\\\/wp-content\\\/uploads\\\/2025\\\/06\\\/te-verde-jazmin-granel-floral-suave-gourmet-semper-tea.jpg\",\"datePublished\":\"2025-05-12T14:56:58+00:00\",\"dateModified\":\"2025-07-18T17:48:13+00:00\",\"description\":\"100% organic green tea with jasmine and no flavourings. Buy in bulk and enjoy a pure, natural and sustainable infusion. Delivery to your home.\",\"breadcrumb\":{\"@id\":\"https:\\\/\\\/www.sempertea.eu\\\/en\\\/organic-jasmine-green-tea-loose-leaf-bulk-supply-hotels-cafes\\\/#breadcrumb\"},\"inLanguage\":\"en-US\",\"potentialAction\":[{\"@type\":\"ReadAction\",\"target\":[\"https:\\\/\\\/www.sempertea.eu\\\/en\\\/organic-jasmine-green-tea-loose-leaf-bulk-supply-hotels-cafes\\\/\"]}]},{\"@type\":\"ImageObject\",\"inLanguage\":\"en-US\",\"@id\":\"https:\\\/\\\/www.sempertea.eu\\\/en\\\/organic-jasmine-green-tea-loose-leaf-bulk-supply-hotels-cafes\\\/#primaryimage\",\"url\":\"https:\\\/\\\/www.sempertea.eu\\\/wp-content\\\/uploads\\\/2025\\\/06\\\/te-verde-jazmin-granel-floral-suave-gourmet-semper-tea.jpg\",\"contentUrl\":\"https:\\\/\\\/www.sempertea.eu\\\/wp-content\\\/uploads\\\/2025\\\/06\\\/te-verde-jazmin-granel-floral-suave-gourmet-semper-tea.jpg\",\"width\":595,\"height\":595,\"caption\":\"te verde jazmin granel floral suave gourmet semper tea\"},{\"@type\":\"BreadcrumbList\",\"@id\":\"https:\\\/\\\/www.sempertea.eu\\\/en\\\/organic-jasmine-green-tea-loose-leaf-bulk-supply-hotels-cafes\\\/#breadcrumb\",\"itemListElement\":[{\"@type\":\"ListItem\",\"position\":1,\"name\":\"Portada\",\"item\":\"https:\\\/\\\/www.sempertea.eu\\\/en\\\/\"},{\"@type\":\"ListItem\",\"position\":2,\"name\":\"Shop\",\"item\":\"https:\\\/\\\/www.sempertea.eu\\\/en\\\/shop\\\/\"},{\"@type\":\"ListItem\",\"position\":3,\"name\":\"JASMINE green tea with jasmine I Bulk in bag\"}]},{\"@type\":\"WebSite\",\"@id\":\"https:\\\/\\\/www.sempertea.eu\\\/#website\",\"url\":\"https:\\\/\\\/www.sempertea.eu\\\/\",\"name\":\"Semper Tea | Mayorista y fabricante de T\u00e9s e Infusiones para hoteles, restaurantes y bares\",\"description\":\"T\u00e9s e infusiones para hosteler\u00eda, hoteler\u00eda y comercio\",\"potentialAction\":[{\"@type\":\"SearchAction\",\"target\":{\"@type\":\"EntryPoint\",\"urlTemplate\":\"https:\\\/\\\/www.sempertea.eu\\\/?s={search_term_string}\"},\"query-input\":{\"@type\":\"PropertyValueSpecification\",\"valueRequired\":true,\"valueName\":\"search_term_string\"}}],\"inLanguage\":\"en-US\"}]}<\/script>\n<!-- \/ Yoast SEO Premium plugin. -->","yoast_head_json":{"title":"Organic Jasmine Green Tea Loose Leaf | Bulk Supply Hotels Caf\u00e9s","description":"100% organic green tea with jasmine and no flavourings. Buy in bulk and enjoy a pure, natural and sustainable infusion. Delivery to your home.","robots":{"index":"index","follow":"follow","max-snippet":"max-snippet:-1","max-image-preview":"max-image-preview:large","max-video-preview":"max-video-preview:-1"},"canonical":"https:\/\/www.sempertea.eu\/en\/organic-jasmine-green-tea-loose-leaf-bulk-supply-hotels-cafes\/","og_locale":"en_US","og_type":"article","og_title":"JASMINE green tea with jasmine I Bulk in bag","og_description":"100% organic green tea with jasmine and no flavourings. Buy in bulk and enjoy a pure, natural and sustainable infusion. Delivery to your home.","og_url":"https:\/\/www.sempertea.eu\/en\/organic-jasmine-green-tea-loose-leaf-bulk-supply-hotels-cafes\/","og_site_name":"Semper Tea | Mayorista y fabricante de T\u00e9s e Infusiones para hoteles, restaurantes y bares","article_modified_time":"2025-07-18T17:48:13+00:00","og_image":[{"width":595,"height":595,"url":"https:\/\/www.sempertea.eu\/wp-content\/uploads\/2025\/06\/te-verde-jazmin-granel-floral-suave-gourmet-semper-tea.jpg","type":"image\/jpeg"}],"twitter_card":"summary_large_image","twitter_misc":{"Est. reading time":"2 minutes"},"schema":{"@context":"https:\/\/schema.org","@graph":[{"@type":"WebPage","@id":"https:\/\/www.sempertea.eu\/en\/organic-jasmine-green-tea-loose-leaf-bulk-supply-hotels-cafes\/","url":"https:\/\/www.sempertea.eu\/en\/organic-jasmine-green-tea-loose-leaf-bulk-supply-hotels-cafes\/","name":"Organic Jasmine Green Tea Loose Leaf | Bulk Supply Hotels Caf\u00e9s","isPartOf":{"@id":"https:\/\/www.sempertea.eu\/#website"},"primaryImageOfPage":{"@id":"https:\/\/www.sempertea.eu\/en\/organic-jasmine-green-tea-loose-leaf-bulk-supply-hotels-cafes\/#primaryimage"},"image":{"@id":"https:\/\/www.sempertea.eu\/en\/organic-jasmine-green-tea-loose-leaf-bulk-supply-hotels-cafes\/#primaryimage"},"thumbnailUrl":"https:\/\/www.sempertea.eu\/wp-content\/uploads\/2025\/06\/te-verde-jazmin-granel-floral-suave-gourmet-semper-tea.jpg","datePublished":"2025-05-12T14:56:58+00:00","dateModified":"2025-07-18T17:48:13+00:00","description":"100% organic green tea with jasmine and no flavourings. Buy in bulk and enjoy a pure, natural and sustainable infusion. Delivery to your home.","breadcrumb":{"@id":"https:\/\/www.sempertea.eu\/en\/organic-jasmine-green-tea-loose-leaf-bulk-supply-hotels-cafes\/#breadcrumb"},"inLanguage":"en-US","potentialAction":[{"@type":"ReadAction","target":["https:\/\/www.sempertea.eu\/en\/organic-jasmine-green-tea-loose-leaf-bulk-supply-hotels-cafes\/"]}]},{"@type":"ImageObject","inLanguage":"en-US","@id":"https:\/\/www.sempertea.eu\/en\/organic-jasmine-green-tea-loose-leaf-bulk-supply-hotels-cafes\/#primaryimage","url":"https:\/\/www.sempertea.eu\/wp-content\/uploads\/2025\/06\/te-verde-jazmin-granel-floral-suave-gourmet-semper-tea.jpg","contentUrl":"https:\/\/www.sempertea.eu\/wp-content\/uploads\/2025\/06\/te-verde-jazmin-granel-floral-suave-gourmet-semper-tea.jpg","width":595,"height":595,"caption":"te verde jazmin granel floral suave gourmet semper tea"},{"@type":"BreadcrumbList","@id":"https:\/\/www.sempertea.eu\/en\/organic-jasmine-green-tea-loose-leaf-bulk-supply-hotels-cafes\/#breadcrumb","itemListElement":[{"@type":"ListItem","position":1,"name":"Portada","item":"https:\/\/www.sempertea.eu\/en\/"},{"@type":"ListItem","position":2,"name":"Shop","item":"https:\/\/www.sempertea.eu\/en\/shop\/"},{"@type":"ListItem","position":3,"name":"JASMINE green tea with jasmine I Bulk in bag"}]},{"@type":"WebSite","@id":"https:\/\/www.sempertea.eu\/#website","url":"https:\/\/www.sempertea.eu\/","name":"Semper Tea | Mayorista y fabricante de T\u00e9s e Infusiones para hoteles, restaurantes y bares","description":"T\u00e9s e infusiones para hosteler\u00eda, hoteler\u00eda y comercio","potentialAction":[{"@type":"SearchAction","target":{"@type":"EntryPoint","urlTemplate":"https:\/\/www.sempertea.eu\/?s={search_term_string}"},"query-input":{"@type":"PropertyValueSpecification","valueRequired":true,"valueName":"search_term_string"}}],"inLanguage":"en-US"}]}},"_links":{"self":[{"href":"https:\/\/www.sempertea.eu\/en\/wp-json\/wp\/v2\/product\/15462","targetHints":{"allow":["GET"]}}],"collection":[{"href":"https:\/\/www.sempertea.eu\/en\/wp-json\/wp\/v2\/product"}],"about":[{"href":"https:\/\/www.sempertea.eu\/en\/wp-json\/wp\/v2\/types\/product"}],"replies":[{"embeddable":true,"href":"https:\/\/www.sempertea.eu\/en\/wp-json\/wp\/v2\/comments?post=15462"}],"wp:featuredmedia":[{"embeddable":true,"href":"https:\/\/www.sempertea.eu\/en\/wp-json\/wp\/v2\/media\/16157"}],"wp:attachment":[{"href":"https:\/\/www.sempertea.eu\/en\/wp-json\/wp\/v2\/media?parent=15462"}],"wp:term":[{"taxonomy":"product_brand","embeddable":true,"href":"https:\/\/www.sempertea.eu\/en\/wp-json\/wp\/v2\/product_brand?post=15462"},{"taxonomy":"product_cat","embeddable":true,"href":"https:\/\/www.sempertea.eu\/en\/wp-json\/wp\/v2\/product_cat?post=15462"},{"taxonomy":"product_tag","embeddable":true,"href":"https:\/\/www.sempertea.eu\/en\/wp-json\/wp\/v2\/product_tag?post=15462"}],"curies":[{"name":"wp","href":"https:\/\/api.w.org\/{rel}","templated":true}]}}