{"id":15036,"date":"2025-01-30T17:08:20","date_gmt":"2025-04-25T06:51:06","guid":{"rendered":"https:\/\/www.sempertea.eu\/gift-set-with-herbal-teas-tea-elegance-with-thermal-mug\/"},"modified":"2025-04-25T08:51:06","modified_gmt":"2025-04-25T06:51:06","slug":"gift-set-with-herbal-teas-tea-elegance-with-thermal-mug","status":"publish","type":"product","link":"https:\/\/www.sempertea.eu\/en\/gift-set-with-herbal-teas-tea-elegance-with-thermal-mug\/","title":{"rendered":"Gift Set with Herbal Teas | Tea &amp; Elegance with Thermal Mug"},"content":{"rendered":"<h1>Gift pack with herbal teas \u2013 Tea &amp; Elegance for every moment<\/h1>\n<p>A gift that combines beauty, sustainability and well-being in every detail. The Gift Pack is the ideal choice for those who enjoy premium organic tea with a touch of sophistication. <\/p>\n<p>With a selection of organic teas, an elegant rose-coloured stainless steel thermos mug and a <strong>recycled cotton tote bag<\/strong>, this set offers a unique experience of enjoyment.<\/p>\n<p>Perfect as an <strong>original gift for tea lovers<\/strong>, for those looking for an <strong>elegant gift with high-quality infusions<\/strong> and no microplastics. In a biodegradable and compostable bag. <\/p>\n<p>An organic tea pack that combines flavour, functionality and design in a single gift.<\/p>\n<p>Give the gift of well-being with every sip.<\/p>\n","protected":false},"excerpt":{"rendered":"<p>For stylish individuals who appreciate unique details.<\/p>\n<p>Includes:<br \/>\n\ud83c\udf43 <strong>Pure Organic Green Tea<\/strong> in 15 pyramid tea bags \u2013 Natural, refreshing and full of antioxidants to revitalise body and mind.<br \/>\n\ud83c\udf4f <strong>Organic Apple Mint Licorice Tea<\/strong> in 15 pyramid tea bags \u2013 Sweet, balanced and with a herbal touch that makes it irresistible.<br \/>\n\ud83d\udc96 <strong>Heart of Gold Ros\u00e9 Thermo Mug (0.35 L)<\/strong> \u2013 Stainless steel thermal mug with an elegant pink design, keeps drinks hot or cold for up to 3 hours.<br \/>\n\ud83c\udf3f <strong>Recycled Cotton Tote Bag <\/strong>\u2013 An eco-friendly and versatile accessory, ideal for carrying your essentials in style.<\/p>\n<p>\u2728 <strong>A sophisticated and practical gift<\/strong>, ideal for tea lovers. Perfect for special occasions.<\/p>\n","protected":false},"featured_media":13692,"comment_status":"open","ping_status":"closed","template":"","meta":[],"product_brand":[],"product_cat":[355,197,351,350,353],"product_tag":[363],"class_list":{"0":"post-15036","1":"product","2":"type-product","3":"status-publish","4":"has-post-thumbnail","6":"product_cat-birthday-gifts","7":"product_cat-unique-gifts-for-tea-lovers","8":"product_cat-mothers-day-packs","9":"product_cat-st-valentines-gifts","10":"product_cat-tea-lovers","11":"product_tag-gift-packs-for-tea-lovers","13":"first","14":"instock","15":"shipping-taxable","16":"purchasable","17":"product-type-simple"},"yoast_head":"<!-- This site is optimized with the Yoast SEO Premium plugin v27.3 (Yoast SEO v27.3) - https:\/\/yoast.com\/product\/yoast-seo-premium-wordpress\/ -->\n<title>Gift Set with Organic Herbal Teas | Tea and Elegance with Thermal Mug<\/title>\n<meta name=\"description\" content=\"Exclusive set with premium organic teas, rose gold stainless steel thermos mug and recycled tote bag. A sophisticated and sustainable gift for tea lovers.\" \/>\n<meta name=\"robots\" content=\"index, follow, max-snippet:-1, max-image-preview:large, max-video-preview:-1\" \/>\n<link rel=\"canonical\" href=\"https:\/\/www.sempertea.eu\/en\/gift-set-with-herbal-teas-tea-elegance-with-thermal-mug\/\" \/>\n<meta property=\"og:locale\" content=\"en_US\" \/>\n<meta property=\"og:type\" content=\"article\" \/>\n<meta property=\"og:title\" content=\"Gift Set with Herbal Teas | Tea &amp; Elegance with Thermal Mug\" \/>\n<meta property=\"og:description\" content=\"Exclusive set with premium organic teas, rose gold stainless steel thermos mug and recycled tote bag. A sophisticated and sustainable gift for tea lovers.\" \/>\n<meta property=\"og:url\" content=\"https:\/\/www.sempertea.eu\/en\/gift-set-with-herbal-teas-tea-elegance-with-thermal-mug\/\" \/>\n<meta property=\"og:site_name\" content=\"Semper Tea | Mayorista y fabricante de T\u00e9s e Infusiones para hoteles, restaurantes y bares\" \/>\n<meta property=\"og:image\" content=\"https:\/\/www.sempertea.eu\/wp-content\/uploads\/2025\/01\/taza-termo-con-te-para-regalar-01.jpg\" \/>\n\t<meta property=\"og:image:width\" content=\"1000\" \/>\n\t<meta property=\"og:image:height\" content=\"1000\" \/>\n\t<meta property=\"og:image:type\" content=\"image\/jpeg\" \/>\n<meta name=\"twitter:card\" content=\"summary_large_image\" \/>\n<meta name=\"twitter:label1\" content=\"Est. reading time\" \/>\n\t<meta name=\"twitter:data1\" content=\"1 minute\" \/>\n<script type=\"application\/ld+json\" class=\"yoast-schema-graph\">{\"@context\":\"https:\\\/\\\/schema.org\",\"@graph\":[{\"@type\":\"WebPage\",\"@id\":\"https:\\\/\\\/www.sempertea.eu\\\/en\\\/gift-set-with-herbal-teas-tea-elegance-with-thermal-mug\\\/\",\"url\":\"https:\\\/\\\/www.sempertea.eu\\\/en\\\/gift-set-with-herbal-teas-tea-elegance-with-thermal-mug\\\/\",\"name\":\"Gift Set with Organic Herbal Teas | Tea and Elegance with Thermal Mug\",\"isPartOf\":{\"@id\":\"https:\\\/\\\/www.sempertea.eu\\\/#website\"},\"primaryImageOfPage\":{\"@id\":\"https:\\\/\\\/www.sempertea.eu\\\/en\\\/gift-set-with-herbal-teas-tea-elegance-with-thermal-mug\\\/#primaryimage\"},\"image\":{\"@id\":\"https:\\\/\\\/www.sempertea.eu\\\/en\\\/gift-set-with-herbal-teas-tea-elegance-with-thermal-mug\\\/#primaryimage\"},\"thumbnailUrl\":\"https:\\\/\\\/www.sempertea.eu\\\/wp-content\\\/uploads\\\/2025\\\/01\\\/taza-termo-con-te-para-regalar-01.jpg\",\"datePublished\":\"2025-04-25T06:51:06+00:00\",\"description\":\"Exclusive set with premium organic teas, rose gold stainless steel thermos mug and recycled tote bag. A sophisticated and sustainable gift for tea lovers.\",\"breadcrumb\":{\"@id\":\"https:\\\/\\\/www.sempertea.eu\\\/en\\\/gift-set-with-herbal-teas-tea-elegance-with-thermal-mug\\\/#breadcrumb\"},\"inLanguage\":\"en-US\",\"potentialAction\":[{\"@type\":\"ReadAction\",\"target\":[\"https:\\\/\\\/www.sempertea.eu\\\/en\\\/gift-set-with-herbal-teas-tea-elegance-with-thermal-mug\\\/\"]}]},{\"@type\":\"ImageObject\",\"inLanguage\":\"en-US\",\"@id\":\"https:\\\/\\\/www.sempertea.eu\\\/en\\\/gift-set-with-herbal-teas-tea-elegance-with-thermal-mug\\\/#primaryimage\",\"url\":\"https:\\\/\\\/www.sempertea.eu\\\/wp-content\\\/uploads\\\/2025\\\/01\\\/taza-termo-con-te-para-regalar-01.jpg\",\"contentUrl\":\"https:\\\/\\\/www.sempertea.eu\\\/wp-content\\\/uploads\\\/2025\\\/01\\\/taza-termo-con-te-para-regalar-01.jpg\",\"width\":1000,\"height\":1000,\"caption\":\"taza termo con te para regalar\"},{\"@type\":\"BreadcrumbList\",\"@id\":\"https:\\\/\\\/www.sempertea.eu\\\/en\\\/gift-set-with-herbal-teas-tea-elegance-with-thermal-mug\\\/#breadcrumb\",\"itemListElement\":[{\"@type\":\"ListItem\",\"position\":1,\"name\":\"Portada\",\"item\":\"https:\\\/\\\/www.sempertea.eu\\\/en\\\/\"},{\"@type\":\"ListItem\",\"position\":2,\"name\":\"Shop\",\"item\":\"https:\\\/\\\/www.sempertea.eu\\\/en\\\/shop\\\/\"},{\"@type\":\"ListItem\",\"position\":3,\"name\":\"Gift Set with Herbal Teas | Tea &amp; Elegance with Thermal Mug\"}]},{\"@type\":\"WebSite\",\"@id\":\"https:\\\/\\\/www.sempertea.eu\\\/#website\",\"url\":\"https:\\\/\\\/www.sempertea.eu\\\/\",\"name\":\"Semper Tea | Mayorista y fabricante de T\u00e9s e Infusiones para hoteles, restaurantes y bares\",\"description\":\"T\u00e9s e infusiones para hosteler\u00eda, hoteler\u00eda y comercio\",\"potentialAction\":[{\"@type\":\"SearchAction\",\"target\":{\"@type\":\"EntryPoint\",\"urlTemplate\":\"https:\\\/\\\/www.sempertea.eu\\\/?s={search_term_string}\"},\"query-input\":{\"@type\":\"PropertyValueSpecification\",\"valueRequired\":true,\"valueName\":\"search_term_string\"}}],\"inLanguage\":\"en-US\"}]}<\/script>\n<!-- \/ Yoast SEO Premium plugin. -->","yoast_head_json":{"title":"Gift Set with Organic Herbal Teas | Tea and Elegance with Thermal Mug","description":"Exclusive set with premium organic teas, rose gold stainless steel thermos mug and recycled tote bag. A sophisticated and sustainable gift for tea lovers.","robots":{"index":"index","follow":"follow","max-snippet":"max-snippet:-1","max-image-preview":"max-image-preview:large","max-video-preview":"max-video-preview:-1"},"canonical":"https:\/\/www.sempertea.eu\/en\/gift-set-with-herbal-teas-tea-elegance-with-thermal-mug\/","og_locale":"en_US","og_type":"article","og_title":"Gift Set with Herbal Teas | Tea &amp; Elegance with Thermal Mug","og_description":"Exclusive set with premium organic teas, rose gold stainless steel thermos mug and recycled tote bag. A sophisticated and sustainable gift for tea lovers.","og_url":"https:\/\/www.sempertea.eu\/en\/gift-set-with-herbal-teas-tea-elegance-with-thermal-mug\/","og_site_name":"Semper Tea | Mayorista y fabricante de T\u00e9s e Infusiones para hoteles, restaurantes y bares","og_image":[{"width":1000,"height":1000,"url":"https:\/\/www.sempertea.eu\/wp-content\/uploads\/2025\/01\/taza-termo-con-te-para-regalar-01.jpg","type":"image\/jpeg"}],"twitter_card":"summary_large_image","twitter_misc":{"Est. reading time":"1 minute"},"schema":{"@context":"https:\/\/schema.org","@graph":[{"@type":"WebPage","@id":"https:\/\/www.sempertea.eu\/en\/gift-set-with-herbal-teas-tea-elegance-with-thermal-mug\/","url":"https:\/\/www.sempertea.eu\/en\/gift-set-with-herbal-teas-tea-elegance-with-thermal-mug\/","name":"Gift Set with Organic Herbal Teas | Tea and Elegance with Thermal Mug","isPartOf":{"@id":"https:\/\/www.sempertea.eu\/#website"},"primaryImageOfPage":{"@id":"https:\/\/www.sempertea.eu\/en\/gift-set-with-herbal-teas-tea-elegance-with-thermal-mug\/#primaryimage"},"image":{"@id":"https:\/\/www.sempertea.eu\/en\/gift-set-with-herbal-teas-tea-elegance-with-thermal-mug\/#primaryimage"},"thumbnailUrl":"https:\/\/www.sempertea.eu\/wp-content\/uploads\/2025\/01\/taza-termo-con-te-para-regalar-01.jpg","datePublished":"2025-04-25T06:51:06+00:00","description":"Exclusive set with premium organic teas, rose gold stainless steel thermos mug and recycled tote bag. A sophisticated and sustainable gift for tea lovers.","breadcrumb":{"@id":"https:\/\/www.sempertea.eu\/en\/gift-set-with-herbal-teas-tea-elegance-with-thermal-mug\/#breadcrumb"},"inLanguage":"en-US","potentialAction":[{"@type":"ReadAction","target":["https:\/\/www.sempertea.eu\/en\/gift-set-with-herbal-teas-tea-elegance-with-thermal-mug\/"]}]},{"@type":"ImageObject","inLanguage":"en-US","@id":"https:\/\/www.sempertea.eu\/en\/gift-set-with-herbal-teas-tea-elegance-with-thermal-mug\/#primaryimage","url":"https:\/\/www.sempertea.eu\/wp-content\/uploads\/2025\/01\/taza-termo-con-te-para-regalar-01.jpg","contentUrl":"https:\/\/www.sempertea.eu\/wp-content\/uploads\/2025\/01\/taza-termo-con-te-para-regalar-01.jpg","width":1000,"height":1000,"caption":"taza termo con te para regalar"},{"@type":"BreadcrumbList","@id":"https:\/\/www.sempertea.eu\/en\/gift-set-with-herbal-teas-tea-elegance-with-thermal-mug\/#breadcrumb","itemListElement":[{"@type":"ListItem","position":1,"name":"Portada","item":"https:\/\/www.sempertea.eu\/en\/"},{"@type":"ListItem","position":2,"name":"Shop","item":"https:\/\/www.sempertea.eu\/en\/shop\/"},{"@type":"ListItem","position":3,"name":"Gift Set with Herbal Teas | Tea &amp; Elegance with Thermal Mug"}]},{"@type":"WebSite","@id":"https:\/\/www.sempertea.eu\/#website","url":"https:\/\/www.sempertea.eu\/","name":"Semper Tea | Mayorista y fabricante de T\u00e9s e Infusiones para hoteles, restaurantes y bares","description":"T\u00e9s e infusiones para hosteler\u00eda, hoteler\u00eda y comercio","potentialAction":[{"@type":"SearchAction","target":{"@type":"EntryPoint","urlTemplate":"https:\/\/www.sempertea.eu\/?s={search_term_string}"},"query-input":{"@type":"PropertyValueSpecification","valueRequired":true,"valueName":"search_term_string"}}],"inLanguage":"en-US"}]}},"_links":{"self":[{"href":"https:\/\/www.sempertea.eu\/en\/wp-json\/wp\/v2\/product\/15036","targetHints":{"allow":["GET"]}}],"collection":[{"href":"https:\/\/www.sempertea.eu\/en\/wp-json\/wp\/v2\/product"}],"about":[{"href":"https:\/\/www.sempertea.eu\/en\/wp-json\/wp\/v2\/types\/product"}],"replies":[{"embeddable":true,"href":"https:\/\/www.sempertea.eu\/en\/wp-json\/wp\/v2\/comments?post=15036"}],"wp:featuredmedia":[{"embeddable":true,"href":"https:\/\/www.sempertea.eu\/en\/wp-json\/wp\/v2\/media\/13692"}],"wp:attachment":[{"href":"https:\/\/www.sempertea.eu\/en\/wp-json\/wp\/v2\/media?parent=15036"}],"wp:term":[{"taxonomy":"product_brand","embeddable":true,"href":"https:\/\/www.sempertea.eu\/en\/wp-json\/wp\/v2\/product_brand?post=15036"},{"taxonomy":"product_cat","embeddable":true,"href":"https:\/\/www.sempertea.eu\/en\/wp-json\/wp\/v2\/product_cat?post=15036"},{"taxonomy":"product_tag","embeddable":true,"href":"https:\/\/www.sempertea.eu\/en\/wp-json\/wp\/v2\/product_tag?post=15036"}],"curies":[{"name":"wp","href":"https:\/\/api.w.org\/{rel}","templated":true}]}}