{"id":15029,"date":"2025-01-30T18:12:57","date_gmt":"2025-04-24T15:21:29","guid":{"rendered":"https:\/\/www.sempertea.eu\/exclusive-tea-set-in-test-tubes-with-love-mug\/"},"modified":"2025-04-24T17:21:29","modified_gmt":"2025-04-24T15:21:29","slug":"exclusive-tea-set-in-test-tubes-with-love-mug","status":"publish","type":"product","link":"https:\/\/www.sempertea.eu\/en\/exclusive-tea-set-in-test-tubes-with-love-mug\/","title":{"rendered":"Exclusive tea set in test tubes with Love Mug"},"content":{"rendered":"<h1>A gift for tea lovers to experience and savour<\/h1>\n<p>Perfect as <strong>An original gift for Valentine&#8217;s Day, anniversaries or special occasions.<\/strong><\/p>\n<p>A gift that combines <strong>elegance, romance and the pleasure of a good cup of tea<\/strong>. <strong>The Exclusive Infusion of Love Set<\/strong> is the perfect choice for those who enjoy life&#8217;s little pleasures.<\/p>\n<p>With <strong>premium teas in glass tubes, an exclusively designed porcelain cup, a loose leaf tea filter and a recycled tote bag<\/strong>, this set is a true sensory experience.<\/p>\n","protected":false},"excerpt":{"rendered":"<p>Perfect as an <strong>original gift for Valentine&#8217;s Day, anniversaries or special occasions.<\/strong><\/p>\n<p>\ud83c\udf81 <strong>Includes<\/strong>:<br \/>\n\ud83c\udf43<strong> 4 premium organic tea samples<\/strong> \u2013 Liquorice Mint Apple, Pu-Erh Lemon Vanilla, Earl Grey Cream and Passion Fruit.<br \/>\n\ud83d\udc96 <strong>Love Rose Mug 2024 (0.35 L)<\/strong> \u2013 Delicate and durable <strong>bone china mug<\/strong> with a romantic design in shades of pink. Microwave and dishwasher safe.<br \/>\n\ud83c\udf75 <strong>Loose tea filter <\/strong>\u2013 To enjoy each infusion with the intensity and freshness of pure tea leaves.<br \/>\n\ud83c\udf31 <strong>Recycled cotton tote bag<\/strong> \u2013 An eco-friendly and versatile touch to carry your tea and accessories in style. <\/p>\n<p>\u2728 <strong>A set designed for charming details and unforgettable experiences.<\/strong><\/p>\n","protected":false},"featured_media":13964,"comment_status":"open","ping_status":"closed","template":"","meta":[],"product_brand":[],"product_cat":[355,197,350,353],"product_tag":[363],"class_list":{"0":"post-15029","1":"product","2":"type-product","3":"status-publish","4":"has-post-thumbnail","6":"product_cat-birthday-gifts","7":"product_cat-unique-gifts-for-tea-lovers","8":"product_cat-st-valentines-gifts","9":"product_cat-tea-lovers","10":"product_tag-gift-packs-for-tea-lovers","12":"first","13":"instock","14":"shipping-taxable","15":"purchasable","16":"product-type-simple"},"yoast_head":"<!-- This site is optimized with the Yoast SEO Premium plugin v27.3 (Yoast SEO v27.3) - https:\/\/yoast.com\/product\/yoast-seo-premium-wordpress\/ -->\n<title>Exclusive tea set in test tubes with Love Mug | Semper Tea<\/title>\n<meta name=\"description\" content=\"Romantic gift: Assorted teas in test tubes, Bone China porcelain mug, loose leaf tea filter and recycled tote bag. Full of flavour and elegance.\" \/>\n<meta name=\"robots\" content=\"index, follow, max-snippet:-1, max-image-preview:large, max-video-preview:-1\" \/>\n<link rel=\"canonical\" href=\"https:\/\/www.sempertea.eu\/en\/exclusive-tea-set-in-test-tubes-with-love-mug\/\" \/>\n<meta property=\"og:locale\" content=\"en_US\" \/>\n<meta property=\"og:type\" content=\"article\" \/>\n<meta property=\"og:title\" content=\"Exclusive tea set in test tubes with Love Mug\" \/>\n<meta property=\"og:description\" content=\"Romantic gift: Assorted teas in test tubes, Bone China porcelain mug, loose leaf tea filter and recycled tote bag. Full of flavour and elegance.\" \/>\n<meta property=\"og:url\" content=\"https:\/\/www.sempertea.eu\/en\/exclusive-tea-set-in-test-tubes-with-love-mug\/\" \/>\n<meta property=\"og:site_name\" content=\"Semper Tea | Mayorista y fabricante de T\u00e9s e Infusiones para hoteles, restaurantes y bares\" \/>\n<meta property=\"og:image\" content=\"https:\/\/www.sempertea.eu\/wp-content\/uploads\/2025\/01\/set-exclusivo-de-tes-san-valentin-semper-tea-1.jpg\" \/>\n\t<meta property=\"og:image:width\" content=\"1000\" \/>\n\t<meta property=\"og:image:height\" content=\"1000\" \/>\n\t<meta property=\"og:image:type\" content=\"image\/jpeg\" \/>\n<meta name=\"twitter:card\" content=\"summary_large_image\" \/>\n<script type=\"application\/ld+json\" class=\"yoast-schema-graph\">{\"@context\":\"https:\\\/\\\/schema.org\",\"@graph\":[{\"@type\":\"WebPage\",\"@id\":\"https:\\\/\\\/www.sempertea.eu\\\/en\\\/exclusive-tea-set-in-test-tubes-with-love-mug\\\/\",\"url\":\"https:\\\/\\\/www.sempertea.eu\\\/en\\\/exclusive-tea-set-in-test-tubes-with-love-mug\\\/\",\"name\":\"Exclusive tea set in test tubes with Love Mug | Semper Tea\",\"isPartOf\":{\"@id\":\"https:\\\/\\\/www.sempertea.eu\\\/#website\"},\"primaryImageOfPage\":{\"@id\":\"https:\\\/\\\/www.sempertea.eu\\\/en\\\/exclusive-tea-set-in-test-tubes-with-love-mug\\\/#primaryimage\"},\"image\":{\"@id\":\"https:\\\/\\\/www.sempertea.eu\\\/en\\\/exclusive-tea-set-in-test-tubes-with-love-mug\\\/#primaryimage\"},\"thumbnailUrl\":\"https:\\\/\\\/www.sempertea.eu\\\/wp-content\\\/uploads\\\/2025\\\/01\\\/set-exclusivo-de-tes-san-valentin-semper-tea-1.jpg\",\"datePublished\":\"2025-04-24T15:21:29+00:00\",\"description\":\"Romantic gift: Assorted teas in test tubes, Bone China porcelain mug, loose leaf tea filter and recycled tote bag. Full of flavour and elegance.\",\"breadcrumb\":{\"@id\":\"https:\\\/\\\/www.sempertea.eu\\\/en\\\/exclusive-tea-set-in-test-tubes-with-love-mug\\\/#breadcrumb\"},\"inLanguage\":\"en-US\",\"potentialAction\":[{\"@type\":\"ReadAction\",\"target\":[\"https:\\\/\\\/www.sempertea.eu\\\/en\\\/exclusive-tea-set-in-test-tubes-with-love-mug\\\/\"]}]},{\"@type\":\"ImageObject\",\"inLanguage\":\"en-US\",\"@id\":\"https:\\\/\\\/www.sempertea.eu\\\/en\\\/exclusive-tea-set-in-test-tubes-with-love-mug\\\/#primaryimage\",\"url\":\"https:\\\/\\\/www.sempertea.eu\\\/wp-content\\\/uploads\\\/2025\\\/01\\\/set-exclusivo-de-tes-san-valentin-semper-tea-1.jpg\",\"contentUrl\":\"https:\\\/\\\/www.sempertea.eu\\\/wp-content\\\/uploads\\\/2025\\\/01\\\/set-exclusivo-de-tes-san-valentin-semper-tea-1.jpg\",\"width\":1000,\"height\":1000,\"caption\":\"set exclusivo de tes san valentin semper tea\"},{\"@type\":\"BreadcrumbList\",\"@id\":\"https:\\\/\\\/www.sempertea.eu\\\/en\\\/exclusive-tea-set-in-test-tubes-with-love-mug\\\/#breadcrumb\",\"itemListElement\":[{\"@type\":\"ListItem\",\"position\":1,\"name\":\"Portada\",\"item\":\"https:\\\/\\\/www.sempertea.eu\\\/en\\\/\"},{\"@type\":\"ListItem\",\"position\":2,\"name\":\"Shop\",\"item\":\"https:\\\/\\\/www.sempertea.eu\\\/en\\\/shop\\\/\"},{\"@type\":\"ListItem\",\"position\":3,\"name\":\"Exclusive tea set in test tubes with Love Mug\"}]},{\"@type\":\"WebSite\",\"@id\":\"https:\\\/\\\/www.sempertea.eu\\\/#website\",\"url\":\"https:\\\/\\\/www.sempertea.eu\\\/\",\"name\":\"Semper Tea | Mayorista y fabricante de T\u00e9s e Infusiones para hoteles, restaurantes y bares\",\"description\":\"T\u00e9s e infusiones para hosteler\u00eda, hoteler\u00eda y comercio\",\"potentialAction\":[{\"@type\":\"SearchAction\",\"target\":{\"@type\":\"EntryPoint\",\"urlTemplate\":\"https:\\\/\\\/www.sempertea.eu\\\/?s={search_term_string}\"},\"query-input\":{\"@type\":\"PropertyValueSpecification\",\"valueRequired\":true,\"valueName\":\"search_term_string\"}}],\"inLanguage\":\"en-US\"}]}<\/script>\n<!-- \/ Yoast SEO Premium plugin. -->","yoast_head_json":{"title":"Exclusive tea set in test tubes with Love Mug | Semper Tea","description":"Romantic gift: Assorted teas in test tubes, Bone China porcelain mug, loose leaf tea filter and recycled tote bag. Full of flavour and elegance.","robots":{"index":"index","follow":"follow","max-snippet":"max-snippet:-1","max-image-preview":"max-image-preview:large","max-video-preview":"max-video-preview:-1"},"canonical":"https:\/\/www.sempertea.eu\/en\/exclusive-tea-set-in-test-tubes-with-love-mug\/","og_locale":"en_US","og_type":"article","og_title":"Exclusive tea set in test tubes with Love Mug","og_description":"Romantic gift: Assorted teas in test tubes, Bone China porcelain mug, loose leaf tea filter and recycled tote bag. Full of flavour and elegance.","og_url":"https:\/\/www.sempertea.eu\/en\/exclusive-tea-set-in-test-tubes-with-love-mug\/","og_site_name":"Semper Tea | Mayorista y fabricante de T\u00e9s e Infusiones para hoteles, restaurantes y bares","og_image":[{"width":1000,"height":1000,"url":"https:\/\/www.sempertea.eu\/wp-content\/uploads\/2025\/01\/set-exclusivo-de-tes-san-valentin-semper-tea-1.jpg","type":"image\/jpeg"}],"twitter_card":"summary_large_image","schema":{"@context":"https:\/\/schema.org","@graph":[{"@type":"WebPage","@id":"https:\/\/www.sempertea.eu\/en\/exclusive-tea-set-in-test-tubes-with-love-mug\/","url":"https:\/\/www.sempertea.eu\/en\/exclusive-tea-set-in-test-tubes-with-love-mug\/","name":"Exclusive tea set in test tubes with Love Mug | Semper Tea","isPartOf":{"@id":"https:\/\/www.sempertea.eu\/#website"},"primaryImageOfPage":{"@id":"https:\/\/www.sempertea.eu\/en\/exclusive-tea-set-in-test-tubes-with-love-mug\/#primaryimage"},"image":{"@id":"https:\/\/www.sempertea.eu\/en\/exclusive-tea-set-in-test-tubes-with-love-mug\/#primaryimage"},"thumbnailUrl":"https:\/\/www.sempertea.eu\/wp-content\/uploads\/2025\/01\/set-exclusivo-de-tes-san-valentin-semper-tea-1.jpg","datePublished":"2025-04-24T15:21:29+00:00","description":"Romantic gift: Assorted teas in test tubes, Bone China porcelain mug, loose leaf tea filter and recycled tote bag. Full of flavour and elegance.","breadcrumb":{"@id":"https:\/\/www.sempertea.eu\/en\/exclusive-tea-set-in-test-tubes-with-love-mug\/#breadcrumb"},"inLanguage":"en-US","potentialAction":[{"@type":"ReadAction","target":["https:\/\/www.sempertea.eu\/en\/exclusive-tea-set-in-test-tubes-with-love-mug\/"]}]},{"@type":"ImageObject","inLanguage":"en-US","@id":"https:\/\/www.sempertea.eu\/en\/exclusive-tea-set-in-test-tubes-with-love-mug\/#primaryimage","url":"https:\/\/www.sempertea.eu\/wp-content\/uploads\/2025\/01\/set-exclusivo-de-tes-san-valentin-semper-tea-1.jpg","contentUrl":"https:\/\/www.sempertea.eu\/wp-content\/uploads\/2025\/01\/set-exclusivo-de-tes-san-valentin-semper-tea-1.jpg","width":1000,"height":1000,"caption":"set exclusivo de tes san valentin semper tea"},{"@type":"BreadcrumbList","@id":"https:\/\/www.sempertea.eu\/en\/exclusive-tea-set-in-test-tubes-with-love-mug\/#breadcrumb","itemListElement":[{"@type":"ListItem","position":1,"name":"Portada","item":"https:\/\/www.sempertea.eu\/en\/"},{"@type":"ListItem","position":2,"name":"Shop","item":"https:\/\/www.sempertea.eu\/en\/shop\/"},{"@type":"ListItem","position":3,"name":"Exclusive tea set in test tubes with Love Mug"}]},{"@type":"WebSite","@id":"https:\/\/www.sempertea.eu\/#website","url":"https:\/\/www.sempertea.eu\/","name":"Semper Tea | Mayorista y fabricante de T\u00e9s e Infusiones para hoteles, restaurantes y bares","description":"T\u00e9s e infusiones para hosteler\u00eda, hoteler\u00eda y comercio","potentialAction":[{"@type":"SearchAction","target":{"@type":"EntryPoint","urlTemplate":"https:\/\/www.sempertea.eu\/?s={search_term_string}"},"query-input":{"@type":"PropertyValueSpecification","valueRequired":true,"valueName":"search_term_string"}}],"inLanguage":"en-US"}]}},"_links":{"self":[{"href":"https:\/\/www.sempertea.eu\/en\/wp-json\/wp\/v2\/product\/15029","targetHints":{"allow":["GET"]}}],"collection":[{"href":"https:\/\/www.sempertea.eu\/en\/wp-json\/wp\/v2\/product"}],"about":[{"href":"https:\/\/www.sempertea.eu\/en\/wp-json\/wp\/v2\/types\/product"}],"replies":[{"embeddable":true,"href":"https:\/\/www.sempertea.eu\/en\/wp-json\/wp\/v2\/comments?post=15029"}],"wp:featuredmedia":[{"embeddable":true,"href":"https:\/\/www.sempertea.eu\/en\/wp-json\/wp\/v2\/media\/13964"}],"wp:attachment":[{"href":"https:\/\/www.sempertea.eu\/en\/wp-json\/wp\/v2\/media?parent=15029"}],"wp:term":[{"taxonomy":"product_brand","embeddable":true,"href":"https:\/\/www.sempertea.eu\/en\/wp-json\/wp\/v2\/product_brand?post=15029"},{"taxonomy":"product_cat","embeddable":true,"href":"https:\/\/www.sempertea.eu\/en\/wp-json\/wp\/v2\/product_cat?post=15029"},{"taxonomy":"product_tag","embeddable":true,"href":"https:\/\/www.sempertea.eu\/en\/wp-json\/wp\/v2\/product_tag?post=15029"}],"curies":[{"name":"wp","href":"https:\/\/api.w.org\/{rel}","templated":true}]}}