{"id":14766,"date":"2025-04-07T14:18:39","date_gmt":"2025-04-07T12:18:39","guid":{"rendered":"https:\/\/www.sempertea.eu\/japanese-matcha-40gr-tin\/"},"modified":"2025-04-24T16:17:17","modified_gmt":"2025-04-24T14:17:17","slug":"japanese-matcha-40gr-tin","status":"publish","type":"product","link":"https:\/\/www.sempertea.eu\/en\/japanese-matcha-40gr-tin\/","title":{"rendered":"Japanese matcha | 40gr tin"},"content":{"rendered":"<p class=\"\" data-start=\"50\" data-end=\"525\"><strong data-start=\"78\" data-end=\"92\">Semper Tea&#8217;s<\/strong> <strong data-start=\"53\" data-end=\"74\">Japanese Matcha Tea<\/strong> is an ideal option for those looking to enjoy the benefits of a matcha cup of tea in their daily lives.<\/p>\n<p class=\"\" data-start=\"50\" data-end=\"525\">Sourced from selected plantations in Japan, this high-quality ground green tea is made from leaves that are carefully cultivated and processed to maintain all their properties. It has an intense flavor, with slightly bitter notes and a characteristic vegetal touch, ideal for both drinks and culinary recipes. <\/p>\n<h2 data-start=\"527\" data-end=\"576\">A superfood full of benefits<\/h2>\n<p class=\"\" data-start=\"577\" data-end=\"885\">Matcha is known for its high <strong data-start=\"624\" data-end=\"641\">antioxidant <\/strong>content, which helps to fight free radicals and promotes general well-being. It is also rich in<strong data-start=\"739\" data-end=\"752\"> L-theanine<\/strong>, an amino acid that improves concentration and relaxation without generating nervousness, providing stable and long-lasting energy. <\/p>\n<ul>\n<li data-start=\"935\" data-end=\"1198\">This matcha is perfect for preparing in many different ways:<\/li>\n<li data-start=\"935\" data-end=\"1198\">Enjoy it as a <strong data-start=\"1015\" data-end=\"1033\">traditional tea <\/strong>mixed with hot water.<\/li>\n<li data-start=\"935\" data-end=\"1198\">Add it to <strong data-start=\"1076\" data-end=\"1099\">smoothies and shakes<\/strong> for an extra boost of vitality.<\/li>\n<li data-start=\"935\" data-end=\"1198\">Use it in recipes such as <strong data-start=\"1154\" data-end=\"1195\">lattes, desserts, ice cream or pastries.<\/strong><\/li>\n<\/ul>\n<h2 data-start=\"1200\" data-end=\"1244\">Top quality and practical presentation<\/h2>\n<p class=\"\" data-start=\"1245\" data-end=\"1479\">It comes in a <strong data-start=\"1266\" data-end=\"1274\">40 gr <\/strong>tin, ideal for preserving its freshness and enjoying it at any time. Thanks to its presentation, you can easily measure out the right amount for each preparation and take advantage of all its benefits without losing quality. <\/p>\n<p class=\"\" data-start=\"1481\" data-end=\"1664\">Incorporate <strong data-start=\"78\" data-end=\"92\">Semper Tea&#8217;s<\/strong> <strong data-start=\"53\" data-end=\"74\">Japanese Matcha Tea<\/strong> into your routine and enjoy a healthy drink, full of flavor and properties. Place your order now and discover the power of matcha! <\/p>\n","protected":false},"excerpt":{"rendered":"<p>Enjoy authentic <strong data-start=\"126\" data-end=\"154\">Japanese ground matcha tea<\/strong> from <strong data-start=\"158\" data-end=\"172\">Semper Tea<\/strong>, perfect for making delicious <strong data-start=\"208\" data-end=\"218\">lattes<\/strong>, <strong data-start=\"220\" data-end=\"233\">smoothies <\/strong>and <strong data-start=\"247\" data-end=\"266\">creative recipes<\/strong>.<\/p>\n<p><strong>Ungef\u00e4hre Dauer<\/strong>: 40 Tage.<\/p>\n<p>With its <strong data-start=\"275\" data-end=\"290\">mild flavor<\/strong> and high <strong data-start=\"314\" data-end=\"331\">antioxidant <\/strong>content, this <strong data-start=\"338\" data-end=\"364\">matcha for baking<\/strong> and drinks offers you <strong data-start=\"385\" data-end=\"404\">natural energy <\/strong>and well-being. Ideal for those looking for quality Japanese <strong data-start=\"444\" data-end=\"464\">green tea <\/strong>and want to b<strong data-start=\"486\" data-end=\"514\">uy matcha tea online <\/strong>easily and safely. <\/p>\n<ul>\n<li>Rich in antioxidants and sustainable energy.<\/li>\n<li>Helps concentration without anxiety peaks.<\/li>\n<li>Versatile for tea, lattes, smoothies and desserts.<\/li>\n<\/ul>\n","protected":false},"featured_media":16166,"comment_status":"open","ping_status":"closed","template":"","meta":[],"product_brand":[],"product_cat":[163,155,165,157,160,161,162,218,191,196],"product_tag":[259],"class_list":{"0":"post-14766","1":"product","2":"type-product","3":"status-publish","4":"has-post-thumbnail","6":"product_cat-product-brochure-of-tea","7":"product_cat-types-of-tea-packaging","8":"product_cat-buy-green-tea-online-at-best-prices-high-quality","9":"product_cat-premium-ceremonial-matcha-tea","10":"product_cat-teas-and-tisanes-organic-buy-online","11":"product_cat-exclusive-tea-line","12":"product_cat-todos-en","13":"product_cat-uncategorized-en","14":"product_cat-buy-organic-loose-teas-tisanes-in-bulk","15":"product_cat-tea-pyramid-bags-bulk-compostable-eco-friendly-tea-brands","16":"product_tag-lava40-en","18":"first","19":"instock","20":"shipping-taxable","21":"purchasable","22":"product-type-simple"},"yoast_head":"<!-- This site is optimized with the Yoast SEO Premium plugin v25.9 (Yoast SEO v25.9) - https:\/\/yoast.com\/wordpress\/plugins\/seo\/ -->\n<title>Japanese ground Matcha tea for lattes, smoothies and cooking<\/title>\n<meta name=\"description\" content=\"Authentic ground Japanese matcha tea. Ideal for making lattes, smoothies and creative recipes. Mild flavor, full of antioxidants and natural energy.\" \/>\n<meta name=\"robots\" content=\"index, follow, max-snippet:-1, max-image-preview:large, max-video-preview:-1\" \/>\n<link rel=\"canonical\" href=\"https:\/\/www.sempertea.eu\/en\/japanese-matcha-40gr-tin\/\" \/>\n<meta property=\"og:locale\" content=\"en_US\" \/>\n<meta property=\"og:type\" content=\"article\" \/>\n<meta property=\"og:title\" content=\"Japanese matcha | 40gr tin\" \/>\n<meta property=\"og:description\" content=\"Authentic ground Japanese matcha tea. Ideal for making lattes, smoothies and creative recipes. Mild flavor, full of antioxidants and natural energy.\" \/>\n<meta property=\"og:url\" content=\"https:\/\/www.sempertea.eu\/en\/japanese-matcha-40gr-tin\/\" \/>\n<meta property=\"og:site_name\" content=\"Semper Tea | Mayorista y fabricante de T\u00e9s e Infusiones para hoteles, restaurantes y bares\" \/>\n<meta property=\"article:modified_time\" content=\"2025-04-24T14:17:17+00:00\" \/>\n<meta property=\"og:image\" content=\"https:\/\/www.sempertea.eu\/wp-content\/uploads\/2025\/03\/te-japones-matcha-semper-tea.jpg\" \/>\n\t<meta property=\"og:image:width\" content=\"1000\" \/>\n\t<meta property=\"og:image:height\" content=\"1000\" \/>\n\t<meta property=\"og:image:type\" content=\"image\/jpeg\" \/>\n<meta name=\"twitter:card\" content=\"summary_large_image\" \/>\n<meta name=\"twitter:label1\" content=\"Est. reading time\" \/>\n\t<meta name=\"twitter:data1\" content=\"1 minute\" \/>\n<script type=\"application\/ld+json\" class=\"yoast-schema-graph\">{\"@context\":\"https:\/\/schema.org\",\"@graph\":[{\"@type\":\"WebPage\",\"@id\":\"https:\/\/www.sempertea.eu\/en\/japanese-matcha-40gr-tin\/\",\"url\":\"https:\/\/www.sempertea.eu\/en\/japanese-matcha-40gr-tin\/\",\"name\":\"Japanese ground Matcha tea for lattes, smoothies and cooking\",\"isPartOf\":{\"@id\":\"https:\/\/www.sempertea.eu\/#website\"},\"primaryImageOfPage\":{\"@id\":\"https:\/\/www.sempertea.eu\/en\/japanese-matcha-40gr-tin\/#primaryimage\"},\"image\":{\"@id\":\"https:\/\/www.sempertea.eu\/en\/japanese-matcha-40gr-tin\/#primaryimage\"},\"thumbnailUrl\":\"https:\/\/www.sempertea.eu\/wp-content\/uploads\/2025\/06\/lata-te-matcha-ecologico-polvo-semper-tea.jpg\",\"datePublished\":\"2025-04-07T12:18:39+00:00\",\"dateModified\":\"2025-04-24T14:17:17+00:00\",\"description\":\"Authentic ground Japanese matcha tea. Ideal for making lattes, smoothies and creative recipes. Mild flavor, full of antioxidants and natural energy.\",\"breadcrumb\":{\"@id\":\"https:\/\/www.sempertea.eu\/en\/japanese-matcha-40gr-tin\/#breadcrumb\"},\"inLanguage\":\"en-US\",\"potentialAction\":[{\"@type\":\"ReadAction\",\"target\":[\"https:\/\/www.sempertea.eu\/en\/japanese-matcha-40gr-tin\/\"]}]},{\"@type\":\"ImageObject\",\"inLanguage\":\"en-US\",\"@id\":\"https:\/\/www.sempertea.eu\/en\/japanese-matcha-40gr-tin\/#primaryimage\",\"url\":\"https:\/\/www.sempertea.eu\/wp-content\/uploads\/2025\/06\/lata-te-matcha-ecologico-polvo-semper-tea.jpg\",\"contentUrl\":\"https:\/\/www.sempertea.eu\/wp-content\/uploads\/2025\/06\/lata-te-matcha-ecologico-polvo-semper-tea.jpg\",\"width\":1000,\"height\":1000,\"caption\":\"lata te matcha ecologico polvo semper tea\"},{\"@type\":\"BreadcrumbList\",\"@id\":\"https:\/\/www.sempertea.eu\/en\/japanese-matcha-40gr-tin\/#breadcrumb\",\"itemListElement\":[{\"@type\":\"ListItem\",\"position\":1,\"name\":\"Portada\",\"item\":\"https:\/\/www.sempertea.eu\/en\/\"},{\"@type\":\"ListItem\",\"position\":2,\"name\":\"Shop\",\"item\":\"https:\/\/www.sempertea.eu\/en\/shop\/\"},{\"@type\":\"ListItem\",\"position\":3,\"name\":\"Japanese matcha | 40gr tin\"}]},{\"@type\":\"WebSite\",\"@id\":\"https:\/\/www.sempertea.eu\/#website\",\"url\":\"https:\/\/www.sempertea.eu\/\",\"name\":\"Semper Tea | Mayorista y fabricante de T\u00e9s e Infusiones para hoteles, restaurantes y bares\",\"description\":\"T\u00e9s e infusiones para hosteler\u00eda, hoteler\u00eda y comercio\",\"potentialAction\":[{\"@type\":\"SearchAction\",\"target\":{\"@type\":\"EntryPoint\",\"urlTemplate\":\"https:\/\/www.sempertea.eu\/?s={search_term_string}\"},\"query-input\":{\"@type\":\"PropertyValueSpecification\",\"valueRequired\":true,\"valueName\":\"search_term_string\"}}],\"inLanguage\":\"en-US\"}]}<\/script>\n<!-- \/ Yoast SEO Premium plugin. -->","yoast_head_json":{"title":"Japanese ground Matcha tea for lattes, smoothies and cooking","description":"Authentic ground Japanese matcha tea. Ideal for making lattes, smoothies and creative recipes. Mild flavor, full of antioxidants and natural energy.","robots":{"index":"index","follow":"follow","max-snippet":"max-snippet:-1","max-image-preview":"max-image-preview:large","max-video-preview":"max-video-preview:-1"},"canonical":"https:\/\/www.sempertea.eu\/en\/japanese-matcha-40gr-tin\/","og_locale":"en_US","og_type":"article","og_title":"Japanese matcha | 40gr tin","og_description":"Authentic ground Japanese matcha tea. Ideal for making lattes, smoothies and creative recipes. Mild flavor, full of antioxidants and natural energy.","og_url":"https:\/\/www.sempertea.eu\/en\/japanese-matcha-40gr-tin\/","og_site_name":"Semper Tea | Mayorista y fabricante de T\u00e9s e Infusiones para hoteles, restaurantes y bares","article_modified_time":"2025-04-24T14:17:17+00:00","og_image":[{"width":1000,"height":1000,"url":"https:\/\/www.sempertea.eu\/wp-content\/uploads\/2025\/03\/te-japones-matcha-semper-tea.jpg","type":"image\/jpeg"}],"twitter_card":"summary_large_image","twitter_misc":{"Est. reading time":"1 minute"},"schema":{"@context":"https:\/\/schema.org","@graph":[{"@type":"WebPage","@id":"https:\/\/www.sempertea.eu\/en\/japanese-matcha-40gr-tin\/","url":"https:\/\/www.sempertea.eu\/en\/japanese-matcha-40gr-tin\/","name":"Japanese ground Matcha tea for lattes, smoothies and cooking","isPartOf":{"@id":"https:\/\/www.sempertea.eu\/#website"},"primaryImageOfPage":{"@id":"https:\/\/www.sempertea.eu\/en\/japanese-matcha-40gr-tin\/#primaryimage"},"image":{"@id":"https:\/\/www.sempertea.eu\/en\/japanese-matcha-40gr-tin\/#primaryimage"},"thumbnailUrl":"https:\/\/www.sempertea.eu\/wp-content\/uploads\/2025\/06\/lata-te-matcha-ecologico-polvo-semper-tea.jpg","datePublished":"2025-04-07T12:18:39+00:00","dateModified":"2025-04-24T14:17:17+00:00","description":"Authentic ground Japanese matcha tea. Ideal for making lattes, smoothies and creative recipes. Mild flavor, full of antioxidants and natural energy.","breadcrumb":{"@id":"https:\/\/www.sempertea.eu\/en\/japanese-matcha-40gr-tin\/#breadcrumb"},"inLanguage":"en-US","potentialAction":[{"@type":"ReadAction","target":["https:\/\/www.sempertea.eu\/en\/japanese-matcha-40gr-tin\/"]}]},{"@type":"ImageObject","inLanguage":"en-US","@id":"https:\/\/www.sempertea.eu\/en\/japanese-matcha-40gr-tin\/#primaryimage","url":"https:\/\/www.sempertea.eu\/wp-content\/uploads\/2025\/06\/lata-te-matcha-ecologico-polvo-semper-tea.jpg","contentUrl":"https:\/\/www.sempertea.eu\/wp-content\/uploads\/2025\/06\/lata-te-matcha-ecologico-polvo-semper-tea.jpg","width":1000,"height":1000,"caption":"lata te matcha ecologico polvo semper tea"},{"@type":"BreadcrumbList","@id":"https:\/\/www.sempertea.eu\/en\/japanese-matcha-40gr-tin\/#breadcrumb","itemListElement":[{"@type":"ListItem","position":1,"name":"Portada","item":"https:\/\/www.sempertea.eu\/en\/"},{"@type":"ListItem","position":2,"name":"Shop","item":"https:\/\/www.sempertea.eu\/en\/shop\/"},{"@type":"ListItem","position":3,"name":"Japanese matcha | 40gr tin"}]},{"@type":"WebSite","@id":"https:\/\/www.sempertea.eu\/#website","url":"https:\/\/www.sempertea.eu\/","name":"Semper Tea | Mayorista y fabricante de T\u00e9s e Infusiones para hoteles, restaurantes y bares","description":"T\u00e9s e infusiones para hosteler\u00eda, hoteler\u00eda y comercio","potentialAction":[{"@type":"SearchAction","target":{"@type":"EntryPoint","urlTemplate":"https:\/\/www.sempertea.eu\/?s={search_term_string}"},"query-input":{"@type":"PropertyValueSpecification","valueRequired":true,"valueName":"search_term_string"}}],"inLanguage":"en-US"}]}},"_links":{"self":[{"href":"https:\/\/www.sempertea.eu\/en\/wp-json\/wp\/v2\/product\/14766","targetHints":{"allow":["GET"]}}],"collection":[{"href":"https:\/\/www.sempertea.eu\/en\/wp-json\/wp\/v2\/product"}],"about":[{"href":"https:\/\/www.sempertea.eu\/en\/wp-json\/wp\/v2\/types\/product"}],"replies":[{"embeddable":true,"href":"https:\/\/www.sempertea.eu\/en\/wp-json\/wp\/v2\/comments?post=14766"}],"wp:featuredmedia":[{"embeddable":true,"href":"https:\/\/www.sempertea.eu\/en\/wp-json\/wp\/v2\/media\/16166"}],"wp:attachment":[{"href":"https:\/\/www.sempertea.eu\/en\/wp-json\/wp\/v2\/media?parent=14766"}],"wp:term":[{"taxonomy":"product_brand","embeddable":true,"href":"https:\/\/www.sempertea.eu\/en\/wp-json\/wp\/v2\/product_brand?post=14766"},{"taxonomy":"product_cat","embeddable":true,"href":"https:\/\/www.sempertea.eu\/en\/wp-json\/wp\/v2\/product_cat?post=14766"},{"taxonomy":"product_tag","embeddable":true,"href":"https:\/\/www.sempertea.eu\/en\/wp-json\/wp\/v2\/product_tag?post=14766"}],"curies":[{"name":"wp","href":"https:\/\/api.w.org\/{rel}","templated":true}]}}