{"id":13819,"date":"2025-02-28T17:39:18","date_gmt":"2025-03-05T19:55:27","guid":{"rendered":"https:\/\/www.sempertea.eu\/starter-kit-for-hotels-catering-black-box-pyramid-tea-collection\/"},"modified":"2025-04-07T12:58:39","modified_gmt":"2025-04-07T10:58:39","slug":"starter-kit-for-hotels-catering-black-box-pyramid-tea-collection","status":"publish","type":"product","link":"https:\/\/www.sempertea.eu\/en\/starter-kit-for-hotels-catering-black-box-pyramid-tea-collection\/","title":{"rendered":"Starter Kit for hotels &amp; catering | Black box pyramid tea collection"},"content":{"rendered":"<div class=\"flex max-w-full flex-col flex-grow\">\n<div class=\"min-h-8 text-message relative flex w-full flex-col items-end gap-2 whitespace-normal break-words text-start [.text-message+&amp;]:mt-5\" dir=\"auto\" data-message-author-role=\"assistant\" data-message-id=\"4d9f48ac-69d3-475e-afbc-4fa69303d1ec\" data-message-model-slug=\"gpt-4o\">\n<div class=\"flex w-full flex-col gap-1 empty:hidden first:pt-[3px]\">\n<div class=\"markdown prose w-full break-words dark:prose-invert light\">\n<h2 data-start=\"415\" data-end=\"463\">Quality and professional presentation<\/h2>\n<p data-start=\"70\" data-end=\"413\">Take the tea experience to another level in your caf\u00e9, restaurant or establishment with our exclusive <strong data-start=\"180\" data-end=\"199\">hospitality starter pack from our <a href=\"https:\/\/www.sempertea.eu\/infusiones-libres-de-plastico\/\" target=\"_blank\" rel=\"noopener\">Ambar collection.<\/a><\/strong><\/p>\n<p data-start=\"70\" data-end=\"413\">The pack includes:<\/p>\n<ul>\n<li data-start=\"70\" data-end=\"413\">An <strong data-start=\"226\" data-end=\"246\">elegant six-compartment black tea box,<\/strong><\/li>\n<li data-start=\"70\" data-end=\"413\"><strong data-start=\"249\" data-end=\"280\">270 compostable premium tea pyramids <\/strong>(3 packs with 15 tea envelopes and 6 flavours each)<\/li>\n<li data-start=\"70\" data-end=\"413\">15 tea cards in Spanish, English and German.<\/li>\n<\/ul>\n<p data-start=\"70\" data-end=\"413\">An ideal format to introduce you to our brand and offer your customers a wide variety of organic flavors and aromas in a sophisticated and functional presentation.<\/p>\n<p data-start=\"70\" data-end=\"413\">Measurements: 308 mm x 193 mm x 85 mm.<\/p>\n<p data-start=\"464\" data-end=\"726\">This starter pack is designed for the hospitality industry, guaranteeing an efficient service. The organizer box allows the pyramids to be stored and beautifully displayed, making easier customer\u00b4s choice, encouraging consumption and speeding up the preparation of each infusion. <\/p>\n<h3 data-start=\"728\" data-end=\"782\">Variety of flavours for all tastes<\/h3>\n<p data-start=\"783\" data-end=\"1066\">It includes a careful selection of <strong>premium teas and infusions<\/strong>, perfect for any time of the day. From classic and aromatic teas to fruity and herbal infusions, each pyramid is made with high-quality organic ingredients to guarantee a unique sensory experience. They are completely biodegradable and plastic free.  <\/p>\n<p data-start=\"1374\" data-end=\"1525\" data-is-last-node=\"\" data-is-only-node=\"\">Delight your customers with the perfect cup of tea, crafted for excellence in service with this thoughtfully designed pack. Make every cup unforgettable!<\/p>\n<\/div>\n<\/div>\n<\/div>\n<\/div>\n<div class=\"mb-2 flex gap-3 empty:hidden -ml-2\">\n<div class=\"items-center justify-start rounded-xl p-1 flex\">\n<div class=\"flex items-center\"><\/div>\n<\/div>\n<\/div>\n","protected":false},"excerpt":{"rendered":"<p data-start=\"70\" data-end=\"413\">Elevate the tea experience in your caf\u00e9, restaurant, or establishment with our exclusive <strong data-start=\"180\" data-end=\"199\">Ambar Collection Starter Pack.<\/strong><\/p>\n<p data-start=\"70\" data-end=\"413\">The pack includes:<\/p>\n<ul>\n<li data-start=\"70\" data-end=\"413\">An <strong data-start=\"226\" data-end=\"246\">elegant six-compartment black tea box,<\/strong><\/li>\n<li data-start=\"70\" data-end=\"413\"><strong data-start=\"249\" data-end=\"280\">270 premium tea pyramids <\/strong>(3 boxes with 15 sachets of 6 flavours from the collection)<\/li>\n<li data-start=\"70\" data-end=\"413\">and 15 tea cards in Spanish, English and German.<\/li>\n<\/ul>\n<p data-start=\"70\" data-end=\"413\">The perfect way to discover our brand and delight your customers with a diverse selection of flavors and aromas, all in a sophisticated and practical presentation.<\/p>\n<p data-start=\"70\" data-end=\"413\">Measurements: 308 mm x 193 mm x 85 mm.<\/p>\n","protected":false},"featured_media":13656,"comment_status":"open","ping_status":"closed","template":"","meta":[],"product_brand":[],"product_cat":[187,154,155,160,190,193,161,162],"product_tag":[],"class_list":{"0":"post-13819","1":"product","2":"type-product","3":"status-publish","4":"has-post-thumbnail","6":"product_cat-teas-no-plastic-packaging-organic-bio","7":"product_cat-unique-exclusive-tea-collections","8":"product_cat-types-of-tea-packaging","9":"product_cat-teas-and-tisanes-organic-buy-online","10":"product_cat-plastic-free-tea-packaging","11":"product_cat-tea-pyramid-biodegradable","12":"product_cat-exclusive-tea-line","13":"product_cat-todos-en","15":"first","16":"instock","17":"shipping-taxable","18":"purchasable","19":"product-type-simple"},"yoast_head":"<!-- This site is optimized with the Yoast SEO Premium plugin v27.3 (Yoast SEO v27.4) - https:\/\/yoast.com\/product\/yoast-seo-premium-wordpress\/ -->\n<title>Tea Premium Starter Kit for hotels &amp; catering | Black box pyramid tea collection<\/title>\n<meta name=\"description\" content=\"Elevate the tea experience in your caf\u00e9, restaurant, or venue with our exclusive Hospitality Starter Pack.\" \/>\n<meta name=\"robots\" content=\"index, follow, max-snippet:-1, max-image-preview:large, max-video-preview:-1\" \/>\n<link rel=\"canonical\" href=\"https:\/\/www.sempertea.eu\/en\/starter-kit-for-hotels-catering-black-box-pyramid-tea-collection\/\" \/>\n<meta property=\"og:locale\" content=\"en_US\" \/>\n<meta property=\"og:type\" content=\"article\" \/>\n<meta property=\"og:title\" content=\"Starter Kit for hotels &amp; catering | Black box pyramid tea collection\" \/>\n<meta property=\"og:description\" content=\"Elevate the tea experience in your caf\u00e9, restaurant, or venue with our exclusive Hospitality Starter Pack.\" \/>\n<meta property=\"og:url\" content=\"https:\/\/www.sempertea.eu\/en\/starter-kit-for-hotels-catering-black-box-pyramid-tea-collection\/\" \/>\n<meta property=\"og:site_name\" content=\"Semper Tea | Mayorista y fabricante de T\u00e9s e Infusiones para hoteles, restaurantes y bares\" \/>\n<meta property=\"article:modified_time\" content=\"2025-04-07T10:58:39+00:00\" \/>\n<meta property=\"og:image\" content=\"https:\/\/www.sempertea.eu\/wp-content\/uploads\/2025\/02\/pack-de-inicio-te-ecologico-para-horeca.jpg\" \/>\n\t<meta property=\"og:image:width\" content=\"1000\" \/>\n\t<meta property=\"og:image:height\" content=\"1000\" \/>\n\t<meta property=\"og:image:type\" content=\"image\/jpeg\" \/>\n<meta name=\"twitter:card\" content=\"summary_large_image\" \/>\n<meta name=\"twitter:label1\" content=\"Est. reading time\" \/>\n\t<meta name=\"twitter:data1\" content=\"2 minutes\" \/>\n<script type=\"application\/ld+json\" class=\"yoast-schema-graph\">{\"@context\":\"https:\\\/\\\/schema.org\",\"@graph\":[{\"@type\":\"WebPage\",\"@id\":\"https:\\\/\\\/www.sempertea.eu\\\/en\\\/starter-kit-for-hotels-catering-black-box-pyramid-tea-collection\\\/\",\"url\":\"https:\\\/\\\/www.sempertea.eu\\\/en\\\/starter-kit-for-hotels-catering-black-box-pyramid-tea-collection\\\/\",\"name\":\"Tea Premium Starter Kit for hotels & catering | Black box pyramid tea collection\",\"isPartOf\":{\"@id\":\"https:\\\/\\\/www.sempertea.eu\\\/#website\"},\"primaryImageOfPage\":{\"@id\":\"https:\\\/\\\/www.sempertea.eu\\\/en\\\/starter-kit-for-hotels-catering-black-box-pyramid-tea-collection\\\/#primaryimage\"},\"image\":{\"@id\":\"https:\\\/\\\/www.sempertea.eu\\\/en\\\/starter-kit-for-hotels-catering-black-box-pyramid-tea-collection\\\/#primaryimage\"},\"thumbnailUrl\":\"https:\\\/\\\/www.sempertea.eu\\\/wp-content\\\/uploads\\\/2025\\\/02\\\/pack-de-inicio-te-ecologico-para-horeca.jpg\",\"datePublished\":\"2025-03-05T19:55:27+00:00\",\"dateModified\":\"2025-04-07T10:58:39+00:00\",\"description\":\"Elevate the tea experience in your caf\u00e9, restaurant, or venue with our exclusive Hospitality Starter Pack.\",\"breadcrumb\":{\"@id\":\"https:\\\/\\\/www.sempertea.eu\\\/en\\\/starter-kit-for-hotels-catering-black-box-pyramid-tea-collection\\\/#breadcrumb\"},\"inLanguage\":\"en-US\",\"potentialAction\":[{\"@type\":\"ReadAction\",\"target\":[\"https:\\\/\\\/www.sempertea.eu\\\/en\\\/starter-kit-for-hotels-catering-black-box-pyramid-tea-collection\\\/\"]}]},{\"@type\":\"ImageObject\",\"inLanguage\":\"en-US\",\"@id\":\"https:\\\/\\\/www.sempertea.eu\\\/en\\\/starter-kit-for-hotels-catering-black-box-pyramid-tea-collection\\\/#primaryimage\",\"url\":\"https:\\\/\\\/www.sempertea.eu\\\/wp-content\\\/uploads\\\/2025\\\/02\\\/pack-de-inicio-te-ecologico-para-horeca.jpg\",\"contentUrl\":\"https:\\\/\\\/www.sempertea.eu\\\/wp-content\\\/uploads\\\/2025\\\/02\\\/pack-de-inicio-te-ecologico-para-horeca.jpg\",\"width\":1000,\"height\":1000,\"caption\":\"pack de inicio te ecologico para Horeca\"},{\"@type\":\"BreadcrumbList\",\"@id\":\"https:\\\/\\\/www.sempertea.eu\\\/en\\\/starter-kit-for-hotels-catering-black-box-pyramid-tea-collection\\\/#breadcrumb\",\"itemListElement\":[{\"@type\":\"ListItem\",\"position\":1,\"name\":\"Portada\",\"item\":\"https:\\\/\\\/www.sempertea.eu\\\/en\\\/\"},{\"@type\":\"ListItem\",\"position\":2,\"name\":\"Shop\",\"item\":\"https:\\\/\\\/www.sempertea.eu\\\/en\\\/shop\\\/\"},{\"@type\":\"ListItem\",\"position\":3,\"name\":\"Starter Kit for hotels &amp; catering | Black box pyramid tea collection\"}]},{\"@type\":\"WebSite\",\"@id\":\"https:\\\/\\\/www.sempertea.eu\\\/#website\",\"url\":\"https:\\\/\\\/www.sempertea.eu\\\/\",\"name\":\"Semper Tea | Mayorista y fabricante de T\u00e9s e Infusiones para hoteles, restaurantes y bares\",\"description\":\"T\u00e9s e infusiones para hosteler\u00eda, hoteler\u00eda y comercio\",\"potentialAction\":[{\"@type\":\"SearchAction\",\"target\":{\"@type\":\"EntryPoint\",\"urlTemplate\":\"https:\\\/\\\/www.sempertea.eu\\\/?s={search_term_string}\"},\"query-input\":{\"@type\":\"PropertyValueSpecification\",\"valueRequired\":true,\"valueName\":\"search_term_string\"}}],\"inLanguage\":\"en-US\"}]}<\/script>\n<!-- \/ Yoast SEO Premium plugin. -->","yoast_head_json":{"title":"Tea Premium Starter Kit for hotels & catering | Black box pyramid tea collection","description":"Elevate the tea experience in your caf\u00e9, restaurant, or venue with our exclusive Hospitality Starter Pack.","robots":{"index":"index","follow":"follow","max-snippet":"max-snippet:-1","max-image-preview":"max-image-preview:large","max-video-preview":"max-video-preview:-1"},"canonical":"https:\/\/www.sempertea.eu\/en\/starter-kit-for-hotels-catering-black-box-pyramid-tea-collection\/","og_locale":"en_US","og_type":"article","og_title":"Starter Kit for hotels &amp; catering | Black box pyramid tea collection","og_description":"Elevate the tea experience in your caf\u00e9, restaurant, or venue with our exclusive Hospitality Starter Pack.","og_url":"https:\/\/www.sempertea.eu\/en\/starter-kit-for-hotels-catering-black-box-pyramid-tea-collection\/","og_site_name":"Semper Tea | Mayorista y fabricante de T\u00e9s e Infusiones para hoteles, restaurantes y bares","article_modified_time":"2025-04-07T10:58:39+00:00","og_image":[{"width":1000,"height":1000,"url":"https:\/\/www.sempertea.eu\/wp-content\/uploads\/2025\/02\/pack-de-inicio-te-ecologico-para-horeca.jpg","type":"image\/jpeg"}],"twitter_card":"summary_large_image","twitter_misc":{"Est. reading time":"2 minutes"},"schema":{"@context":"https:\/\/schema.org","@graph":[{"@type":"WebPage","@id":"https:\/\/www.sempertea.eu\/en\/starter-kit-for-hotels-catering-black-box-pyramid-tea-collection\/","url":"https:\/\/www.sempertea.eu\/en\/starter-kit-for-hotels-catering-black-box-pyramid-tea-collection\/","name":"Tea Premium Starter Kit for hotels & catering | Black box pyramid tea collection","isPartOf":{"@id":"https:\/\/www.sempertea.eu\/#website"},"primaryImageOfPage":{"@id":"https:\/\/www.sempertea.eu\/en\/starter-kit-for-hotels-catering-black-box-pyramid-tea-collection\/#primaryimage"},"image":{"@id":"https:\/\/www.sempertea.eu\/en\/starter-kit-for-hotels-catering-black-box-pyramid-tea-collection\/#primaryimage"},"thumbnailUrl":"https:\/\/www.sempertea.eu\/wp-content\/uploads\/2025\/02\/pack-de-inicio-te-ecologico-para-horeca.jpg","datePublished":"2025-03-05T19:55:27+00:00","dateModified":"2025-04-07T10:58:39+00:00","description":"Elevate the tea experience in your caf\u00e9, restaurant, or venue with our exclusive Hospitality Starter Pack.","breadcrumb":{"@id":"https:\/\/www.sempertea.eu\/en\/starter-kit-for-hotels-catering-black-box-pyramid-tea-collection\/#breadcrumb"},"inLanguage":"en-US","potentialAction":[{"@type":"ReadAction","target":["https:\/\/www.sempertea.eu\/en\/starter-kit-for-hotels-catering-black-box-pyramid-tea-collection\/"]}]},{"@type":"ImageObject","inLanguage":"en-US","@id":"https:\/\/www.sempertea.eu\/en\/starter-kit-for-hotels-catering-black-box-pyramid-tea-collection\/#primaryimage","url":"https:\/\/www.sempertea.eu\/wp-content\/uploads\/2025\/02\/pack-de-inicio-te-ecologico-para-horeca.jpg","contentUrl":"https:\/\/www.sempertea.eu\/wp-content\/uploads\/2025\/02\/pack-de-inicio-te-ecologico-para-horeca.jpg","width":1000,"height":1000,"caption":"pack de inicio te ecologico para Horeca"},{"@type":"BreadcrumbList","@id":"https:\/\/www.sempertea.eu\/en\/starter-kit-for-hotels-catering-black-box-pyramid-tea-collection\/#breadcrumb","itemListElement":[{"@type":"ListItem","position":1,"name":"Portada","item":"https:\/\/www.sempertea.eu\/en\/"},{"@type":"ListItem","position":2,"name":"Shop","item":"https:\/\/www.sempertea.eu\/en\/shop\/"},{"@type":"ListItem","position":3,"name":"Starter Kit for hotels &amp; catering | Black box pyramid tea collection"}]},{"@type":"WebSite","@id":"https:\/\/www.sempertea.eu\/#website","url":"https:\/\/www.sempertea.eu\/","name":"Semper Tea | Mayorista y fabricante de T\u00e9s e Infusiones para hoteles, restaurantes y bares","description":"T\u00e9s e infusiones para hosteler\u00eda, hoteler\u00eda y comercio","potentialAction":[{"@type":"SearchAction","target":{"@type":"EntryPoint","urlTemplate":"https:\/\/www.sempertea.eu\/?s={search_term_string}"},"query-input":{"@type":"PropertyValueSpecification","valueRequired":true,"valueName":"search_term_string"}}],"inLanguage":"en-US"}]}},"_links":{"self":[{"href":"https:\/\/www.sempertea.eu\/en\/wp-json\/wp\/v2\/product\/13819","targetHints":{"allow":["GET"]}}],"collection":[{"href":"https:\/\/www.sempertea.eu\/en\/wp-json\/wp\/v2\/product"}],"about":[{"href":"https:\/\/www.sempertea.eu\/en\/wp-json\/wp\/v2\/types\/product"}],"replies":[{"embeddable":true,"href":"https:\/\/www.sempertea.eu\/en\/wp-json\/wp\/v2\/comments?post=13819"}],"wp:featuredmedia":[{"embeddable":true,"href":"https:\/\/www.sempertea.eu\/en\/wp-json\/wp\/v2\/media\/13656"}],"wp:attachment":[{"href":"https:\/\/www.sempertea.eu\/en\/wp-json\/wp\/v2\/media?parent=13819"}],"wp:term":[{"taxonomy":"product_brand","embeddable":true,"href":"https:\/\/www.sempertea.eu\/en\/wp-json\/wp\/v2\/product_brand?post=13819"},{"taxonomy":"product_cat","embeddable":true,"href":"https:\/\/www.sempertea.eu\/en\/wp-json\/wp\/v2\/product_cat?post=13819"},{"taxonomy":"product_tag","embeddable":true,"href":"https:\/\/www.sempertea.eu\/en\/wp-json\/wp\/v2\/product_tag?post=13819"}],"curies":[{"name":"wp","href":"https:\/\/api.w.org\/{rel}","templated":true}]}}