{"id":13526,"date":"2025-02-19T21:26:54","date_gmt":"2025-02-19T20:26:55","guid":{"rendered":"https:\/\/www.sempertea.eu\/?post_type=product&#038;p=13526"},"modified":"2025-04-07T14:04:27","modified_gmt":"2025-04-07T12:04:27","slug":"premium-box-assorted-teas-organic-pyramid-tea","status":"publish","type":"product","link":"https:\/\/www.sempertea.eu\/en\/premium-box-assorted-teas-organic-pyramid-tea\/","title":{"rendered":"Premium Box 36 assorted teas | Plastic-free organic pyramid-shaped tea"},"content":{"rendered":"<h2>Deep flavor and elegance in every infusion<\/h2>\n<p data-start=\"78\" data-end=\"479\">Immerse yourself in the fascinating world of tea with our exclusive premium <strong data-start=\"140\" data-end=\"177\">black box with 36 pyramid teabags<\/strong>, a premium selection designed for the most demanding palates.<\/p>\n<p data-start=\"78\" data-end=\"479\">This box contains a variety of exquisite teas and infusions, carefully packaged in practical biodegradable plastic-free pyramids that allow for a better diffusion of flavors and aromas, providing a unique sensory experience in each cup.<\/p>\n<p data-start=\"531\" data-end=\"932\">It\u00b4s perfect both for <strong>tea lovers <\/strong>and for those who want to discover new flavor combinations. Inside you will find a selection of 6 classic teas, aromatic blends and delicious fruit and herbal infusions. Thanks to its biodegradable pyramid shape, each tea leaf has the ideal space to expand, offering a more intense and balanced infusion.  <\/p>\n<h3 data-start=\"934\" data-end=\"990\">A perfect gift for tea lovers<\/h3>\n<p data-start=\"991\" data-end=\"1432\">If you are looking for a sophisticated and original gift, this tea set is an ideal choice. Its elegant black design adds a touch of class, making it a perfect gift for any occasion: birthdays, anniversaries, Christmas, Mother&#8217;s Day or simply to surprise someone special. Whether for a friend, family member or coworker, this tea set is a delicious way to show appreciation and good taste.  <\/p>\n","protected":false},"excerpt":{"rendered":"<div class=\"product-short-description\">The pleasure of a unique tea experience with our<strong data-start=\"140\" data-end=\"177\"> black box with 36 pyramid teabags.<\/strong><\/div>\n<div><\/div>\n<div class=\"product-short-description\">Designed for lovers of good tea, this elegant box offers a careful <strong>selection of premium herbal teas<\/strong>, each presented in convenient pyramids-shaped bags that allow for optimal release of aromas and flavors.<\/div>\n<div>\n<ul data-start=\"1486\" data-end=\"1764\">\n<li data-start=\"1486\" data-end=\"1541\">Includes <strong>36 premium tea and herbal tea pyramid-shaped teabags<\/strong>.<\/li>\n<li data-start=\"1542\" data-end=\"1618\">A selection of <strong>classic and special flavors<\/strong> for every moment of the day<\/li>\n<li data-start=\"1619\" data-end=\"1685\"><strong>Elegant and sophisticated presentation<\/strong>, perfect as a gift<\/li>\n<li data-start=\"1686\" data-end=\"1764\">Optimal preservation of aroma and flavor due to its<strong> quality packaging<\/strong><\/li>\n<\/ul>\n<p>Measurements: 308 mm x 193 mm x 85 mm.<\/p>\n<\/div>\n","protected":false},"featured_media":13529,"comment_status":"open","ping_status":"closed","template":"","meta":[],"product_brand":[],"product_cat":[163,187,355,354,154,352,197,351,160,190,350,353,162,161],"product_tag":[],"class_list":{"0":"post-13526","1":"product","2":"type-product","3":"status-publish","4":"has-post-thumbnail","6":"product_cat-product-brochure-of-tea","7":"product_cat-teas-no-plastic-packaging-organic-bio","8":"product_cat-birthday-gifts","9":"product_cat-christmas-gifts","10":"product_cat-unique-exclusive-tea-collections","11":"product_cat-fathers-day-ideas","12":"product_cat-unique-gifts-for-tea-lovers","13":"product_cat-mothers-day-packs","14":"product_cat-teas-and-tisanes-organic-buy-online","15":"product_cat-plastic-free-tea-packaging","16":"product_cat-st-valentines-gifts","17":"product_cat-tea-lovers","18":"product_cat-todos-en","19":"product_cat-exclusive-tea-line","21":"first","22":"instock","23":"shipping-taxable","24":"purchasable","25":"product-type-simple"},"yoast_head":"<!-- This site is optimized with the Yoast SEO Premium plugin v27.3 (Yoast SEO v27.3) - https:\/\/yoast.com\/product\/yoast-seo-premium-wordpress\/ -->\n<title>Premium Box 36 assorted pyramid teas, organic and plastic-free<\/title>\n<meta name=\"description\" content=\"Get into the fascinating world of tea with our exclusive black tea box with 36 pyramid teabags, a premium selection for the most demanding palates.\" \/>\n<meta name=\"robots\" content=\"index, follow, max-snippet:-1, max-image-preview:large, max-video-preview:-1\" \/>\n<link rel=\"canonical\" href=\"https:\/\/www.sempertea.eu\/en\/premium-box-assorted-teas-organic-pyramid-tea\/\" \/>\n<meta property=\"og:locale\" content=\"en_US\" \/>\n<meta property=\"og:type\" content=\"article\" \/>\n<meta property=\"og:title\" content=\"Premium Box 36 assorted teas | Plastic-free organic pyramid-shaped tea\" \/>\n<meta property=\"og:description\" content=\"Get into the fascinating world of tea with our exclusive black tea box with 36 pyramid teabags, a premium selection for the most demanding palates.\" \/>\n<meta property=\"og:url\" content=\"https:\/\/www.sempertea.eu\/en\/premium-box-assorted-teas-organic-pyramid-tea\/\" \/>\n<meta property=\"og:site_name\" content=\"Semper Tea | Mayorista y fabricante de T\u00e9s e Infusiones para hoteles, restaurantes y bares\" \/>\n<meta property=\"article:modified_time\" content=\"2025-04-07T12:04:27+00:00\" \/>\n<meta property=\"og:image\" content=\"https:\/\/www.sempertea.eu\/wp-content\/uploads\/2021\/08\/caja-de-madera-de-tes-e-infusiones-organicas-regalo-exclusivo-semper-tea.jpg\" \/>\n<meta name=\"twitter:card\" content=\"summary_large_image\" \/>\n<meta name=\"twitter:label1\" content=\"Est. reading time\" \/>\n\t<meta name=\"twitter:data1\" content=\"2 minutes\" \/>\n<script type=\"application\/ld+json\" class=\"yoast-schema-graph\">{\"@context\":\"https:\\\/\\\/schema.org\",\"@graph\":[{\"@type\":\"WebPage\",\"@id\":\"https:\\\/\\\/www.sempertea.eu\\\/en\\\/premium-box-assorted-teas-organic-pyramid-tea\\\/\",\"url\":\"https:\\\/\\\/www.sempertea.eu\\\/en\\\/premium-box-assorted-teas-organic-pyramid-tea\\\/\",\"name\":\"Premium Box 36 assorted pyramid teas, organic and plastic-free\",\"isPartOf\":{\"@id\":\"https:\\\/\\\/www.sempertea.eu\\\/#website\"},\"primaryImageOfPage\":{\"@id\":\"https:\\\/\\\/www.sempertea.eu\\\/en\\\/premium-box-assorted-teas-organic-pyramid-tea\\\/#primaryimage\"},\"image\":{\"@id\":\"https:\\\/\\\/www.sempertea.eu\\\/en\\\/premium-box-assorted-teas-organic-pyramid-tea\\\/#primaryimage\"},\"thumbnailUrl\":\"https:\\\/\\\/www.sempertea.eu\\\/wp-content\\\/uploads\\\/2025\\\/02\\\/caja-de-te-con-6-compartimentos-semper-tea.jpg\",\"datePublished\":\"2025-02-19T20:26:55+00:00\",\"dateModified\":\"2025-04-07T12:04:27+00:00\",\"description\":\"Get into the fascinating world of tea with our exclusive black tea box with 36 pyramid teabags, a premium selection for the most demanding palates.\",\"breadcrumb\":{\"@id\":\"https:\\\/\\\/www.sempertea.eu\\\/en\\\/premium-box-assorted-teas-organic-pyramid-tea\\\/#breadcrumb\"},\"inLanguage\":\"en-US\",\"potentialAction\":[{\"@type\":\"ReadAction\",\"target\":[\"https:\\\/\\\/www.sempertea.eu\\\/en\\\/premium-box-assorted-teas-organic-pyramid-tea\\\/\"]}]},{\"@type\":\"ImageObject\",\"inLanguage\":\"en-US\",\"@id\":\"https:\\\/\\\/www.sempertea.eu\\\/en\\\/premium-box-assorted-teas-organic-pyramid-tea\\\/#primaryimage\",\"url\":\"https:\\\/\\\/www.sempertea.eu\\\/wp-content\\\/uploads\\\/2025\\\/02\\\/caja-de-te-con-6-compartimentos-semper-tea.jpg\",\"contentUrl\":\"https:\\\/\\\/www.sempertea.eu\\\/wp-content\\\/uploads\\\/2025\\\/02\\\/caja-de-te-con-6-compartimentos-semper-tea.jpg\",\"width\":1000,\"height\":1000,\"caption\":\"caja de te con 6 compartimentos semper tea\"},{\"@type\":\"BreadcrumbList\",\"@id\":\"https:\\\/\\\/www.sempertea.eu\\\/en\\\/premium-box-assorted-teas-organic-pyramid-tea\\\/#breadcrumb\",\"itemListElement\":[{\"@type\":\"ListItem\",\"position\":1,\"name\":\"Portada\",\"item\":\"https:\\\/\\\/www.sempertea.eu\\\/en\\\/\"},{\"@type\":\"ListItem\",\"position\":2,\"name\":\"Shop\",\"item\":\"https:\\\/\\\/www.sempertea.eu\\\/en\\\/shop\\\/\"},{\"@type\":\"ListItem\",\"position\":3,\"name\":\"Premium Box 36 assorted teas | Plastic-free organic pyramid-shaped tea\"}]},{\"@type\":\"WebSite\",\"@id\":\"https:\\\/\\\/www.sempertea.eu\\\/#website\",\"url\":\"https:\\\/\\\/www.sempertea.eu\\\/\",\"name\":\"Semper Tea | Mayorista y fabricante de T\u00e9s e Infusiones para hoteles, restaurantes y bares\",\"description\":\"T\u00e9s e infusiones para hosteler\u00eda, hoteler\u00eda y comercio\",\"potentialAction\":[{\"@type\":\"SearchAction\",\"target\":{\"@type\":\"EntryPoint\",\"urlTemplate\":\"https:\\\/\\\/www.sempertea.eu\\\/?s={search_term_string}\"},\"query-input\":{\"@type\":\"PropertyValueSpecification\",\"valueRequired\":true,\"valueName\":\"search_term_string\"}}],\"inLanguage\":\"en-US\"}]}<\/script>\n<!-- \/ Yoast SEO Premium plugin. -->","yoast_head_json":{"title":"Premium Box 36 assorted pyramid teas, organic and plastic-free","description":"Get into the fascinating world of tea with our exclusive black tea box with 36 pyramid teabags, a premium selection for the most demanding palates.","robots":{"index":"index","follow":"follow","max-snippet":"max-snippet:-1","max-image-preview":"max-image-preview:large","max-video-preview":"max-video-preview:-1"},"canonical":"https:\/\/www.sempertea.eu\/en\/premium-box-assorted-teas-organic-pyramid-tea\/","og_locale":"en_US","og_type":"article","og_title":"Premium Box 36 assorted teas | Plastic-free organic pyramid-shaped tea","og_description":"Get into the fascinating world of tea with our exclusive black tea box with 36 pyramid teabags, a premium selection for the most demanding palates.","og_url":"https:\/\/www.sempertea.eu\/en\/premium-box-assorted-teas-organic-pyramid-tea\/","og_site_name":"Semper Tea | Mayorista y fabricante de T\u00e9s e Infusiones para hoteles, restaurantes y bares","article_modified_time":"2025-04-07T12:04:27+00:00","og_image":[{"url":"https:\/\/www.sempertea.eu\/wp-content\/uploads\/2021\/08\/caja-de-madera-de-tes-e-infusiones-organicas-regalo-exclusivo-semper-tea.jpg","type":"","width":"","height":""}],"twitter_card":"summary_large_image","twitter_misc":{"Est. reading time":"2 minutes"},"schema":{"@context":"https:\/\/schema.org","@graph":[{"@type":"WebPage","@id":"https:\/\/www.sempertea.eu\/en\/premium-box-assorted-teas-organic-pyramid-tea\/","url":"https:\/\/www.sempertea.eu\/en\/premium-box-assorted-teas-organic-pyramid-tea\/","name":"Premium Box 36 assorted pyramid teas, organic and plastic-free","isPartOf":{"@id":"https:\/\/www.sempertea.eu\/#website"},"primaryImageOfPage":{"@id":"https:\/\/www.sempertea.eu\/en\/premium-box-assorted-teas-organic-pyramid-tea\/#primaryimage"},"image":{"@id":"https:\/\/www.sempertea.eu\/en\/premium-box-assorted-teas-organic-pyramid-tea\/#primaryimage"},"thumbnailUrl":"https:\/\/www.sempertea.eu\/wp-content\/uploads\/2025\/02\/caja-de-te-con-6-compartimentos-semper-tea.jpg","datePublished":"2025-02-19T20:26:55+00:00","dateModified":"2025-04-07T12:04:27+00:00","description":"Get into the fascinating world of tea with our exclusive black tea box with 36 pyramid teabags, a premium selection for the most demanding palates.","breadcrumb":{"@id":"https:\/\/www.sempertea.eu\/en\/premium-box-assorted-teas-organic-pyramid-tea\/#breadcrumb"},"inLanguage":"en-US","potentialAction":[{"@type":"ReadAction","target":["https:\/\/www.sempertea.eu\/en\/premium-box-assorted-teas-organic-pyramid-tea\/"]}]},{"@type":"ImageObject","inLanguage":"en-US","@id":"https:\/\/www.sempertea.eu\/en\/premium-box-assorted-teas-organic-pyramid-tea\/#primaryimage","url":"https:\/\/www.sempertea.eu\/wp-content\/uploads\/2025\/02\/caja-de-te-con-6-compartimentos-semper-tea.jpg","contentUrl":"https:\/\/www.sempertea.eu\/wp-content\/uploads\/2025\/02\/caja-de-te-con-6-compartimentos-semper-tea.jpg","width":1000,"height":1000,"caption":"caja de te con 6 compartimentos semper tea"},{"@type":"BreadcrumbList","@id":"https:\/\/www.sempertea.eu\/en\/premium-box-assorted-teas-organic-pyramid-tea\/#breadcrumb","itemListElement":[{"@type":"ListItem","position":1,"name":"Portada","item":"https:\/\/www.sempertea.eu\/en\/"},{"@type":"ListItem","position":2,"name":"Shop","item":"https:\/\/www.sempertea.eu\/en\/shop\/"},{"@type":"ListItem","position":3,"name":"Premium Box 36 assorted teas | Plastic-free organic pyramid-shaped tea"}]},{"@type":"WebSite","@id":"https:\/\/www.sempertea.eu\/#website","url":"https:\/\/www.sempertea.eu\/","name":"Semper Tea | Mayorista y fabricante de T\u00e9s e Infusiones para hoteles, restaurantes y bares","description":"T\u00e9s e infusiones para hosteler\u00eda, hoteler\u00eda y comercio","potentialAction":[{"@type":"SearchAction","target":{"@type":"EntryPoint","urlTemplate":"https:\/\/www.sempertea.eu\/?s={search_term_string}"},"query-input":{"@type":"PropertyValueSpecification","valueRequired":true,"valueName":"search_term_string"}}],"inLanguage":"en-US"}]}},"_links":{"self":[{"href":"https:\/\/www.sempertea.eu\/en\/wp-json\/wp\/v2\/product\/13526","targetHints":{"allow":["GET"]}}],"collection":[{"href":"https:\/\/www.sempertea.eu\/en\/wp-json\/wp\/v2\/product"}],"about":[{"href":"https:\/\/www.sempertea.eu\/en\/wp-json\/wp\/v2\/types\/product"}],"replies":[{"embeddable":true,"href":"https:\/\/www.sempertea.eu\/en\/wp-json\/wp\/v2\/comments?post=13526"}],"wp:featuredmedia":[{"embeddable":true,"href":"https:\/\/www.sempertea.eu\/en\/wp-json\/wp\/v2\/media\/13529"}],"wp:attachment":[{"href":"https:\/\/www.sempertea.eu\/en\/wp-json\/wp\/v2\/media?parent=13526"}],"wp:term":[{"taxonomy":"product_brand","embeddable":true,"href":"https:\/\/www.sempertea.eu\/en\/wp-json\/wp\/v2\/product_brand?post=13526"},{"taxonomy":"product_cat","embeddable":true,"href":"https:\/\/www.sempertea.eu\/en\/wp-json\/wp\/v2\/product_cat?post=13526"},{"taxonomy":"product_tag","embeddable":true,"href":"https:\/\/www.sempertea.eu\/en\/wp-json\/wp\/v2\/product_tag?post=13526"}],"curies":[{"name":"wp","href":"https:\/\/api.w.org\/{rel}","templated":true}]}}