{"id":12403,"date":"2024-11-18T15:52:55","date_gmt":"2024-11-18T14:52:55","guid":{"rendered":"https:\/\/www.sempertea.eu\/matcha-powder-green-tea\/"},"modified":"2025-07-18T19:49:19","modified_gmt":"2025-07-18T17:49:19","slug":"best-matcha-organic-culinary-for-horeca-professionals","status":"publish","type":"product","link":"https:\/\/www.sempertea.eu\/en\/best-matcha-organic-culinary-for-horeca-professionals\/","title":{"rendered":"MATCHA ground culinary | Japanese green tea"},"content":{"rendered":"<h2 data-pm-slice=\"1 1 []\">Organic Culinary Matcha Powder \u2013 Pure Taste, Natural Energy, and Antioxidant Power<\/h2>\n<p>Our organic culinary matcha is crafted from shade-grown green tea, carefully cultivated in the weeks before harvest to develop a rich, dark green color and soft, delicate leaves. After harvesting, the leaves are steamed, dried, and stone-ground into an ultra-fine powder, preserving the vibrant flavor and all the natural benefits of green tea. <\/p>\n<p>Perfect for Horeca professionals looking for quality, versatility, and consistency, our matcha brings depth and brightness to a wide range of recipes.<\/p>\n<ul data-spread=\"false\">\n<li>Available formats: 75 g, 250 g, and 1 kg<\/li>\n<li>Flavor: Smooth with a distinctive bitter edge<\/li>\n<li>Color: Bright, golden green<\/li>\n<li>Ideal for drinks like tea, matcha lattes, smoothies, and also for baking, desserts, and modern culinary creations<\/li>\n<\/ul>\n<h3>Bring an elevated flavor to your menu with this versatile ingredient. Whether served as a warming drink or used in sweet or savory dishes, matcha adds a touch of trend and wellness to your offering.<\/h3>\n<ul data-spread=\"false\">\n<li>How to prepare Matcha or Matcha Latte:<\/li>\n<li>Add 1\/2 to 1 teaspoon (about 1 g) of matcha to a cup.<br \/>Pour in hot water (70\u201380\u00b0C).<\/li>\n<li>Whisk vigorously using a bamboo or handheld whisk until a smooth foam forms.<\/li>\n<li>Adjust the intensity with more hot water as needed.<\/li>\n<\/ul>\n<p>For a matcha latte, simply replace the water with milk or a plant-based alternative, hot or cold.<br \/>Offer your clients a refined, energizing experience with matcha \u2013 perfect for an afternoon boost or a soothing moment of calm. <\/p>\n<p>&nbsp;<\/p>\n","protected":false},"excerpt":{"rendered":"<p><strong>Powerful and complex, with subtle sweetness<\/strong><\/p>\n<p>Enjoy the excellence of Matcha ground green tea of excellent quality, ideal both to prepare drinks and to enrich your recipes. Its characteristic green-gold colour and delicately bitter taste add a unique touch to any dish, sweet or drink, taking your culinary creations to a new level. <\/p>\n<p><strong>1 gram per preparation.<\/strong><\/p>\n<p>Matcha in bulk.<\/p>\n","protected":false},"featured_media":15603,"comment_status":"open","ping_status":"closed","template":"","meta":[],"product_brand":[],"product_cat":[378,163,191,154,155,165,157,160,161,162,218],"product_tag":[],"class_list":{"0":"post-12403","1":"product","2":"type-product","3":"status-publish","4":"has-post-thumbnail","6":"product_cat-organic-bulk-tea","7":"product_cat-product-brochure-of-tea","8":"product_cat-buy-organic-loose-teas-tisanes-in-bulk","9":"product_cat-unique-exclusive-tea-collections","10":"product_cat-types-of-tea-packaging","11":"product_cat-buy-green-tea-online-at-best-prices-high-quality","12":"product_cat-premium-ceremonial-matcha-tea","13":"product_cat-teas-and-tisanes-organic-buy-online","14":"product_cat-exclusive-tea-line","15":"product_cat-todos-en","16":"product_cat-uncategorized-en","18":"first","19":"instock","20":"shipping-taxable","21":"purchasable","22":"product-type-variable"},"yoast_head":"<!-- This site is optimized with the Yoast SEO Premium plugin v27.3 (Yoast SEO v27.4) - https:\/\/yoast.com\/product\/yoast-seo-premium-wordpress\/ -->\n<title>Best Matcha Powder Organic Culinary for Horeca Professionals<\/title>\n<meta name=\"description\" content=\"Semper Tea&#039;s organic culinary matcha powder for Horeca professionals. Perfect for beverages, pastries, and innovative recipes. Premium quality guaranteed.\" \/>\n<meta name=\"robots\" content=\"index, follow, max-snippet:-1, max-image-preview:large, max-video-preview:-1\" \/>\n<link rel=\"canonical\" href=\"https:\/\/www.sempertea.eu\/en\/best-matcha-organic-culinary-for-horeca-professionals\/\" \/>\n<meta property=\"og:locale\" content=\"en_US\" \/>\n<meta property=\"og:type\" content=\"article\" \/>\n<meta property=\"og:title\" content=\"MATCHA ground culinary | Japanese green tea\" \/>\n<meta property=\"og:description\" content=\"Semper Tea&#039;s organic culinary matcha powder for Horeca professionals. Perfect for beverages, pastries, and innovative recipes. Premium quality guaranteed.\" \/>\n<meta property=\"og:url\" content=\"https:\/\/www.sempertea.eu\/en\/best-matcha-organic-culinary-for-horeca-professionals\/\" \/>\n<meta property=\"og:site_name\" content=\"Semper Tea | Mayorista y fabricante de T\u00e9s e Infusiones para hoteles, restaurantes y bares\" \/>\n<meta property=\"article:modified_time\" content=\"2025-07-18T17:49:19+00:00\" \/>\n<meta property=\"og:image\" content=\"https:\/\/www.sempertea.eu\/wp-content\/uploads\/2025\/05\/matcha-profesional-hoja-verde-polvo-organico-semper-tea.jpg.jpg\" \/>\n\t<meta property=\"og:image:width\" content=\"1000\" \/>\n\t<meta property=\"og:image:height\" content=\"1000\" \/>\n\t<meta property=\"og:image:type\" content=\"image\/jpeg\" \/>\n<meta name=\"twitter:card\" content=\"summary_large_image\" \/>\n<meta name=\"twitter:label1\" content=\"Est. reading time\" \/>\n\t<meta name=\"twitter:data1\" content=\"2 minutes\" \/>\n<script type=\"application\/ld+json\" class=\"yoast-schema-graph\">{\"@context\":\"https:\\\/\\\/schema.org\",\"@graph\":[{\"@type\":\"WebPage\",\"@id\":\"https:\\\/\\\/www.sempertea.eu\\\/en\\\/best-matcha-organic-culinary-for-horeca-professionals\\\/\",\"url\":\"https:\\\/\\\/www.sempertea.eu\\\/en\\\/best-matcha-organic-culinary-for-horeca-professionals\\\/\",\"name\":\"Best Matcha Powder Organic Culinary for Horeca Professionals\",\"isPartOf\":{\"@id\":\"https:\\\/\\\/www.sempertea.eu\\\/#website\"},\"primaryImageOfPage\":{\"@id\":\"https:\\\/\\\/www.sempertea.eu\\\/en\\\/best-matcha-organic-culinary-for-horeca-professionals\\\/#primaryimage\"},\"image\":{\"@id\":\"https:\\\/\\\/www.sempertea.eu\\\/en\\\/best-matcha-organic-culinary-for-horeca-professionals\\\/#primaryimage\"},\"thumbnailUrl\":\"https:\\\/\\\/www.sempertea.eu\\\/wp-content\\\/uploads\\\/2025\\\/05\\\/matcha-profesional-hoja-verde-polvo-organico-semper-tea.jpg.jpg\",\"datePublished\":\"2024-11-18T14:52:55+00:00\",\"dateModified\":\"2025-07-18T17:49:19+00:00\",\"description\":\"Semper Tea's organic culinary matcha powder for Horeca professionals. Perfect for beverages, pastries, and innovative recipes. Premium quality guaranteed.\",\"breadcrumb\":{\"@id\":\"https:\\\/\\\/www.sempertea.eu\\\/en\\\/best-matcha-organic-culinary-for-horeca-professionals\\\/#breadcrumb\"},\"inLanguage\":\"en-US\",\"potentialAction\":[{\"@type\":\"ReadAction\",\"target\":[\"https:\\\/\\\/www.sempertea.eu\\\/en\\\/best-matcha-organic-culinary-for-horeca-professionals\\\/\"]}]},{\"@type\":\"ImageObject\",\"inLanguage\":\"en-US\",\"@id\":\"https:\\\/\\\/www.sempertea.eu\\\/en\\\/best-matcha-organic-culinary-for-horeca-professionals\\\/#primaryimage\",\"url\":\"https:\\\/\\\/www.sempertea.eu\\\/wp-content\\\/uploads\\\/2025\\\/05\\\/matcha-profesional-hoja-verde-polvo-organico-semper-tea.jpg.jpg\",\"contentUrl\":\"https:\\\/\\\/www.sempertea.eu\\\/wp-content\\\/uploads\\\/2025\\\/05\\\/matcha-profesional-hoja-verde-polvo-organico-semper-tea.jpg.jpg\",\"width\":1000,\"height\":1000,\"caption\":\"T\u00e9 Matcha Culinario Org\u00e1nico para Hosteler\u00eda \u2013 Calidad Premium al por Mayor\"},{\"@type\":\"BreadcrumbList\",\"@id\":\"https:\\\/\\\/www.sempertea.eu\\\/en\\\/best-matcha-organic-culinary-for-horeca-professionals\\\/#breadcrumb\",\"itemListElement\":[{\"@type\":\"ListItem\",\"position\":1,\"name\":\"Portada\",\"item\":\"https:\\\/\\\/www.sempertea.eu\\\/en\\\/\"},{\"@type\":\"ListItem\",\"position\":2,\"name\":\"Shop\",\"item\":\"https:\\\/\\\/www.sempertea.eu\\\/en\\\/shop\\\/\"},{\"@type\":\"ListItem\",\"position\":3,\"name\":\"MATCHA ground culinary | Japanese green tea\"}]},{\"@type\":\"WebSite\",\"@id\":\"https:\\\/\\\/www.sempertea.eu\\\/#website\",\"url\":\"https:\\\/\\\/www.sempertea.eu\\\/\",\"name\":\"Semper Tea | Mayorista y fabricante de T\u00e9s e Infusiones para hoteles, restaurantes y bares\",\"description\":\"T\u00e9s e infusiones para hosteler\u00eda, hoteler\u00eda y comercio\",\"potentialAction\":[{\"@type\":\"SearchAction\",\"target\":{\"@type\":\"EntryPoint\",\"urlTemplate\":\"https:\\\/\\\/www.sempertea.eu\\\/?s={search_term_string}\"},\"query-input\":{\"@type\":\"PropertyValueSpecification\",\"valueRequired\":true,\"valueName\":\"search_term_string\"}}],\"inLanguage\":\"en-US\"}]}<\/script>\n<!-- \/ Yoast SEO Premium plugin. -->","yoast_head_json":{"title":"Best Matcha Powder Organic Culinary for Horeca Professionals","description":"Semper Tea's organic culinary matcha powder for Horeca professionals. Perfect for beverages, pastries, and innovative recipes. Premium quality guaranteed.","robots":{"index":"index","follow":"follow","max-snippet":"max-snippet:-1","max-image-preview":"max-image-preview:large","max-video-preview":"max-video-preview:-1"},"canonical":"https:\/\/www.sempertea.eu\/en\/best-matcha-organic-culinary-for-horeca-professionals\/","og_locale":"en_US","og_type":"article","og_title":"MATCHA ground culinary | Japanese green tea","og_description":"Semper Tea's organic culinary matcha powder for Horeca professionals. Perfect for beverages, pastries, and innovative recipes. Premium quality guaranteed.","og_url":"https:\/\/www.sempertea.eu\/en\/best-matcha-organic-culinary-for-horeca-professionals\/","og_site_name":"Semper Tea | Mayorista y fabricante de T\u00e9s e Infusiones para hoteles, restaurantes y bares","article_modified_time":"2025-07-18T17:49:19+00:00","og_image":[{"width":1000,"height":1000,"url":"https:\/\/www.sempertea.eu\/wp-content\/uploads\/2025\/05\/matcha-profesional-hoja-verde-polvo-organico-semper-tea.jpg.jpg","type":"image\/jpeg"}],"twitter_card":"summary_large_image","twitter_misc":{"Est. reading time":"2 minutes"},"schema":{"@context":"https:\/\/schema.org","@graph":[{"@type":"WebPage","@id":"https:\/\/www.sempertea.eu\/en\/best-matcha-organic-culinary-for-horeca-professionals\/","url":"https:\/\/www.sempertea.eu\/en\/best-matcha-organic-culinary-for-horeca-professionals\/","name":"Best Matcha Powder Organic Culinary for Horeca Professionals","isPartOf":{"@id":"https:\/\/www.sempertea.eu\/#website"},"primaryImageOfPage":{"@id":"https:\/\/www.sempertea.eu\/en\/best-matcha-organic-culinary-for-horeca-professionals\/#primaryimage"},"image":{"@id":"https:\/\/www.sempertea.eu\/en\/best-matcha-organic-culinary-for-horeca-professionals\/#primaryimage"},"thumbnailUrl":"https:\/\/www.sempertea.eu\/wp-content\/uploads\/2025\/05\/matcha-profesional-hoja-verde-polvo-organico-semper-tea.jpg.jpg","datePublished":"2024-11-18T14:52:55+00:00","dateModified":"2025-07-18T17:49:19+00:00","description":"Semper Tea's organic culinary matcha powder for Horeca professionals. Perfect for beverages, pastries, and innovative recipes. Premium quality guaranteed.","breadcrumb":{"@id":"https:\/\/www.sempertea.eu\/en\/best-matcha-organic-culinary-for-horeca-professionals\/#breadcrumb"},"inLanguage":"en-US","potentialAction":[{"@type":"ReadAction","target":["https:\/\/www.sempertea.eu\/en\/best-matcha-organic-culinary-for-horeca-professionals\/"]}]},{"@type":"ImageObject","inLanguage":"en-US","@id":"https:\/\/www.sempertea.eu\/en\/best-matcha-organic-culinary-for-horeca-professionals\/#primaryimage","url":"https:\/\/www.sempertea.eu\/wp-content\/uploads\/2025\/05\/matcha-profesional-hoja-verde-polvo-organico-semper-tea.jpg.jpg","contentUrl":"https:\/\/www.sempertea.eu\/wp-content\/uploads\/2025\/05\/matcha-profesional-hoja-verde-polvo-organico-semper-tea.jpg.jpg","width":1000,"height":1000,"caption":"T\u00e9 Matcha Culinario Org\u00e1nico para Hosteler\u00eda \u2013 Calidad Premium al por Mayor"},{"@type":"BreadcrumbList","@id":"https:\/\/www.sempertea.eu\/en\/best-matcha-organic-culinary-for-horeca-professionals\/#breadcrumb","itemListElement":[{"@type":"ListItem","position":1,"name":"Portada","item":"https:\/\/www.sempertea.eu\/en\/"},{"@type":"ListItem","position":2,"name":"Shop","item":"https:\/\/www.sempertea.eu\/en\/shop\/"},{"@type":"ListItem","position":3,"name":"MATCHA ground culinary | Japanese green tea"}]},{"@type":"WebSite","@id":"https:\/\/www.sempertea.eu\/#website","url":"https:\/\/www.sempertea.eu\/","name":"Semper Tea | Mayorista y fabricante de T\u00e9s e Infusiones para hoteles, restaurantes y bares","description":"T\u00e9s e infusiones para hosteler\u00eda, hoteler\u00eda y comercio","potentialAction":[{"@type":"SearchAction","target":{"@type":"EntryPoint","urlTemplate":"https:\/\/www.sempertea.eu\/?s={search_term_string}"},"query-input":{"@type":"PropertyValueSpecification","valueRequired":true,"valueName":"search_term_string"}}],"inLanguage":"en-US"}]}},"_links":{"self":[{"href":"https:\/\/www.sempertea.eu\/en\/wp-json\/wp\/v2\/product\/12403","targetHints":{"allow":["GET"]}}],"collection":[{"href":"https:\/\/www.sempertea.eu\/en\/wp-json\/wp\/v2\/product"}],"about":[{"href":"https:\/\/www.sempertea.eu\/en\/wp-json\/wp\/v2\/types\/product"}],"replies":[{"embeddable":true,"href":"https:\/\/www.sempertea.eu\/en\/wp-json\/wp\/v2\/comments?post=12403"}],"wp:featuredmedia":[{"embeddable":true,"href":"https:\/\/www.sempertea.eu\/en\/wp-json\/wp\/v2\/media\/15603"}],"wp:attachment":[{"href":"https:\/\/www.sempertea.eu\/en\/wp-json\/wp\/v2\/media?parent=12403"}],"wp:term":[{"taxonomy":"product_brand","embeddable":true,"href":"https:\/\/www.sempertea.eu\/en\/wp-json\/wp\/v2\/product_brand?post=12403"},{"taxonomy":"product_cat","embeddable":true,"href":"https:\/\/www.sempertea.eu\/en\/wp-json\/wp\/v2\/product_cat?post=12403"},{"taxonomy":"product_tag","embeddable":true,"href":"https:\/\/www.sempertea.eu\/en\/wp-json\/wp\/v2\/product_tag?post=12403"}],"curies":[{"name":"wp","href":"https:\/\/api.w.org\/{rel}","templated":true}]}}