{"id":11380,"date":"2024-07-10T20:29:05","date_gmt":"2024-07-20T22:23:29","guid":{"rendered":"https:\/\/www.sempertea.eu\/rooibos-loose-tea-pyramids-rooibos-tea\/"},"modified":"2024-07-20T23:35:26","modified_gmt":"2024-07-20T22:35:26","slug":"caffeine-free-rooibos-in-loose-pyramids-compostable-organic","status":"publish","type":"product","link":"https:\/\/www.sempertea.eu\/en\/caffeine-free-rooibos-in-loose-pyramids-compostable-organic\/","title":{"rendered":"ROOIBOS loose tea pyramids | Rooibos tea"},"content":{"rendered":"<h2>The smoothness of Rooibos without caffeine<\/h2>\n<p>Explore an infusion with a rich texture that will transport you to the natural aromas and magic of South Africa. Enjoy its pleasant, slightly sweet taste, accompanied by a deep reddish-brown colour. This smooth and relaxing drink is perfect to enjoy at any time of the day.<\/p>\n<p>Our handy pyramid loose bags make it easy to enjoy this exquisite brew at any time. The Lava40 tea line complies with UNE EN 13432 standards, ensuring they are biodegradable and compostable. Opt for a sustainable and environmentally friendly choice.<\/p>\n","protected":false},"excerpt":{"rendered":"<p><strong>Experience the charm of organic rooibos tea<\/strong><\/p>\n<p>Enjoy a caffeine-free option that captivates with its rich, antioxidant-loaded flavor. Our biodegradable loose pyramid tea bags ensure you savor this South African gem sustainably and organically. Delight in its natural, relaxing taste.<\/p>\n","protected":false},"featured_media":10680,"comment_status":"open","ping_status":"closed","template":"","meta":[],"product_brand":[],"product_cat":[163,191,154,155,196,160,190,164,193,161,218],"product_tag":[259],"class_list":{"0":"post-11380","1":"product","2":"type-product","3":"status-publish","4":"has-post-thumbnail","6":"product_cat-product-brochure-of-tea","7":"product_cat-buy-organic-loose-teas-tisanes-in-bulk","8":"product_cat-unique-exclusive-tea-collections","9":"product_cat-types-of-tea-packaging","10":"product_cat-tea-pyramid-bags-bulk-compostable-eco-friendly-tea-brands","11":"product_cat-teas-and-tisanes-organic-buy-online","12":"product_cat-plastic-free-tea-packaging","13":"product_cat-rooibos-south-africa-caffeine-free-organic","14":"product_cat-tea-pyramid-biodegradable","15":"product_cat-exclusive-tea-line","16":"product_cat-uncategorized-en","17":"product_tag-lava40-en","19":"first","20":"instock","21":"shipping-taxable","22":"purchasable","23":"product-type-variable"},"yoast_head":"<!-- This site is optimized with the Yoast SEO Premium plugin v27.3 (Yoast SEO v27.4) - https:\/\/yoast.com\/product\/yoast-seo-premium-wordpress\/ -->\n<title>Caffeine-free Rooibos in loose pyramids | Compostable and ORGANIC<\/title>\n<meta name=\"description\" content=\"The smoothness of caffeine-free Rooibos is memorable, conveniently packaged in a pyramid loose bag. Biodegradable and compostable.\" \/>\n<meta name=\"robots\" content=\"index, follow, max-snippet:-1, max-image-preview:large, max-video-preview:-1\" \/>\n<link rel=\"canonical\" href=\"https:\/\/www.sempertea.eu\/en\/caffeine-free-rooibos-in-loose-pyramids-compostable-organic\/\" \/>\n<meta property=\"og:locale\" content=\"en_US\" \/>\n<meta property=\"og:type\" content=\"article\" \/>\n<meta property=\"og:title\" content=\"ROOIBOS loose tea pyramids | Rooibos tea\" \/>\n<meta property=\"og:description\" content=\"The smoothness of caffeine-free Rooibos is memorable, conveniently packaged in a pyramid loose bag. Biodegradable and compostable.\" \/>\n<meta property=\"og:url\" content=\"https:\/\/www.sempertea.eu\/en\/caffeine-free-rooibos-in-loose-pyramids-compostable-organic\/\" \/>\n<meta property=\"og:site_name\" content=\"Semper Tea | Mayorista y fabricante de T\u00e9s e Infusiones para hoteles, restaurantes y bares\" \/>\n<meta property=\"article:modified_time\" content=\"2024-07-20T22:35:26+00:00\" \/>\n<meta property=\"og:image\" content=\"https:\/\/www.sempertea.eu\/wp-content\/uploads\/2024\/07\/te-piramide-al-por-mayor-sin-plastico-organico-rooibos-semper-tea.jpg\" \/>\n\t<meta property=\"og:image:width\" content=\"1000\" \/>\n\t<meta property=\"og:image:height\" content=\"1000\" \/>\n\t<meta property=\"og:image:type\" content=\"image\/jpeg\" \/>\n<meta name=\"twitter:card\" content=\"summary_large_image\" \/>\n<script type=\"application\/ld+json\" class=\"yoast-schema-graph\">{\"@context\":\"https:\\\/\\\/schema.org\",\"@graph\":[{\"@type\":\"WebPage\",\"@id\":\"https:\\\/\\\/www.sempertea.eu\\\/en\\\/caffeine-free-rooibos-in-loose-pyramids-compostable-organic\\\/\",\"url\":\"https:\\\/\\\/www.sempertea.eu\\\/en\\\/caffeine-free-rooibos-in-loose-pyramids-compostable-organic\\\/\",\"name\":\"Caffeine-free Rooibos in loose pyramids | Compostable and ORGANIC\",\"isPartOf\":{\"@id\":\"https:\\\/\\\/www.sempertea.eu\\\/#website\"},\"primaryImageOfPage\":{\"@id\":\"https:\\\/\\\/www.sempertea.eu\\\/en\\\/caffeine-free-rooibos-in-loose-pyramids-compostable-organic\\\/#primaryimage\"},\"image\":{\"@id\":\"https:\\\/\\\/www.sempertea.eu\\\/en\\\/caffeine-free-rooibos-in-loose-pyramids-compostable-organic\\\/#primaryimage\"},\"thumbnailUrl\":\"https:\\\/\\\/www.sempertea.eu\\\/wp-content\\\/uploads\\\/2024\\\/07\\\/te-piramide-al-por-mayor-sin-plastico-organico-rooibos-semper-tea.jpg\",\"datePublished\":\"2024-07-20T22:23:29+00:00\",\"dateModified\":\"2024-07-20T22:35:26+00:00\",\"description\":\"The smoothness of caffeine-free Rooibos is memorable, conveniently packaged in a pyramid loose bag. Biodegradable and compostable.\",\"breadcrumb\":{\"@id\":\"https:\\\/\\\/www.sempertea.eu\\\/en\\\/caffeine-free-rooibos-in-loose-pyramids-compostable-organic\\\/#breadcrumb\"},\"inLanguage\":\"en-US\",\"potentialAction\":[{\"@type\":\"ReadAction\",\"target\":[\"https:\\\/\\\/www.sempertea.eu\\\/en\\\/caffeine-free-rooibos-in-loose-pyramids-compostable-organic\\\/\"]}]},{\"@type\":\"ImageObject\",\"inLanguage\":\"en-US\",\"@id\":\"https:\\\/\\\/www.sempertea.eu\\\/en\\\/caffeine-free-rooibos-in-loose-pyramids-compostable-organic\\\/#primaryimage\",\"url\":\"https:\\\/\\\/www.sempertea.eu\\\/wp-content\\\/uploads\\\/2024\\\/07\\\/te-piramide-al-por-mayor-sin-plastico-organico-rooibos-semper-tea.jpg\",\"contentUrl\":\"https:\\\/\\\/www.sempertea.eu\\\/wp-content\\\/uploads\\\/2024\\\/07\\\/te-piramide-al-por-mayor-sin-plastico-organico-rooibos-semper-tea.jpg\",\"width\":1000,\"height\":1000,\"caption\":\"te piramide al por mayor sin plastico organico semper tea\"},{\"@type\":\"BreadcrumbList\",\"@id\":\"https:\\\/\\\/www.sempertea.eu\\\/en\\\/caffeine-free-rooibos-in-loose-pyramids-compostable-organic\\\/#breadcrumb\",\"itemListElement\":[{\"@type\":\"ListItem\",\"position\":1,\"name\":\"Portada\",\"item\":\"https:\\\/\\\/www.sempertea.eu\\\/en\\\/\"},{\"@type\":\"ListItem\",\"position\":2,\"name\":\"Shop\",\"item\":\"https:\\\/\\\/www.sempertea.eu\\\/en\\\/shop\\\/\"},{\"@type\":\"ListItem\",\"position\":3,\"name\":\"ROOIBOS loose tea pyramids | Rooibos tea\"}]},{\"@type\":\"WebSite\",\"@id\":\"https:\\\/\\\/www.sempertea.eu\\\/#website\",\"url\":\"https:\\\/\\\/www.sempertea.eu\\\/\",\"name\":\"Semper Tea | Mayorista y fabricante de T\u00e9s e Infusiones para hoteles, restaurantes y bares\",\"description\":\"T\u00e9s e infusiones para hosteler\u00eda, hoteler\u00eda y comercio\",\"potentialAction\":[{\"@type\":\"SearchAction\",\"target\":{\"@type\":\"EntryPoint\",\"urlTemplate\":\"https:\\\/\\\/www.sempertea.eu\\\/?s={search_term_string}\"},\"query-input\":{\"@type\":\"PropertyValueSpecification\",\"valueRequired\":true,\"valueName\":\"search_term_string\"}}],\"inLanguage\":\"en-US\"}]}<\/script>\n<!-- \/ Yoast SEO Premium plugin. -->","yoast_head_json":{"title":"Caffeine-free Rooibos in loose pyramids | Compostable and ORGANIC","description":"The smoothness of caffeine-free Rooibos is memorable, conveniently packaged in a pyramid loose bag. Biodegradable and compostable.","robots":{"index":"index","follow":"follow","max-snippet":"max-snippet:-1","max-image-preview":"max-image-preview:large","max-video-preview":"max-video-preview:-1"},"canonical":"https:\/\/www.sempertea.eu\/en\/caffeine-free-rooibos-in-loose-pyramids-compostable-organic\/","og_locale":"en_US","og_type":"article","og_title":"ROOIBOS loose tea pyramids | Rooibos tea","og_description":"The smoothness of caffeine-free Rooibos is memorable, conveniently packaged in a pyramid loose bag. Biodegradable and compostable.","og_url":"https:\/\/www.sempertea.eu\/en\/caffeine-free-rooibos-in-loose-pyramids-compostable-organic\/","og_site_name":"Semper Tea | Mayorista y fabricante de T\u00e9s e Infusiones para hoteles, restaurantes y bares","article_modified_time":"2024-07-20T22:35:26+00:00","og_image":[{"width":1000,"height":1000,"url":"https:\/\/www.sempertea.eu\/wp-content\/uploads\/2024\/07\/te-piramide-al-por-mayor-sin-plastico-organico-rooibos-semper-tea.jpg","type":"image\/jpeg"}],"twitter_card":"summary_large_image","schema":{"@context":"https:\/\/schema.org","@graph":[{"@type":"WebPage","@id":"https:\/\/www.sempertea.eu\/en\/caffeine-free-rooibos-in-loose-pyramids-compostable-organic\/","url":"https:\/\/www.sempertea.eu\/en\/caffeine-free-rooibos-in-loose-pyramids-compostable-organic\/","name":"Caffeine-free Rooibos in loose pyramids | Compostable and ORGANIC","isPartOf":{"@id":"https:\/\/www.sempertea.eu\/#website"},"primaryImageOfPage":{"@id":"https:\/\/www.sempertea.eu\/en\/caffeine-free-rooibos-in-loose-pyramids-compostable-organic\/#primaryimage"},"image":{"@id":"https:\/\/www.sempertea.eu\/en\/caffeine-free-rooibos-in-loose-pyramids-compostable-organic\/#primaryimage"},"thumbnailUrl":"https:\/\/www.sempertea.eu\/wp-content\/uploads\/2024\/07\/te-piramide-al-por-mayor-sin-plastico-organico-rooibos-semper-tea.jpg","datePublished":"2024-07-20T22:23:29+00:00","dateModified":"2024-07-20T22:35:26+00:00","description":"The smoothness of caffeine-free Rooibos is memorable, conveniently packaged in a pyramid loose bag. Biodegradable and compostable.","breadcrumb":{"@id":"https:\/\/www.sempertea.eu\/en\/caffeine-free-rooibos-in-loose-pyramids-compostable-organic\/#breadcrumb"},"inLanguage":"en-US","potentialAction":[{"@type":"ReadAction","target":["https:\/\/www.sempertea.eu\/en\/caffeine-free-rooibos-in-loose-pyramids-compostable-organic\/"]}]},{"@type":"ImageObject","inLanguage":"en-US","@id":"https:\/\/www.sempertea.eu\/en\/caffeine-free-rooibos-in-loose-pyramids-compostable-organic\/#primaryimage","url":"https:\/\/www.sempertea.eu\/wp-content\/uploads\/2024\/07\/te-piramide-al-por-mayor-sin-plastico-organico-rooibos-semper-tea.jpg","contentUrl":"https:\/\/www.sempertea.eu\/wp-content\/uploads\/2024\/07\/te-piramide-al-por-mayor-sin-plastico-organico-rooibos-semper-tea.jpg","width":1000,"height":1000,"caption":"te piramide al por mayor sin plastico organico semper tea"},{"@type":"BreadcrumbList","@id":"https:\/\/www.sempertea.eu\/en\/caffeine-free-rooibos-in-loose-pyramids-compostable-organic\/#breadcrumb","itemListElement":[{"@type":"ListItem","position":1,"name":"Portada","item":"https:\/\/www.sempertea.eu\/en\/"},{"@type":"ListItem","position":2,"name":"Shop","item":"https:\/\/www.sempertea.eu\/en\/shop\/"},{"@type":"ListItem","position":3,"name":"ROOIBOS loose tea pyramids | Rooibos tea"}]},{"@type":"WebSite","@id":"https:\/\/www.sempertea.eu\/#website","url":"https:\/\/www.sempertea.eu\/","name":"Semper Tea | Mayorista y fabricante de T\u00e9s e Infusiones para hoteles, restaurantes y bares","description":"T\u00e9s e infusiones para hosteler\u00eda, hoteler\u00eda y comercio","potentialAction":[{"@type":"SearchAction","target":{"@type":"EntryPoint","urlTemplate":"https:\/\/www.sempertea.eu\/?s={search_term_string}"},"query-input":{"@type":"PropertyValueSpecification","valueRequired":true,"valueName":"search_term_string"}}],"inLanguage":"en-US"}]}},"_links":{"self":[{"href":"https:\/\/www.sempertea.eu\/en\/wp-json\/wp\/v2\/product\/11380","targetHints":{"allow":["GET"]}}],"collection":[{"href":"https:\/\/www.sempertea.eu\/en\/wp-json\/wp\/v2\/product"}],"about":[{"href":"https:\/\/www.sempertea.eu\/en\/wp-json\/wp\/v2\/types\/product"}],"replies":[{"embeddable":true,"href":"https:\/\/www.sempertea.eu\/en\/wp-json\/wp\/v2\/comments?post=11380"}],"wp:featuredmedia":[{"embeddable":true,"href":"https:\/\/www.sempertea.eu\/en\/wp-json\/wp\/v2\/media\/10680"}],"wp:attachment":[{"href":"https:\/\/www.sempertea.eu\/en\/wp-json\/wp\/v2\/media?parent=11380"}],"wp:term":[{"taxonomy":"product_brand","embeddable":true,"href":"https:\/\/www.sempertea.eu\/en\/wp-json\/wp\/v2\/product_brand?post=11380"},{"taxonomy":"product_cat","embeddable":true,"href":"https:\/\/www.sempertea.eu\/en\/wp-json\/wp\/v2\/product_cat?post=11380"},{"taxonomy":"product_tag","embeddable":true,"href":"https:\/\/www.sempertea.eu\/en\/wp-json\/wp\/v2\/product_tag?post=11380"}],"curies":[{"name":"wp","href":"https:\/\/api.w.org\/{rel}","templated":true}]}}