{"id":11376,"date":"2024-07-10T11:59:46","date_gmt":"2024-07-20T21:50:05","guid":{"rendered":"https:\/\/www.sempertea.eu\/oolong-loose-tea-pyramids-oolong-tea\/"},"modified":"2024-07-20T23:02:02","modified_gmt":"2024-07-20T22:02:02","slug":"organic-oolong-tea-loose-tea-pyramids","status":"publish","type":"product","link":"https:\/\/www.sempertea.eu\/en\/organic-oolong-tea-loose-tea-pyramids\/","title":{"rendered":"OOLONG loose tea pyramids | Oolong tea"},"content":{"rendered":"<h2>Enhance your tea experience with pyramid tea bags!<\/h2>\n<p>The unique taste of our organic Oolong Blue Tea in pyramid bags offer an exceptional flavor and a range of health benefits. From aiding digestion to improving mental acuity and skin health, this tea is an excellent choice for promoting wellness. Now available in loose pyramid bags, this pure and balanced blend will elevate your tea time. Enjoy the rich heritage and flavor of traditional Chinese Oolong tea, whether in an individual cup or a shared teapot.<\/p>\n<h3>Complies with UNE EN 13432 packaging regulations &#8211; compostable and biodegradable<\/h3>\n","protected":false},"excerpt":{"rendered":"<p><strong>Chinese Oolong Tea tradition in loose pyramids<\/strong><\/p>\n<p>The richness of Chinese tradition with our wholesale Oolong tea in loose pyramid bags, part of the exclusive Lava40 collection. This pure and balanced infusion reflects the ancient craftsmanship of China in every sip. A world of distinctive aromas and delicious body, the result of careful maturation, harvesting, and processing.<\/p>\n","protected":false},"featured_media":10671,"comment_status":"open","ping_status":"closed","template":"","meta":[],"product_brand":[],"product_cat":[163,191,154,155,196,199,160,190,193,161,162,218],"product_tag":[259],"class_list":{"0":"post-11376","1":"product","2":"type-product","3":"status-publish","4":"has-post-thumbnail","6":"product_cat-product-brochure-of-tea","7":"product_cat-buy-organic-loose-teas-tisanes-in-bulk","8":"product_cat-unique-exclusive-tea-collections","9":"product_cat-types-of-tea-packaging","10":"product_cat-tea-pyramid-bags-bulk-compostable-eco-friendly-tea-brands","11":"product_cat-buy-chinese-oolong-tea","12":"product_cat-teas-and-tisanes-organic-buy-online","13":"product_cat-plastic-free-tea-packaging","14":"product_cat-tea-pyramid-biodegradable","15":"product_cat-exclusive-tea-line","16":"product_cat-todos-en","17":"product_cat-uncategorized-en","18":"product_tag-lava40-en","20":"first","21":"instock","22":"shipping-taxable","23":"purchasable","24":"product-type-variable"},"yoast_head":"<!-- This site is optimized with the Yoast SEO Premium plugin v27.3 (Yoast SEO v27.3) - https:\/\/yoast.com\/product\/yoast-seo-premium-wordpress\/ -->\n<title>Organic Oolong Tea in loose Pyramids | Wellness and exceptional taste<\/title>\n<meta name=\"description\" content=\"Oolong Tea in loose Tea Pyramids. Exceptional taste and health benefits, from improving digestion to mental acuity.\" \/>\n<meta name=\"robots\" content=\"index, follow, max-snippet:-1, max-image-preview:large, max-video-preview:-1\" \/>\n<link rel=\"canonical\" href=\"https:\/\/www.sempertea.eu\/en\/organic-oolong-tea-loose-tea-pyramids\/\" \/>\n<meta property=\"og:locale\" content=\"en_US\" \/>\n<meta property=\"og:type\" content=\"article\" \/>\n<meta property=\"og:title\" content=\"OOLONG loose tea pyramids | Oolong tea\" \/>\n<meta property=\"og:description\" content=\"Oolong Tea in loose Tea Pyramids. Exceptional taste and health benefits, from improving digestion to mental acuity.\" \/>\n<meta property=\"og:url\" content=\"https:\/\/www.sempertea.eu\/en\/organic-oolong-tea-loose-tea-pyramids\/\" \/>\n<meta property=\"og:site_name\" content=\"Semper Tea | Mayorista y fabricante de T\u00e9s e Infusiones para hoteles, restaurantes y bares\" \/>\n<meta property=\"article:modified_time\" content=\"2024-07-20T22:02:02+00:00\" \/>\n<meta property=\"og:image\" content=\"https:\/\/www.sempertea.eu\/wp-content\/uploads\/2024\/07\/te-en-piramide-al-por-mayor-oolong-semper-tea.jpg\" \/>\n\t<meta property=\"og:image:width\" content=\"1000\" \/>\n\t<meta property=\"og:image:height\" content=\"1000\" \/>\n\t<meta property=\"og:image:type\" content=\"image\/jpeg\" \/>\n<meta name=\"twitter:card\" content=\"summary_large_image\" \/>\n<script type=\"application\/ld+json\" class=\"yoast-schema-graph\">{\"@context\":\"https:\\\/\\\/schema.org\",\"@graph\":[{\"@type\":\"WebPage\",\"@id\":\"https:\\\/\\\/www.sempertea.eu\\\/en\\\/organic-oolong-tea-loose-tea-pyramids\\\/\",\"url\":\"https:\\\/\\\/www.sempertea.eu\\\/en\\\/organic-oolong-tea-loose-tea-pyramids\\\/\",\"name\":\"Organic Oolong Tea in loose Pyramids | Wellness and exceptional taste\",\"isPartOf\":{\"@id\":\"https:\\\/\\\/www.sempertea.eu\\\/#website\"},\"primaryImageOfPage\":{\"@id\":\"https:\\\/\\\/www.sempertea.eu\\\/en\\\/organic-oolong-tea-loose-tea-pyramids\\\/#primaryimage\"},\"image\":{\"@id\":\"https:\\\/\\\/www.sempertea.eu\\\/en\\\/organic-oolong-tea-loose-tea-pyramids\\\/#primaryimage\"},\"thumbnailUrl\":\"https:\\\/\\\/www.sempertea.eu\\\/wp-content\\\/uploads\\\/2024\\\/07\\\/te-en-piramide-al-por-mayor-oolong-semper-tea.jpg\",\"datePublished\":\"2024-07-20T21:50:05+00:00\",\"dateModified\":\"2024-07-20T22:02:02+00:00\",\"description\":\"Oolong Tea in loose Tea Pyramids. Exceptional taste and health benefits, from improving digestion to mental acuity.\",\"breadcrumb\":{\"@id\":\"https:\\\/\\\/www.sempertea.eu\\\/en\\\/organic-oolong-tea-loose-tea-pyramids\\\/#breadcrumb\"},\"inLanguage\":\"en-US\",\"potentialAction\":[{\"@type\":\"ReadAction\",\"target\":[\"https:\\\/\\\/www.sempertea.eu\\\/en\\\/organic-oolong-tea-loose-tea-pyramids\\\/\"]}]},{\"@type\":\"ImageObject\",\"inLanguage\":\"en-US\",\"@id\":\"https:\\\/\\\/www.sempertea.eu\\\/en\\\/organic-oolong-tea-loose-tea-pyramids\\\/#primaryimage\",\"url\":\"https:\\\/\\\/www.sempertea.eu\\\/wp-content\\\/uploads\\\/2024\\\/07\\\/te-en-piramide-al-por-mayor-oolong-semper-tea.jpg\",\"contentUrl\":\"https:\\\/\\\/www.sempertea.eu\\\/wp-content\\\/uploads\\\/2024\\\/07\\\/te-en-piramide-al-por-mayor-oolong-semper-tea.jpg\",\"width\":1000,\"height\":1000,\"caption\":\"te en piramide al por mayor oolong semper tea\"},{\"@type\":\"BreadcrumbList\",\"@id\":\"https:\\\/\\\/www.sempertea.eu\\\/en\\\/organic-oolong-tea-loose-tea-pyramids\\\/#breadcrumb\",\"itemListElement\":[{\"@type\":\"ListItem\",\"position\":1,\"name\":\"Portada\",\"item\":\"https:\\\/\\\/www.sempertea.eu\\\/en\\\/\"},{\"@type\":\"ListItem\",\"position\":2,\"name\":\"Shop\",\"item\":\"https:\\\/\\\/www.sempertea.eu\\\/en\\\/shop\\\/\"},{\"@type\":\"ListItem\",\"position\":3,\"name\":\"OOLONG loose tea pyramids | Oolong tea\"}]},{\"@type\":\"WebSite\",\"@id\":\"https:\\\/\\\/www.sempertea.eu\\\/#website\",\"url\":\"https:\\\/\\\/www.sempertea.eu\\\/\",\"name\":\"Semper Tea | Mayorista y fabricante de T\u00e9s e Infusiones para hoteles, restaurantes y bares\",\"description\":\"T\u00e9s e infusiones para hosteler\u00eda, hoteler\u00eda y comercio\",\"potentialAction\":[{\"@type\":\"SearchAction\",\"target\":{\"@type\":\"EntryPoint\",\"urlTemplate\":\"https:\\\/\\\/www.sempertea.eu\\\/?s={search_term_string}\"},\"query-input\":{\"@type\":\"PropertyValueSpecification\",\"valueRequired\":true,\"valueName\":\"search_term_string\"}}],\"inLanguage\":\"en-US\"}]}<\/script>\n<!-- \/ Yoast SEO Premium plugin. -->","yoast_head_json":{"title":"Organic Oolong Tea in loose Pyramids | Wellness and exceptional taste","description":"Oolong Tea in loose Tea Pyramids. Exceptional taste and health benefits, from improving digestion to mental acuity.","robots":{"index":"index","follow":"follow","max-snippet":"max-snippet:-1","max-image-preview":"max-image-preview:large","max-video-preview":"max-video-preview:-1"},"canonical":"https:\/\/www.sempertea.eu\/en\/organic-oolong-tea-loose-tea-pyramids\/","og_locale":"en_US","og_type":"article","og_title":"OOLONG loose tea pyramids | Oolong tea","og_description":"Oolong Tea in loose Tea Pyramids. Exceptional taste and health benefits, from improving digestion to mental acuity.","og_url":"https:\/\/www.sempertea.eu\/en\/organic-oolong-tea-loose-tea-pyramids\/","og_site_name":"Semper Tea | Mayorista y fabricante de T\u00e9s e Infusiones para hoteles, restaurantes y bares","article_modified_time":"2024-07-20T22:02:02+00:00","og_image":[{"width":1000,"height":1000,"url":"https:\/\/www.sempertea.eu\/wp-content\/uploads\/2024\/07\/te-en-piramide-al-por-mayor-oolong-semper-tea.jpg","type":"image\/jpeg"}],"twitter_card":"summary_large_image","schema":{"@context":"https:\/\/schema.org","@graph":[{"@type":"WebPage","@id":"https:\/\/www.sempertea.eu\/en\/organic-oolong-tea-loose-tea-pyramids\/","url":"https:\/\/www.sempertea.eu\/en\/organic-oolong-tea-loose-tea-pyramids\/","name":"Organic Oolong Tea in loose Pyramids | Wellness and exceptional taste","isPartOf":{"@id":"https:\/\/www.sempertea.eu\/#website"},"primaryImageOfPage":{"@id":"https:\/\/www.sempertea.eu\/en\/organic-oolong-tea-loose-tea-pyramids\/#primaryimage"},"image":{"@id":"https:\/\/www.sempertea.eu\/en\/organic-oolong-tea-loose-tea-pyramids\/#primaryimage"},"thumbnailUrl":"https:\/\/www.sempertea.eu\/wp-content\/uploads\/2024\/07\/te-en-piramide-al-por-mayor-oolong-semper-tea.jpg","datePublished":"2024-07-20T21:50:05+00:00","dateModified":"2024-07-20T22:02:02+00:00","description":"Oolong Tea in loose Tea Pyramids. Exceptional taste and health benefits, from improving digestion to mental acuity.","breadcrumb":{"@id":"https:\/\/www.sempertea.eu\/en\/organic-oolong-tea-loose-tea-pyramids\/#breadcrumb"},"inLanguage":"en-US","potentialAction":[{"@type":"ReadAction","target":["https:\/\/www.sempertea.eu\/en\/organic-oolong-tea-loose-tea-pyramids\/"]}]},{"@type":"ImageObject","inLanguage":"en-US","@id":"https:\/\/www.sempertea.eu\/en\/organic-oolong-tea-loose-tea-pyramids\/#primaryimage","url":"https:\/\/www.sempertea.eu\/wp-content\/uploads\/2024\/07\/te-en-piramide-al-por-mayor-oolong-semper-tea.jpg","contentUrl":"https:\/\/www.sempertea.eu\/wp-content\/uploads\/2024\/07\/te-en-piramide-al-por-mayor-oolong-semper-tea.jpg","width":1000,"height":1000,"caption":"te en piramide al por mayor oolong semper tea"},{"@type":"BreadcrumbList","@id":"https:\/\/www.sempertea.eu\/en\/organic-oolong-tea-loose-tea-pyramids\/#breadcrumb","itemListElement":[{"@type":"ListItem","position":1,"name":"Portada","item":"https:\/\/www.sempertea.eu\/en\/"},{"@type":"ListItem","position":2,"name":"Shop","item":"https:\/\/www.sempertea.eu\/en\/shop\/"},{"@type":"ListItem","position":3,"name":"OOLONG loose tea pyramids | Oolong tea"}]},{"@type":"WebSite","@id":"https:\/\/www.sempertea.eu\/#website","url":"https:\/\/www.sempertea.eu\/","name":"Semper Tea | Mayorista y fabricante de T\u00e9s e Infusiones para hoteles, restaurantes y bares","description":"T\u00e9s e infusiones para hosteler\u00eda, hoteler\u00eda y comercio","potentialAction":[{"@type":"SearchAction","target":{"@type":"EntryPoint","urlTemplate":"https:\/\/www.sempertea.eu\/?s={search_term_string}"},"query-input":{"@type":"PropertyValueSpecification","valueRequired":true,"valueName":"search_term_string"}}],"inLanguage":"en-US"}]}},"_links":{"self":[{"href":"https:\/\/www.sempertea.eu\/en\/wp-json\/wp\/v2\/product\/11376","targetHints":{"allow":["GET"]}}],"collection":[{"href":"https:\/\/www.sempertea.eu\/en\/wp-json\/wp\/v2\/product"}],"about":[{"href":"https:\/\/www.sempertea.eu\/en\/wp-json\/wp\/v2\/types\/product"}],"replies":[{"embeddable":true,"href":"https:\/\/www.sempertea.eu\/en\/wp-json\/wp\/v2\/comments?post=11376"}],"wp:featuredmedia":[{"embeddable":true,"href":"https:\/\/www.sempertea.eu\/en\/wp-json\/wp\/v2\/media\/10671"}],"wp:attachment":[{"href":"https:\/\/www.sempertea.eu\/en\/wp-json\/wp\/v2\/media?parent=11376"}],"wp:term":[{"taxonomy":"product_brand","embeddable":true,"href":"https:\/\/www.sempertea.eu\/en\/wp-json\/wp\/v2\/product_brand?post=11376"},{"taxonomy":"product_cat","embeddable":true,"href":"https:\/\/www.sempertea.eu\/en\/wp-json\/wp\/v2\/product_cat?post=11376"},{"taxonomy":"product_tag","embeddable":true,"href":"https:\/\/www.sempertea.eu\/en\/wp-json\/wp\/v2\/product_tag?post=11376"}],"curies":[{"name":"wp","href":"https:\/\/api.w.org\/{rel}","templated":true}]}}