{"id":11370,"date":"2024-07-10T18:49:19","date_gmt":"2024-07-20T20:34:27","guid":{"rendered":"https:\/\/www.sempertea.eu\/green-loose-tea-pyramids-green-tea\/"},"modified":"2024-07-20T21:49:31","modified_gmt":"2024-07-20T20:49:31","slug":"pure-green-tea-eco-packed-compostable-biodegradable-bag","status":"publish","type":"product","link":"https:\/\/www.sempertea.eu\/en\/pure-green-tea-eco-packed-compostable-biodegradable-bag\/","title":{"rendered":"GREEN loose tea pyramids | Green tea"},"content":{"rendered":"<h2>Elegant and revitalizing: Pure green tea<\/h2>\n<p>Experience the freshness and vitality of green tea with our wholesale pyramid offer, part of the Lava40 tea line. This tea evokes the sea breeze and the scent of wet grass, with a delicate and fresh taste. Discover a true source of stimulation and antioxidants in this pure product of nature.<\/p>\n<p>Each hot cup of green tea provides an abundance of vitamins C, E, and provitamin A, along with an amino acid compound that can help reduce stress and provide relaxation. With its stimulating effect, green tea will keep you active throughout the day, offering a less intense alternative to caffeine.<\/p>\n<p>A revitalizing and wellness-enhancing experience with our convenient loose tea pyramid-shaped in bags.<\/p>\n<p>The Lava40 tea line complies with UNE EN 13432 packaging standards, ensuring they are compostable and biodegradable. Choose a sustainable and environmentally friendly option.<\/p>\n","protected":false},"excerpt":{"rendered":"<p><strong>The authentic whole leaf green tea experience<\/strong><\/p>\n<p>We proudly present our whole leaf and loose leaf green tea in tea pyramids, perfect for the most discerning tea connoisseurs. Enjoy natural aromas and flavors \u2013 an authentic tea ritual.<\/p>\n","protected":false},"featured_media":10662,"comment_status":"open","ping_status":"closed","template":"","meta":[],"product_brand":[],"product_cat":[163,191,154,155,165,196,160,190,193,161,162,218],"product_tag":[259],"class_list":{"0":"post-11370","1":"product","2":"type-product","3":"status-publish","4":"has-post-thumbnail","6":"product_cat-product-brochure-of-tea","7":"product_cat-buy-organic-loose-teas-tisanes-in-bulk","8":"product_cat-unique-exclusive-tea-collections","9":"product_cat-types-of-tea-packaging","10":"product_cat-buy-green-tea-online-at-best-prices-high-quality","11":"product_cat-tea-pyramid-bags-bulk-compostable-eco-friendly-tea-brands","12":"product_cat-teas-and-tisanes-organic-buy-online","13":"product_cat-plastic-free-tea-packaging","14":"product_cat-tea-pyramid-biodegradable","15":"product_cat-exclusive-tea-line","16":"product_cat-todos-en","17":"product_cat-uncategorized-en","18":"product_tag-lava40-en","20":"first","21":"instock","22":"shipping-taxable","23":"purchasable","24":"product-type-variable"},"yoast_head":"<!-- This site is optimized with the Yoast SEO Premium plugin v27.3 (Yoast SEO v27.4) - https:\/\/yoast.com\/product\/yoast-seo-premium-wordpress\/ -->\n<title>Pure Green Tea ECO | Fresh vitality | Packed compostable biodegradable<\/title>\n<meta name=\"description\" content=\"Vitality of Green Tea in loose tea pyramids. Refreshing, antioxidant-rich experience with compostable, biodegradable packaging. For a sustainable lifestyle\" \/>\n<meta name=\"robots\" content=\"index, follow, max-snippet:-1, max-image-preview:large, max-video-preview:-1\" \/>\n<link rel=\"canonical\" href=\"https:\/\/www.sempertea.eu\/en\/pure-green-tea-eco-packed-compostable-biodegradable-bag\/\" \/>\n<meta property=\"og:locale\" content=\"en_US\" \/>\n<meta property=\"og:type\" content=\"article\" \/>\n<meta property=\"og:title\" content=\"GREEN loose tea pyramids | Green tea\" \/>\n<meta property=\"og:description\" content=\"Vitality of Green Tea in loose tea pyramids. Refreshing, antioxidant-rich experience with compostable, biodegradable packaging. For a sustainable lifestyle\" \/>\n<meta property=\"og:url\" content=\"https:\/\/www.sempertea.eu\/en\/pure-green-tea-eco-packed-compostable-biodegradable-bag\/\" \/>\n<meta property=\"og:site_name\" content=\"Semper Tea | Mayorista y fabricante de T\u00e9s e Infusiones para hoteles, restaurantes y bares\" \/>\n<meta property=\"article:modified_time\" content=\"2024-07-20T20:49:31+00:00\" \/>\n<meta property=\"og:image\" content=\"https:\/\/www.sempertea.eu\/wp-content\/uploads\/2024\/07\/piramide-de-te-verde-al-por-mayor-ecologico-semper-tea.jpg\" \/>\n\t<meta property=\"og:image:width\" content=\"1000\" \/>\n\t<meta property=\"og:image:height\" content=\"1000\" \/>\n\t<meta property=\"og:image:type\" content=\"image\/jpeg\" \/>\n<meta name=\"twitter:card\" content=\"summary_large_image\" \/>\n<meta name=\"twitter:label1\" content=\"Est. reading time\" \/>\n\t<meta name=\"twitter:data1\" content=\"1 minute\" \/>\n<script type=\"application\/ld+json\" class=\"yoast-schema-graph\">{\"@context\":\"https:\\\/\\\/schema.org\",\"@graph\":[{\"@type\":\"WebPage\",\"@id\":\"https:\\\/\\\/www.sempertea.eu\\\/en\\\/pure-green-tea-eco-packed-compostable-biodegradable-bag\\\/\",\"url\":\"https:\\\/\\\/www.sempertea.eu\\\/en\\\/pure-green-tea-eco-packed-compostable-biodegradable-bag\\\/\",\"name\":\"Pure Green Tea ECO | Fresh vitality | Packed compostable biodegradable\",\"isPartOf\":{\"@id\":\"https:\\\/\\\/www.sempertea.eu\\\/#website\"},\"primaryImageOfPage\":{\"@id\":\"https:\\\/\\\/www.sempertea.eu\\\/en\\\/pure-green-tea-eco-packed-compostable-biodegradable-bag\\\/#primaryimage\"},\"image\":{\"@id\":\"https:\\\/\\\/www.sempertea.eu\\\/en\\\/pure-green-tea-eco-packed-compostable-biodegradable-bag\\\/#primaryimage\"},\"thumbnailUrl\":\"https:\\\/\\\/www.sempertea.eu\\\/wp-content\\\/uploads\\\/2024\\\/07\\\/piramide-de-te-verde-al-por-mayor-ecologico-semper-tea.jpg\",\"datePublished\":\"2024-07-20T20:34:27+00:00\",\"dateModified\":\"2024-07-20T20:49:31+00:00\",\"description\":\"Vitality of Green Tea in loose tea pyramids. Refreshing, antioxidant-rich experience with compostable, biodegradable packaging. For a sustainable lifestyle\",\"breadcrumb\":{\"@id\":\"https:\\\/\\\/www.sempertea.eu\\\/en\\\/pure-green-tea-eco-packed-compostable-biodegradable-bag\\\/#breadcrumb\"},\"inLanguage\":\"en-US\",\"potentialAction\":[{\"@type\":\"ReadAction\",\"target\":[\"https:\\\/\\\/www.sempertea.eu\\\/en\\\/pure-green-tea-eco-packed-compostable-biodegradable-bag\\\/\"]}]},{\"@type\":\"ImageObject\",\"inLanguage\":\"en-US\",\"@id\":\"https:\\\/\\\/www.sempertea.eu\\\/en\\\/pure-green-tea-eco-packed-compostable-biodegradable-bag\\\/#primaryimage\",\"url\":\"https:\\\/\\\/www.sempertea.eu\\\/wp-content\\\/uploads\\\/2024\\\/07\\\/piramide-de-te-verde-al-por-mayor-ecologico-semper-tea.jpg\",\"contentUrl\":\"https:\\\/\\\/www.sempertea.eu\\\/wp-content\\\/uploads\\\/2024\\\/07\\\/piramide-de-te-verde-al-por-mayor-ecologico-semper-tea.jpg\",\"width\":1000,\"height\":1000,\"caption\":\"piramide de te verde al por mayor ecologico semper tea\"},{\"@type\":\"BreadcrumbList\",\"@id\":\"https:\\\/\\\/www.sempertea.eu\\\/en\\\/pure-green-tea-eco-packed-compostable-biodegradable-bag\\\/#breadcrumb\",\"itemListElement\":[{\"@type\":\"ListItem\",\"position\":1,\"name\":\"Portada\",\"item\":\"https:\\\/\\\/www.sempertea.eu\\\/en\\\/\"},{\"@type\":\"ListItem\",\"position\":2,\"name\":\"Shop\",\"item\":\"https:\\\/\\\/www.sempertea.eu\\\/en\\\/shop\\\/\"},{\"@type\":\"ListItem\",\"position\":3,\"name\":\"GREEN loose tea pyramids | Green tea\"}]},{\"@type\":\"WebSite\",\"@id\":\"https:\\\/\\\/www.sempertea.eu\\\/#website\",\"url\":\"https:\\\/\\\/www.sempertea.eu\\\/\",\"name\":\"Semper Tea | Mayorista y fabricante de T\u00e9s e Infusiones para hoteles, restaurantes y bares\",\"description\":\"T\u00e9s e infusiones para hosteler\u00eda, hoteler\u00eda y comercio\",\"potentialAction\":[{\"@type\":\"SearchAction\",\"target\":{\"@type\":\"EntryPoint\",\"urlTemplate\":\"https:\\\/\\\/www.sempertea.eu\\\/?s={search_term_string}\"},\"query-input\":{\"@type\":\"PropertyValueSpecification\",\"valueRequired\":true,\"valueName\":\"search_term_string\"}}],\"inLanguage\":\"en-US\"}]}<\/script>\n<!-- \/ Yoast SEO Premium plugin. -->","yoast_head_json":{"title":"Pure Green Tea ECO | Fresh vitality | Packed compostable biodegradable","description":"Vitality of Green Tea in loose tea pyramids. Refreshing, antioxidant-rich experience with compostable, biodegradable packaging. For a sustainable lifestyle","robots":{"index":"index","follow":"follow","max-snippet":"max-snippet:-1","max-image-preview":"max-image-preview:large","max-video-preview":"max-video-preview:-1"},"canonical":"https:\/\/www.sempertea.eu\/en\/pure-green-tea-eco-packed-compostable-biodegradable-bag\/","og_locale":"en_US","og_type":"article","og_title":"GREEN loose tea pyramids | Green tea","og_description":"Vitality of Green Tea in loose tea pyramids. Refreshing, antioxidant-rich experience with compostable, biodegradable packaging. For a sustainable lifestyle","og_url":"https:\/\/www.sempertea.eu\/en\/pure-green-tea-eco-packed-compostable-biodegradable-bag\/","og_site_name":"Semper Tea | Mayorista y fabricante de T\u00e9s e Infusiones para hoteles, restaurantes y bares","article_modified_time":"2024-07-20T20:49:31+00:00","og_image":[{"width":1000,"height":1000,"url":"https:\/\/www.sempertea.eu\/wp-content\/uploads\/2024\/07\/piramide-de-te-verde-al-por-mayor-ecologico-semper-tea.jpg","type":"image\/jpeg"}],"twitter_card":"summary_large_image","twitter_misc":{"Est. reading time":"1 minute"},"schema":{"@context":"https:\/\/schema.org","@graph":[{"@type":"WebPage","@id":"https:\/\/www.sempertea.eu\/en\/pure-green-tea-eco-packed-compostable-biodegradable-bag\/","url":"https:\/\/www.sempertea.eu\/en\/pure-green-tea-eco-packed-compostable-biodegradable-bag\/","name":"Pure Green Tea ECO | Fresh vitality | Packed compostable biodegradable","isPartOf":{"@id":"https:\/\/www.sempertea.eu\/#website"},"primaryImageOfPage":{"@id":"https:\/\/www.sempertea.eu\/en\/pure-green-tea-eco-packed-compostable-biodegradable-bag\/#primaryimage"},"image":{"@id":"https:\/\/www.sempertea.eu\/en\/pure-green-tea-eco-packed-compostable-biodegradable-bag\/#primaryimage"},"thumbnailUrl":"https:\/\/www.sempertea.eu\/wp-content\/uploads\/2024\/07\/piramide-de-te-verde-al-por-mayor-ecologico-semper-tea.jpg","datePublished":"2024-07-20T20:34:27+00:00","dateModified":"2024-07-20T20:49:31+00:00","description":"Vitality of Green Tea in loose tea pyramids. Refreshing, antioxidant-rich experience with compostable, biodegradable packaging. For a sustainable lifestyle","breadcrumb":{"@id":"https:\/\/www.sempertea.eu\/en\/pure-green-tea-eco-packed-compostable-biodegradable-bag\/#breadcrumb"},"inLanguage":"en-US","potentialAction":[{"@type":"ReadAction","target":["https:\/\/www.sempertea.eu\/en\/pure-green-tea-eco-packed-compostable-biodegradable-bag\/"]}]},{"@type":"ImageObject","inLanguage":"en-US","@id":"https:\/\/www.sempertea.eu\/en\/pure-green-tea-eco-packed-compostable-biodegradable-bag\/#primaryimage","url":"https:\/\/www.sempertea.eu\/wp-content\/uploads\/2024\/07\/piramide-de-te-verde-al-por-mayor-ecologico-semper-tea.jpg","contentUrl":"https:\/\/www.sempertea.eu\/wp-content\/uploads\/2024\/07\/piramide-de-te-verde-al-por-mayor-ecologico-semper-tea.jpg","width":1000,"height":1000,"caption":"piramide de te verde al por mayor ecologico semper tea"},{"@type":"BreadcrumbList","@id":"https:\/\/www.sempertea.eu\/en\/pure-green-tea-eco-packed-compostable-biodegradable-bag\/#breadcrumb","itemListElement":[{"@type":"ListItem","position":1,"name":"Portada","item":"https:\/\/www.sempertea.eu\/en\/"},{"@type":"ListItem","position":2,"name":"Shop","item":"https:\/\/www.sempertea.eu\/en\/shop\/"},{"@type":"ListItem","position":3,"name":"GREEN loose tea pyramids | Green tea"}]},{"@type":"WebSite","@id":"https:\/\/www.sempertea.eu\/#website","url":"https:\/\/www.sempertea.eu\/","name":"Semper Tea | Mayorista y fabricante de T\u00e9s e Infusiones para hoteles, restaurantes y bares","description":"T\u00e9s e infusiones para hosteler\u00eda, hoteler\u00eda y comercio","potentialAction":[{"@type":"SearchAction","target":{"@type":"EntryPoint","urlTemplate":"https:\/\/www.sempertea.eu\/?s={search_term_string}"},"query-input":{"@type":"PropertyValueSpecification","valueRequired":true,"valueName":"search_term_string"}}],"inLanguage":"en-US"}]}},"_links":{"self":[{"href":"https:\/\/www.sempertea.eu\/en\/wp-json\/wp\/v2\/product\/11370","targetHints":{"allow":["GET"]}}],"collection":[{"href":"https:\/\/www.sempertea.eu\/en\/wp-json\/wp\/v2\/product"}],"about":[{"href":"https:\/\/www.sempertea.eu\/en\/wp-json\/wp\/v2\/types\/product"}],"replies":[{"embeddable":true,"href":"https:\/\/www.sempertea.eu\/en\/wp-json\/wp\/v2\/comments?post=11370"}],"wp:featuredmedia":[{"embeddable":true,"href":"https:\/\/www.sempertea.eu\/en\/wp-json\/wp\/v2\/media\/10662"}],"wp:attachment":[{"href":"https:\/\/www.sempertea.eu\/en\/wp-json\/wp\/v2\/media?parent=11370"}],"wp:term":[{"taxonomy":"product_brand","embeddable":true,"href":"https:\/\/www.sempertea.eu\/en\/wp-json\/wp\/v2\/product_brand?post=11370"},{"taxonomy":"product_cat","embeddable":true,"href":"https:\/\/www.sempertea.eu\/en\/wp-json\/wp\/v2\/product_cat?post=11370"},{"taxonomy":"product_tag","embeddable":true,"href":"https:\/\/www.sempertea.eu\/en\/wp-json\/wp\/v2\/product_tag?post=11370"}],"curies":[{"name":"wp","href":"https:\/\/api.w.org\/{rel}","templated":true}]}}