{"id":11336,"date":"2024-07-10T21:45:49","date_gmt":"2024-07-18T21:26:21","guid":{"rendered":"https:\/\/www.sempertea.eu\/camomile-bulk-pyramids-chamomile-tea\/"},"modified":"2024-07-19T21:26:17","modified_gmt":"2024-07-19T20:26:17","slug":"organic-chamomile-tea-in-loose-pyramid-bag-eco-responsible","status":"publish","type":"product","link":"https:\/\/www.sempertea.eu\/en\/organic-chamomile-tea-in-loose-pyramid-bag-eco-responsible\/","title":{"rendered":"CAMOMILE loose tea pyramids | Chamomile tea"},"content":{"rendered":"<h2>Relax in every sip: Organic chamomile infusion<\/h2>\n<p>Experience pure serenity with our organic chamomile infusion in wholesale pyramids. Known since ancient times as \u201cmother\u2019s tea,\u201d this infusion has been valued by various cultures as a calming and restorative elixir. Our blend, made from whole flowers, unfolds a delicate aroma that invites relaxation at any time of the day. Caffeine-free, it is the perfect choice for moments of tranquility and well-being.<\/p>\n<h3>Aromatic purity, caffeine-free<\/h3>\n<p>Our organic chamomile tea is an expression of the natural and authentic. Certified by the EU organic label, it comes from controlled organic cultivation, free of chemical additives. With every sip, your guests can savor the genuine essence of chamomile, without distractions or compromises.<\/p>\n<p>Our handy pyramid bulk bags allow you to enjoy this exquisite infusion easily at any time. The Lava40 tea line complies with UNE EN 13432 standards, ensuring they are <strong>biodegradable and compostable<\/strong>. Opt for a sustainable and environmentally friendly choice.<\/p>\n","protected":false},"excerpt":{"rendered":"<p><strong>Chamomile in biodegradable pyramid-shaped bags: Eco-friendly and comforting<\/strong><\/p>\n<p>Experience the soothing and comforting charm of eco-friendly chamomile, carefully presented in biodegradable pyramid-shaped sachets. At the heart of each sachet, Egyptian chamomile unfolds its delicate aroma, inviting your guests to enjoy moments of calm and serenity at any time of the day.<\/p>\n","protected":false},"featured_media":10650,"comment_status":"open","ping_status":"closed","template":"","meta":[],"product_brand":[],"product_cat":[163,191,154,155,158,196,160,190,193,161,162,218],"product_tag":[259],"class_list":{"0":"post-11336","1":"product","2":"type-product","3":"status-publish","4":"has-post-thumbnail","6":"product_cat-product-brochure-of-tea","7":"product_cat-buy-organic-loose-teas-tisanes-in-bulk","8":"product_cat-unique-exclusive-tea-collections","9":"product_cat-types-of-tea-packaging","10":"product_cat-the-best-herbal-teas-organic-online-shop","11":"product_cat-tea-pyramid-bags-bulk-compostable-eco-friendly-tea-brands","12":"product_cat-teas-and-tisanes-organic-buy-online","13":"product_cat-plastic-free-tea-packaging","14":"product_cat-tea-pyramid-biodegradable","15":"product_cat-exclusive-tea-line","16":"product_cat-todos-en","17":"product_cat-uncategorized-en","18":"product_tag-lava40-en","20":"first","21":"instock","22":"shipping-taxable","23":"purchasable","24":"product-type-variable"},"yoast_head":"<!-- This site is optimized with the Yoast SEO Premium plugin v27.3 (Yoast SEO v27.4) - https:\/\/yoast.com\/product\/yoast-seo-premium-wordpress\/ -->\n<title>Relax with organic Chamomile tea in loose pyramid bag | Eco-responsible<\/title>\n<meta name=\"description\" content=\"Relax with organic chamomile tea in bulk pyramids. Organic, caffeine-free and biodegradable for moments of tranquillity.\" \/>\n<meta name=\"robots\" content=\"index, follow, max-snippet:-1, max-image-preview:large, max-video-preview:-1\" \/>\n<link rel=\"canonical\" href=\"https:\/\/www.sempertea.eu\/en\/organic-chamomile-tea-in-loose-pyramid-bag-eco-responsible\/\" \/>\n<meta property=\"og:locale\" content=\"en_US\" \/>\n<meta property=\"og:type\" content=\"article\" \/>\n<meta property=\"og:title\" content=\"CAMOMILE loose tea pyramids | Chamomile tea\" \/>\n<meta property=\"og:description\" content=\"Relax with organic chamomile tea in bulk pyramids. Organic, caffeine-free and biodegradable for moments of tranquillity.\" \/>\n<meta property=\"og:url\" content=\"https:\/\/www.sempertea.eu\/en\/organic-chamomile-tea-in-loose-pyramid-bag-eco-responsible\/\" \/>\n<meta property=\"og:site_name\" content=\"Semper Tea | Mayorista y fabricante de T\u00e9s e Infusiones para hoteles, restaurantes y bares\" \/>\n<meta property=\"article:modified_time\" content=\"2024-07-19T20:26:17+00:00\" \/>\n<meta property=\"og:image\" content=\"https:\/\/www.sempertea.eu\/wp-content\/uploads\/2024\/07\/infusion-piramide-al-por-mayor-manzanilla-organic-semper-tea.jpg\" \/>\n\t<meta property=\"og:image:width\" content=\"1000\" \/>\n\t<meta property=\"og:image:height\" content=\"1000\" \/>\n\t<meta property=\"og:image:type\" content=\"image\/jpeg\" \/>\n<meta name=\"twitter:card\" content=\"summary_large_image\" \/>\n<meta name=\"twitter:label1\" content=\"Est. reading time\" \/>\n\t<meta name=\"twitter:data1\" content=\"1 minute\" \/>\n<script type=\"application\/ld+json\" class=\"yoast-schema-graph\">{\"@context\":\"https:\\\/\\\/schema.org\",\"@graph\":[{\"@type\":\"WebPage\",\"@id\":\"https:\\\/\\\/www.sempertea.eu\\\/en\\\/organic-chamomile-tea-in-loose-pyramid-bag-eco-responsible\\\/\",\"url\":\"https:\\\/\\\/www.sempertea.eu\\\/en\\\/organic-chamomile-tea-in-loose-pyramid-bag-eco-responsible\\\/\",\"name\":\"Relax with organic Chamomile tea in loose pyramid bag | Eco-responsible\",\"isPartOf\":{\"@id\":\"https:\\\/\\\/www.sempertea.eu\\\/#website\"},\"primaryImageOfPage\":{\"@id\":\"https:\\\/\\\/www.sempertea.eu\\\/en\\\/organic-chamomile-tea-in-loose-pyramid-bag-eco-responsible\\\/#primaryimage\"},\"image\":{\"@id\":\"https:\\\/\\\/www.sempertea.eu\\\/en\\\/organic-chamomile-tea-in-loose-pyramid-bag-eco-responsible\\\/#primaryimage\"},\"thumbnailUrl\":\"https:\\\/\\\/www.sempertea.eu\\\/wp-content\\\/uploads\\\/2024\\\/07\\\/infusion-piramide-al-por-mayor-manzanilla-organic-semper-tea.jpg\",\"datePublished\":\"2024-07-18T21:26:21+00:00\",\"dateModified\":\"2024-07-19T20:26:17+00:00\",\"description\":\"Relax with organic chamomile tea in bulk pyramids. Organic, caffeine-free and biodegradable for moments of tranquillity.\",\"breadcrumb\":{\"@id\":\"https:\\\/\\\/www.sempertea.eu\\\/en\\\/organic-chamomile-tea-in-loose-pyramid-bag-eco-responsible\\\/#breadcrumb\"},\"inLanguage\":\"en-US\",\"potentialAction\":[{\"@type\":\"ReadAction\",\"target\":[\"https:\\\/\\\/www.sempertea.eu\\\/en\\\/organic-chamomile-tea-in-loose-pyramid-bag-eco-responsible\\\/\"]}]},{\"@type\":\"ImageObject\",\"inLanguage\":\"en-US\",\"@id\":\"https:\\\/\\\/www.sempertea.eu\\\/en\\\/organic-chamomile-tea-in-loose-pyramid-bag-eco-responsible\\\/#primaryimage\",\"url\":\"https:\\\/\\\/www.sempertea.eu\\\/wp-content\\\/uploads\\\/2024\\\/07\\\/infusion-piramide-al-por-mayor-manzanilla-organic-semper-tea.jpg\",\"contentUrl\":\"https:\\\/\\\/www.sempertea.eu\\\/wp-content\\\/uploads\\\/2024\\\/07\\\/infusion-piramide-al-por-mayor-manzanilla-organic-semper-tea.jpg\",\"width\":1000,\"height\":1000,\"caption\":\"infusion piramide al por mayor manzanilla organic semper tea\"},{\"@type\":\"BreadcrumbList\",\"@id\":\"https:\\\/\\\/www.sempertea.eu\\\/en\\\/organic-chamomile-tea-in-loose-pyramid-bag-eco-responsible\\\/#breadcrumb\",\"itemListElement\":[{\"@type\":\"ListItem\",\"position\":1,\"name\":\"Portada\",\"item\":\"https:\\\/\\\/www.sempertea.eu\\\/en\\\/\"},{\"@type\":\"ListItem\",\"position\":2,\"name\":\"Shop\",\"item\":\"https:\\\/\\\/www.sempertea.eu\\\/en\\\/shop\\\/\"},{\"@type\":\"ListItem\",\"position\":3,\"name\":\"CAMOMILE loose tea pyramids | Chamomile tea\"}]},{\"@type\":\"WebSite\",\"@id\":\"https:\\\/\\\/www.sempertea.eu\\\/#website\",\"url\":\"https:\\\/\\\/www.sempertea.eu\\\/\",\"name\":\"Semper Tea | Mayorista y fabricante de T\u00e9s e Infusiones para hoteles, restaurantes y bares\",\"description\":\"T\u00e9s e infusiones para hosteler\u00eda, hoteler\u00eda y comercio\",\"potentialAction\":[{\"@type\":\"SearchAction\",\"target\":{\"@type\":\"EntryPoint\",\"urlTemplate\":\"https:\\\/\\\/www.sempertea.eu\\\/?s={search_term_string}\"},\"query-input\":{\"@type\":\"PropertyValueSpecification\",\"valueRequired\":true,\"valueName\":\"search_term_string\"}}],\"inLanguage\":\"en-US\"}]}<\/script>\n<!-- \/ Yoast SEO Premium plugin. -->","yoast_head_json":{"title":"Relax with organic Chamomile tea in loose pyramid bag | Eco-responsible","description":"Relax with organic chamomile tea in bulk pyramids. Organic, caffeine-free and biodegradable for moments of tranquillity.","robots":{"index":"index","follow":"follow","max-snippet":"max-snippet:-1","max-image-preview":"max-image-preview:large","max-video-preview":"max-video-preview:-1"},"canonical":"https:\/\/www.sempertea.eu\/en\/organic-chamomile-tea-in-loose-pyramid-bag-eco-responsible\/","og_locale":"en_US","og_type":"article","og_title":"CAMOMILE loose tea pyramids | Chamomile tea","og_description":"Relax with organic chamomile tea in bulk pyramids. Organic, caffeine-free and biodegradable for moments of tranquillity.","og_url":"https:\/\/www.sempertea.eu\/en\/organic-chamomile-tea-in-loose-pyramid-bag-eco-responsible\/","og_site_name":"Semper Tea | Mayorista y fabricante de T\u00e9s e Infusiones para hoteles, restaurantes y bares","article_modified_time":"2024-07-19T20:26:17+00:00","og_image":[{"width":1000,"height":1000,"url":"https:\/\/www.sempertea.eu\/wp-content\/uploads\/2024\/07\/infusion-piramide-al-por-mayor-manzanilla-organic-semper-tea.jpg","type":"image\/jpeg"}],"twitter_card":"summary_large_image","twitter_misc":{"Est. reading time":"1 minute"},"schema":{"@context":"https:\/\/schema.org","@graph":[{"@type":"WebPage","@id":"https:\/\/www.sempertea.eu\/en\/organic-chamomile-tea-in-loose-pyramid-bag-eco-responsible\/","url":"https:\/\/www.sempertea.eu\/en\/organic-chamomile-tea-in-loose-pyramid-bag-eco-responsible\/","name":"Relax with organic Chamomile tea in loose pyramid bag | Eco-responsible","isPartOf":{"@id":"https:\/\/www.sempertea.eu\/#website"},"primaryImageOfPage":{"@id":"https:\/\/www.sempertea.eu\/en\/organic-chamomile-tea-in-loose-pyramid-bag-eco-responsible\/#primaryimage"},"image":{"@id":"https:\/\/www.sempertea.eu\/en\/organic-chamomile-tea-in-loose-pyramid-bag-eco-responsible\/#primaryimage"},"thumbnailUrl":"https:\/\/www.sempertea.eu\/wp-content\/uploads\/2024\/07\/infusion-piramide-al-por-mayor-manzanilla-organic-semper-tea.jpg","datePublished":"2024-07-18T21:26:21+00:00","dateModified":"2024-07-19T20:26:17+00:00","description":"Relax with organic chamomile tea in bulk pyramids. Organic, caffeine-free and biodegradable for moments of tranquillity.","breadcrumb":{"@id":"https:\/\/www.sempertea.eu\/en\/organic-chamomile-tea-in-loose-pyramid-bag-eco-responsible\/#breadcrumb"},"inLanguage":"en-US","potentialAction":[{"@type":"ReadAction","target":["https:\/\/www.sempertea.eu\/en\/organic-chamomile-tea-in-loose-pyramid-bag-eco-responsible\/"]}]},{"@type":"ImageObject","inLanguage":"en-US","@id":"https:\/\/www.sempertea.eu\/en\/organic-chamomile-tea-in-loose-pyramid-bag-eco-responsible\/#primaryimage","url":"https:\/\/www.sempertea.eu\/wp-content\/uploads\/2024\/07\/infusion-piramide-al-por-mayor-manzanilla-organic-semper-tea.jpg","contentUrl":"https:\/\/www.sempertea.eu\/wp-content\/uploads\/2024\/07\/infusion-piramide-al-por-mayor-manzanilla-organic-semper-tea.jpg","width":1000,"height":1000,"caption":"infusion piramide al por mayor manzanilla organic semper tea"},{"@type":"BreadcrumbList","@id":"https:\/\/www.sempertea.eu\/en\/organic-chamomile-tea-in-loose-pyramid-bag-eco-responsible\/#breadcrumb","itemListElement":[{"@type":"ListItem","position":1,"name":"Portada","item":"https:\/\/www.sempertea.eu\/en\/"},{"@type":"ListItem","position":2,"name":"Shop","item":"https:\/\/www.sempertea.eu\/en\/shop\/"},{"@type":"ListItem","position":3,"name":"CAMOMILE loose tea pyramids | Chamomile tea"}]},{"@type":"WebSite","@id":"https:\/\/www.sempertea.eu\/#website","url":"https:\/\/www.sempertea.eu\/","name":"Semper Tea | Mayorista y fabricante de T\u00e9s e Infusiones para hoteles, restaurantes y bares","description":"T\u00e9s e infusiones para hosteler\u00eda, hoteler\u00eda y comercio","potentialAction":[{"@type":"SearchAction","target":{"@type":"EntryPoint","urlTemplate":"https:\/\/www.sempertea.eu\/?s={search_term_string}"},"query-input":{"@type":"PropertyValueSpecification","valueRequired":true,"valueName":"search_term_string"}}],"inLanguage":"en-US"}]}},"_links":{"self":[{"href":"https:\/\/www.sempertea.eu\/en\/wp-json\/wp\/v2\/product\/11336","targetHints":{"allow":["GET"]}}],"collection":[{"href":"https:\/\/www.sempertea.eu\/en\/wp-json\/wp\/v2\/product"}],"about":[{"href":"https:\/\/www.sempertea.eu\/en\/wp-json\/wp\/v2\/types\/product"}],"replies":[{"embeddable":true,"href":"https:\/\/www.sempertea.eu\/en\/wp-json\/wp\/v2\/comments?post=11336"}],"wp:featuredmedia":[{"embeddable":true,"href":"https:\/\/www.sempertea.eu\/en\/wp-json\/wp\/v2\/media\/10650"}],"wp:attachment":[{"href":"https:\/\/www.sempertea.eu\/en\/wp-json\/wp\/v2\/media?parent=11336"}],"wp:term":[{"taxonomy":"product_brand","embeddable":true,"href":"https:\/\/www.sempertea.eu\/en\/wp-json\/wp\/v2\/product_brand?post=11336"},{"taxonomy":"product_cat","embeddable":true,"href":"https:\/\/www.sempertea.eu\/en\/wp-json\/wp\/v2\/product_cat?post=11336"},{"taxonomy":"product_tag","embeddable":true,"href":"https:\/\/www.sempertea.eu\/en\/wp-json\/wp\/v2\/product_tag?post=11336"}],"curies":[{"name":"wp","href":"https:\/\/api.w.org\/{rel}","templated":true}]}}