{"id":5786,"date":"2022-09-27T18:42:23","date_gmt":"2022-09-27T17:42:23","guid":{"rendered":"https:\/\/www.sempertea.eu\/your-ally-for-hotels-catering-and-restaurants\/"},"modified":"2024-07-18T09:38:44","modified_gmt":"2024-07-18T08:38:44","slug":"tea-for-hotels-catering-and-restaurants-industry","status":"publish","type":"page","link":"https:\/\/www.sempertea.eu\/en\/tea-for-hotels-catering-and-restaurants-industry\/","title":{"rendered":"Your ally for Horeca"},"content":{"rendered":"\n  <div class=\"banner has-hover\" id=\"banner-29422345\">\n          <div class=\"banner-inner fill\">\n        <div class=\"banner-bg fill\" >\n            <img loading=\"lazy\" decoding=\"async\" width=\"2500\" height=\"1500\" src=\"https:\/\/www.sempertea.eu\/wp-content\/uploads\/2024\/07\/tes-infusiones-para-sector-horeca-semper-tea.jpg\" class=\"bg attachment-original size-original\" alt=\"tes infusiones para sector horeca semper tea\" \/>                                    \n\t<div class=\"is-border\"\n\t\tstyle=\"border-width:0px 0px px 0px;\">\n\t<\/div>\n                    <\/div>\n\t\t\n        <div class=\"banner-layers container\">\n            <div class=\"fill banner-link\"><\/div>            \n   <div id=\"text-box-834068303\" class=\"text-box banner-layer x50 md-x50 lg-x50 y50 md-y50 lg-y50 res-text\">\n                                <div class=\"text-box-content text \">\n              \n              <div class=\"text-inner text-center\">\n                  \n\t<div id=\"gap-1930519389\" class=\"gap-element clearfix\" style=\"display:block; height:auto;\">\n\t\t\n<style>\n#gap-1930519389 {\n  padding-top: 20px;\n}\n<\/style>\n\t<\/div>\n\t\n<div class=\"is-divider divider clearfix\" style=\"max-width:520px;background-color:rgb(192, 192, 192);\"><\/div>\n<h1><span data-text-color=\"secondary\">Your ally for the hospitality sector<\/span><\/h1>\n<p><span data-text-color=\"secondary\"><span style=\"font-size: 150%;\">Semper Tea &#8211; Organic teas in designer packaging<\/span><\/span><\/p>\n\t<div id=\"gap-1877588584\" class=\"gap-element clearfix\" style=\"display:block; height:auto;\">\n\t\t\n<style>\n#gap-1877588584 {\n  padding-top: 20px;\n}\n<\/style>\n\t<\/div>\n\t\n              <\/div>\n           <\/div>\n                            \n<style>\n#text-box-834068303 .text-box-content {\n  background-color: rgba(0, 0, 0, 0.26);\n  font-size: 100%;\n}\n#text-box-834068303 {\n  width: 80%;\n}\n<\/style>\n    <\/div>\n \n        <\/div>\n      <\/div>\n\n            \n<style>\n#banner-29422345 {\n  padding-top: 400px;\n  background-color: rgb(255,255,255);\n}\n#banner-29422345 .banner-bg img {\n  object-position: 0% 59%;\n}\n@media (min-width:550px) {\n  #banner-29422345 {\n    padding-top: 500px;\n  }\n}\n<\/style>\n  <\/div>\n\n\n\n  <div class=\"banner has-hover\" id=\"banner-2075353067\">\n          <div class=\"banner-inner fill\">\n        <div class=\"banner-bg fill\" >\n                                                \n                    <\/div>\n\t\t\n        <div class=\"banner-layers container\">\n            <div class=\"fill banner-link\"><\/div>            \n   <div id=\"text-box-1131131063\" class=\"text-box banner-layer x50 md-x50 lg-x50 y50 md-y50 lg-y50 res-text\">\n                                <div class=\"text-box-content text dark\">\n              \n              <div class=\"text-inner text-center\">\n                  \n<h3><span data-text-color=\"primary\">Customised formats and a unique presentation<\/span><\/h3>\n<p><span data-text-color=\"primary\">We are manufacturer and supplier of organic teas providing creative, sustainable, elegant and practical solutions for the hospitality industry. Turning a cup of tea into pure joy.<\/span><\/p>\n<a data-animate=\"fadeInLeft\" href=\"https:\/\/www.sempertea.eu\/en\/contact\/\" class=\"button success lowercase\" style=\"border-radius:99px;\">\n\t\t<span>Call us<\/span>\n\t<\/a>\n\n              <\/div>\n           <\/div>\n                            \n<style>\n#text-box-1131131063 {\n  width: 56%;\n}\n#text-box-1131131063 .text-box-content {\n  font-size: 100%;\n}\n@media (min-width:550px) {\n  #text-box-1131131063 {\n    width: 64%;\n  }\n}\n<\/style>\n    <\/div>\n \n        <\/div>\n      <\/div>\n\n            \n<style>\n#banner-2075353067 {\n  padding-top: 350px;\n  background-color: rgb(255, 255, 255);\n}\n@media (min-width:550px) {\n  #banner-2075353067 {\n    padding-top: 300px;\n  }\n}\n<\/style>\n  <\/div>\n\n\n<div class=\"row row-collapse row-full-width align-middle align-center\"  id=\"row-241050060\">\n\n\t<div id=\"col-1411616620\" class=\"col medium-12 small-12 large-8 medium-col-first\"  >\n\t\t\t\t<div class=\"col-inner\"  >\n\t\t\t\n\t\t\t\n\n  <div class=\"banner has-hover\" id=\"banner-1033739076\">\n          <div class=\"banner-inner fill\">\n        <div class=\"banner-bg fill\" >\n            <img loading=\"lazy\" decoding=\"async\" width=\"1726\" height=\"1500\" src=\"https:\/\/www.sempertea.eu\/wp-content\/uploads\/2021\/08\/tes-piramide-para-restaurante-cafeteria-bar-semper-tea.jpg\" class=\"bg attachment-original size-original\" alt=\"\" \/>                                    \n                    <\/div>\n\t\t\n        <div class=\"banner-layers container\">\n            <div class=\"fill banner-link\"><\/div>            \n        <\/div>\n      <\/div>\n\n            \n<style>\n#banner-1033739076 {\n  padding-top: 300px;\n  background-color: rgb(255, 255, 255);\n}\n#banner-1033739076 .banner-bg img {\n  object-position: 0% 72%;\n}\n@media (min-width:550px) {\n  #banner-1033739076 {\n    padding-top: 500px;\n  }\n}\n@media (min-width:850px) {\n  #banner-1033739076 {\n    padding-top: 400px;\n  }\n}\n<\/style>\n  <\/div>\n\n\n\t\t<\/div>\n\t\t\t\t\t<\/div>\n\n\t\n\n\t<div id=\"col-1314930667\" class=\"col medium-10 small-11 large-4\"  >\n\t\t\t\t<div class=\"col-inner\" style=\"background-color:rgb(255, 255, 255);\" >\n\t\t\t\n\t\t\t\n<h3><span style=\"font-size: 140%;\" data-line-height=\"s\">Combining tradition and avantgarde<\/span><\/h3>\n<p>Quality comes first. Offering carefully selected flavours and blends of organic tea and tisanes.<\/p>\n\t\t<\/div>\n\t\t\t\t\n<style>\n#col-1314930667 > .col-inner {\n  padding: 0px 10% 0px 10%;\n}\n<\/style>\n\t<\/div>\n\n\t\n\n<style>\n#row-241050060 > .col > .col-inner {\n  background-color: rgb(17, 16, 16);\n}\n<\/style>\n<\/div>\n<div class=\"row row-collapse row-full-width align-middle align-center\"  id=\"row-1416033593\">\n\n\t<div id=\"col-1920796983\" class=\"col medium-12 small-12 large-4\"  >\n\t\t\t\t<div class=\"col-inner\"  >\n\t\t\t\n\t\t\t\n\n  <div class=\"banner has-hover\" id=\"banner-312274267\">\n          <div class=\"banner-inner fill\">\n        <div class=\"banner-bg fill\" >\n            <img loading=\"lazy\" decoding=\"async\" width=\"900\" height=\"380\" src=\"https:\/\/www.sempertea.eu\/wp-content\/uploads\/2024\/06\/infusiones-libres-de-plastico-semper-tea.jpg\" class=\"bg attachment-original size-original\" alt=\"infusiones libres de plastico semper tea\" \/>                                    \n                    <\/div>\n\t\t\n        <div class=\"banner-layers container\">\n            <div class=\"fill banner-link\"><\/div>            \n        <\/div>\n      <\/div>\n\n            \n<style>\n#banner-312274267 {\n  padding-top: 300;\n  background-color: rgb(255, 255, 255);\n}\n#banner-312274267 .banner-bg img {\n  object-position: 52% 71%;\n}\n@media (min-width:550px) {\n  #banner-312274267 {\n    padding-top: 400px;\n  }\n}\n<\/style>\n  <\/div>\n\n\n\t\t<\/div>\n\t\t\t\t\t<\/div>\n\n\t\n\n\t<div id=\"col-766433299\" class=\"col medium-10 small-11 large-4\"  >\n\t\t\t\t<div class=\"col-inner\"  >\n\t\t\t\n\t\t\t\n\t<div id=\"gap-700639054\" class=\"gap-element clearfix\" style=\"display:block; height:auto;\">\n\t\t\n<style>\n#gap-700639054 {\n  padding-top: 20px;\n}\n<\/style>\n\t<\/div>\n\t\n<h3><span style=\"font-size: 110%;\">Be unique<\/span><\/h3>\n<p>For over 15 years we have been a tea supplier within the Horeca sector as well as specialised shops.<\/p>\n<p>With Semper Tea you have an ally that will allow to differentiate yourself from the crowd. We take care of the tea selection, the premium quality as well as the attractive packaging and presentation.<\/p>\n\t\t<\/div>\n\t\t\t\t\n<style>\n#col-766433299 > .col-inner {\n  padding: 0px 10% 0px 10%;\n}\n<\/style>\n\t<\/div>\n\n\t\n\n\t<div id=\"col-1257765318\" class=\"col medium-12 small-12 large-4\"  >\n\t\t\t\t<div class=\"col-inner\"  >\n\t\t\t\n\t\t\t\n\n  <div class=\"banner has-hover\" id=\"banner-159865366\">\n          <div class=\"banner-inner fill\">\n        <div class=\"banner-bg fill\" >\n            <img loading=\"lazy\" decoding=\"async\" width=\"1000\" height=\"1000\" src=\"https:\/\/www.sempertea.eu\/wp-content\/uploads\/2021\/07\/mint-infusion-menta-bolsita-piramidal-biodegradable-semper-tea.jpg\" class=\"bg attachment-original size-original\" alt=\"\" \/>                                    \n                    <\/div>\n\t\t\n        <div class=\"banner-layers container\">\n            <div class=\"fill banner-link\"><\/div>            \n        <\/div>\n      <\/div>\n\n            \n<style>\n#banner-159865366 {\n  padding-top: 300px;\n  background-color: rgb(255, 255, 255);\n}\n#banner-159865366 .banner-bg img {\n  object-position: 54% 89%;\n}\n@media (min-width:550px) {\n  #banner-159865366 {\n    padding-top: 400px;\n  }\n}\n<\/style>\n  <\/div>\n\n\n\t\t<\/div>\n\t\t\t\t\t<\/div>\n\n\t\n<\/div>\n<div class=\"row row-collapse row-full-width align-middle align-center\"  id=\"row-923695566\">\n\n\t<div id=\"col-1908359585\" class=\"col medium-10 small-12 large-4\"  >\n\t\t\t\t<div class=\"col-inner\"  >\n\t\t\t\n\t\t\t\n<div class=\"row align-middle align-center\"  id=\"row-1599529864\">\n\n\t<div id=\"col-160841569\" class=\"col medium-12 small-11 large-12\"  >\n\t\t\t\t<div class=\"col-inner text-left\"  >\n\t\t\t\n\t\t\t\n\t<div id=\"gap-13585530\" class=\"gap-element clearfix\" style=\"display:block; height:auto;\">\n\t\t\n<style>\n#gap-13585530 {\n  padding-top: 50px;\n}\n<\/style>\n\t<\/div>\n\t\n<h3>Tea displays and boxes<\/h3>\n<p>Elegant tea boxes and displays in different sizes ensure tidiness on any buffet, bar or counter and at the same time attracts attention with their appealing presentation.<\/p>\n<a class=\"button secondary is-underline\" >\n\t\t<span>Read more<\/span>\n\t<\/a>\n\n\t\t<\/div>\n\t\t\t\t\n<style>\n#col-160841569 > .col-inner {\n  padding: 0px 15% 0px 10%;\n}\n<\/style>\n\t<\/div>\n\n\t\n<\/div>\n\t\t<\/div>\n\t\t\t\t\t<\/div>\n\n\t\n\n\t<div id=\"col-510929022\" class=\"col medium-12 small-12 large-8\"  >\n\t\t\t\t<div class=\"col-inner\"  >\n\t\t\t\n\t\t\t\n\n  <div class=\"banner has-hover\" id=\"banner-1071832786\">\n          <div class=\"banner-inner fill\">\n        <div class=\"banner-bg fill\" >\n            <img loading=\"lazy\" decoding=\"async\" width=\"900\" height=\"380\" src=\"https:\/\/www.sempertea.eu\/wp-content\/uploads\/2022\/10\/caja-tes-infusiones-organicas-restauracion-semper-tea.jpg\" class=\"bg attachment-original size-original\" alt=\"caja tes infusiones organicas restauracion semper tea\" \/>                                    \n                    <\/div>\n\t\t\n        <div class=\"banner-layers container\">\n            <div class=\"fill banner-link\"><\/div>            \n        <\/div>\n      <\/div>\n\n            \n<style>\n#banner-1071832786 {\n  padding-top: 150px;\n  background-color: rgb(255, 255, 255);\n}\n#banner-1071832786 .banner-bg img {\n  object-position: 65% 50%;\n}\n@media (min-width:550px) {\n  #banner-1071832786 {\n    padding-top: 250px;\n  }\n}\n@media (min-width:850px) {\n  #banner-1071832786 {\n    padding-top: 400px;\n  }\n}\n<\/style>\n  <\/div>\n\n\n\t\t<\/div>\n\t\t\t\t\t<\/div>\n\n\t\n<\/div>\n<div class=\"row row-collapse row-full-width align-middle align-center\"  id=\"row-1641746119\">\n\n\t<div id=\"col-2131101428\" class=\"col medium-12 small-12 large-8 medium-col-first\"  >\n\t\t\t\t<div class=\"col-inner\"  >\n\t\t\t\n\t\t\t\n\n  <div class=\"banner has-hover\" id=\"banner-453342162\">\n          <div class=\"banner-inner fill\">\n        <div class=\"banner-bg fill\" >\n            <img loading=\"lazy\" decoding=\"async\" width=\"2000\" height=\"1500\" src=\"https:\/\/www.sempertea.eu\/wp-content\/uploads\/2024\/07\/tes-gourmet-para-eventos-y-catering-semper-tea.jpg\" class=\"bg attachment-original size-original\" alt=\"tes gourmet para eventos y catering semper tea\" \/>                                    \n                    <\/div>\n\t\t\n        <div class=\"banner-layers container\">\n            <div class=\"fill banner-link\"><\/div>            \n        <\/div>\n      <\/div>\n\n            \n<style>\n#banner-453342162 {\n  padding-top: 300px;\n  background-color: rgb(255, 255, 255);\n}\n#banner-453342162 .banner-bg img {\n  object-position: 0% 53%;\n}\n@media (min-width:550px) {\n  #banner-453342162 {\n    padding-top: 500px;\n  }\n}\n@media (min-width:850px) {\n  #banner-453342162 {\n    padding-top: 400px;\n  }\n}\n<\/style>\n  <\/div>\n\n\n\t\t<\/div>\n\t\t\t\t\t<\/div>\n\n\t\n\n\t<div id=\"col-1827538683\" class=\"col medium-10 small-11 large-4\"  >\n\t\t\t\t<div class=\"col-inner\" style=\"background-color:rgb(255, 255, 255);\" >\n\t\t\t\n\t\t\t\n<h4>We pay attention to every detail<\/h4>\n<p>We stand out in the crowd. Our tea concept reflects quality, green packaging, organic farming and a unique presentation.<\/p>\n<a href=\"https:\/\/www.sempertea.eu\/en\/contact\/\" class=\"button success lowercase\" style=\"border-radius:10px;\">\n\t\t<span>Questions?<\/span>\n\t<\/a>\n\n\t\t<\/div>\n\t\t\t\t\n<style>\n#col-1827538683 > .col-inner {\n  padding: 0px 10% 0px 10%;\n}\n<\/style>\n\t<\/div>\n\n\t\n\n<style>\n#row-1641746119 > .col > .col-inner {\n  background-color: rgb(17, 16, 16);\n}\n<\/style>\n<\/div>\n","protected":false},"excerpt":{"rendered":"","protected":false},"author":1,"featured_media":0,"parent":0,"menu_order":0,"comment_status":"closed","ping_status":"closed","template":"page-blank.php","meta":{"footnotes":""},"class_list":["post-5786","page","type-page","status-publish","hentry"],"yoast_head":"<!-- This site is optimized with the Yoast SEO Premium plugin v27.3 (Yoast SEO v27.4) - https:\/\/yoast.com\/product\/yoast-seo-premium-wordpress\/ -->\n<title>Products for the hospitality and catering industry | Organic tea for the hotel and catering industry | Semper Tea<\/title>\n<meta name=\"description\" content=\"Organic teas and tisanes for hotels, restaurants, cafes and catering | Displays, tea boxes and displays\" \/>\n<meta name=\"robots\" content=\"index, follow, max-snippet:-1, max-image-preview:large, max-video-preview:-1\" \/>\n<link rel=\"canonical\" href=\"https:\/\/www.sempertea.eu\/productos-hosteleria-horeca\/\" \/>\n<meta property=\"og:locale\" content=\"en_US\" \/>\n<meta property=\"og:type\" content=\"article\" \/>\n<meta property=\"og:title\" content=\"Your ally for Horeca\" \/>\n<meta property=\"og:description\" content=\"Organic teas and tisanes for hotels, restaurants, cafes and catering | Displays, tea boxes and displays\" \/>\n<meta property=\"og:url\" content=\"https:\/\/www.sempertea.eu\/productos-hosteleria-horeca\/\" \/>\n<meta property=\"og:site_name\" content=\"Semper Tea | Mayorista y fabricante de T\u00e9s e Infusiones para hoteles, restaurantes y bares\" \/>\n<meta property=\"article:modified_time\" content=\"2024-07-18T08:38:44+00:00\" \/>\n<meta name=\"twitter:card\" content=\"summary_large_image\" \/>\n<meta name=\"twitter:label1\" content=\"Est. reading time\" \/>\n\t<meta name=\"twitter:data1\" content=\"3 minutes\" \/>\n<script type=\"application\/ld+json\" class=\"yoast-schema-graph\">{\"@context\":\"https:\\\/\\\/schema.org\",\"@graph\":[{\"@type\":\"WebPage\",\"@id\":\"https:\\\/\\\/www.sempertea.eu\\\/productos-hosteleria-horeca\\\/\",\"url\":\"https:\\\/\\\/www.sempertea.eu\\\/productos-hosteleria-horeca\\\/\",\"name\":\"Products for the hospitality and catering industry | Organic tea for the hotel and catering industry | Semper Tea\",\"isPartOf\":{\"@id\":\"https:\\\/\\\/www.sempertea.eu\\\/#website\"},\"datePublished\":\"2022-09-27T17:42:23+00:00\",\"dateModified\":\"2024-07-18T08:38:44+00:00\",\"description\":\"Organic teas and tisanes for hotels, restaurants, cafes and catering | Displays, tea boxes and displays\",\"breadcrumb\":{\"@id\":\"https:\\\/\\\/www.sempertea.eu\\\/productos-hosteleria-horeca\\\/#breadcrumb\"},\"inLanguage\":\"en-US\",\"potentialAction\":[{\"@type\":\"ReadAction\",\"target\":[\"https:\\\/\\\/www.sempertea.eu\\\/productos-hosteleria-horeca\\\/\"]}]},{\"@type\":\"BreadcrumbList\",\"@id\":\"https:\\\/\\\/www.sempertea.eu\\\/productos-hosteleria-horeca\\\/#breadcrumb\",\"itemListElement\":[{\"@type\":\"ListItem\",\"position\":1,\"name\":\"Portada\",\"item\":\"https:\\\/\\\/www.sempertea.eu\\\/en\\\/\"},{\"@type\":\"ListItem\",\"position\":2,\"name\":\"Your ally for Horeca\"}]},{\"@type\":\"WebSite\",\"@id\":\"https:\\\/\\\/www.sempertea.eu\\\/#website\",\"url\":\"https:\\\/\\\/www.sempertea.eu\\\/\",\"name\":\"Semper Tea | Mayorista y fabricante de T\u00e9s e Infusiones para hoteles, restaurantes y bares\",\"description\":\"T\u00e9s e infusiones para hosteler\u00eda, hoteler\u00eda y comercio\",\"potentialAction\":[{\"@type\":\"SearchAction\",\"target\":{\"@type\":\"EntryPoint\",\"urlTemplate\":\"https:\\\/\\\/www.sempertea.eu\\\/?s={search_term_string}\"},\"query-input\":{\"@type\":\"PropertyValueSpecification\",\"valueRequired\":true,\"valueName\":\"search_term_string\"}}],\"inLanguage\":\"en-US\"}]}<\/script>\n<!-- \/ Yoast SEO Premium plugin. -->","yoast_head_json":{"title":"Products for the hospitality and catering industry | Organic tea for the hotel and catering industry | Semper Tea","description":"Organic teas and tisanes for hotels, restaurants, cafes and catering | Displays, tea boxes and displays","robots":{"index":"index","follow":"follow","max-snippet":"max-snippet:-1","max-image-preview":"max-image-preview:large","max-video-preview":"max-video-preview:-1"},"canonical":"https:\/\/www.sempertea.eu\/productos-hosteleria-horeca\/","og_locale":"en_US","og_type":"article","og_title":"Your ally for Horeca","og_description":"Organic teas and tisanes for hotels, restaurants, cafes and catering | Displays, tea boxes and displays","og_url":"https:\/\/www.sempertea.eu\/productos-hosteleria-horeca\/","og_site_name":"Semper Tea | Mayorista y fabricante de T\u00e9s e Infusiones para hoteles, restaurantes y bares","article_modified_time":"2024-07-18T08:38:44+00:00","twitter_card":"summary_large_image","twitter_misc":{"Est. reading time":"3 minutes"},"schema":{"@context":"https:\/\/schema.org","@graph":[{"@type":"WebPage","@id":"https:\/\/www.sempertea.eu\/productos-hosteleria-horeca\/","url":"https:\/\/www.sempertea.eu\/productos-hosteleria-horeca\/","name":"Products for the hospitality and catering industry | Organic tea for the hotel and catering industry | Semper Tea","isPartOf":{"@id":"https:\/\/www.sempertea.eu\/#website"},"datePublished":"2022-09-27T17:42:23+00:00","dateModified":"2024-07-18T08:38:44+00:00","description":"Organic teas and tisanes for hotels, restaurants, cafes and catering | Displays, tea boxes and displays","breadcrumb":{"@id":"https:\/\/www.sempertea.eu\/productos-hosteleria-horeca\/#breadcrumb"},"inLanguage":"en-US","potentialAction":[{"@type":"ReadAction","target":["https:\/\/www.sempertea.eu\/productos-hosteleria-horeca\/"]}]},{"@type":"BreadcrumbList","@id":"https:\/\/www.sempertea.eu\/productos-hosteleria-horeca\/#breadcrumb","itemListElement":[{"@type":"ListItem","position":1,"name":"Portada","item":"https:\/\/www.sempertea.eu\/en\/"},{"@type":"ListItem","position":2,"name":"Your ally for Horeca"}]},{"@type":"WebSite","@id":"https:\/\/www.sempertea.eu\/#website","url":"https:\/\/www.sempertea.eu\/","name":"Semper Tea | Mayorista y fabricante de T\u00e9s e Infusiones para hoteles, restaurantes y bares","description":"T\u00e9s e infusiones para hosteler\u00eda, hoteler\u00eda y comercio","potentialAction":[{"@type":"SearchAction","target":{"@type":"EntryPoint","urlTemplate":"https:\/\/www.sempertea.eu\/?s={search_term_string}"},"query-input":{"@type":"PropertyValueSpecification","valueRequired":true,"valueName":"search_term_string"}}],"inLanguage":"en-US"}]}},"_links":{"self":[{"href":"https:\/\/www.sempertea.eu\/en\/wp-json\/wp\/v2\/pages\/5786","targetHints":{"allow":["GET"]}}],"collection":[{"href":"https:\/\/www.sempertea.eu\/en\/wp-json\/wp\/v2\/pages"}],"about":[{"href":"https:\/\/www.sempertea.eu\/en\/wp-json\/wp\/v2\/types\/page"}],"author":[{"embeddable":true,"href":"https:\/\/www.sempertea.eu\/en\/wp-json\/wp\/v2\/users\/1"}],"replies":[{"embeddable":true,"href":"https:\/\/www.sempertea.eu\/en\/wp-json\/wp\/v2\/comments?post=5786"}],"version-history":[{"count":0,"href":"https:\/\/www.sempertea.eu\/en\/wp-json\/wp\/v2\/pages\/5786\/revisions"}],"wp:attachment":[{"href":"https:\/\/www.sempertea.eu\/en\/wp-json\/wp\/v2\/media?parent=5786"}],"curies":[{"name":"wp","href":"https:\/\/api.w.org\/{rel}","templated":true}]}}