{"id":5782,"date":"2022-09-27T17:23:51","date_gmt":"2022-09-27T16:23:51","guid":{"rendered":"https:\/\/www.sempertea.eu\/work-with-us\/"},"modified":"2024-07-12T18:18:13","modified_gmt":"2024-07-12T17:18:13","slug":"work-with-us","status":"publish","type":"page","link":"https:\/\/www.sempertea.eu\/en\/work-with-us\/","title":{"rendered":"Work with us!"},"content":{"rendered":"\n\t<section class=\"section\" id=\"section_906363932\">\n\t\t<div class=\"section-bg fill\" >\n\t\t\t<img loading=\"lazy\" decoding=\"async\" width=\"2560\" height=\"1707\" src=\"https:\/\/www.sempertea.eu\/wp-content\/uploads\/2021\/02\/100-por-100-naturales-semper-tea-scaled.jpg\" class=\"bg attachment- size-\" alt=\"\" \/>\t\t\t\t\t\t\n\t\t\t\n\n\t\t<\/div>\n\n\t\t\n\n\t\t<div class=\"section-content relative\">\n\t\t\t\n\t<div id=\"gap-2109251487\" class=\"gap-element clearfix\" style=\"display:block; height:auto;\">\n\t\t\n<style>\n#gap-2109251487 {\n  padding-top: 30px;\n}\n<\/style>\n\t<\/div>\n\t\n<div class=\"row align-center\"  id=\"row-1111635045\">\n\n\t<div id=\"col-1370126846\" class=\"col medium-9 small-12 large-7\"  >\n\t\t\t\t<div class=\"col-inner text-center\" style=\"background-color:rgba(124, 119, 119, 0.529);\" >\n\t\t\t\n\t\t\t\n\t<div id=\"text-321240563\" class=\"text\">\n\t\t\n<h1 style=\"text-align: center;\">Join our network of distributors<\/h1>\n<p style=\"text-align: center;\">Semper Tea is a manufacturer of organic teas with production and packaging in Spain. As an independent and dynamic family business, we take our passion for tea to an international level.<\/p>\n\t\t\n<style>\n#text-321240563 {\n  color: rgb(255, 255, 255);\n}\n#text-321240563 > * {\n  color: rgb(255, 255, 255);\n}\n<\/style>\n\t<\/div>\n\t\n<a href=\"https:\/\/www.sempertea.eu\/en\/contact\/\" class=\"button primary is-is-outline primary lowercase\" style=\"border-radius:99px;\">\n\t\t<span>Contact us!<\/span>\n\t<\/a>\n\n\t\t<\/div>\n\t\t\t\t\n<style>\n#col-1370126846 > .col-inner {\n  padding: 8% 8% 4% 8%;\n}\n@media (min-width:550px) {\n  #col-1370126846 > .col-inner {\n    padding: 10% 10% 5% 10%;\n  }\n}\n<\/style>\n\t<\/div>\n\n\t\n<\/div>\n\t\t<\/div>\n\n\t\t\n<style>\n#section_906363932 {\n  padding-top: 30px;\n  padding-bottom: 30px;\n  min-height: 500px;\n}\n@media (min-width:550px) {\n  #section_906363932 {\n    min-height: 500px;\n  }\n}\n<\/style>\n\t<\/section>\n\t\n\n\t<section class=\"section dark\" id=\"section_1366772255\">\n\t\t<div class=\"section-bg fill\" >\n\t\t\t\t\t\t\t\t\t\n\t\t\t\n\n\t\t<\/div>\n\n\t\t\n\n\t\t<div class=\"section-content relative\">\n\t\t\t\n<div class=\"row\"  id=\"row-754977792\">\n\n\t<div id=\"col-229595922\" class=\"col medium-4 small-12 large-4\"  >\n\t\t\t\t<div class=\"col-inner\"  >\n\t\t\t\n\t\t\t\n\n  <div class=\"banner has-hover\" id=\"banner-48803886\">\n          <div class=\"banner-inner fill\">\n        <div class=\"banner-bg fill\" >\n            <img loading=\"lazy\" decoding=\"async\" width=\"678\" height=\"1024\" src=\"https:\/\/www.sempertea.eu\/wp-content\/uploads\/2021\/03\/distribuidor-de-semper-tea-678x1024.jpg\" class=\"bg attachment-large size-large\" alt=\"\" \/>                                    \n                    <\/div>\n\t\t\n        <div class=\"banner-layers container\">\n            <div class=\"fill banner-link\"><\/div>            \n        <\/div>\n      <\/div>\n\n            \n<style>\n#banner-48803886 {\n  padding-top: 500px;\n}\n#banner-48803886 .banner-bg img {\n  object-position: 20% 24%;\n}\n<\/style>\n  <\/div>\n\n\n\t\t<\/div>\n\t\t\t\t\t<\/div>\n\n\t\n\n\t<div id=\"col-2086801135\" class=\"col medium-4 small-12 large-4\"  >\n\t\t\t\t<div class=\"col-inner\"  >\n\t\t\t\n\t\t\t\n\n  <div class=\"banner has-hover\" id=\"banner-1238834435\">\n          <div class=\"banner-inner fill\">\n        <div class=\"banner-bg fill\" >\n            <img loading=\"lazy\" decoding=\"async\" width=\"1020\" height=\"720\" src=\"https:\/\/www.sempertea.eu\/wp-content\/uploads\/2021\/03\/red-de-distribuidores-de-semper-tea-1024x723.jpg\" class=\"bg attachment-large size-large\" alt=\"\" \/>                                    \n                    <\/div>\n\t\t\n        <div class=\"banner-layers container\">\n            <div class=\"fill banner-link\"><\/div>            \n        <\/div>\n      <\/div>\n\n            \n<style>\n#banner-1238834435 {\n  padding-top: 500px;\n}\n#banner-1238834435 .banner-bg img {\n  object-position: 52% 17%;\n}\n<\/style>\n  <\/div>\n\n\n\t\t<\/div>\n\t\t\t\t\t<\/div>\n\n\t\n\n\t<div id=\"col-1053665723\" class=\"col medium-4 small-12 large-4\"  >\n\t\t\t\t<div class=\"col-inner\"  >\n\t\t\t\n\t\t\t\n\n  <div class=\"banner has-hover\" id=\"banner-1799316116\">\n          <div class=\"banner-inner fill\">\n        <div class=\"banner-bg fill\" >\n            <img loading=\"lazy\" decoding=\"async\" width=\"1020\" height=\"675\" src=\"https:\/\/www.sempertea.eu\/wp-content\/uploads\/2021\/03\/distribuidores-horeca-semper-tea-1024x678.jpg\" class=\"bg attachment-large size-large\" alt=\"\" \/>                                    \n                    <\/div>\n\t\t\n        <div class=\"banner-layers container\">\n            <div class=\"fill banner-link\"><\/div>            \n        <\/div>\n      <\/div>\n\n            \n<style>\n#banner-1799316116 {\n  padding-top: 500px;\n}\n#banner-1799316116 .banner-bg img {\n  object-position: 64% 31%;\n}\n<\/style>\n  <\/div>\n\n\n\t\t<\/div>\n\t\t\t\t\t<\/div>\n\n\t\n<\/div>\n\t\t<\/div>\n\n\t\t\n<style>\n#section_1366772255 {\n  padding-top: 50px;\n  padding-bottom: 50px;\n  background-color: rgb(255, 255, 255);\n}\n<\/style>\n\t<\/section>\n\t\n\n\t<section class=\"section\" id=\"section_2022253330\">\n\t\t<div class=\"section-bg fill\" >\n\t\t\t\t\t\t\t\t\t\n\t\t\t\n\n\t\t<\/div>\n\n\t\t\n\n\t\t<div class=\"section-content relative\">\n\t\t\t\n<div class=\"row row-collapse\"  id=\"row-1088500176\">\n\n\t<div id=\"col-193096076\" class=\"col medium-4 small-12 large-4\"  >\n\t\t\t\t<div class=\"col-inner\"  >\n\t\t\t\n\t\t\t\n\n  <div class=\"banner has-hover\" id=\"banner-986983809\">\n          <div class=\"banner-inner fill\">\n        <div class=\"banner-bg fill\" >\n            <img loading=\"lazy\" decoding=\"async\" width=\"1020\" height=\"678\" src=\"https:\/\/www.sempertea.eu\/wp-content\/uploads\/2021\/02\/sin-fertilizantes-sinteticos-semper-tea-1024x681.jpg\" class=\"bg attachment-large size-large\" alt=\"\" \/>                        <div class=\"overlay\"><\/div>            \n                    <\/div>\n\t\t\n        <div class=\"banner-layers container\">\n            <div class=\"fill banner-link\"><\/div>            \n   <div id=\"text-box-668960860\" class=\"text-box banner-layer x50 md-x50 lg-x50 y50 md-y50 lg-y50 res-text\">\n                                <div class=\"text-box-content text dark\">\n              \n              <div class=\"text-inner text-center\">\n                  \n<h3 style=\"text-align: left;\" data-line-height=\"xl\"><span style=\"font-size: 90%;\">As an independent company, we have a high level of freedom and flexibility in all our decisions and actions.<\/span><\/h3>\n              <\/div>\n           <\/div>\n                            \n<style>\n#text-box-668960860 {\n  width: 76%;\n}\n#text-box-668960860 .text-box-content {\n  font-size: 100%;\n}\n<\/style>\n    <\/div>\n \n        <\/div>\n      <\/div>\n\n            \n<style>\n#banner-986983809 {\n  padding-top: 280px;\n}\n#banner-986983809 .overlay {\n  background-color: rgba(0,0,0,.5);\n}\n#banner-986983809 .banner-bg img {\n  object-position: 51% 94%;\n}\n@media (min-width:550px) {\n  #banner-986983809 {\n    padding-top: 280px;\n  }\n}\n<\/style>\n  <\/div>\n\n\n\t\t<\/div>\n\t\t\t\t\t<\/div>\n\n\t\n\n\t<div id=\"col-2108185718\" class=\"col medium-8 small-12 large-8\"  >\n\t\t\t\t<div class=\"col-inner\"  >\n\t\t\t\n\t\t\t\n\n  <div class=\"banner has-hover\" id=\"banner-711901142\">\n          <div class=\"banner-inner fill\">\n        <div class=\"banner-bg fill\" >\n            <img loading=\"lazy\" decoding=\"async\" width=\"1020\" height=\"765\" src=\"https:\/\/www.sempertea.eu\/wp-content\/uploads\/2021\/03\/distribuidores-para-horeca-semper-tea-1024x768.jpg\" class=\"bg attachment-large size-large\" alt=\"\" \/>                                    \n                    <\/div>\n\t\t\n        <div class=\"banner-layers container\">\n            <div class=\"fill banner-link\"><\/div>            \n        <\/div>\n      <\/div>\n\n            \n<style>\n#banner-711901142 {\n  padding-top: 280px;\n}\n#banner-711901142 .banner-bg img {\n  object-position: 64% 68%;\n}\n<\/style>\n  <\/div>\n\n\n\t\t<\/div>\n\t\t\t\t\t<\/div>\n\n\t\n<\/div>\n\t\t<\/div>\n\n\t\t\n<style>\n#section_2022253330 {\n  padding-top: 0px;\n  padding-bottom: 0px;\n}\n@media (min-width:550px) {\n  #section_2022253330 {\n    padding-top: 50px;\n    padding-bottom: 50px;\n  }\n}\n<\/style>\n\t<\/section>\n\t\n\n  <div class=\"banner has-hover\" id=\"banner-800618799\">\n          <div class=\"banner-inner fill\">\n        <div class=\"banner-bg fill\" >\n            <img loading=\"lazy\" decoding=\"async\" width=\"1020\" height=\"765\" src=\"https:\/\/www.sempertea.eu\/wp-content\/uploads\/2021\/02\/mejor-servicio-a-los-amantes-del-te-semper-tea-1024x768.jpg\" class=\"bg attachment-large size-large\" alt=\"\" \/>                        <div class=\"overlay\"><\/div>            \n                    <\/div>\n\t\t\n        <div class=\"banner-layers container\">\n            <div class=\"fill banner-link\"><\/div>            \n   <div id=\"text-box-1111543407\" class=\"text-box banner-layer x50 md-x50 lg-x50 y50 md-y50 lg-y50 res-text\">\n                                <div class=\"text-box-content text dark\">\n              \n              <div class=\"text-inner text-center\">\n                  \n\t<div id=\"gap-236023643\" class=\"gap-element clearfix\" style=\"display:block; height:auto;\">\n\t\t\n<style>\n#gap-236023643 {\n  padding-top: 20px;\n}\n<\/style>\n\t<\/div>\n\t\n\t<div id=\"text-3411563696\" class=\"text\">\n\t\t\n<p style=\"text-align: left;\"><span style=\"font-size: 120%;\">This allows us to respond quickly to market developments, maintain open communication, make sustainable decisions and turn our ideas into reality.<\/span><\/p>\n<p style=\"text-align: left;\"><span style=\"font-size: 120%;\">We have been working for fourteen years with entrepreneurial spirit, passion and dedication to offer a high quality product and design. If you want to be part of this great team, join our network of distributors.<\/span><\/p>\n\t\t\n<style>\n#text-3411563696 {\n  color: rgb(0, 0, 0);\n}\n#text-3411563696 > * {\n  color: rgb(0, 0, 0);\n}\n<\/style>\n\t<\/div>\n\t\n<a href=\"https:\/\/www.sempertea.eu\/en\/teas-and-tisanes-organic-buy-online\/\" class=\"button success lowercase\" style=\"border-radius:10px;\">\n\t\t<span>Discover us<\/span>\n\t<\/a>\n\n\t<div id=\"gap-1820535233\" class=\"gap-element clearfix\" style=\"display:block; height:auto;\">\n\t\t\n<style>\n#gap-1820535233 {\n  padding-top: 6px;\n}\n<\/style>\n\t<\/div>\n\t\n              <\/div>\n           <\/div>\n                            \n<style>\n#text-box-1111543407 .text-box-content {\n  background-color: rgba(254, 254, 254, 0.512);\n  font-size: 100%;\n}\n#text-box-1111543407 .text-inner {\n  padding: 0px 10px 0px 10px;\n}\n#text-box-1111543407 {\n  width: 90%;\n}\n<\/style>\n    <\/div>\n \n        <\/div>\n      <\/div>\n\n            \n<style>\n#banner-800618799 {\n  padding-top: 400px;\n}\n#banner-800618799 .overlay {\n  background-color: rgba(131, 131, 131, 0.465);\n}\n#banner-800618799 .banner-bg img {\n  object-position: 27% 84%;\n}\n<\/style>\n  <\/div>\n\n\n","protected":false},"excerpt":{"rendered":"","protected":false},"author":1,"featured_media":0,"parent":0,"menu_order":0,"comment_status":"closed","ping_status":"closed","template":"page-blank.php","meta":{"footnotes":""},"class_list":["post-5782","page","type-page","status-publish","hentry"],"yoast_head":"<!-- This site is optimized with the Yoast SEO Premium plugin v27.3 (Yoast SEO v27.4) - https:\/\/yoast.com\/product\/yoast-seo-premium-wordpress\/ -->\n<title>Suppliers of organic teas and tisanes for the hospitality industry | Semper Tea<\/title>\n<meta name=\"description\" content=\"Join our network of hospitality distributors | Organic tisanes and teas, displays and exhibitors for the hospitality and catering industry.\" \/>\n<meta name=\"robots\" content=\"index, follow, max-snippet:-1, max-image-preview:large, max-video-preview:-1\" \/>\n<link rel=\"canonical\" href=\"https:\/\/www.sempertea.eu\/red-de-distribuidores-horeca\/\" \/>\n<meta property=\"og:locale\" content=\"en_US\" \/>\n<meta property=\"og:type\" content=\"article\" \/>\n<meta property=\"og:title\" content=\"Work with us!\" \/>\n<meta property=\"og:description\" content=\"Join our network of hospitality distributors | Organic tisanes and teas, displays and exhibitors for the hospitality and catering industry.\" \/>\n<meta property=\"og:url\" content=\"https:\/\/www.sempertea.eu\/red-de-distribuidores-horeca\/\" \/>\n<meta property=\"og:site_name\" content=\"Semper Tea | Mayorista y fabricante de T\u00e9s e Infusiones para hoteles, restaurantes y bares\" \/>\n<meta property=\"article:modified_time\" content=\"2024-07-12T17:18:13+00:00\" \/>\n<meta name=\"twitter:card\" content=\"summary_large_image\" \/>\n<meta name=\"twitter:label1\" content=\"Est. reading time\" \/>\n\t<meta name=\"twitter:data1\" content=\"2 minutes\" \/>\n<script type=\"application\/ld+json\" class=\"yoast-schema-graph\">{\"@context\":\"https:\\\/\\\/schema.org\",\"@graph\":[{\"@type\":\"WebPage\",\"@id\":\"https:\\\/\\\/www.sempertea.eu\\\/red-de-distribuidores-horeca\\\/\",\"url\":\"https:\\\/\\\/www.sempertea.eu\\\/red-de-distribuidores-horeca\\\/\",\"name\":\"Suppliers of organic teas and tisanes for the hospitality industry | Semper Tea\",\"isPartOf\":{\"@id\":\"https:\\\/\\\/www.sempertea.eu\\\/#website\"},\"datePublished\":\"2022-09-27T16:23:51+00:00\",\"dateModified\":\"2024-07-12T17:18:13+00:00\",\"description\":\"Join our network of hospitality distributors | Organic tisanes and teas, displays and exhibitors for the hospitality and catering industry.\",\"breadcrumb\":{\"@id\":\"https:\\\/\\\/www.sempertea.eu\\\/red-de-distribuidores-horeca\\\/#breadcrumb\"},\"inLanguage\":\"en-US\",\"potentialAction\":[{\"@type\":\"ReadAction\",\"target\":[\"https:\\\/\\\/www.sempertea.eu\\\/red-de-distribuidores-horeca\\\/\"]}]},{\"@type\":\"BreadcrumbList\",\"@id\":\"https:\\\/\\\/www.sempertea.eu\\\/red-de-distribuidores-horeca\\\/#breadcrumb\",\"itemListElement\":[{\"@type\":\"ListItem\",\"position\":1,\"name\":\"Portada\",\"item\":\"https:\\\/\\\/www.sempertea.eu\\\/en\\\/\"},{\"@type\":\"ListItem\",\"position\":2,\"name\":\"Work with us!\"}]},{\"@type\":\"WebSite\",\"@id\":\"https:\\\/\\\/www.sempertea.eu\\\/#website\",\"url\":\"https:\\\/\\\/www.sempertea.eu\\\/\",\"name\":\"Semper Tea | Mayorista y fabricante de T\u00e9s e Infusiones para hoteles, restaurantes y bares\",\"description\":\"T\u00e9s e infusiones para hosteler\u00eda, hoteler\u00eda y comercio\",\"potentialAction\":[{\"@type\":\"SearchAction\",\"target\":{\"@type\":\"EntryPoint\",\"urlTemplate\":\"https:\\\/\\\/www.sempertea.eu\\\/?s={search_term_string}\"},\"query-input\":{\"@type\":\"PropertyValueSpecification\",\"valueRequired\":true,\"valueName\":\"search_term_string\"}}],\"inLanguage\":\"en-US\"}]}<\/script>\n<!-- \/ Yoast SEO Premium plugin. -->","yoast_head_json":{"title":"Suppliers of organic teas and tisanes for the hospitality industry | Semper Tea","description":"Join our network of hospitality distributors | Organic tisanes and teas, displays and exhibitors for the hospitality and catering industry.","robots":{"index":"index","follow":"follow","max-snippet":"max-snippet:-1","max-image-preview":"max-image-preview:large","max-video-preview":"max-video-preview:-1"},"canonical":"https:\/\/www.sempertea.eu\/red-de-distribuidores-horeca\/","og_locale":"en_US","og_type":"article","og_title":"Work with us!","og_description":"Join our network of hospitality distributors | Organic tisanes and teas, displays and exhibitors for the hospitality and catering industry.","og_url":"https:\/\/www.sempertea.eu\/red-de-distribuidores-horeca\/","og_site_name":"Semper Tea | Mayorista y fabricante de T\u00e9s e Infusiones para hoteles, restaurantes y bares","article_modified_time":"2024-07-12T17:18:13+00:00","twitter_card":"summary_large_image","twitter_misc":{"Est. reading time":"2 minutes"},"schema":{"@context":"https:\/\/schema.org","@graph":[{"@type":"WebPage","@id":"https:\/\/www.sempertea.eu\/red-de-distribuidores-horeca\/","url":"https:\/\/www.sempertea.eu\/red-de-distribuidores-horeca\/","name":"Suppliers of organic teas and tisanes for the hospitality industry | Semper Tea","isPartOf":{"@id":"https:\/\/www.sempertea.eu\/#website"},"datePublished":"2022-09-27T16:23:51+00:00","dateModified":"2024-07-12T17:18:13+00:00","description":"Join our network of hospitality distributors | Organic tisanes and teas, displays and exhibitors for the hospitality and catering industry.","breadcrumb":{"@id":"https:\/\/www.sempertea.eu\/red-de-distribuidores-horeca\/#breadcrumb"},"inLanguage":"en-US","potentialAction":[{"@type":"ReadAction","target":["https:\/\/www.sempertea.eu\/red-de-distribuidores-horeca\/"]}]},{"@type":"BreadcrumbList","@id":"https:\/\/www.sempertea.eu\/red-de-distribuidores-horeca\/#breadcrumb","itemListElement":[{"@type":"ListItem","position":1,"name":"Portada","item":"https:\/\/www.sempertea.eu\/en\/"},{"@type":"ListItem","position":2,"name":"Work with us!"}]},{"@type":"WebSite","@id":"https:\/\/www.sempertea.eu\/#website","url":"https:\/\/www.sempertea.eu\/","name":"Semper Tea | Mayorista y fabricante de T\u00e9s e Infusiones para hoteles, restaurantes y bares","description":"T\u00e9s e infusiones para hosteler\u00eda, hoteler\u00eda y comercio","potentialAction":[{"@type":"SearchAction","target":{"@type":"EntryPoint","urlTemplate":"https:\/\/www.sempertea.eu\/?s={search_term_string}"},"query-input":{"@type":"PropertyValueSpecification","valueRequired":true,"valueName":"search_term_string"}}],"inLanguage":"en-US"}]}},"_links":{"self":[{"href":"https:\/\/www.sempertea.eu\/en\/wp-json\/wp\/v2\/pages\/5782","targetHints":{"allow":["GET"]}}],"collection":[{"href":"https:\/\/www.sempertea.eu\/en\/wp-json\/wp\/v2\/pages"}],"about":[{"href":"https:\/\/www.sempertea.eu\/en\/wp-json\/wp\/v2\/types\/page"}],"author":[{"embeddable":true,"href":"https:\/\/www.sempertea.eu\/en\/wp-json\/wp\/v2\/users\/1"}],"replies":[{"embeddable":true,"href":"https:\/\/www.sempertea.eu\/en\/wp-json\/wp\/v2\/comments?post=5782"}],"version-history":[{"count":0,"href":"https:\/\/www.sempertea.eu\/en\/wp-json\/wp\/v2\/pages\/5782\/revisions"}],"wp:attachment":[{"href":"https:\/\/www.sempertea.eu\/en\/wp-json\/wp\/v2\/media?parent=5782"}],"curies":[{"name":"wp","href":"https:\/\/api.w.org\/{rel}","templated":true}]}}