{"id":5750,"date":"2022-09-22T20:28:22","date_gmt":"2022-09-22T19:28:22","guid":{"rendered":"https:\/\/www.sempertea.eu\/who-we-are\/"},"modified":"2024-07-12T17:17:16","modified_gmt":"2024-07-12T16:17:16","slug":"organic-tea-manufacturer-distributor-tisanes","status":"publish","type":"page","link":"https:\/\/www.sempertea.eu\/en\/organic-tea-manufacturer-distributor-tisanes\/","title":{"rendered":"Who we are"},"content":{"rendered":"\n\t<section class=\"section\" id=\"section_667697146\">\n\t\t<div class=\"section-bg fill\" >\n\t\t\t\t\t\t\t\t\t\n\t\t\t\n\n\t\t<\/div>\n\n\t\t\n\n\t\t<div class=\"section-content relative\">\n\t\t\t\n<div class=\"row row-collapse row-full-width align-equal\"  id=\"row-355068515\">\n\n\t<div id=\"col-599888161\" class=\"col medium-12 small-12 large-6\"  >\n\t\t\t\t<div class=\"col-inner text-center\" style=\"background-color:rgb(80, 78, 83);\" >\n\t\t\t\n\t\t\t\n\t<div id=\"gap-212075298\" class=\"gap-element clearfix\" style=\"display:block; height:auto;\">\n\t\t\n<style>\n#gap-212075298 {\n  padding-top: 450px;\n}\n@media (min-width:550px) {\n  #gap-212075298 {\n    padding-top: 465px;\n  }\n}\n<\/style>\n\t<\/div>\n\t\n\t\t<\/div>\n\t\t\t\t\t<\/div>\n\n\t\n\n\t<div id=\"col-1311401761\" class=\"col medium-12 small-12 large-6 medium-col-first\"  >\n\t\t\t\t<div class=\"col-inner\"  >\n\t\t\t\n\t\t\t\n\n  <div class=\"banner has-hover\" id=\"banner-1599765955\">\n          <div class=\"banner-inner fill\">\n        <div class=\"banner-bg fill\" >\n            <img loading=\"lazy\" decoding=\"async\" width=\"1020\" height=\"750\" src=\"https:\/\/www.sempertea.eu\/wp-content\/uploads\/2021\/02\/trabajando-con-espiritu-empresarial-semper-tea-1024x753.jpg\" class=\"bg attachment-large size-large\" alt=\"\" \/>                                    \n                    <\/div>\n\t\t\n        <div class=\"banner-layers container\">\n            <div class=\"fill banner-link\"><\/div>            \n        <\/div>\n      <\/div>\n\n            \n<style>\n#banner-1599765955 {\n  padding-top: 400px;\n  background-color: rgb(255, 255, 255);\n}\n#banner-1599765955 .banner-bg img {\n  object-position: 19% 44%;\n}\n@media (min-width:550px) {\n  #banner-1599765955 {\n    padding-top: 500px;\n  }\n}\n@media (min-width:850px) {\n  #banner-1599765955 {\n    padding-top: 70%;\n  }\n}\n<\/style>\n  <\/div>\n\n\n\t\t<\/div>\n\t\t\t\t\t<\/div>\n\n\t\n<\/div>\n<div class=\"row\" style=\"max-width:1300px\" id=\"row-1405152006\">\n\n\t<div id=\"col-568373440\" class=\"col medium-12 small-12 large-6\"  >\n\t\t\t\t<div class=\"col-inner text-left dark\"  >\n\t\t\t\n\t\t\t\n\t<div id=\"gap-1572819506\" class=\"gap-element clearfix\" style=\"display:block; height:auto;\">\n\t\t\n<style>\n#gap-1572819506 {\n  padding-top: 50px;\n}\n<\/style>\n\t<\/div>\n\t\n\t<div id=\"text-242779556\" class=\"text\">\n\t\t\n<h1><span style=\"font-size: 150%;\">Who we are<\/span><\/h1>\n\t\t\n<style>\n#text-242779556 {\n  font-size: 0.75rem;\n}\n@media (min-width:550px) {\n  #text-242779556 {\n    font-size: 1.15rem;\n  }\n}\n<\/style>\n\t<\/div>\n\t\n<div class=\"row\"  id=\"row-625085028\">\n\n\t<div id=\"col-16751376\" class=\"col medium-9 small-12 large-10\"  >\n\t\t\t\t<div class=\"col-inner\"  >\n\t\t\t\n\t\t\t\n\t<div id=\"text-933514928\" class=\"text\">\n\t\t\n<p>Semper Tea is a manufacturer of organic teas with production and packaging in Spain. As an independent and dynamic family business, we take our passion for tea to an international level.<\/p>\n\t\t\n<style>\n#text-933514928 {\n  font-size: 1rem;\n}\n<\/style>\n\t<\/div>\n\t\n<a class=\"button white is-outline lowercase\" style=\"border-radius:10px;\">\n\t\t<span>Would you like to chat with us?<\/span>\n\t<\/a>\n\n\t\t<\/div>\n\t\t\t\t\t<\/div>\n\n\t\n<\/div>\n\t\t<\/div>\n\t\t\t\t\n<style>\n#col-568373440 > .col-inner {\n  margin: -400px 0px 0px 0px;\n}\n@media (min-width:550px) {\n  #col-568373440 > .col-inner {\n    margin: -400px 0px 0px 0px;\n  }\n}\n<\/style>\n\t<\/div>\n\n\t\n<\/div>\n\t\t<\/div>\n\n\t\t\n<style>\n#section_667697146 {\n  padding-top: 0px;\n  padding-bottom: 0px;\n}\n<\/style>\n\t<\/section>\n\t\n\n\t<section class=\"section\" id=\"section_7147927\">\n\t\t<div class=\"section-bg fill\" >\n\t\t\t\t\t\t\t\t\t\n\t\t\t\n\n\t\t<\/div>\n\n\t\t\n\n\t\t<div class=\"section-content relative\">\n\t\t\t\n<div class=\"row align-center\" style=\"max-width:1300px\" id=\"row-973158408\">\n\n\t<div id=\"col-317758486\" class=\"col medium-7 small-12 large-7\"  >\n\t\t\t\t<div class=\"col-inner\"  >\n\t\t\t\n\t\t\t\n\t<div id=\"gap-184218347\" class=\"gap-element clearfix\" style=\"display:block; height:auto;\">\n\t\t\n<style>\n#gap-184218347 {\n  padding-top: 50px;\n}\n@media (min-width:850px) {\n  #gap-184218347 {\n    padding-top: 5px;\n  }\n}\n<\/style>\n\t<\/div>\n\t\n\t<div id=\"text-4062973310\" class=\"text\">\n\t\t\n<h2 style=\"text-align: center;\"><span style=\"font-size: 80%;\">Tea Manufacturer<\/span><\/h2>\n\t\t\n<style>\n#text-4062973310 {\n  font-size: 1.75rem;\n  text-align: center;\n}\n<\/style>\n\t<\/div>\n\t\n<div class=\"text-center\"><div class=\"is-divider divider clearfix\" style=\"max-width:100px;background-color:rgb(187, 188, 213);\"><\/div><\/div>\n\t<div id=\"text-3542402502\" class=\"text\">\n\t\t\n<p><span style=\"font-size: 100%;\">We have been working for fourteen years with entrepreneurial spirit, passion and dedication to offer a high quality product and design.<\/span><\/p>\n<p><span style=\"font-size: 100%;\">As an independent company, we have a high level of freedom and flexibility in all our decisions and actions. This allows us to respond quickly to market developments, maintain open communication, make sustainable decisions and turn our ideas into reality.<\/span><\/p>\n\t\t\n<style>\n#text-3542402502 {\n  text-align: center;\n}\n<\/style>\n\t<\/div>\n\t\n\t<div id=\"gap-244427472\" class=\"gap-element clearfix\" style=\"display:block; height:auto;\">\n\t\t\n<style>\n#gap-244427472 {\n  padding-top: 75px;\n}\n@media (min-width:850px) {\n  #gap-244427472 {\n    padding-top: 50px;\n  }\n}\n<\/style>\n\t<\/div>\n\t\n\t\t<\/div>\n\t\t\t\t\t<\/div>\n\n\t\n<\/div>\n<div class=\"row\" style=\"max-width:1300px\" id=\"row-1311711500\">\n\n\t<div id=\"col-1608407702\" class=\"col small-12 large-12\"  >\n\t\t\t\t<div class=\"col-inner\" style=\"background-color:rgba(80, 78, 83, 0.494);\" >\n\t\t\t\n\t\t\t\n\t<div id=\"gap-1519436057\" class=\"gap-element clearfix\" style=\"display:block; height:auto;\">\n\t\t\n<style>\n#gap-1519436057 {\n  padding-top: 160px;\n}\n<\/style>\n\t<\/div>\n\t\n\t\t<\/div>\n\t\t\t\t\t<\/div>\n\n\t\n\n<style>\n#row-1311711500 > .col > .col-inner {\n  background-color: rgb(186, 199, 222);\n}\n<\/style>\n<\/div>\n<div class=\"row align-center\" style=\"max-width:\" id=\"row-1932136676\">\n\n\t<div id=\"col-1928163806\" class=\"col small-12 large-12\"  >\n\t\t\t\t<div class=\"col-inner\"  >\n\t\t\t\n\t\t\t\n<div class=\"row row-large\"  id=\"row-653819707\">\n\n\t<div id=\"col-133236928\" class=\"col medium-4 small-12 large-4\"  >\n\t\t\t\t<div class=\"col-inner\"  >\n\t\t\t\n\t\t\t\n\n  <div class=\"banner has-hover bg-glow\" id=\"banner-1723080862\">\n          <div class=\"banner-inner fill\">\n        <div class=\"banner-bg fill\" >\n            <img loading=\"lazy\" decoding=\"async\" width=\"716\" height=\"1024\" src=\"https:\/\/www.sempertea.eu\/wp-content\/uploads\/2021\/02\/semper-tea-empresa-familiar-716x1024.jpg\" class=\"bg attachment-large size-large\" alt=\"\" \/>                                    \n                    <\/div>\n\t\t\n        <div class=\"banner-layers container\">\n            <a class=\"fill\" href=\"#\"><div class=\"fill banner-link\"><\/div><\/a>            \n        <\/div>\n      <\/div>\n\n            \n<style>\n#banner-1723080862 {\n  padding-top: 300px;\n  background-color: rgb(255, 255, 255);\n}\n#banner-1723080862 .banner-bg img {\n  object-position: 54% 54%;\n}\n@media (min-width:550px) {\n  #banner-1723080862 {\n    padding-top: 300px;\n  }\n}\n@media (min-width:850px) {\n  #banner-1723080862 {\n    padding-top: 400px;\n  }\n}\n<\/style>\n  <\/div>\n\n\n\t\t<\/div>\n\t\t\t\t\n<style>\n#col-133236928 > .col-inner {\n  margin: - 0px 0px 0px;\n}\n<\/style>\n\t<\/div>\n\n\t\n\n\t<div id=\"col-123223416\" class=\"col medium-4 small-12 large-4\"  >\n\t\t\t\t<div class=\"col-inner\"  >\n\t\t\t\n\t\t\t\n\n  <div class=\"banner has-hover bg-glow\" id=\"banner-761614305\">\n          <div class=\"banner-inner fill\">\n        <div class=\"banner-bg fill\" >\n            <img loading=\"lazy\" decoding=\"async\" width=\"1000\" height=\"1000\" src=\"https:\/\/www.sempertea.eu\/wp-content\/uploads\/2024\/04\/distribuidor-de-infusiones-naturales-y-sostenibles-semper-tea.jpg\" class=\"bg attachment-large size-large\" alt=\"Distribuidor de infusiones naturales y sostenibles\" \/>                                    \n                    <\/div>\n\t\t\n        <div class=\"banner-layers container\">\n            <a class=\"fill\" href=\"#\"><div class=\"fill banner-link\"><\/div><\/a>            \n        <\/div>\n      <\/div>\n\n            \n<style>\n#banner-761614305 {\n  padding-top: 300px;\n  background-color: rgb(255, 255, 255);\n}\n#banner-761614305 .banner-bg img {\n  object-position: 36% 57%;\n}\n@media (min-width:550px) {\n  #banner-761614305 {\n    padding-top: 300px;\n  }\n}\n@media (min-width:850px) {\n  #banner-761614305 {\n    padding-top: 400px;\n  }\n}\n<\/style>\n  <\/div>\n\n\n\t\t<\/div>\n\t\t\t\t\t<\/div>\n\n\t\n\n\t<div id=\"col-1335939572\" class=\"col medium-4 small-12 large-4\"  >\n\t\t\t\t<div class=\"col-inner\"  >\n\t\t\t\n\t\t\t\n\n  <div class=\"banner has-hover bg-glow\" id=\"banner-540632363\">\n          <div class=\"banner-inner fill\">\n        <div class=\"banner-bg fill\" >\n            <img loading=\"lazy\" decoding=\"async\" width=\"1020\" height=\"680\" src=\"https:\/\/www.sempertea.eu\/wp-content\/uploads\/2021\/02\/certificacion-europea-que-verifican-su-calidad-premium-semper-tea-1024x683.jpg\" class=\"bg attachment-large size-large\" alt=\"\" \/>                                    \n                    <\/div>\n\t\t\n        <div class=\"banner-layers container\">\n            <a class=\"fill\" href=\"#\"><div class=\"fill banner-link\"><\/div><\/a>            \n        <\/div>\n      <\/div>\n\n            \n<style>\n#banner-540632363 {\n  padding-top: 300px;\n  background-color: rgb(255, 255, 255);\n}\n#banner-540632363 .banner-bg img {\n  object-position: 100% 72%;\n}\n@media (min-width:550px) {\n  #banner-540632363 {\n    padding-top: 300px;\n  }\n}\n@media (min-width:850px) {\n  #banner-540632363 {\n    padding-top: 400px;\n  }\n}\n<\/style>\n  <\/div>\n\n\n\t\t<\/div>\n\t\t\t\t\t<\/div>\n\n\t\n<\/div>\n\t<div id=\"gap-1275319420\" class=\"gap-element clearfix\" style=\"display:block; height:auto;\">\n\t\t\n<style>\n#gap-1275319420 {\n  padding-top: 5px;\n}\n<\/style>\n\t<\/div>\n\t\n<div class=\"row align-center\" style=\"max-width:1300px\" id=\"row-1236468840\">\n\n\t<div id=\"col-1166430816\" class=\"col medium-5 small-12 large-5\"  >\n\t\t\t\t<div class=\"col-inner text-center\"  >\n\t\t\t\n\t\t\t\n<a href=\"https:\/\/www.sempertea.eu\/en\/teas-and-tisanes-organic-buy-online\/\" class=\"button success lowercase\" >\n\t\t<span>Shop<\/span>\n\t<\/a>\n\n\t\t<\/div>\n\t\t\t\t\n<style>\n#col-1166430816 > .col-inner {\n  margin: 0px 0px -30px 0px;\n}\n<\/style>\n\t<\/div>\n\n\t\n<\/div>\n\t\t<\/div>\n\t\t\t\t\n<style>\n#col-1928163806 > .col-inner {\n  margin: -250px 0px 0px 0px;\n}\n@media (min-width:850px) {\n  #col-1928163806 > .col-inner {\n    margin: -200px 0px 0px 0px;\n  }\n}\n<\/style>\n\t<\/div>\n\n\t\n<\/div>\n\t\t<\/div>\n\n\t\t\n<style>\n#section_7147927 {\n  padding-top: 10px;\n  padding-bottom: 10px;\n}\n@media (min-width:550px) {\n  #section_7147927 {\n    padding-top: 0px;\n    padding-bottom: 0px;\n  }\n}\n@media (min-width:850px) {\n  #section_7147927 {\n    padding-top: 50px;\n    padding-bottom: 50px;\n  }\n}\n<\/style>\n\t<\/section>\n\t\n\n\t<section class=\"section\" id=\"section_2027507434\">\n\t\t<div class=\"section-bg fill\" >\n\t\t\t\t\t\t\t\t\t\n\t\t\t\n\n\t\t<\/div>\n\n\t\t\n\n\t\t<div class=\"section-content relative\">\n\t\t\t\n\t<div id=\"gap-524781494\" class=\"gap-element clearfix\" style=\"display:block; height:auto;\">\n\t\t\n<style>\n#gap-524781494 {\n  padding-top: 5px;\n}\n<\/style>\n\t<\/div>\n\t\n<div class=\"row row-small align-equal\"  id=\"row-1682835859\">\n\n\t<div id=\"col-416681188\" class=\"col medium-7 small-12 large-8\"  >\n\t\t\t\t<div class=\"col-inner\"  >\n\t\t\t\n\t\t\t\n\n  <div class=\"banner has-hover\" id=\"banner-2048287311\">\n          <div class=\"banner-inner fill\">\n        <div class=\"banner-bg fill\" >\n            <img loading=\"lazy\" decoding=\"async\" width=\"1020\" height=\"907\" src=\"https:\/\/www.sempertea.eu\/wp-content\/uploads\/2021\/02\/satisfaccion-de-clientes-semper-tea-1024x911.jpg\" class=\"bg attachment-large size-large\" alt=\"\" \/>                                    \n                    <\/div>\n\t\t\n        <div class=\"banner-layers container\">\n            <div class=\"fill banner-link\"><\/div>            \n        <\/div>\n      <\/div>\n\n            \n<style>\n#banner-2048287311 {\n  padding-top: 250px;\n  background-color: rgba(255, 255, 255, 0);\n}\n#banner-2048287311 .banner-bg img {\n  object-position: 50% 18%;\n}\n@media (min-width:550px) {\n  #banner-2048287311 {\n    padding-top: 702px;\n  }\n}\n<\/style>\n  <\/div>\n\n\n\t\t<\/div>\n\t\t\t\t\t<\/div>\n\n\t\n\n\t<div id=\"col-710489144\" class=\"col medium-5 small-12 large-4\"  >\n\t\t\t\t<div class=\"col-inner text-center\"  >\n\t\t\t\n\t<div class=\"is-border\"\n\t\tstyle=\"border-color:rgb(39, 54, 71);border-width:2px 2px 2px 2px;\">\n\t<\/div>\n\t\t\t\n\t<div id=\"gap-1866180670\" class=\"gap-element clearfix\" style=\"display:block; height:auto;\">\n\t\t\n<style>\n#gap-1866180670 {\n  padding-top: 20px;\n}\n@media (min-width:550px) {\n  #gap-1866180670 {\n    padding-top: 5px;\n  }\n}\n<\/style>\n\t<\/div>\n\t\n\t<div id=\"text-2832769591\" class=\"text\">\n\t\t\n<h3>Premium quality ECO teas<\/h3>\n<p><span style=\"font-size: 100%;\">Both Semper Tea&#8217;s teas and infusions have an organic seal and European certification that verifies their premium quality.<\/span><\/p>\n<p><span style=\"font-size: 100%;\">A brand of organic teas and infusions from organically farmed plantations committed to sustainability and the protection of nature.<\/span><\/p>\n<p><span style=\"font-size: 100%;\">Harvesting, picking and leaf selection are all carried out by hand, under strict sanitary and quality control. Free of pesticides and synthetic fertilisers, 100% natural, environmentally friendly.<\/span><\/p>\n\t\t\n<style>\n#text-2832769591 {\n  font-size: 1rem;\n  text-align: left;\n}\n<\/style>\n\t<\/div>\n\t\n\t\t<\/div>\n\t\t\t\t\n<style>\n#col-710489144 > .col-inner {\n  padding: 15% 15% 15% 15%;\n}\n<\/style>\n\t<\/div>\n\n\t\n<\/div>\n\t\t<\/div>\n\n\t\t\n<style>\n#section_2027507434 {\n  padding-top: 1px;\n  padding-bottom: 1px;\n}\n<\/style>\n\t<\/section>\n\t\n\n\t<section class=\"section\" id=\"section_1785777486\">\n\t\t<div class=\"section-bg fill\" >\n\t\t\t\t\t\t\t\t\t\n\t\t\t\n\n\t\t<\/div>\n\n\t\t\n\n\t\t<div class=\"section-content relative\">\n\t\t\t\n\t<div id=\"gap-1889801555\" class=\"gap-element clearfix\" style=\"display:block; height:auto;\">\n\t\t\n<style>\n#gap-1889801555 {\n  padding-top: 20px;\n}\n@media (min-width:550px) {\n  #gap-1889801555 {\n    padding-top: 5px;\n  }\n}\n<\/style>\n\t<\/div>\n\t\n<div class=\"row\"  id=\"row-1245204673\">\n\n\t<div id=\"col-652428830\" class=\"col medium-8 small-12 large-12\"  >\n\t\t\t\t<div class=\"col-inner text-center\"  >\n\t\t\t\n\t\t\t\n<a href=\"https:\/\/www.sempertea.eu\/en\/contact\/\" class=\"button success lowercase\" >\n\t\t<span>Would you like to talk to us?<\/span>\n\t<\/a>\n\n\t<div id=\"gap-1287961012\" class=\"gap-element clearfix\" style=\"display:block; height:auto;\">\n\t\t\n<style>\n#gap-1287961012 {\n  padding-top: 30px;\n}\n<\/style>\n\t<\/div>\n\t\n\t<div id=\"text-3179802991\" class=\"text\">\n\t\t\n<h3>Strengthening ties with honesty and transparency<\/h3>\n<p>We close the circle by building personalised, long-lasting and loyal relationships with our customers, distributors and employees, choosing honesty and transparency in our internal and external communications.<\/p>\n<h3>Organic excellence for tea lovers<\/h3>\n<p>We work to offer the best service to tea lovers who are increasingly demanding and accustomed to recognise a high quality tea or infusion. Semper Tea is the excellence in organic tea and infusions, proven by the satisfaction of our customers.<\/p>\n\t\t\n<style>\n#text-3179802991 {\n  text-align: left;\n}\n<\/style>\n\t<\/div>\n\t\n\t\t<\/div>\n\t\t\t\t\t<\/div>\n\n\t\n<\/div>\n\t\t<\/div>\n\n\t\t\n<style>\n#section_1785777486 {\n  padding-top: 30px;\n  padding-bottom: 30px;\n}\n<\/style>\n\t<\/section>\n\t\n\n\t<section class=\"section\" id=\"section_257277961\">\n\t\t<div class=\"section-bg fill\" >\n\t\t\t<img loading=\"lazy\" decoding=\"async\" width=\"2500\" height=\"1875\" src=\"https:\/\/www.sempertea.eu\/wp-content\/uploads\/2021\/02\/mejor-servicio-a-los-amantes-del-te-semper-tea.jpg\" class=\"bg attachment- size-\" alt=\"\" \/>\t\t\t\t\t\t\n\t\t\t\n\n\t\t<\/div>\n\n\t\t\n\n\t\t<div class=\"section-content relative\">\n\t\t\t\n\t\t<\/div>\n\n\t\t\n<style>\n#section_257277961 {\n  padding-top: 30px;\n  padding-bottom: 30px;\n  min-height: 250px;\n}\n#section_257277961 .section-bg img {\n  object-position: 54% 67%;\n}\n@media (min-width:550px) {\n  #section_257277961 {\n    min-height: 325px;\n  }\n}\n<\/style>\n\t<\/section>\n\t\n","protected":false},"excerpt":{"rendered":"","protected":false},"author":1,"featured_media":0,"parent":0,"menu_order":0,"comment_status":"closed","ping_status":"closed","template":"page-blank.php","meta":{"footnotes":""},"class_list":["post-5750","page","type-page","status-publish","hentry"],"yoast_head":"<!-- This site is optimized with the Yoast SEO Premium plugin v27.3 (Yoast SEO v27.3) - https:\/\/yoast.com\/product\/yoast-seo-premium-wordpress\/ -->\n<title>Organic tea and herbal tea manufacturer | Semper Tea | International supplier<\/title>\n<meta name=\"description\" content=\"Organic tea and organic tisanes manufacturer \u2726 Organic tea wholesaler distributor for the hospitality, restaurant and catering sector What is Semper Tea?\" \/>\n<meta name=\"robots\" content=\"index, follow, max-snippet:-1, max-image-preview:large, max-video-preview:-1\" \/>\n<link rel=\"canonical\" href=\"https:\/\/www.sempertea.eu\/quienes-somos-fabricante-te-bio\/\" \/>\n<meta property=\"og:locale\" content=\"en_US\" \/>\n<meta property=\"og:type\" content=\"article\" \/>\n<meta property=\"og:title\" content=\"Who we are\" \/>\n<meta property=\"og:description\" content=\"Organic tea and organic tisanes manufacturer \u2726 Organic tea wholesaler distributor for the hospitality, restaurant and catering sector What is Semper Tea?\" \/>\n<meta property=\"og:url\" content=\"https:\/\/www.sempertea.eu\/quienes-somos-fabricante-te-bio\/\" \/>\n<meta property=\"og:site_name\" content=\"Semper Tea | Mayorista y fabricante de T\u00e9s e Infusiones para hoteles, restaurantes y bares\" \/>\n<meta property=\"article:modified_time\" content=\"2024-07-12T16:17:16+00:00\" \/>\n<meta name=\"twitter:card\" content=\"summary_large_image\" \/>\n<meta name=\"twitter:label1\" content=\"Est. reading time\" \/>\n\t<meta name=\"twitter:data1\" content=\"4 minutes\" \/>\n<script type=\"application\/ld+json\" class=\"yoast-schema-graph\">{\"@context\":\"https:\\\/\\\/schema.org\",\"@graph\":[{\"@type\":\"WebPage\",\"@id\":\"https:\\\/\\\/www.sempertea.eu\\\/quienes-somos-fabricante-te-bio\\\/\",\"url\":\"https:\\\/\\\/www.sempertea.eu\\\/quienes-somos-fabricante-te-bio\\\/\",\"name\":\"Organic tea and herbal tea manufacturer | Semper Tea | International supplier\",\"isPartOf\":{\"@id\":\"https:\\\/\\\/www.sempertea.eu\\\/#website\"},\"datePublished\":\"2022-09-22T19:28:22+00:00\",\"dateModified\":\"2024-07-12T16:17:16+00:00\",\"description\":\"Organic tea and organic tisanes manufacturer \u2726 Organic tea wholesaler distributor for the hospitality, restaurant and catering sector What is Semper Tea?\",\"breadcrumb\":{\"@id\":\"https:\\\/\\\/www.sempertea.eu\\\/quienes-somos-fabricante-te-bio\\\/#breadcrumb\"},\"inLanguage\":\"en-US\",\"potentialAction\":[{\"@type\":\"ReadAction\",\"target\":[\"https:\\\/\\\/www.sempertea.eu\\\/quienes-somos-fabricante-te-bio\\\/\"]}]},{\"@type\":\"BreadcrumbList\",\"@id\":\"https:\\\/\\\/www.sempertea.eu\\\/quienes-somos-fabricante-te-bio\\\/#breadcrumb\",\"itemListElement\":[{\"@type\":\"ListItem\",\"position\":1,\"name\":\"Portada\",\"item\":\"https:\\\/\\\/www.sempertea.eu\\\/en\\\/\"},{\"@type\":\"ListItem\",\"position\":2,\"name\":\"Who we are\"}]},{\"@type\":\"WebSite\",\"@id\":\"https:\\\/\\\/www.sempertea.eu\\\/#website\",\"url\":\"https:\\\/\\\/www.sempertea.eu\\\/\",\"name\":\"Semper Tea | Mayorista y fabricante de T\u00e9s e Infusiones para hoteles, restaurantes y bares\",\"description\":\"T\u00e9s e infusiones para hosteler\u00eda, hoteler\u00eda y comercio\",\"potentialAction\":[{\"@type\":\"SearchAction\",\"target\":{\"@type\":\"EntryPoint\",\"urlTemplate\":\"https:\\\/\\\/www.sempertea.eu\\\/?s={search_term_string}\"},\"query-input\":{\"@type\":\"PropertyValueSpecification\",\"valueRequired\":true,\"valueName\":\"search_term_string\"}}],\"inLanguage\":\"en-US\"}]}<\/script>\n<!-- \/ Yoast SEO Premium plugin. -->","yoast_head_json":{"title":"Organic tea and herbal tea manufacturer | Semper Tea | International supplier","description":"Organic tea and organic tisanes manufacturer \u2726 Organic tea wholesaler distributor for the hospitality, restaurant and catering sector What is Semper Tea?","robots":{"index":"index","follow":"follow","max-snippet":"max-snippet:-1","max-image-preview":"max-image-preview:large","max-video-preview":"max-video-preview:-1"},"canonical":"https:\/\/www.sempertea.eu\/quienes-somos-fabricante-te-bio\/","og_locale":"en_US","og_type":"article","og_title":"Who we are","og_description":"Organic tea and organic tisanes manufacturer \u2726 Organic tea wholesaler distributor for the hospitality, restaurant and catering sector What is Semper Tea?","og_url":"https:\/\/www.sempertea.eu\/quienes-somos-fabricante-te-bio\/","og_site_name":"Semper Tea | Mayorista y fabricante de T\u00e9s e Infusiones para hoteles, restaurantes y bares","article_modified_time":"2024-07-12T16:17:16+00:00","twitter_card":"summary_large_image","twitter_misc":{"Est. reading time":"4 minutes"},"schema":{"@context":"https:\/\/schema.org","@graph":[{"@type":"WebPage","@id":"https:\/\/www.sempertea.eu\/quienes-somos-fabricante-te-bio\/","url":"https:\/\/www.sempertea.eu\/quienes-somos-fabricante-te-bio\/","name":"Organic tea and herbal tea manufacturer | Semper Tea | International supplier","isPartOf":{"@id":"https:\/\/www.sempertea.eu\/#website"},"datePublished":"2022-09-22T19:28:22+00:00","dateModified":"2024-07-12T16:17:16+00:00","description":"Organic tea and organic tisanes manufacturer \u2726 Organic tea wholesaler distributor for the hospitality, restaurant and catering sector What is Semper Tea?","breadcrumb":{"@id":"https:\/\/www.sempertea.eu\/quienes-somos-fabricante-te-bio\/#breadcrumb"},"inLanguage":"en-US","potentialAction":[{"@type":"ReadAction","target":["https:\/\/www.sempertea.eu\/quienes-somos-fabricante-te-bio\/"]}]},{"@type":"BreadcrumbList","@id":"https:\/\/www.sempertea.eu\/quienes-somos-fabricante-te-bio\/#breadcrumb","itemListElement":[{"@type":"ListItem","position":1,"name":"Portada","item":"https:\/\/www.sempertea.eu\/en\/"},{"@type":"ListItem","position":2,"name":"Who we are"}]},{"@type":"WebSite","@id":"https:\/\/www.sempertea.eu\/#website","url":"https:\/\/www.sempertea.eu\/","name":"Semper Tea | Mayorista y fabricante de T\u00e9s e Infusiones para hoteles, restaurantes y bares","description":"T\u00e9s e infusiones para hosteler\u00eda, hoteler\u00eda y comercio","potentialAction":[{"@type":"SearchAction","target":{"@type":"EntryPoint","urlTemplate":"https:\/\/www.sempertea.eu\/?s={search_term_string}"},"query-input":{"@type":"PropertyValueSpecification","valueRequired":true,"valueName":"search_term_string"}}],"inLanguage":"en-US"}]}},"_links":{"self":[{"href":"https:\/\/www.sempertea.eu\/en\/wp-json\/wp\/v2\/pages\/5750","targetHints":{"allow":["GET"]}}],"collection":[{"href":"https:\/\/www.sempertea.eu\/en\/wp-json\/wp\/v2\/pages"}],"about":[{"href":"https:\/\/www.sempertea.eu\/en\/wp-json\/wp\/v2\/types\/page"}],"author":[{"embeddable":true,"href":"https:\/\/www.sempertea.eu\/en\/wp-json\/wp\/v2\/users\/1"}],"replies":[{"embeddable":true,"href":"https:\/\/www.sempertea.eu\/en\/wp-json\/wp\/v2\/comments?post=5750"}],"version-history":[{"count":0,"href":"https:\/\/www.sempertea.eu\/en\/wp-json\/wp\/v2\/pages\/5750\/revisions"}],"wp:attachment":[{"href":"https:\/\/www.sempertea.eu\/en\/wp-json\/wp\/v2\/media?parent=5750"}],"curies":[{"name":"wp","href":"https:\/\/api.w.org\/{rel}","templated":true}]}}