{"id":5254,"date":"2022-08-08T18:21:00","date_gmt":"2022-08-08T17:21:00","guid":{"rendered":"https:\/\/www.sempertea.eu\/ecological-sustainability\/"},"modified":"2024-07-18T09:36:14","modified_gmt":"2024-07-18T08:36:14","slug":"certified-organic-teas-agriculture-natural","status":"publish","type":"page","link":"https:\/\/www.sempertea.eu\/en\/certified-organic-teas-agriculture-natural\/","title":{"rendered":"Ecological sustainability"},"content":{"rendered":"\n  <div class=\"banner has-hover\" id=\"banner-821838048\">\n          <div class=\"banner-inner fill\">\n        <div class=\"banner-bg fill\" >\n            <img loading=\"lazy\" decoding=\"async\" width=\"2560\" height=\"1707\" src=\"https:\/\/www.sempertea.eu\/wp-content\/uploads\/2021\/02\/100-por-100-naturales-semper-tea-scaled.jpg\" class=\"bg attachment-original size-original\" alt=\"\" \/>                        <div class=\"overlay\"><\/div>            \n                    <\/div>\n\t\t\n        <div class=\"banner-layers container\">\n            <div class=\"fill banner-link\"><\/div>            \n   <div id=\"text-box-1177315467\" class=\"text-box banner-layer x50 md-x50 lg-x50 y50 md-y50 lg-y50 res-text\">\n                                <div class=\"text-box-content text dark\">\n              \n              <div class=\"text-inner text-center\">\n                  \n<h1><span data-text-color=\"alert\"><strong><span data-text-color=\"secondary\">Ecological sustainability<\/span><\/strong><\/span><\/h1>\n<p><span style=\"font-size: 150%;\">Our teas and tisanes are naturally organic.<br \/>ECO certified by the European Union.<\/span><\/p>\n<div class=\"is-divider divider clearfix\" style=\"margin-top:1.4em;margin-bottom:1.4em;max-width:50px;background-color:rgba(67, 171, 175, 0.74);\"><\/div>\n<a href=\"https:\/\/www.sempertea.eu\/en\/contact\/\" class=\"button success is-large lowercase\" style=\"border-radius:10px;\">\n\t\t<span>Write to us<\/span>\n\t<\/a>\n\n              <\/div>\n           <\/div>\n                            \n<style>\n#text-box-1177315467 .text-box-content {\n  background-color: rgba(0, 0, 0, 0.26);\n  font-size: 100%;\n}\n#text-box-1177315467 .text-inner {\n  padding: 10px 10px 10px 10px;\n}\n#text-box-1177315467 {\n  width: 70%;\n}\n@media (min-width:550px) {\n  #text-box-1177315467 {\n    width: 60%;\n  }\n}\n<\/style>\n    <\/div>\n \n        <\/div>\n      <\/div>\n\n            \n<style>\n#banner-821838048 {\n  padding-top: 500px;\n}\n#banner-821838048 .overlay {\n  background-color: rgba(255, 255, 255, 0.215);\n}\n<\/style>\n  <\/div>\n\n\n<div class=\"row row-collapse row-full-width\"  id=\"row-1177037101\">\n\n\t<div id=\"col-2069910929\" class=\"col medium-3 small-12 large-3\"  >\n\t\t\t\t<div class=\"col-inner\"  >\n\t\t\t\n\t\t\t\n\n  <div class=\"banner has-hover\" id=\"banner-421233794\">\n          <div class=\"banner-inner fill\">\n        <div class=\"banner-bg fill\" >\n                                                \n                    <\/div>\n\t\t\n        <div class=\"banner-layers container\">\n            <div class=\"fill banner-link\"><\/div>            \n   <div id=\"text-box-347215762\" class=\"text-box banner-layer x50 md-x50 lg-x50 y50 md-y50 lg-y50 res-text\">\n                                <div class=\"text-box-content text dark\">\n              \n              <div class=\"text-inner text-center\">\n                  \n\t<div id=\"text-1759029573\" class=\"text\">\n\t\t\n<h2><span style=\"font-size: 80%;\"><strong>Organic Teas<\/strong><\/span><\/h2>\n<p><span style=\"font-size: 150%;\">From organic tea plantations, 100% natural. In line with our environmental responsibility, we focus on minimising the use of disposable plastic.<\/span><\/p>\n\t\t\n<style>\n#text-1759029573 {\n  color: rgb(0, 0, 0);\n}\n#text-1759029573 > * {\n  color: rgb(0, 0, 0);\n}\n<\/style>\n\t<\/div>\n\t\n              <\/div>\n           <\/div>\n                            \n<style>\n#text-box-347215762 {\n  width: 75%;\n}\n#text-box-347215762 .text-box-content {\n  font-size: 100%;\n}\n@media (min-width:550px) {\n  #text-box-347215762 {\n    width: 91%;\n  }\n}\n<\/style>\n    <\/div>\n \n        <\/div>\n      <\/div>\n\n            \n<style>\n#banner-421233794 {\n  padding-top: 240px;\n  background-color: rgb(255, 255, 255);\n}\n@media (min-width:550px) {\n  #banner-421233794 {\n    padding-top: 321px;\n  }\n}\n<\/style>\n  <\/div>\n\n\n\t\t<\/div>\n\t\t\t\t\t<\/div>\n\n\t\n\n\t<div id=\"col-1928192771\" class=\"col medium-3 small-12 large-3\"  >\n\t\t\t\t<div class=\"col-inner\"  >\n\t\t\t\n\t\t\t\n\n  <div class=\"banner has-hover\" id=\"banner-1504671178\">\n          <div class=\"banner-inner fill\">\n        <div class=\"banner-bg fill\" >\n            <img loading=\"lazy\" decoding=\"async\" width=\"1000\" height=\"912\" src=\"https:\/\/www.sempertea.eu\/wp-content\/uploads\/2021\/08\/te-al-por-mayor-semper-tea.jpg\" class=\"bg attachment-original size-original\" alt=\"\" \/>                                    \n                    <\/div>\n\t\t\n        <div class=\"banner-layers container\">\n            <div class=\"fill banner-link\"><\/div>            \n   <div id=\"text-box-240605201\" class=\"text-box banner-layer x50 md-x50 lg-x50 y50 md-y50 lg-y50 res-text\">\n                                <div class=\"text-box-content text dark\">\n              \n              <div class=\"text-inner text-center\">\n                  \n<a href=\"https:\/\/www.sempertea.eu\/en\/fruit-teas-organic-tea-shop-certified-quality\/\" class=\"button success is-larger lowercase\" style=\"border-radius:10px;\">\n\t\t<span>Fruit Tea<\/span>\n\t<\/a>\n\n              <\/div>\n           <\/div>\n                            \n<style>\n#text-box-240605201 {\n  width: 60%;\n}\n#text-box-240605201 .text-box-content {\n  font-size: 100%;\n}\n<\/style>\n    <\/div>\n \n        <\/div>\n      <\/div>\n\n            \n<style>\n#banner-1504671178 {\n  padding-top: 321px;\n  background-color: rgb(26, 26, 26);\n}\n<\/style>\n  <\/div>\n\n\n\t\t<\/div>\n\t\t\t\t\t<\/div>\n\n\t\n\n\t<div id=\"col-382249255\" class=\"col medium-3 small-12 large-3\"  >\n\t\t\t\t<div class=\"col-inner\"  >\n\t\t\t\n\t\t\t\n\n  <div class=\"banner has-hover hide-for-medium\" id=\"banner-690276058\">\n          <div class=\"banner-inner fill\">\n        <div class=\"banner-bg fill\" >\n            <img loading=\"lazy\" decoding=\"async\" width=\"1020\" height=\"765\" src=\"https:\/\/www.sempertea.eu\/wp-content\/uploads\/2024\/07\/sobres-creativos-de-te-infusiones-semper-tea-1024x768.jpg\" class=\"bg attachment-large size-large\" alt=\"sobres creativos de tes infusiones semper tea\" \/>                                    \n                    <\/div>\n\t\t\n        <div class=\"banner-layers container\">\n            <div class=\"fill banner-link\"><\/div>            \n   <div id=\"text-box-1586936262\" class=\"text-box banner-layer x50 md-x50 lg-x50 y50 md-y50 lg-y50 res-text\">\n                                <div class=\"text-box-content text dark\">\n              \n              <div class=\"text-inner text-center\">\n                  \n<a href=\"https:\/\/www.sempertea.eu\/en\/the-best-herbal-teas-organic-online-shop\/\" class=\"button success is-larger lowercase\" style=\"border-radius:10px;\">\n\t\t<span>Herbal tea \u2013 organic<\/span>\n\t<\/a>\n\n              <\/div>\n           <\/div>\n                            \n<style>\n#text-box-1586936262 {\n  width: 60%;\n}\n#text-box-1586936262 .text-box-content {\n  font-size: 100%;\n}\n<\/style>\n    <\/div>\n \n        <\/div>\n      <\/div>\n\n            \n<style>\n#banner-690276058 {\n  padding-top: 321px;\n  background-color: rgb(26, 26, 26);\n}\n#banner-690276058 .banner-bg img {\n  object-position: 51% 100%;\n}\n<\/style>\n  <\/div>\n\n\n\t\t<\/div>\n\t\t\t\t\t<\/div>\n\n\t\n\n\t<div id=\"col-57179421\" class=\"col medium-3 small-12 large-3\"  >\n\t\t\t\t<div class=\"col-inner\"  >\n\t\t\t\n\t\t\t\n\n  <div class=\"banner has-hover\" id=\"banner-1822882400\">\n          <div class=\"banner-inner fill\">\n        <div class=\"banner-bg fill\" >\n            <img loading=\"lazy\" decoding=\"async\" width=\"1000\" height=\"697\" src=\"https:\/\/www.sempertea.eu\/wp-content\/uploads\/2021\/08\/infusiones-en-envase-sostenible-semper-tea.jpg\" class=\"bg attachment-original size-original\" alt=\"\" \/>                                    \n                    <\/div>\n\t\t\n        <div class=\"banner-layers container\">\n            <div class=\"fill banner-link\"><\/div>            \n   <div id=\"text-box-1733042437\" class=\"text-box banner-layer x50 md-x50 lg-x50 y50 md-y50 lg-y50 res-text\">\n                                <div class=\"text-box-content text dark\">\n              \n              <div class=\"text-inner text-center\">\n                  \n<a href=\"https:\/\/www.sempertea.eu\/en\/whole-leaf-tea-in-glass-jar-tubes-organic\/\" class=\"button success is-larger lowercase\" style=\"border-radius:10px;\">\n\t\t<span>Organic leaf tea in glass<\/span>\n\t<\/a>\n\n              <\/div>\n           <\/div>\n                            \n<style>\n#text-box-1733042437 {\n  width: 60%;\n}\n#text-box-1733042437 .text-box-content {\n  font-size: 100%;\n}\n<\/style>\n    <\/div>\n \n        <\/div>\n      <\/div>\n\n            \n<style>\n#banner-1822882400 {\n  padding-top: 321px;\n  background-color: rgb(26, 26, 26);\n}\n#banner-1822882400 .banner-bg img {\n  object-position: 0% 87%;\n}\n<\/style>\n  <\/div>\n\n\n\t\t<\/div>\n\t\t\t\t\t<\/div>\n\n\t\n<\/div>\n<div class=\"row row-collapse row-full-width\"  id=\"row-914261709\">\n\n\t<div id=\"col-30369525\" class=\"col medium-3 small-12 large-3\"  >\n\t\t\t\t<div class=\"col-inner\"  >\n\t\t\t\n\t\t\t\n\n  <div class=\"banner has-hover hide-for-medium\" id=\"banner-444302897\">\n          <div class=\"banner-inner fill\">\n        <div class=\"banner-bg fill\" >\n            <img loading=\"lazy\" decoding=\"async\" width=\"900\" height=\"500\" src=\"https:\/\/www.sempertea.eu\/wp-content\/uploads\/2023\/04\/infusiones-y-tes-para-hostales-semper-tea.jpg\" class=\"bg attachment-original size-original\" alt=\"infusiones y tes para hostales semper tea\" \/>                                    \n                    <\/div>\n\t\t\n        <div class=\"banner-layers container\">\n            <div class=\"fill banner-link\"><\/div>            \n   <div id=\"text-box-412910443\" class=\"text-box banner-layer x50 md-x50 lg-x50 y50 md-y50 lg-y50 res-text\">\n                                <div class=\"text-box-content text dark\">\n              \n              <div class=\"text-inner text-center\">\n                  \n<a href=\"https:\/\/www.sempertea.eu\/te-bolsita-sobres-te\/\" class=\"button success is-larger lowercase\" style=\"border-radius:10px;\">\n\t\t<span>Classic tea bags<\/span>\n\t<\/a>\n\n              <\/div>\n           <\/div>\n                            \n<style>\n#text-box-412910443 {\n  width: 60%;\n}\n#text-box-412910443 .text-box-content {\n  font-size: 100%;\n}\n<\/style>\n    <\/div>\n \n        <\/div>\n      <\/div>\n\n            \n<style>\n#banner-444302897 {\n  padding-top: 321px;\n  background-color: rgb(26, 26, 26);\n}\n#banner-444302897 .banner-bg img {\n  object-position: 0% 100%;\n}\n<\/style>\n  <\/div>\n\n\n\t\t<\/div>\n\t\t\t\t\t<\/div>\n\n\t\n\n\t<div id=\"col-172062894\" class=\"col medium-3 small-12 large-3\"  >\n\t\t\t\t<div class=\"col-inner\"  >\n\t\t\t\n\t\t\t\n\n  <div class=\"banner has-hover hide-for-medium\" id=\"banner-2004068864\">\n          <div class=\"banner-inner fill\">\n        <div class=\"banner-bg fill\" >\n            <img loading=\"lazy\" decoding=\"async\" width=\"1020\" height=\"1020\" src=\"https:\/\/www.sempertea.eu\/wp-content\/uploads\/2023\/08\/beneficios-del-rooibos-salud-sabor-natural-semper-tea-1024x1024.jpg\" class=\"bg attachment-large size-large\" alt=\"beneficios del rooibos salud sabor natural semper tea\" \/>                                    \n                    <\/div>\n\t\t\n        <div class=\"banner-layers container\">\n            <div class=\"fill banner-link\"><\/div>            \n   <div id=\"text-box-74044160\" class=\"text-box banner-layer x50 md-x50 lg-x50 y50 md-y50 lg-y50 res-text\">\n                                <div class=\"text-box-content text dark\">\n              \n              <div class=\"text-inner text-center\">\n                  \n<a href=\"https:\/\/www.sempertea.eu\/en\/plastic-free-tea-packaging\/\" class=\"button success is-larger lowercase\" style=\"border-radius:10px;\">\n\t\t<span>Plastic free tea packaging<\/span>\n\t<\/a>\n\n              <\/div>\n           <\/div>\n                            \n<style>\n#text-box-74044160 {\n  width: 60%;\n}\n#text-box-74044160 .text-box-content {\n  font-size: 100%;\n}\n<\/style>\n    <\/div>\n \n        <\/div>\n      <\/div>\n\n            \n<style>\n#banner-2004068864 {\n  padding-top: 321px;\n  background-color: rgb(26, 26, 26);\n}\n<\/style>\n  <\/div>\n\n\n\t\t<\/div>\n\t\t\t\t\t<\/div>\n\n\t\n\n\t<div id=\"col-957447411\" class=\"col medium-3 small-12 large-3\"  >\n\t\t\t\t<div class=\"col-inner\"  >\n\t\t\t\n\t\t\t\n\n  <div class=\"banner has-hover\" id=\"banner-707654643\">\n          <div class=\"banner-inner fill\">\n        <div class=\"banner-bg fill\" >\n            <img loading=\"lazy\" decoding=\"async\" width=\"1000\" height=\"597\" src=\"https:\/\/www.sempertea.eu\/wp-content\/uploads\/2021\/08\/te-piramide-envase-biodegradable-semper-tea.jpg\" class=\"bg attachment-original size-original\" alt=\"\" \/>                                    \n                    <\/div>\n\t\t\n        <div class=\"banner-layers container\">\n            <div class=\"fill banner-link\"><\/div>            \n   <div id=\"text-box-1983358337\" class=\"text-box banner-layer x50 md-x50 lg-x50 y50 md-y50 lg-y50 res-text\">\n                                <div class=\"text-box-content text dark\">\n              \n              <div class=\"text-inner text-center\">\n                  \n<a href=\"https:\/\/www.sempertea.eu\/en\/tea-pyramid-organic-biodegradable\/\" class=\"button success is-larger lowercase\" style=\"border-radius:10px;\">\n\t\t<span>Tea in biodegradable pyramids<\/span>\n\t<\/a>\n\n              <\/div>\n           <\/div>\n                            \n<style>\n#text-box-1983358337 {\n  width: 60%;\n}\n#text-box-1983358337 .text-box-content {\n  font-size: 100%;\n}\n<\/style>\n    <\/div>\n \n        <\/div>\n      <\/div>\n\n            \n<style>\n#banner-707654643 {\n  padding-top: 321px;\n  background-color: rgb(26, 26, 26);\n}\n#banner-707654643 .banner-bg img {\n  object-position: 6% 79%;\n}\n<\/style>\n  <\/div>\n\n\n\t\t<\/div>\n\t\t\t\t\t<\/div>\n\n\t\n\n\t<div id=\"col-1227115343\" class=\"col medium-3 small-12 large-3\"  >\n\t\t\t\t<div class=\"col-inner\"  >\n\t\t\t\n\t\t\t\n\n  <div class=\"banner has-hover\" id=\"banner-541727990\">\n          <div class=\"banner-inner fill\">\n        <div class=\"banner-bg fill\" >\n                                                \n                    <\/div>\n\t\t\n        <div class=\"banner-layers container\">\n            <div class=\"fill banner-link\"><\/div>            \n   <div id=\"text-box-20975592\" class=\"text-box banner-layer x50 md-x50 lg-x50 y50 md-y50 lg-y50 res-text\">\n                                <div class=\"text-box-content text dark\">\n              \n              <div class=\"text-inner text-center\">\n                  \n\t<div id=\"text-4077805771\" class=\"text\">\n\t\t\n<p><span style=\"font-size: 150%;\">Our range includes biodegradable tea pyramids, sustainable plastic-free packaging, bulk tea in glass containers and paper bags.<\/span><br \/>\n\t\t\n<style>\n#text-4077805771 {\n  color: rgb(0, 0, 0);\n}\n#text-4077805771 > * {\n  color: rgb(0, 0, 0);\n}\n<\/style>\n\t<\/div>\n\t\n              <\/div>\n           <\/div>\n                            \n<style>\n#text-box-20975592 {\n  width: 75%;\n}\n#text-box-20975592 .text-box-content {\n  font-size: 100%;\n}\n@media (min-width:550px) {\n  #text-box-20975592 {\n    width: 92%;\n  }\n}\n<\/style>\n    <\/div>\n \n        <\/div>\n      <\/div>\n\n            \n<style>\n#banner-541727990 {\n  padding-top: 240px;\n  background-color: rgb(255, 255, 255);\n}\n@media (min-width:550px) {\n  #banner-541727990 {\n    padding-top: 321px;\n  }\n}\n<\/style>\n  <\/div>\n\n\n\t\t<\/div>\n\t\t\t\t\t<\/div>\n\n\t\n<\/div>\n\n  <div class=\"banner has-hover\" id=\"banner-1465021059\">\n          <div class=\"banner-inner fill\">\n        <div class=\"banner-bg fill\" >\n            <img loading=\"lazy\" decoding=\"async\" width=\"2560\" height=\"1707\" src=\"https:\/\/www.sempertea.eu\/wp-content\/uploads\/2021\/02\/100-por-100-naturales-semper-tea-scaled.jpg\" class=\"bg attachment-original size-original\" alt=\"\" \/>                        <div class=\"overlay\"><\/div>            \n                    <\/div>\n\t\t\n        <div class=\"banner-layers container\">\n            <div class=\"fill banner-link\"><\/div>            \n   <div id=\"text-box-1142220608\" class=\"text-box banner-layer x50 md-x50 lg-x50 y50 md-y50 lg-y50 res-text\">\n                                <div class=\"text-box-content text dark\">\n              \n              <div class=\"text-inner text-center\">\n                  \n<p><span style=\"font-size: 150%;\">No synthetic fertilisers, herbicides or pesticides, respecting the environment.\u00a0For our tea consumers, this means authentic taste, respecting nature and its life cycle.<\/span><\/p>\n<a href=\"https:\/\/www.sempertea.eu\/en\/contact\/\" class=\"button success is-large lowercase\" style=\"border-radius:10px;\">\n\t\t<span>Call us<\/span>\n\t<\/a>\n\n              <\/div>\n           <\/div>\n                            \n<style>\n#text-box-1142220608 .text-box-content {\n  background-color: rgba(0, 0, 0, 0.26);\n  font-size: 100%;\n}\n#text-box-1142220608 .text-inner {\n  padding: 10px 10px 10px 10px;\n}\n#text-box-1142220608 {\n  width: 70%;\n}\n@media (min-width:550px) {\n  #text-box-1142220608 {\n    width: 65%;\n  }\n}\n<\/style>\n    <\/div>\n \n        <\/div>\n      <\/div>\n\n            \n<style>\n#banner-1465021059 {\n  padding-top: 500px;\n}\n#banner-1465021059 .overlay {\n  background-color: rgba(255, 255, 255, 0.215);\n}\n<\/style>\n  <\/div>\n\n\n","protected":false},"excerpt":{"rendered":"","protected":false},"author":1,"featured_media":0,"parent":0,"menu_order":0,"comment_status":"closed","ping_status":"closed","template":"page-blank.php","meta":{"footnotes":""},"class_list":["post-5254","page","type-page","status-publish","hentry"],"yoast_head":"<!-- This site is optimized with the Yoast SEO Premium plugin v27.3 (Yoast SEO v27.4) - https:\/\/yoast.com\/product\/yoast-seo-premium-wordpress\/ -->\n<title>Ecological sustainability | Organic herbal tea | Semper Tea<\/title>\n<meta name=\"description\" content=\"Discover our certified organic teas, free from pesticides and 100% natural. Enjoy environmentally friendly tea options that support sustainability.\" \/>\n<meta name=\"robots\" content=\"index, follow, max-snippet:-1, max-image-preview:large, max-video-preview:-1\" \/>\n<link rel=\"canonical\" href=\"https:\/\/www.sempertea.eu\/ecologia-sostenibilidad\/\" \/>\n<meta property=\"og:locale\" content=\"en_US\" \/>\n<meta property=\"og:type\" content=\"article\" \/>\n<meta property=\"og:title\" content=\"Ecological sustainability\" \/>\n<meta property=\"og:description\" content=\"Discover our certified organic teas, free from pesticides and 100% natural. Enjoy environmentally friendly tea options that support sustainability.\" \/>\n<meta property=\"og:url\" content=\"https:\/\/www.sempertea.eu\/ecologia-sostenibilidad\/\" \/>\n<meta property=\"og:site_name\" content=\"Semper Tea | Mayorista y fabricante de T\u00e9s e Infusiones para hoteles, restaurantes y bares\" \/>\n<meta property=\"article:modified_time\" content=\"2024-07-18T08:36:14+00:00\" \/>\n<meta name=\"twitter:card\" content=\"summary_large_image\" \/>\n<meta name=\"twitter:label1\" content=\"Est. reading time\" \/>\n\t<meta name=\"twitter:data1\" content=\"3 minutes\" \/>\n<script type=\"application\/ld+json\" class=\"yoast-schema-graph\">{\"@context\":\"https:\\\/\\\/schema.org\",\"@graph\":[{\"@type\":\"WebPage\",\"@id\":\"https:\\\/\\\/www.sempertea.eu\\\/ecologia-sostenibilidad\\\/\",\"url\":\"https:\\\/\\\/www.sempertea.eu\\\/ecologia-sostenibilidad\\\/\",\"name\":\"Ecological sustainability | Organic herbal tea | Semper Tea\",\"isPartOf\":{\"@id\":\"https:\\\/\\\/www.sempertea.eu\\\/#website\"},\"datePublished\":\"2022-08-08T17:21:00+00:00\",\"dateModified\":\"2024-07-18T08:36:14+00:00\",\"description\":\"Discover our certified organic teas, free from pesticides and 100% natural. Enjoy environmentally friendly tea options that support sustainability.\",\"breadcrumb\":{\"@id\":\"https:\\\/\\\/www.sempertea.eu\\\/ecologia-sostenibilidad\\\/#breadcrumb\"},\"inLanguage\":\"en-US\",\"potentialAction\":[{\"@type\":\"ReadAction\",\"target\":[\"https:\\\/\\\/www.sempertea.eu\\\/ecologia-sostenibilidad\\\/\"]}]},{\"@type\":\"BreadcrumbList\",\"@id\":\"https:\\\/\\\/www.sempertea.eu\\\/ecologia-sostenibilidad\\\/#breadcrumb\",\"itemListElement\":[{\"@type\":\"ListItem\",\"position\":1,\"name\":\"Portada\",\"item\":\"https:\\\/\\\/www.sempertea.eu\\\/en\\\/\"},{\"@type\":\"ListItem\",\"position\":2,\"name\":\"Ecological sustainability\"}]},{\"@type\":\"WebSite\",\"@id\":\"https:\\\/\\\/www.sempertea.eu\\\/#website\",\"url\":\"https:\\\/\\\/www.sempertea.eu\\\/\",\"name\":\"Semper Tea | Mayorista y fabricante de T\u00e9s e Infusiones para hoteles, restaurantes y bares\",\"description\":\"T\u00e9s e infusiones para hosteler\u00eda, hoteler\u00eda y comercio\",\"potentialAction\":[{\"@type\":\"SearchAction\",\"target\":{\"@type\":\"EntryPoint\",\"urlTemplate\":\"https:\\\/\\\/www.sempertea.eu\\\/?s={search_term_string}\"},\"query-input\":{\"@type\":\"PropertyValueSpecification\",\"valueRequired\":true,\"valueName\":\"search_term_string\"}}],\"inLanguage\":\"en-US\"}]}<\/script>\n<!-- \/ Yoast SEO Premium plugin. -->","yoast_head_json":{"title":"Ecological sustainability | Organic herbal tea | Semper Tea","description":"Discover our certified organic teas, free from pesticides and 100% natural. Enjoy environmentally friendly tea options that support sustainability.","robots":{"index":"index","follow":"follow","max-snippet":"max-snippet:-1","max-image-preview":"max-image-preview:large","max-video-preview":"max-video-preview:-1"},"canonical":"https:\/\/www.sempertea.eu\/ecologia-sostenibilidad\/","og_locale":"en_US","og_type":"article","og_title":"Ecological sustainability","og_description":"Discover our certified organic teas, free from pesticides and 100% natural. Enjoy environmentally friendly tea options that support sustainability.","og_url":"https:\/\/www.sempertea.eu\/ecologia-sostenibilidad\/","og_site_name":"Semper Tea | Mayorista y fabricante de T\u00e9s e Infusiones para hoteles, restaurantes y bares","article_modified_time":"2024-07-18T08:36:14+00:00","twitter_card":"summary_large_image","twitter_misc":{"Est. reading time":"3 minutes"},"schema":{"@context":"https:\/\/schema.org","@graph":[{"@type":"WebPage","@id":"https:\/\/www.sempertea.eu\/ecologia-sostenibilidad\/","url":"https:\/\/www.sempertea.eu\/ecologia-sostenibilidad\/","name":"Ecological sustainability | Organic herbal tea | Semper Tea","isPartOf":{"@id":"https:\/\/www.sempertea.eu\/#website"},"datePublished":"2022-08-08T17:21:00+00:00","dateModified":"2024-07-18T08:36:14+00:00","description":"Discover our certified organic teas, free from pesticides and 100% natural. Enjoy environmentally friendly tea options that support sustainability.","breadcrumb":{"@id":"https:\/\/www.sempertea.eu\/ecologia-sostenibilidad\/#breadcrumb"},"inLanguage":"en-US","potentialAction":[{"@type":"ReadAction","target":["https:\/\/www.sempertea.eu\/ecologia-sostenibilidad\/"]}]},{"@type":"BreadcrumbList","@id":"https:\/\/www.sempertea.eu\/ecologia-sostenibilidad\/#breadcrumb","itemListElement":[{"@type":"ListItem","position":1,"name":"Portada","item":"https:\/\/www.sempertea.eu\/en\/"},{"@type":"ListItem","position":2,"name":"Ecological sustainability"}]},{"@type":"WebSite","@id":"https:\/\/www.sempertea.eu\/#website","url":"https:\/\/www.sempertea.eu\/","name":"Semper Tea | Mayorista y fabricante de T\u00e9s e Infusiones para hoteles, restaurantes y bares","description":"T\u00e9s e infusiones para hosteler\u00eda, hoteler\u00eda y comercio","potentialAction":[{"@type":"SearchAction","target":{"@type":"EntryPoint","urlTemplate":"https:\/\/www.sempertea.eu\/?s={search_term_string}"},"query-input":{"@type":"PropertyValueSpecification","valueRequired":true,"valueName":"search_term_string"}}],"inLanguage":"en-US"}]}},"_links":{"self":[{"href":"https:\/\/www.sempertea.eu\/en\/wp-json\/wp\/v2\/pages\/5254","targetHints":{"allow":["GET"]}}],"collection":[{"href":"https:\/\/www.sempertea.eu\/en\/wp-json\/wp\/v2\/pages"}],"about":[{"href":"https:\/\/www.sempertea.eu\/en\/wp-json\/wp\/v2\/types\/page"}],"author":[{"embeddable":true,"href":"https:\/\/www.sempertea.eu\/en\/wp-json\/wp\/v2\/users\/1"}],"replies":[{"embeddable":true,"href":"https:\/\/www.sempertea.eu\/en\/wp-json\/wp\/v2\/comments?post=5254"}],"version-history":[{"count":0,"href":"https:\/\/www.sempertea.eu\/en\/wp-json\/wp\/v2\/pages\/5254\/revisions"}],"wp:attachment":[{"href":"https:\/\/www.sempertea.eu\/en\/wp-json\/wp\/v2\/media?parent=5254"}],"curies":[{"name":"wp","href":"https:\/\/api.w.org\/{rel}","templated":true}]}}