{"id":5250,"date":"2022-08-08T18:03:52","date_gmt":"2022-08-08T17:03:52","guid":{"rendered":"https:\/\/www.sempertea.eu\/contact\/"},"modified":"2024-07-22T12:43:36","modified_gmt":"2024-07-22T11:43:36","slug":"contact","status":"publish","type":"page","link":"https:\/\/www.sempertea.eu\/en\/contact\/","title":{"rendered":"Contact"},"content":{"rendered":"\n\t<section class=\"section dark\" id=\"section_1843244109\">\n\t\t<div class=\"section-bg fill\" >\n\t\t\t<img loading=\"lazy\" decoding=\"async\" width=\"2560\" height=\"1696\" src=\"https:\/\/www.sempertea.eu\/wp-content\/uploads\/2021\/03\/telefono-contacto-semper-tea-scaled.jpg\" class=\"bg attachment-original size-original\" alt=\"\" \/>\t\t\t\t\t\t<div class=\"section-bg-overlay absolute fill\"><\/div>\n\t\t\t\n\n\t\t<\/div>\n\n\t\t\n\n\t\t<div class=\"section-content relative\">\n\t\t\t\n<div class=\"row align-center\"  id=\"row-852275209\">\n\n\t<div id=\"col-1613492347\" class=\"col medium-7 small-12 large-7\"  >\n\t\t\t\t<div class=\"col-inner text-center\"  >\n\t\t\t\n\t\t\t\n<div class=\"col-inner text-center\">\n<h1><strong>Let&#8217;s get in touch<\/strong><\/h1>\n<p><span style=\"font-size: 120%;\">We would love to hear from you.<\/span><\/p>\n<\/div>\n\t\t<\/div>\n\t\t\t\t\n<style>\n#col-1613492347 > .col-inner {\n  padding: 20px 0px 0px 0px;\n}\n<\/style>\n\t<\/div>\n\n\t\n<\/div>\n\t\t<\/div>\n\n\t\t\n<style>\n#section_1843244109 {\n  padding-top: 140px;\n  padding-bottom: 140px;\n  background-color: rgb(40, 40, 40);\n}\n#section_1843244109 .section-bg-overlay {\n  background-color: rgba(0, 0, 0, 0.3);\n}\n#section_1843244109 .section-bg img {\n  object-position: 49% 11%;\n}\n<\/style>\n\t<\/section>\n\t\n\n\t<section class=\"section\" id=\"section_157878341\">\n\t\t<div class=\"section-bg fill\" >\n\t\t\t\t\t\t\t\t\t\n\t\t\t\n\n\t\t<\/div>\n\n\t\t\n\n\t\t<div class=\"section-content relative\">\n\t\t\t\n<div class=\"row\"  id=\"row-2095951263\">\n\n\t<div id=\"col-1297039495\" class=\"col small-12 large-12\"  >\n\t\t\t\t<div class=\"col-inner\"  >\n\t\t\t\n\t\t\t\n<div class=\"row align-equal\"  id=\"row-1487306577\">\n\n\t<div id=\"col-463624291\" class=\"col medium-6 small-12 large-6\"  >\n\t\t\t\t<div class=\"col-inner text-center\"  >\n\t\t\t\n\t\t\t\n\n\t\t<div class=\"icon-box featured-box icon-box-center text-center\"  >\n\t\t\t\t\t<div class=\"icon-box-img\" style=\"width: 60px\">\n\t\t\t\t<div class=\"icon\">\n\t\t\t\t\t<div class=\"icon-inner\" >\n\t\t\t\t\t\t<img loading=\"lazy\" decoding=\"async\" width=\"300\" height=\"300\" src=\"https:\/\/www.sempertea.eu\/wp-content\/uploads\/2021\/03\/contact-page-for-flatsome-wordpress-theme-pointed-icon-phone-300x300.png\" class=\"attachment-medium size-medium\" alt=\"\" srcset=\"https:\/\/www.sempertea.eu\/wp-content\/uploads\/2021\/03\/contact-page-for-flatsome-wordpress-theme-pointed-icon-phone-300x300.png 300w, https:\/\/www.sempertea.eu\/wp-content\/uploads\/2021\/03\/contact-page-for-flatsome-wordpress-theme-pointed-icon-phone-100x100.png 100w, https:\/\/www.sempertea.eu\/wp-content\/uploads\/2021\/03\/contact-page-for-flatsome-wordpress-theme-pointed-icon-phone-510x510.png 510w, https:\/\/www.sempertea.eu\/wp-content\/uploads\/2021\/03\/contact-page-for-flatsome-wordpress-theme-pointed-icon-phone-150x150.png 150w, https:\/\/www.sempertea.eu\/wp-content\/uploads\/2021\/03\/contact-page-for-flatsome-wordpress-theme-pointed-icon-phone.png 512w\" sizes=\"auto, (max-width: 300px) 100vw, 300px\" \/>\t\t\t\t\t<\/div>\n\t\t\t\t<\/div>\n\t\t\t<\/div>\n\t\t\t\t<div class=\"icon-box-text last-reset\">\n\t\t\t\t\t\t\t\t\t\n<p><span style=\"font-size: 110%;\">Customer service Semper Tea<\/span><\/p>\n<p>Phone<\/p>\n\t<div id=\"gap-549111545\" class=\"gap-element clearfix\" style=\"display:block; height:auto;\">\n\t\t\n<style>\n#gap-549111545 {\n  padding-top: 20px;\n}\n<\/style>\n\t<\/div>\n\t\n<a class=\"button alert\" >\n\t\t<span>+34 854 73 90 66<\/span>\n\t<\/a>\n\n\t\t<\/div>\n\t<\/div>\n\t\n\t\n\t\t<\/div>\n\t\t\t\t\t<\/div>\n\n\t\n\n\t<div id=\"col-938765225\" class=\"col medium-6 small-12 large-6\"  >\n\t\t\t\t<div class=\"col-inner text-center\"  >\n\t\t\t\n\t\t\t\n\n\t\t<div class=\"icon-box featured-box icon-box-center text-center\"  >\n\t\t\t\t\t<div class=\"icon-box-img\" style=\"width: 60px\">\n\t\t\t\t<div class=\"icon\">\n\t\t\t\t\t<div class=\"icon-inner\" >\n\t\t\t\t\t\t<img loading=\"lazy\" decoding=\"async\" width=\"300\" height=\"300\" src=\"https:\/\/www.sempertea.eu\/wp-content\/uploads\/2021\/03\/contact-page-for-flatsome-wordpress-theme-pointed-icon-chat-300x300.png\" class=\"attachment-medium size-medium\" alt=\"\" srcset=\"https:\/\/www.sempertea.eu\/wp-content\/uploads\/2021\/03\/contact-page-for-flatsome-wordpress-theme-pointed-icon-chat-300x300.png 300w, https:\/\/www.sempertea.eu\/wp-content\/uploads\/2021\/03\/contact-page-for-flatsome-wordpress-theme-pointed-icon-chat-100x100.png 100w, https:\/\/www.sempertea.eu\/wp-content\/uploads\/2021\/03\/contact-page-for-flatsome-wordpress-theme-pointed-icon-chat-510x510.png 510w, https:\/\/www.sempertea.eu\/wp-content\/uploads\/2021\/03\/contact-page-for-flatsome-wordpress-theme-pointed-icon-chat-150x150.png 150w, https:\/\/www.sempertea.eu\/wp-content\/uploads\/2021\/03\/contact-page-for-flatsome-wordpress-theme-pointed-icon-chat.png 512w\" sizes=\"auto, (max-width: 300px) 100vw, 300px\" \/>\t\t\t\t\t<\/div>\n\t\t\t\t<\/div>\n\t\t\t<\/div>\n\t\t\t\t<div class=\"icon-box-text last-reset\">\n\t\t\t\t\t\t\t\t\t\n<p><span style=\"font-size: 110%;\">Customer service Semper Tea.<\/span><\/p>\n<p>Whatsapp<\/p>\n\t<div id=\"gap-756953741\" class=\"gap-element clearfix\" style=\"display:block; height:auto;\">\n\t\t\n<style>\n#gap-756953741 {\n  padding-top: 20px;\n}\n<\/style>\n\t<\/div>\n\t\n\t\t<\/div>\n\t<\/div>\n\t\n\t\n<a class=\"button alert\" >\n\t\t<span>+34 635 46 97 70<\/span>\n\t<\/a>\n\n\t\t<\/div>\n\t\t\t\t\t<\/div>\n\n\t\n\n\t<div id=\"col-508599043\" class=\"col small-12 large-12\"  >\n\t\t\t\t<div class=\"col-inner text-center\" style=\"background-color:rgba(122, 156, 89, 0.203);\" >\n\t\t\t\n\t\t\t\n<h3>Contact<\/h3>\n<div class=\"is-divider divider clearfix\" ><\/div>\n<div class=\"row align-center\"  id=\"row-2109250401\">\n\n\t<div id=\"col-276714303\" class=\"col medium-11 small-12 large-9\"  >\n\t\t\t\t<div class=\"col-inner text-left\"  >\n\t\t\t\n\t\t\t\n\n<div class=\"wpcf7 no-js\" id=\"wpcf7-f11384-o1\" lang=\"es-ES\" dir=\"ltr\" data-wpcf7-id=\"11384\">\n<div class=\"screen-reader-response\"><p role=\"status\" aria-live=\"polite\" aria-atomic=\"true\"><\/p> <ul><\/ul><\/div>\n<form action=\"\/en\/wp-json\/wp\/v2\/pages\/5250#wpcf7-f11384-o1\" method=\"post\" class=\"wpcf7-form init\" aria-label=\"Formulario de contacto\" novalidate=\"novalidate\" data-status=\"init\">\n<fieldset class=\"hidden-fields-container\"><input type=\"hidden\" name=\"_wpcf7\" value=\"11384\" \/><input type=\"hidden\" name=\"_wpcf7_version\" value=\"6.1.5\" \/><input type=\"hidden\" name=\"_wpcf7_locale\" value=\"es_ES\" \/><input type=\"hidden\" name=\"_wpcf7_unit_tag\" value=\"wpcf7-f11384-o1\" \/><input type=\"hidden\" name=\"_wpcf7_container_post\" value=\"0\" \/><input type=\"hidden\" name=\"_wpcf7_posted_data_hash\" value=\"\" \/><input type=\"hidden\" name=\"_wpcf7_recaptcha_response\" value=\"\" \/>\n<\/fieldset>\n<p><label> Your name (required field)<br \/>\n<span class=\"wpcf7-form-control-wrap\" data-name=\"your-name\"><input size=\"40\" maxlength=\"400\" class=\"wpcf7-form-control wpcf7-text wpcf7-validates-as-required\" aria-required=\"true\" aria-invalid=\"false\" value=\"\" type=\"text\" name=\"your-name\" \/><\/span> <\/label>\n<\/p>\n<p><label> Your email address (required field)<br \/>\n<span class=\"wpcf7-form-control-wrap\" data-name=\"your-email\"><input size=\"40\" maxlength=\"400\" class=\"wpcf7-form-control wpcf7-email wpcf7-validates-as-required wpcf7-text wpcf7-validates-as-email\" aria-required=\"true\" aria-invalid=\"false\" value=\"\" type=\"email\" name=\"your-email\" \/><\/span> <\/label>\n<\/p>\n<p><label> Subject (required field)<br \/>\n<span class=\"wpcf7-form-control-wrap\" data-name=\"your-subject\"><input size=\"40\" maxlength=\"400\" class=\"wpcf7-form-control wpcf7-text\" aria-invalid=\"false\" value=\"\" type=\"text\" name=\"your-subject\" \/><\/span> <\/label>\n<\/p>\n<p><label> Your message (required field)<br \/>\n<span class=\"wpcf7-form-control-wrap\" data-name=\"your-message\"><textarea cols=\"40\" rows=\"10\" maxlength=\"2000\" class=\"wpcf7-form-control wpcf7-textarea\" aria-invalid=\"false\" name=\"your-message\"><\/textarea><\/span> <\/label>\n<\/p>\n<p><span class=\"wpcf7-form-control-wrap\" data-name=\"acceptance-424\"><span class=\"wpcf7-form-control wpcf7-acceptance\"><span class=\"wpcf7-list-item\"><label><input type=\"checkbox\" name=\"acceptance-424\" value=\"1\" aria-invalid=\"false\" \/><span class=\"wpcf7-list-item-label\">I have read and accept the <a rel=\"nofollow\" href=\"https:\/\/www.sempertea.eu\/en\/privacy-policy-and-legal-notice\/\"><u>Privacy Policy<\/u><\/a> detailed on this website.<\/span><\/label><\/span><\/span><\/span>\n<\/p>\n<p><input class=\"wpcf7-form-control wpcf7-submit has-spinner\" type=\"submit\" value=\"Send\" \/>\n<\/p><div class=\"wpcf7-response-output\" aria-hidden=\"true\"><\/div>\n<\/form>\n<\/div>\n\n<div class=\"accordion\">\n\t<div id=\"accordion-2212385468\" class=\"accordion-item\">\n\t\t<a id=\"accordion-2212385468-label\" class=\"accordion-title plain\" href=\"#accordion-item-contact-clauses\" aria-expanded=\"false\" aria-controls=\"accordion-2212385468-content\">\n\t\t\t<button class=\"toggle\" aria-label=\"Toggle\"><i class=\"icon-angle-down\" aria-hidden=\"true\"><\/i><\/button>\n\t\t\t<span>Contact clauses<\/span>\n\t\t<\/a>\n\t\t<div id=\"accordion-2212385468-content\" class=\"accordion-inner\" aria-labelledby=\"accordion-2212385468-label\">\n\t\t\t\n<p>In accordance with the provisions of Regulation (EU) 2016\/679 of the European Parliament and of the Council of 27 April 2016 (RGPD), we inform you that the personal data provided will be processed by Semper Company tea &amp; more S.L., with registered address at P.I. AlcalaX, calle 4 Nave 6 &#8211; 41500 Alc\u00e1la de Guadaira (Seville).<\/p>\n<p>The data provided by you are necessary to provide you with the requested service, and will be processed solely for the purpose of managing and executing this service in the best possible way. Likewise, we inform you that no transfer of the data you provide us with is foreseen. Your personal data will be retained for as long as the relationship with the data controller continues.<\/p>\n<p>We also inform you that you have the right to request access, rectification, deletion, limitation of processing, opposition or the right to portability of your personal data by sending an e-mail message to the address info(@)sempertea.eu, or by submitting a written request, accompanied by your ID card, passport or residence card, to the address indicated above.<\/p>\n<p>You also have the right to withdraw your consent at any time. Such withdrawal of consent shall not affect the lawfulness of processing carried out prior to the withdrawal of such consent.<\/p>\n<p>You have the right to lodge a complaint with the supervisory authority if you believe that your rights concerning the protection of your personal data may have been infringed. For more information, please see our privacy policy.<\/p>\n\t\t<\/div>\n\t<\/div>\n\t\n<\/div>\n\t\t<\/div>\n\t\t\t\t\t<\/div>\n\n\t\n<\/div>\n\t\t<\/div>\n\t\t\t\t\t<\/div>\n\n\t\n\n<style>\n#row-1487306577 > .col > .col-inner {\n  padding: 40px 40px 40px 40px;\n  background-color: rgb(255,255,255);\n}\n<\/style>\n<\/div>\n\t\t<\/div>\n\t\t\t\t\n<style>\n#col-1297039495 > .col-inner {\n  margin: -100px 0px 0px 0px;\n}\n<\/style>\n\t<\/div>\n\n\t\n<\/div>\n\t\t<\/div>\n\n\t\t\n<style>\n#section_157878341 {\n  padding-top: 30px;\n  padding-bottom: 30px;\n  background-color: rgb(255, 255, 255);\n}\n<\/style>\n\t<\/section>\n\t\n","protected":false},"excerpt":{"rendered":"","protected":false},"author":1,"featured_media":0,"parent":0,"menu_order":0,"comment_status":"closed","ping_status":"closed","template":"page-blank.php","meta":{"footnotes":""},"class_list":["post-5250","page","type-page","status-publish","hentry"],"yoast_head":"<!-- This site is optimized with the Yoast SEO Premium plugin v27.3 (Yoast SEO v27.4) - https:\/\/yoast.com\/product\/yoast-seo-premium-wordpress\/ -->\n<title>Wholesaler and manufacturer of Teas | Contact with Semper Tea<\/title>\n<meta name=\"description\" content=\"Contact - Semper Tea : Wholesaler and manufacturer of Teas and Infusions for hotels, restaurants, cafes and bars.\" \/>\n<meta name=\"robots\" content=\"index, follow, max-snippet:-1, max-image-preview:large, max-video-preview:-1\" \/>\n<link rel=\"canonical\" href=\"https:\/\/www.sempertea.eu\/contacto\/\" \/>\n<meta property=\"og:locale\" content=\"en_US\" \/>\n<meta property=\"og:type\" content=\"article\" \/>\n<meta property=\"og:title\" content=\"Contact\" \/>\n<meta property=\"og:description\" content=\"Contact - Semper Tea : Wholesaler and manufacturer of Teas and Infusions for hotels, restaurants, cafes and bars.\" \/>\n<meta property=\"og:url\" content=\"https:\/\/www.sempertea.eu\/contacto\/\" \/>\n<meta property=\"og:site_name\" content=\"Semper Tea | Mayorista y fabricante de T\u00e9s e Infusiones para hoteles, restaurantes y bares\" \/>\n<meta property=\"article:modified_time\" content=\"2024-07-22T11:43:36+00:00\" \/>\n<meta name=\"twitter:card\" content=\"summary_large_image\" \/>\n<meta name=\"twitter:label1\" content=\"Est. reading time\" \/>\n\t<meta name=\"twitter:data1\" content=\"2 minutes\" \/>\n<script type=\"application\/ld+json\" class=\"yoast-schema-graph\">{\"@context\":\"https:\\\/\\\/schema.org\",\"@graph\":[{\"@type\":\"WebPage\",\"@id\":\"https:\\\/\\\/www.sempertea.eu\\\/contacto\\\/\",\"url\":\"https:\\\/\\\/www.sempertea.eu\\\/contacto\\\/\",\"name\":\"Wholesaler and manufacturer of Teas | Contact with Semper Tea\",\"isPartOf\":{\"@id\":\"https:\\\/\\\/www.sempertea.eu\\\/#website\"},\"datePublished\":\"2022-08-08T17:03:52+00:00\",\"dateModified\":\"2024-07-22T11:43:36+00:00\",\"description\":\"Contact - Semper Tea : Wholesaler and manufacturer of Teas and Infusions for hotels, restaurants, cafes and bars.\",\"breadcrumb\":{\"@id\":\"https:\\\/\\\/www.sempertea.eu\\\/contacto\\\/#breadcrumb\"},\"inLanguage\":\"en-US\",\"potentialAction\":[{\"@type\":\"ReadAction\",\"target\":[\"https:\\\/\\\/www.sempertea.eu\\\/contacto\\\/\"]}]},{\"@type\":\"BreadcrumbList\",\"@id\":\"https:\\\/\\\/www.sempertea.eu\\\/contacto\\\/#breadcrumb\",\"itemListElement\":[{\"@type\":\"ListItem\",\"position\":1,\"name\":\"Portada\",\"item\":\"https:\\\/\\\/www.sempertea.eu\\\/en\\\/\"},{\"@type\":\"ListItem\",\"position\":2,\"name\":\"Contact\"}]},{\"@type\":\"WebSite\",\"@id\":\"https:\\\/\\\/www.sempertea.eu\\\/#website\",\"url\":\"https:\\\/\\\/www.sempertea.eu\\\/\",\"name\":\"Semper Tea | Mayorista y fabricante de T\u00e9s e Infusiones para hoteles, restaurantes y bares\",\"description\":\"T\u00e9s e infusiones para hosteler\u00eda, hoteler\u00eda y comercio\",\"potentialAction\":[{\"@type\":\"SearchAction\",\"target\":{\"@type\":\"EntryPoint\",\"urlTemplate\":\"https:\\\/\\\/www.sempertea.eu\\\/?s={search_term_string}\"},\"query-input\":{\"@type\":\"PropertyValueSpecification\",\"valueRequired\":true,\"valueName\":\"search_term_string\"}}],\"inLanguage\":\"en-US\"}]}<\/script>\n<!-- \/ Yoast SEO Premium plugin. -->","yoast_head_json":{"title":"Wholesaler and manufacturer of Teas | Contact with Semper Tea","description":"Contact - Semper Tea : Wholesaler and manufacturer of Teas and Infusions for hotels, restaurants, cafes and bars.","robots":{"index":"index","follow":"follow","max-snippet":"max-snippet:-1","max-image-preview":"max-image-preview:large","max-video-preview":"max-video-preview:-1"},"canonical":"https:\/\/www.sempertea.eu\/contacto\/","og_locale":"en_US","og_type":"article","og_title":"Contact","og_description":"Contact - Semper Tea : Wholesaler and manufacturer of Teas and Infusions for hotels, restaurants, cafes and bars.","og_url":"https:\/\/www.sempertea.eu\/contacto\/","og_site_name":"Semper Tea | Mayorista y fabricante de T\u00e9s e Infusiones para hoteles, restaurantes y bares","article_modified_time":"2024-07-22T11:43:36+00:00","twitter_card":"summary_large_image","twitter_misc":{"Est. reading time":"2 minutes"},"schema":{"@context":"https:\/\/schema.org","@graph":[{"@type":"WebPage","@id":"https:\/\/www.sempertea.eu\/contacto\/","url":"https:\/\/www.sempertea.eu\/contacto\/","name":"Wholesaler and manufacturer of Teas | Contact with Semper Tea","isPartOf":{"@id":"https:\/\/www.sempertea.eu\/#website"},"datePublished":"2022-08-08T17:03:52+00:00","dateModified":"2024-07-22T11:43:36+00:00","description":"Contact - Semper Tea : Wholesaler and manufacturer of Teas and Infusions for hotels, restaurants, cafes and bars.","breadcrumb":{"@id":"https:\/\/www.sempertea.eu\/contacto\/#breadcrumb"},"inLanguage":"en-US","potentialAction":[{"@type":"ReadAction","target":["https:\/\/www.sempertea.eu\/contacto\/"]}]},{"@type":"BreadcrumbList","@id":"https:\/\/www.sempertea.eu\/contacto\/#breadcrumb","itemListElement":[{"@type":"ListItem","position":1,"name":"Portada","item":"https:\/\/www.sempertea.eu\/en\/"},{"@type":"ListItem","position":2,"name":"Contact"}]},{"@type":"WebSite","@id":"https:\/\/www.sempertea.eu\/#website","url":"https:\/\/www.sempertea.eu\/","name":"Semper Tea | Mayorista y fabricante de T\u00e9s e Infusiones para hoteles, restaurantes y bares","description":"T\u00e9s e infusiones para hosteler\u00eda, hoteler\u00eda y comercio","potentialAction":[{"@type":"SearchAction","target":{"@type":"EntryPoint","urlTemplate":"https:\/\/www.sempertea.eu\/?s={search_term_string}"},"query-input":{"@type":"PropertyValueSpecification","valueRequired":true,"valueName":"search_term_string"}}],"inLanguage":"en-US"}]}},"_links":{"self":[{"href":"https:\/\/www.sempertea.eu\/en\/wp-json\/wp\/v2\/pages\/5250","targetHints":{"allow":["GET"]}}],"collection":[{"href":"https:\/\/www.sempertea.eu\/en\/wp-json\/wp\/v2\/pages"}],"about":[{"href":"https:\/\/www.sempertea.eu\/en\/wp-json\/wp\/v2\/types\/page"}],"author":[{"embeddable":true,"href":"https:\/\/www.sempertea.eu\/en\/wp-json\/wp\/v2\/users\/1"}],"replies":[{"embeddable":true,"href":"https:\/\/www.sempertea.eu\/en\/wp-json\/wp\/v2\/comments?post=5250"}],"version-history":[{"count":0,"href":"https:\/\/www.sempertea.eu\/en\/wp-json\/wp\/v2\/pages\/5250\/revisions"}],"wp:attachment":[{"href":"https:\/\/www.sempertea.eu\/en\/wp-json\/wp\/v2\/media?parent=5250"}],"curies":[{"name":"wp","href":"https:\/\/api.w.org\/{rel}","templated":true}]}}