{"id":5202,"date":"2022-08-03T19:20:39","date_gmt":"2022-08-03T18:20:39","guid":{"rendered":"https:\/\/www.sempertea.eu\/catering-events\/"},"modified":"2024-07-18T12:19:47","modified_gmt":"2024-07-18T11:19:47","slug":"catering-events-supplier","status":"publish","type":"page","link":"https:\/\/www.sempertea.eu\/en\/catering-events-supplier\/","title":{"rendered":"Catering &amp; Events"},"content":{"rendered":"\n\t<section class=\"section\" id=\"section_1690011614\">\n\t\t<div class=\"section-bg fill\" >\n\t\t\t\t\t\t\t\t\t\n\t\t\t\n\n\t\t<\/div>\n\n\t\t\n\n\t\t<div class=\"section-content relative\">\n\t\t\t\n\n  <div class=\"banner has-hover\" id=\"banner-2009119151\">\n          <div class=\"banner-inner fill\">\n        <div class=\"banner-bg fill\" >\n            <img loading=\"lazy\" decoding=\"async\" width=\"2000\" height=\"972\" src=\"https:\/\/www.sempertea.eu\/wp-content\/uploads\/2021\/02\/tes-para-catering-eventos-semper-tea.jpg\" class=\"bg attachment-original size-original\" alt=\"\" \/>                        <div class=\"overlay\"><\/div>            \n                    <\/div>\n\t\t\n        <div class=\"banner-layers container\">\n            <div class=\"fill banner-link\"><\/div>            \n   <div id=\"text-box-184552374\" class=\"text-box banner-layer text-box-square x50 md-x50 lg-x50 y80 md-y80 lg-y80 res-text\">\n                                <div class=\"text-box-content text box-shadow-3\">\n              \n              <div class=\"text-inner text-center\">\n                  \n<h1><span style=\"font-size: 50%;\"><span data-text-color=\"secondary\">T\u00e9 e infusiones para<br \/>\nCatering y Eventos<\/span><\/span><\/h1>\n<a href=\"https:\/\/www.sempertea.eu\/en\/contact\/\" class=\"button success is-large lowercase\" style=\"border-radius:99px;padding:5px 5px 5px 5;\">\n\t\t<span>I am interested<\/span>\n\t<\/a>\n\n              <\/div>\n           <\/div>\n                            \n<style>\n#text-box-184552374 .text-box-content {\n  background-color: rgba(80, 78, 83, 0.27);\n  font-size: 100%;\n}\n#text-box-184552374 {\n  width: 60%;\n}\n@media (min-width:550px) {\n  #text-box-184552374 {\n    width: 44%;\n  }\n}\n<\/style>\n    <\/div>\n \n        <\/div>\n      <\/div>\n\n            \n<style>\n#banner-2009119151 {\n  padding-top: 675px;\n}\n#banner-2009119151 .overlay {\n  background-color: rgba(0, 0, 0, 0.2);\n}\n#banner-2009119151 .banner-bg img {\n  object-position: 41% 100%;\n}\n<\/style>\n  <\/div>\n\n\n\t\t<\/div>\n\n\t\t\n<style>\n#section_1690011614 {\n  padding-top: 0px;\n  padding-bottom: 0px;\n  min-height: 350px;\n  background-color: rgb(80, 78, 83);\n}\n@media (min-width:550px) {\n  #section_1690011614 {\n    min-height: 450px;\n  }\n}\n@media (min-width:850px) {\n  #section_1690011614 {\n    min-height: 500px;\n  }\n}\n<\/style>\n\t<\/section>\n\t\n\n\t<section class=\"section\" id=\"section_1261472821\">\n\t\t<div class=\"section-bg fill\" >\n\t\t\t\t\t\t\t\t\t<div class=\"section-bg-overlay absolute fill\"><\/div>\n\t\t\t\n\n\t\t<\/div>\n\n\t\t\n\n\t\t<div class=\"section-content relative\">\n\t\t\t\n<div class=\"row\" style=\"max-width:1200px\" id=\"row-1933296231\">\n\n\t<div id=\"col-1805994346\" class=\"col small-12 large-12\"  >\n\t\t\t\t<div class=\"col-inner\"  >\n\t\t\t\n\t\t\t\n<div class=\"row align-middle align-right\" style=\"max-width:1200px\" id=\"row-1220389744\">\n\n\t<div id=\"col-1681057196\" class=\"col medium-12 small-12 large-6\"  >\n\t\t\t\t<div class=\"col-inner\" style=\"background-color:rgb(80, 78, 83);\" >\n\t\t\t\n\t\t\t\n\t<div id=\"gap-1483784996\" class=\"gap-element clearfix\" style=\"display:block; height:auto;\">\n\t\t\n<style>\n#gap-1483784996 {\n  padding-top: 5px;\n}\n@media (min-width:550px) {\n  #gap-1483784996 {\n    padding-top: 50px;\n  }\n}\n<\/style>\n\t<\/div>\n\t\n<h2><span data-text-color=\"secondary\">La clave del \u00e9xito est\u00e1 en los peque\u00f1os detalles<\/span><\/h2>\n<p style=\"text-align: left;\"><span data-text-color=\"secondary\">Sabemos la importancia de la presentaci\u00f3n de los productos. A la hora de elegir un t\u00e9 o una infusi\u00f3n org\u00e1nica nos dejamos influir por la vista&#8230;todos los sentidos juegan.<\/span><\/p>\n<a href=\"https:\/\/www.sempertea.eu\/en\/contact\/\" class=\"button success lowercase\" style=\"border-radius:99px;\">\n\t\t<span>Contact us for advice<\/span>\n\t<\/a>\n\n\t\t<\/div>\n\t\t\t\t\n<style>\n#col-1681057196 > .col-inner {\n  padding: 50px 30px 50px 30px;\n}\n<\/style>\n\t<\/div>\n\n\t\n\n\t<div id=\"col-1813496077\" class=\"col medium-12 small-12 large-6 medium-col-first\"  >\n\t\t\t\t<div class=\"col-inner text-right\" style=\"background-color:rgb(80, 78, 83);\" >\n\t\t\t\n\t\t\t\n\n  <div class=\"banner has-hover\" id=\"banner-1324824405\">\n          <div class=\"banner-inner fill\">\n        <div class=\"banner-bg fill\" >\n            <img loading=\"lazy\" decoding=\"async\" width=\"683\" height=\"1024\" src=\"https:\/\/www.sempertea.eu\/wp-content\/uploads\/2021\/08\/te-para-catering-eventos-seleccion-de-lujo-semper-tea-683x1024.jpg\" class=\"bg attachment-large size-large\" alt=\"\" \/>                                    \n                    <\/div>\n\t\t\n        <div class=\"banner-layers container\">\n            <div class=\"fill banner-link\"><\/div>            \n        <\/div>\n      <\/div>\n\n            \n<style>\n#banner-1324824405 {\n  padding-top: 300px;\n  background-color: rgb(255, 255, 255);\n}\n#banner-1324824405 .banner-bg img {\n  object-position: 92% 40%;\n}\n@media (min-width:550px) {\n  #banner-1324824405 {\n    padding-top: 400px;\n  }\n}\n@media (min-width:850px) {\n  #banner-1324824405 {\n    padding-top: 650px;\n  }\n}\n<\/style>\n  <\/div>\n\n\n\t\t<\/div>\n\t\t\t\t\n<style>\n#col-1813496077 > .col-inner {\n  padding: 50px 40px 20px 10px;\n}\n<\/style>\n\t<\/div>\n\n\t\n\n<style>\n#row-1220389744 > .col > .col-inner {\n  background-color: rgb(80, 78, 83);\n}\n<\/style>\n<\/div>\n\t\t<\/div>\n\t\t\t\t\n<style>\n#col-1805994346 > .col-inner {\n  margin: -150px 0px 0px 0px;\n}\n<\/style>\n\t<\/div>\n\n\t\n\n<style>\n#row-1933296231 > .col > .col-inner {\n  background-color: rgb(80, 78, 83);\n}\n<\/style>\n<\/div>\n\t\t<\/div>\n\n\t\t\n<style>\n#section_1261472821 {\n  padding-top: 30px;\n  padding-bottom: 30px;\n  background-color: rgb(80, 78, 83);\n}\n#section_1261472821 .section-bg-overlay {\n  background-color: rgb(80, 78, 83);\n}\n<\/style>\n\t<\/section>\n\t\n\t<div id=\"gap-1572943439\" class=\"gap-element clearfix\" style=\"display:block; height:auto;\">\n\t\t\n<style>\n#gap-1572943439 {\n  padding-top: 100px;\n}\n<\/style>\n\t<\/div>\n\t\n  <div class=\"banner-grid-wrapper\">\n  <div id=\"banner-grid-1717303970\" class=\"banner-grid row row-grid row-small\" data-packery-options=\"\">\n                      \n<div class=\"col grid-col large-8 grid-col-2-3\" ><div class=\"col-inner\">\n\t<div class=\"img has-hover x md-x lg-x y md-y lg-y\" id=\"image_2110299867\">\n\t\t<a class=\"\" href=\"https:\/\/www.sempertea.eu\/en\/teas-no-plastic-packaging-organic-bio\/\" >\t\t\t\t\t\t<div class=\"img-inner dark\" >\n\t\t\t<img loading=\"lazy\" decoding=\"async\" width=\"1500\" height=\"994\" src=\"https:\/\/www.sempertea.eu\/wp-content\/uploads\/2024\/07\/te-negro-bergamota-earl-grey-sin-plastico-semper-tea.jpg\" class=\"attachment-original size-original\" alt=\"te negro con bergamota envase sin plastico semper tea\" srcset=\"https:\/\/www.sempertea.eu\/wp-content\/uploads\/2024\/07\/te-negro-bergamota-earl-grey-sin-plastico-semper-tea.jpg 1500w, https:\/\/www.sempertea.eu\/wp-content\/uploads\/2024\/07\/te-negro-bergamota-earl-grey-sin-plastico-semper-tea-300x199.jpg 300w, https:\/\/www.sempertea.eu\/wp-content\/uploads\/2024\/07\/te-negro-bergamota-earl-grey-sin-plastico-semper-tea-1024x679.jpg 1024w, https:\/\/www.sempertea.eu\/wp-content\/uploads\/2024\/07\/te-negro-bergamota-earl-grey-sin-plastico-semper-tea-768x509.jpg 768w, https:\/\/www.sempertea.eu\/wp-content\/uploads\/2024\/07\/te-negro-bergamota-earl-grey-sin-plastico-semper-tea-600x398.jpg 600w\" sizes=\"auto, (max-width: 1500px) 100vw, 1500px\" \/>\t\t\t\t\t\t\t<div class=\"overlay\" style=\"background-color: rgba(255, 220, 133, 0.11)\"><\/div>\n\t\t\t\t\t\t\n\t\t\t\t\t<\/div>\n\t\t\t\t\t\t<\/a>\t\t\n<style>\n#image_2110299867 {\n  width: 100%;\n}\n<\/style>\n\t<\/div>\n\t\n<\/div><\/div>\n<div class=\"col grid-col large-4 grid-col-2-3\" ><div class=\"col-inner\">\n\t<div class=\"img has-hover x md-x lg-x y md-y lg-y\" id=\"image_141786165\">\n\t\t\t\t\t\t\t\t<div class=\"img-inner dark\" >\n\t\t\t<img loading=\"lazy\" decoding=\"async\" width=\"1000\" height=\"662\" src=\"https:\/\/www.sempertea.eu\/wp-content\/uploads\/2021\/02\/infusiones-para-restaurantes-en-el-hotel-semper-tea.jpg\" class=\"attachment-original size-original\" alt=\"\" srcset=\"https:\/\/www.sempertea.eu\/wp-content\/uploads\/2021\/02\/infusiones-para-restaurantes-en-el-hotel-semper-tea.jpg 1000w, https:\/\/www.sempertea.eu\/wp-content\/uploads\/2021\/02\/infusiones-para-restaurantes-en-el-hotel-semper-tea-300x199.jpg 300w, https:\/\/www.sempertea.eu\/wp-content\/uploads\/2021\/02\/infusiones-para-restaurantes-en-el-hotel-semper-tea-768x508.jpg 768w, https:\/\/www.sempertea.eu\/wp-content\/uploads\/2021\/02\/infusiones-para-restaurantes-en-el-hotel-semper-tea-600x397.jpg 600w\" sizes=\"auto, (max-width: 1000px) 100vw, 1000px\" \/>\t\t\t\t\t\t\t<div class=\"overlay\" style=\"background-color: rgba(224, 178, 61, 0.099)\"><\/div>\n\t\t\t\t\t\t\n\t\t\t\t\t<\/div>\n\t\t\t\t\t\t\t\t\n<style>\n#image_141786165 {\n  width: 100%;\n}\n<\/style>\n\t<\/div>\n\t\n<\/div><\/div>\n<div class=\"col grid-col large-4 grid-col-2-3\" ><div class=\"col-inner\">\n\t<div class=\"img has-hover x md-x lg-x y md-y lg-y\" id=\"image_246277159\">\n\t\t\t\t\t\t\t\t<div class=\"img-inner dark\" >\n\t\t\t<img loading=\"lazy\" decoding=\"async\" width=\"1000\" height=\"1000\" src=\"https:\/\/www.sempertea.eu\/wp-content\/uploads\/2021\/08\/cajas-para-guardar-te-piramides-semper-tea.jpg\" class=\"attachment-original size-original\" alt=\"\" srcset=\"https:\/\/www.sempertea.eu\/wp-content\/uploads\/2021\/08\/cajas-para-guardar-te-piramides-semper-tea.jpg 1000w, https:\/\/www.sempertea.eu\/wp-content\/uploads\/2021\/08\/cajas-para-guardar-te-piramides-semper-tea-300x300.jpg 300w, https:\/\/www.sempertea.eu\/wp-content\/uploads\/2021\/08\/cajas-para-guardar-te-piramides-semper-tea-150x150.jpg 150w, https:\/\/www.sempertea.eu\/wp-content\/uploads\/2021\/08\/cajas-para-guardar-te-piramides-semper-tea-768x768.jpg 768w, https:\/\/www.sempertea.eu\/wp-content\/uploads\/2021\/08\/cajas-para-guardar-te-piramides-semper-tea-600x600.jpg 600w, https:\/\/www.sempertea.eu\/wp-content\/uploads\/2021\/08\/cajas-para-guardar-te-piramides-semper-tea-100x100.jpg 100w\" sizes=\"auto, (max-width: 1000px) 100vw, 1000px\" \/>\t\t\t\t\t\t\t<div class=\"overlay\" style=\"background-color: rgba(224, 178, 61, 0.099)\"><\/div>\n\t\t\t\t\t\t\n\t\t\t\t\t<\/div>\n\t\t\t\t\t\t\t\t\n<style>\n#image_246277159 {\n  width: 100%;\n}\n<\/style>\n\t<\/div>\n\t\n<\/div><\/div>\n<div class=\"col grid-col large-8 grid-col-2-3\" ><div class=\"col-inner\">\n\t<div class=\"img has-hover x md-x lg-x y md-y lg-y\" id=\"image_421453076\">\n\t\t\t\t\t\t\t\t<div class=\"img-inner dark\" >\n\t\t\t<img loading=\"lazy\" decoding=\"async\" width=\"1020\" height=\"765\" src=\"https:\/\/www.sempertea.eu\/wp-content\/uploads\/2024\/07\/tes-gourmet-para-eventos-y-catering-semper-tea-1024x768.jpg\" class=\"attachment-large size-large\" alt=\"tes gourmet para eventos y catering semper tea\" srcset=\"https:\/\/www.sempertea.eu\/wp-content\/uploads\/2024\/07\/tes-gourmet-para-eventos-y-catering-semper-tea-1024x768.jpg 1024w, https:\/\/www.sempertea.eu\/wp-content\/uploads\/2024\/07\/tes-gourmet-para-eventos-y-catering-semper-tea-300x225.jpg 300w, https:\/\/www.sempertea.eu\/wp-content\/uploads\/2024\/07\/tes-gourmet-para-eventos-y-catering-semper-tea-768x576.jpg 768w, https:\/\/www.sempertea.eu\/wp-content\/uploads\/2024\/07\/tes-gourmet-para-eventos-y-catering-semper-tea-1536x1152.jpg 1536w, https:\/\/www.sempertea.eu\/wp-content\/uploads\/2024\/07\/tes-gourmet-para-eventos-y-catering-semper-tea-600x450.jpg 600w, https:\/\/www.sempertea.eu\/wp-content\/uploads\/2024\/07\/tes-gourmet-para-eventos-y-catering-semper-tea.jpg 2000w\" sizes=\"auto, (max-width: 1020px) 100vw, 1020px\" \/>\t\t\t\t\t\t\t<div class=\"overlay\" style=\"background-color: rgba(224, 178, 61, 0.099)\"><\/div>\n\t\t\t\t\t\t\n\t\t\t\t\t<\/div>\n\t\t\t\t\t\t\t\t\n<style>\n#image_421453076 {\n  width: 100%;\n}\n<\/style>\n\t<\/div>\n\t\n<\/div><\/div>\n            <\/div>\n    <style>\n    #banner-grid-1717303970 .grid-col-1{height: 600px}\n    #banner-grid-1717303970 .grid-col-1-2{height: 300px}\n    #banner-grid-1717303970 .grid-col-1-3{height:200px}\n    #banner-grid-1717303970 .grid-col-2-3{height: 400px}\n    #banner-grid-1717303970 .grid-col-1-4{height: 150px}\n    #banner-grid-1717303970 .grid-col-3-4{height: 450px}\n\n\n    \n    \n\n  <\/style>\n    <\/div>\n  \n\t<div id=\"gap-1415786584\" class=\"gap-element clearfix\" style=\"display:block; height:auto;\">\n\t\t\n<style>\n#gap-1415786584 {\n  padding-top: 80px;\n}\n<\/style>\n\t<\/div>\n\t\n\n\t<section class=\"section\" id=\"section_472349060\">\n\t\t<div class=\"section-bg fill\" >\n\t\t\t\t\t\t\t\t\t\n\t\t\t\n\n\t\t<\/div>\n\n\t\t\n\n\t\t<div class=\"section-content relative\">\n\t\t\t\n\t<div id=\"gap-2110641252\" class=\"gap-element clearfix\" style=\"display:block; height:auto;\">\n\t\t\n<style>\n#gap-2110641252 {\n  padding-top: 30px;\n}\n<\/style>\n\t<\/div>\n\t\n<div class=\"row\" style=\"max-width:1200px\" id=\"row-2089559207\">\n\n\t<div id=\"col-1209948016\" class=\"col medium-6 small-12 large-6\"  >\n\t\t\t\t<div class=\"col-inner\"  >\n\t\t\t\n\t\t\t\n<h3><span data-text-color=\"secondary\">Una presentaci\u00f3n de t\u00e9 id\u00f3nea para el evento<\/span><\/h3>\n<p><span data-text-color=\"secondary\">Con t\u00e9 e infusiones de Semper Tea despertamos todas las sensaciones del consumidor. Dise\u00f1o \u00fanico, placer para la vista, producto de inigualable calidad, suave textura \u2026explosi\u00f3n de emociones.<\/span><\/p>\n\t\t<\/div>\n\t\t\t\t\t<\/div>\n\n\t\n\n\t<div id=\"col-627579714\" class=\"col medium-6 small-12 large-6\"  >\n\t\t\t\t<div class=\"col-inner\"  >\n\t\t\t\n\t\t\t\n<h3><span data-text-color=\"secondary\">El momento perfecto de celebraci\u00f3n<\/span><\/h3>\n<p><span data-text-color=\"secondary\">En Semper Tea cuidamos de cada detalle. Desde la selecci\u00f3n de los productos, la presentaci\u00f3n en elegantes cajas de t\u00e9, hasta los expositores que ayudan a decorar el catering del evento.<\/span><\/p>\n\t\t<\/div>\n\t\t\t\t\t<\/div>\n\n\t\n<\/div>\n\t<div id=\"gap-1427834583\" class=\"gap-element clearfix\" style=\"display:block; height:auto;\">\n\t\t\n<style>\n#gap-1427834583 {\n  padding-top: 40px;\n}\n@media (min-width:850px) {\n  #gap-1427834583 {\n    padding-top: 10px;\n  }\n}\n<\/style>\n\t<\/div>\n\t\n\t\t<\/div>\n\n\t\t\n<style>\n#section_472349060 {\n  padding-top: 15px;\n  padding-bottom: 15px;\n  background-color: rgb(80, 78, 83);\n}\n<\/style>\n\t<\/section>\n\t\n\n  <div class=\"banner has-hover\" id=\"banner-1142890555\">\n          <div class=\"banner-inner fill\">\n        <div class=\"banner-bg fill\" >\n            <img loading=\"lazy\" decoding=\"async\" width=\"2500\" height=\"1667\" src=\"https:\/\/www.sempertea.eu\/wp-content\/uploads\/2021\/02\/te-para-catering-eventos-comuniones-semper-tea.jpg\" class=\"bg attachment-original size-original\" alt=\"\" \/>                        <div class=\"overlay\"><\/div>            \n                    <\/div>\n\t\t\n        <div class=\"banner-layers container\">\n            <div class=\"fill banner-link\"><\/div>            \n   <div id=\"text-box-407710623\" class=\"text-box banner-layer text-box-square x50 md-x50 lg-x50 y95 md-y95 lg-y95 res-text\">\n                                <div class=\"text-box-content text \">\n              \n              <div class=\"text-inner text-center\">\n                  \n<h4><span data-text-color=\"secondary\">If you have a catering company that wants to offer a menu with healthy alternatives, Semper Tea is the right choice<strong>.<\/strong><\/span><\/h4>\n<a href=\"https:\/\/www.sempertea.eu\/en\/contact\/\" class=\"button success is-large lowercase\" style=\"border-radius:30px;\">\n\t\t<span>Escr\u00edbenos<\/span>\n\t<\/a>\n\n              <\/div>\n           <\/div>\n                            \n<style>\n#text-box-407710623 .text-box-content {\n  background-color: rgba(85, 83, 83, 0.465);\n  font-size: 100%;\n}\n#text-box-407710623 .text-inner {\n  padding: 20px 20px 20px 20px;\n}\n#text-box-407710623 {\n  width: 60%;\n}\n@media (min-width:550px) {\n  #text-box-407710623 {\n    width: 50%;\n  }\n}\n<\/style>\n    <\/div>\n \n        <\/div>\n      <\/div>\n\n            \n<style>\n#banner-1142890555 {\n  padding-top: 550px;\n}\n#banner-1142890555 .overlay {\n  background-color: rgba(0, 0, 0, 0.2);\n}\n#banner-1142890555 .banner-bg img {\n  object-position: 0% 62%;\n}\n<\/style>\n  <\/div>\n\n\n","protected":false},"excerpt":{"rendered":"","protected":false},"author":1,"featured_media":0,"parent":0,"menu_order":0,"comment_status":"closed","ping_status":"closed","template":"page-blank.php","meta":{"footnotes":""},"class_list":["post-5202","page","type-page","status-publish","hentry"],"yoast_head":"<!-- This site is optimized with the Yoast SEO Premium plugin v27.3 (Yoast SEO v27.3) - https:\/\/yoast.com\/product\/yoast-seo-premium-wordpress\/ -->\n<title>Catering supplier | Tea for professional hospitality sector | Semper Tea<\/title>\n<meta name=\"description\" content=\"Elegant wooden tea boxes for your catering and events. Organic tea in unique presentation. Catering providers. Tea in the hospitality industry\" \/>\n<meta name=\"robots\" content=\"index, follow, max-snippet:-1, max-image-preview:large, max-video-preview:-1\" \/>\n<link rel=\"canonical\" href=\"https:\/\/www.sempertea.eu\/te-proveedor-catering-eventos\/\" \/>\n<meta property=\"og:locale\" content=\"en_US\" \/>\n<meta property=\"og:type\" content=\"article\" \/>\n<meta property=\"og:title\" content=\"Catering &amp; Events\" \/>\n<meta property=\"og:description\" content=\"Elegant wooden tea boxes for your catering and events. Organic tea in unique presentation. Catering providers. Tea in the hospitality industry\" \/>\n<meta property=\"og:url\" content=\"https:\/\/www.sempertea.eu\/te-proveedor-catering-eventos\/\" \/>\n<meta property=\"og:site_name\" content=\"Semper Tea | Mayorista y fabricante de T\u00e9s e Infusiones para hoteles, restaurantes y bares\" \/>\n<meta property=\"article:modified_time\" content=\"2024-07-18T11:19:47+00:00\" \/>\n<meta name=\"twitter:card\" content=\"summary_large_image\" \/>\n<meta name=\"twitter:label1\" content=\"Est. reading time\" \/>\n\t<meta name=\"twitter:data1\" content=\"3 minutes\" \/>\n<script type=\"application\/ld+json\" class=\"yoast-schema-graph\">{\"@context\":\"https:\\\/\\\/schema.org\",\"@graph\":[{\"@type\":\"WebPage\",\"@id\":\"https:\\\/\\\/www.sempertea.eu\\\/te-proveedor-catering-eventos\\\/\",\"url\":\"https:\\\/\\\/www.sempertea.eu\\\/te-proveedor-catering-eventos\\\/\",\"name\":\"Catering supplier | Tea for professional hospitality sector | Semper Tea\",\"isPartOf\":{\"@id\":\"https:\\\/\\\/www.sempertea.eu\\\/#website\"},\"datePublished\":\"2022-08-03T18:20:39+00:00\",\"dateModified\":\"2024-07-18T11:19:47+00:00\",\"description\":\"Elegant wooden tea boxes for your catering and events. Organic tea in unique presentation. Catering providers. Tea in the hospitality industry\",\"breadcrumb\":{\"@id\":\"https:\\\/\\\/www.sempertea.eu\\\/te-proveedor-catering-eventos\\\/#breadcrumb\"},\"inLanguage\":\"en-US\",\"potentialAction\":[{\"@type\":\"ReadAction\",\"target\":[\"https:\\\/\\\/www.sempertea.eu\\\/te-proveedor-catering-eventos\\\/\"]}]},{\"@type\":\"BreadcrumbList\",\"@id\":\"https:\\\/\\\/www.sempertea.eu\\\/te-proveedor-catering-eventos\\\/#breadcrumb\",\"itemListElement\":[{\"@type\":\"ListItem\",\"position\":1,\"name\":\"Portada\",\"item\":\"https:\\\/\\\/www.sempertea.eu\\\/en\\\/\"},{\"@type\":\"ListItem\",\"position\":2,\"name\":\"Catering &amp; Events\"}]},{\"@type\":\"WebSite\",\"@id\":\"https:\\\/\\\/www.sempertea.eu\\\/#website\",\"url\":\"https:\\\/\\\/www.sempertea.eu\\\/\",\"name\":\"Semper Tea | Mayorista y fabricante de T\u00e9s e Infusiones para hoteles, restaurantes y bares\",\"description\":\"T\u00e9s e infusiones para hosteler\u00eda, hoteler\u00eda y comercio\",\"potentialAction\":[{\"@type\":\"SearchAction\",\"target\":{\"@type\":\"EntryPoint\",\"urlTemplate\":\"https:\\\/\\\/www.sempertea.eu\\\/?s={search_term_string}\"},\"query-input\":{\"@type\":\"PropertyValueSpecification\",\"valueRequired\":true,\"valueName\":\"search_term_string\"}}],\"inLanguage\":\"en-US\"}]}<\/script>\n<!-- \/ Yoast SEO Premium plugin. -->","yoast_head_json":{"title":"Catering supplier | Tea for professional hospitality sector | Semper Tea","description":"Elegant wooden tea boxes for your catering and events. Organic tea in unique presentation. Catering providers. Tea in the hospitality industry","robots":{"index":"index","follow":"follow","max-snippet":"max-snippet:-1","max-image-preview":"max-image-preview:large","max-video-preview":"max-video-preview:-1"},"canonical":"https:\/\/www.sempertea.eu\/te-proveedor-catering-eventos\/","og_locale":"en_US","og_type":"article","og_title":"Catering &amp; Events","og_description":"Elegant wooden tea boxes for your catering and events. Organic tea in unique presentation. Catering providers. Tea in the hospitality industry","og_url":"https:\/\/www.sempertea.eu\/te-proveedor-catering-eventos\/","og_site_name":"Semper Tea | Mayorista y fabricante de T\u00e9s e Infusiones para hoteles, restaurantes y bares","article_modified_time":"2024-07-18T11:19:47+00:00","twitter_card":"summary_large_image","twitter_misc":{"Est. reading time":"3 minutes"},"schema":{"@context":"https:\/\/schema.org","@graph":[{"@type":"WebPage","@id":"https:\/\/www.sempertea.eu\/te-proveedor-catering-eventos\/","url":"https:\/\/www.sempertea.eu\/te-proveedor-catering-eventos\/","name":"Catering supplier | Tea for professional hospitality sector | Semper Tea","isPartOf":{"@id":"https:\/\/www.sempertea.eu\/#website"},"datePublished":"2022-08-03T18:20:39+00:00","dateModified":"2024-07-18T11:19:47+00:00","description":"Elegant wooden tea boxes for your catering and events. Organic tea in unique presentation. Catering providers. Tea in the hospitality industry","breadcrumb":{"@id":"https:\/\/www.sempertea.eu\/te-proveedor-catering-eventos\/#breadcrumb"},"inLanguage":"en-US","potentialAction":[{"@type":"ReadAction","target":["https:\/\/www.sempertea.eu\/te-proveedor-catering-eventos\/"]}]},{"@type":"BreadcrumbList","@id":"https:\/\/www.sempertea.eu\/te-proveedor-catering-eventos\/#breadcrumb","itemListElement":[{"@type":"ListItem","position":1,"name":"Portada","item":"https:\/\/www.sempertea.eu\/en\/"},{"@type":"ListItem","position":2,"name":"Catering &amp; Events"}]},{"@type":"WebSite","@id":"https:\/\/www.sempertea.eu\/#website","url":"https:\/\/www.sempertea.eu\/","name":"Semper Tea | Mayorista y fabricante de T\u00e9s e Infusiones para hoteles, restaurantes y bares","description":"T\u00e9s e infusiones para hosteler\u00eda, hoteler\u00eda y comercio","potentialAction":[{"@type":"SearchAction","target":{"@type":"EntryPoint","urlTemplate":"https:\/\/www.sempertea.eu\/?s={search_term_string}"},"query-input":{"@type":"PropertyValueSpecification","valueRequired":true,"valueName":"search_term_string"}}],"inLanguage":"en-US"}]}},"_links":{"self":[{"href":"https:\/\/www.sempertea.eu\/en\/wp-json\/wp\/v2\/pages\/5202","targetHints":{"allow":["GET"]}}],"collection":[{"href":"https:\/\/www.sempertea.eu\/en\/wp-json\/wp\/v2\/pages"}],"about":[{"href":"https:\/\/www.sempertea.eu\/en\/wp-json\/wp\/v2\/types\/page"}],"author":[{"embeddable":true,"href":"https:\/\/www.sempertea.eu\/en\/wp-json\/wp\/v2\/users\/1"}],"replies":[{"embeddable":true,"href":"https:\/\/www.sempertea.eu\/en\/wp-json\/wp\/v2\/comments?post=5202"}],"version-history":[{"count":0,"href":"https:\/\/www.sempertea.eu\/en\/wp-json\/wp\/v2\/pages\/5202\/revisions"}],"wp:attachment":[{"href":"https:\/\/www.sempertea.eu\/en\/wp-json\/wp\/v2\/media?parent=5202"}],"curies":[{"name":"wp","href":"https:\/\/api.w.org\/{rel}","templated":true}]}}