{"id":5194,"date":"2022-08-03T18:03:24","date_gmt":"2022-08-03T17:03:24","guid":{"rendered":"https:\/\/www.sempertea.eu\/coffe-shop-bar\/"},"modified":"2024-07-18T09:19:03","modified_gmt":"2024-07-18T08:19:03","slug":"tea-supplier-for-cafes-and-bars","status":"publish","type":"page","link":"https:\/\/www.sempertea.eu\/en\/tea-supplier-for-cafes-and-bars\/","title":{"rendered":"Coffe shop \/ Bar"},"content":{"rendered":"<div class=\"row row-collapse row-full-width align-middle align-center\"  id=\"row-1804570972\">\n\n\t<div id=\"col-1515117102\" class=\"col medium-10 small-11 large-4\"  >\n\t\t\t\t<div class=\"col-inner\"  >\n\t\t\t\n\t\t\t\n<h1>Tea for coffee shops<\/h1>\n<p>BE ORIGINAL<\/p>\n<p>Semper Tea is your ally for organic teas and tisanes in bars and caf\u00e9s, with a wide range of flavours and different formats. An opportunity to create a unique experience for your clients.<\/p>\n<a href=\"https:\/\/www.sempertea.eu\/en\/contact\/\" class=\"button success lowercase\" style=\"border-radius:99px;\">\n\t\t<span>Send us a Whatsapp<\/span>\n\t<\/a>\n\n\t\t<\/div>\n\t\t\t\t\n<style>\n#col-1515117102 > .col-inner {\n  padding: 20px 10% 20px 10%;\n}\n<\/style>\n\t<\/div>\n\n\t\n\n\t<div id=\"col-1276628209\" class=\"col medium-12 small-12 large-8 medium-col-first\"  >\n\t\t\t\t<div class=\"col-inner\"  >\n\t\t\t\n\t\t\t\n\n  <div class=\"banner has-hover\" id=\"banner-1101610816\">\n          <div class=\"banner-inner fill\">\n        <div class=\"banner-bg fill\" >\n            <img loading=\"lazy\" decoding=\"async\" width=\"2500\" height=\"1656\" src=\"https:\/\/www.sempertea.eu\/wp-content\/uploads\/2021\/02\/te-para-cafeteria-semper-tea.jpg\" class=\"bg attachment-original size-original\" alt=\"\" \/>                        <div class=\"overlay\"><\/div>            \n                    <\/div>\n\t\t\n        <div class=\"banner-layers container\">\n            <div class=\"fill banner-link\"><\/div>            \n        <\/div>\n      <\/div>\n\n            \n<style>\n#banner-1101610816 {\n  padding-top: 300px;\n  background-color: rgb(255, 255, 255);\n}\n#banner-1101610816 .overlay {\n  background-color: rgba(213, 144, 28, 0.087);\n}\n#banner-1101610816 .banner-bg img {\n  object-position: 15% 60%;\n}\n@media (min-width:550px) {\n  #banner-1101610816 {\n    padding-top: 500px;\n  }\n}\n@media (min-width:850px) {\n  #banner-1101610816 {\n    padding-top: 500px;\n  }\n}\n<\/style>\n  <\/div>\n\n\n\t\t<\/div>\n\t\t\t\t\t<\/div>\n\n\t\n<\/div>\n<div class=\"row row-collapse row-full-width align-middle align-center\"  id=\"row-596894555\">\n\n\t<div id=\"col-1964153447\" class=\"col medium-12 small-12 large-4\"  >\n\t\t\t\t<div class=\"col-inner\"  >\n\t\t\t\n\t\t\t\n\n  <div class=\"banner has-hover\" id=\"banner-531300\">\n          <div class=\"banner-inner fill\">\n        <div class=\"banner-bg fill\" >\n            <img loading=\"lazy\" decoding=\"async\" width=\"1500\" height=\"2000\" src=\"https:\/\/www.sempertea.eu\/wp-content\/uploads\/2024\/07\/nuevas-sensaciones-en-el-consumo-de-te-semper-tea.jpg\" class=\"bg attachment-original size-original\" alt=\"nuevas sensaciones en el consumo de te semper tea\" \/>                                    \n                    <\/div>\n\t\t\n        <div class=\"banner-layers container\">\n            <div class=\"fill banner-link\"><\/div>            \n        <\/div>\n      <\/div>\n\n            \n<style>\n#banner-531300 {\n  padding-top: 300px;\n  background-color: rgb(255, 255, 255);\n}\n#banner-531300 .banner-bg img {\n  object-position: 61% 21%;\n}\n@media (min-width:550px) {\n  #banner-531300 {\n    padding-top: 500px;\n  }\n}\n<\/style>\n  <\/div>\n\n\n\t\t<\/div>\n\t\t\t\t\t<\/div>\n\n\t\n\n\t<div id=\"col-425654370\" class=\"col medium-10 small-11 large-4\"  >\n\t\t\t\t<div class=\"col-inner\"  >\n\t\t\t\n\t\t\t\n\t<div id=\"gap-279805899\" class=\"gap-element clearfix\" style=\"display:block; height:auto;\">\n\t\t\n<style>\n#gap-279805899 {\n  padding-top: 50px;\n}\n<\/style>\n\t<\/div>\n\t\n<h2>Your ally in the hospitality industry &#8211; Semper Tea<\/h2>\n<p>We provide you with the organic teas and infusions that best suit your business. In 100% plastic-free and biodegradable bags.<\/p>\n\t<div id=\"gap-392079769\" class=\"gap-element clearfix\" style=\"display:block; height:auto;\">\n\t\t\n<style>\n#gap-392079769 {\n  padding-top: 50px;\n}\n<\/style>\n\t<\/div>\n\t\n\t\t<\/div>\n\t\t\t\t\n<style>\n#col-425654370 > .col-inner {\n  padding: 0px 10% 0px 10%;\n}\n<\/style>\n\t<\/div>\n\n\t\n\n\t<div id=\"col-120896959\" class=\"col medium-12 small-12 large-4\"  >\n\t\t\t\t<div class=\"col-inner\"  >\n\t\t\t\n\t\t\t\n\n  <div class=\"banner has-hover\" id=\"banner-412580949\">\n          <div class=\"banner-inner fill\">\n        <div class=\"banner-bg fill\" >\n            <img loading=\"lazy\" decoding=\"async\" width=\"1500\" height=\"1999\" src=\"https:\/\/www.sempertea.eu\/wp-content\/uploads\/2021\/02\/cafe-y-te-en-cafeteria-semper-tea.jpg\" class=\"bg attachment-original size-original\" alt=\"\" \/>                                    \n                    <\/div>\n\t\t\n        <div class=\"banner-layers container\">\n            <div class=\"fill banner-link\"><\/div>            \n        <\/div>\n      <\/div>\n\n            \n<style>\n#banner-412580949 {\n  padding-top: 300px;\n  background-color: rgb(255, 255, 255);\n}\n#banner-412580949 .banner-bg img {\n  object-position: 54% 89%;\n}\n@media (min-width:550px) {\n  #banner-412580949 {\n    padding-top: 500px;\n  }\n}\n<\/style>\n  <\/div>\n\n\n\t\t<\/div>\n\t\t\t\t\t<\/div>\n\n\t\n<\/div>\n\n\t<section class=\"section\" id=\"section_1494015579\">\n\t\t<div class=\"section-bg fill\" >\n\t\t\t\t\t\t\t\t\t\n\t\t\t\n\n\t\t<\/div>\n\n\t\t\n\n\t\t<div class=\"section-content relative\">\n\t\t\t\n\t<div id=\"gap-2111950616\" class=\"gap-element clearfix\" style=\"display:block; height:auto;\">\n\t\t\n<style>\n#gap-2111950616 {\n  padding-top: 30px;\n}\n<\/style>\n\t<\/div>\n\t\n<div class=\"row row-small align-equal\"  id=\"row-334146983\">\n\n\t<div id=\"col-1272662911\" class=\"col medium-7 small-12 large-8\"  >\n\t\t\t\t<div class=\"col-inner\"  >\n\t\t\t\n\t\t\t\n\n  <div class=\"banner has-hover\" id=\"banner-2033171951\">\n          <div class=\"banner-inner fill\">\n        <div class=\"banner-bg fill\" >\n            <img loading=\"lazy\" decoding=\"async\" width=\"1020\" height=\"765\" src=\"https:\/\/www.sempertea.eu\/wp-content\/uploads\/2024\/07\/experiencias-de-consumo-te-organico-semper-tea-1024x768.jpg\" class=\"bg attachment-large size-large\" alt=\"Experiencias de consumo de t\u00e9 org\u00e1nico semper tea\" \/>                                    \n                    <\/div>\n\t\t\n        <div class=\"banner-layers container\">\n            <a class=\"fill\" href=\"https:\/\/www.sempertea.eu\/en\/teas-no-plastic-packaging-organic-bio\/\"><div class=\"fill banner-link\"><\/div><\/a>            \n   <div id=\"text-box-1069935556\" class=\"text-box banner-layer x5 md-x5 lg-x5 y95 md-y95 lg-y95 res-text\">\n                                <div class=\"text-box-content text \">\n              \n              <div class=\"text-inner text-center\">\n                  \n\t<div id=\"text-2545938702\" class=\"text\">\n\t\t\n<h3 data-line-height=\"s\"><span style=\"font-size: 80%;\">Ambar<br \/>\nTea Line<\/span><\/h3>\n<p><span style=\"font-size: 120%;\">Green Packaging<\/span><br \/>\n\t\t\n<style>\n#text-2545938702 {\n  font-size: 1rem;\n  color: rgb(255,255,255);\n}\n#text-2545938702 > * {\n  color: rgb(255,255,255);\n}\n<\/style>\n\t<\/div>\n\t\n<a href=\"https:\/\/www.sempertea.eu\/en\/teas-no-plastic-packaging-organic-bio\/\" class=\"button white is-large lowercase\" style=\"border-radius:99px;\">\n\t\t<span>Know more<\/span>\n\t<\/a>\n\n              <\/div>\n           <\/div>\n                            \n<style>\n#text-box-1069935556 .text-box-content {\n  background-color: rgba(80, 79, 79, 0.209);\n  font-size: 100%;\n}\n#text-box-1069935556 {\n  width: 30%;\n}\n<\/style>\n    <\/div>\n \n        <\/div>\n      <\/div>\n\n            \n<style>\n#banner-2033171951 {\n  padding-top: 250px;\n  background-color: rgba(255, 255, 255, 0);\n}\n#banner-2033171951 .banner-bg img {\n  object-position: 56% 0%;\n}\n@media (min-width:550px) {\n  #banner-2033171951 {\n    padding-top: 400px;\n  }\n}\n<\/style>\n  <\/div>\n\n\n\t\t<\/div>\n\t\t\t\t\t<\/div>\n\n\t\n\n\t<div id=\"col-1723879039\" class=\"col medium-5 small-12 large-4\"  >\n\t\t\t\t<div class=\"col-inner text-center\"  >\n\t\t\t\n\t\t\t\n\t<div id=\"gap-1979324612\" class=\"gap-element clearfix\" style=\"display:block; height:auto;\">\n\t\t\n<style>\n#gap-1979324612 {\n  padding-top: 20px;\n}\n@media (min-width:550px) {\n  #gap-1979324612 {\n    padding-top: 1px;\n  }\n}\n<\/style>\n\t<\/div>\n\t\n\t<div id=\"text-917095517\" class=\"text\">\n\t\t\n<h3><span style=\"font-size: 110%;\">Choosing the right tea selection<\/span><\/h3>\n<p>Semper Tea will make you stand out for its high quality organic teas. We offer creative and original solutions for your shop.<\/p>\n<h3><span style=\"font-size: 110%;\">How to stand out from the crowd<\/span><\/h3>\n<p>Tea: the popular and trendy drink. With all its health benefits and original taste, tea is becoming trendier and highly appreciated.<br \/>\n\t\t\n<style>\n#text-917095517 {\n  font-size: 0.9rem;\n  text-align: left;\n}\n<\/style>\n\t<\/div>\n\t\n\t\t<\/div>\n\t\t\t\t\n<style>\n#col-1723879039 > .col-inner {\n  padding: 0px 0px 0px 0px;\n  margin: 40px 20px 0px 0px;\n}\n<\/style>\n\t<\/div>\n\n\t\n\n<style>\n#row-334146983 > .col > .col-inner {\n  padding: 0px 10px 0px 10px;\n}\n<\/style>\n<\/div>\n\t\t<\/div>\n\n\t\t\n<style>\n#section_1494015579 {\n  padding-top: 30px;\n  padding-bottom: 30px;\n}\n<\/style>\n\t<\/section>\n\t\n<div class=\"row row-collapse row-full-width align-middle align-center\"  id=\"row-1342587591\">\n\n\t<div id=\"col-381973246\" class=\"col medium-12 small-12 large-4\"  >\n\t\t\t\t<div class=\"col-inner\"  >\n\t\t\t\n\t\t\t\n\n  <div class=\"banner has-hover\" id=\"banner-476990605\">\n          <div class=\"banner-inner fill\">\n        <div class=\"banner-bg fill\" >\n            <img loading=\"lazy\" decoding=\"async\" width=\"1500\" height=\"1500\" src=\"https:\/\/www.sempertea.eu\/wp-content\/uploads\/2024\/07\/calidad-alta-en-tes-infusiones-semper-tea.jpg\" class=\"bg attachment-original size-original\" alt=\"alta calidad en tes semper tea\" \/>                                    \n                    <\/div>\n\t\t\n        <div class=\"banner-layers container\">\n            <a class=\"fill\" href=\"https:\/\/www.sempertea.eu\/en\/tea-pyramid-organic-biodegradable\/\"><div class=\"fill banner-link\"><\/div><\/a>            \n   <div id=\"text-box-1076216126\" class=\"text-box banner-layer x5 md-x5 lg-x5 y95 md-y95 lg-y95 res-text\">\n                                <div class=\"text-box-content text \">\n              \n              <div class=\"text-inner text-center\">\n                  \n\t<div id=\"text-3288845904\" class=\"text\">\n\t\t\n<h3 data-line-height=\"s\"><span style=\"font-size: 80%;\">Coral<br \/>\nTea Line<\/span><\/h3>\n<p><span style=\"font-size: 120%;\">Organic<\/span><br \/>\n\t\t\n<style>\n#text-3288845904 {\n  font-size: 1rem;\n  color: rgb(255,255,255);\n}\n#text-3288845904 > * {\n  color: rgb(255,255,255);\n}\n<\/style>\n\t<\/div>\n\t\n<a href=\"https:\/\/www.sempertea.eu\/en\/tea-pyramid-organic-biodegradable\/\" class=\"button white is-larger lowercase\" style=\"border-radius:99px;\">\n\t\t<span>Explore the collection<\/span>\n\t<\/a>\n\n              <\/div>\n           <\/div>\n                            \n<style>\n#text-box-1076216126 .text-box-content {\n  background-color: rgba(80, 79, 79, 0.209);\n  font-size: 100%;\n}\n#text-box-1076216126 {\n  width: 34%;\n}\n<\/style>\n    <\/div>\n \n        <\/div>\n      <\/div>\n\n            \n<style>\n#banner-476990605 {\n  padding-top: 300px;\n  background-color: rgb(255, 255, 255);\n}\n#banner-476990605 .banner-bg img {\n  object-position: 54% 89%;\n}\n@media (min-width:550px) {\n  #banner-476990605 {\n    padding-top: 500px;\n  }\n}\n<\/style>\n  <\/div>\n\n\n\t\t<\/div>\n\t\t\t\t\t<\/div>\n\n\t\n\n\t<div id=\"col-996306139\" class=\"col medium-10 small-11 large-4\"  >\n\t\t\t\t<div class=\"col-inner\"  >\n\t\t\t\n\t\t\t\n\t<div id=\"gap-395192942\" class=\"gap-element clearfix\" style=\"display:block; height:auto;\">\n\t\t\n<style>\n#gap-395192942 {\n  padding-top: 50px;\n}\n<\/style>\n\t<\/div>\n\t\n<h4>Superior quality and eye-catching design<\/h4>\n<p>Tea dispensers and boxes that ensure tidiness and neatness behind the counter or in the self-service area. Aesthetic and functional &#8211; showing your customers how much you care about quality, design and effective service.<\/p>\n<a href=\"https:\/\/www.sempertea.eu\/en\/contact\/\" class=\"button success lowercase\" style=\"border-radius:99px;\">\n\t\t<span>Any questions?<\/span>\n\t<\/a>\n\n\t<div id=\"gap-488239377\" class=\"gap-element clearfix\" style=\"display:block; height:auto;\">\n\t\t\n<style>\n#gap-488239377 {\n  padding-top: 50px;\n}\n<\/style>\n\t<\/div>\n\t\n\t\t<\/div>\n\t\t\t\t\n<style>\n#col-996306139 > .col-inner {\n  padding: 0px 10% 0px 10%;\n}\n<\/style>\n\t<\/div>\n\n\t\n\n\t<div id=\"col-965011199\" class=\"col medium-12 small-12 large-4\"  >\n\t\t\t\t<div class=\"col-inner\"  >\n\t\t\t\n\t\t\t\n\n  <div class=\"banner has-hover\" id=\"banner-721625515\">\n          <div class=\"banner-inner fill\">\n        <div class=\"banner-bg fill\" >\n            <img loading=\"lazy\" decoding=\"async\" width=\"1500\" height=\"1500\" src=\"https:\/\/www.sempertea.eu\/wp-content\/uploads\/2021\/08\/comprar-manzanilla-camomila-natural-ecologica-en-bolsita-semper-tea.jpg\" class=\"bg attachment-original size-original\" alt=\"\" \/>                                    \n                    <\/div>\n\t\t\n        <div class=\"banner-layers container\">\n            <a class=\"fill\" href=\"https:\/\/www.sempertea.eu\/en\/pearl-tea-bag-classic-organic-teas\/\"><div class=\"fill banner-link\"><\/div><\/a>            \n   <div id=\"text-box-850450446\" class=\"text-box banner-layer x5 md-x5 lg-x5 y95 md-y95 lg-y95 res-text\">\n                                <div class=\"text-box-content text \">\n              \n              <div class=\"text-inner text-center\">\n                  \n\t<div id=\"text-4081365877\" class=\"text\">\n\t\t\n<h3 data-line-height=\"s\"><span style=\"font-size: 80%;\">Pearl Tea Line<\/span><\/h3>\n<p><span style=\"font-size: 120%;\">An Allrounder<\/span><\/p>\n\t\t\n<style>\n#text-4081365877 {\n  font-size: 1rem;\n  color: rgb(255,255,255);\n}\n#text-4081365877 > * {\n  color: rgb(255,255,255);\n}\n<\/style>\n\t<\/div>\n\t\n<a href=\"https:\/\/www.sempertea.eu\/en\/pearl-tea-bag-classic-organic-teas\/\" class=\"button white is-large lowercase\" style=\"border-radius:99px;\">\n\t\t<span>Discover more<\/span>\n\t<\/a>\n\n              <\/div>\n           <\/div>\n                            \n<style>\n#text-box-850450446 .text-box-content {\n  background-color: rgba(80, 79, 79, 0.209);\n  font-size: 100%;\n}\n#text-box-850450446 {\n  width: 30%;\n}\n<\/style>\n    <\/div>\n \n        <\/div>\n      <\/div>\n\n            \n<style>\n#banner-721625515 {\n  padding-top: 300px;\n  background-color: rgb(255, 255, 255);\n}\n#banner-721625515 .banner-bg img {\n  object-position: 54% 89%;\n}\n@media (min-width:550px) {\n  #banner-721625515 {\n    padding-top: 500px;\n  }\n}\n<\/style>\n  <\/div>\n\n\n\t\t<\/div>\n\t\t\t\t\t<\/div>\n\n\t\n<\/div>\n","protected":false},"excerpt":{"rendered":"","protected":false},"author":1,"featured_media":0,"parent":0,"menu_order":0,"comment_status":"closed","ping_status":"closed","template":"page-blank.php","meta":{"footnotes":""},"class_list":["post-5194","page","type-page","status-publish","hentry"],"yoast_head":"<!-- This site is optimized with the Yoast SEO Premium plugin v27.3 (Yoast SEO v27.4) - https:\/\/yoast.com\/product\/yoast-seo-premium-wordpress\/ -->\n<title>Tea Supplier for cafes and bars | Organic herbal tea | Semper Tea<\/title>\n<meta name=\"description\" content=\"Make a difference with our assortment of organic teas and tisanes for cafes and bars | Surprise with elegant aesthetics and high quality\" \/>\n<meta name=\"robots\" content=\"index, follow, max-snippet:-1, max-image-preview:large, max-video-preview:-1\" \/>\n<link rel=\"canonical\" href=\"https:\/\/www.sempertea.eu\/proveedor-distribuidor-te-infusiones-cafeteria-bar\/\" \/>\n<meta property=\"og:locale\" content=\"en_US\" \/>\n<meta property=\"og:type\" content=\"article\" \/>\n<meta property=\"og:title\" content=\"Coffe shop \/ Bar\" \/>\n<meta property=\"og:description\" content=\"Make a difference with our assortment of organic teas and tisanes for cafes and bars | Surprise with elegant aesthetics and high quality\" \/>\n<meta property=\"og:url\" content=\"https:\/\/www.sempertea.eu\/proveedor-distribuidor-te-infusiones-cafeteria-bar\/\" \/>\n<meta property=\"og:site_name\" content=\"Semper Tea | Mayorista y fabricante de T\u00e9s e Infusiones para hoteles, restaurantes y bares\" \/>\n<meta property=\"article:modified_time\" content=\"2024-07-18T08:19:03+00:00\" \/>\n<meta name=\"twitter:card\" content=\"summary_large_image\" \/>\n<meta name=\"twitter:label1\" content=\"Est. reading time\" \/>\n\t<meta name=\"twitter:data1\" content=\"3 minutes\" \/>\n<script type=\"application\/ld+json\" class=\"yoast-schema-graph\">{\"@context\":\"https:\\\/\\\/schema.org\",\"@graph\":[{\"@type\":\"WebPage\",\"@id\":\"https:\\\/\\\/www.sempertea.eu\\\/proveedor-distribuidor-te-infusiones-cafeteria-bar\\\/\",\"url\":\"https:\\\/\\\/www.sempertea.eu\\\/proveedor-distribuidor-te-infusiones-cafeteria-bar\\\/\",\"name\":\"Tea Supplier for cafes and bars | Organic herbal tea | Semper Tea\",\"isPartOf\":{\"@id\":\"https:\\\/\\\/www.sempertea.eu\\\/#website\"},\"datePublished\":\"2022-08-03T17:03:24+00:00\",\"dateModified\":\"2024-07-18T08:19:03+00:00\",\"description\":\"Make a difference with our assortment of organic teas and tisanes for cafes and bars | Surprise with elegant aesthetics and high quality\",\"breadcrumb\":{\"@id\":\"https:\\\/\\\/www.sempertea.eu\\\/proveedor-distribuidor-te-infusiones-cafeteria-bar\\\/#breadcrumb\"},\"inLanguage\":\"en-US\",\"potentialAction\":[{\"@type\":\"ReadAction\",\"target\":[\"https:\\\/\\\/www.sempertea.eu\\\/proveedor-distribuidor-te-infusiones-cafeteria-bar\\\/\"]}]},{\"@type\":\"BreadcrumbList\",\"@id\":\"https:\\\/\\\/www.sempertea.eu\\\/proveedor-distribuidor-te-infusiones-cafeteria-bar\\\/#breadcrumb\",\"itemListElement\":[{\"@type\":\"ListItem\",\"position\":1,\"name\":\"Portada\",\"item\":\"https:\\\/\\\/www.sempertea.eu\\\/en\\\/\"},{\"@type\":\"ListItem\",\"position\":2,\"name\":\"Coffe shop \\\/ Bar\"}]},{\"@type\":\"WebSite\",\"@id\":\"https:\\\/\\\/www.sempertea.eu\\\/#website\",\"url\":\"https:\\\/\\\/www.sempertea.eu\\\/\",\"name\":\"Semper Tea | Mayorista y fabricante de T\u00e9s e Infusiones para hoteles, restaurantes y bares\",\"description\":\"T\u00e9s e infusiones para hosteler\u00eda, hoteler\u00eda y comercio\",\"potentialAction\":[{\"@type\":\"SearchAction\",\"target\":{\"@type\":\"EntryPoint\",\"urlTemplate\":\"https:\\\/\\\/www.sempertea.eu\\\/?s={search_term_string}\"},\"query-input\":{\"@type\":\"PropertyValueSpecification\",\"valueRequired\":true,\"valueName\":\"search_term_string\"}}],\"inLanguage\":\"en-US\"}]}<\/script>\n<!-- \/ Yoast SEO Premium plugin. -->","yoast_head_json":{"title":"Tea Supplier for cafes and bars | Organic herbal tea | Semper Tea","description":"Make a difference with our assortment of organic teas and tisanes for cafes and bars | Surprise with elegant aesthetics and high quality","robots":{"index":"index","follow":"follow","max-snippet":"max-snippet:-1","max-image-preview":"max-image-preview:large","max-video-preview":"max-video-preview:-1"},"canonical":"https:\/\/www.sempertea.eu\/proveedor-distribuidor-te-infusiones-cafeteria-bar\/","og_locale":"en_US","og_type":"article","og_title":"Coffe shop \/ Bar","og_description":"Make a difference with our assortment of organic teas and tisanes for cafes and bars | Surprise with elegant aesthetics and high quality","og_url":"https:\/\/www.sempertea.eu\/proveedor-distribuidor-te-infusiones-cafeteria-bar\/","og_site_name":"Semper Tea | Mayorista y fabricante de T\u00e9s e Infusiones para hoteles, restaurantes y bares","article_modified_time":"2024-07-18T08:19:03+00:00","twitter_card":"summary_large_image","twitter_misc":{"Est. reading time":"3 minutes"},"schema":{"@context":"https:\/\/schema.org","@graph":[{"@type":"WebPage","@id":"https:\/\/www.sempertea.eu\/proveedor-distribuidor-te-infusiones-cafeteria-bar\/","url":"https:\/\/www.sempertea.eu\/proveedor-distribuidor-te-infusiones-cafeteria-bar\/","name":"Tea Supplier for cafes and bars | Organic herbal tea | Semper Tea","isPartOf":{"@id":"https:\/\/www.sempertea.eu\/#website"},"datePublished":"2022-08-03T17:03:24+00:00","dateModified":"2024-07-18T08:19:03+00:00","description":"Make a difference with our assortment of organic teas and tisanes for cafes and bars | Surprise with elegant aesthetics and high quality","breadcrumb":{"@id":"https:\/\/www.sempertea.eu\/proveedor-distribuidor-te-infusiones-cafeteria-bar\/#breadcrumb"},"inLanguage":"en-US","potentialAction":[{"@type":"ReadAction","target":["https:\/\/www.sempertea.eu\/proveedor-distribuidor-te-infusiones-cafeteria-bar\/"]}]},{"@type":"BreadcrumbList","@id":"https:\/\/www.sempertea.eu\/proveedor-distribuidor-te-infusiones-cafeteria-bar\/#breadcrumb","itemListElement":[{"@type":"ListItem","position":1,"name":"Portada","item":"https:\/\/www.sempertea.eu\/en\/"},{"@type":"ListItem","position":2,"name":"Coffe shop \/ Bar"}]},{"@type":"WebSite","@id":"https:\/\/www.sempertea.eu\/#website","url":"https:\/\/www.sempertea.eu\/","name":"Semper Tea | Mayorista y fabricante de T\u00e9s e Infusiones para hoteles, restaurantes y bares","description":"T\u00e9s e infusiones para hosteler\u00eda, hoteler\u00eda y comercio","potentialAction":[{"@type":"SearchAction","target":{"@type":"EntryPoint","urlTemplate":"https:\/\/www.sempertea.eu\/?s={search_term_string}"},"query-input":{"@type":"PropertyValueSpecification","valueRequired":true,"valueName":"search_term_string"}}],"inLanguage":"en-US"}]}},"_links":{"self":[{"href":"https:\/\/www.sempertea.eu\/en\/wp-json\/wp\/v2\/pages\/5194","targetHints":{"allow":["GET"]}}],"collection":[{"href":"https:\/\/www.sempertea.eu\/en\/wp-json\/wp\/v2\/pages"}],"about":[{"href":"https:\/\/www.sempertea.eu\/en\/wp-json\/wp\/v2\/types\/page"}],"author":[{"embeddable":true,"href":"https:\/\/www.sempertea.eu\/en\/wp-json\/wp\/v2\/users\/1"}],"replies":[{"embeddable":true,"href":"https:\/\/www.sempertea.eu\/en\/wp-json\/wp\/v2\/comments?post=5194"}],"version-history":[{"count":0,"href":"https:\/\/www.sempertea.eu\/en\/wp-json\/wp\/v2\/pages\/5194\/revisions"}],"wp:attachment":[{"href":"https:\/\/www.sempertea.eu\/en\/wp-json\/wp\/v2\/media?parent=5194"}],"curies":[{"name":"wp","href":"https:\/\/api.w.org\/{rel}","templated":true}]}}