{"id":8520,"date":"2023-09-13T21:40:48","date_gmt":"2023-09-13T21:05:16","guid":{"rendered":"https:\/\/www.sempertea.eu\/mint-bio-kraeetertee-i-teepyramide-im-umschlag\/"},"modified":"2023-09-13T22:10:30","modified_gmt":"2023-09-13T21:10:30","slug":"umweltfreundlicher-pfefferminztee-nachhaltige-lebensmittel","status":"publish","type":"product","link":"https:\/\/www.sempertea.eu\/de\/Produkte\/umweltfreundlicher-pfefferminztee-nachhaltige-lebensmittel\/","title":{"rendered":"MINT Bio Kr\u00e4utertee I Teepyramide im Umschlag"},"content":{"rendered":"<h2>Frischer Pfefferminztee: Ihre umweltfreundliche Wahl f\u00fcr nachhaltige Ern\u00e4hrung<\/h2>\n<p>Entdecken Sie unseren frischen Pfefferminztee, eine k\u00f6stliche und umweltfreundliche Alternative f\u00fcr eine <strong>gesunde Ern\u00e4hrung ohne Plastik<\/strong>. Dieser biologische und \u00f6kologische Tee bietet ein nat\u00fcrliches und erfrischendes Getr\u00e4nk, das unsere Umweltbewusstsein widerspiegelt.<\/p>\n<h3>Bio-Zertifizierung und Nachhaltigkeit in der Ern\u00e4hrung<\/h3>\n<p>Unser Pfefferminztee ist bio-zertifiziert, was bedeutet, dass er aus<strong> biologischem Anbau<\/strong> stammt und in biologischen Verarbeitungsbetrieben hergestellt wird, die die europ\u00e4ischen Vorschriften vollst\u00e4ndig erf\u00fcllen. Dies garantiert die Nachhaltigkeit unserer Ern\u00e4hrung und f\u00f6rdert verantwortungsbewusste landwirtschaftliche Praktiken, die die Gesundheit der B\u00f6den und \u00d6kosysteme sch\u00fctzen.<\/p>\n<h4><strong>Umweltfreundliche Verpackung:<\/strong><\/h4>\n<p>Unser Pfefferminztee wird sorgf\u00e4ltig in <strong>biologisch abbaubaren pyramidenf\u00f6rmigen Beuteln<\/strong> und T\u00fctchen verpackt, die keine Spuren von Plastik hinterlassen. Bei jedem Schluck genie\u00dfen Sie nicht nur einen gesunden Aufguss, sondern leisten auch aktiv einen Beitrag zum Schutz unserer Umwelt.<\/p>\n<p>Genie\u00dfen Sie die unvergleichliche Frische und den Geschmack unseres frischen Pfefferminztees und unterst\u00fctzen Sie gleichzeitig nachhaltige Ern\u00e4hrung und den Schutz unseres Planeten.<\/p>\n","protected":false},"excerpt":{"rendered":"<p><strong>Frisch, belebend und aromatisch<br \/>\n<\/strong><\/p>\n<p>Unser Bio Pefferminztee hat einen zart-s\u00fc\u00dfen Geschmack und ist ein absoluter Favorit. Das erfrischende und reine Aroma garantiert einen langanhaltenden Geschmack. Minztee ist das ideale Getr\u00e4nk f\u00fcr hei\u00dfe Sommertage.<\/p>\n","protected":false},"featured_media":8513,"comment_status":"open","ping_status":"closed","template":"","meta":[],"product_brand":[],"product_cat":[132,116,114,115,133,110,113,124,112,108,135],"product_tag":[],"class_list":{"0":"post-8520","1":"product","2":"type-product","3":"status-publish","4":"has-post-thumbnail","6":"product_cat-tee-ohne-plastik-verpackung-biotees-natur-plastikfrei","7":"product_cat-alle-de-2","8":"product_cat-alle","9":"product_cat-alle-de","10":"product_cat-ambar-frei-von-plastik-verpackung-abbaubar-nachhaltig-umweltfreundlich","11":"product_cat-biologisch-abbaubare-pyramide-teebeutel-biotee-kompostierbar","12":"product_cat-biotees-sortiment-online-kaufen","13":"product_cat-teesortiment-formate-packaging-attraktiv-biotees-verpackung","14":"product_cat-krautertees-bio-teemischungen-herbal-ohne-koffein","15":"product_cat-sortiment-tee-packaging-verpackung-attraktiv-biotees-design","16":"product_cat-uncategorized-de","18":"first","19":"instock","20":"shipping-taxable","21":"purchasable","22":"product-type-simple"},"yoast_head":"<!-- This site is optimized with the Yoast SEO Premium plugin v27.3 (Yoast SEO v27.4) - https:\/\/yoast.com\/product\/yoast-seo-premium-wordpress\/ -->\n<title>Pfefferminztee: Umweltfreundliche Wahl f\u00fcr nachhaltige Lebensmittel<\/title>\n<meta name=\"description\" content=\"Erfrischender Pfefferminztee aus biologischem Anbau: k\u00f6stliche Wahl f\u00fcr umweltfreundliche, plastikfreie Lebensmittel. Positiver Umweltschutz.\" \/>\n<meta name=\"robots\" content=\"index, follow, max-snippet:-1, max-image-preview:large, max-video-preview:-1\" \/>\n<link rel=\"canonical\" href=\"https:\/\/www.sempertea.eu\/Produkte\/te-de-menta-alimentacion-sostenible-sin-plastico\/\" \/>\n<meta property=\"og:locale\" content=\"de_DE\" \/>\n<meta property=\"og:type\" content=\"article\" \/>\n<meta property=\"og:title\" content=\"MINT Bio Kr\u00e4utertee I Teepyramide im Umschlag\" \/>\n<meta property=\"og:description\" content=\"Erfrischender Pfefferminztee aus biologischem Anbau: k\u00f6stliche Wahl f\u00fcr umweltfreundliche, plastikfreie Lebensmittel. Positiver Umweltschutz.\" \/>\n<meta property=\"og:url\" content=\"https:\/\/www.sempertea.eu\/Produkte\/te-de-menta-alimentacion-sostenible-sin-plastico\/\" \/>\n<meta property=\"og:site_name\" content=\"Semper Tea | Mayorista y fabricante de T\u00e9s e Infusiones para hoteles, restaurantes y bares\" \/>\n<meta property=\"article:modified_time\" content=\"2023-09-13T21:10:30+00:00\" \/>\n<meta property=\"og:image\" content=\"https:\/\/www.sempertea.eu\/wp-content\/uploads\/2023\/09\/te-de-menta-fresca-alimentacion-sostenible-semper-tea.jpg\" \/>\n\t<meta property=\"og:image:width\" content=\"1500\" \/>\n\t<meta property=\"og:image:height\" content=\"1500\" \/>\n\t<meta property=\"og:image:type\" content=\"image\/jpeg\" \/>\n<meta name=\"twitter:card\" content=\"summary_large_image\" \/>\n<meta name=\"twitter:label1\" content=\"Gesch\u00e4tzte Lesezeit\" \/>\n\t<meta name=\"twitter:data1\" content=\"1\u00a0Minute\" \/>\n<script type=\"application\/ld+json\" class=\"yoast-schema-graph\">{\"@context\":\"https:\\\/\\\/schema.org\",\"@graph\":[{\"@type\":\"WebPage\",\"@id\":\"https:\\\/\\\/www.sempertea.eu\\\/Produkte\\\/te-de-menta-alimentacion-sostenible-sin-plastico\\\/\",\"url\":\"https:\\\/\\\/www.sempertea.eu\\\/Produkte\\\/te-de-menta-alimentacion-sostenible-sin-plastico\\\/\",\"name\":\"Pfefferminztee: Umweltfreundliche Wahl f\u00fcr nachhaltige Lebensmittel\",\"isPartOf\":{\"@id\":\"https:\\\/\\\/www.sempertea.eu\\\/#website\"},\"primaryImageOfPage\":{\"@id\":\"https:\\\/\\\/www.sempertea.eu\\\/Produkte\\\/te-de-menta-alimentacion-sostenible-sin-plastico\\\/#primaryimage\"},\"image\":{\"@id\":\"https:\\\/\\\/www.sempertea.eu\\\/Produkte\\\/te-de-menta-alimentacion-sostenible-sin-plastico\\\/#primaryimage\"},\"thumbnailUrl\":\"https:\\\/\\\/www.sempertea.eu\\\/wp-content\\\/uploads\\\/2023\\\/09\\\/te-de-menta-fresca-alimentacion-sostenible-semper-tea.jpg\",\"datePublished\":\"2023-09-13T21:05:16+00:00\",\"dateModified\":\"2023-09-13T21:10:30+00:00\",\"description\":\"Erfrischender Pfefferminztee aus biologischem Anbau: k\u00f6stliche Wahl f\u00fcr umweltfreundliche, plastikfreie Lebensmittel. Positiver Umweltschutz.\",\"breadcrumb\":{\"@id\":\"https:\\\/\\\/www.sempertea.eu\\\/Produkte\\\/te-de-menta-alimentacion-sostenible-sin-plastico\\\/#breadcrumb\"},\"inLanguage\":\"de\",\"potentialAction\":[{\"@type\":\"ReadAction\",\"target\":[\"https:\\\/\\\/www.sempertea.eu\\\/Produkte\\\/te-de-menta-alimentacion-sostenible-sin-plastico\\\/\"]}]},{\"@type\":\"ImageObject\",\"inLanguage\":\"de\",\"@id\":\"https:\\\/\\\/www.sempertea.eu\\\/Produkte\\\/te-de-menta-alimentacion-sostenible-sin-plastico\\\/#primaryimage\",\"url\":\"https:\\\/\\\/www.sempertea.eu\\\/wp-content\\\/uploads\\\/2023\\\/09\\\/te-de-menta-fresca-alimentacion-sostenible-semper-tea.jpg\",\"contentUrl\":\"https:\\\/\\\/www.sempertea.eu\\\/wp-content\\\/uploads\\\/2023\\\/09\\\/te-de-menta-fresca-alimentacion-sostenible-semper-tea.jpg\",\"width\":1500,\"height\":1500,\"caption\":\"te de menta fresca alimentacion sostenible semper tea\"},{\"@type\":\"BreadcrumbList\",\"@id\":\"https:\\\/\\\/www.sempertea.eu\\\/Produkte\\\/te-de-menta-alimentacion-sostenible-sin-plastico\\\/#breadcrumb\",\"itemListElement\":[{\"@type\":\"ListItem\",\"position\":1,\"name\":\"Portada\",\"item\":\"https:\\\/\\\/www.sempertea.eu\\\/de\\\/\"},{\"@type\":\"ListItem\",\"position\":2,\"name\":\"Shop\",\"item\":\"https:\\\/\\\/www.sempertea.eu\\\/de\\\/shop\\\/\"},{\"@type\":\"ListItem\",\"position\":3,\"name\":\"MINT Bio Kr\u00e4utertee I Teepyramide im Umschlag\"}]},{\"@type\":\"WebSite\",\"@id\":\"https:\\\/\\\/www.sempertea.eu\\\/#website\",\"url\":\"https:\\\/\\\/www.sempertea.eu\\\/\",\"name\":\"Semper Tea | Mayorista y fabricante de T\u00e9s e Infusiones para hoteles, restaurantes y bares\",\"description\":\"T\u00e9s e infusiones para hosteler\u00eda, hoteler\u00eda y comercio\",\"potentialAction\":[{\"@type\":\"SearchAction\",\"target\":{\"@type\":\"EntryPoint\",\"urlTemplate\":\"https:\\\/\\\/www.sempertea.eu\\\/?s={search_term_string}\"},\"query-input\":{\"@type\":\"PropertyValueSpecification\",\"valueRequired\":true,\"valueName\":\"search_term_string\"}}],\"inLanguage\":\"de\"}]}<\/script>\n<!-- \/ Yoast SEO Premium plugin. -->","yoast_head_json":{"title":"Pfefferminztee: Umweltfreundliche Wahl f\u00fcr nachhaltige Lebensmittel","description":"Erfrischender Pfefferminztee aus biologischem Anbau: k\u00f6stliche Wahl f\u00fcr umweltfreundliche, plastikfreie Lebensmittel. Positiver Umweltschutz.","robots":{"index":"index","follow":"follow","max-snippet":"max-snippet:-1","max-image-preview":"max-image-preview:large","max-video-preview":"max-video-preview:-1"},"canonical":"https:\/\/www.sempertea.eu\/Produkte\/te-de-menta-alimentacion-sostenible-sin-plastico\/","og_locale":"de_DE","og_type":"article","og_title":"MINT Bio Kr\u00e4utertee I Teepyramide im Umschlag","og_description":"Erfrischender Pfefferminztee aus biologischem Anbau: k\u00f6stliche Wahl f\u00fcr umweltfreundliche, plastikfreie Lebensmittel. Positiver Umweltschutz.","og_url":"https:\/\/www.sempertea.eu\/Produkte\/te-de-menta-alimentacion-sostenible-sin-plastico\/","og_site_name":"Semper Tea | Mayorista y fabricante de T\u00e9s e Infusiones para hoteles, restaurantes y bares","article_modified_time":"2023-09-13T21:10:30+00:00","og_image":[{"width":1500,"height":1500,"url":"https:\/\/www.sempertea.eu\/wp-content\/uploads\/2023\/09\/te-de-menta-fresca-alimentacion-sostenible-semper-tea.jpg","type":"image\/jpeg"}],"twitter_card":"summary_large_image","twitter_misc":{"Gesch\u00e4tzte Lesezeit":"1\u00a0Minute"},"schema":{"@context":"https:\/\/schema.org","@graph":[{"@type":"WebPage","@id":"https:\/\/www.sempertea.eu\/Produkte\/te-de-menta-alimentacion-sostenible-sin-plastico\/","url":"https:\/\/www.sempertea.eu\/Produkte\/te-de-menta-alimentacion-sostenible-sin-plastico\/","name":"Pfefferminztee: Umweltfreundliche Wahl f\u00fcr nachhaltige Lebensmittel","isPartOf":{"@id":"https:\/\/www.sempertea.eu\/#website"},"primaryImageOfPage":{"@id":"https:\/\/www.sempertea.eu\/Produkte\/te-de-menta-alimentacion-sostenible-sin-plastico\/#primaryimage"},"image":{"@id":"https:\/\/www.sempertea.eu\/Produkte\/te-de-menta-alimentacion-sostenible-sin-plastico\/#primaryimage"},"thumbnailUrl":"https:\/\/www.sempertea.eu\/wp-content\/uploads\/2023\/09\/te-de-menta-fresca-alimentacion-sostenible-semper-tea.jpg","datePublished":"2023-09-13T21:05:16+00:00","dateModified":"2023-09-13T21:10:30+00:00","description":"Erfrischender Pfefferminztee aus biologischem Anbau: k\u00f6stliche Wahl f\u00fcr umweltfreundliche, plastikfreie Lebensmittel. Positiver Umweltschutz.","breadcrumb":{"@id":"https:\/\/www.sempertea.eu\/Produkte\/te-de-menta-alimentacion-sostenible-sin-plastico\/#breadcrumb"},"inLanguage":"de","potentialAction":[{"@type":"ReadAction","target":["https:\/\/www.sempertea.eu\/Produkte\/te-de-menta-alimentacion-sostenible-sin-plastico\/"]}]},{"@type":"ImageObject","inLanguage":"de","@id":"https:\/\/www.sempertea.eu\/Produkte\/te-de-menta-alimentacion-sostenible-sin-plastico\/#primaryimage","url":"https:\/\/www.sempertea.eu\/wp-content\/uploads\/2023\/09\/te-de-menta-fresca-alimentacion-sostenible-semper-tea.jpg","contentUrl":"https:\/\/www.sempertea.eu\/wp-content\/uploads\/2023\/09\/te-de-menta-fresca-alimentacion-sostenible-semper-tea.jpg","width":1500,"height":1500,"caption":"te de menta fresca alimentacion sostenible semper tea"},{"@type":"BreadcrumbList","@id":"https:\/\/www.sempertea.eu\/Produkte\/te-de-menta-alimentacion-sostenible-sin-plastico\/#breadcrumb","itemListElement":[{"@type":"ListItem","position":1,"name":"Portada","item":"https:\/\/www.sempertea.eu\/de\/"},{"@type":"ListItem","position":2,"name":"Shop","item":"https:\/\/www.sempertea.eu\/de\/shop\/"},{"@type":"ListItem","position":3,"name":"MINT Bio Kr\u00e4utertee I Teepyramide im Umschlag"}]},{"@type":"WebSite","@id":"https:\/\/www.sempertea.eu\/#website","url":"https:\/\/www.sempertea.eu\/","name":"Semper Tea | Mayorista y fabricante de T\u00e9s e Infusiones para hoteles, restaurantes y bares","description":"T\u00e9s e infusiones para hosteler\u00eda, hoteler\u00eda y comercio","potentialAction":[{"@type":"SearchAction","target":{"@type":"EntryPoint","urlTemplate":"https:\/\/www.sempertea.eu\/?s={search_term_string}"},"query-input":{"@type":"PropertyValueSpecification","valueRequired":true,"valueName":"search_term_string"}}],"inLanguage":"de"}]}},"_links":{"self":[{"href":"https:\/\/www.sempertea.eu\/de\/wp-json\/wp\/v2\/product\/8520","targetHints":{"allow":["GET"]}}],"collection":[{"href":"https:\/\/www.sempertea.eu\/de\/wp-json\/wp\/v2\/product"}],"about":[{"href":"https:\/\/www.sempertea.eu\/de\/wp-json\/wp\/v2\/types\/product"}],"replies":[{"embeddable":true,"href":"https:\/\/www.sempertea.eu\/de\/wp-json\/wp\/v2\/comments?post=8520"}],"wp:featuredmedia":[{"embeddable":true,"href":"https:\/\/www.sempertea.eu\/de\/wp-json\/wp\/v2\/media\/8513"}],"wp:attachment":[{"href":"https:\/\/www.sempertea.eu\/de\/wp-json\/wp\/v2\/media?parent=8520"}],"wp:term":[{"taxonomy":"product_brand","embeddable":true,"href":"https:\/\/www.sempertea.eu\/de\/wp-json\/wp\/v2\/product_brand?post=8520"},{"taxonomy":"product_cat","embeddable":true,"href":"https:\/\/www.sempertea.eu\/de\/wp-json\/wp\/v2\/product_cat?post=8520"},{"taxonomy":"product_tag","embeddable":true,"href":"https:\/\/www.sempertea.eu\/de\/wp-json\/wp\/v2\/product_tag?post=8520"}],"curies":[{"name":"wp","href":"https:\/\/api.w.org\/{rel}","templated":true}]}}