{"id":8472,"date":"2023-09-12T21:19:31","date_gmt":"2023-09-12T20:44:12","guid":{"rendered":"https:\/\/www.sempertea.eu\/apple-mint-dulcet-bio-kraeutertee-i-teepyramide-im-umschlag\/"},"modified":"2023-09-12T21:51:50","modified_gmt":"2023-09-12T20:51:50","slug":"nachhaltiger-tee-bio-kraeutertee-pyramidentee","status":"publish","type":"product","link":"https:\/\/www.sempertea.eu\/de\/Produkte\/nachhaltiger-tee-bio-kraeutertee-pyramidentee\/","title":{"rendered":"APPLE MINT DULCET Bio Kr\u00e4utertee I Teepyramide im Umschlag"},"content":{"rendered":"<h2>Lakritze, Minze und Apfel: Mehr als nur s\u00fc\u00dfer Geschmack<\/h2>\n<p>In unserem <strong>nachhaltigen Teeangebot<\/strong> erwartet Sie eine herausragende Infusion mit einer sanften Lakritznote. Der bio-zertifizierte APPLE MINT DULCET Tee in <strong>Pyramidenform<\/strong> erm\u00f6glicht Ihnen ein nie dagewesenes Erlebnis mit <strong>biologischem und k\u00f6stlichem Tee<\/strong>.<\/p>\n<p>Diese <strong>k\u00f6stliche aromatische Mischung<\/strong> verbindet Lakritze, Minze und Apfel zu einem einzigartigen, dezent s\u00fc\u00dfen Geschmackserlebnis. Viele Teeliebhaber bevorzugen Lakritze aufgrund ihres unverwechselbaren Geschmacks, insbesondere diejenigen, die es gerne s\u00fc\u00df m\u00f6gen.<\/p>\n<p>Wussten Sie, dass Lakritze eine Pflanze ist, die urspr\u00fcnglich in S\u00fcdeuropa und Asien beheimatet ist? Ihre Wurzeln enthalten einen nat\u00fcrlichen S\u00fc\u00dfstoff namens Glycyrrhizin, der 30-50 Mal s\u00fc\u00dfer ist als Zucker. Abgesehen von ihrer S\u00fc\u00dfe wird Lakritze seit Jahrhunderten auch aufgrund ihrer medizinischen Eigenschaften gesch\u00e4tzt.<\/p>\n<h3>Einzigartiger Geschmack und Wohlbefinden<\/h3>\n<p>Lakritze zeichnet sich nicht nur durch ihren einzigartigen s\u00fc\u00dfen Geschmack aus, sondern bietet auch zahlreiche gesundheitliche Vorteile, darunter Linderung von Verstopfung, entz\u00fcndungshemmende Wirkung bei Schmerzen, Regulation des Blutdrucks, potenzielle Vorbeugung von Herzkrankheiten, Linderung von pr\u00e4menstruellen Beschwerden und Wirksamkeit bei Verdauungsproblemen. Dieser einzigartige Geschmack wird seit Jahrhunderten sowohl aufgrund seines k\u00f6stlichen Aromas als auch seiner m\u00f6glichen gesundheitlichen Vorteile gesch\u00e4tzt.<\/p>\n<h4><strong>F\u00fcr nachhaltige Ern\u00e4hrung<\/strong><\/h4>\n<p>Bei Semper Tea sind wir stolz auf unser <strong>Engagement f\u00fcr Nachhaltigkeit<\/strong>. Unsere Pyramidenbeutel und Verpackungen sind vollst\u00e4ndig biologisch abbaubar und spiegeln unser Bekenntnis zum Umweltschutz und zur Reduzierung des Plastikverbrauchs wider.<\/p>\n<p>Entdecken Sie die Exzellenz und Nat\u00fcrlichkeit von zehn verschiedenen Sorten Bio-Tees und Aufg\u00fcsse unserer Premiummarke Ambar. Begleiten Sie uns auf dieser spannenden Reise durch einzigartige Geschmacksrichtungen und w\u00e4hlen Sie Ambar f\u00fcr ein nat\u00fcrliches, <strong>gesundes und plastikfreies Genusserlebnis<\/strong>.<\/p>\n","protected":false},"excerpt":{"rendered":"<p><strong>S\u00fcsses Teevergn\u00fcgen mit Lakritz<\/strong><\/p>\n<p>Dieser Kr\u00e4utertee ist Freude pur: Lakritze mit seiner angenehmen S\u00fc\u00dfe im Einklang mit Minze, reifen Apfelst\u00fcckchen und dem frischen Duft von Zitronengras \u2013 eine bezaubernde Mischung ohne Koffein. Dieser Kr\u00e4utertee ist einer unserer Bestseller.<\/p>\n","protected":false},"featured_media":8466,"comment_status":"open","ping_status":"closed","template":"","meta":[],"product_brand":[],"product_cat":[132,114,115,116,133,110,113,124,112,108,135],"product_tag":[],"class_list":{"0":"post-8472","1":"product","2":"type-product","3":"status-publish","4":"has-post-thumbnail","6":"product_cat-tee-ohne-plastik-verpackung-biotees-natur-plastikfrei","7":"product_cat-alle","8":"product_cat-alle-de","9":"product_cat-alle-de-2","10":"product_cat-ambar-frei-von-plastik-verpackung-abbaubar-nachhaltig-umweltfreundlich","11":"product_cat-biologisch-abbaubare-pyramide-teebeutel-biotee-kompostierbar","12":"product_cat-biotees-sortiment-online-kaufen","13":"product_cat-teesortiment-formate-packaging-attraktiv-biotees-verpackung","14":"product_cat-krautertees-bio-teemischungen-herbal-ohne-koffein","15":"product_cat-sortiment-tee-packaging-verpackung-attraktiv-biotees-design","16":"product_cat-uncategorized-de","18":"first","19":"instock","20":"shipping-taxable","21":"purchasable","22":"product-type-simple"},"yoast_head":"<!-- This site is optimized with the Yoast SEO Premium plugin v27.3 (Yoast SEO v27.3) - https:\/\/yoast.com\/product\/yoast-seo-premium-wordpress\/ -->\n<title>Nachhaltiger Tee: APPLE MINT DULCET Bio-Kr\u00e4utertee I Pyramidentee<\/title>\n<meta name=\"description\" content=\"Nachhaltige Teespezialit\u00e4t mit unserem Tee aus Bio-Apfel, Minze und Lakritz in Pyramide. Kunststofffreier Bio-Tee.\" \/>\n<meta name=\"robots\" content=\"index, follow, max-snippet:-1, max-image-preview:large, max-video-preview:-1\" \/>\n<link rel=\"canonical\" href=\"https:\/\/www.sempertea.eu\/de\/Produkte\/nachhaltiger-tee-bio-kraeutertee-pyramidentee\/\" \/>\n<meta property=\"og:locale\" content=\"de_DE\" \/>\n<meta property=\"og:type\" content=\"article\" \/>\n<meta property=\"og:title\" content=\"APPLE MINT DULCET Bio Kr\u00e4utertee I Teepyramide im Umschlag\" \/>\n<meta property=\"og:description\" content=\"Nachhaltige Teespezialit\u00e4t mit unserem Tee aus Bio-Apfel, Minze und Lakritz in Pyramide. Kunststofffreier Bio-Tee.\" \/>\n<meta property=\"og:url\" content=\"https:\/\/www.sempertea.eu\/de\/Produkte\/nachhaltiger-tee-bio-kraeutertee-pyramidentee\/\" \/>\n<meta property=\"og:site_name\" content=\"Semper Tea | Mayorista y fabricante de T\u00e9s e Infusiones para hoteles, restaurantes y bares\" \/>\n<meta property=\"article:modified_time\" content=\"2023-09-12T20:51:50+00:00\" \/>\n<meta property=\"og:image\" content=\"https:\/\/www.sempertea.eu\/wp-content\/uploads\/2023\/09\/te-sostenible-infusion-organica-sostenibilidad-alimentaria-semper-tea.jpg\" \/>\n\t<meta property=\"og:image:width\" content=\"1500\" \/>\n\t<meta property=\"og:image:height\" content=\"1500\" \/>\n\t<meta property=\"og:image:type\" content=\"image\/jpeg\" \/>\n<meta name=\"twitter:card\" content=\"summary_large_image\" \/>\n<meta name=\"twitter:label1\" content=\"Gesch\u00e4tzte Lesezeit\" \/>\n\t<meta name=\"twitter:data1\" content=\"1\u00a0Minute\" \/>\n<script type=\"application\/ld+json\" class=\"yoast-schema-graph\">{\"@context\":\"https:\\\/\\\/schema.org\",\"@graph\":[{\"@type\":\"WebPage\",\"@id\":\"https:\\\/\\\/www.sempertea.eu\\\/de\\\/Produkte\\\/nachhaltiger-tee-bio-kraeutertee-pyramidentee\\\/\",\"url\":\"https:\\\/\\\/www.sempertea.eu\\\/de\\\/Produkte\\\/nachhaltiger-tee-bio-kraeutertee-pyramidentee\\\/\",\"name\":\"Nachhaltiger Tee: APPLE MINT DULCET Bio-Kr\u00e4utertee I Pyramidentee\",\"isPartOf\":{\"@id\":\"https:\\\/\\\/www.sempertea.eu\\\/#website\"},\"primaryImageOfPage\":{\"@id\":\"https:\\\/\\\/www.sempertea.eu\\\/de\\\/Produkte\\\/nachhaltiger-tee-bio-kraeutertee-pyramidentee\\\/#primaryimage\"},\"image\":{\"@id\":\"https:\\\/\\\/www.sempertea.eu\\\/de\\\/Produkte\\\/nachhaltiger-tee-bio-kraeutertee-pyramidentee\\\/#primaryimage\"},\"thumbnailUrl\":\"https:\\\/\\\/www.sempertea.eu\\\/wp-content\\\/uploads\\\/2023\\\/09\\\/te-sostenible-infusion-organica-sostenibilidad-alimentaria-semper-tea.jpg\",\"datePublished\":\"2023-09-12T20:44:12+00:00\",\"dateModified\":\"2023-09-12T20:51:50+00:00\",\"description\":\"Nachhaltige Teespezialit\u00e4t mit unserem Tee aus Bio-Apfel, Minze und Lakritz in Pyramide. Kunststofffreier Bio-Tee.\",\"breadcrumb\":{\"@id\":\"https:\\\/\\\/www.sempertea.eu\\\/de\\\/Produkte\\\/nachhaltiger-tee-bio-kraeutertee-pyramidentee\\\/#breadcrumb\"},\"inLanguage\":\"de\",\"potentialAction\":[{\"@type\":\"ReadAction\",\"target\":[\"https:\\\/\\\/www.sempertea.eu\\\/de\\\/Produkte\\\/nachhaltiger-tee-bio-kraeutertee-pyramidentee\\\/\"]}]},{\"@type\":\"ImageObject\",\"inLanguage\":\"de\",\"@id\":\"https:\\\/\\\/www.sempertea.eu\\\/de\\\/Produkte\\\/nachhaltiger-tee-bio-kraeutertee-pyramidentee\\\/#primaryimage\",\"url\":\"https:\\\/\\\/www.sempertea.eu\\\/wp-content\\\/uploads\\\/2023\\\/09\\\/te-sostenible-infusion-organica-sostenibilidad-alimentaria-semper-tea.jpg\",\"contentUrl\":\"https:\\\/\\\/www.sempertea.eu\\\/wp-content\\\/uploads\\\/2023\\\/09\\\/te-sostenible-infusion-organica-sostenibilidad-alimentaria-semper-tea.jpg\",\"width\":1500,\"height\":1500,\"caption\":\"te sostenible infusion organica sostenibilidad alimentaria semper tea\"},{\"@type\":\"BreadcrumbList\",\"@id\":\"https:\\\/\\\/www.sempertea.eu\\\/de\\\/Produkte\\\/nachhaltiger-tee-bio-kraeutertee-pyramidentee\\\/#breadcrumb\",\"itemListElement\":[{\"@type\":\"ListItem\",\"position\":1,\"name\":\"Portada\",\"item\":\"https:\\\/\\\/www.sempertea.eu\\\/de\\\/\"},{\"@type\":\"ListItem\",\"position\":2,\"name\":\"Shop\",\"item\":\"https:\\\/\\\/www.sempertea.eu\\\/de\\\/shop\\\/\"},{\"@type\":\"ListItem\",\"position\":3,\"name\":\"APPLE MINT DULCET Bio Kr\u00e4utertee I Teepyramide im Umschlag\"}]},{\"@type\":\"WebSite\",\"@id\":\"https:\\\/\\\/www.sempertea.eu\\\/#website\",\"url\":\"https:\\\/\\\/www.sempertea.eu\\\/\",\"name\":\"Semper Tea | Mayorista y fabricante de T\u00e9s e Infusiones para hoteles, restaurantes y bares\",\"description\":\"T\u00e9s e infusiones para hosteler\u00eda, hoteler\u00eda y comercio\",\"potentialAction\":[{\"@type\":\"SearchAction\",\"target\":{\"@type\":\"EntryPoint\",\"urlTemplate\":\"https:\\\/\\\/www.sempertea.eu\\\/?s={search_term_string}\"},\"query-input\":{\"@type\":\"PropertyValueSpecification\",\"valueRequired\":true,\"valueName\":\"search_term_string\"}}],\"inLanguage\":\"de\"}]}<\/script>\n<!-- \/ Yoast SEO Premium plugin. -->","yoast_head_json":{"title":"Nachhaltiger Tee: APPLE MINT DULCET Bio-Kr\u00e4utertee I Pyramidentee","description":"Nachhaltige Teespezialit\u00e4t mit unserem Tee aus Bio-Apfel, Minze und Lakritz in Pyramide. Kunststofffreier Bio-Tee.","robots":{"index":"index","follow":"follow","max-snippet":"max-snippet:-1","max-image-preview":"max-image-preview:large","max-video-preview":"max-video-preview:-1"},"canonical":"https:\/\/www.sempertea.eu\/de\/Produkte\/nachhaltiger-tee-bio-kraeutertee-pyramidentee\/","og_locale":"de_DE","og_type":"article","og_title":"APPLE MINT DULCET Bio Kr\u00e4utertee I Teepyramide im Umschlag","og_description":"Nachhaltige Teespezialit\u00e4t mit unserem Tee aus Bio-Apfel, Minze und Lakritz in Pyramide. Kunststofffreier Bio-Tee.","og_url":"https:\/\/www.sempertea.eu\/de\/Produkte\/nachhaltiger-tee-bio-kraeutertee-pyramidentee\/","og_site_name":"Semper Tea | Mayorista y fabricante de T\u00e9s e Infusiones para hoteles, restaurantes y bares","article_modified_time":"2023-09-12T20:51:50+00:00","og_image":[{"width":1500,"height":1500,"url":"https:\/\/www.sempertea.eu\/wp-content\/uploads\/2023\/09\/te-sostenible-infusion-organica-sostenibilidad-alimentaria-semper-tea.jpg","type":"image\/jpeg"}],"twitter_card":"summary_large_image","twitter_misc":{"Gesch\u00e4tzte Lesezeit":"1\u00a0Minute"},"schema":{"@context":"https:\/\/schema.org","@graph":[{"@type":"WebPage","@id":"https:\/\/www.sempertea.eu\/de\/Produkte\/nachhaltiger-tee-bio-kraeutertee-pyramidentee\/","url":"https:\/\/www.sempertea.eu\/de\/Produkte\/nachhaltiger-tee-bio-kraeutertee-pyramidentee\/","name":"Nachhaltiger Tee: APPLE MINT DULCET Bio-Kr\u00e4utertee I Pyramidentee","isPartOf":{"@id":"https:\/\/www.sempertea.eu\/#website"},"primaryImageOfPage":{"@id":"https:\/\/www.sempertea.eu\/de\/Produkte\/nachhaltiger-tee-bio-kraeutertee-pyramidentee\/#primaryimage"},"image":{"@id":"https:\/\/www.sempertea.eu\/de\/Produkte\/nachhaltiger-tee-bio-kraeutertee-pyramidentee\/#primaryimage"},"thumbnailUrl":"https:\/\/www.sempertea.eu\/wp-content\/uploads\/2023\/09\/te-sostenible-infusion-organica-sostenibilidad-alimentaria-semper-tea.jpg","datePublished":"2023-09-12T20:44:12+00:00","dateModified":"2023-09-12T20:51:50+00:00","description":"Nachhaltige Teespezialit\u00e4t mit unserem Tee aus Bio-Apfel, Minze und Lakritz in Pyramide. Kunststofffreier Bio-Tee.","breadcrumb":{"@id":"https:\/\/www.sempertea.eu\/de\/Produkte\/nachhaltiger-tee-bio-kraeutertee-pyramidentee\/#breadcrumb"},"inLanguage":"de","potentialAction":[{"@type":"ReadAction","target":["https:\/\/www.sempertea.eu\/de\/Produkte\/nachhaltiger-tee-bio-kraeutertee-pyramidentee\/"]}]},{"@type":"ImageObject","inLanguage":"de","@id":"https:\/\/www.sempertea.eu\/de\/Produkte\/nachhaltiger-tee-bio-kraeutertee-pyramidentee\/#primaryimage","url":"https:\/\/www.sempertea.eu\/wp-content\/uploads\/2023\/09\/te-sostenible-infusion-organica-sostenibilidad-alimentaria-semper-tea.jpg","contentUrl":"https:\/\/www.sempertea.eu\/wp-content\/uploads\/2023\/09\/te-sostenible-infusion-organica-sostenibilidad-alimentaria-semper-tea.jpg","width":1500,"height":1500,"caption":"te sostenible infusion organica sostenibilidad alimentaria semper tea"},{"@type":"BreadcrumbList","@id":"https:\/\/www.sempertea.eu\/de\/Produkte\/nachhaltiger-tee-bio-kraeutertee-pyramidentee\/#breadcrumb","itemListElement":[{"@type":"ListItem","position":1,"name":"Portada","item":"https:\/\/www.sempertea.eu\/de\/"},{"@type":"ListItem","position":2,"name":"Shop","item":"https:\/\/www.sempertea.eu\/de\/shop\/"},{"@type":"ListItem","position":3,"name":"APPLE MINT DULCET Bio Kr\u00e4utertee I Teepyramide im Umschlag"}]},{"@type":"WebSite","@id":"https:\/\/www.sempertea.eu\/#website","url":"https:\/\/www.sempertea.eu\/","name":"Semper Tea | Mayorista y fabricante de T\u00e9s e Infusiones para hoteles, restaurantes y bares","description":"T\u00e9s e infusiones para hosteler\u00eda, hoteler\u00eda y comercio","potentialAction":[{"@type":"SearchAction","target":{"@type":"EntryPoint","urlTemplate":"https:\/\/www.sempertea.eu\/?s={search_term_string}"},"query-input":{"@type":"PropertyValueSpecification","valueRequired":true,"valueName":"search_term_string"}}],"inLanguage":"de"}]}},"_links":{"self":[{"href":"https:\/\/www.sempertea.eu\/de\/wp-json\/wp\/v2\/product\/8472","targetHints":{"allow":["GET"]}}],"collection":[{"href":"https:\/\/www.sempertea.eu\/de\/wp-json\/wp\/v2\/product"}],"about":[{"href":"https:\/\/www.sempertea.eu\/de\/wp-json\/wp\/v2\/types\/product"}],"replies":[{"embeddable":true,"href":"https:\/\/www.sempertea.eu\/de\/wp-json\/wp\/v2\/comments?post=8472"}],"wp:featuredmedia":[{"embeddable":true,"href":"https:\/\/www.sempertea.eu\/de\/wp-json\/wp\/v2\/media\/8466"}],"wp:attachment":[{"href":"https:\/\/www.sempertea.eu\/de\/wp-json\/wp\/v2\/media?parent=8472"}],"wp:term":[{"taxonomy":"product_brand","embeddable":true,"href":"https:\/\/www.sempertea.eu\/de\/wp-json\/wp\/v2\/product_brand?post=8472"},{"taxonomy":"product_cat","embeddable":true,"href":"https:\/\/www.sempertea.eu\/de\/wp-json\/wp\/v2\/product_cat?post=8472"},{"taxonomy":"product_tag","embeddable":true,"href":"https:\/\/www.sempertea.eu\/de\/wp-json\/wp\/v2\/product_tag?post=8472"}],"curies":[{"name":"wp","href":"https:\/\/api.w.org\/{rel}","templated":true}]}}