{"id":8442,"date":"2023-09-11T21:43:18","date_gmt":"2023-09-12T17:35:52","guid":{"rendered":"https:\/\/www.sempertea.eu\/camomile-bio-tee-i-teepyramide-im-umschlag\/"},"modified":"2023-09-12T18:47:55","modified_gmt":"2023-09-12T17:47:55","slug":"bio-krautertee-plastikfrei-kamillentee","status":"publish","type":"product","link":"https:\/\/www.sempertea.eu\/de\/Produkte\/bio-krautertee-plastikfrei-kamillentee\/","title":{"rendered":"CAMOMILE Bio Tee I Teepyramide im Umschlag"},"content":{"rendered":"<p><span style=\"font-size: 23.04px; color: #333333;\">Kamillentee &#8211; eine nat\u00fcrliche L\u00f6sung f\u00fcr einen besseren Schlaf<\/span><\/p>\n<p>Der t\u00e4gliche Stress kann sich negativ auf unsere Gesundheit auswirken, und Schlaflosigkeit ist ein weit verbreitetes Problem, das bis zu 35 % der Erwachsenen betrifft. <strong>Schlafmangel<\/strong> kann ernsthafte gesundheitliche Probleme verursachen.<\/p>\n<p>Gl\u00fccklicherweise bietet die Natur eine F\u00fclle von Kr\u00e4utern, Blumen, Samen, Fr\u00fcchten und Pflanzen, die bei Schlaflosigkeit helfen k\u00f6nnen, wie zum Beispiel die beruhigende <strong>Kamille<\/strong>. <strong>Kamillentee<\/strong> ist ein <strong>koffeinfreier<\/strong> Kr\u00e4uteraufguss, der die <strong>Entspannung<\/strong> f\u00f6rdern und das <strong>Einschlafen<\/strong> erleichtern kann.<\/p>\n<h3>Wo die Leidenschaft f\u00fcr die Natur in biologische Tees umgesetzt werden<\/h3>\n<p>Unsere <strong>Bio-Kamille<\/strong> wird in <strong>biologisch abbaubaren Pyramidenbeuteln<\/strong> und Verpackungen geliefert, die zu <strong>100 % plastikfrei<\/strong> sind. Dies stellt nicht nur eine <strong>umweltfreundliche<\/strong> Option dar, sondern auch eine <strong>ansprechende Pr\u00e4sentation<\/strong>.<\/p>\n<p>Bei Semper Tea gehen unser Streben nach Exzellenz und unsere Verantwortung gegen\u00fcber der Umwelt Hand in Hand.<\/p>\n<p>Wir laden Sie herzlich dazu ein, sich gemeinsam mit uns auf eine spannende Reise zu begeben. Diese Reise vereint die Erkundung exquisiter Geschmacksrichtungen, ethischer Gesch\u00e4ftspraktiken und unser festes Engagement f\u00fcr den Schutz unseres Planeten. Erweitern Sie Ihre Erwartungen in der Welt des Tees mit <strong>Semper Tea und <a href=\"https:\/\/www.sempertea.eu\/de\/ambar-frei-von-plastik-verpackung-abbaubar-nachhaltig-umweltfreundlich\/\">AMBAR<\/a><\/strong>.<\/p>\n<p>Unser Anliegen ist es, Sie zu ermutigen und zu unterst\u00fctzen, <strong>Nachhaltigkeit<\/strong> in Ihr Unternehmen zu integrieren.<\/p>\n<p>Die Zukunft des Tees ist bereits angebrochen, und Sie haben die M\u00f6glichkeit, sie mitzugestalten!<\/p>\n","protected":false},"excerpt":{"rendered":"<p><strong>Sanft<\/strong> <strong>mit einem s\u00fc\u00dfen Hauch<\/strong><\/p>\n<p>Entdecken Sie unsere Kamillenbl\u00fcten mit ihrem besonders zarten und milden Aroma, das von einer leichten S\u00fc\u00dfe begleitet wird. Eine Tasse Kamillentee ist perfekt, um zu entspannen und zur Ruhe zu kommen. Dieser Kr\u00e4utertee ist frei von Koffein und Teein und eignet sich besonders gut als Abendgetr\u00e4nk, um vor dem Schlafengehen genossen zu werden. Genie\u00dfen Sie die wohltuende und beruhigende Wirkung dieses Tees.<\/p>\n","protected":false},"featured_media":8430,"comment_status":"open","ping_status":"closed","template":"","meta":[],"product_brand":[],"product_cat":[132,114,115,116,133,110,113,124,112,108,135],"product_tag":[],"class_list":{"0":"post-8442","1":"product","2":"type-product","3":"status-publish","4":"has-post-thumbnail","6":"product_cat-tee-ohne-plastik-verpackung-biotees-natur-plastikfrei","7":"product_cat-alle","8":"product_cat-alle-de","9":"product_cat-alle-de-2","10":"product_cat-ambar-frei-von-plastik-verpackung-abbaubar-nachhaltig-umweltfreundlich","11":"product_cat-biologisch-abbaubare-pyramide-teebeutel-biotee-kompostierbar","12":"product_cat-biotees-sortiment-online-kaufen","13":"product_cat-teesortiment-formate-packaging-attraktiv-biotees-verpackung","14":"product_cat-krautertees-bio-teemischungen-herbal-ohne-koffein","15":"product_cat-sortiment-tee-packaging-verpackung-attraktiv-biotees-design","16":"product_cat-uncategorized-de","18":"first","19":"instock","20":"shipping-taxable","21":"purchasable","22":"product-type-simple"},"yoast_head":"<!-- This site is optimized with the Yoast SEO Premium plugin v27.3 (Yoast SEO v27.4) - https:\/\/yoast.com\/product\/yoast-seo-premium-wordpress\/ -->\n<title>Bio-Kr\u00e4utertee 100% plastikfrei | Kamillentee Semper Tea<\/title>\n<meta name=\"description\" content=\"Erleben Sie Natur pur in unserem 100% biologischen Kamillentee ohne Plastik, plastikfreie Schachtel und Umverpackung.\" \/>\n<meta name=\"robots\" content=\"index, follow, max-snippet:-1, max-image-preview:large, max-video-preview:-1\" \/>\n<link rel=\"canonical\" href=\"https:\/\/www.sempertea.eu\/Produkte\/infusiones-organicas-plastic-free-manzanilla\/\" \/>\n<meta property=\"og:locale\" content=\"de_DE\" \/>\n<meta property=\"og:type\" content=\"article\" \/>\n<meta property=\"og:title\" content=\"CAMOMILE Bio Tee I Teepyramide im Umschlag\" \/>\n<meta property=\"og:description\" content=\"Erleben Sie Natur pur in unserem 100% biologischen Kamillentee ohne Plastik, plastikfreie Schachtel und Umverpackung.\" \/>\n<meta property=\"og:url\" content=\"https:\/\/www.sempertea.eu\/Produkte\/infusiones-organicas-plastic-free-manzanilla\/\" \/>\n<meta property=\"og:site_name\" content=\"Semper Tea | Mayorista y fabricante de T\u00e9s e Infusiones para hoteles, restaurantes y bares\" \/>\n<meta property=\"article:modified_time\" content=\"2023-09-12T17:47:55+00:00\" \/>\n<meta property=\"og:image\" content=\"https:\/\/www.sempertea.eu\/wp-content\/uploads\/2023\/09\/infusiones-organicas-libre-de-plastico-semper-tea.jpg\" \/>\n\t<meta property=\"og:image:width\" content=\"1500\" \/>\n\t<meta property=\"og:image:height\" content=\"1500\" \/>\n\t<meta property=\"og:image:type\" content=\"image\/jpeg\" \/>\n<meta name=\"twitter:card\" content=\"summary_large_image\" \/>\n<meta name=\"twitter:label1\" content=\"Gesch\u00e4tzte Lesezeit\" \/>\n\t<meta name=\"twitter:data1\" content=\"1\u00a0Minute\" \/>\n<script type=\"application\/ld+json\" class=\"yoast-schema-graph\">{\"@context\":\"https:\\\/\\\/schema.org\",\"@graph\":[{\"@type\":\"WebPage\",\"@id\":\"https:\\\/\\\/www.sempertea.eu\\\/Produkte\\\/infusiones-organicas-plastic-free-manzanilla\\\/\",\"url\":\"https:\\\/\\\/www.sempertea.eu\\\/Produkte\\\/infusiones-organicas-plastic-free-manzanilla\\\/\",\"name\":\"Bio-Kr\u00e4utertee 100% plastikfrei | Kamillentee Semper Tea\",\"isPartOf\":{\"@id\":\"https:\\\/\\\/www.sempertea.eu\\\/#website\"},\"primaryImageOfPage\":{\"@id\":\"https:\\\/\\\/www.sempertea.eu\\\/Produkte\\\/infusiones-organicas-plastic-free-manzanilla\\\/#primaryimage\"},\"image\":{\"@id\":\"https:\\\/\\\/www.sempertea.eu\\\/Produkte\\\/infusiones-organicas-plastic-free-manzanilla\\\/#primaryimage\"},\"thumbnailUrl\":\"https:\\\/\\\/www.sempertea.eu\\\/wp-content\\\/uploads\\\/2023\\\/09\\\/infusiones-organicas-libre-de-plastico-semper-tea.jpg\",\"datePublished\":\"2023-09-12T17:35:52+00:00\",\"dateModified\":\"2023-09-12T17:47:55+00:00\",\"description\":\"Erleben Sie Natur pur in unserem 100% biologischen Kamillentee ohne Plastik, plastikfreie Schachtel und Umverpackung.\",\"breadcrumb\":{\"@id\":\"https:\\\/\\\/www.sempertea.eu\\\/Produkte\\\/infusiones-organicas-plastic-free-manzanilla\\\/#breadcrumb\"},\"inLanguage\":\"de\",\"potentialAction\":[{\"@type\":\"ReadAction\",\"target\":[\"https:\\\/\\\/www.sempertea.eu\\\/Produkte\\\/infusiones-organicas-plastic-free-manzanilla\\\/\"]}]},{\"@type\":\"ImageObject\",\"inLanguage\":\"de\",\"@id\":\"https:\\\/\\\/www.sempertea.eu\\\/Produkte\\\/infusiones-organicas-plastic-free-manzanilla\\\/#primaryimage\",\"url\":\"https:\\\/\\\/www.sempertea.eu\\\/wp-content\\\/uploads\\\/2023\\\/09\\\/infusiones-organicas-libre-de-plastico-semper-tea.jpg\",\"contentUrl\":\"https:\\\/\\\/www.sempertea.eu\\\/wp-content\\\/uploads\\\/2023\\\/09\\\/infusiones-organicas-libre-de-plastico-semper-tea.jpg\",\"width\":1500,\"height\":1500,\"caption\":\"infusiones organicas libre de plastico semper tea\"},{\"@type\":\"BreadcrumbList\",\"@id\":\"https:\\\/\\\/www.sempertea.eu\\\/Produkte\\\/infusiones-organicas-plastic-free-manzanilla\\\/#breadcrumb\",\"itemListElement\":[{\"@type\":\"ListItem\",\"position\":1,\"name\":\"Portada\",\"item\":\"https:\\\/\\\/www.sempertea.eu\\\/de\\\/\"},{\"@type\":\"ListItem\",\"position\":2,\"name\":\"Shop\",\"item\":\"https:\\\/\\\/www.sempertea.eu\\\/de\\\/shop\\\/\"},{\"@type\":\"ListItem\",\"position\":3,\"name\":\"CAMOMILE Bio Tee I Teepyramide im Umschlag\"}]},{\"@type\":\"WebSite\",\"@id\":\"https:\\\/\\\/www.sempertea.eu\\\/#website\",\"url\":\"https:\\\/\\\/www.sempertea.eu\\\/\",\"name\":\"Semper Tea | Mayorista y fabricante de T\u00e9s e Infusiones para hoteles, restaurantes y bares\",\"description\":\"T\u00e9s e infusiones para hosteler\u00eda, hoteler\u00eda y comercio\",\"potentialAction\":[{\"@type\":\"SearchAction\",\"target\":{\"@type\":\"EntryPoint\",\"urlTemplate\":\"https:\\\/\\\/www.sempertea.eu\\\/?s={search_term_string}\"},\"query-input\":{\"@type\":\"PropertyValueSpecification\",\"valueRequired\":true,\"valueName\":\"search_term_string\"}}],\"inLanguage\":\"de\"}]}<\/script>\n<!-- \/ Yoast SEO Premium plugin. -->","yoast_head_json":{"title":"Bio-Kr\u00e4utertee 100% plastikfrei | Kamillentee Semper Tea","description":"Erleben Sie Natur pur in unserem 100% biologischen Kamillentee ohne Plastik, plastikfreie Schachtel und Umverpackung.","robots":{"index":"index","follow":"follow","max-snippet":"max-snippet:-1","max-image-preview":"max-image-preview:large","max-video-preview":"max-video-preview:-1"},"canonical":"https:\/\/www.sempertea.eu\/Produkte\/infusiones-organicas-plastic-free-manzanilla\/","og_locale":"de_DE","og_type":"article","og_title":"CAMOMILE Bio Tee I Teepyramide im Umschlag","og_description":"Erleben Sie Natur pur in unserem 100% biologischen Kamillentee ohne Plastik, plastikfreie Schachtel und Umverpackung.","og_url":"https:\/\/www.sempertea.eu\/Produkte\/infusiones-organicas-plastic-free-manzanilla\/","og_site_name":"Semper Tea | Mayorista y fabricante de T\u00e9s e Infusiones para hoteles, restaurantes y bares","article_modified_time":"2023-09-12T17:47:55+00:00","og_image":[{"width":1500,"height":1500,"url":"https:\/\/www.sempertea.eu\/wp-content\/uploads\/2023\/09\/infusiones-organicas-libre-de-plastico-semper-tea.jpg","type":"image\/jpeg"}],"twitter_card":"summary_large_image","twitter_misc":{"Gesch\u00e4tzte Lesezeit":"1\u00a0Minute"},"schema":{"@context":"https:\/\/schema.org","@graph":[{"@type":"WebPage","@id":"https:\/\/www.sempertea.eu\/Produkte\/infusiones-organicas-plastic-free-manzanilla\/","url":"https:\/\/www.sempertea.eu\/Produkte\/infusiones-organicas-plastic-free-manzanilla\/","name":"Bio-Kr\u00e4utertee 100% plastikfrei | Kamillentee Semper Tea","isPartOf":{"@id":"https:\/\/www.sempertea.eu\/#website"},"primaryImageOfPage":{"@id":"https:\/\/www.sempertea.eu\/Produkte\/infusiones-organicas-plastic-free-manzanilla\/#primaryimage"},"image":{"@id":"https:\/\/www.sempertea.eu\/Produkte\/infusiones-organicas-plastic-free-manzanilla\/#primaryimage"},"thumbnailUrl":"https:\/\/www.sempertea.eu\/wp-content\/uploads\/2023\/09\/infusiones-organicas-libre-de-plastico-semper-tea.jpg","datePublished":"2023-09-12T17:35:52+00:00","dateModified":"2023-09-12T17:47:55+00:00","description":"Erleben Sie Natur pur in unserem 100% biologischen Kamillentee ohne Plastik, plastikfreie Schachtel und Umverpackung.","breadcrumb":{"@id":"https:\/\/www.sempertea.eu\/Produkte\/infusiones-organicas-plastic-free-manzanilla\/#breadcrumb"},"inLanguage":"de","potentialAction":[{"@type":"ReadAction","target":["https:\/\/www.sempertea.eu\/Produkte\/infusiones-organicas-plastic-free-manzanilla\/"]}]},{"@type":"ImageObject","inLanguage":"de","@id":"https:\/\/www.sempertea.eu\/Produkte\/infusiones-organicas-plastic-free-manzanilla\/#primaryimage","url":"https:\/\/www.sempertea.eu\/wp-content\/uploads\/2023\/09\/infusiones-organicas-libre-de-plastico-semper-tea.jpg","contentUrl":"https:\/\/www.sempertea.eu\/wp-content\/uploads\/2023\/09\/infusiones-organicas-libre-de-plastico-semper-tea.jpg","width":1500,"height":1500,"caption":"infusiones organicas libre de plastico semper tea"},{"@type":"BreadcrumbList","@id":"https:\/\/www.sempertea.eu\/Produkte\/infusiones-organicas-plastic-free-manzanilla\/#breadcrumb","itemListElement":[{"@type":"ListItem","position":1,"name":"Portada","item":"https:\/\/www.sempertea.eu\/de\/"},{"@type":"ListItem","position":2,"name":"Shop","item":"https:\/\/www.sempertea.eu\/de\/shop\/"},{"@type":"ListItem","position":3,"name":"CAMOMILE Bio Tee I Teepyramide im Umschlag"}]},{"@type":"WebSite","@id":"https:\/\/www.sempertea.eu\/#website","url":"https:\/\/www.sempertea.eu\/","name":"Semper Tea | Mayorista y fabricante de T\u00e9s e Infusiones para hoteles, restaurantes y bares","description":"T\u00e9s e infusiones para hosteler\u00eda, hoteler\u00eda y comercio","potentialAction":[{"@type":"SearchAction","target":{"@type":"EntryPoint","urlTemplate":"https:\/\/www.sempertea.eu\/?s={search_term_string}"},"query-input":{"@type":"PropertyValueSpecification","valueRequired":true,"valueName":"search_term_string"}}],"inLanguage":"de"}]}},"_links":{"self":[{"href":"https:\/\/www.sempertea.eu\/de\/wp-json\/wp\/v2\/product\/8442","targetHints":{"allow":["GET"]}}],"collection":[{"href":"https:\/\/www.sempertea.eu\/de\/wp-json\/wp\/v2\/product"}],"about":[{"href":"https:\/\/www.sempertea.eu\/de\/wp-json\/wp\/v2\/types\/product"}],"replies":[{"embeddable":true,"href":"https:\/\/www.sempertea.eu\/de\/wp-json\/wp\/v2\/comments?post=8442"}],"wp:featuredmedia":[{"embeddable":true,"href":"https:\/\/www.sempertea.eu\/de\/wp-json\/wp\/v2\/media\/8430"}],"wp:attachment":[{"href":"https:\/\/www.sempertea.eu\/de\/wp-json\/wp\/v2\/media?parent=8442"}],"wp:term":[{"taxonomy":"product_brand","embeddable":true,"href":"https:\/\/www.sempertea.eu\/de\/wp-json\/wp\/v2\/product_brand?post=8442"},{"taxonomy":"product_cat","embeddable":true,"href":"https:\/\/www.sempertea.eu\/de\/wp-json\/wp\/v2\/product_cat?post=8442"},{"taxonomy":"product_tag","embeddable":true,"href":"https:\/\/www.sempertea.eu\/de\/wp-json\/wp\/v2\/product_tag?post=8442"}],"curies":[{"name":"wp","href":"https:\/\/api.w.org\/{rel}","templated":true}]}}