{"id":8362,"date":"2023-08-27T17:02:31","date_gmt":"2023-08-27T16:02:31","guid":{"rendered":"https:\/\/www.sempertea.eu\/fruit-berry-organic-tea-i-tea-pyramid-in-sachet\/"},"modified":"2025-02-07T09:38:01","modified_gmt":"2025-02-07T08:38:01","slug":"eco-friendly-tee-marken-fruechtetee-ohne-plastik","status":"publish","type":"product","link":"https:\/\/www.sempertea.eu\/de\/Produkte\/eco-friendly-tee-marken-fruechtetee-ohne-plastik\/","title":{"rendered":"FRUIT BERRY Bio-Tee I Teepyramide im Beutel"},"content":{"rendered":"<h2><strong>\ud83c\udf3f<\/strong> Semper Tea \u2013 Wo nat\u00fcrlicher Geschmack auf Nachhaltigkeit trifft \ud83c\udf75<\/h2>\n<p>Bei <strong>Semper Tea<\/strong> verbinden wir umweltfreundlichen Teegenuss mit authentischen, lebendigen Aromen \u2013 und einem starken Engagement f\u00fcr Nachhaltigkeit.<\/p>\n<p>Jeder Schluck unserer <strong>Fr\u00fcchteinfusion<\/strong> ist eine Explosion nat\u00fcrlicher Frische, sorgf\u00e4ltig aus hochwertigen Bio-Zutaten zusammengestellt. Nach Jahren der Suche nach den besten Mischungen bieten wir exzellente Qualit\u00e4t und bewahren gleichzeitig den Respekt f\u00fcr unseren Planeten.<\/p>\n<p>Ob du dich mit einer beruhigenden Tasse am Abend entspannen oder neue fruchtige Geschmacksrichtungen entdecken m\u00f6chtest \u2013 unsere Tees sind darauf ausgelegt, deine Sinne zu begeistern und die Umwelt zu sch\u00fctzen.<\/p>\n<p>\u2728 <strong>Entdecke, genie\u00dfe und w\u00e4hle bewusst.<\/strong> \u2728<\/p>\n<h3><strong>\ud83c\udf53<\/strong> Fr\u00fcchtetee \u2013 Authentizit\u00e4t &amp; Nachhaltigkeit in jeder Tasse<\/h3>\n<p>Fr\u00fcchteinfusionen sind f\u00fcr ihre intensiven Aromen bekannt, die aus getrockneten Fr\u00fcchten gewonnen und mit hei\u00dfem Wasser aufgegossen werden. Unsere <strong>Fr\u00fcchteteemischung<\/strong> mit <strong>Hibiskus, Hagebutte und aromatischer Orangenschale<\/strong> bietet ein leuchtendes Farbenspiel und ein wunderbares Duft- und Geschmackserlebnis.<\/p>\n<p>Auf der Suche nach einer erfrischenden Alternative? Probiere unseren <strong>Eistee aus Fr\u00fcchten<\/strong> \u2013 eine nat\u00fcrliche, k\u00f6stliche und gesunde Wahl f\u00fcr warme Sommertage. Au\u00dferdem sind unsere <strong>biologischen, plastikfreien Pyramiden-Teebeutel<\/strong> und biologisch abbaubaren Sachets eine nachhaltige Entscheidung f\u00fcr bewusste Teegenie\u00dfer.<\/p>\n<p>\u267b\ufe0f <strong>100 % plastikfrei. 100 % Geschmack.<\/strong> Nachhaltig trinken, unendlich genie\u00dfen! \ud83c\udf75\u2728<\/p>\n","protected":false},"excerpt":{"rendered":"<p><strong>\ud83c\udf3f<\/strong><strong> K\u00f6stliche fruchtiger Biotee mit intensiven Aromen <\/strong><strong>\ud83c\udf53<\/strong><\/p>\n<p>Genie\u00dfen Sie eine <strong>erfrischende und intensiv fruchtige Infusion<\/strong>, hergestellt aus <strong>biologischen und nat\u00fcrlichen Zutaten<\/strong>: <strong>Hibiskus, Hagebutte, Apfel, gefriergetrocknete Erdbeere sowie nat\u00fcrliches Waldbeer- und Orangenaroma<\/strong>.<\/p>\n<p>Von Natur aus <strong>koffeinfrei<\/strong>, ist diese Infusion reich an Vitaminen und gesundheitsf\u00f6rdernden Eigenschaften \u2013 ein reiner Genussmoment, perfekt f\u00fcr jede Tageszeit! \ud83c\udf75\u2728<\/p>\n","protected":false},"featured_media":8356,"comment_status":"open","ping_status":"closed","template":"","meta":[],"product_brand":[],"product_cat":[132,115,116,133,110,113,124,118,108,135],"product_tag":[],"class_list":{"0":"post-8362","1":"product","2":"type-product","3":"status-publish","4":"has-post-thumbnail","6":"product_cat-tee-ohne-plastik-verpackung-biotees-natur-plastikfrei","7":"product_cat-alle-de","8":"product_cat-alle-de-2","9":"product_cat-ambar-frei-von-plastik-verpackung-abbaubar-nachhaltig-umweltfreundlich","10":"product_cat-biologisch-abbaubare-pyramide-teebeutel-biotee-kompostierbar","11":"product_cat-biotees-sortiment-online-kaufen","12":"product_cat-teesortiment-formate-packaging-attraktiv-biotees-verpackung","13":"product_cat-fruchtetee-fruchte-biotee-hibiskus-erdbeere-fruchtmischung","14":"product_cat-sortiment-tee-packaging-verpackung-attraktiv-biotees-design","15":"product_cat-uncategorized-de","17":"first","18":"instock","19":"shipping-taxable","20":"purchasable","21":"product-type-simple"},"yoast_head":"<!-- This site is optimized with the Yoast SEO Premium plugin v27.3 (Yoast SEO v27.3) - https:\/\/yoast.com\/product\/yoast-seo-premium-wordpress\/ -->\n<title>Umweltfreundlichen Teemarken: Fr\u00fcchtetee ohne Plastik<\/title>\n<meta name=\"description\" content=\"Von Natur aus koffeinfrei, eich an Vitaminen und gesundheitsf\u00f6rdernden Eigenschaften \u2013 ein reiner Genussmoment, perfekt f\u00fcr jede Tageszeit!\" \/>\n<meta name=\"robots\" content=\"index, follow, max-snippet:-1, max-image-preview:large, max-video-preview:-1\" \/>\n<link rel=\"canonical\" href=\"https:\/\/www.sempertea.eu\/de\/Produkte\/eco-friendly-tee-marken-fruechtetee-ohne-plastik\/\" \/>\n<meta property=\"og:locale\" content=\"de_DE\" \/>\n<meta property=\"og:type\" content=\"article\" \/>\n<meta property=\"og:title\" content=\"FRUIT BERRY Bio-Tee I Teepyramide im Beutel\" \/>\n<meta property=\"og:description\" content=\"Von Natur aus koffeinfrei, eich an Vitaminen und gesundheitsf\u00f6rdernden Eigenschaften \u2013 ein reiner Genussmoment, perfekt f\u00fcr jede Tageszeit!\" \/>\n<meta property=\"og:url\" content=\"https:\/\/www.sempertea.eu\/de\/Produkte\/eco-friendly-tee-marken-fruechtetee-ohne-plastik\/\" \/>\n<meta property=\"og:site_name\" content=\"Semper Tea | Mayorista y fabricante de T\u00e9s e Infusiones para hoteles, restaurantes y bares\" \/>\n<meta property=\"article:modified_time\" content=\"2025-02-07T08:38:01+00:00\" \/>\n<meta property=\"og:image\" content=\"https:\/\/www.sempertea.eu\/wp-content\/uploads\/2023\/08\/marcas-de-te-eco-friendly-semper-tea.jpg\" \/>\n\t<meta property=\"og:image:width\" content=\"1500\" \/>\n\t<meta property=\"og:image:height\" content=\"1500\" \/>\n\t<meta property=\"og:image:type\" content=\"image\/jpeg\" \/>\n<meta name=\"twitter:card\" content=\"summary_large_image\" \/>\n<meta name=\"twitter:image\" content=\"https:\/\/www.sempertea.eu\/wp-content\/uploads\/2023\/08\/infusiones-de-frutas-libres-de-residuos-semper-tea.jpg\" \/>\n<meta name=\"twitter:label1\" content=\"Gesch\u00e4tzte Lesezeit\" \/>\n\t<meta name=\"twitter:data1\" content=\"2\u00a0Minuten\" \/>\n<script type=\"application\/ld+json\" class=\"yoast-schema-graph\">{\"@context\":\"https:\\\/\\\/schema.org\",\"@graph\":[{\"@type\":\"WebPage\",\"@id\":\"https:\\\/\\\/www.sempertea.eu\\\/de\\\/Produkte\\\/eco-friendly-tee-marken-fruechtetee-ohne-plastik\\\/\",\"url\":\"https:\\\/\\\/www.sempertea.eu\\\/de\\\/Produkte\\\/eco-friendly-tee-marken-fruechtetee-ohne-plastik\\\/\",\"name\":\"Umweltfreundlichen Teemarken: Fr\u00fcchtetee ohne Plastik\",\"isPartOf\":{\"@id\":\"https:\\\/\\\/www.sempertea.eu\\\/#website\"},\"primaryImageOfPage\":{\"@id\":\"https:\\\/\\\/www.sempertea.eu\\\/de\\\/Produkte\\\/eco-friendly-tee-marken-fruechtetee-ohne-plastik\\\/#primaryimage\"},\"image\":{\"@id\":\"https:\\\/\\\/www.sempertea.eu\\\/de\\\/Produkte\\\/eco-friendly-tee-marken-fruechtetee-ohne-plastik\\\/#primaryimage\"},\"thumbnailUrl\":\"https:\\\/\\\/www.sempertea.eu\\\/wp-content\\\/uploads\\\/2023\\\/08\\\/marcas-de-te-eco-friendly-semper-tea.jpg\",\"datePublished\":\"2023-08-27T16:02:31+00:00\",\"dateModified\":\"2025-02-07T08:38:01+00:00\",\"description\":\"Von Natur aus koffeinfrei, eich an Vitaminen und gesundheitsf\u00f6rdernden Eigenschaften \u2013 ein reiner Genussmoment, perfekt f\u00fcr jede Tageszeit!\",\"breadcrumb\":{\"@id\":\"https:\\\/\\\/www.sempertea.eu\\\/de\\\/Produkte\\\/eco-friendly-tee-marken-fruechtetee-ohne-plastik\\\/#breadcrumb\"},\"inLanguage\":\"de\",\"potentialAction\":[{\"@type\":\"ReadAction\",\"target\":[\"https:\\\/\\\/www.sempertea.eu\\\/de\\\/Produkte\\\/eco-friendly-tee-marken-fruechtetee-ohne-plastik\\\/\"]}]},{\"@type\":\"ImageObject\",\"inLanguage\":\"de\",\"@id\":\"https:\\\/\\\/www.sempertea.eu\\\/de\\\/Produkte\\\/eco-friendly-tee-marken-fruechtetee-ohne-plastik\\\/#primaryimage\",\"url\":\"https:\\\/\\\/www.sempertea.eu\\\/wp-content\\\/uploads\\\/2023\\\/08\\\/marcas-de-te-eco-friendly-semper-tea.jpg\",\"contentUrl\":\"https:\\\/\\\/www.sempertea.eu\\\/wp-content\\\/uploads\\\/2023\\\/08\\\/marcas-de-te-eco-friendly-semper-tea.jpg\",\"width\":1500,\"height\":1500,\"caption\":\"Marcas de T\u00e9 Eco-Friendly semper tea\"},{\"@type\":\"BreadcrumbList\",\"@id\":\"https:\\\/\\\/www.sempertea.eu\\\/de\\\/Produkte\\\/eco-friendly-tee-marken-fruechtetee-ohne-plastik\\\/#breadcrumb\",\"itemListElement\":[{\"@type\":\"ListItem\",\"position\":1,\"name\":\"Portada\",\"item\":\"https:\\\/\\\/www.sempertea.eu\\\/de\\\/\"},{\"@type\":\"ListItem\",\"position\":2,\"name\":\"Shop\",\"item\":\"https:\\\/\\\/www.sempertea.eu\\\/de\\\/shop\\\/\"},{\"@type\":\"ListItem\",\"position\":3,\"name\":\"FRUIT BERRY Bio-Tee I Teepyramide im Beutel\"}]},{\"@type\":\"WebSite\",\"@id\":\"https:\\\/\\\/www.sempertea.eu\\\/#website\",\"url\":\"https:\\\/\\\/www.sempertea.eu\\\/\",\"name\":\"Semper Tea | Mayorista y fabricante de T\u00e9s e Infusiones para hoteles, restaurantes y bares\",\"description\":\"T\u00e9s e infusiones para hosteler\u00eda, hoteler\u00eda y comercio\",\"potentialAction\":[{\"@type\":\"SearchAction\",\"target\":{\"@type\":\"EntryPoint\",\"urlTemplate\":\"https:\\\/\\\/www.sempertea.eu\\\/?s={search_term_string}\"},\"query-input\":{\"@type\":\"PropertyValueSpecification\",\"valueRequired\":true,\"valueName\":\"search_term_string\"}}],\"inLanguage\":\"de\"}]}<\/script>\n<!-- \/ Yoast SEO Premium plugin. -->","yoast_head_json":{"title":"Umweltfreundlichen Teemarken: Fr\u00fcchtetee ohne Plastik","description":"Von Natur aus koffeinfrei, eich an Vitaminen und gesundheitsf\u00f6rdernden Eigenschaften \u2013 ein reiner Genussmoment, perfekt f\u00fcr jede Tageszeit!","robots":{"index":"index","follow":"follow","max-snippet":"max-snippet:-1","max-image-preview":"max-image-preview:large","max-video-preview":"max-video-preview:-1"},"canonical":"https:\/\/www.sempertea.eu\/de\/Produkte\/eco-friendly-tee-marken-fruechtetee-ohne-plastik\/","og_locale":"de_DE","og_type":"article","og_title":"FRUIT BERRY Bio-Tee I Teepyramide im Beutel","og_description":"Von Natur aus koffeinfrei, eich an Vitaminen und gesundheitsf\u00f6rdernden Eigenschaften \u2013 ein reiner Genussmoment, perfekt f\u00fcr jede Tageszeit!","og_url":"https:\/\/www.sempertea.eu\/de\/Produkte\/eco-friendly-tee-marken-fruechtetee-ohne-plastik\/","og_site_name":"Semper Tea | Mayorista y fabricante de T\u00e9s e Infusiones para hoteles, restaurantes y bares","article_modified_time":"2025-02-07T08:38:01+00:00","og_image":[{"width":1500,"height":1500,"url":"https:\/\/www.sempertea.eu\/wp-content\/uploads\/2023\/08\/marcas-de-te-eco-friendly-semper-tea.jpg","type":"image\/jpeg"}],"twitter_card":"summary_large_image","twitter_image":"https:\/\/www.sempertea.eu\/wp-content\/uploads\/2023\/08\/infusiones-de-frutas-libres-de-residuos-semper-tea.jpg","twitter_misc":{"Gesch\u00e4tzte Lesezeit":"2\u00a0Minuten"},"schema":{"@context":"https:\/\/schema.org","@graph":[{"@type":"WebPage","@id":"https:\/\/www.sempertea.eu\/de\/Produkte\/eco-friendly-tee-marken-fruechtetee-ohne-plastik\/","url":"https:\/\/www.sempertea.eu\/de\/Produkte\/eco-friendly-tee-marken-fruechtetee-ohne-plastik\/","name":"Umweltfreundlichen Teemarken: Fr\u00fcchtetee ohne Plastik","isPartOf":{"@id":"https:\/\/www.sempertea.eu\/#website"},"primaryImageOfPage":{"@id":"https:\/\/www.sempertea.eu\/de\/Produkte\/eco-friendly-tee-marken-fruechtetee-ohne-plastik\/#primaryimage"},"image":{"@id":"https:\/\/www.sempertea.eu\/de\/Produkte\/eco-friendly-tee-marken-fruechtetee-ohne-plastik\/#primaryimage"},"thumbnailUrl":"https:\/\/www.sempertea.eu\/wp-content\/uploads\/2023\/08\/marcas-de-te-eco-friendly-semper-tea.jpg","datePublished":"2023-08-27T16:02:31+00:00","dateModified":"2025-02-07T08:38:01+00:00","description":"Von Natur aus koffeinfrei, eich an Vitaminen und gesundheitsf\u00f6rdernden Eigenschaften \u2013 ein reiner Genussmoment, perfekt f\u00fcr jede Tageszeit!","breadcrumb":{"@id":"https:\/\/www.sempertea.eu\/de\/Produkte\/eco-friendly-tee-marken-fruechtetee-ohne-plastik\/#breadcrumb"},"inLanguage":"de","potentialAction":[{"@type":"ReadAction","target":["https:\/\/www.sempertea.eu\/de\/Produkte\/eco-friendly-tee-marken-fruechtetee-ohne-plastik\/"]}]},{"@type":"ImageObject","inLanguage":"de","@id":"https:\/\/www.sempertea.eu\/de\/Produkte\/eco-friendly-tee-marken-fruechtetee-ohne-plastik\/#primaryimage","url":"https:\/\/www.sempertea.eu\/wp-content\/uploads\/2023\/08\/marcas-de-te-eco-friendly-semper-tea.jpg","contentUrl":"https:\/\/www.sempertea.eu\/wp-content\/uploads\/2023\/08\/marcas-de-te-eco-friendly-semper-tea.jpg","width":1500,"height":1500,"caption":"Marcas de T\u00e9 Eco-Friendly semper tea"},{"@type":"BreadcrumbList","@id":"https:\/\/www.sempertea.eu\/de\/Produkte\/eco-friendly-tee-marken-fruechtetee-ohne-plastik\/#breadcrumb","itemListElement":[{"@type":"ListItem","position":1,"name":"Portada","item":"https:\/\/www.sempertea.eu\/de\/"},{"@type":"ListItem","position":2,"name":"Shop","item":"https:\/\/www.sempertea.eu\/de\/shop\/"},{"@type":"ListItem","position":3,"name":"FRUIT BERRY Bio-Tee I Teepyramide im Beutel"}]},{"@type":"WebSite","@id":"https:\/\/www.sempertea.eu\/#website","url":"https:\/\/www.sempertea.eu\/","name":"Semper Tea | Mayorista y fabricante de T\u00e9s e Infusiones para hoteles, restaurantes y bares","description":"T\u00e9s e infusiones para hosteler\u00eda, hoteler\u00eda y comercio","potentialAction":[{"@type":"SearchAction","target":{"@type":"EntryPoint","urlTemplate":"https:\/\/www.sempertea.eu\/?s={search_term_string}"},"query-input":{"@type":"PropertyValueSpecification","valueRequired":true,"valueName":"search_term_string"}}],"inLanguage":"de"}]}},"_links":{"self":[{"href":"https:\/\/www.sempertea.eu\/de\/wp-json\/wp\/v2\/product\/8362","targetHints":{"allow":["GET"]}}],"collection":[{"href":"https:\/\/www.sempertea.eu\/de\/wp-json\/wp\/v2\/product"}],"about":[{"href":"https:\/\/www.sempertea.eu\/de\/wp-json\/wp\/v2\/types\/product"}],"replies":[{"embeddable":true,"href":"https:\/\/www.sempertea.eu\/de\/wp-json\/wp\/v2\/comments?post=8362"}],"wp:featuredmedia":[{"embeddable":true,"href":"https:\/\/www.sempertea.eu\/de\/wp-json\/wp\/v2\/media\/8356"}],"wp:attachment":[{"href":"https:\/\/www.sempertea.eu\/de\/wp-json\/wp\/v2\/media?parent=8362"}],"wp:term":[{"taxonomy":"product_brand","embeddable":true,"href":"https:\/\/www.sempertea.eu\/de\/wp-json\/wp\/v2\/product_brand?post=8362"},{"taxonomy":"product_cat","embeddable":true,"href":"https:\/\/www.sempertea.eu\/de\/wp-json\/wp\/v2\/product_cat?post=8362"},{"taxonomy":"product_tag","embeddable":true,"href":"https:\/\/www.sempertea.eu\/de\/wp-json\/wp\/v2\/product_tag?post=8362"}],"curies":[{"name":"wp","href":"https:\/\/api.w.org\/{rel}","templated":true}]}}