{"id":8337,"date":"2023-08-26T21:34:57","date_gmt":"2023-08-26T20:47:51","guid":{"rendered":"https:\/\/www.sempertea.eu\/ginger-lemon-bio-kraeutertee-i-teepyramide-im-umschlag\/"},"modified":"2023-08-26T22:00:58","modified_gmt":"2023-08-26T21:00:58","slug":"nachhaltige-hochwertige-teeprodukte-ingwertee-mit-zitrone","status":"publish","type":"product","link":"https:\/\/www.sempertea.eu\/de\/Produkte\/nachhaltige-hochwertige-teeprodukte-ingwertee-mit-zitrone\/","title":{"rendered":"GINGER LEMON Bio Kr\u00e4utertee I Teepyramide im Umschlag"},"content":{"rendered":"<h2>Abgestimmter Ingwer und Zitrone in unseren nachhaltigen Aufg\u00fcssen<\/h2>\n<p>Entdecken Sie eine bewusstere Wahl in unserem Online-Shop, in dem die Nachhaltigkeit im Mittelpunkt unserer Philosophie steht. Unsere <strong>umweltfreundlichen Verpackungen<\/strong> reflektieren unser Engagement f\u00fcr verantwortungsvollen und umweltbewussten Konsum. Jeder Schluck unserer Kr\u00e4utertees bedeutet nicht nur pers\u00f6nlichen Genuss, sondern auch einen kleinen Schritt in Richtung eines nachhaltigeren und naturverbundenen Lebensstils.<\/p>\n<h3>Warum unsere hochwertigen, nachhaltigen Teeprodukte w\u00e4hlen?<\/h3>\n<p>Sorgf\u00e4ltige Auswahl der Zutaten: Wir verwenden ausgesuchte Bio-Zutaten von h\u00f6chster Qualit\u00e4t, um Ihnen ein au\u00dfergew\u00f6hnlich schmackhaftes und gesundes Teeerlebnis zu bieten.<br \/>\nUmweltschutz: Unsere Verpackungen sind umweltfreundlich und <strong>biologisch abbaubar,<\/strong> und tragen so zu Ihrer Verantwortung f\u00fcr den Schutz unserer Umwelt bei.<\/p>\n<h4><strong>Ingwer und Zitrone: eine harmonische Verbindung<\/strong><\/h4>\n<p>Unser Aufguss l\u00e4dt Sie ein, die Balance zwischen der sanften Sch\u00e4rfe des Ingwers und der Frische der Zitrone zu genie\u00dfen. Diese Kombination bietet mehr als nur eine Geschmacksmischung, sie bringt zahlreiche Vorteile mit sich:<br \/>\n&#8211; Linderung von \u00dcbelkeit durch Ingwer<br \/>\n&#8211; Verbesserung der Hautgesundheit<br \/>\n&#8211; Unterst\u00fctzung der Leberentgiftung<\/p>\n<p>Ein treuer Partner f\u00fcr Ihr Wohlbefinden, pr\u00e4sentiert in pyramidenf\u00f6rmigen Teebeuteln und biologisch abbaubaren Verpackungen: <strong>100 % plastikfrei<\/strong> und mit h\u00f6chstem Respekt f\u00fcr unsere wertvolle Umwelt.<\/p>\n","protected":false},"excerpt":{"rendered":"<p><strong>Nat\u00fcrliche Frische mit leicht w\u00fcrziger Note<\/strong><\/p>\n<p>Unser Kr\u00e4utertee mit Ingwer und Zitrone ist pure Inspiration. Es verbindet den leicht w\u00fcrzigen Geschmack des Ingwers mit der Frische der Zitrone. Eine belebende Mischung, die nicht nur gut schmeckt sondern auch nat\u00fcrlich und gesund ist.<\/p>\n","protected":false},"featured_media":8336,"comment_status":"open","ping_status":"closed","template":"","meta":[],"product_brand":[],"product_cat":[132,114,115,116,133,110,113,124,112,108,135],"product_tag":[],"class_list":{"0":"post-8337","1":"product","2":"type-product","3":"status-publish","4":"has-post-thumbnail","6":"product_cat-tee-ohne-plastik-verpackung-biotees-natur-plastikfrei","7":"product_cat-alle","8":"product_cat-alle-de","9":"product_cat-alle-de-2","10":"product_cat-ambar-frei-von-plastik-verpackung-abbaubar-nachhaltig-umweltfreundlich","11":"product_cat-biologisch-abbaubare-pyramide-teebeutel-biotee-kompostierbar","12":"product_cat-biotees-sortiment-online-kaufen","13":"product_cat-teesortiment-formate-packaging-attraktiv-biotees-verpackung","14":"product_cat-krautertees-bio-teemischungen-herbal-ohne-koffein","15":"product_cat-sortiment-tee-packaging-verpackung-attraktiv-biotees-design","16":"product_cat-uncategorized-de","18":"first","19":"instock","20":"shipping-taxable","21":"purchasable","22":"product-type-simple"},"yoast_head":"<!-- This site is optimized with the Yoast SEO Premium plugin v27.3 (Yoast SEO v27.4) - https:\/\/yoast.com\/product\/yoast-seo-premium-wordpress\/ -->\n<title>Nachhaltige hochwertige Teeprodukte | Ingwertee mit Zitrone in Bio<\/title>\n<meta name=\"description\" content=\"Nachhaltigen Genuss mit unserem Ingwertee mit Zitrone, pr\u00e4sentiert in hochwertiger Verpackung. Grosse Auswahl nachhaltigen Bio Teeprodukten.\" \/>\n<meta name=\"robots\" content=\"index, follow, max-snippet:-1, max-image-preview:large, max-video-preview:-1\" \/>\n<link rel=\"canonical\" href=\"https:\/\/www.sempertea.eu\/Produkte\/productos-de-te-sostenible-jengibre-limon-envase-ecologico\/\" \/>\n<meta property=\"og:locale\" content=\"de_DE\" \/>\n<meta property=\"og:type\" content=\"article\" \/>\n<meta property=\"og:title\" content=\"GINGER LEMON Bio Kr\u00e4utertee I Teepyramide im Umschlag\" \/>\n<meta property=\"og:description\" content=\"Nachhaltigen Genuss mit unserem Ingwertee mit Zitrone, pr\u00e4sentiert in hochwertiger Verpackung. Grosse Auswahl nachhaltigen Bio Teeprodukten.\" \/>\n<meta property=\"og:url\" content=\"https:\/\/www.sempertea.eu\/Produkte\/productos-de-te-sostenible-jengibre-limon-envase-ecologico\/\" \/>\n<meta property=\"og:site_name\" content=\"Semper Tea | Mayorista y fabricante de T\u00e9s e Infusiones para hoteles, restaurantes y bares\" \/>\n<meta property=\"article:modified_time\" content=\"2023-08-26T21:00:58+00:00\" \/>\n<meta property=\"og:image\" content=\"https:\/\/www.sempertea.eu\/wp-content\/uploads\/2023\/08\/productos-de-te-sostenible-semper-tea.jpg\" \/>\n\t<meta property=\"og:image:width\" content=\"1500\" \/>\n\t<meta property=\"og:image:height\" content=\"1500\" \/>\n\t<meta property=\"og:image:type\" content=\"image\/jpeg\" \/>\n<meta name=\"twitter:card\" content=\"summary_large_image\" \/>\n<meta name=\"twitter:image\" content=\"https:\/\/www.sempertea.eu\/wp-content\/uploads\/2023\/08\/innovacion-en-envases-de-te-semper-tea.jpg\" \/>\n<meta name=\"twitter:label1\" content=\"Gesch\u00e4tzte Lesezeit\" \/>\n\t<meta name=\"twitter:data1\" content=\"1\u00a0Minute\" \/>\n<script type=\"application\/ld+json\" class=\"yoast-schema-graph\">{\"@context\":\"https:\\\/\\\/schema.org\",\"@graph\":[{\"@type\":\"WebPage\",\"@id\":\"https:\\\/\\\/www.sempertea.eu\\\/Produkte\\\/productos-de-te-sostenible-jengibre-limon-envase-ecologico\\\/\",\"url\":\"https:\\\/\\\/www.sempertea.eu\\\/Produkte\\\/productos-de-te-sostenible-jengibre-limon-envase-ecologico\\\/\",\"name\":\"Nachhaltige hochwertige Teeprodukte | Ingwertee mit Zitrone in Bio\",\"isPartOf\":{\"@id\":\"https:\\\/\\\/www.sempertea.eu\\\/#website\"},\"primaryImageOfPage\":{\"@id\":\"https:\\\/\\\/www.sempertea.eu\\\/Produkte\\\/productos-de-te-sostenible-jengibre-limon-envase-ecologico\\\/#primaryimage\"},\"image\":{\"@id\":\"https:\\\/\\\/www.sempertea.eu\\\/Produkte\\\/productos-de-te-sostenible-jengibre-limon-envase-ecologico\\\/#primaryimage\"},\"thumbnailUrl\":\"https:\\\/\\\/www.sempertea.eu\\\/wp-content\\\/uploads\\\/2023\\\/08\\\/productos-de-te-sostenible-semper-tea.jpg\",\"datePublished\":\"2023-08-26T20:47:51+00:00\",\"dateModified\":\"2023-08-26T21:00:58+00:00\",\"description\":\"Nachhaltigen Genuss mit unserem Ingwertee mit Zitrone, pr\u00e4sentiert in hochwertiger Verpackung. Grosse Auswahl nachhaltigen Bio Teeprodukten.\",\"breadcrumb\":{\"@id\":\"https:\\\/\\\/www.sempertea.eu\\\/Produkte\\\/productos-de-te-sostenible-jengibre-limon-envase-ecologico\\\/#breadcrumb\"},\"inLanguage\":\"de\",\"potentialAction\":[{\"@type\":\"ReadAction\",\"target\":[\"https:\\\/\\\/www.sempertea.eu\\\/Produkte\\\/productos-de-te-sostenible-jengibre-limon-envase-ecologico\\\/\"]}]},{\"@type\":\"ImageObject\",\"inLanguage\":\"de\",\"@id\":\"https:\\\/\\\/www.sempertea.eu\\\/Produkte\\\/productos-de-te-sostenible-jengibre-limon-envase-ecologico\\\/#primaryimage\",\"url\":\"https:\\\/\\\/www.sempertea.eu\\\/wp-content\\\/uploads\\\/2023\\\/08\\\/productos-de-te-sostenible-semper-tea.jpg\",\"contentUrl\":\"https:\\\/\\\/www.sempertea.eu\\\/wp-content\\\/uploads\\\/2023\\\/08\\\/productos-de-te-sostenible-semper-tea.jpg\",\"width\":1500,\"height\":1500,\"caption\":\"productos de te sostenible semper tea\"},{\"@type\":\"BreadcrumbList\",\"@id\":\"https:\\\/\\\/www.sempertea.eu\\\/Produkte\\\/productos-de-te-sostenible-jengibre-limon-envase-ecologico\\\/#breadcrumb\",\"itemListElement\":[{\"@type\":\"ListItem\",\"position\":1,\"name\":\"Portada\",\"item\":\"https:\\\/\\\/www.sempertea.eu\\\/de\\\/\"},{\"@type\":\"ListItem\",\"position\":2,\"name\":\"Shop\",\"item\":\"https:\\\/\\\/www.sempertea.eu\\\/de\\\/shop\\\/\"},{\"@type\":\"ListItem\",\"position\":3,\"name\":\"GINGER LEMON Bio Kr\u00e4utertee I Teepyramide im Umschlag\"}]},{\"@type\":\"WebSite\",\"@id\":\"https:\\\/\\\/www.sempertea.eu\\\/#website\",\"url\":\"https:\\\/\\\/www.sempertea.eu\\\/\",\"name\":\"Semper Tea | Mayorista y fabricante de T\u00e9s e Infusiones para hoteles, restaurantes y bares\",\"description\":\"T\u00e9s e infusiones para hosteler\u00eda, hoteler\u00eda y comercio\",\"potentialAction\":[{\"@type\":\"SearchAction\",\"target\":{\"@type\":\"EntryPoint\",\"urlTemplate\":\"https:\\\/\\\/www.sempertea.eu\\\/?s={search_term_string}\"},\"query-input\":{\"@type\":\"PropertyValueSpecification\",\"valueRequired\":true,\"valueName\":\"search_term_string\"}}],\"inLanguage\":\"de\"}]}<\/script>\n<!-- \/ Yoast SEO Premium plugin. -->","yoast_head_json":{"title":"Nachhaltige hochwertige Teeprodukte | Ingwertee mit Zitrone in Bio","description":"Nachhaltigen Genuss mit unserem Ingwertee mit Zitrone, pr\u00e4sentiert in hochwertiger Verpackung. Grosse Auswahl nachhaltigen Bio Teeprodukten.","robots":{"index":"index","follow":"follow","max-snippet":"max-snippet:-1","max-image-preview":"max-image-preview:large","max-video-preview":"max-video-preview:-1"},"canonical":"https:\/\/www.sempertea.eu\/Produkte\/productos-de-te-sostenible-jengibre-limon-envase-ecologico\/","og_locale":"de_DE","og_type":"article","og_title":"GINGER LEMON Bio Kr\u00e4utertee I Teepyramide im Umschlag","og_description":"Nachhaltigen Genuss mit unserem Ingwertee mit Zitrone, pr\u00e4sentiert in hochwertiger Verpackung. Grosse Auswahl nachhaltigen Bio Teeprodukten.","og_url":"https:\/\/www.sempertea.eu\/Produkte\/productos-de-te-sostenible-jengibre-limon-envase-ecologico\/","og_site_name":"Semper Tea | Mayorista y fabricante de T\u00e9s e Infusiones para hoteles, restaurantes y bares","article_modified_time":"2023-08-26T21:00:58+00:00","og_image":[{"width":1500,"height":1500,"url":"https:\/\/www.sempertea.eu\/wp-content\/uploads\/2023\/08\/productos-de-te-sostenible-semper-tea.jpg","type":"image\/jpeg"}],"twitter_card":"summary_large_image","twitter_image":"https:\/\/www.sempertea.eu\/wp-content\/uploads\/2023\/08\/innovacion-en-envases-de-te-semper-tea.jpg","twitter_misc":{"Gesch\u00e4tzte Lesezeit":"1\u00a0Minute"},"schema":{"@context":"https:\/\/schema.org","@graph":[{"@type":"WebPage","@id":"https:\/\/www.sempertea.eu\/Produkte\/productos-de-te-sostenible-jengibre-limon-envase-ecologico\/","url":"https:\/\/www.sempertea.eu\/Produkte\/productos-de-te-sostenible-jengibre-limon-envase-ecologico\/","name":"Nachhaltige hochwertige Teeprodukte | Ingwertee mit Zitrone in Bio","isPartOf":{"@id":"https:\/\/www.sempertea.eu\/#website"},"primaryImageOfPage":{"@id":"https:\/\/www.sempertea.eu\/Produkte\/productos-de-te-sostenible-jengibre-limon-envase-ecologico\/#primaryimage"},"image":{"@id":"https:\/\/www.sempertea.eu\/Produkte\/productos-de-te-sostenible-jengibre-limon-envase-ecologico\/#primaryimage"},"thumbnailUrl":"https:\/\/www.sempertea.eu\/wp-content\/uploads\/2023\/08\/productos-de-te-sostenible-semper-tea.jpg","datePublished":"2023-08-26T20:47:51+00:00","dateModified":"2023-08-26T21:00:58+00:00","description":"Nachhaltigen Genuss mit unserem Ingwertee mit Zitrone, pr\u00e4sentiert in hochwertiger Verpackung. Grosse Auswahl nachhaltigen Bio Teeprodukten.","breadcrumb":{"@id":"https:\/\/www.sempertea.eu\/Produkte\/productos-de-te-sostenible-jengibre-limon-envase-ecologico\/#breadcrumb"},"inLanguage":"de","potentialAction":[{"@type":"ReadAction","target":["https:\/\/www.sempertea.eu\/Produkte\/productos-de-te-sostenible-jengibre-limon-envase-ecologico\/"]}]},{"@type":"ImageObject","inLanguage":"de","@id":"https:\/\/www.sempertea.eu\/Produkte\/productos-de-te-sostenible-jengibre-limon-envase-ecologico\/#primaryimage","url":"https:\/\/www.sempertea.eu\/wp-content\/uploads\/2023\/08\/productos-de-te-sostenible-semper-tea.jpg","contentUrl":"https:\/\/www.sempertea.eu\/wp-content\/uploads\/2023\/08\/productos-de-te-sostenible-semper-tea.jpg","width":1500,"height":1500,"caption":"productos de te sostenible semper tea"},{"@type":"BreadcrumbList","@id":"https:\/\/www.sempertea.eu\/Produkte\/productos-de-te-sostenible-jengibre-limon-envase-ecologico\/#breadcrumb","itemListElement":[{"@type":"ListItem","position":1,"name":"Portada","item":"https:\/\/www.sempertea.eu\/de\/"},{"@type":"ListItem","position":2,"name":"Shop","item":"https:\/\/www.sempertea.eu\/de\/shop\/"},{"@type":"ListItem","position":3,"name":"GINGER LEMON Bio Kr\u00e4utertee I Teepyramide im Umschlag"}]},{"@type":"WebSite","@id":"https:\/\/www.sempertea.eu\/#website","url":"https:\/\/www.sempertea.eu\/","name":"Semper Tea | Mayorista y fabricante de T\u00e9s e Infusiones para hoteles, restaurantes y bares","description":"T\u00e9s e infusiones para hosteler\u00eda, hoteler\u00eda y comercio","potentialAction":[{"@type":"SearchAction","target":{"@type":"EntryPoint","urlTemplate":"https:\/\/www.sempertea.eu\/?s={search_term_string}"},"query-input":{"@type":"PropertyValueSpecification","valueRequired":true,"valueName":"search_term_string"}}],"inLanguage":"de"}]}},"_links":{"self":[{"href":"https:\/\/www.sempertea.eu\/de\/wp-json\/wp\/v2\/product\/8337","targetHints":{"allow":["GET"]}}],"collection":[{"href":"https:\/\/www.sempertea.eu\/de\/wp-json\/wp\/v2\/product"}],"about":[{"href":"https:\/\/www.sempertea.eu\/de\/wp-json\/wp\/v2\/types\/product"}],"replies":[{"embeddable":true,"href":"https:\/\/www.sempertea.eu\/de\/wp-json\/wp\/v2\/comments?post=8337"}],"wp:featuredmedia":[{"embeddable":true,"href":"https:\/\/www.sempertea.eu\/de\/wp-json\/wp\/v2\/media\/8336"}],"wp:attachment":[{"href":"https:\/\/www.sempertea.eu\/de\/wp-json\/wp\/v2\/media?parent=8337"}],"wp:term":[{"taxonomy":"product_brand","embeddable":true,"href":"https:\/\/www.sempertea.eu\/de\/wp-json\/wp\/v2\/product_brand?post=8337"},{"taxonomy":"product_cat","embeddable":true,"href":"https:\/\/www.sempertea.eu\/de\/wp-json\/wp\/v2\/product_cat?post=8337"},{"taxonomy":"product_tag","embeddable":true,"href":"https:\/\/www.sempertea.eu\/de\/wp-json\/wp\/v2\/product_tag?post=8337"}],"curies":[{"name":"wp","href":"https:\/\/api.w.org\/{rel}","templated":true}]}}