{"id":8319,"date":"2023-08-25T21:18:44","date_gmt":"2023-08-25T20:27:13","guid":{"rendered":"https:\/\/www.sempertea.eu\/green-bio-tee-i-teepyramide-im-umschlag\/"},"modified":"2023-08-25T21:39:19","modified_gmt":"2023-08-25T20:39:19","slug":"bio-gruentee-nachhaltiger-verpackung-fuer-gastgewerbe","status":"publish","type":"product","link":"https:\/\/www.sempertea.eu\/de\/Produkte\/bio-gruentee-nachhaltiger-verpackung-fuer-gastgewerbe\/","title":{"rendered":"GREEN Bio Tee I Teepyramide im Umschlag"},"content":{"rendered":"<h2>Nachhaltiger Gr\u00fcntee: Qualit\u00e4t und Verantwortung f\u00fcr Ihr Unternehmen<\/h2>\n<p>Genie\u00dfen Sie unseren au\u00dfergew\u00f6hnlichen gr\u00fcnen Tee in einer <strong>nachhaltigen Verpackung, die speziell f\u00fcr das Gastgewerbe<\/strong> entwickelt wurde. Freuen Sie sich auf die unvergleichliche Frische und Qualit\u00e4t unseres Tees und tragen Sie gleichzeitig zum Umweltschutz bei. Jeder Schluck spiegelt unser Engagement f\u00fcr Nachhaltigkeit wider, angefangen bei der bewussten Wahl einer umweltfreundlichen Verpackung. Verbessern Sie das Erlebnis Ihrer G\u00e4ste mit einer Gr\u00fcntee-Option, die Geschmack und Verantwortung in einem bietet.<\/p>\n<h3>Tauchen Sie ein in die Welt des Gr\u00fcnen Tees<\/h3>\n<p>Unser gr\u00fcner Tee stammt von der Camellia sinensis-Pflanze und erlangt seinen Namen durch die charakteristische Farbe der Bl\u00e4tter w\u00e4hrend des Trocknungsprozesses. Wir w\u00e4hlen sorgf\u00e4ltig frische Knospen der Pflanze aus, um Oxidation und Fermentation zu vermeiden. Dieser Tee mit seinem blassgr\u00fcnen Farbton verspricht ein au\u00dfergew\u00f6hnliches Erlebnis in jeder Tasse.<\/p>\n<h4>Vielf\u00e4ltige gesundheitliche Vorteile<\/h4>\n<p>Gr\u00fcner Tee ist reich an starken Antioxidantien, die unser Wohlbefinden auf vielf\u00e4ltige Weise unterst\u00fctzen. Er enth\u00e4lt Vitamine, Antioxidantien und beruhigende Eigenschaften und ist ein nat\u00fcrlicher Partner f\u00fcr die Hautpflege. Eine Tasse hei\u00dfen gr\u00fcnen Tees enth\u00e4lt die Vitamine C, E und Provitamin A sowie Aminos\u00e4ureverbindungen, die Stress abbauen und Entspannung f\u00f6rdern k\u00f6nnen. Zudem sorgt seine sanfte anregende Wirkung f\u00fcr Vitalit\u00e4t und Wachsamkeit und bietet eine weniger <strong>intensive Alternative zu Koffein<\/strong>.<\/p>\n","protected":false},"excerpt":{"rendered":"<p><strong>Rein, zart und duftig-frisch<\/strong><\/p>\n<p><strong>\u00a0<\/strong>Ein wunderbarer Gr\u00fcner Tee, mit zartem Geschmack und Aroma. Ein reiner Tee mit einem sanften Gr\u00fcnton. Wie alle Gr\u00fcntees hat er aufgrund seines hohen Antioxidansgehalts viele gesundheitliche Vorteile. Genie\u00dfen Sie eine Tasse dieses erfrischenden Tees und lassen Sie sich von seiner wohltuenden Wirkung \u00fcberzeugen.<\/p>\n","protected":false},"featured_media":8315,"comment_status":"open","ping_status":"closed","template":"","meta":[],"product_brand":[],"product_cat":[132,114,115,116,133,110,113,124,119,108,135],"product_tag":[],"class_list":{"0":"post-8319","1":"product","2":"type-product","3":"status-publish","4":"has-post-thumbnail","6":"product_cat-tee-ohne-plastik-verpackung-biotees-natur-plastikfrei","7":"product_cat-alle","8":"product_cat-alle-de","9":"product_cat-alle-de-2","10":"product_cat-ambar-frei-von-plastik-verpackung-abbaubar-nachhaltig-umweltfreundlich","11":"product_cat-biologisch-abbaubare-pyramide-teebeutel-biotee-kompostierbar","12":"product_cat-biotees-sortiment-online-kaufen","13":"product_cat-teesortiment-formate-packaging-attraktiv-biotees-verpackung","14":"product_cat-grunen-tee-bio-online-bestellen-lose-teubeutel","15":"product_cat-sortiment-tee-packaging-verpackung-attraktiv-biotees-design","16":"product_cat-uncategorized-de","18":"first","19":"instock","20":"shipping-taxable","21":"purchasable","22":"product-type-simple"},"yoast_head":"<!-- This site is optimized with the Yoast SEO Premium plugin v27.3 (Yoast SEO v27.4) - https:\/\/yoast.com\/product\/yoast-seo-premium-wordpress\/ -->\n<title>Bio-Gr\u00fcntee in nachhaltiger Verpackung f\u00fcr das Gastgewerbe Semper Tea<\/title>\n<meta name=\"description\" content=\"Bio-Gr\u00fcner Tee in nachhaltiger Verpackung, perfekt f\u00fcr das Gastgewerbe. H\u00f6chste Qualit\u00e4t, unterst\u00fctzen Sie umweltbewusstes Handeln.\" \/>\n<meta name=\"robots\" content=\"index, follow, max-snippet:-1, max-image-preview:large, max-video-preview:-1\" \/>\n<link rel=\"canonical\" href=\"https:\/\/www.sempertea.eu\/Produkte\/te-verde-organico-packaging-sostenible-para-hosteleria\/\" \/>\n<meta property=\"og:locale\" content=\"de_DE\" \/>\n<meta property=\"og:type\" content=\"article\" \/>\n<meta property=\"og:title\" content=\"GREEN Bio Tee I Teepyramide im Umschlag\" \/>\n<meta property=\"og:description\" content=\"Bio-Gr\u00fcner Tee in nachhaltiger Verpackung, perfekt f\u00fcr das Gastgewerbe. H\u00f6chste Qualit\u00e4t, unterst\u00fctzen Sie umweltbewusstes Handeln.\" \/>\n<meta property=\"og:url\" content=\"https:\/\/www.sempertea.eu\/Produkte\/te-verde-organico-packaging-sostenible-para-hosteleria\/\" \/>\n<meta property=\"og:site_name\" content=\"Semper Tea | Mayorista y fabricante de T\u00e9s e Infusiones para hoteles, restaurantes y bares\" \/>\n<meta property=\"article:modified_time\" content=\"2023-08-25T20:39:19+00:00\" \/>\n<meta property=\"og:image\" content=\"https:\/\/www.sempertea.eu\/wp-content\/uploads\/2023\/08\/envase-responsable-para-te-organicos-semper-tea.jpg\" \/>\n\t<meta property=\"og:image:width\" content=\"1500\" \/>\n\t<meta property=\"og:image:height\" content=\"1500\" \/>\n\t<meta property=\"og:image:type\" content=\"image\/jpeg\" \/>\n<meta name=\"twitter:card\" content=\"summary_large_image\" \/>\n<meta name=\"twitter:image\" content=\"https:\/\/www.sempertea.eu\/wp-content\/uploads\/2023\/08\/envase-eco-para-hosteleria-te-verde-ecologico-semper-tea.jpg\" \/>\n<meta name=\"twitter:label1\" content=\"Gesch\u00e4tzte Lesezeit\" \/>\n\t<meta name=\"twitter:data1\" content=\"1\u00a0Minute\" \/>\n<script type=\"application\/ld+json\" class=\"yoast-schema-graph\">{\"@context\":\"https:\\\/\\\/schema.org\",\"@graph\":[{\"@type\":\"WebPage\",\"@id\":\"https:\\\/\\\/www.sempertea.eu\\\/Produkte\\\/te-verde-organico-packaging-sostenible-para-hosteleria\\\/\",\"url\":\"https:\\\/\\\/www.sempertea.eu\\\/Produkte\\\/te-verde-organico-packaging-sostenible-para-hosteleria\\\/\",\"name\":\"Bio-Gr\u00fcntee in nachhaltiger Verpackung f\u00fcr das Gastgewerbe Semper Tea\",\"isPartOf\":{\"@id\":\"https:\\\/\\\/www.sempertea.eu\\\/#website\"},\"primaryImageOfPage\":{\"@id\":\"https:\\\/\\\/www.sempertea.eu\\\/Produkte\\\/te-verde-organico-packaging-sostenible-para-hosteleria\\\/#primaryimage\"},\"image\":{\"@id\":\"https:\\\/\\\/www.sempertea.eu\\\/Produkte\\\/te-verde-organico-packaging-sostenible-para-hosteleria\\\/#primaryimage\"},\"thumbnailUrl\":\"https:\\\/\\\/www.sempertea.eu\\\/wp-content\\\/uploads\\\/2023\\\/08\\\/envase-responsable-para-te-organicos-semper-tea.jpg\",\"datePublished\":\"2023-08-25T20:27:13+00:00\",\"dateModified\":\"2023-08-25T20:39:19+00:00\",\"description\":\"Bio-Gr\u00fcner Tee in nachhaltiger Verpackung, perfekt f\u00fcr das Gastgewerbe. H\u00f6chste Qualit\u00e4t, unterst\u00fctzen Sie umweltbewusstes Handeln.\",\"breadcrumb\":{\"@id\":\"https:\\\/\\\/www.sempertea.eu\\\/Produkte\\\/te-verde-organico-packaging-sostenible-para-hosteleria\\\/#breadcrumb\"},\"inLanguage\":\"de\",\"potentialAction\":[{\"@type\":\"ReadAction\",\"target\":[\"https:\\\/\\\/www.sempertea.eu\\\/Produkte\\\/te-verde-organico-packaging-sostenible-para-hosteleria\\\/\"]}]},{\"@type\":\"ImageObject\",\"inLanguage\":\"de\",\"@id\":\"https:\\\/\\\/www.sempertea.eu\\\/Produkte\\\/te-verde-organico-packaging-sostenible-para-hosteleria\\\/#primaryimage\",\"url\":\"https:\\\/\\\/www.sempertea.eu\\\/wp-content\\\/uploads\\\/2023\\\/08\\\/envase-responsable-para-te-organicos-semper-tea.jpg\",\"contentUrl\":\"https:\\\/\\\/www.sempertea.eu\\\/wp-content\\\/uploads\\\/2023\\\/08\\\/envase-responsable-para-te-organicos-semper-tea.jpg\",\"width\":1500,\"height\":1500,\"caption\":\"Envase responsable para te organicos semper tea\"},{\"@type\":\"BreadcrumbList\",\"@id\":\"https:\\\/\\\/www.sempertea.eu\\\/Produkte\\\/te-verde-organico-packaging-sostenible-para-hosteleria\\\/#breadcrumb\",\"itemListElement\":[{\"@type\":\"ListItem\",\"position\":1,\"name\":\"Portada\",\"item\":\"https:\\\/\\\/www.sempertea.eu\\\/de\\\/\"},{\"@type\":\"ListItem\",\"position\":2,\"name\":\"Shop\",\"item\":\"https:\\\/\\\/www.sempertea.eu\\\/de\\\/shop\\\/\"},{\"@type\":\"ListItem\",\"position\":3,\"name\":\"GREEN Bio Tee I Teepyramide im Umschlag\"}]},{\"@type\":\"WebSite\",\"@id\":\"https:\\\/\\\/www.sempertea.eu\\\/#website\",\"url\":\"https:\\\/\\\/www.sempertea.eu\\\/\",\"name\":\"Semper Tea | Mayorista y fabricante de T\u00e9s e Infusiones para hoteles, restaurantes y bares\",\"description\":\"T\u00e9s e infusiones para hosteler\u00eda, hoteler\u00eda y comercio\",\"potentialAction\":[{\"@type\":\"SearchAction\",\"target\":{\"@type\":\"EntryPoint\",\"urlTemplate\":\"https:\\\/\\\/www.sempertea.eu\\\/?s={search_term_string}\"},\"query-input\":{\"@type\":\"PropertyValueSpecification\",\"valueRequired\":true,\"valueName\":\"search_term_string\"}}],\"inLanguage\":\"de\"}]}<\/script>\n<!-- \/ Yoast SEO Premium plugin. -->","yoast_head_json":{"title":"Bio-Gr\u00fcntee in nachhaltiger Verpackung f\u00fcr das Gastgewerbe Semper Tea","description":"Bio-Gr\u00fcner Tee in nachhaltiger Verpackung, perfekt f\u00fcr das Gastgewerbe. H\u00f6chste Qualit\u00e4t, unterst\u00fctzen Sie umweltbewusstes Handeln.","robots":{"index":"index","follow":"follow","max-snippet":"max-snippet:-1","max-image-preview":"max-image-preview:large","max-video-preview":"max-video-preview:-1"},"canonical":"https:\/\/www.sempertea.eu\/Produkte\/te-verde-organico-packaging-sostenible-para-hosteleria\/","og_locale":"de_DE","og_type":"article","og_title":"GREEN Bio Tee I Teepyramide im Umschlag","og_description":"Bio-Gr\u00fcner Tee in nachhaltiger Verpackung, perfekt f\u00fcr das Gastgewerbe. H\u00f6chste Qualit\u00e4t, unterst\u00fctzen Sie umweltbewusstes Handeln.","og_url":"https:\/\/www.sempertea.eu\/Produkte\/te-verde-organico-packaging-sostenible-para-hosteleria\/","og_site_name":"Semper Tea | Mayorista y fabricante de T\u00e9s e Infusiones para hoteles, restaurantes y bares","article_modified_time":"2023-08-25T20:39:19+00:00","og_image":[{"width":1500,"height":1500,"url":"https:\/\/www.sempertea.eu\/wp-content\/uploads\/2023\/08\/envase-responsable-para-te-organicos-semper-tea.jpg","type":"image\/jpeg"}],"twitter_card":"summary_large_image","twitter_image":"https:\/\/www.sempertea.eu\/wp-content\/uploads\/2023\/08\/envase-eco-para-hosteleria-te-verde-ecologico-semper-tea.jpg","twitter_misc":{"Gesch\u00e4tzte Lesezeit":"1\u00a0Minute"},"schema":{"@context":"https:\/\/schema.org","@graph":[{"@type":"WebPage","@id":"https:\/\/www.sempertea.eu\/Produkte\/te-verde-organico-packaging-sostenible-para-hosteleria\/","url":"https:\/\/www.sempertea.eu\/Produkte\/te-verde-organico-packaging-sostenible-para-hosteleria\/","name":"Bio-Gr\u00fcntee in nachhaltiger Verpackung f\u00fcr das Gastgewerbe Semper Tea","isPartOf":{"@id":"https:\/\/www.sempertea.eu\/#website"},"primaryImageOfPage":{"@id":"https:\/\/www.sempertea.eu\/Produkte\/te-verde-organico-packaging-sostenible-para-hosteleria\/#primaryimage"},"image":{"@id":"https:\/\/www.sempertea.eu\/Produkte\/te-verde-organico-packaging-sostenible-para-hosteleria\/#primaryimage"},"thumbnailUrl":"https:\/\/www.sempertea.eu\/wp-content\/uploads\/2023\/08\/envase-responsable-para-te-organicos-semper-tea.jpg","datePublished":"2023-08-25T20:27:13+00:00","dateModified":"2023-08-25T20:39:19+00:00","description":"Bio-Gr\u00fcner Tee in nachhaltiger Verpackung, perfekt f\u00fcr das Gastgewerbe. H\u00f6chste Qualit\u00e4t, unterst\u00fctzen Sie umweltbewusstes Handeln.","breadcrumb":{"@id":"https:\/\/www.sempertea.eu\/Produkte\/te-verde-organico-packaging-sostenible-para-hosteleria\/#breadcrumb"},"inLanguage":"de","potentialAction":[{"@type":"ReadAction","target":["https:\/\/www.sempertea.eu\/Produkte\/te-verde-organico-packaging-sostenible-para-hosteleria\/"]}]},{"@type":"ImageObject","inLanguage":"de","@id":"https:\/\/www.sempertea.eu\/Produkte\/te-verde-organico-packaging-sostenible-para-hosteleria\/#primaryimage","url":"https:\/\/www.sempertea.eu\/wp-content\/uploads\/2023\/08\/envase-responsable-para-te-organicos-semper-tea.jpg","contentUrl":"https:\/\/www.sempertea.eu\/wp-content\/uploads\/2023\/08\/envase-responsable-para-te-organicos-semper-tea.jpg","width":1500,"height":1500,"caption":"Envase responsable para te organicos semper tea"},{"@type":"BreadcrumbList","@id":"https:\/\/www.sempertea.eu\/Produkte\/te-verde-organico-packaging-sostenible-para-hosteleria\/#breadcrumb","itemListElement":[{"@type":"ListItem","position":1,"name":"Portada","item":"https:\/\/www.sempertea.eu\/de\/"},{"@type":"ListItem","position":2,"name":"Shop","item":"https:\/\/www.sempertea.eu\/de\/shop\/"},{"@type":"ListItem","position":3,"name":"GREEN Bio Tee I Teepyramide im Umschlag"}]},{"@type":"WebSite","@id":"https:\/\/www.sempertea.eu\/#website","url":"https:\/\/www.sempertea.eu\/","name":"Semper Tea | Mayorista y fabricante de T\u00e9s e Infusiones para hoteles, restaurantes y bares","description":"T\u00e9s e infusiones para hosteler\u00eda, hoteler\u00eda y comercio","potentialAction":[{"@type":"SearchAction","target":{"@type":"EntryPoint","urlTemplate":"https:\/\/www.sempertea.eu\/?s={search_term_string}"},"query-input":{"@type":"PropertyValueSpecification","valueRequired":true,"valueName":"search_term_string"}}],"inLanguage":"de"}]}},"_links":{"self":[{"href":"https:\/\/www.sempertea.eu\/de\/wp-json\/wp\/v2\/product\/8319","targetHints":{"allow":["GET"]}}],"collection":[{"href":"https:\/\/www.sempertea.eu\/de\/wp-json\/wp\/v2\/product"}],"about":[{"href":"https:\/\/www.sempertea.eu\/de\/wp-json\/wp\/v2\/types\/product"}],"replies":[{"embeddable":true,"href":"https:\/\/www.sempertea.eu\/de\/wp-json\/wp\/v2\/comments?post=8319"}],"wp:featuredmedia":[{"embeddable":true,"href":"https:\/\/www.sempertea.eu\/de\/wp-json\/wp\/v2\/media\/8315"}],"wp:attachment":[{"href":"https:\/\/www.sempertea.eu\/de\/wp-json\/wp\/v2\/media?parent=8319"}],"wp:term":[{"taxonomy":"product_brand","embeddable":true,"href":"https:\/\/www.sempertea.eu\/de\/wp-json\/wp\/v2\/product_brand?post=8319"},{"taxonomy":"product_cat","embeddable":true,"href":"https:\/\/www.sempertea.eu\/de\/wp-json\/wp\/v2\/product_cat?post=8319"},{"taxonomy":"product_tag","embeddable":true,"href":"https:\/\/www.sempertea.eu\/de\/wp-json\/wp\/v2\/product_tag?post=8319"}],"curies":[{"name":"wp","href":"https:\/\/api.w.org\/{rel}","templated":true}]}}