{"id":8301,"date":"2023-08-23T20:53:10","date_gmt":"2023-08-25T15:23:42","guid":{"rendered":"https:\/\/www.sempertea.eu\/earl-grey-bio-tee-i-teepyramide-im-umschlag\/"},"modified":"2023-08-25T18:54:33","modified_gmt":"2023-08-25T17:54:33","slug":"nachhatliger-bio-tee-fuer-gastronomie-earl-grey-mit-milch","status":"publish","type":"product","link":"https:\/\/www.sempertea.eu\/de\/Produkte\/nachhatliger-bio-tee-fuer-gastronomie-earl-grey-mit-milch\/","title":{"rendered":"EARL GREY Bio Tee I Teepyramide im Umschlag"},"content":{"rendered":"<h2>Verfeinerter Earl Grey Tee in praktischen Pyramidenbeuteln<\/h2>\n<p>Genie\u00dfen Sie den k\u00f6stlichen Geschmack unseres Earl Grey Tees, liebevoll verpackt in <a href=\"https:\/\/www.sempertea.eu\/de\/tee-in-der-pyramide-versus-loser-tee-die-unterschiede\/\">biologisch abbaubaren Pyramidenbeuteln<\/a>. Lassen Sie sich von dem bet\u00f6renden Duft der Bergamotte auf eine genussvolle Reise entf\u00fchren und erleben Sie jeden Schluck auf umweltfreundliche Weise. Entdecken Sie die perfekte Symbiose aus Geschmack und Nachhaltigkeit in unserem Online-Tee-Shop.<\/p>\n<h3>G\u00f6nnen Sie sich einen k\u00f6stlichen Earl Grey Latte<\/h3>\n<p>Bereiten Sie sich auf einen herrlichen Earl Grey Latte vor \u2013 Sie werden ihn lieben! W\u00e4hlen Sie zwischen herk\u00f6mmlicher Milch oder veganen Alternativen wie Mandel- oder Kokosmilch. Kombinieren Sie diese im Verh\u00e4ltnis von halb Wasser und halb Milch. Ziehen Sie zun\u00e4chst den Pyramidenbeutel im Wasser und entfernen Sie ihn dann. W\u00e4hrenddessen erhitzen Sie die Milch und sch\u00e4umen sie auf. Gie\u00dfen Sie die aufgesch\u00e4umte Milch in die mit Tee durchzogene Tasse. S\u00fc\u00dfen Sie nach Wunsch mit Vanillesirup und f\u00fcgen Sie eine Prise Zimt hinzu \u2013 Vorsicht, s\u00fcchtig machend!<\/p>\n<h4>Plastikfreie Verpackung: Eine bewusste Entscheidung<\/h4>\n<p>Unsere Verpackungen haben prim\u00e4r die Aufgabe, die Qualit\u00e4t und das Aroma unserer Bio- und Kr\u00e4utertees zu bewahren. Die Beutel bestehen aus Papier und sind mit einer versiegelbaren Zellulosefolie verbunden, die als Schutzbarriere dient, um das Aroma des Tees zu bewahren. Den Beutel k\u00f6nnen Sie im Papierbeh\u00e4lter entsorgen und somit zu einer umweltfreundlichen Option beitragen.<\/p>\n<p>Unser Bio-Tee f\u00fcr Restaurants unterst\u00fctzt eine <a href=\"https:\/\/www.sempertea.eu\/de\/teeservice-in-hotels-food-and-beverage\/\">umweltbewusste Gastronomie<\/a> und steht f\u00fcr ein nachhaltiges Angebot.<\/p>\n","protected":false},"excerpt":{"rendered":"<p><strong>Intensiv und k\u00f6stlich mit einem Hauch von Bergamotte<\/strong><\/p>\n<p>Faszinierende Harmonie unseres Schwarztee-Angebots, veredelt mit der nat\u00fcrlichen und k\u00f6stlichen Essenz der Bergamotte in unserem klassischen Bio-Earl Grey. Erfreuen Sie sich an einer subtilen S\u00fc\u00dfe bei jedem Schluck und erleben Sie eine verbesserte Zubereitung durch die praktischen Pyramidenbeutel.<\/p>\n","protected":false},"featured_media":8282,"comment_status":"open","ping_status":"closed","template":"","meta":[],"product_brand":[],"product_cat":[132,114,116,133,110,113,124,117,108,135],"product_tag":[],"class_list":{"0":"post-8301","1":"product","2":"type-product","3":"status-publish","4":"has-post-thumbnail","6":"product_cat-tee-ohne-plastik-verpackung-biotees-natur-plastikfrei","7":"product_cat-alle","8":"product_cat-alle-de-2","9":"product_cat-ambar-frei-von-plastik-verpackung-abbaubar-nachhaltig-umweltfreundlich","10":"product_cat-biologisch-abbaubare-pyramide-teebeutel-biotee-kompostierbar","11":"product_cat-biotees-sortiment-online-kaufen","12":"product_cat-teesortiment-formate-packaging-attraktiv-biotees-verpackung","13":"product_cat-schwarzer-tee-in-bio-qualitaet-kaufen","14":"product_cat-sortiment-tee-packaging-verpackung-attraktiv-biotees-design","15":"product_cat-uncategorized-de","17":"first","18":"instock","19":"shipping-taxable","20":"purchasable","21":"product-type-simple"},"yoast_head":"<!-- This site is optimized with the Yoast SEO Premium plugin v27.3 (Yoast SEO v27.4) - https:\/\/yoast.com\/product\/yoast-seo-premium-wordpress\/ -->\n<title>Nachhatliger Bio Tee f\u00fcr die Gastronomie | Entdecke Earl Grey mit Milch<\/title>\n<meta name=\"description\" content=\"Nachhaltigen Bio-Tee f\u00fcr die Gastronomie: Probiere unsere einzigartige Variation von Earl Grey mit Milch. Genie\u00dfe den Geschmack und unterst\u00fctze gleichzeitig die Umwelt.\" \/>\n<meta name=\"robots\" content=\"index, follow, max-snippet:-1, max-image-preview:large, max-video-preview:-1\" \/>\n<link rel=\"canonical\" href=\"https:\/\/www.sempertea.eu\/Produkte\/te-earl-grey-con-bergamota-envase-sostenible-libre-de-plastico\/\" \/>\n<meta property=\"og:locale\" content=\"de_DE\" \/>\n<meta property=\"og:type\" content=\"article\" \/>\n<meta property=\"og:title\" content=\"EARL GREY Bio Tee I Teepyramide im Umschlag\" \/>\n<meta property=\"og:description\" content=\"Nachhaltigen Bio-Tee f\u00fcr die Gastronomie: Probiere unsere einzigartige Variation von Earl Grey mit Milch. Genie\u00dfe den Geschmack und unterst\u00fctze gleichzeitig die Umwelt.\" \/>\n<meta property=\"og:url\" content=\"https:\/\/www.sempertea.eu\/Produkte\/te-earl-grey-con-bergamota-envase-sostenible-libre-de-plastico\/\" \/>\n<meta property=\"og:site_name\" content=\"Semper Tea | Mayorista y fabricante de T\u00e9s e Infusiones para hoteles, restaurantes y bares\" \/>\n<meta property=\"article:modified_time\" content=\"2023-08-25T17:54:33+00:00\" \/>\n<meta property=\"og:image\" content=\"https:\/\/www.sempertea.eu\/wp-content\/uploads\/2023\/08\/te-el-grey-con-bergamota-envase-libre-de-plastico-semper-tea.jpg\" \/>\n\t<meta property=\"og:image:width\" content=\"1500\" \/>\n\t<meta property=\"og:image:height\" content=\"1500\" \/>\n\t<meta property=\"og:image:type\" content=\"image\/jpeg\" \/>\n<meta name=\"twitter:card\" content=\"summary_large_image\" \/>\n<meta name=\"twitter:image\" content=\"https:\/\/www.sempertea.eu\/wp-content\/uploads\/2023\/08\/eco-friendly-te-premium-earl-grey-semper-tea.jpg\" \/>\n<meta name=\"twitter:label1\" content=\"Gesch\u00e4tzte Lesezeit\" \/>\n\t<meta name=\"twitter:data1\" content=\"1\u00a0Minute\" \/>\n<script type=\"application\/ld+json\" class=\"yoast-schema-graph\">{\"@context\":\"https:\\\/\\\/schema.org\",\"@graph\":[{\"@type\":\"WebPage\",\"@id\":\"https:\\\/\\\/www.sempertea.eu\\\/Produkte\\\/te-earl-grey-con-bergamota-envase-sostenible-libre-de-plastico\\\/\",\"url\":\"https:\\\/\\\/www.sempertea.eu\\\/Produkte\\\/te-earl-grey-con-bergamota-envase-sostenible-libre-de-plastico\\\/\",\"name\":\"Nachhatliger Bio Tee f\u00fcr die Gastronomie | Entdecke Earl Grey mit Milch\",\"isPartOf\":{\"@id\":\"https:\\\/\\\/www.sempertea.eu\\\/#website\"},\"primaryImageOfPage\":{\"@id\":\"https:\\\/\\\/www.sempertea.eu\\\/Produkte\\\/te-earl-grey-con-bergamota-envase-sostenible-libre-de-plastico\\\/#primaryimage\"},\"image\":{\"@id\":\"https:\\\/\\\/www.sempertea.eu\\\/Produkte\\\/te-earl-grey-con-bergamota-envase-sostenible-libre-de-plastico\\\/#primaryimage\"},\"thumbnailUrl\":\"https:\\\/\\\/www.sempertea.eu\\\/wp-content\\\/uploads\\\/2023\\\/08\\\/te-el-grey-con-bergamota-envase-libre-de-plastico-semper-tea.jpg\",\"datePublished\":\"2023-08-25T15:23:42+00:00\",\"dateModified\":\"2023-08-25T17:54:33+00:00\",\"description\":\"Nachhaltigen Bio-Tee f\u00fcr die Gastronomie: Probiere unsere einzigartige Variation von Earl Grey mit Milch. Genie\u00dfe den Geschmack und unterst\u00fctze gleichzeitig die Umwelt.\",\"breadcrumb\":{\"@id\":\"https:\\\/\\\/www.sempertea.eu\\\/Produkte\\\/te-earl-grey-con-bergamota-envase-sostenible-libre-de-plastico\\\/#breadcrumb\"},\"inLanguage\":\"de\",\"potentialAction\":[{\"@type\":\"ReadAction\",\"target\":[\"https:\\\/\\\/www.sempertea.eu\\\/Produkte\\\/te-earl-grey-con-bergamota-envase-sostenible-libre-de-plastico\\\/\"]}]},{\"@type\":\"ImageObject\",\"inLanguage\":\"de\",\"@id\":\"https:\\\/\\\/www.sempertea.eu\\\/Produkte\\\/te-earl-grey-con-bergamota-envase-sostenible-libre-de-plastico\\\/#primaryimage\",\"url\":\"https:\\\/\\\/www.sempertea.eu\\\/wp-content\\\/uploads\\\/2023\\\/08\\\/te-el-grey-con-bergamota-envase-libre-de-plastico-semper-tea.jpg\",\"contentUrl\":\"https:\\\/\\\/www.sempertea.eu\\\/wp-content\\\/uploads\\\/2023\\\/08\\\/te-el-grey-con-bergamota-envase-libre-de-plastico-semper-tea.jpg\",\"width\":1500,\"height\":1500,\"caption\":\"T\u00e9 El Grey con Bergamota en envase libre de pl\u00e1stico\"},{\"@type\":\"BreadcrumbList\",\"@id\":\"https:\\\/\\\/www.sempertea.eu\\\/Produkte\\\/te-earl-grey-con-bergamota-envase-sostenible-libre-de-plastico\\\/#breadcrumb\",\"itemListElement\":[{\"@type\":\"ListItem\",\"position\":1,\"name\":\"Portada\",\"item\":\"https:\\\/\\\/www.sempertea.eu\\\/de\\\/\"},{\"@type\":\"ListItem\",\"position\":2,\"name\":\"Shop\",\"item\":\"https:\\\/\\\/www.sempertea.eu\\\/de\\\/shop\\\/\"},{\"@type\":\"ListItem\",\"position\":3,\"name\":\"EARL GREY Bio Tee I Teepyramide im Umschlag\"}]},{\"@type\":\"WebSite\",\"@id\":\"https:\\\/\\\/www.sempertea.eu\\\/#website\",\"url\":\"https:\\\/\\\/www.sempertea.eu\\\/\",\"name\":\"Semper Tea | Mayorista y fabricante de T\u00e9s e Infusiones para hoteles, restaurantes y bares\",\"description\":\"T\u00e9s e infusiones para hosteler\u00eda, hoteler\u00eda y comercio\",\"potentialAction\":[{\"@type\":\"SearchAction\",\"target\":{\"@type\":\"EntryPoint\",\"urlTemplate\":\"https:\\\/\\\/www.sempertea.eu\\\/?s={search_term_string}\"},\"query-input\":{\"@type\":\"PropertyValueSpecification\",\"valueRequired\":true,\"valueName\":\"search_term_string\"}}],\"inLanguage\":\"de\"}]}<\/script>\n<!-- \/ Yoast SEO Premium plugin. -->","yoast_head_json":{"title":"Nachhatliger Bio Tee f\u00fcr die Gastronomie | Entdecke Earl Grey mit Milch","description":"Nachhaltigen Bio-Tee f\u00fcr die Gastronomie: Probiere unsere einzigartige Variation von Earl Grey mit Milch. Genie\u00dfe den Geschmack und unterst\u00fctze gleichzeitig die Umwelt.","robots":{"index":"index","follow":"follow","max-snippet":"max-snippet:-1","max-image-preview":"max-image-preview:large","max-video-preview":"max-video-preview:-1"},"canonical":"https:\/\/www.sempertea.eu\/Produkte\/te-earl-grey-con-bergamota-envase-sostenible-libre-de-plastico\/","og_locale":"de_DE","og_type":"article","og_title":"EARL GREY Bio Tee I Teepyramide im Umschlag","og_description":"Nachhaltigen Bio-Tee f\u00fcr die Gastronomie: Probiere unsere einzigartige Variation von Earl Grey mit Milch. Genie\u00dfe den Geschmack und unterst\u00fctze gleichzeitig die Umwelt.","og_url":"https:\/\/www.sempertea.eu\/Produkte\/te-earl-grey-con-bergamota-envase-sostenible-libre-de-plastico\/","og_site_name":"Semper Tea | Mayorista y fabricante de T\u00e9s e Infusiones para hoteles, restaurantes y bares","article_modified_time":"2023-08-25T17:54:33+00:00","og_image":[{"width":1500,"height":1500,"url":"https:\/\/www.sempertea.eu\/wp-content\/uploads\/2023\/08\/te-el-grey-con-bergamota-envase-libre-de-plastico-semper-tea.jpg","type":"image\/jpeg"}],"twitter_card":"summary_large_image","twitter_image":"https:\/\/www.sempertea.eu\/wp-content\/uploads\/2023\/08\/eco-friendly-te-premium-earl-grey-semper-tea.jpg","twitter_misc":{"Gesch\u00e4tzte Lesezeit":"1\u00a0Minute"},"schema":{"@context":"https:\/\/schema.org","@graph":[{"@type":"WebPage","@id":"https:\/\/www.sempertea.eu\/Produkte\/te-earl-grey-con-bergamota-envase-sostenible-libre-de-plastico\/","url":"https:\/\/www.sempertea.eu\/Produkte\/te-earl-grey-con-bergamota-envase-sostenible-libre-de-plastico\/","name":"Nachhatliger Bio Tee f\u00fcr die Gastronomie | Entdecke Earl Grey mit Milch","isPartOf":{"@id":"https:\/\/www.sempertea.eu\/#website"},"primaryImageOfPage":{"@id":"https:\/\/www.sempertea.eu\/Produkte\/te-earl-grey-con-bergamota-envase-sostenible-libre-de-plastico\/#primaryimage"},"image":{"@id":"https:\/\/www.sempertea.eu\/Produkte\/te-earl-grey-con-bergamota-envase-sostenible-libre-de-plastico\/#primaryimage"},"thumbnailUrl":"https:\/\/www.sempertea.eu\/wp-content\/uploads\/2023\/08\/te-el-grey-con-bergamota-envase-libre-de-plastico-semper-tea.jpg","datePublished":"2023-08-25T15:23:42+00:00","dateModified":"2023-08-25T17:54:33+00:00","description":"Nachhaltigen Bio-Tee f\u00fcr die Gastronomie: Probiere unsere einzigartige Variation von Earl Grey mit Milch. Genie\u00dfe den Geschmack und unterst\u00fctze gleichzeitig die Umwelt.","breadcrumb":{"@id":"https:\/\/www.sempertea.eu\/Produkte\/te-earl-grey-con-bergamota-envase-sostenible-libre-de-plastico\/#breadcrumb"},"inLanguage":"de","potentialAction":[{"@type":"ReadAction","target":["https:\/\/www.sempertea.eu\/Produkte\/te-earl-grey-con-bergamota-envase-sostenible-libre-de-plastico\/"]}]},{"@type":"ImageObject","inLanguage":"de","@id":"https:\/\/www.sempertea.eu\/Produkte\/te-earl-grey-con-bergamota-envase-sostenible-libre-de-plastico\/#primaryimage","url":"https:\/\/www.sempertea.eu\/wp-content\/uploads\/2023\/08\/te-el-grey-con-bergamota-envase-libre-de-plastico-semper-tea.jpg","contentUrl":"https:\/\/www.sempertea.eu\/wp-content\/uploads\/2023\/08\/te-el-grey-con-bergamota-envase-libre-de-plastico-semper-tea.jpg","width":1500,"height":1500,"caption":"T\u00e9 El Grey con Bergamota en envase libre de pl\u00e1stico"},{"@type":"BreadcrumbList","@id":"https:\/\/www.sempertea.eu\/Produkte\/te-earl-grey-con-bergamota-envase-sostenible-libre-de-plastico\/#breadcrumb","itemListElement":[{"@type":"ListItem","position":1,"name":"Portada","item":"https:\/\/www.sempertea.eu\/de\/"},{"@type":"ListItem","position":2,"name":"Shop","item":"https:\/\/www.sempertea.eu\/de\/shop\/"},{"@type":"ListItem","position":3,"name":"EARL GREY Bio Tee I Teepyramide im Umschlag"}]},{"@type":"WebSite","@id":"https:\/\/www.sempertea.eu\/#website","url":"https:\/\/www.sempertea.eu\/","name":"Semper Tea | Mayorista y fabricante de T\u00e9s e Infusiones para hoteles, restaurantes y bares","description":"T\u00e9s e infusiones para hosteler\u00eda, hoteler\u00eda y comercio","potentialAction":[{"@type":"SearchAction","target":{"@type":"EntryPoint","urlTemplate":"https:\/\/www.sempertea.eu\/?s={search_term_string}"},"query-input":{"@type":"PropertyValueSpecification","valueRequired":true,"valueName":"search_term_string"}}],"inLanguage":"de"}]}},"_links":{"self":[{"href":"https:\/\/www.sempertea.eu\/de\/wp-json\/wp\/v2\/product\/8301","targetHints":{"allow":["GET"]}}],"collection":[{"href":"https:\/\/www.sempertea.eu\/de\/wp-json\/wp\/v2\/product"}],"about":[{"href":"https:\/\/www.sempertea.eu\/de\/wp-json\/wp\/v2\/types\/product"}],"replies":[{"embeddable":true,"href":"https:\/\/www.sempertea.eu\/de\/wp-json\/wp\/v2\/comments?post=8301"}],"wp:featuredmedia":[{"embeddable":true,"href":"https:\/\/www.sempertea.eu\/de\/wp-json\/wp\/v2\/media\/8282"}],"wp:attachment":[{"href":"https:\/\/www.sempertea.eu\/de\/wp-json\/wp\/v2\/media?parent=8301"}],"wp:term":[{"taxonomy":"product_brand","embeddable":true,"href":"https:\/\/www.sempertea.eu\/de\/wp-json\/wp\/v2\/product_brand?post=8301"},{"taxonomy":"product_cat","embeddable":true,"href":"https:\/\/www.sempertea.eu\/de\/wp-json\/wp\/v2\/product_cat?post=8301"},{"taxonomy":"product_tag","embeddable":true,"href":"https:\/\/www.sempertea.eu\/de\/wp-json\/wp\/v2\/product_tag?post=8301"}],"curies":[{"name":"wp","href":"https:\/\/api.w.org\/{rel}","templated":true}]}}