{"id":8262,"date":"2023-08-23T17:54:58","date_gmt":"2023-08-23T17:08:56","guid":{"rendered":"https:\/\/www.sempertea.eu\/english-breakfast-bio-tee-i-teepyramide-im-umschlag\/"},"modified":"2023-08-23T18:31:01","modified_gmt":"2023-08-23T17:31:01","slug":"englischer-fruehstueckstee-kaufen-nachhaltiger-tee","status":"publish","type":"product","link":"https:\/\/www.sempertea.eu\/de\/Produkte\/englischer-fruehstueckstee-kaufen-nachhaltiger-tee\/","title":{"rendered":"ENGLISH BREAKFAST Bio Tee I Teepyramide im Umschlag"},"content":{"rendered":"<h2>Entdecken Sie unser English Breakfast &#8211; eine Biologischer und Nachhaltiger Tee<\/h2>\n<p>Tauchen Sie ein in die Welt des English Breakfast &#8211; eine <strong>\u00f6kologische und nachhaltige Option<\/strong> f\u00fcr Ihr typisch englisches Fr\u00fchst\u00fcck. Bei Semper Tea bieten wir Ihnen eine vielf\u00e4ltige Auswahl an hochwertigen Teesorten, darunter den beliebten Klassiker English Breakfast, sowie weitere Variationen wie Earl Grey mit Bergamotte, Darjeeling und den faszinierenden schwarzen Chai-Tee. Alle diese exquisiten Teesorten finden Sie in unserem Online-Tee-Shop, wo Sie ganz einfach Ihren Englischen Fr\u00fchst\u00fcckstee kaufen k\u00f6nnen.<\/p>\n<h3>Umweltfreundlicher Genuss<\/h3>\n<p>Unser English Breakfast, verpackt in <strong>biologisch abbaubaren Pyramidenbeuteln<\/strong>, ist ein anregender und authentischer schwarzer Tee, der sich perfekt eignet, um den Tag mit Schwung zu beginnen. Hergestellt aus biologischen Zutaten und verpackt in umweltfreundlichen Materialien, bietet er eine \u00f6kologisch verantwortliche Option, die sowohl Ihnen als auch unserem Planeten zugutekommt. Sie k\u00f6nnen ihn pur genie\u00dfen oder mit Milch verfeinern &#8211; ganz nach Ihrem pers\u00f6nlichen Geschmack.<\/p>\n<h4><strong>Englischer Tee kaufen mit biologisch abbaubaren Verpackungen<\/strong><\/h4>\n<p>Semper Tea zeichnet sich durch sein <strong>starkes Engagement f\u00fcr Nachhaltigkeit<\/strong> aus. Unsere Pyramidenbeutel und Verpackungen sind biologisch abbaubar, und spiegeln so unser Engagement f\u00fcr die Umwelt und die Reduktion von Plastik wider. Sie k\u00f6nnen sicher sein, dass unser Angebot an hochwertigem Tee in umweltfreundlichen Verpackungen Ihren Anforderungen an Nachhaltigkeit entspricht.<\/p>\n<p><a href=\"https:\/\/www.sempertea.eu\/de\/ambar-frei-von-plastik-verpackung-abbaubar-nachhaltig-umweltfreundlich\/\">Ambar, unsere Premium-Teemarke<\/a>, vereint Exzellenz und Nat\u00fcrlichkeit in zehn verschiedenen<strong> Bio-Teesorten<\/strong> und Aufg\u00fcssen. Begleiten Sie uns auf dieser Reise durch einzigartige Geschmackswelten und w\u00e4hlen Sie Ambar f\u00fcr ein nat\u00fcrliches, gesundes und plastikfreies Teegenusserlebnis.<\/p>\n","protected":false},"excerpt":{"rendered":"<p><strong>Anregend und vollmundig<\/strong><\/p>\n<p>English Breakfast ist f\u00fcr Liebhaber des klassischen englischen Tees. Bekannt f\u00fcr sein vollmundiges Aroma, ist er der Lieblingstee zum Fr\u00fchst\u00fcck um so den Tag mit viel Power zu starten. Ein anregender Tee mit Charakter, ideal mit einem Schuss Milch, oder einfach schwarz.<\/p>\n","protected":false},"featured_media":8272,"comment_status":"open","ping_status":"closed","template":"","meta":[],"product_brand":[],"product_cat":[132,114,115,116,133,110,113,124,117,108,135],"product_tag":[],"class_list":{"0":"post-8262","1":"product","2":"type-product","3":"status-publish","4":"has-post-thumbnail","6":"product_cat-tee-ohne-plastik-verpackung-biotees-natur-plastikfrei","7":"product_cat-alle","8":"product_cat-alle-de","9":"product_cat-alle-de-2","10":"product_cat-ambar-frei-von-plastik-verpackung-abbaubar-nachhaltig-umweltfreundlich","11":"product_cat-biologisch-abbaubare-pyramide-teebeutel-biotee-kompostierbar","12":"product_cat-biotees-sortiment-online-kaufen","13":"product_cat-teesortiment-formate-packaging-attraktiv-biotees-verpackung","14":"product_cat-schwarzer-tee-in-bio-qualitaet-kaufen","15":"product_cat-sortiment-tee-packaging-verpackung-attraktiv-biotees-design","16":"product_cat-uncategorized-de","18":"first","19":"instock","20":"shipping-taxable","21":"purchasable","22":"product-type-simple"},"yoast_head":"<!-- This site is optimized with the Yoast SEO Premium plugin v27.3 (Yoast SEO v27.4) - https:\/\/yoast.com\/product\/yoast-seo-premium-wordpress\/ -->\n<title>Englischer Fr\u00fchst\u00fcckstee kaufen | Nachhaltiger Tee | Plastikfrei<\/title>\n<meta name=\"description\" content=\"K\u00f6stlichen English Breakfast Tee in biologisch abbaubaren Pyramidenbeuteln. Das perfekte englische Fr\u00fchst\u00fcckserlebnis erleben. Plastikfrei.\" \/>\n<meta name=\"robots\" content=\"index, follow, max-snippet:-1, max-image-preview:large, max-video-preview:-1\" \/>\n<link rel=\"canonical\" href=\"https:\/\/www.sempertea.eu\/de\/Produkte\/englischer-fruehstueckstee-kaufen-nachhaltiger-tee\/\" \/>\n<meta property=\"og:locale\" content=\"de_DE\" \/>\n<meta property=\"og:type\" content=\"article\" \/>\n<meta property=\"og:title\" content=\"ENGLISH BREAKFAST Bio Tee I Teepyramide im Umschlag\" \/>\n<meta property=\"og:description\" content=\"K\u00f6stlichen English Breakfast Tee in biologisch abbaubaren Pyramidenbeuteln. Das perfekte englische Fr\u00fchst\u00fcckserlebnis erleben. Plastikfrei.\" \/>\n<meta property=\"og:url\" content=\"https:\/\/www.sempertea.eu\/de\/Produkte\/englischer-fruehstueckstee-kaufen-nachhaltiger-tee\/\" \/>\n<meta property=\"og:site_name\" content=\"Semper Tea | Mayorista y fabricante de T\u00e9s e Infusiones para hoteles, restaurantes y bares\" \/>\n<meta property=\"article:modified_time\" content=\"2023-08-23T17:31:01+00:00\" \/>\n<meta property=\"og:image\" content=\"https:\/\/www.sempertea.eu\/wp-content\/uploads\/2023\/08\/english-breakfast-tea-ingredientes-organicos-envase-libre-de-plastico-semper-tea-.jpg\" \/>\n\t<meta property=\"og:image:width\" content=\"1500\" \/>\n\t<meta property=\"og:image:height\" content=\"1500\" \/>\n\t<meta property=\"og:image:type\" content=\"image\/jpeg\" \/>\n<meta name=\"twitter:card\" content=\"summary_large_image\" \/>\n<meta name=\"twitter:label1\" content=\"Gesch\u00e4tzte Lesezeit\" \/>\n\t<meta name=\"twitter:data1\" content=\"1\u00a0Minute\" \/>\n<script type=\"application\/ld+json\" class=\"yoast-schema-graph\">{\"@context\":\"https:\\\/\\\/schema.org\",\"@graph\":[{\"@type\":\"WebPage\",\"@id\":\"https:\\\/\\\/www.sempertea.eu\\\/de\\\/Produkte\\\/englischer-fruehstueckstee-kaufen-nachhaltiger-tee\\\/\",\"url\":\"https:\\\/\\\/www.sempertea.eu\\\/de\\\/Produkte\\\/englischer-fruehstueckstee-kaufen-nachhaltiger-tee\\\/\",\"name\":\"Englischer Fr\u00fchst\u00fcckstee kaufen | Nachhaltiger Tee | Plastikfrei\",\"isPartOf\":{\"@id\":\"https:\\\/\\\/www.sempertea.eu\\\/#website\"},\"primaryImageOfPage\":{\"@id\":\"https:\\\/\\\/www.sempertea.eu\\\/de\\\/Produkte\\\/englischer-fruehstueckstee-kaufen-nachhaltiger-tee\\\/#primaryimage\"},\"image\":{\"@id\":\"https:\\\/\\\/www.sempertea.eu\\\/de\\\/Produkte\\\/englischer-fruehstueckstee-kaufen-nachhaltiger-tee\\\/#primaryimage\"},\"thumbnailUrl\":\"https:\\\/\\\/www.sempertea.eu\\\/wp-content\\\/uploads\\\/2023\\\/08\\\/english-breakfast-tea-ingredientes-organicos-envase-libre-de-plastico-semper-tea-.jpg\",\"datePublished\":\"2023-08-23T17:08:56+00:00\",\"dateModified\":\"2023-08-23T17:31:01+00:00\",\"description\":\"K\u00f6stlichen English Breakfast Tee in biologisch abbaubaren Pyramidenbeuteln. Das perfekte englische Fr\u00fchst\u00fcckserlebnis erleben. Plastikfrei.\",\"breadcrumb\":{\"@id\":\"https:\\\/\\\/www.sempertea.eu\\\/de\\\/Produkte\\\/englischer-fruehstueckstee-kaufen-nachhaltiger-tee\\\/#breadcrumb\"},\"inLanguage\":\"de\",\"potentialAction\":[{\"@type\":\"ReadAction\",\"target\":[\"https:\\\/\\\/www.sempertea.eu\\\/de\\\/Produkte\\\/englischer-fruehstueckstee-kaufen-nachhaltiger-tee\\\/\"]}]},{\"@type\":\"ImageObject\",\"inLanguage\":\"de\",\"@id\":\"https:\\\/\\\/www.sempertea.eu\\\/de\\\/Produkte\\\/englischer-fruehstueckstee-kaufen-nachhaltiger-tee\\\/#primaryimage\",\"url\":\"https:\\\/\\\/www.sempertea.eu\\\/wp-content\\\/uploads\\\/2023\\\/08\\\/english-breakfast-tea-ingredientes-organicos-envase-libre-de-plastico-semper-tea-.jpg\",\"contentUrl\":\"https:\\\/\\\/www.sempertea.eu\\\/wp-content\\\/uploads\\\/2023\\\/08\\\/english-breakfast-tea-ingredientes-organicos-envase-libre-de-plastico-semper-tea-.jpg\",\"width\":1500,\"height\":1500,\"caption\":\"English Breakfast Tea Ingredientes Org\u00e1nicos en Envase Libre de Pl\u00e1stico\"},{\"@type\":\"BreadcrumbList\",\"@id\":\"https:\\\/\\\/www.sempertea.eu\\\/de\\\/Produkte\\\/englischer-fruehstueckstee-kaufen-nachhaltiger-tee\\\/#breadcrumb\",\"itemListElement\":[{\"@type\":\"ListItem\",\"position\":1,\"name\":\"Portada\",\"item\":\"https:\\\/\\\/www.sempertea.eu\\\/de\\\/\"},{\"@type\":\"ListItem\",\"position\":2,\"name\":\"Shop\",\"item\":\"https:\\\/\\\/www.sempertea.eu\\\/de\\\/shop\\\/\"},{\"@type\":\"ListItem\",\"position\":3,\"name\":\"ENGLISH BREAKFAST Bio Tee I Teepyramide im Umschlag\"}]},{\"@type\":\"WebSite\",\"@id\":\"https:\\\/\\\/www.sempertea.eu\\\/#website\",\"url\":\"https:\\\/\\\/www.sempertea.eu\\\/\",\"name\":\"Semper Tea | Mayorista y fabricante de T\u00e9s e Infusiones para hoteles, restaurantes y bares\",\"description\":\"T\u00e9s e infusiones para hosteler\u00eda, hoteler\u00eda y comercio\",\"potentialAction\":[{\"@type\":\"SearchAction\",\"target\":{\"@type\":\"EntryPoint\",\"urlTemplate\":\"https:\\\/\\\/www.sempertea.eu\\\/?s={search_term_string}\"},\"query-input\":{\"@type\":\"PropertyValueSpecification\",\"valueRequired\":true,\"valueName\":\"search_term_string\"}}],\"inLanguage\":\"de\"}]}<\/script>\n<!-- \/ Yoast SEO Premium plugin. -->","yoast_head_json":{"title":"Englischer Fr\u00fchst\u00fcckstee kaufen | Nachhaltiger Tee | Plastikfrei","description":"K\u00f6stlichen English Breakfast Tee in biologisch abbaubaren Pyramidenbeuteln. Das perfekte englische Fr\u00fchst\u00fcckserlebnis erleben. Plastikfrei.","robots":{"index":"index","follow":"follow","max-snippet":"max-snippet:-1","max-image-preview":"max-image-preview:large","max-video-preview":"max-video-preview:-1"},"canonical":"https:\/\/www.sempertea.eu\/de\/Produkte\/englischer-fruehstueckstee-kaufen-nachhaltiger-tee\/","og_locale":"de_DE","og_type":"article","og_title":"ENGLISH BREAKFAST Bio Tee I Teepyramide im Umschlag","og_description":"K\u00f6stlichen English Breakfast Tee in biologisch abbaubaren Pyramidenbeuteln. Das perfekte englische Fr\u00fchst\u00fcckserlebnis erleben. Plastikfrei.","og_url":"https:\/\/www.sempertea.eu\/de\/Produkte\/englischer-fruehstueckstee-kaufen-nachhaltiger-tee\/","og_site_name":"Semper Tea | Mayorista y fabricante de T\u00e9s e Infusiones para hoteles, restaurantes y bares","article_modified_time":"2023-08-23T17:31:01+00:00","og_image":[{"width":1500,"height":1500,"url":"https:\/\/www.sempertea.eu\/wp-content\/uploads\/2023\/08\/english-breakfast-tea-ingredientes-organicos-envase-libre-de-plastico-semper-tea-.jpg","type":"image\/jpeg"}],"twitter_card":"summary_large_image","twitter_misc":{"Gesch\u00e4tzte Lesezeit":"1\u00a0Minute"},"schema":{"@context":"https:\/\/schema.org","@graph":[{"@type":"WebPage","@id":"https:\/\/www.sempertea.eu\/de\/Produkte\/englischer-fruehstueckstee-kaufen-nachhaltiger-tee\/","url":"https:\/\/www.sempertea.eu\/de\/Produkte\/englischer-fruehstueckstee-kaufen-nachhaltiger-tee\/","name":"Englischer Fr\u00fchst\u00fcckstee kaufen | Nachhaltiger Tee | Plastikfrei","isPartOf":{"@id":"https:\/\/www.sempertea.eu\/#website"},"primaryImageOfPage":{"@id":"https:\/\/www.sempertea.eu\/de\/Produkte\/englischer-fruehstueckstee-kaufen-nachhaltiger-tee\/#primaryimage"},"image":{"@id":"https:\/\/www.sempertea.eu\/de\/Produkte\/englischer-fruehstueckstee-kaufen-nachhaltiger-tee\/#primaryimage"},"thumbnailUrl":"https:\/\/www.sempertea.eu\/wp-content\/uploads\/2023\/08\/english-breakfast-tea-ingredientes-organicos-envase-libre-de-plastico-semper-tea-.jpg","datePublished":"2023-08-23T17:08:56+00:00","dateModified":"2023-08-23T17:31:01+00:00","description":"K\u00f6stlichen English Breakfast Tee in biologisch abbaubaren Pyramidenbeuteln. Das perfekte englische Fr\u00fchst\u00fcckserlebnis erleben. Plastikfrei.","breadcrumb":{"@id":"https:\/\/www.sempertea.eu\/de\/Produkte\/englischer-fruehstueckstee-kaufen-nachhaltiger-tee\/#breadcrumb"},"inLanguage":"de","potentialAction":[{"@type":"ReadAction","target":["https:\/\/www.sempertea.eu\/de\/Produkte\/englischer-fruehstueckstee-kaufen-nachhaltiger-tee\/"]}]},{"@type":"ImageObject","inLanguage":"de","@id":"https:\/\/www.sempertea.eu\/de\/Produkte\/englischer-fruehstueckstee-kaufen-nachhaltiger-tee\/#primaryimage","url":"https:\/\/www.sempertea.eu\/wp-content\/uploads\/2023\/08\/english-breakfast-tea-ingredientes-organicos-envase-libre-de-plastico-semper-tea-.jpg","contentUrl":"https:\/\/www.sempertea.eu\/wp-content\/uploads\/2023\/08\/english-breakfast-tea-ingredientes-organicos-envase-libre-de-plastico-semper-tea-.jpg","width":1500,"height":1500,"caption":"English Breakfast Tea Ingredientes Org\u00e1nicos en Envase Libre de Pl\u00e1stico"},{"@type":"BreadcrumbList","@id":"https:\/\/www.sempertea.eu\/de\/Produkte\/englischer-fruehstueckstee-kaufen-nachhaltiger-tee\/#breadcrumb","itemListElement":[{"@type":"ListItem","position":1,"name":"Portada","item":"https:\/\/www.sempertea.eu\/de\/"},{"@type":"ListItem","position":2,"name":"Shop","item":"https:\/\/www.sempertea.eu\/de\/shop\/"},{"@type":"ListItem","position":3,"name":"ENGLISH BREAKFAST Bio Tee I Teepyramide im Umschlag"}]},{"@type":"WebSite","@id":"https:\/\/www.sempertea.eu\/#website","url":"https:\/\/www.sempertea.eu\/","name":"Semper Tea | Mayorista y fabricante de T\u00e9s e Infusiones para hoteles, restaurantes y bares","description":"T\u00e9s e infusiones para hosteler\u00eda, hoteler\u00eda y comercio","potentialAction":[{"@type":"SearchAction","target":{"@type":"EntryPoint","urlTemplate":"https:\/\/www.sempertea.eu\/?s={search_term_string}"},"query-input":{"@type":"PropertyValueSpecification","valueRequired":true,"valueName":"search_term_string"}}],"inLanguage":"de"}]}},"_links":{"self":[{"href":"https:\/\/www.sempertea.eu\/de\/wp-json\/wp\/v2\/product\/8262","targetHints":{"allow":["GET"]}}],"collection":[{"href":"https:\/\/www.sempertea.eu\/de\/wp-json\/wp\/v2\/product"}],"about":[{"href":"https:\/\/www.sempertea.eu\/de\/wp-json\/wp\/v2\/types\/product"}],"replies":[{"embeddable":true,"href":"https:\/\/www.sempertea.eu\/de\/wp-json\/wp\/v2\/comments?post=8262"}],"wp:featuredmedia":[{"embeddable":true,"href":"https:\/\/www.sempertea.eu\/de\/wp-json\/wp\/v2\/media\/8272"}],"wp:attachment":[{"href":"https:\/\/www.sempertea.eu\/de\/wp-json\/wp\/v2\/media?parent=8262"}],"wp:term":[{"taxonomy":"product_brand","embeddable":true,"href":"https:\/\/www.sempertea.eu\/de\/wp-json\/wp\/v2\/product_brand?post=8262"},{"taxonomy":"product_cat","embeddable":true,"href":"https:\/\/www.sempertea.eu\/de\/wp-json\/wp\/v2\/product_cat?post=8262"},{"taxonomy":"product_tag","embeddable":true,"href":"https:\/\/www.sempertea.eu\/de\/wp-json\/wp\/v2\/product_tag?post=8262"}],"curies":[{"name":"wp","href":"https:\/\/api.w.org\/{rel}","templated":true}]}}