{"id":8238,"date":"2023-08-22T20:36:25","date_gmt":"2023-08-22T20:01:26","guid":{"rendered":"https:\/\/www.sempertea.eu\/rooibos-bio-tee-i-teepyramide-im-umschlag\/"},"modified":"2023-08-22T21:09:18","modified_gmt":"2023-08-22T20:09:18","slug":"roibusch-biotees-plastikfreie-teebeutel","status":"publish","type":"product","link":"https:\/\/www.sempertea.eu\/de\/Produkte\/roibusch-biotees-plastikfreie-teebeutel\/","title":{"rendered":"ROOIBOS Bio Tee I Teepyramide im Umschlag"},"content":{"rendered":"<h2>Rooibos: Authentischer Teegenuss plastikfrei<\/h2>\n<p>Der Roibusch Tee wird aus den Bl\u00e4ttern und feinen St\u00e4ngeln eines Strauches gewonnen, der in S\u00fcdafrika w\u00e4chst. Sein Geschmack ist sanft und zart mit nat\u00fcrlicher S\u00fc\u00dfe und einer leichten nussigen Note. Ein herrlich erdiger Tee, der komplett frei von Koffein und Teein ist.<\/p>\n<p>Zus\u00e4tzlich ist der Rooibos-Tee reich an Antioxidantien und enth\u00e4lt hohe Mengen an Vitamin C, Eisen, Kalium, Kalzium, Kupfer, Zink sowie anderen Mineralien und Fluorid.<\/p>\n<p>Rooibos steht f\u00fcr unverf\u00e4lschten Teegenuss.<\/p>\n<h3>SEMPER TEA ist nachhaltig<\/h3>\n<p>Eine der gr\u00f6\u00dften \u00f6kologischen Belastungen ist Plastikm\u00fcll. J\u00e4hrlich fallen Millionen Tonnen von Plastikabf\u00e4llen an, wobei Einwegplastikverpackungen einen erheblichen Teil dieses Problems ausmachen. Dank fortschrittlicher Technologien gibt es in der Verpackungsindustrie immer wieder neue Entwicklungen.<\/p>\n<p>Bei SEMPER TEA haben wir es uns zur Aufgabe gemacht, Kunststoffe in unseren Verpackungen zu minimieren und nachhaltige Materialien zu verwenden. Mit unserer neuen <a href=\"https:\/\/www.sempertea.eu\/de\/ambar-frei-von-plastik-verpackung-abbaubar-nachhaltig-umweltfreundlich\/\" target=\"_blank\" rel=\"noopener\">Tee-Linie AMBAR<\/a> konnten wir unseren \u00f6kologischen Fu\u00dfabdruck so gering wie m\u00f6glich halten.<\/p>\n","protected":false},"excerpt":{"rendered":"<p><strong>Weich und erdig mit nat\u00fcrlicher S\u00fc\u00dfe<\/strong><\/p>\n<p>Ein nat\u00fcrlicher Biotee der den Zauber S\u00fcdafrikas in sich tr\u00e4gt. Sein angenehm erdiger Geschmack kombiniert mit einer leicht s\u00fc\u00dfen Note, machen diesen Tee zu einem aussergew\u00f6nlichen Teegenuss. Und das ganz ohne Koffein.<\/p>\n","protected":false},"featured_media":8269,"comment_status":"open","ping_status":"closed","template":"","meta":[],"product_brand":[],"product_cat":[132,114,115,116,133,110,113,124,122,108],"product_tag":[],"class_list":{"0":"post-8238","1":"product","2":"type-product","3":"status-publish","4":"has-post-thumbnail","6":"product_cat-tee-ohne-plastik-verpackung-biotees-natur-plastikfrei","7":"product_cat-alle","8":"product_cat-alle-de","9":"product_cat-alle-de-2","10":"product_cat-ambar-frei-von-plastik-verpackung-abbaubar-nachhaltig-umweltfreundlich","11":"product_cat-biologisch-abbaubare-pyramide-teebeutel-biotee-kompostierbar","12":"product_cat-biotees-sortiment-online-kaufen","13":"product_cat-teesortiment-formate-packaging-attraktiv-biotees-verpackung","14":"product_cat-rooibos-tee-erdig-koffein-frei-biotee-sudafrika-rotbusch","15":"product_cat-sortiment-tee-packaging-verpackung-attraktiv-biotees-design","17":"first","18":"instock","19":"shipping-taxable","20":"purchasable","21":"product-type-simple"},"yoast_head":"<!-- This site is optimized with the Yoast SEO Premium plugin v27.3 (Yoast SEO v27.4) - https:\/\/yoast.com\/product\/yoast-seo-premium-wordpress\/ -->\n<title>Nachhaltiger BIO Roibusch Pyramiden Tee | FREI VON PLASTIK<\/title>\n<meta name=\"description\" content=\"Plastikfreien Bio Roibusch Pyramiden Tee Beutel \u2013 eine nachhaltige Wahl f\u00fcr puren Teegenuss. Reich an Antioxidantien und nat\u00fcrlichen Aromen.\" \/>\n<meta name=\"robots\" content=\"index, follow, max-snippet:-1, max-image-preview:large, max-video-preview:-1\" \/>\n<link rel=\"canonical\" href=\"https:\/\/www.sempertea.eu\/Produkte\/te-de-rooibos-libre-sin-plastico\/\" \/>\n<meta property=\"og:locale\" content=\"de_DE\" \/>\n<meta property=\"og:type\" content=\"article\" \/>\n<meta property=\"og:title\" content=\"ROOIBOS Bio Tee I Teepyramide im Umschlag\" \/>\n<meta property=\"og:description\" content=\"Plastikfreien Bio Roibusch Pyramiden Tee Beutel \u2013 eine nachhaltige Wahl f\u00fcr puren Teegenuss. Reich an Antioxidantien und nat\u00fcrlichen Aromen.\" \/>\n<meta property=\"og:url\" content=\"https:\/\/www.sempertea.eu\/Produkte\/te-de-rooibos-libre-sin-plastico\/\" \/>\n<meta property=\"og:site_name\" content=\"Semper Tea | Mayorista y fabricante de T\u00e9s e Infusiones para hoteles, restaurantes y bares\" \/>\n<meta property=\"article:modified_time\" content=\"2023-08-22T20:09:18+00:00\" \/>\n<meta property=\"og:image\" content=\"https:\/\/www.sempertea.eu\/wp-content\/uploads\/2023\/08\/te-de-rooibos-envase-libre-sin-plastico-semper-tea-.jpg\" \/>\n\t<meta property=\"og:image:width\" content=\"1\" \/>\n\t<meta property=\"og:image:height\" content=\"1\" \/>\n\t<meta property=\"og:image:type\" content=\"image\/jpeg\" \/>\n<meta name=\"twitter:card\" content=\"summary_large_image\" \/>\n<meta name=\"twitter:label1\" content=\"Gesch\u00e4tzte Lesezeit\" \/>\n\t<meta name=\"twitter:data1\" content=\"1\u00a0Minute\" \/>\n<script type=\"application\/ld+json\" class=\"yoast-schema-graph\">{\"@context\":\"https:\\\/\\\/schema.org\",\"@graph\":[{\"@type\":\"WebPage\",\"@id\":\"https:\\\/\\\/www.sempertea.eu\\\/Produkte\\\/te-de-rooibos-libre-sin-plastico\\\/\",\"url\":\"https:\\\/\\\/www.sempertea.eu\\\/Produkte\\\/te-de-rooibos-libre-sin-plastico\\\/\",\"name\":\"Nachhaltiger BIO Roibusch Pyramiden Tee | FREI VON PLASTIK\",\"isPartOf\":{\"@id\":\"https:\\\/\\\/www.sempertea.eu\\\/#website\"},\"primaryImageOfPage\":{\"@id\":\"https:\\\/\\\/www.sempertea.eu\\\/Produkte\\\/te-de-rooibos-libre-sin-plastico\\\/#primaryimage\"},\"image\":{\"@id\":\"https:\\\/\\\/www.sempertea.eu\\\/Produkte\\\/te-de-rooibos-libre-sin-plastico\\\/#primaryimage\"},\"thumbnailUrl\":\"https:\\\/\\\/www.sempertea.eu\\\/wp-content\\\/uploads\\\/2023\\\/08\\\/te-de-rooibos-envase-libre-sin-plastico-semper-tea-.jpg\",\"datePublished\":\"2023-08-22T20:01:26+00:00\",\"dateModified\":\"2023-08-22T20:09:18+00:00\",\"description\":\"Plastikfreien Bio Roibusch Pyramiden Tee Beutel \u2013 eine nachhaltige Wahl f\u00fcr puren Teegenuss. Reich an Antioxidantien und nat\u00fcrlichen Aromen.\",\"breadcrumb\":{\"@id\":\"https:\\\/\\\/www.sempertea.eu\\\/Produkte\\\/te-de-rooibos-libre-sin-plastico\\\/#breadcrumb\"},\"inLanguage\":\"de\",\"potentialAction\":[{\"@type\":\"ReadAction\",\"target\":[\"https:\\\/\\\/www.sempertea.eu\\\/Produkte\\\/te-de-rooibos-libre-sin-plastico\\\/\"]}]},{\"@type\":\"ImageObject\",\"inLanguage\":\"de\",\"@id\":\"https:\\\/\\\/www.sempertea.eu\\\/Produkte\\\/te-de-rooibos-libre-sin-plastico\\\/#primaryimage\",\"url\":\"https:\\\/\\\/www.sempertea.eu\\\/wp-content\\\/uploads\\\/2023\\\/08\\\/te-de-rooibos-envase-libre-sin-plastico-semper-tea-.jpg\",\"contentUrl\":\"https:\\\/\\\/www.sempertea.eu\\\/wp-content\\\/uploads\\\/2023\\\/08\\\/te-de-rooibos-envase-libre-sin-plastico-semper-tea-.jpg\",\"width\":1500,\"height\":1500,\"caption\":\"T\u00e9 de Rooibos Libre de Pl\u00e1stico semper tea\"},{\"@type\":\"BreadcrumbList\",\"@id\":\"https:\\\/\\\/www.sempertea.eu\\\/Produkte\\\/te-de-rooibos-libre-sin-plastico\\\/#breadcrumb\",\"itemListElement\":[{\"@type\":\"ListItem\",\"position\":1,\"name\":\"Portada\",\"item\":\"https:\\\/\\\/www.sempertea.eu\\\/de\\\/\"},{\"@type\":\"ListItem\",\"position\":2,\"name\":\"Shop\",\"item\":\"https:\\\/\\\/www.sempertea.eu\\\/de\\\/shop\\\/\"},{\"@type\":\"ListItem\",\"position\":3,\"name\":\"ROOIBOS Bio Tee I Teepyramide im Umschlag\"}]},{\"@type\":\"WebSite\",\"@id\":\"https:\\\/\\\/www.sempertea.eu\\\/#website\",\"url\":\"https:\\\/\\\/www.sempertea.eu\\\/\",\"name\":\"Semper Tea | Mayorista y fabricante de T\u00e9s e Infusiones para hoteles, restaurantes y bares\",\"description\":\"T\u00e9s e infusiones para hosteler\u00eda, hoteler\u00eda y comercio\",\"potentialAction\":[{\"@type\":\"SearchAction\",\"target\":{\"@type\":\"EntryPoint\",\"urlTemplate\":\"https:\\\/\\\/www.sempertea.eu\\\/?s={search_term_string}\"},\"query-input\":{\"@type\":\"PropertyValueSpecification\",\"valueRequired\":true,\"valueName\":\"search_term_string\"}}],\"inLanguage\":\"de\"}]}<\/script>\n<!-- \/ Yoast SEO Premium plugin. -->","yoast_head_json":{"title":"Nachhaltiger BIO Roibusch Pyramiden Tee | FREI VON PLASTIK","description":"Plastikfreien Bio Roibusch Pyramiden Tee Beutel \u2013 eine nachhaltige Wahl f\u00fcr puren Teegenuss. Reich an Antioxidantien und nat\u00fcrlichen Aromen.","robots":{"index":"index","follow":"follow","max-snippet":"max-snippet:-1","max-image-preview":"max-image-preview:large","max-video-preview":"max-video-preview:-1"},"canonical":"https:\/\/www.sempertea.eu\/Produkte\/te-de-rooibos-libre-sin-plastico\/","og_locale":"de_DE","og_type":"article","og_title":"ROOIBOS Bio Tee I Teepyramide im Umschlag","og_description":"Plastikfreien Bio Roibusch Pyramiden Tee Beutel \u2013 eine nachhaltige Wahl f\u00fcr puren Teegenuss. Reich an Antioxidantien und nat\u00fcrlichen Aromen.","og_url":"https:\/\/www.sempertea.eu\/Produkte\/te-de-rooibos-libre-sin-plastico\/","og_site_name":"Semper Tea | Mayorista y fabricante de T\u00e9s e Infusiones para hoteles, restaurantes y bares","article_modified_time":"2023-08-22T20:09:18+00:00","og_image":[{"url":"https:\/\/www.sempertea.eu\/wp-content\/uploads\/2023\/08\/te-de-rooibos-envase-libre-sin-plastico-semper-tea-.jpg","width":1,"height":1,"type":"image\/jpeg"}],"twitter_card":"summary_large_image","twitter_misc":{"Gesch\u00e4tzte Lesezeit":"1\u00a0Minute"},"schema":{"@context":"https:\/\/schema.org","@graph":[{"@type":"WebPage","@id":"https:\/\/www.sempertea.eu\/Produkte\/te-de-rooibos-libre-sin-plastico\/","url":"https:\/\/www.sempertea.eu\/Produkte\/te-de-rooibos-libre-sin-plastico\/","name":"Nachhaltiger BIO Roibusch Pyramiden Tee | FREI VON PLASTIK","isPartOf":{"@id":"https:\/\/www.sempertea.eu\/#website"},"primaryImageOfPage":{"@id":"https:\/\/www.sempertea.eu\/Produkte\/te-de-rooibos-libre-sin-plastico\/#primaryimage"},"image":{"@id":"https:\/\/www.sempertea.eu\/Produkte\/te-de-rooibos-libre-sin-plastico\/#primaryimage"},"thumbnailUrl":"https:\/\/www.sempertea.eu\/wp-content\/uploads\/2023\/08\/te-de-rooibos-envase-libre-sin-plastico-semper-tea-.jpg","datePublished":"2023-08-22T20:01:26+00:00","dateModified":"2023-08-22T20:09:18+00:00","description":"Plastikfreien Bio Roibusch Pyramiden Tee Beutel \u2013 eine nachhaltige Wahl f\u00fcr puren Teegenuss. Reich an Antioxidantien und nat\u00fcrlichen Aromen.","breadcrumb":{"@id":"https:\/\/www.sempertea.eu\/Produkte\/te-de-rooibos-libre-sin-plastico\/#breadcrumb"},"inLanguage":"de","potentialAction":[{"@type":"ReadAction","target":["https:\/\/www.sempertea.eu\/Produkte\/te-de-rooibos-libre-sin-plastico\/"]}]},{"@type":"ImageObject","inLanguage":"de","@id":"https:\/\/www.sempertea.eu\/Produkte\/te-de-rooibos-libre-sin-plastico\/#primaryimage","url":"https:\/\/www.sempertea.eu\/wp-content\/uploads\/2023\/08\/te-de-rooibos-envase-libre-sin-plastico-semper-tea-.jpg","contentUrl":"https:\/\/www.sempertea.eu\/wp-content\/uploads\/2023\/08\/te-de-rooibos-envase-libre-sin-plastico-semper-tea-.jpg","width":1500,"height":1500,"caption":"T\u00e9 de Rooibos Libre de Pl\u00e1stico semper tea"},{"@type":"BreadcrumbList","@id":"https:\/\/www.sempertea.eu\/Produkte\/te-de-rooibos-libre-sin-plastico\/#breadcrumb","itemListElement":[{"@type":"ListItem","position":1,"name":"Portada","item":"https:\/\/www.sempertea.eu\/de\/"},{"@type":"ListItem","position":2,"name":"Shop","item":"https:\/\/www.sempertea.eu\/de\/shop\/"},{"@type":"ListItem","position":3,"name":"ROOIBOS Bio Tee I Teepyramide im Umschlag"}]},{"@type":"WebSite","@id":"https:\/\/www.sempertea.eu\/#website","url":"https:\/\/www.sempertea.eu\/","name":"Semper Tea | Mayorista y fabricante de T\u00e9s e Infusiones para hoteles, restaurantes y bares","description":"T\u00e9s e infusiones para hosteler\u00eda, hoteler\u00eda y comercio","potentialAction":[{"@type":"SearchAction","target":{"@type":"EntryPoint","urlTemplate":"https:\/\/www.sempertea.eu\/?s={search_term_string}"},"query-input":{"@type":"PropertyValueSpecification","valueRequired":true,"valueName":"search_term_string"}}],"inLanguage":"de"}]}},"_links":{"self":[{"href":"https:\/\/www.sempertea.eu\/de\/wp-json\/wp\/v2\/product\/8238","targetHints":{"allow":["GET"]}}],"collection":[{"href":"https:\/\/www.sempertea.eu\/de\/wp-json\/wp\/v2\/product"}],"about":[{"href":"https:\/\/www.sempertea.eu\/de\/wp-json\/wp\/v2\/types\/product"}],"replies":[{"embeddable":true,"href":"https:\/\/www.sempertea.eu\/de\/wp-json\/wp\/v2\/comments?post=8238"}],"wp:featuredmedia":[{"embeddable":true,"href":"https:\/\/www.sempertea.eu\/de\/wp-json\/wp\/v2\/media\/8269"}],"wp:attachment":[{"href":"https:\/\/www.sempertea.eu\/de\/wp-json\/wp\/v2\/media?parent=8238"}],"wp:term":[{"taxonomy":"product_brand","embeddable":true,"href":"https:\/\/www.sempertea.eu\/de\/wp-json\/wp\/v2\/product_brand?post=8238"},{"taxonomy":"product_cat","embeddable":true,"href":"https:\/\/www.sempertea.eu\/de\/wp-json\/wp\/v2\/product_cat?post=8238"},{"taxonomy":"product_tag","embeddable":true,"href":"https:\/\/www.sempertea.eu\/de\/wp-json\/wp\/v2\/product_tag?post=8238"}],"curies":[{"name":"wp","href":"https:\/\/api.w.org\/{rel}","templated":true}]}}