{"id":5413,"date":"2021-08-07T18:05:26","date_gmt":"2022-08-19T22:08:17","guid":{"rendered":"https:\/\/www.sempertea.eu\/sortiment-von-biotees-in-reagenzglas-display-box-aus-holz\/"},"modified":"2025-04-29T15:05:36","modified_gmt":"2025-04-29T13:05:36","slug":"bio-tee-im-reagenzglas-mit-korken-holz-display-firmenpraesente","status":"publish","type":"product","link":"https:\/\/www.sempertea.eu\/de\/Produkte\/bio-tee-im-reagenzglas-mit-korken-holz-display-firmenpraesente\/","title":{"rendered":"Bio-Tee im Reagenzglas mit Korken in Holz-Display | Originelle Firmenpr\u00e4sente"},"content":{"rendered":"<h1 data-start=\"175\" data-end=\"247\">Tee im Reagenzglas mit Korken<\/h1>\n<p class=\"\" data-start=\"249\" data-end=\"665\"><strong data-start=\"249\" data-end=\"280\">Teesortiment im Reagenzglas<\/strong> in einer attraktiven <strong data-start=\"302\" data-end=\"326\">Display Box aus Holz<\/strong> \u2013 die perfekte Kombination aus Stil und Geschmack f\u00fcr echte <strong data-start=\"387\" data-end=\"403\">Teeliebhaber<\/strong>. In dieser hochwertigen <strong data-start=\"428\" data-end=\"440\">Teekiste<\/strong> befinden sich <strong data-start=\"455\" data-end=\"486\">24 Reagenzgl\u00e4ser mit Korken<\/strong>, gef\u00fcllt mit feinsten <strong data-start=\"509\" data-end=\"525\">Bioteesorten<\/strong> von Semper Tea. Jedes <strong data-start=\"548\" data-end=\"567\">Reagenzglas Tee<\/strong> enth\u00e4lt 10\u201314\u202fg Tee, ausreichend f\u00fcr 5\u20136 Tassen \u2013 ideal zum Probieren, Genie\u00dfen oder Verschenken.<\/p>\n<p class=\"\" data-start=\"667\" data-end=\"987\">Diese <strong data-start=\"673\" data-end=\"709\">kleinen Reagenzgl\u00e4ser mit Korken<\/strong> sind nicht nur praktisch, sondern auch ein echter Blickfang. Die nachhaltige und moderne Pr\u00e4sentation macht dieses Set perfekt f\u00fcr besondere Anl\u00e4sse \u2013 ob als <strong data-start=\"868\" data-end=\"887\">Teebox Geschenk<\/strong>, <strong data-start=\"889\" data-end=\"922\">Firmenpr\u00e4sente zu Weihnachten<\/strong>, f\u00fcr Hochzeiten, Taufen oder einfach als stilvolles Mitbringsel.<\/p>\n<h3 class=\"\" data-start=\"989\" data-end=\"1041\">K\u00f6stliche Teemischungen in edlen Reagenzgl\u00e4sern:<\/h3>\n<ul data-start=\"1043\" data-end=\"1571\">\n<li class=\"\" data-start=\"1043\" data-end=\"1143\">\n<p class=\"\" data-start=\"1045\" data-end=\"1143\"><strong data-start=\"1045\" data-end=\"1066\">ENGLISH BREAKFAST<\/strong> \u2013 Kr\u00e4ftig, intensiv und vollmundig \u2013 f\u00fcr Fans des klassischen Schwarztees.<\/p>\n<\/li>\n<li class=\"\" data-start=\"1144\" data-end=\"1227\">\n<p class=\"\" data-start=\"1146\" data-end=\"1227\"><strong data-start=\"1146\" data-end=\"1159\">GREEN TEA<\/strong> \u2013 Fein, frisch und anregend. Ideal f\u00fcr ein bewusstes Teeerlebnis.<\/p>\n<\/li>\n<li class=\"\" data-start=\"1228\" data-end=\"1322\">\n<p class=\"\" data-start=\"1230\" data-end=\"1322\"><strong data-start=\"1230\" data-end=\"1252\">GREEN GINGER LEMON<\/strong> \u2013 W\u00fcrzig, zitronig und perfekt f\u00fcr einen frischen Start in den Tag.<\/p>\n<\/li>\n<li class=\"\" data-start=\"1323\" data-end=\"1401\">\n<p class=\"\" data-start=\"1325\" data-end=\"1401\"><strong data-start=\"1325\" data-end=\"1342\">FRUIT PASSION<\/strong> \u2013 Fruchtig, koffeinfrei und voller nat\u00fcrlicher Vitamine.<\/p>\n<\/li>\n<li class=\"\" data-start=\"1402\" data-end=\"1484\">\n<p class=\"\" data-start=\"1404\" data-end=\"1484\"><strong data-start=\"1404\" data-end=\"1428\">LIQUORICE MINT APPLE<\/strong> \u2013 Erfrischend s\u00fc\u00df und harmonisch \u2013 ganz ohne Koffein.<\/p>\n<\/li>\n<li class=\"\" data-start=\"1485\" data-end=\"1571\">\n<p class=\"\" data-start=\"1487\" data-end=\"1571\"><strong data-start=\"1487\" data-end=\"1498\">ROOIBOS<\/strong> \u2013 Mild, vollmundig und mit seiner rotbraunen Farbe ein echter Klassiker.<\/p>\n<\/li>\n<\/ul>\n<h4 data-start=\"1573\" data-end=\"1629\">Teegeschenke im Reagenzglas \u2013 stilvoll und originell<\/h4>\n<p class=\"\" data-start=\"1631\" data-end=\"2045\">Ob als festliches Pr\u00e4sent oder <strong data-start=\"1662\" data-end=\"1684\">Weihnachtsgeschenk<\/strong>, dieses <strong data-start=\"1693\" data-end=\"1716\">Reagenzglas Tee Set<\/strong> ist eine elegante Art, hochwertigen Bio-Tee zu verschenken. Die <strong data-start=\"1781\" data-end=\"1809\">Reagenzgl\u00e4ser mit Deckel<\/strong> sorgen f\u00fcr optimalen Aromaschutz und machen die Aufbewahrung einfach.<\/p>\n<p class=\"\" data-start=\"2047\" data-end=\"2363\">Unsere <strong data-start=\"2054\" data-end=\"2082\">Reagenzgl\u00e4ser mit Korken<\/strong> vereinen Nachhaltigkeit mit Eleganz und sind ein ideales Geschenk f\u00fcr alle, die das Besondere lieben. Ob als charmante Kleinigkeit oder als stilvolles <strong data-start=\"2234\" data-end=\"2258\">Reagenzglas Geschenk<\/strong>: \u00fcberraschen Sie Ihre G\u00e4ste, Kunden oder Liebsten mit einem Hauch von Innovation und Tradition in einem.<\/p>\n<p class=\"\" data-start=\"2365\" data-end=\"2590\">Erleben Sie <strong data-start=\"2377\" data-end=\"2418\">Gourmet-Tee in hochwertigen Pyramiden<\/strong> einmal anders \u2013 als edles <strong data-start=\"2445\" data-end=\"2472\">Reagenzglas Tee Pr\u00e4sent<\/strong>, verpackt in einem geschmackvollen Holzdisplay. Ihre <strong data-start=\"2526\" data-end=\"2555\">Reagenzgl\u00e4ser Tee Auswahl<\/strong> wartet darauf, entdeckt zu werden.<\/p>\n<p>&nbsp;<\/p>\n","protected":false},"excerpt":{"rendered":"<div class=\"product-short-description\">\n<p class=\"\" data-start=\"277\" data-end=\"668\">Ein modernes, originelles und nachhaltiges Format, das sofort ins Auge f\u00e4llt: <strong data-start=\"372\" data-end=\"391\">Teedisplay aus Holz<\/strong> enth\u00e4lt 24 <strong data-start=\"403\" data-end=\"431\">Reagenzgl\u00e4ser mit Korken<\/strong>, gef\u00fcllt mit 6 sorgf\u00e4ltig ausgew\u00e4hlten Bio- und Kr\u00e4utertees. Jedes Glasr\u00f6hrchen bietet nicht nur einzigartigen Geschmack, sondern auch ein besonderes Erlebnis f\u00fcr alle Sinne \u2013 ideal f\u00fcr neugierige Teegenie\u00dfer und echte <strong data-start=\"651\" data-end=\"667\">Teeliebhaber<\/strong>.<\/p>\n<p class=\"\" data-start=\"670\" data-end=\"1041\">Ob als pers\u00f6nlicher Genussmoment oder als geschmackvolles Pr\u00e4sent: Diese <strong data-start=\"743\" data-end=\"766\">Reagenzglas Tee Box<\/strong> ist <strong data-start=\"771\" data-end=\"794\">das ideale Geschenk<\/strong> f\u00fcr jede Gelegenheit \u2013 ob <strong data-start=\"821\" data-end=\"835\">Geburtstag<\/strong>, <strong data-start=\"837\" data-end=\"853\">Gastgeschenk<\/strong>, <strong data-start=\"855\" data-end=\"870\">Weihnachten<\/strong> oder <strong data-start=\"876\" data-end=\"893\">Firmenpr\u00e4sent<\/strong>. Die Kombination aus hochwertigem Inhalt und au\u00dfergew\u00f6hnlicher Verpackung macht sie zu einem beliebten Highlight f\u00fcr Kunden, Freunde oder Kollegen.<\/p>\n<\/div>\n","protected":false},"featured_media":16024,"comment_status":"open","ping_status":"closed","template":"","meta":[],"product_brand":[],"product_cat":[115,116,114,113,129,361,108,131,123,359,360],"product_tag":[],"class_list":{"0":"post-5413","1":"product","2":"type-product","3":"status-publish","4":"has-post-thumbnail","6":"product_cat-alle-de","7":"product_cat-alle-de-2","8":"product_cat-alle","9":"product_cat-biotees-sortiment-online-kaufen","10":"product_cat-crystal-loser-tee-recycle-im-glas-tee-reagenzglas-biotee-nachhaltig","11":"product_cat-geburtstagsangaben","12":"product_cat-sortiment-tee-packaging-verpackung-attraktiv-biotees-design","13":"product_cat-tee-im-reagenzglas-teegeschenk-geschenk-teeliebhaber-tea-lover","14":"product_cat-teegeschenke-teekisten-teeideen-teeliebhaber-geschenk-mit-tee","15":"product_cat-teeliebhaber-tea-lover","16":"product_cat-weihnachtsgeschenke","18":"first","19":"instock","20":"shipping-taxable","21":"purchasable","22":"product-type-simple"},"yoast_head":"<!-- This site is optimized with the Yoast SEO Premium plugin v27.3 (Yoast SEO v27.3) - https:\/\/yoast.com\/product\/yoast-seo-premium-wordpress\/ -->\n<title>Bio-Tee im Reagenzglas mit Korken Holz-Display | Firmenpr\u00e4sente<\/title>\n<meta name=\"description\" content=\"Edler Bio-Tee im Reagenzglas mit Korken \u2013 stilvoll verpackt im Holz-Display. Perfekt als originelles Weihnachtsgeschenk oder Firmenpr\u00e4sent.\" \/>\n<meta name=\"robots\" content=\"index, follow, max-snippet:-1, max-image-preview:large, max-video-preview:-1\" \/>\n<link rel=\"canonical\" href=\"https:\/\/www.sempertea.eu\/de\/Produkte\/bio-tee-im-reagenzglas-mit-korken-holz-display-firmenpraesente\/\" \/>\n<meta property=\"og:locale\" content=\"de_DE\" \/>\n<meta property=\"og:type\" content=\"article\" \/>\n<meta property=\"og:title\" content=\"Bio-Tee im Reagenzglas mit Korken in Holz-Display | Originelle Firmenpr\u00e4sente\" \/>\n<meta property=\"og:description\" content=\"Edler Bio-Tee im Reagenzglas mit Korken \u2013 stilvoll verpackt im Holz-Display. Perfekt als originelles Weihnachtsgeschenk oder Firmenpr\u00e4sent.\" \/>\n<meta property=\"og:url\" content=\"https:\/\/www.sempertea.eu\/de\/Produkte\/bio-tee-im-reagenzglas-mit-korken-holz-display-firmenpraesente\/\" \/>\n<meta property=\"og:site_name\" content=\"Semper Tea | Mayorista y fabricante de T\u00e9s e Infusiones para hoteles, restaurantes y bares\" \/>\n<meta property=\"article:modified_time\" content=\"2025-04-29T13:05:36+00:00\" \/>\n<meta property=\"og:image\" content=\"https:\/\/www.sempertea.eu\/wp-content\/uploads\/2021\/08\/tes-infusiones-en-tubo-de-cristal-display-semper-tea.jpg\" \/>\n<meta name=\"twitter:card\" content=\"summary_large_image\" \/>\n<meta name=\"twitter:image\" content=\"https:\/\/www.sempertea.eu\/wp-content\/uploads\/2021\/08\/tes-infusiones-en-tubo-de-cristal-display-semper-tea.jpg\" \/>\n<meta name=\"twitter:label1\" content=\"Gesch\u00e4tzte Lesezeit\" \/>\n\t<meta name=\"twitter:data1\" content=\"2\u00a0Minuten\" \/>\n<script type=\"application\/ld+json\" class=\"yoast-schema-graph\">{\"@context\":\"https:\\\/\\\/schema.org\",\"@graph\":[{\"@type\":\"WebPage\",\"@id\":\"https:\\\/\\\/www.sempertea.eu\\\/de\\\/Produkte\\\/bio-tee-im-reagenzglas-mit-korken-holz-display-firmenpraesente\\\/\",\"url\":\"https:\\\/\\\/www.sempertea.eu\\\/de\\\/Produkte\\\/bio-tee-im-reagenzglas-mit-korken-holz-display-firmenpraesente\\\/\",\"name\":\"Bio-Tee im Reagenzglas mit Korken Holz-Display | Firmenpr\u00e4sente\",\"isPartOf\":{\"@id\":\"https:\\\/\\\/www.sempertea.eu\\\/#website\"},\"primaryImageOfPage\":{\"@id\":\"https:\\\/\\\/www.sempertea.eu\\\/de\\\/Produkte\\\/bio-tee-im-reagenzglas-mit-korken-holz-display-firmenpraesente\\\/#primaryimage\"},\"image\":{\"@id\":\"https:\\\/\\\/www.sempertea.eu\\\/de\\\/Produkte\\\/bio-tee-im-reagenzglas-mit-korken-holz-display-firmenpraesente\\\/#primaryimage\"},\"thumbnailUrl\":\"https:\\\/\\\/www.sempertea.eu\\\/wp-content\\\/uploads\\\/2021\\\/08\\\/caja-muestras-te-regalo-original-expositor-semper-tea.jpg\",\"datePublished\":\"2022-08-19T22:08:17+00:00\",\"dateModified\":\"2025-04-29T13:05:36+00:00\",\"description\":\"Edler Bio-Tee im Reagenzglas mit Korken \u2013 stilvoll verpackt im Holz-Display. Perfekt als originelles Weihnachtsgeschenk oder Firmenpr\u00e4sent.\",\"breadcrumb\":{\"@id\":\"https:\\\/\\\/www.sempertea.eu\\\/de\\\/Produkte\\\/bio-tee-im-reagenzglas-mit-korken-holz-display-firmenpraesente\\\/#breadcrumb\"},\"inLanguage\":\"de\",\"potentialAction\":[{\"@type\":\"ReadAction\",\"target\":[\"https:\\\/\\\/www.sempertea.eu\\\/de\\\/Produkte\\\/bio-tee-im-reagenzglas-mit-korken-holz-display-firmenpraesente\\\/\"]}]},{\"@type\":\"ImageObject\",\"inLanguage\":\"de\",\"@id\":\"https:\\\/\\\/www.sempertea.eu\\\/de\\\/Produkte\\\/bio-tee-im-reagenzglas-mit-korken-holz-display-firmenpraesente\\\/#primaryimage\",\"url\":\"https:\\\/\\\/www.sempertea.eu\\\/wp-content\\\/uploads\\\/2021\\\/08\\\/caja-muestras-te-regalo-original-expositor-semper-tea.jpg\",\"contentUrl\":\"https:\\\/\\\/www.sempertea.eu\\\/wp-content\\\/uploads\\\/2021\\\/08\\\/caja-muestras-te-regalo-original-expositor-semper-tea.jpg\",\"width\":1000,\"height\":1000,\"caption\":\"caja muestras te regalo original expositor semper tea\"},{\"@type\":\"BreadcrumbList\",\"@id\":\"https:\\\/\\\/www.sempertea.eu\\\/de\\\/Produkte\\\/bio-tee-im-reagenzglas-mit-korken-holz-display-firmenpraesente\\\/#breadcrumb\",\"itemListElement\":[{\"@type\":\"ListItem\",\"position\":1,\"name\":\"Portada\",\"item\":\"https:\\\/\\\/www.sempertea.eu\\\/de\\\/\"},{\"@type\":\"ListItem\",\"position\":2,\"name\":\"Shop\",\"item\":\"https:\\\/\\\/www.sempertea.eu\\\/de\\\/shop\\\/\"},{\"@type\":\"ListItem\",\"position\":3,\"name\":\"Bio-Tee im Reagenzglas mit Korken in Holz-Display | Originelle Firmenpr\u00e4sente\"}]},{\"@type\":\"WebSite\",\"@id\":\"https:\\\/\\\/www.sempertea.eu\\\/#website\",\"url\":\"https:\\\/\\\/www.sempertea.eu\\\/\",\"name\":\"Semper Tea | Mayorista y fabricante de T\u00e9s e Infusiones para hoteles, restaurantes y bares\",\"description\":\"T\u00e9s e infusiones para hosteler\u00eda, hoteler\u00eda y comercio\",\"potentialAction\":[{\"@type\":\"SearchAction\",\"target\":{\"@type\":\"EntryPoint\",\"urlTemplate\":\"https:\\\/\\\/www.sempertea.eu\\\/?s={search_term_string}\"},\"query-input\":{\"@type\":\"PropertyValueSpecification\",\"valueRequired\":true,\"valueName\":\"search_term_string\"}}],\"inLanguage\":\"de\"}]}<\/script>\n<!-- \/ Yoast SEO Premium plugin. -->","yoast_head_json":{"title":"Bio-Tee im Reagenzglas mit Korken Holz-Display | Firmenpr\u00e4sente","description":"Edler Bio-Tee im Reagenzglas mit Korken \u2013 stilvoll verpackt im Holz-Display. Perfekt als originelles Weihnachtsgeschenk oder Firmenpr\u00e4sent.","robots":{"index":"index","follow":"follow","max-snippet":"max-snippet:-1","max-image-preview":"max-image-preview:large","max-video-preview":"max-video-preview:-1"},"canonical":"https:\/\/www.sempertea.eu\/de\/Produkte\/bio-tee-im-reagenzglas-mit-korken-holz-display-firmenpraesente\/","og_locale":"de_DE","og_type":"article","og_title":"Bio-Tee im Reagenzglas mit Korken in Holz-Display | Originelle Firmenpr\u00e4sente","og_description":"Edler Bio-Tee im Reagenzglas mit Korken \u2013 stilvoll verpackt im Holz-Display. Perfekt als originelles Weihnachtsgeschenk oder Firmenpr\u00e4sent.","og_url":"https:\/\/www.sempertea.eu\/de\/Produkte\/bio-tee-im-reagenzglas-mit-korken-holz-display-firmenpraesente\/","og_site_name":"Semper Tea | Mayorista y fabricante de T\u00e9s e Infusiones para hoteles, restaurantes y bares","article_modified_time":"2025-04-29T13:05:36+00:00","og_image":[{"url":"https:\/\/www.sempertea.eu\/wp-content\/uploads\/2021\/08\/tes-infusiones-en-tubo-de-cristal-display-semper-tea.jpg","type":"","width":"","height":""}],"twitter_card":"summary_large_image","twitter_image":"https:\/\/www.sempertea.eu\/wp-content\/uploads\/2021\/08\/tes-infusiones-en-tubo-de-cristal-display-semper-tea.jpg","twitter_misc":{"Gesch\u00e4tzte Lesezeit":"2\u00a0Minuten"},"schema":{"@context":"https:\/\/schema.org","@graph":[{"@type":"WebPage","@id":"https:\/\/www.sempertea.eu\/de\/Produkte\/bio-tee-im-reagenzglas-mit-korken-holz-display-firmenpraesente\/","url":"https:\/\/www.sempertea.eu\/de\/Produkte\/bio-tee-im-reagenzglas-mit-korken-holz-display-firmenpraesente\/","name":"Bio-Tee im Reagenzglas mit Korken Holz-Display | Firmenpr\u00e4sente","isPartOf":{"@id":"https:\/\/www.sempertea.eu\/#website"},"primaryImageOfPage":{"@id":"https:\/\/www.sempertea.eu\/de\/Produkte\/bio-tee-im-reagenzglas-mit-korken-holz-display-firmenpraesente\/#primaryimage"},"image":{"@id":"https:\/\/www.sempertea.eu\/de\/Produkte\/bio-tee-im-reagenzglas-mit-korken-holz-display-firmenpraesente\/#primaryimage"},"thumbnailUrl":"https:\/\/www.sempertea.eu\/wp-content\/uploads\/2021\/08\/caja-muestras-te-regalo-original-expositor-semper-tea.jpg","datePublished":"2022-08-19T22:08:17+00:00","dateModified":"2025-04-29T13:05:36+00:00","description":"Edler Bio-Tee im Reagenzglas mit Korken \u2013 stilvoll verpackt im Holz-Display. Perfekt als originelles Weihnachtsgeschenk oder Firmenpr\u00e4sent.","breadcrumb":{"@id":"https:\/\/www.sempertea.eu\/de\/Produkte\/bio-tee-im-reagenzglas-mit-korken-holz-display-firmenpraesente\/#breadcrumb"},"inLanguage":"de","potentialAction":[{"@type":"ReadAction","target":["https:\/\/www.sempertea.eu\/de\/Produkte\/bio-tee-im-reagenzglas-mit-korken-holz-display-firmenpraesente\/"]}]},{"@type":"ImageObject","inLanguage":"de","@id":"https:\/\/www.sempertea.eu\/de\/Produkte\/bio-tee-im-reagenzglas-mit-korken-holz-display-firmenpraesente\/#primaryimage","url":"https:\/\/www.sempertea.eu\/wp-content\/uploads\/2021\/08\/caja-muestras-te-regalo-original-expositor-semper-tea.jpg","contentUrl":"https:\/\/www.sempertea.eu\/wp-content\/uploads\/2021\/08\/caja-muestras-te-regalo-original-expositor-semper-tea.jpg","width":1000,"height":1000,"caption":"caja muestras te regalo original expositor semper tea"},{"@type":"BreadcrumbList","@id":"https:\/\/www.sempertea.eu\/de\/Produkte\/bio-tee-im-reagenzglas-mit-korken-holz-display-firmenpraesente\/#breadcrumb","itemListElement":[{"@type":"ListItem","position":1,"name":"Portada","item":"https:\/\/www.sempertea.eu\/de\/"},{"@type":"ListItem","position":2,"name":"Shop","item":"https:\/\/www.sempertea.eu\/de\/shop\/"},{"@type":"ListItem","position":3,"name":"Bio-Tee im Reagenzglas mit Korken in Holz-Display | Originelle Firmenpr\u00e4sente"}]},{"@type":"WebSite","@id":"https:\/\/www.sempertea.eu\/#website","url":"https:\/\/www.sempertea.eu\/","name":"Semper Tea | Mayorista y fabricante de T\u00e9s e Infusiones para hoteles, restaurantes y bares","description":"T\u00e9s e infusiones para hosteler\u00eda, hoteler\u00eda y comercio","potentialAction":[{"@type":"SearchAction","target":{"@type":"EntryPoint","urlTemplate":"https:\/\/www.sempertea.eu\/?s={search_term_string}"},"query-input":{"@type":"PropertyValueSpecification","valueRequired":true,"valueName":"search_term_string"}}],"inLanguage":"de"}]}},"_links":{"self":[{"href":"https:\/\/www.sempertea.eu\/de\/wp-json\/wp\/v2\/product\/5413","targetHints":{"allow":["GET"]}}],"collection":[{"href":"https:\/\/www.sempertea.eu\/de\/wp-json\/wp\/v2\/product"}],"about":[{"href":"https:\/\/www.sempertea.eu\/de\/wp-json\/wp\/v2\/types\/product"}],"replies":[{"embeddable":true,"href":"https:\/\/www.sempertea.eu\/de\/wp-json\/wp\/v2\/comments?post=5413"}],"wp:featuredmedia":[{"embeddable":true,"href":"https:\/\/www.sempertea.eu\/de\/wp-json\/wp\/v2\/media\/16024"}],"wp:attachment":[{"href":"https:\/\/www.sempertea.eu\/de\/wp-json\/wp\/v2\/media?parent=5413"}],"wp:term":[{"taxonomy":"product_brand","embeddable":true,"href":"https:\/\/www.sempertea.eu\/de\/wp-json\/wp\/v2\/product_brand?post=5413"},{"taxonomy":"product_cat","embeddable":true,"href":"https:\/\/www.sempertea.eu\/de\/wp-json\/wp\/v2\/product_cat?post=5413"},{"taxonomy":"product_tag","embeddable":true,"href":"https:\/\/www.sempertea.eu\/de\/wp-json\/wp\/v2\/product_tag?post=5413"}],"curies":[{"name":"wp","href":"https:\/\/api.w.org\/{rel}","templated":true}]}}