{"id":5412,"date":"2021-08-07T17:44:04","date_gmt":"2021-08-07T16:44:04","guid":{"rendered":"https:\/\/www.sempertea.eu\/teeset-mit-3-biotees-loser-tee-in-reagenzglas\/"},"modified":"2025-04-29T15:23:07","modified_gmt":"2025-04-29T13:23:07","slug":"kleines-teeset-im-reagenzglas-originelles-mitbringsel","status":"publish","type":"product","link":"https:\/\/www.sempertea.eu\/de\/Produkte\/kleines-teeset-im-reagenzglas-originelles-mitbringsel\/","title":{"rendered":"TEESET mit 3 Biotees | Loser Tee im Reagenzglas"},"content":{"rendered":"<h2 data-start=\"154\" data-end=\"241\">Ausgefallenes Tee Geschenk \u2013 Biotees im Reagenzglas als originelles Mitbringsel<\/h2>\n<p class=\"\" data-start=\"243\" data-end=\"620\"><strong data-start=\"243\" data-end=\"269\">Biotees im Reagenzglas<\/strong> \u2013 ein wirklich <strong data-start=\"285\" data-end=\"315\">ausgefallenes Tee Geschenk<\/strong>, das nicht nur durch Geschmack, sondern auch durch seine originelle Pr\u00e4sentation \u00fcberzeugt. Diese stilvolle Verpackung enth\u00e4lt <strong data-start=\"443\" data-end=\"470\">3 Reagenzgl\u00e4ser mit Tee<\/strong>, je 10 \/ 13 \/ 15 g \u2013 genug, um 5\u20137 Tassen pro Glasr\u00f6hrchen zuzubereiten. Ideal f\u00fcr alle, die hochwertige Bio-Tees probieren oder verschenken m\u00f6chten.<\/p>\n<h4 class=\"\" data-start=\"622\" data-end=\"650\">Das Bio-Teeset enth\u00e4lt:<\/h4>\n<ul data-start=\"651\" data-end=\"871\">\n<li class=\"\" data-start=\"651\" data-end=\"742\">\n<p class=\"\" data-start=\"653\" data-end=\"742\"><strong data-start=\"653\" data-end=\"674\">ENGLISH BREAKFAST<\/strong> \u2013 Kr\u00e4ftig und vollmundig. Ein Klassiker f\u00fcr Schwarztee-Liebhaber.<\/p>\n<\/li>\n<li class=\"\" data-start=\"743\" data-end=\"800\">\n<p class=\"\" data-start=\"745\" data-end=\"800\"><strong data-start=\"745\" data-end=\"754\">GREEN<\/strong> \u2013 Mild, frisch und reich an Antioxidantien.<\/p>\n<\/li>\n<li class=\"\" data-start=\"801\" data-end=\"871\">\n<p class=\"\" data-start=\"803\" data-end=\"871\"><strong data-start=\"803\" data-end=\"825\">GREEN GINGER LEMON<\/strong> \u2013 W\u00fcrzig und belebend mit Zitrone und Ingwer.<\/p>\n<\/li>\n<\/ul>\n<h3 class=\"\" data-start=\"873\" data-end=\"916\">Originelle Mitbringsel f\u00fcr jeden Anlass<\/h3>\n<p class=\"\" data-start=\"918\" data-end=\"970\">Dieses Tee Geschenkset eignet sich hervorragend als:<\/p>\n<ul data-start=\"971\" data-end=\"1421\">\n<li class=\"\" data-start=\"971\" data-end=\"1036\">\n<p class=\"\" data-start=\"973\" data-end=\"1036\"><strong data-start=\"973\" data-end=\"1000\">Mitbringsel Weihnachten<\/strong> oder <strong data-start=\"1006\" data-end=\"1034\">Mitbringsel zu Silvester<\/strong><\/p>\n<\/li>\n<li class=\"\" data-start=\"1037\" data-end=\"1108\">\n<p class=\"\" data-start=\"1039\" data-end=\"1108\"><strong data-start=\"1073\" data-end=\"1106\">Geschenkideen Mama Geburtstag<\/strong><\/p>\n<\/li>\n<li class=\"\" data-start=\"1109\" data-end=\"1198\">\n<p class=\"\" data-start=\"1111\" data-end=\"1198\"><strong data-start=\"1111\" data-end=\"1138\">Mitbringsel f\u00fcr Freunde<\/strong>, <strong data-start=\"1140\" data-end=\"1164\">Mitbringsel Freundin<\/strong>, <strong data-start=\"1166\" data-end=\"1196\">Mitbringsel f\u00fcr Erwachsene<\/strong><\/p>\n<\/li>\n<li class=\"\" data-start=\"1199\" data-end=\"1278\">\n<p class=\"\" data-start=\"1201\" data-end=\"1278\"><strong data-start=\"1201\" data-end=\"1235\">Kleines Mitbringsel f\u00fcr Frauen<\/strong> oder <strong data-start=\"1241\" data-end=\"1276\">beim Besuch<\/strong><\/p>\n<\/li>\n<li class=\"\" data-start=\"1279\" data-end=\"1346\">\n<p class=\"\" data-start=\"1281\" data-end=\"1346\"><strong data-start=\"1281\" data-end=\"1310\">Mitbringsel zur Einladung<\/strong>, z.\u202fB. zum Abendessen oder Brunch<\/p>\n<\/li>\n<li class=\"\" data-start=\"1347\" data-end=\"1421\">\n<p class=\"\" data-start=\"1349\" data-end=\"1421\">Allgemein als <strong data-start=\"1363\" data-end=\"1389\">originelle Mitbringsel<\/strong> f\u00fcr Teeliebhaber jeden Alters<\/p>\n<\/li>\n<\/ul>\n<p class=\"\" data-start=\"1423\" data-end=\"1701\">Ob f\u00fcr Familie, Freunde oder Kolleg*innen \u2013 dieses kleine, nachhaltige Teeset bringt Stil, Geschmack und Wertsch\u00e4tzung in einem Geschenk zusammen. Dank der hochwertigen Bio-Qualit\u00e4t und der besonderen Verpackung im <strong data-start=\"1638\" data-end=\"1653\">Reagenzglas<\/strong> bleibt dieses Pr\u00e4sent garantiert in Erinnerung.<\/p>\n<p class=\"\" data-start=\"1703\" data-end=\"1883\">Ein liebevolles <strong data-start=\"1719\" data-end=\"1749\">Mitbringsel f\u00fcr Erwachsene<\/strong>, das zeigt, dass Sie sich Gedanken gemacht haben \u2013 perfekt f\u00fcr die n\u00e4chste Einladung oder einfach, um jemandem eine Freude zu machen.<\/p>\n","protected":false},"excerpt":{"rendered":"<div class=\"product-short-description\">\n<p class=\"\" data-start=\"89\" data-end=\"165\"><strong data-start=\"89\" data-end=\"165\">Modernes Teeset im Reagenzglas \u2013 stilvoll, bio und zum Verschenken sch\u00f6n<\/strong><\/p>\n<p class=\"\" data-start=\"167\" data-end=\"403\">Drei elegante <strong data-start=\"181\" data-end=\"198\">Reagenzgl\u00e4ser<\/strong>, gef\u00fcllt mit sorgf\u00e4ltig ausgew\u00e4hlten <strong data-start=\"236\" data-end=\"247\">Biotees<\/strong>, vereint in einem modernen, nachhaltigen Format. Jedes Glasr\u00f6hrchen ergibt etwa 5\u20137 Tassen feinsten Tee \u2013 perfekt zum Probieren, Genie\u00dfen oder Verschenken.<\/p>\n<p class=\"\" data-start=\"405\" data-end=\"647\">Ob als liebevolles <strong data-start=\"424\" data-end=\"453\">Geschenk f\u00fcr Teeliebhaber<\/strong>, charmantes <strong data-start=\"466\" data-end=\"493\">Mitbringsel beim Besuch<\/strong>, stilvolles <strong data-start=\"506\" data-end=\"523\">Firmenpr\u00e4sent<\/strong> oder kreative \u00dcberraschung zum <strong data-start=\"555\" data-end=\"569\">Geburtstag<\/strong> \u2013 dieses <strong data-start=\"579\" data-end=\"600\">originelle Teeset<\/strong> begeistert mit Geschmack, Design und Qualit\u00e4t.<\/p>\n<p class=\"\" data-start=\"649\" data-end=\"722\">Ein echtes Highlight f\u00fcr alle, die Tee mit allen Sinnen genie\u00dfen m\u00f6chten.<\/p>\n<\/div>\n","protected":false},"featured_media":4319,"comment_status":"open","ping_status":"closed","template":"","meta":[],"product_brand":[],"product_cat":[115,116,114,113,129,361,358,357,108,131,123,359,356,360],"product_tag":[],"class_list":{"0":"post-5412","1":"product","2":"type-product","3":"status-publish","4":"has-post-thumbnail","6":"product_cat-alle-de","7":"product_cat-alle-de-2","8":"product_cat-alle","9":"product_cat-biotees-sortiment-online-kaufen","10":"product_cat-crystal-loser-tee-recycle-im-glas-tee-reagenzglas-biotee-nachhaltig","11":"product_cat-geburtstagsangaben","12":"product_cat-ideen-zum-vatertag","13":"product_cat-muttertags-pakete","14":"product_cat-sortiment-tee-packaging-verpackung-attraktiv-biotees-design","15":"product_cat-tee-im-reagenzglas-teegeschenk-geschenk-teeliebhaber-tea-lover","16":"product_cat-teegeschenke-teekisten-teeideen-teeliebhaber-geschenk-mit-tee","17":"product_cat-teeliebhaber-tea-lover","18":"product_cat-valentinsgeschenke","19":"product_cat-weihnachtsgeschenke","21":"first","22":"instock","23":"shipping-taxable","24":"purchasable","25":"product-type-simple"},"yoast_head":"<!-- This site is optimized with the Yoast SEO Premium plugin v27.3 (Yoast SEO v27.3) - https:\/\/yoast.com\/product\/yoast-seo-premium-wordpress\/ -->\n<title>Kleines Teeset im Reagenzglas | Originelles Mitbringsel<\/title>\n<meta name=\"description\" content=\"Originelles Teeset mit 3 Bio-Tees im Reagenzglas \u2013 das perfekte kleine Mitbringsel f\u00fcr Freunde, Mama, Frauen oder als Geschenk zu Weihnachten.\" \/>\n<meta name=\"robots\" content=\"index, follow, max-snippet:-1, max-image-preview:large, max-video-preview:-1\" \/>\n<link rel=\"canonical\" href=\"https:\/\/www.sempertea.eu\/de\/Produkte\/kleines-teeset-im-reagenzglas-originelles-mitbringsel\/\" \/>\n<meta property=\"og:locale\" content=\"de_DE\" \/>\n<meta property=\"og:type\" content=\"article\" \/>\n<meta property=\"og:title\" content=\"TEESET mit 3 Biotees | Loser Tee im Reagenzglas\" \/>\n<meta property=\"og:description\" content=\"Originelles Teeset mit 3 Bio-Tees im Reagenzglas \u2013 das perfekte kleine Mitbringsel f\u00fcr Freunde, Mama, Frauen oder als Geschenk zu Weihnachten.\" \/>\n<meta property=\"og:url\" content=\"https:\/\/www.sempertea.eu\/de\/Produkte\/kleines-teeset-im-reagenzglas-originelles-mitbringsel\/\" \/>\n<meta property=\"og:site_name\" content=\"Semper Tea | Mayorista y fabricante de T\u00e9s e Infusiones para hoteles, restaurantes y bares\" \/>\n<meta property=\"article:modified_time\" content=\"2025-04-29T13:23:07+00:00\" \/>\n<meta property=\"og:image\" content=\"https:\/\/www.sempertea.eu\/wp-content\/uploads\/2021\/08\/set-de-tres-tes-en-tubos-de-cristal-semper-tea.jpg\" \/>\n<meta name=\"twitter:card\" content=\"summary_large_image\" \/>\n<meta name=\"twitter:label1\" content=\"Gesch\u00e4tzte Lesezeit\" \/>\n\t<meta name=\"twitter:data1\" content=\"2\u00a0Minuten\" \/>\n<script type=\"application\/ld+json\" class=\"yoast-schema-graph\">{\"@context\":\"https:\\\/\\\/schema.org\",\"@graph\":[{\"@type\":\"WebPage\",\"@id\":\"https:\\\/\\\/www.sempertea.eu\\\/de\\\/Produkte\\\/kleines-teeset-im-reagenzglas-originelles-mitbringsel\\\/\",\"url\":\"https:\\\/\\\/www.sempertea.eu\\\/de\\\/Produkte\\\/kleines-teeset-im-reagenzglas-originelles-mitbringsel\\\/\",\"name\":\"Kleines Teeset im Reagenzglas | Originelles Mitbringsel\",\"isPartOf\":{\"@id\":\"https:\\\/\\\/www.sempertea.eu\\\/#website\"},\"primaryImageOfPage\":{\"@id\":\"https:\\\/\\\/www.sempertea.eu\\\/de\\\/Produkte\\\/kleines-teeset-im-reagenzglas-originelles-mitbringsel\\\/#primaryimage\"},\"image\":{\"@id\":\"https:\\\/\\\/www.sempertea.eu\\\/de\\\/Produkte\\\/kleines-teeset-im-reagenzglas-originelles-mitbringsel\\\/#primaryimage\"},\"thumbnailUrl\":\"https:\\\/\\\/www.sempertea.eu\\\/wp-content\\\/uploads\\\/2021\\\/08\\\/set-de-tres-tes-en-tubos-de-cristal-semper-tea.jpg\",\"datePublished\":\"2021-08-07T16:44:04+00:00\",\"dateModified\":\"2025-04-29T13:23:07+00:00\",\"description\":\"Originelles Teeset mit 3 Bio-Tees im Reagenzglas \u2013 das perfekte kleine Mitbringsel f\u00fcr Freunde, Mama, Frauen oder als Geschenk zu Weihnachten.\",\"breadcrumb\":{\"@id\":\"https:\\\/\\\/www.sempertea.eu\\\/de\\\/Produkte\\\/kleines-teeset-im-reagenzglas-originelles-mitbringsel\\\/#breadcrumb\"},\"inLanguage\":\"de\",\"potentialAction\":[{\"@type\":\"ReadAction\",\"target\":[\"https:\\\/\\\/www.sempertea.eu\\\/de\\\/Produkte\\\/kleines-teeset-im-reagenzglas-originelles-mitbringsel\\\/\"]}]},{\"@type\":\"ImageObject\",\"inLanguage\":\"de\",\"@id\":\"https:\\\/\\\/www.sempertea.eu\\\/de\\\/Produkte\\\/kleines-teeset-im-reagenzglas-originelles-mitbringsel\\\/#primaryimage\",\"url\":\"https:\\\/\\\/www.sempertea.eu\\\/wp-content\\\/uploads\\\/2021\\\/08\\\/set-de-tres-tes-en-tubos-de-cristal-semper-tea.jpg\",\"contentUrl\":\"https:\\\/\\\/www.sempertea.eu\\\/wp-content\\\/uploads\\\/2021\\\/08\\\/set-de-tres-tes-en-tubos-de-cristal-semper-tea.jpg\",\"width\":1000,\"height\":1000,\"caption\":\"Auswahl an Tees in Glasr\u00f6hrchen semper tea\"},{\"@type\":\"BreadcrumbList\",\"@id\":\"https:\\\/\\\/www.sempertea.eu\\\/de\\\/Produkte\\\/kleines-teeset-im-reagenzglas-originelles-mitbringsel\\\/#breadcrumb\",\"itemListElement\":[{\"@type\":\"ListItem\",\"position\":1,\"name\":\"Portada\",\"item\":\"https:\\\/\\\/www.sempertea.eu\\\/de\\\/\"},{\"@type\":\"ListItem\",\"position\":2,\"name\":\"Shop\",\"item\":\"https:\\\/\\\/www.sempertea.eu\\\/de\\\/shop\\\/\"},{\"@type\":\"ListItem\",\"position\":3,\"name\":\"TEESET mit 3 Biotees | Loser Tee im Reagenzglas\"}]},{\"@type\":\"WebSite\",\"@id\":\"https:\\\/\\\/www.sempertea.eu\\\/#website\",\"url\":\"https:\\\/\\\/www.sempertea.eu\\\/\",\"name\":\"Semper Tea | Mayorista y fabricante de T\u00e9s e Infusiones para hoteles, restaurantes y bares\",\"description\":\"T\u00e9s e infusiones para hosteler\u00eda, hoteler\u00eda y comercio\",\"potentialAction\":[{\"@type\":\"SearchAction\",\"target\":{\"@type\":\"EntryPoint\",\"urlTemplate\":\"https:\\\/\\\/www.sempertea.eu\\\/?s={search_term_string}\"},\"query-input\":{\"@type\":\"PropertyValueSpecification\",\"valueRequired\":true,\"valueName\":\"search_term_string\"}}],\"inLanguage\":\"de\"}]}<\/script>\n<!-- \/ Yoast SEO Premium plugin. -->","yoast_head_json":{"title":"Kleines Teeset im Reagenzglas | Originelles Mitbringsel","description":"Originelles Teeset mit 3 Bio-Tees im Reagenzglas \u2013 das perfekte kleine Mitbringsel f\u00fcr Freunde, Mama, Frauen oder als Geschenk zu Weihnachten.","robots":{"index":"index","follow":"follow","max-snippet":"max-snippet:-1","max-image-preview":"max-image-preview:large","max-video-preview":"max-video-preview:-1"},"canonical":"https:\/\/www.sempertea.eu\/de\/Produkte\/kleines-teeset-im-reagenzglas-originelles-mitbringsel\/","og_locale":"de_DE","og_type":"article","og_title":"TEESET mit 3 Biotees | Loser Tee im Reagenzglas","og_description":"Originelles Teeset mit 3 Bio-Tees im Reagenzglas \u2013 das perfekte kleine Mitbringsel f\u00fcr Freunde, Mama, Frauen oder als Geschenk zu Weihnachten.","og_url":"https:\/\/www.sempertea.eu\/de\/Produkte\/kleines-teeset-im-reagenzglas-originelles-mitbringsel\/","og_site_name":"Semper Tea | Mayorista y fabricante de T\u00e9s e Infusiones para hoteles, restaurantes y bares","article_modified_time":"2025-04-29T13:23:07+00:00","og_image":[{"url":"https:\/\/www.sempertea.eu\/wp-content\/uploads\/2021\/08\/set-de-tres-tes-en-tubos-de-cristal-semper-tea.jpg","type":"","width":"","height":""}],"twitter_card":"summary_large_image","twitter_misc":{"Gesch\u00e4tzte Lesezeit":"2\u00a0Minuten"},"schema":{"@context":"https:\/\/schema.org","@graph":[{"@type":"WebPage","@id":"https:\/\/www.sempertea.eu\/de\/Produkte\/kleines-teeset-im-reagenzglas-originelles-mitbringsel\/","url":"https:\/\/www.sempertea.eu\/de\/Produkte\/kleines-teeset-im-reagenzglas-originelles-mitbringsel\/","name":"Kleines Teeset im Reagenzglas | Originelles Mitbringsel","isPartOf":{"@id":"https:\/\/www.sempertea.eu\/#website"},"primaryImageOfPage":{"@id":"https:\/\/www.sempertea.eu\/de\/Produkte\/kleines-teeset-im-reagenzglas-originelles-mitbringsel\/#primaryimage"},"image":{"@id":"https:\/\/www.sempertea.eu\/de\/Produkte\/kleines-teeset-im-reagenzglas-originelles-mitbringsel\/#primaryimage"},"thumbnailUrl":"https:\/\/www.sempertea.eu\/wp-content\/uploads\/2021\/08\/set-de-tres-tes-en-tubos-de-cristal-semper-tea.jpg","datePublished":"2021-08-07T16:44:04+00:00","dateModified":"2025-04-29T13:23:07+00:00","description":"Originelles Teeset mit 3 Bio-Tees im Reagenzglas \u2013 das perfekte kleine Mitbringsel f\u00fcr Freunde, Mama, Frauen oder als Geschenk zu Weihnachten.","breadcrumb":{"@id":"https:\/\/www.sempertea.eu\/de\/Produkte\/kleines-teeset-im-reagenzglas-originelles-mitbringsel\/#breadcrumb"},"inLanguage":"de","potentialAction":[{"@type":"ReadAction","target":["https:\/\/www.sempertea.eu\/de\/Produkte\/kleines-teeset-im-reagenzglas-originelles-mitbringsel\/"]}]},{"@type":"ImageObject","inLanguage":"de","@id":"https:\/\/www.sempertea.eu\/de\/Produkte\/kleines-teeset-im-reagenzglas-originelles-mitbringsel\/#primaryimage","url":"https:\/\/www.sempertea.eu\/wp-content\/uploads\/2021\/08\/set-de-tres-tes-en-tubos-de-cristal-semper-tea.jpg","contentUrl":"https:\/\/www.sempertea.eu\/wp-content\/uploads\/2021\/08\/set-de-tres-tes-en-tubos-de-cristal-semper-tea.jpg","width":1000,"height":1000,"caption":"Auswahl an Tees in Glasr\u00f6hrchen semper tea"},{"@type":"BreadcrumbList","@id":"https:\/\/www.sempertea.eu\/de\/Produkte\/kleines-teeset-im-reagenzglas-originelles-mitbringsel\/#breadcrumb","itemListElement":[{"@type":"ListItem","position":1,"name":"Portada","item":"https:\/\/www.sempertea.eu\/de\/"},{"@type":"ListItem","position":2,"name":"Shop","item":"https:\/\/www.sempertea.eu\/de\/shop\/"},{"@type":"ListItem","position":3,"name":"TEESET mit 3 Biotees | Loser Tee im Reagenzglas"}]},{"@type":"WebSite","@id":"https:\/\/www.sempertea.eu\/#website","url":"https:\/\/www.sempertea.eu\/","name":"Semper Tea | Mayorista y fabricante de T\u00e9s e Infusiones para hoteles, restaurantes y bares","description":"T\u00e9s e infusiones para hosteler\u00eda, hoteler\u00eda y comercio","potentialAction":[{"@type":"SearchAction","target":{"@type":"EntryPoint","urlTemplate":"https:\/\/www.sempertea.eu\/?s={search_term_string}"},"query-input":{"@type":"PropertyValueSpecification","valueRequired":true,"valueName":"search_term_string"}}],"inLanguage":"de"}]}},"_links":{"self":[{"href":"https:\/\/www.sempertea.eu\/de\/wp-json\/wp\/v2\/product\/5412","targetHints":{"allow":["GET"]}}],"collection":[{"href":"https:\/\/www.sempertea.eu\/de\/wp-json\/wp\/v2\/product"}],"about":[{"href":"https:\/\/www.sempertea.eu\/de\/wp-json\/wp\/v2\/types\/product"}],"replies":[{"embeddable":true,"href":"https:\/\/www.sempertea.eu\/de\/wp-json\/wp\/v2\/comments?post=5412"}],"wp:featuredmedia":[{"embeddable":true,"href":"https:\/\/www.sempertea.eu\/de\/wp-json\/wp\/v2\/media\/4319"}],"wp:attachment":[{"href":"https:\/\/www.sempertea.eu\/de\/wp-json\/wp\/v2\/media?parent=5412"}],"wp:term":[{"taxonomy":"product_brand","embeddable":true,"href":"https:\/\/www.sempertea.eu\/de\/wp-json\/wp\/v2\/product_brand?post=5412"},{"taxonomy":"product_cat","embeddable":true,"href":"https:\/\/www.sempertea.eu\/de\/wp-json\/wp\/v2\/product_cat?post=5412"},{"taxonomy":"product_tag","embeddable":true,"href":"https:\/\/www.sempertea.eu\/de\/wp-json\/wp\/v2\/product_tag?post=5412"}],"curies":[{"name":"wp","href":"https:\/\/api.w.org\/{rel}","templated":true}]}}