{"id":5411,"date":"2021-08-07T17:22:38","date_gmt":"2021-08-07T16:22:38","guid":{"rendered":"https:\/\/www.sempertea.eu\/teeset-mit-3-bio-kraeutertees-loser-tee-in-reagenzglas\/"},"modified":"2025-04-27T23:29:52","modified_gmt":"2025-04-27T21:29:52","slug":"bio-kraeutertee-set-im-reagenzglas-geschenkideen-fuer-freunde","status":"publish","type":"product","link":"https:\/\/www.sempertea.eu\/de\/Produkte\/bio-kraeutertee-set-im-reagenzglas-geschenkideen-fuer-freunde\/","title":{"rendered":"Bio Kr\u00e4utertee Set im Reagenzglas | Geschenkideen f\u00fcr Freunde"},"content":{"rendered":"<div class=\"tab-panels\">\n<div id=\"tab-description\" class=\"woocommerce-Tabs-panel woocommerce-Tabs-panel--description panel entry-content active\" role=\"tabpanel\" aria-labelledby=\"tab-title-description\">\n<h2 data-start=\"211\" data-end=\"303\">Bio Kr\u00e4utertee Geschenkset im Reagenzglas \u2013 au\u00dfergew\u00f6hnliche Tee-Entdeckung f\u00fcr Genie\u00dfer<\/h2>\n<p class=\"\" data-start=\"305\" data-end=\"615\">Entdecken Sie eine originelle und nachhaltige Art, hochwertige <strong data-start=\"368\" data-end=\"387\">Bio Kr\u00e4utertees<\/strong> zu genie\u00dfen: stilvoll pr\u00e4sentiert im Reagenzglas. Dieses liebevoll zusammengestellte <strong data-start=\"473\" data-end=\"484\">Tee-Set<\/strong> enth\u00e4lt drei verschiedene Sorten, perfekt f\u00fcr 5\u20137 Tassen pro Sorte \u2013 ideal f\u00fcr eine bewusste Auszeit oder als besonderes Geschenk.<\/p>\n<p>Das Kr\u00e4utertee Set enth\u00e4lt:<\/p>\n<p><strong>FRUIT PASSION<\/strong> &#8211; Ein fruchtiger und erfrischender Kr\u00e4utertee, k\u00f6stlich gemischt mit nat\u00fcrlichen und biologischen Zutaten: Hibiskus, Hagebutte, Apfelst\u00fccke und Erdbeere. Von Natur aus koffeinfrei und mit vielen Vitaminen f\u00fcr die Gesundheit.<\/p>\n<p><strong>LIQUORICE MINT APPLE<\/strong> &#8211; Dieser Kr\u00e4utertee bietet eine k\u00f6stliche Kombination aus erfrischender Minze und s\u00fc\u00dfer Lakritze \u2013 eine wunderbare Tasse Tee, die zu jeder Tageszeit genossen werden kann.<\/p>\n<p><strong>ROOIBOS &#8211; <\/strong>Rooibos hat einen einzigartigen Geschmack: leicht, pur und erdig, mit einer leicht s\u00fc\u00dfen Note und das ganz ohne Koffein.<\/p>\n<h3 data-start=\"1153\" data-end=\"1205\">Warum ist dieses Tee-Set ein perfektes Geschenk?<\/h3>\n<p class=\"\" data-start=\"1207\" data-end=\"1490\">Dieses exklusive <strong data-start=\"1224\" data-end=\"1247\">Bio Tee Geschenkset<\/strong> ist eine wundervolle Idee f\u00fcr <strong data-start=\"1278\" data-end=\"1298\">kleine Geschenke<\/strong>, <strong data-start=\"1300\" data-end=\"1321\">besondere Anl\u00e4sse<\/strong> oder als stilvolle Aufmerksamkeit f\u00fcr Freunde und Kollegen.<br data-start=\"1381\" data-end=\"1384\" \/>Die Pr\u00e4sentation im <strong data-start=\"1404\" data-end=\"1419\">Reagenzglas<\/strong> macht es zu einem echten Hingucker \u2013 modern, originell und nachhaltig.<\/p>\n<p class=\"\" data-start=\"1492\" data-end=\"1704\">Ob als <strong data-start=\"1499\" data-end=\"1527\">Geburtstagsgeschenk Idee<\/strong>, <strong data-start=\"1529\" data-end=\"1553\">Geschenk f\u00fcr Freunde<\/strong> oder <strong data-start=\"1559\" data-end=\"1587\">au\u00dfergew\u00f6hnlich Geschenk<\/strong>: Mit diesem <strong data-start=\"1600\" data-end=\"1618\">Kr\u00e4utertee Set<\/strong> verschenken Sie nicht nur Geschmack, sondern auch Momente der Entspannung und Freude.<\/p>\n<p class=\"\" data-start=\"1711\" data-end=\"1832\"><strong data-start=\"1711\" data-end=\"1832\">Schenken Sie eine kleine Tee-Reise voller Natur, Stil und Genuss \u2013 mit unserem Bio Kr\u00e4utertee Tee-Set im Reagenzglas.<\/strong><\/p>\n<\/div>\n<\/div>\n","protected":false},"excerpt":{"rendered":"<div class=\"product-short-description\">\n<p class=\"\" data-start=\"143\" data-end=\"240\"><strong data-start=\"143\" data-end=\"240\">Exklusives Tee-Set mit drei eleganten Reagenzgl\u00e4sern \u2013 gef\u00fcllt mit erlesenen Bio-Kr\u00e4utertees.<\/strong><\/p>\n<p data-start=\"143\" data-end=\"240\">Entdecken Sie eine moderne und stilvolle Art des Teegenusses: von fruchtig-frischer <strong data-start=\"363\" data-end=\"380\">Fruit Passion<\/strong> \u00fcber die harmonische Kombination aus <strong data-start=\"418\" data-end=\"439\">Minze und Lakritz<\/strong> bis hin zum sanft-erdigen Aroma des <strong data-start=\"476\" data-end=\"499\">klassischen Rooibos<\/strong>.<\/p>\n<p class=\"\" data-start=\"242\" data-end=\"579\">Jedes Glasr\u00f6hrchen reicht f\u00fcr etwa 5\u20137 Tassen voll aromatischer Teemomente. Das nachhaltige und originelle Design macht dieses Bio-Tee-Set zu einer besonderen Geschenkidee \u2013 perfekt f\u00fcr Teeliebhaber, als edles Firmenpr\u00e4sent, charmantes Gastgeschenk oder stilvolles Geburtstagsgeschenk.<\/p>\n<p class=\"\" data-start=\"581\" data-end=\"654\"><strong data-start=\"581\" data-end=\"654\">Schenken Sie Natur, Geschmack und eine Prise Eleganz \u2013 in jedem Glas.<\/strong><\/p>\n<\/div>\n","protected":false},"featured_media":4321,"comment_status":"open","ping_status":"closed","template":"","meta":[],"product_brand":[],"product_cat":[115,116,114,113,129,361,358,357,108,131,123,359,356,360],"product_tag":[],"class_list":{"0":"post-5411","1":"product","2":"type-product","3":"status-publish","4":"has-post-thumbnail","6":"product_cat-alle-de","7":"product_cat-alle-de-2","8":"product_cat-alle","9":"product_cat-biotees-sortiment-online-kaufen","10":"product_cat-crystal-loser-tee-recycle-im-glas-tee-reagenzglas-biotee-nachhaltig","11":"product_cat-geburtstagsangaben","12":"product_cat-ideen-zum-vatertag","13":"product_cat-muttertags-pakete","14":"product_cat-sortiment-tee-packaging-verpackung-attraktiv-biotees-design","15":"product_cat-tee-im-reagenzglas-teegeschenk-geschenk-teeliebhaber-tea-lover","16":"product_cat-teegeschenke-teekisten-teeideen-teeliebhaber-geschenk-mit-tee","17":"product_cat-teeliebhaber-tea-lover","18":"product_cat-valentinsgeschenke","19":"product_cat-weihnachtsgeschenke","21":"first","22":"instock","23":"shipping-taxable","24":"purchasable","25":"product-type-simple"},"yoast_head":"<!-- This site is optimized with the Yoast SEO Premium plugin v27.3 (Yoast SEO v27.3) - https:\/\/yoast.com\/product\/yoast-seo-premium-wordpress\/ -->\n<title>Bio Kr\u00e4utertee Set im Reagenzglas | Geschenkideen f\u00fcr Freunde<\/title>\n<meta name=\"description\" content=\"Entdecken Sie unser Bio Kr\u00e4utertee Tee-Set im Reagenzglas \u2013 au\u00dfergew\u00f6hnliche Geschenkidee f\u00fcr Freunde, Kollegen oder kleine besondere Anl\u00e4sse.\" \/>\n<meta name=\"robots\" content=\"index, follow, max-snippet:-1, max-image-preview:large, max-video-preview:-1\" \/>\n<link rel=\"canonical\" href=\"https:\/\/www.sempertea.eu\/de\/Produkte\/bio-kraeutertee-set-im-reagenzglas-geschenkideen-fuer-freunde\/\" \/>\n<meta property=\"og:locale\" content=\"de_DE\" \/>\n<meta property=\"og:type\" content=\"article\" \/>\n<meta property=\"og:title\" content=\"Bio Kr\u00e4utertee Set im Reagenzglas | Geschenkideen f\u00fcr Freunde\" \/>\n<meta property=\"og:description\" content=\"Entdecken Sie unser Bio Kr\u00e4utertee Tee-Set im Reagenzglas \u2013 au\u00dfergew\u00f6hnliche Geschenkidee f\u00fcr Freunde, Kollegen oder kleine besondere Anl\u00e4sse.\" \/>\n<meta property=\"og:url\" content=\"https:\/\/www.sempertea.eu\/de\/Produkte\/bio-kraeutertee-set-im-reagenzglas-geschenkideen-fuer-freunde\/\" \/>\n<meta property=\"og:site_name\" content=\"Semper Tea | Mayorista y fabricante de T\u00e9s e Infusiones para hoteles, restaurantes y bares\" \/>\n<meta property=\"article:modified_time\" content=\"2025-04-27T21:29:52+00:00\" \/>\n<meta property=\"og:image\" content=\"https:\/\/www.sempertea.eu\/wp-content\/uploads\/2021\/08\/surtido-de-tes-infusiones-en-tubos-de-cristal-semper-tea.jpg\" \/>\n<meta name=\"twitter:card\" content=\"summary_large_image\" \/>\n<meta name=\"twitter:label1\" content=\"Gesch\u00e4tzte Lesezeit\" \/>\n\t<meta name=\"twitter:data1\" content=\"2\u00a0Minuten\" \/>\n<script type=\"application\/ld+json\" class=\"yoast-schema-graph\">{\"@context\":\"https:\\\/\\\/schema.org\",\"@graph\":[{\"@type\":\"WebPage\",\"@id\":\"https:\\\/\\\/www.sempertea.eu\\\/de\\\/Produkte\\\/bio-kraeutertee-set-im-reagenzglas-geschenkideen-fuer-freunde\\\/\",\"url\":\"https:\\\/\\\/www.sempertea.eu\\\/de\\\/Produkte\\\/bio-kraeutertee-set-im-reagenzglas-geschenkideen-fuer-freunde\\\/\",\"name\":\"Bio Kr\u00e4utertee Set im Reagenzglas | Geschenkideen f\u00fcr Freunde\",\"isPartOf\":{\"@id\":\"https:\\\/\\\/www.sempertea.eu\\\/#website\"},\"primaryImageOfPage\":{\"@id\":\"https:\\\/\\\/www.sempertea.eu\\\/de\\\/Produkte\\\/bio-kraeutertee-set-im-reagenzglas-geschenkideen-fuer-freunde\\\/#primaryimage\"},\"image\":{\"@id\":\"https:\\\/\\\/www.sempertea.eu\\\/de\\\/Produkte\\\/bio-kraeutertee-set-im-reagenzglas-geschenkideen-fuer-freunde\\\/#primaryimage\"},\"thumbnailUrl\":\"https:\\\/\\\/www.sempertea.eu\\\/wp-content\\\/uploads\\\/2021\\\/08\\\/surtido-de-tes-infusiones-en-tubos-de-cristal-semper-tea.jpg\",\"datePublished\":\"2021-08-07T16:22:38+00:00\",\"dateModified\":\"2025-04-27T21:29:52+00:00\",\"description\":\"Entdecken Sie unser Bio Kr\u00e4utertee Tee-Set im Reagenzglas \u2013 au\u00dfergew\u00f6hnliche Geschenkidee f\u00fcr Freunde, Kollegen oder kleine besondere Anl\u00e4sse.\",\"breadcrumb\":{\"@id\":\"https:\\\/\\\/www.sempertea.eu\\\/de\\\/Produkte\\\/bio-kraeutertee-set-im-reagenzglas-geschenkideen-fuer-freunde\\\/#breadcrumb\"},\"inLanguage\":\"de\",\"potentialAction\":[{\"@type\":\"ReadAction\",\"target\":[\"https:\\\/\\\/www.sempertea.eu\\\/de\\\/Produkte\\\/bio-kraeutertee-set-im-reagenzglas-geschenkideen-fuer-freunde\\\/\"]}]},{\"@type\":\"ImageObject\",\"inLanguage\":\"de\",\"@id\":\"https:\\\/\\\/www.sempertea.eu\\\/de\\\/Produkte\\\/bio-kraeutertee-set-im-reagenzglas-geschenkideen-fuer-freunde\\\/#primaryimage\",\"url\":\"https:\\\/\\\/www.sempertea.eu\\\/wp-content\\\/uploads\\\/2021\\\/08\\\/surtido-de-tes-infusiones-en-tubos-de-cristal-semper-tea.jpg\",\"contentUrl\":\"https:\\\/\\\/www.sempertea.eu\\\/wp-content\\\/uploads\\\/2021\\\/08\\\/surtido-de-tes-infusiones-en-tubos-de-cristal-semper-tea.jpg\",\"width\":1000,\"height\":1000,\"caption\":\"Teeset f\u00fcr eine Person semper tea\"},{\"@type\":\"BreadcrumbList\",\"@id\":\"https:\\\/\\\/www.sempertea.eu\\\/de\\\/Produkte\\\/bio-kraeutertee-set-im-reagenzglas-geschenkideen-fuer-freunde\\\/#breadcrumb\",\"itemListElement\":[{\"@type\":\"ListItem\",\"position\":1,\"name\":\"Portada\",\"item\":\"https:\\\/\\\/www.sempertea.eu\\\/de\\\/\"},{\"@type\":\"ListItem\",\"position\":2,\"name\":\"Shop\",\"item\":\"https:\\\/\\\/www.sempertea.eu\\\/de\\\/shop\\\/\"},{\"@type\":\"ListItem\",\"position\":3,\"name\":\"Bio Kr\u00e4utertee Set im Reagenzglas | Geschenkideen f\u00fcr Freunde\"}]},{\"@type\":\"WebSite\",\"@id\":\"https:\\\/\\\/www.sempertea.eu\\\/#website\",\"url\":\"https:\\\/\\\/www.sempertea.eu\\\/\",\"name\":\"Semper Tea | Mayorista y fabricante de T\u00e9s e Infusiones para hoteles, restaurantes y bares\",\"description\":\"T\u00e9s e infusiones para hosteler\u00eda, hoteler\u00eda y comercio\",\"potentialAction\":[{\"@type\":\"SearchAction\",\"target\":{\"@type\":\"EntryPoint\",\"urlTemplate\":\"https:\\\/\\\/www.sempertea.eu\\\/?s={search_term_string}\"},\"query-input\":{\"@type\":\"PropertyValueSpecification\",\"valueRequired\":true,\"valueName\":\"search_term_string\"}}],\"inLanguage\":\"de\"}]}<\/script>\n<!-- \/ Yoast SEO Premium plugin. -->","yoast_head_json":{"title":"Bio Kr\u00e4utertee Set im Reagenzglas | Geschenkideen f\u00fcr Freunde","description":"Entdecken Sie unser Bio Kr\u00e4utertee Tee-Set im Reagenzglas \u2013 au\u00dfergew\u00f6hnliche Geschenkidee f\u00fcr Freunde, Kollegen oder kleine besondere Anl\u00e4sse.","robots":{"index":"index","follow":"follow","max-snippet":"max-snippet:-1","max-image-preview":"max-image-preview:large","max-video-preview":"max-video-preview:-1"},"canonical":"https:\/\/www.sempertea.eu\/de\/Produkte\/bio-kraeutertee-set-im-reagenzglas-geschenkideen-fuer-freunde\/","og_locale":"de_DE","og_type":"article","og_title":"Bio Kr\u00e4utertee Set im Reagenzglas | Geschenkideen f\u00fcr Freunde","og_description":"Entdecken Sie unser Bio Kr\u00e4utertee Tee-Set im Reagenzglas \u2013 au\u00dfergew\u00f6hnliche Geschenkidee f\u00fcr Freunde, Kollegen oder kleine besondere Anl\u00e4sse.","og_url":"https:\/\/www.sempertea.eu\/de\/Produkte\/bio-kraeutertee-set-im-reagenzglas-geschenkideen-fuer-freunde\/","og_site_name":"Semper Tea | Mayorista y fabricante de T\u00e9s e Infusiones para hoteles, restaurantes y bares","article_modified_time":"2025-04-27T21:29:52+00:00","og_image":[{"url":"https:\/\/www.sempertea.eu\/wp-content\/uploads\/2021\/08\/surtido-de-tes-infusiones-en-tubos-de-cristal-semper-tea.jpg","type":"","width":"","height":""}],"twitter_card":"summary_large_image","twitter_misc":{"Gesch\u00e4tzte Lesezeit":"2\u00a0Minuten"},"schema":{"@context":"https:\/\/schema.org","@graph":[{"@type":"WebPage","@id":"https:\/\/www.sempertea.eu\/de\/Produkte\/bio-kraeutertee-set-im-reagenzglas-geschenkideen-fuer-freunde\/","url":"https:\/\/www.sempertea.eu\/de\/Produkte\/bio-kraeutertee-set-im-reagenzglas-geschenkideen-fuer-freunde\/","name":"Bio Kr\u00e4utertee Set im Reagenzglas | Geschenkideen f\u00fcr Freunde","isPartOf":{"@id":"https:\/\/www.sempertea.eu\/#website"},"primaryImageOfPage":{"@id":"https:\/\/www.sempertea.eu\/de\/Produkte\/bio-kraeutertee-set-im-reagenzglas-geschenkideen-fuer-freunde\/#primaryimage"},"image":{"@id":"https:\/\/www.sempertea.eu\/de\/Produkte\/bio-kraeutertee-set-im-reagenzglas-geschenkideen-fuer-freunde\/#primaryimage"},"thumbnailUrl":"https:\/\/www.sempertea.eu\/wp-content\/uploads\/2021\/08\/surtido-de-tes-infusiones-en-tubos-de-cristal-semper-tea.jpg","datePublished":"2021-08-07T16:22:38+00:00","dateModified":"2025-04-27T21:29:52+00:00","description":"Entdecken Sie unser Bio Kr\u00e4utertee Tee-Set im Reagenzglas \u2013 au\u00dfergew\u00f6hnliche Geschenkidee f\u00fcr Freunde, Kollegen oder kleine besondere Anl\u00e4sse.","breadcrumb":{"@id":"https:\/\/www.sempertea.eu\/de\/Produkte\/bio-kraeutertee-set-im-reagenzglas-geschenkideen-fuer-freunde\/#breadcrumb"},"inLanguage":"de","potentialAction":[{"@type":"ReadAction","target":["https:\/\/www.sempertea.eu\/de\/Produkte\/bio-kraeutertee-set-im-reagenzglas-geschenkideen-fuer-freunde\/"]}]},{"@type":"ImageObject","inLanguage":"de","@id":"https:\/\/www.sempertea.eu\/de\/Produkte\/bio-kraeutertee-set-im-reagenzglas-geschenkideen-fuer-freunde\/#primaryimage","url":"https:\/\/www.sempertea.eu\/wp-content\/uploads\/2021\/08\/surtido-de-tes-infusiones-en-tubos-de-cristal-semper-tea.jpg","contentUrl":"https:\/\/www.sempertea.eu\/wp-content\/uploads\/2021\/08\/surtido-de-tes-infusiones-en-tubos-de-cristal-semper-tea.jpg","width":1000,"height":1000,"caption":"Teeset f\u00fcr eine Person semper tea"},{"@type":"BreadcrumbList","@id":"https:\/\/www.sempertea.eu\/de\/Produkte\/bio-kraeutertee-set-im-reagenzglas-geschenkideen-fuer-freunde\/#breadcrumb","itemListElement":[{"@type":"ListItem","position":1,"name":"Portada","item":"https:\/\/www.sempertea.eu\/de\/"},{"@type":"ListItem","position":2,"name":"Shop","item":"https:\/\/www.sempertea.eu\/de\/shop\/"},{"@type":"ListItem","position":3,"name":"Bio Kr\u00e4utertee Set im Reagenzglas | Geschenkideen f\u00fcr Freunde"}]},{"@type":"WebSite","@id":"https:\/\/www.sempertea.eu\/#website","url":"https:\/\/www.sempertea.eu\/","name":"Semper Tea | Mayorista y fabricante de T\u00e9s e Infusiones para hoteles, restaurantes y bares","description":"T\u00e9s e infusiones para hosteler\u00eda, hoteler\u00eda y comercio","potentialAction":[{"@type":"SearchAction","target":{"@type":"EntryPoint","urlTemplate":"https:\/\/www.sempertea.eu\/?s={search_term_string}"},"query-input":{"@type":"PropertyValueSpecification","valueRequired":true,"valueName":"search_term_string"}}],"inLanguage":"de"}]}},"_links":{"self":[{"href":"https:\/\/www.sempertea.eu\/de\/wp-json\/wp\/v2\/product\/5411","targetHints":{"allow":["GET"]}}],"collection":[{"href":"https:\/\/www.sempertea.eu\/de\/wp-json\/wp\/v2\/product"}],"about":[{"href":"https:\/\/www.sempertea.eu\/de\/wp-json\/wp\/v2\/types\/product"}],"replies":[{"embeddable":true,"href":"https:\/\/www.sempertea.eu\/de\/wp-json\/wp\/v2\/comments?post=5411"}],"wp:featuredmedia":[{"embeddable":true,"href":"https:\/\/www.sempertea.eu\/de\/wp-json\/wp\/v2\/media\/4321"}],"wp:attachment":[{"href":"https:\/\/www.sempertea.eu\/de\/wp-json\/wp\/v2\/media?parent=5411"}],"wp:term":[{"taxonomy":"product_brand","embeddable":true,"href":"https:\/\/www.sempertea.eu\/de\/wp-json\/wp\/v2\/product_brand?post=5411"},{"taxonomy":"product_cat","embeddable":true,"href":"https:\/\/www.sempertea.eu\/de\/wp-json\/wp\/v2\/product_cat?post=5411"},{"taxonomy":"product_tag","embeddable":true,"href":"https:\/\/www.sempertea.eu\/de\/wp-json\/wp\/v2\/product_tag?post=5411"}],"curies":[{"name":"wp","href":"https:\/\/api.w.org\/{rel}","templated":true}]}}