{"id":5407,"date":"2021-07-05T18:50:58","date_gmt":"2021-07-05T17:50:58","guid":{"rendered":"https:\/\/www.sempertea.eu\/green-biotee-i-loser-tee-im-papier-beutel\/"},"modified":"2023-01-30T19:28:43","modified_gmt":"2023-01-30T18:28:43","slug":"gruener-tee-ist-gut-fuer-die-haut-loser-biotee","status":"publish","type":"product","link":"https:\/\/www.sempertea.eu\/de\/Produkte\/gruener-tee-ist-gut-fuer-die-haut-loser-biotee\/","title":{"rendered":"GREEN Biotee I Loser Tee im Papier Beutel"},"content":{"rendered":"<h2>Gr\u00fcner Tee geht unter die Haut<\/h2>\n<p>Gr\u00fcner Tee hat viele gesundheitliche Vorteile und vor allem eine sehr positive Wirkung auf die Haut: Es hat Antioxidantien, um die Haut vor Umweltstressoren zu sch\u00fctzen, die der Haut schaden k\u00f6nnen und somit zu allgemeinen Hautalterung f\u00fchren. B2, auch bekannt als Riboflavin, kann helfen, die Haut zu straffen.<\/p>\n<h3>Gr\u00fcner Tee kann die Hautstruktur verbessern<\/h3>\n<p>Er enth\u00e4lt Vitamin A, auch bekannt als Retinol, das f\u00fcr seine F\u00e4higkeit bekannt ist, die oberen beiden Hautschichten gut aussehen zu lassen. Dar\u00fcber hinaus bek\u00e4mpfen seine entz\u00fcndungshemmenden Eigenschaften Pickel und Akne. Gr\u00fcner Tee kann auch als Gesichtsmaske genutzt werden um so bestehende Entz\u00fcndungen lindern und gleichzeitig vor neuen Verunreinigungen sch\u00fctzen.<\/p>\n","protected":false},"excerpt":{"rendered":"<p><strong>Delikat, aromatisch und pur<\/strong><\/p>\n<p>Eine ausgezeichnete Teevariante der besten Gr\u00fcntees, mit traditionellem Aroma und delikat im Geschmack. Ein purer und duftiger Tee mit einem sanften Gr\u00fcnton. Wie die meisten Gr\u00fcnen Tees hat er aufgrund seines hohen Gehalts an Antioxidantien viele gesundheitliche Vorteile.<\/p>\n","protected":false},"featured_media":16155,"comment_status":"open","ping_status":"closed","template":"","meta":[],"product_brand":[],"product_cat":[379,115,116,114,113,124,119,127,108],"product_tag":[290],"class_list":{"0":"post-5407","1":"product","2":"type-product","3":"status-publish","4":"has-post-thumbnail","6":"product_cat-bio-tee-grosshandel-loser-tee","7":"product_cat-alle-de","8":"product_cat-alle-de-2","9":"product_cat-alle","10":"product_cat-biotees-sortiment-online-kaufen","11":"product_cat-teesortiment-formate-packaging-attraktiv-biotees-verpackung","12":"product_cat-grunen-tee-bio-online-bestellen-lose-teubeutel","13":"product_cat-loser-tee-im-papier-beutel-biotee-in-der-tute-nachhaltig","14":"product_cat-sortiment-tee-packaging-verpackung-attraktiv-biotees-design","15":"product_tag-blatt-tee-oder-ganzer-blutentee","17":"first","18":"instock","19":"shipping-taxable","20":"purchasable","21":"product-type-variable"},"yoast_head":"<!-- This site is optimized with the Yoast SEO Premium plugin v27.3 (Yoast SEO v27.3) - https:\/\/yoast.com\/product\/yoast-seo-premium-wordpress\/ -->\n<title>Gr\u00fcner Tee | Gut f\u00fcr die Haut | Loser Biotee im Papierbeutel<\/title>\n<meta name=\"description\" content=\"Gr\u00fcner Tee hat viele gesundheitliche Vorteile und eine sehr positive Wirkung auf die Haut. Loser Bio Gr\u00fcntee im verschliessbaren Papierbeutel.\" \/>\n<meta name=\"robots\" content=\"index, follow, max-snippet:-1, max-image-preview:large, max-video-preview:-1\" \/>\n<link rel=\"canonical\" href=\"https:\/\/www.sempertea.eu\/Produkte\/tienda-online-para-te-verde-a-granel\/\" \/>\n<meta property=\"og:locale\" content=\"de_DE\" \/>\n<meta property=\"og:type\" content=\"article\" \/>\n<meta property=\"og:title\" content=\"GREEN Biotee I Loser Tee im Papier Beutel\" \/>\n<meta property=\"og:description\" content=\"Gr\u00fcner Tee hat viele gesundheitliche Vorteile und eine sehr positive Wirkung auf die Haut. Loser Bio Gr\u00fcntee im verschliessbaren Papierbeutel.\" \/>\n<meta property=\"og:url\" content=\"https:\/\/www.sempertea.eu\/Produkte\/tienda-online-para-te-verde-a-granel\/\" \/>\n<meta property=\"og:site_name\" content=\"Semper Tea | Mayorista y fabricante de T\u00e9s e Infusiones para hoteles, restaurantes y bares\" \/>\n<meta property=\"article:modified_time\" content=\"2023-01-30T18:28:43+00:00\" \/>\n<meta property=\"og:image\" content=\"https:\/\/www.sempertea.eu\/wp-content\/uploads\/2021\/07\/comprar-te-verde-ecologico-a-granel-calidad-superior-semper-tea.jpg\" \/>\n<meta name=\"twitter:card\" content=\"summary_large_image\" \/>\n<meta name=\"twitter:image\" content=\"https:\/\/www.sempertea.eu\/wp-content\/uploads\/2021\/07\/comprar-te-verde-ecologico-a-granel-calidad-superior-semper-tea.jpg\" \/>\n<meta name=\"twitter:label1\" content=\"Gesch\u00e4tzte Lesezeit\" \/>\n\t<meta name=\"twitter:data1\" content=\"1\u00a0Minute\" \/>\n<script type=\"application\/ld+json\" class=\"yoast-schema-graph\">{\"@context\":\"https:\\\/\\\/schema.org\",\"@graph\":[{\"@type\":\"WebPage\",\"@id\":\"https:\\\/\\\/www.sempertea.eu\\\/Produkte\\\/tienda-online-para-te-verde-a-granel\\\/\",\"url\":\"https:\\\/\\\/www.sempertea.eu\\\/Produkte\\\/tienda-online-para-te-verde-a-granel\\\/\",\"name\":\"Gr\u00fcner Tee | Gut f\u00fcr die Haut | Loser Biotee im Papierbeutel\",\"isPartOf\":{\"@id\":\"https:\\\/\\\/www.sempertea.eu\\\/#website\"},\"primaryImageOfPage\":{\"@id\":\"https:\\\/\\\/www.sempertea.eu\\\/Produkte\\\/tienda-online-para-te-verde-a-granel\\\/#primaryimage\"},\"image\":{\"@id\":\"https:\\\/\\\/www.sempertea.eu\\\/Produkte\\\/tienda-online-para-te-verde-a-granel\\\/#primaryimage\"},\"thumbnailUrl\":\"https:\\\/\\\/www.sempertea.eu\\\/wp-content\\\/uploads\\\/2025\\\/06\\\/te-verde-ecologico-granel-hoja-entera-suave-natural-semper-tea.jpg\",\"datePublished\":\"2021-07-05T17:50:58+00:00\",\"dateModified\":\"2023-01-30T18:28:43+00:00\",\"description\":\"Gr\u00fcner Tee hat viele gesundheitliche Vorteile und eine sehr positive Wirkung auf die Haut. Loser Bio Gr\u00fcntee im verschliessbaren Papierbeutel.\",\"breadcrumb\":{\"@id\":\"https:\\\/\\\/www.sempertea.eu\\\/Produkte\\\/tienda-online-para-te-verde-a-granel\\\/#breadcrumb\"},\"inLanguage\":\"de\",\"potentialAction\":[{\"@type\":\"ReadAction\",\"target\":[\"https:\\\/\\\/www.sempertea.eu\\\/Produkte\\\/tienda-online-para-te-verde-a-granel\\\/\"]}]},{\"@type\":\"ImageObject\",\"inLanguage\":\"de\",\"@id\":\"https:\\\/\\\/www.sempertea.eu\\\/Produkte\\\/tienda-online-para-te-verde-a-granel\\\/#primaryimage\",\"url\":\"https:\\\/\\\/www.sempertea.eu\\\/wp-content\\\/uploads\\\/2025\\\/06\\\/te-verde-ecologico-granel-hoja-entera-suave-natural-semper-tea.jpg\",\"contentUrl\":\"https:\\\/\\\/www.sempertea.eu\\\/wp-content\\\/uploads\\\/2025\\\/06\\\/te-verde-ecologico-granel-hoja-entera-suave-natural-semper-tea.jpg\",\"width\":645,\"height\":645,\"caption\":\"te verde ecologico granel hoja entera suave natural semper tea\"},{\"@type\":\"BreadcrumbList\",\"@id\":\"https:\\\/\\\/www.sempertea.eu\\\/Produkte\\\/tienda-online-para-te-verde-a-granel\\\/#breadcrumb\",\"itemListElement\":[{\"@type\":\"ListItem\",\"position\":1,\"name\":\"Portada\",\"item\":\"https:\\\/\\\/www.sempertea.eu\\\/de\\\/\"},{\"@type\":\"ListItem\",\"position\":2,\"name\":\"Shop\",\"item\":\"https:\\\/\\\/www.sempertea.eu\\\/de\\\/shop\\\/\"},{\"@type\":\"ListItem\",\"position\":3,\"name\":\"GREEN Biotee I Loser Tee im Papier Beutel\"}]},{\"@type\":\"WebSite\",\"@id\":\"https:\\\/\\\/www.sempertea.eu\\\/#website\",\"url\":\"https:\\\/\\\/www.sempertea.eu\\\/\",\"name\":\"Semper Tea | Mayorista y fabricante de T\u00e9s e Infusiones para hoteles, restaurantes y bares\",\"description\":\"T\u00e9s e infusiones para hosteler\u00eda, hoteler\u00eda y comercio\",\"potentialAction\":[{\"@type\":\"SearchAction\",\"target\":{\"@type\":\"EntryPoint\",\"urlTemplate\":\"https:\\\/\\\/www.sempertea.eu\\\/?s={search_term_string}\"},\"query-input\":{\"@type\":\"PropertyValueSpecification\",\"valueRequired\":true,\"valueName\":\"search_term_string\"}}],\"inLanguage\":\"de\"}]}<\/script>\n<!-- \/ Yoast SEO Premium plugin. -->","yoast_head_json":{"title":"Gr\u00fcner Tee | Gut f\u00fcr die Haut | Loser Biotee im Papierbeutel","description":"Gr\u00fcner Tee hat viele gesundheitliche Vorteile und eine sehr positive Wirkung auf die Haut. Loser Bio Gr\u00fcntee im verschliessbaren Papierbeutel.","robots":{"index":"index","follow":"follow","max-snippet":"max-snippet:-1","max-image-preview":"max-image-preview:large","max-video-preview":"max-video-preview:-1"},"canonical":"https:\/\/www.sempertea.eu\/Produkte\/tienda-online-para-te-verde-a-granel\/","og_locale":"de_DE","og_type":"article","og_title":"GREEN Biotee I Loser Tee im Papier Beutel","og_description":"Gr\u00fcner Tee hat viele gesundheitliche Vorteile und eine sehr positive Wirkung auf die Haut. Loser Bio Gr\u00fcntee im verschliessbaren Papierbeutel.","og_url":"https:\/\/www.sempertea.eu\/Produkte\/tienda-online-para-te-verde-a-granel\/","og_site_name":"Semper Tea | Mayorista y fabricante de T\u00e9s e Infusiones para hoteles, restaurantes y bares","article_modified_time":"2023-01-30T18:28:43+00:00","og_image":[{"url":"https:\/\/www.sempertea.eu\/wp-content\/uploads\/2021\/07\/comprar-te-verde-ecologico-a-granel-calidad-superior-semper-tea.jpg","type":"","width":"","height":""}],"twitter_card":"summary_large_image","twitter_image":"https:\/\/www.sempertea.eu\/wp-content\/uploads\/2021\/07\/comprar-te-verde-ecologico-a-granel-calidad-superior-semper-tea.jpg","twitter_misc":{"Gesch\u00e4tzte Lesezeit":"1\u00a0Minute"},"schema":{"@context":"https:\/\/schema.org","@graph":[{"@type":"WebPage","@id":"https:\/\/www.sempertea.eu\/Produkte\/tienda-online-para-te-verde-a-granel\/","url":"https:\/\/www.sempertea.eu\/Produkte\/tienda-online-para-te-verde-a-granel\/","name":"Gr\u00fcner Tee | Gut f\u00fcr die Haut | Loser Biotee im Papierbeutel","isPartOf":{"@id":"https:\/\/www.sempertea.eu\/#website"},"primaryImageOfPage":{"@id":"https:\/\/www.sempertea.eu\/Produkte\/tienda-online-para-te-verde-a-granel\/#primaryimage"},"image":{"@id":"https:\/\/www.sempertea.eu\/Produkte\/tienda-online-para-te-verde-a-granel\/#primaryimage"},"thumbnailUrl":"https:\/\/www.sempertea.eu\/wp-content\/uploads\/2025\/06\/te-verde-ecologico-granel-hoja-entera-suave-natural-semper-tea.jpg","datePublished":"2021-07-05T17:50:58+00:00","dateModified":"2023-01-30T18:28:43+00:00","description":"Gr\u00fcner Tee hat viele gesundheitliche Vorteile und eine sehr positive Wirkung auf die Haut. Loser Bio Gr\u00fcntee im verschliessbaren Papierbeutel.","breadcrumb":{"@id":"https:\/\/www.sempertea.eu\/Produkte\/tienda-online-para-te-verde-a-granel\/#breadcrumb"},"inLanguage":"de","potentialAction":[{"@type":"ReadAction","target":["https:\/\/www.sempertea.eu\/Produkte\/tienda-online-para-te-verde-a-granel\/"]}]},{"@type":"ImageObject","inLanguage":"de","@id":"https:\/\/www.sempertea.eu\/Produkte\/tienda-online-para-te-verde-a-granel\/#primaryimage","url":"https:\/\/www.sempertea.eu\/wp-content\/uploads\/2025\/06\/te-verde-ecologico-granel-hoja-entera-suave-natural-semper-tea.jpg","contentUrl":"https:\/\/www.sempertea.eu\/wp-content\/uploads\/2025\/06\/te-verde-ecologico-granel-hoja-entera-suave-natural-semper-tea.jpg","width":645,"height":645,"caption":"te verde ecologico granel hoja entera suave natural semper tea"},{"@type":"BreadcrumbList","@id":"https:\/\/www.sempertea.eu\/Produkte\/tienda-online-para-te-verde-a-granel\/#breadcrumb","itemListElement":[{"@type":"ListItem","position":1,"name":"Portada","item":"https:\/\/www.sempertea.eu\/de\/"},{"@type":"ListItem","position":2,"name":"Shop","item":"https:\/\/www.sempertea.eu\/de\/shop\/"},{"@type":"ListItem","position":3,"name":"GREEN Biotee I Loser Tee im Papier Beutel"}]},{"@type":"WebSite","@id":"https:\/\/www.sempertea.eu\/#website","url":"https:\/\/www.sempertea.eu\/","name":"Semper Tea | Mayorista y fabricante de T\u00e9s e Infusiones para hoteles, restaurantes y bares","description":"T\u00e9s e infusiones para hosteler\u00eda, hoteler\u00eda y comercio","potentialAction":[{"@type":"SearchAction","target":{"@type":"EntryPoint","urlTemplate":"https:\/\/www.sempertea.eu\/?s={search_term_string}"},"query-input":{"@type":"PropertyValueSpecification","valueRequired":true,"valueName":"search_term_string"}}],"inLanguage":"de"}]}},"_links":{"self":[{"href":"https:\/\/www.sempertea.eu\/de\/wp-json\/wp\/v2\/product\/5407","targetHints":{"allow":["GET"]}}],"collection":[{"href":"https:\/\/www.sempertea.eu\/de\/wp-json\/wp\/v2\/product"}],"about":[{"href":"https:\/\/www.sempertea.eu\/de\/wp-json\/wp\/v2\/types\/product"}],"replies":[{"embeddable":true,"href":"https:\/\/www.sempertea.eu\/de\/wp-json\/wp\/v2\/comments?post=5407"}],"wp:featuredmedia":[{"embeddable":true,"href":"https:\/\/www.sempertea.eu\/de\/wp-json\/wp\/v2\/media\/16155"}],"wp:attachment":[{"href":"https:\/\/www.sempertea.eu\/de\/wp-json\/wp\/v2\/media?parent=5407"}],"wp:term":[{"taxonomy":"product_brand","embeddable":true,"href":"https:\/\/www.sempertea.eu\/de\/wp-json\/wp\/v2\/product_brand?post=5407"},{"taxonomy":"product_cat","embeddable":true,"href":"https:\/\/www.sempertea.eu\/de\/wp-json\/wp\/v2\/product_cat?post=5407"},{"taxonomy":"product_tag","embeddable":true,"href":"https:\/\/www.sempertea.eu\/de\/wp-json\/wp\/v2\/product_tag?post=5407"}],"curies":[{"name":"wp","href":"https:\/\/api.w.org\/{rel}","templated":true}]}}