{"id":5401,"date":"2021-08-06T08:55:48","date_gmt":"2021-08-06T07:55:48","guid":{"rendered":"https:\/\/www.sempertea.eu\/green-ginger-lemon-biotee-i-loser-tee-im-papier-beutel\/"},"modified":"2025-07-19T15:40:31","modified_gmt":"2025-07-19T13:40:31","slug":"biotee-gruener-tee-mit-ingwer-zitrone-wuerzig","status":"publish","type":"product","link":"https:\/\/www.sempertea.eu\/de\/Produkte\/biotee-gruener-tee-mit-ingwer-zitrone-wuerzig\/","title":{"rendered":"GREEN GINGER LEMON Biotee I Loser Tee im Papier Beutel"},"content":{"rendered":"<div class=\"et_pb_column et_pb_column_3_4 et_pb_column_0 et_pb_specialty_column et_pb_css_mix_blend_mode_passthrough\">\n<div class=\"et_pb_row_inner et_pb_row_inner_0\">\n<div class=\"et_pb_column et_pb_column_4_4 et_pb_column_inner et_pb_column_inner_0 et-last-child\">\n<div class=\"et_pb_module et_pb_text et_pb_text_0 et_pb_bg_layout_light et_pb_text_align_left\">\n<div class=\"et_pb_text_inner\">\n<h2>Teelieferungen auch nach Hause oder ins B\u00fcro<\/h2>\n<p>Genie\u00dfen Sie den Geschmack mit einem entspannenden Gr\u00fcntee. Ingwer verleiht diesem wunderbaren Gr\u00fcntee eine leicht w\u00fcrzige Note und die Zitrone erfrischt den Geschmack. Bei Semper Tea, Ihrem Online Shop f\u00fcr Tee und Kr\u00e4utertee, liefern wir schnell und direkt zu Ihnen nach Hause.<\/p>\n<h2>Wie bereitet man Gr\u00fcnen Tee zu?<\/h2>\n<p>Bei der Zubereitung von Gr\u00fcnem Tee sollten die empfohlene Ziehzeit und Temperatur eingehalten werden.<\/p>\n<p>Wenn Gr\u00fcner Tee zu lange zieht, kann er einen bitteren Geschmack entwickeln. Das Wasser sollte nicht zu hei\u00df sein. Die ideale Temperatur liegt bei 80-85\u00b0C. Man sollte kein kochendes Wasser zugeben sondern warten, bis es etwas abgek\u00fchlt ist. Die empfohlene Ziehzeit f\u00fcr Gr\u00fcntees ist 3-4 Minuten.<\/p>\n<\/div>\n<\/div>\n<\/div>\n<\/div>\n<\/div>\n","protected":false},"excerpt":{"rendered":"<p><strong>Gr\u00fcner Tee zart-w\u00fcrzig und leicht frisch<\/strong><\/p>\n<p>Dieser Kr\u00e4utertee besteht ausschlie\u00dflich aus Gr\u00fcntee-bl\u00e4ttern, die mild mit Ingwer und Zitrone aromatisiert sind. Der reine Geschmack von Gr\u00fcnem Tee sticht mit einem leichten und frischen Geschmack hervor. Er ist einer unserer beliebtesten Teesorten, und das nicht nur wegen seiner gesundheitlichen Vorteile.<\/p>\n","protected":false},"featured_media":16163,"comment_status":"open","ping_status":"closed","template":"","meta":[],"product_brand":[],"product_cat":[379,115,116,114,113,124,119,127,108],"product_tag":[290],"class_list":{"0":"post-5401","1":"product","2":"type-product","3":"status-publish","4":"has-post-thumbnail","6":"product_cat-bio-tee-grosshandel-loser-tee","7":"product_cat-alle-de","8":"product_cat-alle-de-2","9":"product_cat-alle","10":"product_cat-biotees-sortiment-online-kaufen","11":"product_cat-teesortiment-formate-packaging-attraktiv-biotees-verpackung","12":"product_cat-grunen-tee-bio-online-bestellen-lose-teubeutel","13":"product_cat-loser-tee-im-papier-beutel-biotee-in-der-tute-nachhaltig","14":"product_cat-sortiment-tee-packaging-verpackung-attraktiv-biotees-design","15":"product_tag-blatt-tee-oder-ganzer-blutentee","17":"first","18":"instock","19":"shipping-taxable","20":"purchasable","21":"product-type-variable"},"yoast_head":"<!-- This site is optimized with the Yoast SEO Premium plugin v27.3 (Yoast SEO v27.4) - https:\/\/yoast.com\/product\/yoast-seo-premium-wordpress\/ -->\n<title>Gr\u00fcner Tee mit Ingwer und Zitrone I W\u00fcrzig und Belebend I 100% Bio<\/title>\n<meta name=\"description\" content=\"Bio Gr\u00fcnteebl\u00e4tter die mild mit Ingwer und Zitrone aromatisiert sind. Ein wunderbar belebender Tee, den wir Ihnen gerne nach Hause liefern.\" \/>\n<meta name=\"robots\" content=\"index, follow, max-snippet:-1, max-image-preview:large, max-video-preview:-1\" \/>\n<link rel=\"canonical\" href=\"https:\/\/www.sempertea.eu\/de\/Produkte\/biotee-gruener-tee-mit-ingwer-zitrone-wuerzig\/\" \/>\n<meta property=\"og:locale\" content=\"de_DE\" \/>\n<meta property=\"og:type\" content=\"article\" \/>\n<meta property=\"og:title\" content=\"GREEN GINGER LEMON Biotee I Loser Tee im Papier Beutel\" \/>\n<meta property=\"og:description\" content=\"Bio Gr\u00fcnteebl\u00e4tter die mild mit Ingwer und Zitrone aromatisiert sind. Ein wunderbar belebender Tee, den wir Ihnen gerne nach Hause liefern.\" \/>\n<meta property=\"og:url\" content=\"https:\/\/www.sempertea.eu\/de\/Produkte\/biotee-gruener-tee-mit-ingwer-zitrone-wuerzig\/\" \/>\n<meta property=\"og:site_name\" content=\"Semper Tea | Mayorista y fabricante de T\u00e9s e Infusiones para hoteles, restaurantes y bares\" \/>\n<meta property=\"article:modified_time\" content=\"2025-07-19T13:40:31+00:00\" \/>\n<meta property=\"og:image\" content=\"https:\/\/www.sempertea.eu\/wp-content\/uploads\/2021\/08\/te-verde-con-jengibre-y-limon-semper-tea.jpg\" \/>\n<meta name=\"twitter:card\" content=\"summary_large_image\" \/>\n<meta name=\"twitter:image\" content=\"https:\/\/www.sempertea.eu\/wp-content\/uploads\/2021\/08\/te-verde-con-jengibre-y-limon-semper-tea.jpg\" \/>\n<meta name=\"twitter:label1\" content=\"Gesch\u00e4tzte Lesezeit\" \/>\n\t<meta name=\"twitter:data1\" content=\"1\u00a0Minute\" \/>\n<script type=\"application\/ld+json\" class=\"yoast-schema-graph\">{\"@context\":\"https:\\\/\\\/schema.org\",\"@graph\":[{\"@type\":\"WebPage\",\"@id\":\"https:\\\/\\\/www.sempertea.eu\\\/de\\\/Produkte\\\/biotee-gruener-tee-mit-ingwer-zitrone-wuerzig\\\/\",\"url\":\"https:\\\/\\\/www.sempertea.eu\\\/de\\\/Produkte\\\/biotee-gruener-tee-mit-ingwer-zitrone-wuerzig\\\/\",\"name\":\"Gr\u00fcner Tee mit Ingwer und Zitrone I W\u00fcrzig und Belebend I 100% Bio\",\"isPartOf\":{\"@id\":\"https:\\\/\\\/www.sempertea.eu\\\/#website\"},\"primaryImageOfPage\":{\"@id\":\"https:\\\/\\\/www.sempertea.eu\\\/de\\\/Produkte\\\/biotee-gruener-tee-mit-ingwer-zitrone-wuerzig\\\/#primaryimage\"},\"image\":{\"@id\":\"https:\\\/\\\/www.sempertea.eu\\\/de\\\/Produkte\\\/biotee-gruener-tee-mit-ingwer-zitrone-wuerzig\\\/#primaryimage\"},\"thumbnailUrl\":\"https:\\\/\\\/www.sempertea.eu\\\/wp-content\\\/uploads\\\/2025\\\/06\\\/te-verde-jengibre-limon-granel-citrico-refrescante-semper-tea.jpg\",\"datePublished\":\"2021-08-06T07:55:48+00:00\",\"dateModified\":\"2025-07-19T13:40:31+00:00\",\"description\":\"Bio Gr\u00fcnteebl\u00e4tter die mild mit Ingwer und Zitrone aromatisiert sind. Ein wunderbar belebender Tee, den wir Ihnen gerne nach Hause liefern.\",\"breadcrumb\":{\"@id\":\"https:\\\/\\\/www.sempertea.eu\\\/de\\\/Produkte\\\/biotee-gruener-tee-mit-ingwer-zitrone-wuerzig\\\/#breadcrumb\"},\"inLanguage\":\"de\",\"potentialAction\":[{\"@type\":\"ReadAction\",\"target\":[\"https:\\\/\\\/www.sempertea.eu\\\/de\\\/Produkte\\\/biotee-gruener-tee-mit-ingwer-zitrone-wuerzig\\\/\"]}]},{\"@type\":\"ImageObject\",\"inLanguage\":\"de\",\"@id\":\"https:\\\/\\\/www.sempertea.eu\\\/de\\\/Produkte\\\/biotee-gruener-tee-mit-ingwer-zitrone-wuerzig\\\/#primaryimage\",\"url\":\"https:\\\/\\\/www.sempertea.eu\\\/wp-content\\\/uploads\\\/2025\\\/06\\\/te-verde-jengibre-limon-granel-citrico-refrescante-semper-tea.jpg\",\"contentUrl\":\"https:\\\/\\\/www.sempertea.eu\\\/wp-content\\\/uploads\\\/2025\\\/06\\\/te-verde-jengibre-limon-granel-citrico-refrescante-semper-tea.jpg\",\"width\":598,\"height\":598,\"caption\":\"te verde jengibre limon granel citrico refrescante semper tea\"},{\"@type\":\"BreadcrumbList\",\"@id\":\"https:\\\/\\\/www.sempertea.eu\\\/de\\\/Produkte\\\/biotee-gruener-tee-mit-ingwer-zitrone-wuerzig\\\/#breadcrumb\",\"itemListElement\":[{\"@type\":\"ListItem\",\"position\":1,\"name\":\"Portada\",\"item\":\"https:\\\/\\\/www.sempertea.eu\\\/de\\\/\"},{\"@type\":\"ListItem\",\"position\":2,\"name\":\"Shop\",\"item\":\"https:\\\/\\\/www.sempertea.eu\\\/de\\\/shop\\\/\"},{\"@type\":\"ListItem\",\"position\":3,\"name\":\"GREEN GINGER LEMON Biotee I Loser Tee im Papier Beutel\"}]},{\"@type\":\"WebSite\",\"@id\":\"https:\\\/\\\/www.sempertea.eu\\\/#website\",\"url\":\"https:\\\/\\\/www.sempertea.eu\\\/\",\"name\":\"Semper Tea | Mayorista y fabricante de T\u00e9s e Infusiones para hoteles, restaurantes y bares\",\"description\":\"T\u00e9s e infusiones para hosteler\u00eda, hoteler\u00eda y comercio\",\"potentialAction\":[{\"@type\":\"SearchAction\",\"target\":{\"@type\":\"EntryPoint\",\"urlTemplate\":\"https:\\\/\\\/www.sempertea.eu\\\/?s={search_term_string}\"},\"query-input\":{\"@type\":\"PropertyValueSpecification\",\"valueRequired\":true,\"valueName\":\"search_term_string\"}}],\"inLanguage\":\"de\"}]}<\/script>\n<!-- \/ Yoast SEO Premium plugin. -->","yoast_head_json":{"title":"Gr\u00fcner Tee mit Ingwer und Zitrone I W\u00fcrzig und Belebend I 100% Bio","description":"Bio Gr\u00fcnteebl\u00e4tter die mild mit Ingwer und Zitrone aromatisiert sind. Ein wunderbar belebender Tee, den wir Ihnen gerne nach Hause liefern.","robots":{"index":"index","follow":"follow","max-snippet":"max-snippet:-1","max-image-preview":"max-image-preview:large","max-video-preview":"max-video-preview:-1"},"canonical":"https:\/\/www.sempertea.eu\/de\/Produkte\/biotee-gruener-tee-mit-ingwer-zitrone-wuerzig\/","og_locale":"de_DE","og_type":"article","og_title":"GREEN GINGER LEMON Biotee I Loser Tee im Papier Beutel","og_description":"Bio Gr\u00fcnteebl\u00e4tter die mild mit Ingwer und Zitrone aromatisiert sind. Ein wunderbar belebender Tee, den wir Ihnen gerne nach Hause liefern.","og_url":"https:\/\/www.sempertea.eu\/de\/Produkte\/biotee-gruener-tee-mit-ingwer-zitrone-wuerzig\/","og_site_name":"Semper Tea | Mayorista y fabricante de T\u00e9s e Infusiones para hoteles, restaurantes y bares","article_modified_time":"2025-07-19T13:40:31+00:00","og_image":[{"url":"https:\/\/www.sempertea.eu\/wp-content\/uploads\/2021\/08\/te-verde-con-jengibre-y-limon-semper-tea.jpg","type":"","width":"","height":""}],"twitter_card":"summary_large_image","twitter_image":"https:\/\/www.sempertea.eu\/wp-content\/uploads\/2021\/08\/te-verde-con-jengibre-y-limon-semper-tea.jpg","twitter_misc":{"Gesch\u00e4tzte Lesezeit":"1\u00a0Minute"},"schema":{"@context":"https:\/\/schema.org","@graph":[{"@type":"WebPage","@id":"https:\/\/www.sempertea.eu\/de\/Produkte\/biotee-gruener-tee-mit-ingwer-zitrone-wuerzig\/","url":"https:\/\/www.sempertea.eu\/de\/Produkte\/biotee-gruener-tee-mit-ingwer-zitrone-wuerzig\/","name":"Gr\u00fcner Tee mit Ingwer und Zitrone I W\u00fcrzig und Belebend I 100% Bio","isPartOf":{"@id":"https:\/\/www.sempertea.eu\/#website"},"primaryImageOfPage":{"@id":"https:\/\/www.sempertea.eu\/de\/Produkte\/biotee-gruener-tee-mit-ingwer-zitrone-wuerzig\/#primaryimage"},"image":{"@id":"https:\/\/www.sempertea.eu\/de\/Produkte\/biotee-gruener-tee-mit-ingwer-zitrone-wuerzig\/#primaryimage"},"thumbnailUrl":"https:\/\/www.sempertea.eu\/wp-content\/uploads\/2025\/06\/te-verde-jengibre-limon-granel-citrico-refrescante-semper-tea.jpg","datePublished":"2021-08-06T07:55:48+00:00","dateModified":"2025-07-19T13:40:31+00:00","description":"Bio Gr\u00fcnteebl\u00e4tter die mild mit Ingwer und Zitrone aromatisiert sind. Ein wunderbar belebender Tee, den wir Ihnen gerne nach Hause liefern.","breadcrumb":{"@id":"https:\/\/www.sempertea.eu\/de\/Produkte\/biotee-gruener-tee-mit-ingwer-zitrone-wuerzig\/#breadcrumb"},"inLanguage":"de","potentialAction":[{"@type":"ReadAction","target":["https:\/\/www.sempertea.eu\/de\/Produkte\/biotee-gruener-tee-mit-ingwer-zitrone-wuerzig\/"]}]},{"@type":"ImageObject","inLanguage":"de","@id":"https:\/\/www.sempertea.eu\/de\/Produkte\/biotee-gruener-tee-mit-ingwer-zitrone-wuerzig\/#primaryimage","url":"https:\/\/www.sempertea.eu\/wp-content\/uploads\/2025\/06\/te-verde-jengibre-limon-granel-citrico-refrescante-semper-tea.jpg","contentUrl":"https:\/\/www.sempertea.eu\/wp-content\/uploads\/2025\/06\/te-verde-jengibre-limon-granel-citrico-refrescante-semper-tea.jpg","width":598,"height":598,"caption":"te verde jengibre limon granel citrico refrescante semper tea"},{"@type":"BreadcrumbList","@id":"https:\/\/www.sempertea.eu\/de\/Produkte\/biotee-gruener-tee-mit-ingwer-zitrone-wuerzig\/#breadcrumb","itemListElement":[{"@type":"ListItem","position":1,"name":"Portada","item":"https:\/\/www.sempertea.eu\/de\/"},{"@type":"ListItem","position":2,"name":"Shop","item":"https:\/\/www.sempertea.eu\/de\/shop\/"},{"@type":"ListItem","position":3,"name":"GREEN GINGER LEMON Biotee I Loser Tee im Papier Beutel"}]},{"@type":"WebSite","@id":"https:\/\/www.sempertea.eu\/#website","url":"https:\/\/www.sempertea.eu\/","name":"Semper Tea | Mayorista y fabricante de T\u00e9s e Infusiones para hoteles, restaurantes y bares","description":"T\u00e9s e infusiones para hosteler\u00eda, hoteler\u00eda y comercio","potentialAction":[{"@type":"SearchAction","target":{"@type":"EntryPoint","urlTemplate":"https:\/\/www.sempertea.eu\/?s={search_term_string}"},"query-input":{"@type":"PropertyValueSpecification","valueRequired":true,"valueName":"search_term_string"}}],"inLanguage":"de"}]}},"_links":{"self":[{"href":"https:\/\/www.sempertea.eu\/de\/wp-json\/wp\/v2\/product\/5401","targetHints":{"allow":["GET"]}}],"collection":[{"href":"https:\/\/www.sempertea.eu\/de\/wp-json\/wp\/v2\/product"}],"about":[{"href":"https:\/\/www.sempertea.eu\/de\/wp-json\/wp\/v2\/types\/product"}],"replies":[{"embeddable":true,"href":"https:\/\/www.sempertea.eu\/de\/wp-json\/wp\/v2\/comments?post=5401"}],"wp:featuredmedia":[{"embeddable":true,"href":"https:\/\/www.sempertea.eu\/de\/wp-json\/wp\/v2\/media\/16163"}],"wp:attachment":[{"href":"https:\/\/www.sempertea.eu\/de\/wp-json\/wp\/v2\/media?parent=5401"}],"wp:term":[{"taxonomy":"product_brand","embeddable":true,"href":"https:\/\/www.sempertea.eu\/de\/wp-json\/wp\/v2\/product_brand?post=5401"},{"taxonomy":"product_cat","embeddable":true,"href":"https:\/\/www.sempertea.eu\/de\/wp-json\/wp\/v2\/product_cat?post=5401"},{"taxonomy":"product_tag","embeddable":true,"href":"https:\/\/www.sempertea.eu\/de\/wp-json\/wp\/v2\/product_tag?post=5401"}],"curies":[{"name":"wp","href":"https:\/\/api.w.org\/{rel}","templated":true}]}}