{"id":5400,"date":"2021-08-06T10:31:45","date_gmt":"2021-08-06T09:31:45","guid":{"rendered":"https:\/\/www.sempertea.eu\/green-ginger-lemon-bio-tee-i-loser-tee-im-glasroehrchen\/"},"modified":"2023-07-28T18:44:37","modified_gmt":"2023-07-28T17:44:37","slug":"gruener-tee-mit-ingwer-und-zitrone-online-bestellen","status":"publish","type":"product","link":"https:\/\/www.sempertea.eu\/de\/Produkte\/gruener-tee-mit-ingwer-und-zitrone-online-bestellen\/","title":{"rendered":"GREEN GINGER LEMON Biotee I Loser Tee im Reagenzglas"},"content":{"rendered":"<h2>Klassischer Gr\u00fcntee mit Ingwer und Zitrone<\/h2>\n<p>Herzlich willkommen auf unserer Website! Entdecken Sie eine vielf\u00e4ltige Auswahl an hochwertigen Bio-Tees, darunter klassischer Gr\u00fcntee mit belebendem Ingwer und spritziger Zitrone. Tauchen Sie ein in die sorgf\u00e4ltig zusammengestellte Vielfalt, die Ihrem Geschmack entspricht und Ihren Lebensstil bereichert. Genie\u00dfen Sie jeden Schluck unserer nat\u00fcrlichen Mischung und beleben Sie Ihre Sinne.<\/p>\n<h3>Hochwertige Bio-Tees in Reagenzgl\u00e4sern f\u00fcr unvergessliche Geschenke!<\/h3>\n<p>Entdecken Sie unsere hochwertigen Bio-Tees in Reagenzgl\u00e4sern, die sich perfekt als Geschenk f\u00fcr Teeliebhaber eignen oder Neugierige in die Welt des Tees einf\u00fchren. Sie eignen sich auch hervorragend als Geschenk f\u00fcr Hochzeiten, Kommunionen oder Taufen. \u00dcberraschen Sie Ihre G\u00e4ste mit dieser auff\u00e4lligen, modernen und einzigartigen Pr\u00e4sentation!<\/p>\n<h4><strong>Die perfekte Tasse: Tipps f\u00fcr die Zubereitung von bitterfreiem Gr\u00fcntee<\/strong><\/h4>\n<p>Halten Sie sich bei der Zubereitung von gr\u00fcnem Tee an die empfohlene Ziehzeit und Temperatur, um Bitterkeit zu vermeiden. Lassen Sie das Wasser leicht abk\u00fchlen (ca. 80-85 \u00b0C), bevor Sie es zu den Teebl\u00e4ttern geben. Ziehen Sie diese gr\u00fcnen Teesorten drei bis vier Minuten lang. Vertrauen Sie uns, dass wir uns um Sie und unseren Planeten k\u00fcmmern. Kaufen Sie jetzt ein und geben Sie Ihrem Tag Energie mit unserem Bio-Tee mit Zitrone und Ingwer!<\/p>\n","protected":false},"excerpt":{"rendered":"<p><strong>W\u00fcrzig erfrischend und aromatisch<\/strong><\/p>\n<p>Ingwer verleiht diesem wunderbaren Gr\u00fcntee eine leicht w\u00fcrzige Note und die Zitrone erfrischt den Geschmack. Tee mit Koffein, das anregt, ohne aufzuregen. In einer modernen, und originellen Tee-Pr\u00e4sentation in nachhaltiger Verpackung. Das ideale Firmengeschenk oder eine tolle \u0170berraschung f\u00fcr den Teeliebhaber. Jedes Reagenzglas ergibt etwa 6-8 Tassen. Ein sch\u00f6nes und originelles Geschenk f\u00fcr G\u00e4ste oder Kunden.<\/p>\n","protected":false},"featured_media":4252,"comment_status":"open","ping_status":"closed","template":"","meta":[],"product_brand":[],"product_cat":[115,116,114,113,129,124,119,108,131],"product_tag":[],"class_list":{"0":"post-5400","1":"product","2":"type-product","3":"status-publish","4":"has-post-thumbnail","6":"product_cat-alle-de","7":"product_cat-alle-de-2","8":"product_cat-alle","9":"product_cat-biotees-sortiment-online-kaufen","10":"product_cat-crystal-loser-tee-recycle-im-glas-tee-reagenzglas-biotee-nachhaltig","11":"product_cat-teesortiment-formate-packaging-attraktiv-biotees-verpackung","12":"product_cat-grunen-tee-bio-online-bestellen-lose-teubeutel","13":"product_cat-sortiment-tee-packaging-verpackung-attraktiv-biotees-design","14":"product_cat-tee-im-reagenzglas-teegeschenk-geschenk-teeliebhaber-tea-lover","16":"first","17":"instock","18":"shipping-taxable","19":"purchasable","20":"product-type-simple"},"yoast_head":"<!-- This site is optimized with the Yoast SEO Premium plugin v27.3 (Yoast SEO v27.4) - https:\/\/yoast.com\/product\/yoast-seo-premium-wordpress\/ -->\n<title>Gr\u00fcner Tee mit Ingwer und Zitrone BIO | Online bestellen bei Semper Tea<\/title>\n<meta name=\"description\" content=\"Ingwer verleiht diesem wunderbaren Bio Gr\u00fcntee eine leicht pikante Note und die Zitrone erfrischt dezent. Gerne online bei uns bestellen.\" \/>\n<meta name=\"robots\" content=\"index, follow, max-snippet:-1, max-image-preview:large, max-video-preview:-1\" \/>\n<link rel=\"canonical\" href=\"https:\/\/www.sempertea.eu\/Produkte\/comprar-te-verde-con-jengibre-limon-organico\/\" \/>\n<meta property=\"og:locale\" content=\"de_DE\" \/>\n<meta property=\"og:type\" content=\"article\" \/>\n<meta property=\"og:title\" content=\"GREEN GINGER LEMON Biotee I Loser Tee im Reagenzglas\" \/>\n<meta property=\"og:description\" content=\"Ingwer verleiht diesem wunderbaren Bio Gr\u00fcntee eine leicht pikante Note und die Zitrone erfrischt dezent. Gerne online bei uns bestellen.\" \/>\n<meta property=\"og:url\" content=\"https:\/\/www.sempertea.eu\/Produkte\/comprar-te-verde-con-jengibre-limon-organico\/\" \/>\n<meta property=\"og:site_name\" content=\"Semper Tea | Mayorista y fabricante de T\u00e9s e Infusiones para hoteles, restaurantes y bares\" \/>\n<meta property=\"article:modified_time\" content=\"2023-07-28T17:44:37+00:00\" \/>\n<meta property=\"og:image\" content=\"https:\/\/www.sempertea.eu\/wp-content\/uploads\/2021\/08\/comprar-te-verde-con-jengibre-y-limon-organico-entrega-rapida-semper-tea.jpg\" \/>\n<meta name=\"twitter:card\" content=\"summary_large_image\" \/>\n<meta name=\"twitter:image\" content=\"https:\/\/www.sempertea.eu\/wp-content\/uploads\/2021\/08\/comprar-te-verde-con-jengibre-y-limon-organico-entrega-rapida-semper-tea.jpg\" \/>\n<meta name=\"twitter:label1\" content=\"Gesch\u00e4tzte Lesezeit\" \/>\n\t<meta name=\"twitter:data1\" content=\"1\u00a0Minute\" \/>\n<script type=\"application\/ld+json\" class=\"yoast-schema-graph\">{\"@context\":\"https:\\\/\\\/schema.org\",\"@graph\":[{\"@type\":\"WebPage\",\"@id\":\"https:\\\/\\\/www.sempertea.eu\\\/Produkte\\\/comprar-te-verde-con-jengibre-limon-organico\\\/\",\"url\":\"https:\\\/\\\/www.sempertea.eu\\\/Produkte\\\/comprar-te-verde-con-jengibre-limon-organico\\\/\",\"name\":\"Gr\u00fcner Tee mit Ingwer und Zitrone BIO | Online bestellen bei Semper Tea\",\"isPartOf\":{\"@id\":\"https:\\\/\\\/www.sempertea.eu\\\/#website\"},\"primaryImageOfPage\":{\"@id\":\"https:\\\/\\\/www.sempertea.eu\\\/Produkte\\\/comprar-te-verde-con-jengibre-limon-organico\\\/#primaryimage\"},\"image\":{\"@id\":\"https:\\\/\\\/www.sempertea.eu\\\/Produkte\\\/comprar-te-verde-con-jengibre-limon-organico\\\/#primaryimage\"},\"thumbnailUrl\":\"https:\\\/\\\/www.sempertea.eu\\\/wp-content\\\/uploads\\\/2021\\\/08\\\/comprar-te-verde-con-jengibre-y-limon-organico-entrega-rapida-semper-tea.jpg\",\"datePublished\":\"2021-08-06T09:31:45+00:00\",\"dateModified\":\"2023-07-28T17:44:37+00:00\",\"description\":\"Ingwer verleiht diesem wunderbaren Bio Gr\u00fcntee eine leicht pikante Note und die Zitrone erfrischt dezent. Gerne online bei uns bestellen.\",\"breadcrumb\":{\"@id\":\"https:\\\/\\\/www.sempertea.eu\\\/Produkte\\\/comprar-te-verde-con-jengibre-limon-organico\\\/#breadcrumb\"},\"inLanguage\":\"de\",\"potentialAction\":[{\"@type\":\"ReadAction\",\"target\":[\"https:\\\/\\\/www.sempertea.eu\\\/Produkte\\\/comprar-te-verde-con-jengibre-limon-organico\\\/\"]}]},{\"@type\":\"ImageObject\",\"inLanguage\":\"de\",\"@id\":\"https:\\\/\\\/www.sempertea.eu\\\/Produkte\\\/comprar-te-verde-con-jengibre-limon-organico\\\/#primaryimage\",\"url\":\"https:\\\/\\\/www.sempertea.eu\\\/wp-content\\\/uploads\\\/2021\\\/08\\\/comprar-te-verde-con-jengibre-y-limon-organico-entrega-rapida-semper-tea.jpg\",\"contentUrl\":\"https:\\\/\\\/www.sempertea.eu\\\/wp-content\\\/uploads\\\/2021\\\/08\\\/comprar-te-verde-con-jengibre-y-limon-organico-entrega-rapida-semper-tea.jpg\",\"width\":1000,\"height\":1000,\"caption\":\"Comprar TE VERDE con JENGIBRE y LIMoN organico | Entrega Rapida\"},{\"@type\":\"BreadcrumbList\",\"@id\":\"https:\\\/\\\/www.sempertea.eu\\\/Produkte\\\/comprar-te-verde-con-jengibre-limon-organico\\\/#breadcrumb\",\"itemListElement\":[{\"@type\":\"ListItem\",\"position\":1,\"name\":\"Portada\",\"item\":\"https:\\\/\\\/www.sempertea.eu\\\/de\\\/\"},{\"@type\":\"ListItem\",\"position\":2,\"name\":\"Shop\",\"item\":\"https:\\\/\\\/www.sempertea.eu\\\/de\\\/shop\\\/\"},{\"@type\":\"ListItem\",\"position\":3,\"name\":\"GREEN GINGER LEMON Biotee I Loser Tee im Reagenzglas\"}]},{\"@type\":\"WebSite\",\"@id\":\"https:\\\/\\\/www.sempertea.eu\\\/#website\",\"url\":\"https:\\\/\\\/www.sempertea.eu\\\/\",\"name\":\"Semper Tea | Mayorista y fabricante de T\u00e9s e Infusiones para hoteles, restaurantes y bares\",\"description\":\"T\u00e9s e infusiones para hosteler\u00eda, hoteler\u00eda y comercio\",\"potentialAction\":[{\"@type\":\"SearchAction\",\"target\":{\"@type\":\"EntryPoint\",\"urlTemplate\":\"https:\\\/\\\/www.sempertea.eu\\\/?s={search_term_string}\"},\"query-input\":{\"@type\":\"PropertyValueSpecification\",\"valueRequired\":true,\"valueName\":\"search_term_string\"}}],\"inLanguage\":\"de\"}]}<\/script>\n<!-- \/ Yoast SEO Premium plugin. -->","yoast_head_json":{"title":"Gr\u00fcner Tee mit Ingwer und Zitrone BIO | Online bestellen bei Semper Tea","description":"Ingwer verleiht diesem wunderbaren Bio Gr\u00fcntee eine leicht pikante Note und die Zitrone erfrischt dezent. Gerne online bei uns bestellen.","robots":{"index":"index","follow":"follow","max-snippet":"max-snippet:-1","max-image-preview":"max-image-preview:large","max-video-preview":"max-video-preview:-1"},"canonical":"https:\/\/www.sempertea.eu\/Produkte\/comprar-te-verde-con-jengibre-limon-organico\/","og_locale":"de_DE","og_type":"article","og_title":"GREEN GINGER LEMON Biotee I Loser Tee im Reagenzglas","og_description":"Ingwer verleiht diesem wunderbaren Bio Gr\u00fcntee eine leicht pikante Note und die Zitrone erfrischt dezent. Gerne online bei uns bestellen.","og_url":"https:\/\/www.sempertea.eu\/Produkte\/comprar-te-verde-con-jengibre-limon-organico\/","og_site_name":"Semper Tea | Mayorista y fabricante de T\u00e9s e Infusiones para hoteles, restaurantes y bares","article_modified_time":"2023-07-28T17:44:37+00:00","og_image":[{"url":"https:\/\/www.sempertea.eu\/wp-content\/uploads\/2021\/08\/comprar-te-verde-con-jengibre-y-limon-organico-entrega-rapida-semper-tea.jpg","type":"","width":"","height":""}],"twitter_card":"summary_large_image","twitter_image":"https:\/\/www.sempertea.eu\/wp-content\/uploads\/2021\/08\/comprar-te-verde-con-jengibre-y-limon-organico-entrega-rapida-semper-tea.jpg","twitter_misc":{"Gesch\u00e4tzte Lesezeit":"1\u00a0Minute"},"schema":{"@context":"https:\/\/schema.org","@graph":[{"@type":"WebPage","@id":"https:\/\/www.sempertea.eu\/Produkte\/comprar-te-verde-con-jengibre-limon-organico\/","url":"https:\/\/www.sempertea.eu\/Produkte\/comprar-te-verde-con-jengibre-limon-organico\/","name":"Gr\u00fcner Tee mit Ingwer und Zitrone BIO | Online bestellen bei Semper Tea","isPartOf":{"@id":"https:\/\/www.sempertea.eu\/#website"},"primaryImageOfPage":{"@id":"https:\/\/www.sempertea.eu\/Produkte\/comprar-te-verde-con-jengibre-limon-organico\/#primaryimage"},"image":{"@id":"https:\/\/www.sempertea.eu\/Produkte\/comprar-te-verde-con-jengibre-limon-organico\/#primaryimage"},"thumbnailUrl":"https:\/\/www.sempertea.eu\/wp-content\/uploads\/2021\/08\/comprar-te-verde-con-jengibre-y-limon-organico-entrega-rapida-semper-tea.jpg","datePublished":"2021-08-06T09:31:45+00:00","dateModified":"2023-07-28T17:44:37+00:00","description":"Ingwer verleiht diesem wunderbaren Bio Gr\u00fcntee eine leicht pikante Note und die Zitrone erfrischt dezent. Gerne online bei uns bestellen.","breadcrumb":{"@id":"https:\/\/www.sempertea.eu\/Produkte\/comprar-te-verde-con-jengibre-limon-organico\/#breadcrumb"},"inLanguage":"de","potentialAction":[{"@type":"ReadAction","target":["https:\/\/www.sempertea.eu\/Produkte\/comprar-te-verde-con-jengibre-limon-organico\/"]}]},{"@type":"ImageObject","inLanguage":"de","@id":"https:\/\/www.sempertea.eu\/Produkte\/comprar-te-verde-con-jengibre-limon-organico\/#primaryimage","url":"https:\/\/www.sempertea.eu\/wp-content\/uploads\/2021\/08\/comprar-te-verde-con-jengibre-y-limon-organico-entrega-rapida-semper-tea.jpg","contentUrl":"https:\/\/www.sempertea.eu\/wp-content\/uploads\/2021\/08\/comprar-te-verde-con-jengibre-y-limon-organico-entrega-rapida-semper-tea.jpg","width":1000,"height":1000,"caption":"Comprar TE VERDE con JENGIBRE y LIMoN organico | Entrega Rapida"},{"@type":"BreadcrumbList","@id":"https:\/\/www.sempertea.eu\/Produkte\/comprar-te-verde-con-jengibre-limon-organico\/#breadcrumb","itemListElement":[{"@type":"ListItem","position":1,"name":"Portada","item":"https:\/\/www.sempertea.eu\/de\/"},{"@type":"ListItem","position":2,"name":"Shop","item":"https:\/\/www.sempertea.eu\/de\/shop\/"},{"@type":"ListItem","position":3,"name":"GREEN GINGER LEMON Biotee I Loser Tee im Reagenzglas"}]},{"@type":"WebSite","@id":"https:\/\/www.sempertea.eu\/#website","url":"https:\/\/www.sempertea.eu\/","name":"Semper Tea | Mayorista y fabricante de T\u00e9s e Infusiones para hoteles, restaurantes y bares","description":"T\u00e9s e infusiones para hosteler\u00eda, hoteler\u00eda y comercio","potentialAction":[{"@type":"SearchAction","target":{"@type":"EntryPoint","urlTemplate":"https:\/\/www.sempertea.eu\/?s={search_term_string}"},"query-input":{"@type":"PropertyValueSpecification","valueRequired":true,"valueName":"search_term_string"}}],"inLanguage":"de"}]}},"_links":{"self":[{"href":"https:\/\/www.sempertea.eu\/de\/wp-json\/wp\/v2\/product\/5400","targetHints":{"allow":["GET"]}}],"collection":[{"href":"https:\/\/www.sempertea.eu\/de\/wp-json\/wp\/v2\/product"}],"about":[{"href":"https:\/\/www.sempertea.eu\/de\/wp-json\/wp\/v2\/types\/product"}],"replies":[{"embeddable":true,"href":"https:\/\/www.sempertea.eu\/de\/wp-json\/wp\/v2\/comments?post=5400"}],"wp:featuredmedia":[{"embeddable":true,"href":"https:\/\/www.sempertea.eu\/de\/wp-json\/wp\/v2\/media\/4252"}],"wp:attachment":[{"href":"https:\/\/www.sempertea.eu\/de\/wp-json\/wp\/v2\/media?parent=5400"}],"wp:term":[{"taxonomy":"product_brand","embeddable":true,"href":"https:\/\/www.sempertea.eu\/de\/wp-json\/wp\/v2\/product_brand?post=5400"},{"taxonomy":"product_cat","embeddable":true,"href":"https:\/\/www.sempertea.eu\/de\/wp-json\/wp\/v2\/product_cat?post=5400"},{"taxonomy":"product_tag","embeddable":true,"href":"https:\/\/www.sempertea.eu\/de\/wp-json\/wp\/v2\/product_tag?post=5400"}],"curies":[{"name":"wp","href":"https:\/\/api.w.org\/{rel}","templated":true}]}}